{"id":10971,"date":"2024-01-17T16:39:39","date_gmt":"2024-01-17T16:39:39","guid":{"rendered":"https:\/\/www.safinel.fr\/?post_type=product&#038;p=10971"},"modified":"2025-11-30T21:10:01","modified_gmt":"2025-11-30T21:10:01","slug":"softwave-cabelo","status":"publish","type":"product","link":"https:\/\/www.safinel.fr\/pt\/product-2\/softwave-cabelo\/","title":{"rendered":"Softwave (Produto africano para cabelos crespos)"},"content":{"rendered":"<p>Sempre sonhou em ter um cabelo lindo, encaracolado ou ondulado? Est\u00e1 farto do frizz persistente e quer ter um cabelo macio e brilhante? A resposta para os seus problemas capilares pode estar num produto africano para cabelos ondulados. Neste artigo, apresentamos as vantagens desta solu\u00e7\u00e3o inovadora e eficaz para obter\u00a0<strong>ondas suaves<\/strong>\u00a0perfeitos.<\/p>\n<h2><strong>Produtos africanos para ondular o cabelo: uma inova\u00e7\u00e3o tecnol\u00f3gica<\/strong><\/h2>\n<p>O uso de produtos capilares de origem africana remonta a s\u00e9culos, mas s\u00f3 recentemente \u00e9 que a sua utiliza\u00e7\u00e3o foi adaptada ao resto do mundo, gra\u00e7as aos progressos da\u00a0<strong>tecnologia<\/strong>. Entre eles, o produto africano \u00abwave\u00bb, que d\u00e1 ao cabelo uma textura ondulada natural, tamb\u00e9m chamada de softwaves.<\/p>\n<h3><strong>Uma composi\u00e7\u00e3o natural que respeita a fibra capilar<\/strong><\/h3>\n<p>Os produtos africanos para ondular o cabelo s\u00e3o geralmente compostos por ingredientes naturais, como \u00f3leos vegetais, manteiga de karit\u00e9, cera de abelha e extratos de plantas. Esses elementos t\u00eam a particularidade de serem muito ben\u00e9ficos para o cabelo, pois nutrem-no profundamente e protegem-no das agress\u00f5es externas. Al\u00e9m disso, a sua utiliza\u00e7\u00e3o limita os riscos de alergias e efeitos secund\u00e1rios indesej\u00e1veis.<\/p>\n<h3><strong>Uma aplica\u00e7\u00e3o simples para um resultado r\u00e1pido<\/strong><\/h3>\n<p>A outra grande vantagem dos produtos africanos para cabelos cacheados \u00e9, sem d\u00favida, a facilidade de uso. Pode aplicar este tipo de produto no cabelo h\u00famido ou seco, de acordo com as instru\u00e7\u00f5es fornecidas. O processo \u00e9 geralmente bastante r\u00e1pido (de alguns minutos a meia hora), bastando deixar o cabelo secar naturalmente ou usar um secador para obter um resultado ideal. Depois de secar o cabelo, est\u00e1 pronta para exibir o seu novo penteado.\u00a0<strong>softwave<\/strong>.<\/p>\n<h2><strong>Os benef\u00edcios das ondas suaves obtidas com os produtos africanos para cabelos ondulados<\/strong><\/h2>\n<p>Optar por um produto africano para cabelos cacheados para obter ondas suaves apresenta v\u00e1rias vantagens:<\/p>\n<ol>\n<li><strong>Redesenhe naturalmente a forma do seu cabelo:<\/strong>\u00a0Ao contr\u00e1rio dos alisadores, ferros de ondular e outros aparelhos t\u00e9rmicos que podem danificar seriamente o cabelo se forem usados com demasiada frequ\u00eancia, estes produtos respeitam a fibra capilar, criando ondas naturais. Por isso, s\u00e3o ideais para pessoas com cabelos finos, fr\u00e1geis ou sens\u00edveis.<\/li>\n<li><strong>Nutra e repare o seu cabelo:<\/strong>\u00a0Como mencionado anteriormente, os ingredientes naturais que comp\u00f5em estes produtos atuam em profundidade para fornecer ao seu cabelo os nutrientes de que ele necessita. Assim, o seu cabelo fica mais forte, brilhante e com uma apar\u00eancia saud\u00e1vel.<\/li>\n<li><strong>Um controlo eficaz do cabelo frisado:<\/strong>\u00a0As ondas suaves obtidas com a utiliza\u00e7\u00e3o de um produto africano para cabelos ondulados permitem domar eficazmente o frizz, mesmo nas condi\u00e7\u00f5es mais h\u00famidas. Isto proporciona-lhe um penteado limpo e cuidado ao longo de todo o dia.<\/li>\n<\/ol>\n<h2><strong>Crit\u00e9rios a ter em conta ao escolher o seu produto africano para cabelos crespos<\/strong><\/h2>\n<p>Para selecionar o produto africano para cabelos ondulados adequado \u00e0s suas necessidades, considere os seguintes elementos:<\/p>\n<ul>\n<li><strong>A composi\u00e7\u00e3o:<\/strong>\u00a0Certifique-se de que o produto cont\u00e9m principalmente ingredientes naturais que respeitam a fibra capilar.<\/li>\n<li><strong>O tipo de cabelo:<\/strong>\u00a0Alguns produtos funcionam melhor em cabelos grossos ou crespos. Por isso, verifique se o produto \u00e9 adequado para o tipo de cabelo que pretende tratar.<\/li>\n<li><strong>Tempo de exposi\u00e7\u00e3o:<\/strong>\u00a0Certifique-se de escolher um produto de aplica\u00e7\u00e3o r\u00e1pida se estiver com pressa ou se quiser fazer ondas suaves rapidamente antes de uma festa ou evento importante.<\/li>\n<li><strong>O pre\u00e7o:<\/strong>\u00a0Como em qualquer compra, \u00e9 importante encontrar o equil\u00edbrio certo entre qualidade e pre\u00e7o. Esteja ciente de que um produto barato pode ser menos eficaz, mas tamb\u00e9m que um produto muito caro n\u00e3o ser\u00e1 necessariamente melhor para o seu cabelo.<\/li>\n<\/ul>\n<p>Em suma, os produtos africanos para cabelos cacheados s\u00e3o uma solu\u00e7\u00e3o eficaz e inovadora para obter ondas suaves sem danificar a fibra capilar. A sua utiliza\u00e7\u00e3o apresenta in\u00fameras vantagens, tanto em termos est\u00e9ticos como para a sa\u00fade do seu cabelo. N\u00e3o hesite em obter mais informa\u00e7\u00f5es e experimentar por si mesma estes produtos milagrosos!<\/p>","protected":false},"excerpt":{"rendered":"<p><img decoding=\"async\" class=\"size-full wp-image-5091 aligncenter\" src=\"https:\/\/www.safinel.fr\/wp-content\/uploads\/2021\/06\/BANNIERE-ICONE-SAFINEL.webp\" alt=\"resseguro satinado\" width=\"800\" height=\"200\" srcset=\"https:\/\/www.safinel.fr\/wp-content\/uploads\/2021\/06\/BANNIERE-ICONE-SAFINEL.webp 800w, https:\/\/www.safinel.fr\/wp-content\/uploads\/2021\/06\/BANNIERE-ICONE-SAFINEL-600x150.webp 600w, https:\/\/www.safinel.fr\/wp-content\/uploads\/2021\/06\/BANNIERE-ICONE-SAFINEL-768x192.webp 768w\" sizes=\"(max-width: 800px) 100vw, 800px\" \/><\/p>","protected":false},"featured_media":10973,"template":"","meta":[],"product_brand":[],"product_cat":[146],"product_tag":[],"class_list":{"0":"post-10971","1":"product","2":"type-product","3":"status-publish","4":"has-post-thumbnail","6":"product_cat-produit-cheveux","8":"first","9":"outofstock","10":"shipping-taxable","11":"purchasable","12":"product-type-simple"},"yoast_head":"<!-- This site is optimized with the Yoast SEO plugin v26.6 - https:\/\/yoast.com\/wordpress\/plugins\/seo\/ -->\n<title>Softwave | Produit africain wave cheveux | Bienfaits nombreux<\/title>\n<meta name=\"description\" content=\"Vous avez toujours r\u00eav\u00e9 d&#039;avoir des cheveux magnifiques, boucl\u00e9s ou ondul\u00e9s\u00a0? D\u00e9couvrez Softwave, le produit africain wave cheveux.\" \/>\n<meta name=\"robots\" content=\"index, follow, max-snippet:-1, max-image-preview:large, max-video-preview:-1\" \/>\n<link rel=\"canonical\" href=\"https:\/\/www.safinel.fr\/pt\/product-2\/softwave-cabelo\/\" \/>\n<meta property=\"og:locale\" content=\"pt_PT\" \/>\n<meta property=\"og:type\" content=\"article\" \/>\n<meta property=\"og:title\" content=\"Softwave | Produit africain wave cheveux | Bienfaits nombreux\" \/>\n<meta property=\"og:description\" content=\"Vous avez toujours r\u00eav\u00e9 d&#039;avoir des cheveux magnifiques, boucl\u00e9s ou ondul\u00e9s\u00a0? D\u00e9couvrez Softwave, le produit africain wave cheveux.\" \/>\n<meta property=\"og:url\" content=\"https:\/\/www.safinel.fr\/pt\/product-2\/softwave-cabelo\/\" \/>\n<meta property=\"og:site_name\" content=\"Safinel\" \/>\n<meta property=\"article:modified_time\" content=\"2025-11-30T21:10:01+00:00\" \/>\n<meta property=\"og:image\" content=\"https:\/\/www.safinel.fr\/wp-content\/uploads\/2024\/01\/Softwave-Produit-africain-wave-cheveux.jpg\" \/>\n\t<meta property=\"og:image:width\" content=\"600\" \/>\n\t<meta property=\"og:image:height\" content=\"600\" \/>\n\t<meta property=\"og:image:type\" content=\"image\/jpeg\" \/>\n<meta name=\"twitter:card\" content=\"summary_large_image\" \/>\n<meta name=\"twitter:label1\" content=\"Tempo estimado de leitura\" \/>\n\t<meta name=\"twitter:data1\" content=\"3 minutos\" \/>\n<script type=\"application\/ld+json\" class=\"yoast-schema-graph\">{\"@context\":\"https:\/\/schema.org\",\"@graph\":[{\"@type\":\"WebPage\",\"@id\":\"https:\/\/www.safinel.fr\/produit\/softwave-cheveux\/\",\"url\":\"https:\/\/www.safinel.fr\/produit\/softwave-cheveux\/\",\"name\":\"Softwave | Produit africain wave cheveux | Bienfaits nombreux\",\"isPartOf\":{\"@id\":\"https:\/\/www.safinel.fr\/#website\"},\"primaryImageOfPage\":{\"@id\":\"https:\/\/www.safinel.fr\/produit\/softwave-cheveux\/#primaryimage\"},\"image\":{\"@id\":\"https:\/\/www.safinel.fr\/produit\/softwave-cheveux\/#primaryimage\"},\"thumbnailUrl\":\"https:\/\/www.safinel.fr\/wp-content\/uploads\/2024\/01\/Softwave-Produit-africain-wave-cheveux.jpg\",\"datePublished\":\"2024-01-17T16:39:39+00:00\",\"dateModified\":\"2025-11-30T21:10:01+00:00\",\"description\":\"Vous avez toujours r\u00eav\u00e9 d'avoir des cheveux magnifiques, boucl\u00e9s ou ondul\u00e9s\u00a0? D\u00e9couvrez Softwave, le produit africain wave cheveux.\",\"breadcrumb\":{\"@id\":\"https:\/\/www.safinel.fr\/produit\/softwave-cheveux\/#breadcrumb\"},\"inLanguage\":\"pt-PT\",\"potentialAction\":[{\"@type\":\"ReadAction\",\"target\":[\"https:\/\/www.safinel.fr\/produit\/softwave-cheveux\/\"]}]},{\"@type\":\"ImageObject\",\"inLanguage\":\"pt-PT\",\"@id\":\"https:\/\/www.safinel.fr\/produit\/softwave-cheveux\/#primaryimage\",\"url\":\"https:\/\/www.safinel.fr\/wp-content\/uploads\/2024\/01\/Softwave-Produit-africain-wave-cheveux.jpg\",\"contentUrl\":\"https:\/\/www.safinel.fr\/wp-content\/uploads\/2024\/01\/Softwave-Produit-africain-wave-cheveux.jpg\",\"width\":600,\"height\":600,\"caption\":\"Softwave (Produit africain wave cheveux)\"},{\"@type\":\"BreadcrumbList\",\"@id\":\"https:\/\/www.safinel.fr\/produit\/softwave-cheveux\/#breadcrumb\",\"itemListElement\":[{\"@type\":\"ListItem\",\"position\":1,\"name\":\"Accueil\",\"item\":\"https:\/\/www.safinel.fr\/\"},{\"@type\":\"ListItem\",\"position\":2,\"name\":\"Boutique\",\"item\":\"https:\/\/www.safinel.fr\/boutique\/\"},{\"@type\":\"ListItem\",\"position\":3,\"name\":\"Softwave (Produit africain wave cheveux)\"}]},{\"@type\":\"WebSite\",\"@id\":\"https:\/\/www.safinel.fr\/#website\",\"url\":\"https:\/\/www.safinel.fr\/\",\"name\":\"Safinel\",\"description\":\"\",\"publisher\":{\"@id\":\"https:\/\/www.safinel.fr\/#organization\"},\"potentialAction\":[{\"@type\":\"SearchAction\",\"target\":{\"@type\":\"EntryPoint\",\"urlTemplate\":\"https:\/\/www.safinel.fr\/?s={search_term_string}\"},\"query-input\":{\"@type\":\"PropertyValueSpecification\",\"valueRequired\":true,\"valueName\":\"search_term_string\"}}],\"inLanguage\":\"pt-PT\"},{\"@type\":\"Organization\",\"@id\":\"https:\/\/www.safinel.fr\/#organization\",\"name\":\"Safinel\",\"url\":\"https:\/\/www.safinel.fr\/\",\"logo\":{\"@type\":\"ImageObject\",\"inLanguage\":\"pt-PT\",\"@id\":\"https:\/\/www.safinel.fr\/#\/schema\/logo\/image\/\",\"url\":\"https:\/\/www.safinel.fr\/wp-content\/uploads\/2021\/05\/boutique-cosmetique.png\",\"contentUrl\":\"https:\/\/www.safinel.fr\/wp-content\/uploads\/2021\/05\/boutique-cosmetique.png\",\"width\":800,\"height\":200,\"caption\":\"Safinel\"},\"image\":{\"@id\":\"https:\/\/www.safinel.fr\/#\/schema\/logo\/image\/\"}}]}<\/script>\n<!-- \/ Yoast SEO plugin. -->","yoast_head_json":{"title":"Softwave | Produto africano para cabelos crespos | In\u00fameros benef\u00edcios","description":"Sempre sonhou em ter cabelos lindos, cacheados ou ondulados? Descubra Softwave, o produto africano para cabelos ondulados.","robots":{"index":"index","follow":"follow","max-snippet":"max-snippet:-1","max-image-preview":"max-image-preview:large","max-video-preview":"max-video-preview:-1"},"canonical":"https:\/\/www.safinel.fr\/pt\/product-2\/softwave-cabelo\/","og_locale":"pt_PT","og_type":"article","og_title":"Softwave | Produit africain wave cheveux | Bienfaits nombreux","og_description":"Vous avez toujours r\u00eav\u00e9 d'avoir des cheveux magnifiques, boucl\u00e9s ou ondul\u00e9s\u00a0? D\u00e9couvrez Softwave, le produit africain wave cheveux.","og_url":"https:\/\/www.safinel.fr\/pt\/product-2\/softwave-cabelo\/","og_site_name":"Safinel","article_modified_time":"2025-11-30T21:10:01+00:00","og_image":[{"width":600,"height":600,"url":"https:\/\/www.safinel.fr\/wp-content\/uploads\/2024\/01\/Softwave-Produit-africain-wave-cheveux.jpg","type":"image\/jpeg"}],"twitter_card":"summary_large_image","twitter_misc":{"Tempo estimado de leitura":"3 minutos"},"schema":{"@context":"https:\/\/schema.org","@graph":[{"@type":"WebPage","@id":"https:\/\/www.safinel.fr\/produit\/softwave-cheveux\/","url":"https:\/\/www.safinel.fr\/produit\/softwave-cheveux\/","name":"Softwave | Produto africano para cabelos crespos | In\u00fameros benef\u00edcios","isPartOf":{"@id":"https:\/\/www.safinel.fr\/#website"},"primaryImageOfPage":{"@id":"https:\/\/www.safinel.fr\/produit\/softwave-cheveux\/#primaryimage"},"image":{"@id":"https:\/\/www.safinel.fr\/produit\/softwave-cheveux\/#primaryimage"},"thumbnailUrl":"https:\/\/www.safinel.fr\/wp-content\/uploads\/2024\/01\/Softwave-Produit-africain-wave-cheveux.jpg","datePublished":"2024-01-17T16:39:39+00:00","dateModified":"2025-11-30T21:10:01+00:00","description":"Sempre sonhou em ter cabelos lindos, cacheados ou ondulados? Descubra Softwave, o produto africano para cabelos ondulados.","breadcrumb":{"@id":"https:\/\/www.safinel.fr\/produit\/softwave-cheveux\/#breadcrumb"},"inLanguage":"pt-PT","potentialAction":[{"@type":"ReadAction","target":["https:\/\/www.safinel.fr\/produit\/softwave-cheveux\/"]}]},{"@type":"ImageObject","inLanguage":"pt-PT","@id":"https:\/\/www.safinel.fr\/produit\/softwave-cheveux\/#primaryimage","url":"https:\/\/www.safinel.fr\/wp-content\/uploads\/2024\/01\/Softwave-Produit-africain-wave-cheveux.jpg","contentUrl":"https:\/\/www.safinel.fr\/wp-content\/uploads\/2024\/01\/Softwave-Produit-africain-wave-cheveux.jpg","width":600,"height":600,"caption":"Softwave (Produit africain wave cheveux)"},{"@type":"BreadcrumbList","@id":"https:\/\/www.safinel.fr\/produit\/softwave-cheveux\/#breadcrumb","itemListElement":[{"@type":"ListItem","position":1,"name":"Accueil","item":"https:\/\/www.safinel.fr\/"},{"@type":"ListItem","position":2,"name":"Boutique","item":"https:\/\/www.safinel.fr\/boutique\/"},{"@type":"ListItem","position":3,"name":"Softwave (Produit africain wave cheveux)"}]},{"@type":"WebSite","@id":"https:\/\/www.safinel.fr\/#website","url":"https:\/\/www.safinel.fr\/","name":"Safinel","description":"","publisher":{"@id":"https:\/\/www.safinel.fr\/#organization"},"potentialAction":[{"@type":"SearchAction","target":{"@type":"EntryPoint","urlTemplate":"https:\/\/www.safinel.fr\/?s={search_term_string}"},"query-input":{"@type":"PropertyValueSpecification","valueRequired":true,"valueName":"search_term_string"}}],"inLanguage":"pt-PT"},{"@type":"Organization","@id":"https:\/\/www.safinel.fr\/#organization","name":"Safinel","url":"https:\/\/www.safinel.fr\/","logo":{"@type":"ImageObject","inLanguage":"pt-PT","@id":"https:\/\/www.safinel.fr\/#\/schema\/logo\/image\/","url":"https:\/\/www.safinel.fr\/wp-content\/uploads\/2021\/05\/boutique-cosmetique.png","contentUrl":"https:\/\/www.safinel.fr\/wp-content\/uploads\/2021\/05\/boutique-cosmetique.png","width":800,"height":200,"caption":"Safinel"},"image":{"@id":"https:\/\/www.safinel.fr\/#\/schema\/logo\/image\/"}}]}},"_links":{"self":[{"href":"https:\/\/www.safinel.fr\/pt\/wp-json\/wp\/v2\/product\/10971","targetHints":{"allow":["GET"]}}],"collection":[{"href":"https:\/\/www.safinel.fr\/pt\/wp-json\/wp\/v2\/product"}],"about":[{"href":"https:\/\/www.safinel.fr\/pt\/wp-json\/wp\/v2\/types\/product"}],"wp:featuredmedia":[{"embeddable":true,"href":"https:\/\/www.safinel.fr\/pt\/wp-json\/wp\/v2\/media\/10973"}],"wp:attachment":[{"href":"https:\/\/www.safinel.fr\/pt\/wp-json\/wp\/v2\/media?parent=10971"}],"wp:term":[{"taxonomy":"product_brand","embeddable":true,"href":"https:\/\/www.safinel.fr\/pt\/wp-json\/wp\/v2\/product_brand?post=10971"},{"taxonomy":"product_cat","embeddable":true,"href":"https:\/\/www.safinel.fr\/pt\/wp-json\/wp\/v2\/product_cat?post=10971"},{"taxonomy":"product_tag","embeddable":true,"href":"https:\/\/www.safinel.fr\/pt\/wp-json\/wp\/v2\/product_tag?post=10971"}],"curies":[{"name":"wp","href":"https:\/\/api.w.org\/{rel}","templated":true}]}}