{"id":109,"date":"2021-06-01T15:53:06","date_gmt":"2021-06-01T15:53:06","guid":{"rendered":"https:\/\/www.safinel.fr\/?post_type=product&#038;p=109"},"modified":"2026-01-09T12:24:53","modified_gmt":"2026-01-09T12:24:53","slug":"kacip-fatimah","status":"publish","type":"product","link":"https:\/\/www.safinel.fr\/pt\/product-2\/kacip-fatimah\/","title":{"rendered":"Kacip Fatimah"},"content":{"rendered":"<p>Origin\u00e1ria da Mal\u00e1sia, a \u00abLabisia pumila\u00bb, seu nome cient\u00edfico, \u00e9 comumente chamada de Kacip Fatimah. Trata-se de uma erva cuja utiliza\u00e7\u00e3o se generalizou ao longo do tempo. Gra\u00e7as \u00e0 sua efic\u00e1cia e rendimento amplamente reconhecidos na melhoria da fertilidade feminina, goza de um sucesso retumbante. A sua crescente popularidade tamb\u00e9m se explica pelos seus efeitos positivos no ciclo menstrual, bem como pelo seu poder afrodis\u00edaco.<\/p>\n<h2><b>Kacip Fatimah: afinal, o que \u00e9 isso?<\/b><\/h2>\n<p>Trata-se de uma planta herb\u00e1cea encontrada principalmente nas florestas tropicais da Mal\u00e1sia. Esta planta gosta particularmente de crescer em solos h\u00famidos e \u00e0 sombra.<span class=\"Apple-converted-space\">\u00a0<\/span><\/p>\n<p>Esta<span class=\"Apple-converted-space\">\u00a0 <\/span>\u00e9 composta por folhas com comprimento que pode variar entre 20 e 40 cm de altura. Essas mesmas folhas formam pequenos cachos de flores de cor castanha. Estas \u00faltimas n\u00e3o ultrapassam os 5 cm de comprimento.<\/p>\n<p>A Kacip Fatimah \u00e9 utilizada desde sempre na medicina tradicional malaia e indon\u00e9sia. Hoje, com os avan\u00e7os na comunica\u00e7\u00e3o, o uso da Kacip Fatimah se espalhou amplamente pelo mundo.<\/p>\n<p>Para melhor se adaptar \u00e0s necessidades das mulheres, o Kacip Fatimah pode ser encontrado em v\u00e1rias formas. Desde c\u00e1psulas a p\u00f3 puro ou derivados na forma de infus\u00e3o ou ch\u00e1.<span class=\"Apple-converted-space\">\u00a0<\/span><\/p>\n<p>Gostar\u00edamos de lhe apresentar a <b>Kacip Fatima em p\u00f3 100% natural<\/b>.<\/p>\n<h2><b>Os diversos benef\u00edcios da Kacip Fatimah<\/b><\/h2>\n<p>O uso mais comum desta planta \u00e9 para acompanhar a mulher durante o seu ciclo menstrual. Esta planta ajuda-a a suportar as dores desta fase hormonal natural. Mas tamb\u00e9m as dores relacionadas com o parto, em menor grau. \u00c9 tamb\u00e9m amplamente utilizada para combater infec\u00e7\u00f5es vaginais que podem ocorrer durante uma altera\u00e7\u00e3o hormonal.<\/p>\n<p>A Kacip Fatimah tamb\u00e9m tem propriedades afrodis\u00edacas. Portanto, ela tem uma certa influ\u00eancia na fertilidade da mulher.<\/p>\n<p>Na verdade, ela permitiria aumentar a taxa de embri\u00f5es em algumas mulheres. E tamb\u00e9m retardar os efeitos da menopausa.<span class=\"Apple-converted-space\">\u00a0<\/span><\/p>\n<p>Conhecemos tamb\u00e9m v\u00e1rias outras virtudes da \u00abLabisia Pumila\u00bb. No que diz respeito ao facto de ter uma certa a\u00e7\u00e3o no al\u00edvio de certas dores, teria a particularidade de combater a diarreia, fortalecendo previamente os m\u00fasculos abdominais.<\/p>\n<p>Al\u00e9m disso, tamb\u00e9m atua contra flatul\u00eancias, incha\u00e7o e reduz c\u00f3licas intestinais.<\/p>\n<p>\u00c9 tamb\u00e9m reconhecida por combater o stress e o envelhecimento. Da\u00ed o seu efeito na redu\u00e7\u00e3o dos males relacionados com <a href=\"https:\/\/www.safinel.fr\/pt\/product-2\/salvia-esclareia\/\"><strong>a menopausa<\/strong><\/a>.<\/p>\n<h3><strong>Os diferentes modos de consumo<\/strong><\/h3>\n<p>Pode consumir Kacip Fatimah da forma que lhe for mais conveniente, dependendo do produto final que tiver escolhido. Se optar pelas c\u00e1psulas, basta consumi-las conforme indicado nas instru\u00e7\u00f5es de utiliza\u00e7\u00e3o.<\/p>\n<p>Se a escolher na forma em p\u00f3, como a que lhe oferecemos, pode consumi-la incorporando-a em prepara\u00e7\u00f5es l\u00edquidas, tais como:<\/p>\n<ul>\n<li>O sumo,<span class=\"Apple-converted-space\">\u00a0<\/span><\/li>\n<li>A infus\u00e3o<\/li>\n<li>Os smoothies.<span class=\"Apple-converted-space\">\u00a0<\/span><\/li>\n<\/ul>\n<p>Tamb\u00e9m \u00e9 poss\u00edvel adicion\u00e1-las a mingaus e iogurtes. Obviamente, isso depende do gosto de cada um.<\/p>","protected":false},"excerpt":{"rendered":"<p>Origin\u00e1ria da Mal\u00e1sia, a \u00abLabisia pumila\u00bb, seu nome cient\u00edfico, \u00e9 comumente chamada de Kacip Fatimah. Trata-se de uma erva cuja utiliza\u00e7\u00e3o se generalizou ao longo do tempo. Gra\u00e7as \u00e0 sua efic\u00e1cia e rendimento amplamente reconhecidos na melhoria da fertilidade feminina, goza de um sucesso retumbante. A sua crescente popularidade tamb\u00e9m se explica por [...]","protected":false},"featured_media":63,"template":"","meta":[],"product_brand":[],"product_cat":[15,23,27,19],"product_tag":[],"class_list":{"0":"post-109","1":"product","2":"type-product","3":"status-publish","4":"has-post-thumbnail","6":"product_cat-fertilite","7":"product_cat-hygiene-feminine","8":"product_cat-plantes-medicinales","9":"product_cat-thes-tisanes","11":"first","12":"instock","13":"shipping-taxable","14":"purchasable","15":"product-type-variable"},"yoast_head":"<!-- This site is optimized with the Yoast SEO plugin v26.6 - https:\/\/yoast.com\/wordpress\/plugins\/seo\/ -->\n<title>Kacip Fatimah (Labisia pumila) | Achat, bienfaits et utilisations<\/title>\n<meta name=\"description\" content=\"Originaire de Malaisie, \u00ab\u00a0Labisia pumila\u00a0\u00bb de son nom scientifique est commun\u00e9ment appel\u00e9e Kacip Fatimah. Herbac\u00e9e aux bienfaits nombreux.\" \/>\n<meta name=\"robots\" content=\"index, follow, max-snippet:-1, max-image-preview:large, max-video-preview:-1\" \/>\n<link rel=\"canonical\" href=\"https:\/\/www.safinel.fr\/pt\/product-2\/kacip-fatimah\/\" \/>\n<meta property=\"og:locale\" content=\"pt_PT\" \/>\n<meta property=\"og:type\" content=\"article\" \/>\n<meta property=\"og:title\" content=\"Kacip Fatimah (Labisia pumila) | Achat, bienfaits et utilisations\" \/>\n<meta property=\"og:description\" content=\"Originaire de Malaisie, \u00ab\u00a0Labisia pumila\u00a0\u00bb de son nom scientifique est commun\u00e9ment appel\u00e9e Kacip Fatimah. Herbac\u00e9e aux bienfaits nombreux.\" \/>\n<meta property=\"og:url\" content=\"https:\/\/www.safinel.fr\/pt\/product-2\/kacip-fatimah\/\" \/>\n<meta property=\"og:site_name\" content=\"Safinel\" \/>\n<meta property=\"article:modified_time\" content=\"2026-01-09T12:24:53+00:00\" \/>\n<meta property=\"og:image\" content=\"https:\/\/www.safinel.fr\/wp-content\/uploads\/2021\/05\/kacip-fatimah-site.jpg\" \/>\n\t<meta property=\"og:image:width\" content=\"362\" \/>\n\t<meta property=\"og:image:height\" content=\"400\" \/>\n\t<meta property=\"og:image:type\" content=\"image\/jpeg\" \/>\n<meta name=\"twitter:card\" content=\"summary_large_image\" \/>\n<meta name=\"twitter:label1\" content=\"Tempo estimado de leitura\" \/>\n\t<meta name=\"twitter:data1\" content=\"3 minutos\" \/>\n<script type=\"application\/ld+json\" class=\"yoast-schema-graph\">{\"@context\":\"https:\/\/schema.org\",\"@graph\":[{\"@type\":\"WebPage\",\"@id\":\"https:\/\/www.safinel.fr\/produit\/kacip-fatimah\/\",\"url\":\"https:\/\/www.safinel.fr\/produit\/kacip-fatimah\/\",\"name\":\"Kacip Fatimah (Labisia pumila) | Achat, bienfaits et utilisations\",\"isPartOf\":{\"@id\":\"https:\/\/www.safinel.fr\/#website\"},\"primaryImageOfPage\":{\"@id\":\"https:\/\/www.safinel.fr\/produit\/kacip-fatimah\/#primaryimage\"},\"image\":{\"@id\":\"https:\/\/www.safinel.fr\/produit\/kacip-fatimah\/#primaryimage\"},\"thumbnailUrl\":\"https:\/\/www.safinel.fr\/wp-content\/uploads\/2021\/05\/kacip-fatimah-site.jpg\",\"datePublished\":\"2021-06-01T15:53:06+00:00\",\"dateModified\":\"2026-01-09T12:24:53+00:00\",\"description\":\"Originaire de Malaisie, \u00ab\u00a0Labisia pumila\u00a0\u00bb de son nom scientifique est commun\u00e9ment appel\u00e9e Kacip Fatimah. Herbac\u00e9e aux bienfaits nombreux.\",\"breadcrumb\":{\"@id\":\"https:\/\/www.safinel.fr\/produit\/kacip-fatimah\/#breadcrumb\"},\"inLanguage\":\"pt-PT\",\"potentialAction\":[{\"@type\":\"ReadAction\",\"target\":[\"https:\/\/www.safinel.fr\/produit\/kacip-fatimah\/\"]}]},{\"@type\":\"ImageObject\",\"inLanguage\":\"pt-PT\",\"@id\":\"https:\/\/www.safinel.fr\/produit\/kacip-fatimah\/#primaryimage\",\"url\":\"https:\/\/www.safinel.fr\/wp-content\/uploads\/2021\/05\/kacip-fatimah-site.jpg\",\"contentUrl\":\"https:\/\/www.safinel.fr\/wp-content\/uploads\/2021\/05\/kacip-fatimah-site.jpg\",\"width\":362,\"height\":400,\"caption\":\"Kacip Fatimah (Labisia pumila)\"},{\"@type\":\"BreadcrumbList\",\"@id\":\"https:\/\/www.safinel.fr\/produit\/kacip-fatimah\/#breadcrumb\",\"itemListElement\":[{\"@type\":\"ListItem\",\"position\":1,\"name\":\"Accueil\",\"item\":\"https:\/\/www.safinel.fr\/\"},{\"@type\":\"ListItem\",\"position\":2,\"name\":\"Boutique\",\"item\":\"https:\/\/www.safinel.fr\/boutique\/\"},{\"@type\":\"ListItem\",\"position\":3,\"name\":\"Kacip Fatimah\"}]},{\"@type\":\"WebSite\",\"@id\":\"https:\/\/www.safinel.fr\/#website\",\"url\":\"https:\/\/www.safinel.fr\/\",\"name\":\"Safinel\",\"description\":\"\",\"publisher\":{\"@id\":\"https:\/\/www.safinel.fr\/#organization\"},\"potentialAction\":[{\"@type\":\"SearchAction\",\"target\":{\"@type\":\"EntryPoint\",\"urlTemplate\":\"https:\/\/www.safinel.fr\/?s={search_term_string}\"},\"query-input\":{\"@type\":\"PropertyValueSpecification\",\"valueRequired\":true,\"valueName\":\"search_term_string\"}}],\"inLanguage\":\"pt-PT\"},{\"@type\":\"Organization\",\"@id\":\"https:\/\/www.safinel.fr\/#organization\",\"name\":\"Safinel\",\"url\":\"https:\/\/www.safinel.fr\/\",\"logo\":{\"@type\":\"ImageObject\",\"inLanguage\":\"pt-PT\",\"@id\":\"https:\/\/www.safinel.fr\/#\/schema\/logo\/image\/\",\"url\":\"https:\/\/www.safinel.fr\/wp-content\/uploads\/2021\/05\/boutique-cosmetique.png\",\"contentUrl\":\"https:\/\/www.safinel.fr\/wp-content\/uploads\/2021\/05\/boutique-cosmetique.png\",\"width\":800,\"height\":200,\"caption\":\"Safinel\"},\"image\":{\"@id\":\"https:\/\/www.safinel.fr\/#\/schema\/logo\/image\/\"}}]}<\/script>\n<!-- \/ Yoast SEO plugin. -->","yoast_head_json":{"title":"Kacip Fatimah (Labisia pumila) | Compra, benef\u00edcios e utiliza\u00e7\u00f5es","description":"Origin\u00e1ria da Mal\u00e1sia, a \u00abLabisia pumila\u00bb, seu nome cient\u00edfico, \u00e9 comumente chamada de Kacip Fatimah. Erva com in\u00fameros benef\u00edcios.","robots":{"index":"index","follow":"follow","max-snippet":"max-snippet:-1","max-image-preview":"max-image-preview:large","max-video-preview":"max-video-preview:-1"},"canonical":"https:\/\/www.safinel.fr\/pt\/product-2\/kacip-fatimah\/","og_locale":"pt_PT","og_type":"article","og_title":"Kacip Fatimah (Labisia pumila) | Achat, bienfaits et utilisations","og_description":"Originaire de Malaisie, \u00ab\u00a0Labisia pumila\u00a0\u00bb de son nom scientifique est commun\u00e9ment appel\u00e9e Kacip Fatimah. Herbac\u00e9e aux bienfaits nombreux.","og_url":"https:\/\/www.safinel.fr\/pt\/product-2\/kacip-fatimah\/","og_site_name":"Safinel","article_modified_time":"2026-01-09T12:24:53+00:00","og_image":[{"width":362,"height":400,"url":"https:\/\/www.safinel.fr\/wp-content\/uploads\/2021\/05\/kacip-fatimah-site.jpg","type":"image\/jpeg"}],"twitter_card":"summary_large_image","twitter_misc":{"Tempo estimado de leitura":"3 minutos"},"schema":{"@context":"https:\/\/schema.org","@graph":[{"@type":"WebPage","@id":"https:\/\/www.safinel.fr\/produit\/kacip-fatimah\/","url":"https:\/\/www.safinel.fr\/produit\/kacip-fatimah\/","name":"Kacip Fatimah (Labisia pumila) | Compra, benef\u00edcios e utiliza\u00e7\u00f5es","isPartOf":{"@id":"https:\/\/www.safinel.fr\/#website"},"primaryImageOfPage":{"@id":"https:\/\/www.safinel.fr\/produit\/kacip-fatimah\/#primaryimage"},"image":{"@id":"https:\/\/www.safinel.fr\/produit\/kacip-fatimah\/#primaryimage"},"thumbnailUrl":"https:\/\/www.safinel.fr\/wp-content\/uploads\/2021\/05\/kacip-fatimah-site.jpg","datePublished":"2021-06-01T15:53:06+00:00","dateModified":"2026-01-09T12:24:53+00:00","description":"Origin\u00e1ria da Mal\u00e1sia, a \u00abLabisia pumila\u00bb, seu nome cient\u00edfico, \u00e9 comumente chamada de Kacip Fatimah. Erva com in\u00fameros benef\u00edcios.","breadcrumb":{"@id":"https:\/\/www.safinel.fr\/produit\/kacip-fatimah\/#breadcrumb"},"inLanguage":"pt-PT","potentialAction":[{"@type":"ReadAction","target":["https:\/\/www.safinel.fr\/produit\/kacip-fatimah\/"]}]},{"@type":"ImageObject","inLanguage":"pt-PT","@id":"https:\/\/www.safinel.fr\/produit\/kacip-fatimah\/#primaryimage","url":"https:\/\/www.safinel.fr\/wp-content\/uploads\/2021\/05\/kacip-fatimah-site.jpg","contentUrl":"https:\/\/www.safinel.fr\/wp-content\/uploads\/2021\/05\/kacip-fatimah-site.jpg","width":362,"height":400,"caption":"Kacip Fatimah (Labisia pumila)"},{"@type":"BreadcrumbList","@id":"https:\/\/www.safinel.fr\/produit\/kacip-fatimah\/#breadcrumb","itemListElement":[{"@type":"ListItem","position":1,"name":"Accueil","item":"https:\/\/www.safinel.fr\/"},{"@type":"ListItem","position":2,"name":"Boutique","item":"https:\/\/www.safinel.fr\/boutique\/"},{"@type":"ListItem","position":3,"name":"Kacip Fatimah"}]},{"@type":"WebSite","@id":"https:\/\/www.safinel.fr\/#website","url":"https:\/\/www.safinel.fr\/","name":"Safinel","description":"","publisher":{"@id":"https:\/\/www.safinel.fr\/#organization"},"potentialAction":[{"@type":"SearchAction","target":{"@type":"EntryPoint","urlTemplate":"https:\/\/www.safinel.fr\/?s={search_term_string}"},"query-input":{"@type":"PropertyValueSpecification","valueRequired":true,"valueName":"search_term_string"}}],"inLanguage":"pt-PT"},{"@type":"Organization","@id":"https:\/\/www.safinel.fr\/#organization","name":"Safinel","url":"https:\/\/www.safinel.fr\/","logo":{"@type":"ImageObject","inLanguage":"pt-PT","@id":"https:\/\/www.safinel.fr\/#\/schema\/logo\/image\/","url":"https:\/\/www.safinel.fr\/wp-content\/uploads\/2021\/05\/boutique-cosmetique.png","contentUrl":"https:\/\/www.safinel.fr\/wp-content\/uploads\/2021\/05\/boutique-cosmetique.png","width":800,"height":200,"caption":"Safinel"},"image":{"@id":"https:\/\/www.safinel.fr\/#\/schema\/logo\/image\/"}}]}},"_links":{"self":[{"href":"https:\/\/www.safinel.fr\/pt\/wp-json\/wp\/v2\/product\/109","targetHints":{"allow":["GET"]}}],"collection":[{"href":"https:\/\/www.safinel.fr\/pt\/wp-json\/wp\/v2\/product"}],"about":[{"href":"https:\/\/www.safinel.fr\/pt\/wp-json\/wp\/v2\/types\/product"}],"wp:featuredmedia":[{"embeddable":true,"href":"https:\/\/www.safinel.fr\/pt\/wp-json\/wp\/v2\/media\/63"}],"wp:attachment":[{"href":"https:\/\/www.safinel.fr\/pt\/wp-json\/wp\/v2\/media?parent=109"}],"wp:term":[{"taxonomy":"product_brand","embeddable":true,"href":"https:\/\/www.safinel.fr\/pt\/wp-json\/wp\/v2\/product_brand?post=109"},{"taxonomy":"product_cat","embeddable":true,"href":"https:\/\/www.safinel.fr\/pt\/wp-json\/wp\/v2\/product_cat?post=109"},{"taxonomy":"product_tag","embeddable":true,"href":"https:\/\/www.safinel.fr\/pt\/wp-json\/wp\/v2\/product_tag?post=109"}],"curies":[{"name":"wp","href":"https:\/\/api.w.org\/{rel}","templated":true}]}}