{"id":107,"date":"2021-06-01T15:34:57","date_gmt":"2021-06-01T15:34:57","guid":{"rendered":"https:\/\/www.safinel.fr\/?post_type=product&#038;p=107"},"modified":"2023-12-30T13:57:42","modified_gmt":"2023-12-30T13:57:42","slug":"raizes-de-vetiver","status":"publish","type":"product","link":"https:\/\/www.safinel.fr\/pt\/product-2\/raizes-de-vetiver\/","title":{"rendered":"10 ra\u00edzes de vetiver khamar\u00e9 (Gongoli)"},"content":{"rendered":"<p>Os <b>ra\u00edzes de vetiver<\/b> s\u00e3o produzidas a partir de uma planta chamada khamar\u00e9, gongoli ou sodhor\u00e9, cada povo tem a sua pr\u00f3pria denomina\u00e7\u00e3o.<span class=\"Apple-converted-space\">\u00a0<\/span><\/p>\n<p>Uma planta medicinal ainda amplamente desconhecida no Ocidente, fora do mundo da perfumaria, que possui muito mais do que um truque nas suas ra\u00edzes. Na verdade, o khamar\u00e9 \u00e9 um medicamento multiusos que a m\u00e3e natureza nos generosamente ofereceu.<span class=\"Apple-converted-space\">\u00a0<\/span><\/p>\n<p>Portanto, \u00e9 necess\u00e1ria uma pequena explica\u00e7\u00e3o sobre essas famosas <b>ra\u00edzes de vetiver<\/b>. Certamente est\u00e1 a perguntar-se o que \u00e9, de onde vem ou quais s\u00e3o os seus benef\u00edcios. Em suma, fique connosco, pois abaixo revelamos tudo!<span class=\"Apple-converted-space\">\u00a0<\/span><\/p>\n<h2><b>As ra\u00edzes do vetiver: um pequeno esclarecimento<span class=\"Apple-converted-space\">\u00a0<\/span><\/b><\/h2>\n<p>O khamar\u00e9 tem tudo para seduzi-lo, \u00e9 uma planta muito apreciada pelas mulheres africanas.<span class=\"Apple-converted-space\">\u00a0<\/span><\/p>\n<p>Esta apresenta-se sob a forma de grandes tufos verdes cuja raiz se desenvolve verticalmente, podendo atingir at\u00e9 3 metros. As ra\u00edzes s\u00e3o assim colhidas, secas e depois tran\u00e7adas para uma melhor conserva\u00e7\u00e3o.<span class=\"Apple-converted-space\">\u00a0<\/span><\/p>\n<p>Esta planta herb\u00e1cea gongoli, da qual s\u00e3o extra\u00eddas as suas ra\u00edzes, cresce principalmente em zonas tropicais, particularmente perto de rios. Por isso, desenvolve-se naturalmente em \u00c1frica, mas tamb\u00e9m na \u00cdndia e at\u00e9 na Am\u00e9rica do Sul.<span class=\"Apple-converted-space\">\u00a0<\/span><\/p>\n<p>Vendido na forma de ra\u00edzes, este produto \u00e9 simplesmente o melhor aliado de todas as mulheres. Por esse motivo, no nosso site Safinel, poder\u00e1 encontr\u00e1-las em um pacote de 10 unidades. <b>ra\u00edzes de vetiver<\/b>, para o prazer de todas.<span class=\"Apple-converted-space\">\u00a0<\/span><\/p>\n<h2><b>As maravilhosas virtudes das ra\u00edzes de vetiver<\/b><\/h2>\n<p>Com in\u00fameras propriedades cientificamente comprovadas, o vetiver \u00e9 uma planta medicinal eficaz no combate a certas doen\u00e7as. No entanto, trata-se apenas de informa\u00e7\u00f5es, n\u00e3o de dados m\u00e9dicos.<\/p>\n<p>De acordo com algumas pesquisas, ela tamb\u00e9m \u00e9 a base essencial em <a href=\"https:\/\/www.pollendepalmier.fr\/plante-africaine\/113-10-racines-de-vetiver-tiges-de-khamare.html\" target=\"_blank\" rel=\"noopener\"><strong>tratamentos dermatol\u00f3gicos e cuidados cosm\u00e9ticos<\/strong><\/a>. Em suma, o khamar\u00e9 \u00e9 uma planta com m\u00faltiplas virtudes e muito rica em propriedades terap\u00eauticas.<\/p>\n<p>Por estas raz\u00f5es, eis alguns exemplos dos seus benef\u00edcios:<span class=\"Apple-converted-space\">\u00a0<\/span><\/p>\n<ul>\n<li>O escudo contra dores p\u00e9lvicas e p\u00f3s-parto:<span class=\"Apple-converted-space\">\u00a0<\/span><\/li>\n<\/ul>\n<p>O gongoli \u00e9 extremamente eficaz no al\u00edvio das dores menstruais e das dores relacionadas com o parto. Ele purifica o organismo e, consequentemente, alivia esses mal-estares. As suas propriedades antiss\u00e9pticas conferem-lhe a fun\u00e7\u00e3o de limpar e purificar o corpo, eliminando as toxinas.<span class=\"Apple-converted-space\">\u00a0<\/span><\/p>\n<ul>\n<li>O aliado para preparar o seu corpo antes da gravidez:<span class=\"Apple-converted-space\">\u00a0<\/span><\/li>\n<\/ul>\n<p>Para preparar o seu corpo para a concep\u00e7\u00e3o e prevenir abortos espont\u00e2neos, recomenda-se o consumo de khamar\u00e9. Ele desintoxica todo o sistema reprodutor e coloca-a em boas condi\u00e7\u00f5es para ter uma gravidez saud\u00e1vel.<span class=\"Apple-converted-space\">\u00a0<\/span><\/p>\n<ul>\n<li>Um tratamento preventivo contra infec\u00e7\u00f5es urin\u00e1rias e vaginais:<span class=\"Apple-converted-space\">\u00a0<\/span><\/li>\n<\/ul>\n<p>Os <b>ra\u00edzes de vetiver<\/b> podem ser utilizadas como medida preventiva contra infe\u00e7\u00f5es vaginais e urin\u00e1rias. S\u00e3o tamb\u00e9m recomendadas para eliminar odores \u00edntimos desagrad\u00e1veis.<span class=\"Apple-converted-space\">\u00a0<\/span><\/p>\n<ul>\n<li>A cura detox:<span class=\"Apple-converted-space\">\u00a0<\/span><\/li>\n<\/ul>\n<p>O khamar\u00e9 pode ser adicionado \u00e0 lista de produtos naturais para obter uma pele bonita. Na verdade, ele oferece uma cura desintoxicante ao seu organismo, deixando o seu interior limpo e saud\u00e1vel. Isso se refletir\u00e1 na sua pele, que ficar\u00e1 mais bonita e menos opaca.<\/p>\n<p>Sabia que em algumas regi\u00f5es de \u00c1frica as noivas rec\u00e9m-casadas fazem uma cura de <b>ra\u00edzes de vetiver <\/b>para embelezar-se e recuperar uma apar\u00eancia radiante e uma tez luminosa.<span class=\"Apple-converted-space\">\u00a0<\/span><\/p>\n<h2><b>Como aproveitar os benef\u00edcios das ra\u00edzes de vetiver?<span class=\"Apple-converted-space\">\u00a0<\/span><\/b><\/h2>\n<p>Agora que j\u00e1 sabe mais sobre esta planta ben\u00e9fica, \u00e9 hora de aprender como aproveitar as suas propriedades. Existem duas op\u00e7\u00f5es para utilizar as <b>ra\u00edzes de vetiver<\/b> : <span class=\"Apple-converted-space\">\u00a0<\/span><\/p>\n<p>Primeiro, em infus\u00e3o: basta ferver as ra\u00edzes com um pouco de \u00e1gua. Depois, pode guardar a infus\u00e3o e us\u00e1-la diariamente. Por outro lado, tamb\u00e9m pode us\u00e1-la para a sua higiene \u00edntima.<\/p>\n<p>Em segundo lugar, como bebida fresca: aqui, ter\u00e1 de lavar as ra\u00edzes e deix\u00e1-las de molho.<span class=\"Apple-converted-space\">\u00a0 <\/span>numa garrafa de \u00e1gua durante pelo menos 24 horas. Esse \u00e9 o tempo necess\u00e1rio para que os <b>ra\u00edzes de vetiver <\/b>libertam as suas propriedades na \u00e1gua. Assim, poder\u00e1 consumir esta bebida regularmente.<span class=\"Apple-converted-space\">\u00a0<\/span><\/p>\n<h2><b>O que mais h\u00e1 para saber sobre essas ricas ra\u00edzes de vetiver?<span class=\"Apple-converted-space\">\u00a0<\/span><\/b><\/h2>\n<p>As virtudes dos <b>ra\u00edzes de vetiver<\/b> n\u00e3o param por a\u00ed! Al\u00e9m de todos os seus benef\u00edcios para o corpo, o vetiver possui propriedades arom\u00e1ticas. \u00c9 muito utilizado no mundo da perfumaria e \u00e9 usado para obter ess\u00eancias arom\u00e1ticas.<span class=\"Apple-converted-space\">\u00a0<\/span><\/p>\n<p>Assim, poder\u00e1 colocar algumas ra\u00edzes no seu arm\u00e1rio, o que ajudar\u00e1 a perfumar a sua roupa. E para reavivar o aroma, poder\u00e1 adicionar algumas gotas de \u00f3leo essencial.<span class=\"Apple-converted-space\">\u00a0<\/span><\/p>\n<h3><b>Conserva\u00e7\u00e3o das ra\u00edzes de vetiver<span class=\"Apple-converted-space\"> gongoli<\/span><\/b><\/h3>\n<p>Os<b> ra\u00edzes de vetiver<\/b> podem ser conservadas durante v\u00e1rios anos... Desde que sejam armazenadas num local adequado, claro. Para isso, as suas ra\u00edzes devem beneficiar de condi\u00e7\u00f5es de conserva\u00e7\u00e3o ideais, se quiser que durem mais tempo.<span class=\"Apple-converted-space\">\u00a0<\/span><\/p>\n<p>Em primeiro lugar, comece por guard\u00e1-los num local seco, arejado, fresco e escuro. Na verdade, a luz, o calor e a humidade s\u00e3o os inimigos n\u00famero um do khamar\u00e9.<span class=\"Apple-converted-space\">\u00a0<\/span><\/p>\n<p>Al\u00e9m disso, o ideal \u00e9 mant\u00ea-los na embalagem original ou numa caixa hermeticamente fechada. Isso ir\u00e1 otimizar a sua vida \u00fatil.<span class=\"Apple-converted-space\">\u00a0<\/span><\/p>\n<p>Aqui est\u00e3o algumas dicas para conservar bem as suas ra\u00edzes.<span class=\"Apple-converted-space\">\u00a0<\/span><\/p>\n<h3><b>Precau\u00e7\u00f5es a tomar com o gongoli<\/b><\/h3>\n<p>Embora esta planta medicinal seja f\u00e1cil de usar, \u00e9 necess\u00e1rio tomar algumas precau\u00e7\u00f5es para evitar efeitos secund\u00e1rios. Para isso, \u00e9 fundamental respeitar estas disposi\u00e7\u00f5es:<\/p>\n<p>Em primeiro lugar, como com todos os produtos, \u00e9 aconselh\u00e1vel respeitar as doses prescritas e n\u00e3o exceder a dura\u00e7\u00e3o do tratamento. Na verdade, tomar esses medicamentos naturais em doses elevadas n\u00e3o contribui em nada para a sua recupera\u00e7\u00e3o. Por isso, recomendamos que consulte o seu m\u00e9dico.<span class=\"Apple-converted-space\">\u00a0<\/span><\/p>\n<p>Al\u00e9m disso, o consumo de khamar\u00e9 \u00e9 desaconselhado para mulheres gr\u00e1vidas e crian\u00e7as.<\/p>\n<h3><b>Para aprofundar o assunto...<span class=\"Apple-converted-space\">\u00a0<\/span><\/b><\/h3>\n<p>No nosso site, selecion\u00e1mos para si o melhor em termos de plantas medicinais que o ajudar\u00e3o no seu dia a dia.<span class=\"Apple-converted-space\">\u00a0<\/span><\/p>\n<p>Al\u00e9m das ra\u00edzes de vetiver, poder\u00e1 encontrar outras plantas, tais como<span class=\"Apple-converted-space\">\u00a0 <\/span>:<span class=\"Apple-converted-space\">\u00a0<\/span><\/p>\n<ul>\n<li>O <b><a href=\"https:\/\/www.safinel.fr\/pt\/product-2\/fruta-4-costelas-3-pecas\/\">fruta de 4 lados<\/a>.<\/b><\/li>\n<li>O <a href=\"https:\/\/www.safinel.fr\/pt\/product-2\/trevo-vermelho-flores-inteiras\/\"><b>trevo vermelho<\/b><\/a>.<span class=\"Apple-converted-space\">\u00a0<\/span><\/li>\n<li>Ou ainda, o <a href=\"https:\/\/www.safinel.fr\/pt\/product-2\/kacip-fatimah\/\"><b>Kacip Fatimah<\/b><\/a>.<\/li>\n<\/ul>\n<p>Atrav\u00e9s de todos estes rem\u00e9dios puros e naturais, encontre o produto que melhor se adapta a si!<\/p>","protected":false},"excerpt":{"rendered":"<p><img decoding=\"async\" class=\"wp-image-5091 size-full aligncenter\" src=\"https:\/\/www.safinel.fr\/wp-content\/uploads\/2021\/06\/BANNIERE-ICONE-SAFINEL.webp\" alt=\"resseguro safinel\" width=\"800\" height=\"200\" srcset=\"https:\/\/www.safinel.fr\/wp-content\/uploads\/2021\/06\/BANNIERE-ICONE-SAFINEL.webp 800w, https:\/\/www.safinel.fr\/wp-content\/uploads\/2021\/06\/BANNIERE-ICONE-SAFINEL-600x150.webp 600w, https:\/\/www.safinel.fr\/wp-content\/uploads\/2021\/06\/BANNIERE-ICONE-SAFINEL-768x192.webp 768w\" sizes=\"(max-width: 800px) 100vw, 800px\" \/><\/p>","protected":false},"featured_media":74,"template":"","meta":[],"product_brand":[],"product_cat":[15,23,27],"product_tag":[],"class_list":{"0":"post-107","1":"product","2":"type-product","3":"status-publish","4":"has-post-thumbnail","6":"product_cat-fertilite","7":"product_cat-hygiene-feminine","8":"product_cat-plantes-medicinales","10":"first","11":"instock","12":"shipping-taxable","13":"purchasable","14":"product-type-simple"},"yoast_head":"<!-- This site is optimized with the Yoast SEO plugin v26.6 - https:\/\/yoast.com\/wordpress\/plugins\/seo\/ -->\n<title>Racines de v\u00e9tiver | Tiges de gongoli aux bienfaits multiples<\/title>\n<meta name=\"description\" content=\"Les racines de v\u00e9tiver sont issues d\u2019une plante appel\u00e9e khamar\u00e9, gongoli ou encore sodhor\u00e9, chaque peuple poss\u00e8de son appellation.\u00a0\" \/>\n<meta name=\"robots\" content=\"index, follow, max-snippet:-1, max-image-preview:large, max-video-preview:-1\" \/>\n<link rel=\"canonical\" href=\"https:\/\/www.safinel.fr\/pt\/product-2\/raizes-de-vetiver\/\" \/>\n<meta property=\"og:locale\" content=\"pt_PT\" \/>\n<meta property=\"og:type\" content=\"article\" \/>\n<meta property=\"og:title\" content=\"Racines de v\u00e9tiver | Tiges de gongoli aux bienfaits multiples\" \/>\n<meta property=\"og:description\" content=\"Les racines de v\u00e9tiver sont issues d\u2019une plante appel\u00e9e khamar\u00e9, gongoli ou encore sodhor\u00e9, chaque peuple poss\u00e8de son appellation.\u00a0\" \/>\n<meta property=\"og:url\" content=\"https:\/\/www.safinel.fr\/pt\/product-2\/raizes-de-vetiver\/\" \/>\n<meta property=\"og:site_name\" content=\"Safinel\" \/>\n<meta property=\"article:modified_time\" content=\"2023-12-30T13:57:42+00:00\" \/>\n<meta property=\"og:image\" content=\"https:\/\/www.safinel.fr\/wp-content\/uploads\/2021\/05\/racine-de-vetiver-visuel-site.jpg\" \/>\n\t<meta property=\"og:image:width\" content=\"353\" \/>\n\t<meta property=\"og:image:height\" content=\"391\" \/>\n\t<meta property=\"og:image:type\" content=\"image\/jpeg\" \/>\n<meta name=\"twitter:card\" content=\"summary_large_image\" \/>\n<meta name=\"twitter:label1\" content=\"Tempo estimado de leitura\" \/>\n\t<meta name=\"twitter:data1\" content=\"5 minutos\" \/>\n<script type=\"application\/ld+json\" class=\"yoast-schema-graph\">{\"@context\":\"https:\/\/schema.org\",\"@graph\":[{\"@type\":\"WebPage\",\"@id\":\"https:\/\/www.safinel.fr\/produit\/racines-de-vetiver\/\",\"url\":\"https:\/\/www.safinel.fr\/produit\/racines-de-vetiver\/\",\"name\":\"Racines de v\u00e9tiver | Tiges de gongoli aux bienfaits multiples\",\"isPartOf\":{\"@id\":\"https:\/\/www.safinel.fr\/#website\"},\"primaryImageOfPage\":{\"@id\":\"https:\/\/www.safinel.fr\/produit\/racines-de-vetiver\/#primaryimage\"},\"image\":{\"@id\":\"https:\/\/www.safinel.fr\/produit\/racines-de-vetiver\/#primaryimage\"},\"thumbnailUrl\":\"https:\/\/www.safinel.fr\/wp-content\/uploads\/2021\/05\/racine-de-vetiver-visuel-site.jpg\",\"datePublished\":\"2021-06-01T15:34:57+00:00\",\"dateModified\":\"2023-12-30T13:57:42+00:00\",\"description\":\"Les racines de v\u00e9tiver sont issues d\u2019une plante appel\u00e9e khamar\u00e9, gongoli ou encore sodhor\u00e9, chaque peuple poss\u00e8de son appellation.\u00a0\",\"breadcrumb\":{\"@id\":\"https:\/\/www.safinel.fr\/produit\/racines-de-vetiver\/#breadcrumb\"},\"inLanguage\":\"pt-PT\",\"potentialAction\":[{\"@type\":\"ReadAction\",\"target\":[\"https:\/\/www.safinel.fr\/produit\/racines-de-vetiver\/\"]}]},{\"@type\":\"ImageObject\",\"inLanguage\":\"pt-PT\",\"@id\":\"https:\/\/www.safinel.fr\/produit\/racines-de-vetiver\/#primaryimage\",\"url\":\"https:\/\/www.safinel.fr\/wp-content\/uploads\/2021\/05\/racine-de-vetiver-visuel-site.jpg\",\"contentUrl\":\"https:\/\/www.safinel.fr\/wp-content\/uploads\/2021\/05\/racine-de-vetiver-visuel-site.jpg\",\"width\":353,\"height\":391,\"caption\":\"racines de v\u00e9tiver bienfaits\"},{\"@type\":\"BreadcrumbList\",\"@id\":\"https:\/\/www.safinel.fr\/produit\/racines-de-vetiver\/#breadcrumb\",\"itemListElement\":[{\"@type\":\"ListItem\",\"position\":1,\"name\":\"Accueil\",\"item\":\"https:\/\/www.safinel.fr\/\"},{\"@type\":\"ListItem\",\"position\":2,\"name\":\"Boutique\",\"item\":\"https:\/\/www.safinel.fr\/boutique\/\"},{\"@type\":\"ListItem\",\"position\":3,\"name\":\"10 Racines de v\u00e9tiver khamar\u00e9 (Gongoli)\"}]},{\"@type\":\"WebSite\",\"@id\":\"https:\/\/www.safinel.fr\/#website\",\"url\":\"https:\/\/www.safinel.fr\/\",\"name\":\"Safinel\",\"description\":\"\",\"publisher\":{\"@id\":\"https:\/\/www.safinel.fr\/#organization\"},\"potentialAction\":[{\"@type\":\"SearchAction\",\"target\":{\"@type\":\"EntryPoint\",\"urlTemplate\":\"https:\/\/www.safinel.fr\/?s={search_term_string}\"},\"query-input\":{\"@type\":\"PropertyValueSpecification\",\"valueRequired\":true,\"valueName\":\"search_term_string\"}}],\"inLanguage\":\"pt-PT\"},{\"@type\":\"Organization\",\"@id\":\"https:\/\/www.safinel.fr\/#organization\",\"name\":\"Safinel\",\"url\":\"https:\/\/www.safinel.fr\/\",\"logo\":{\"@type\":\"ImageObject\",\"inLanguage\":\"pt-PT\",\"@id\":\"https:\/\/www.safinel.fr\/#\/schema\/logo\/image\/\",\"url\":\"https:\/\/www.safinel.fr\/wp-content\/uploads\/2021\/05\/boutique-cosmetique.png\",\"contentUrl\":\"https:\/\/www.safinel.fr\/wp-content\/uploads\/2021\/05\/boutique-cosmetique.png\",\"width\":800,\"height\":200,\"caption\":\"Safinel\"},\"image\":{\"@id\":\"https:\/\/www.safinel.fr\/#\/schema\/logo\/image\/\"}}]}<\/script>\n<!-- \/ Yoast SEO plugin. -->","yoast_head_json":{"title":"Ra\u00edzes de vetiver | Caules de gongoli com m\u00faltiplos benef\u00edcios","description":"As ra\u00edzes de vetiver prov\u00eam de uma planta chamada khamar\u00e9, gongoli ou sodhor\u00e9, cada povo tem a sua pr\u00f3pria denomina\u00e7\u00e3o.\u00a0","robots":{"index":"index","follow":"follow","max-snippet":"max-snippet:-1","max-image-preview":"max-image-preview:large","max-video-preview":"max-video-preview:-1"},"canonical":"https:\/\/www.safinel.fr\/pt\/product-2\/raizes-de-vetiver\/","og_locale":"pt_PT","og_type":"article","og_title":"Racines de v\u00e9tiver | Tiges de gongoli aux bienfaits multiples","og_description":"Les racines de v\u00e9tiver sont issues d\u2019une plante appel\u00e9e khamar\u00e9, gongoli ou encore sodhor\u00e9, chaque peuple poss\u00e8de son appellation.\u00a0","og_url":"https:\/\/www.safinel.fr\/pt\/product-2\/raizes-de-vetiver\/","og_site_name":"Safinel","article_modified_time":"2023-12-30T13:57:42+00:00","og_image":[{"width":353,"height":391,"url":"https:\/\/www.safinel.fr\/wp-content\/uploads\/2021\/05\/racine-de-vetiver-visuel-site.jpg","type":"image\/jpeg"}],"twitter_card":"summary_large_image","twitter_misc":{"Tempo estimado de leitura":"5 minutos"},"schema":{"@context":"https:\/\/schema.org","@graph":[{"@type":"WebPage","@id":"https:\/\/www.safinel.fr\/produit\/racines-de-vetiver\/","url":"https:\/\/www.safinel.fr\/produit\/racines-de-vetiver\/","name":"Ra\u00edzes de vetiver | Caules de gongoli com m\u00faltiplos benef\u00edcios","isPartOf":{"@id":"https:\/\/www.safinel.fr\/#website"},"primaryImageOfPage":{"@id":"https:\/\/www.safinel.fr\/produit\/racines-de-vetiver\/#primaryimage"},"image":{"@id":"https:\/\/www.safinel.fr\/produit\/racines-de-vetiver\/#primaryimage"},"thumbnailUrl":"https:\/\/www.safinel.fr\/wp-content\/uploads\/2021\/05\/racine-de-vetiver-visuel-site.jpg","datePublished":"2021-06-01T15:34:57+00:00","dateModified":"2023-12-30T13:57:42+00:00","description":"As ra\u00edzes de vetiver prov\u00eam de uma planta chamada khamar\u00e9, gongoli ou sodhor\u00e9, cada povo tem a sua pr\u00f3pria denomina\u00e7\u00e3o.\u00a0","breadcrumb":{"@id":"https:\/\/www.safinel.fr\/produit\/racines-de-vetiver\/#breadcrumb"},"inLanguage":"pt-PT","potentialAction":[{"@type":"ReadAction","target":["https:\/\/www.safinel.fr\/produit\/racines-de-vetiver\/"]}]},{"@type":"ImageObject","inLanguage":"pt-PT","@id":"https:\/\/www.safinel.fr\/produit\/racines-de-vetiver\/#primaryimage","url":"https:\/\/www.safinel.fr\/wp-content\/uploads\/2021\/05\/racine-de-vetiver-visuel-site.jpg","contentUrl":"https:\/\/www.safinel.fr\/wp-content\/uploads\/2021\/05\/racine-de-vetiver-visuel-site.jpg","width":353,"height":391,"caption":"racines de v\u00e9tiver bienfaits"},{"@type":"BreadcrumbList","@id":"https:\/\/www.safinel.fr\/produit\/racines-de-vetiver\/#breadcrumb","itemListElement":[{"@type":"ListItem","position":1,"name":"Accueil","item":"https:\/\/www.safinel.fr\/"},{"@type":"ListItem","position":2,"name":"Boutique","item":"https:\/\/www.safinel.fr\/boutique\/"},{"@type":"ListItem","position":3,"name":"10 Racines de v\u00e9tiver khamar\u00e9 (Gongoli)"}]},{"@type":"WebSite","@id":"https:\/\/www.safinel.fr\/#website","url":"https:\/\/www.safinel.fr\/","name":"Safinel","description":"","publisher":{"@id":"https:\/\/www.safinel.fr\/#organization"},"potentialAction":[{"@type":"SearchAction","target":{"@type":"EntryPoint","urlTemplate":"https:\/\/www.safinel.fr\/?s={search_term_string}"},"query-input":{"@type":"PropertyValueSpecification","valueRequired":true,"valueName":"search_term_string"}}],"inLanguage":"pt-PT"},{"@type":"Organization","@id":"https:\/\/www.safinel.fr\/#organization","name":"Safinel","url":"https:\/\/www.safinel.fr\/","logo":{"@type":"ImageObject","inLanguage":"pt-PT","@id":"https:\/\/www.safinel.fr\/#\/schema\/logo\/image\/","url":"https:\/\/www.safinel.fr\/wp-content\/uploads\/2021\/05\/boutique-cosmetique.png","contentUrl":"https:\/\/www.safinel.fr\/wp-content\/uploads\/2021\/05\/boutique-cosmetique.png","width":800,"height":200,"caption":"Safinel"},"image":{"@id":"https:\/\/www.safinel.fr\/#\/schema\/logo\/image\/"}}]}},"_links":{"self":[{"href":"https:\/\/www.safinel.fr\/pt\/wp-json\/wp\/v2\/product\/107","targetHints":{"allow":["GET"]}}],"collection":[{"href":"https:\/\/www.safinel.fr\/pt\/wp-json\/wp\/v2\/product"}],"about":[{"href":"https:\/\/www.safinel.fr\/pt\/wp-json\/wp\/v2\/types\/product"}],"wp:featuredmedia":[{"embeddable":true,"href":"https:\/\/www.safinel.fr\/pt\/wp-json\/wp\/v2\/media\/74"}],"wp:attachment":[{"href":"https:\/\/www.safinel.fr\/pt\/wp-json\/wp\/v2\/media?parent=107"}],"wp:term":[{"taxonomy":"product_brand","embeddable":true,"href":"https:\/\/www.safinel.fr\/pt\/wp-json\/wp\/v2\/product_brand?post=107"},{"taxonomy":"product_cat","embeddable":true,"href":"https:\/\/www.safinel.fr\/pt\/wp-json\/wp\/v2\/product_cat?post=107"},{"taxonomy":"product_tag","embeddable":true,"href":"https:\/\/www.safinel.fr\/pt\/wp-json\/wp\/v2\/product_tag?post=107"}],"curies":[{"name":"wp","href":"https:\/\/api.w.org\/{rel}","templated":true}]}}