{"id":1047,"date":"2022-04-11T18:49:39","date_gmt":"2022-04-11T18:49:39","guid":{"rendered":"https:\/\/www.safinel.fr\/?post_type=product&#038;p=1047"},"modified":"2024-03-19T16:36:58","modified_gmt":"2024-03-19T16:36:58","slug":"casca-de-roma-50-g","status":"publish","type":"product","link":"https:\/\/www.safinel.fr\/pt\/product-2\/casca-de-roma-50-g\/","title":{"rendered":"Casca de rom\u00e3 50 g"},"content":{"rendered":"<p>Hoje voc\u00ea est\u00e1 com sorte, porque vamos falar sobre frutas!\u00a0<strong>O exotismo<\/strong>\u00a0est\u00e1 em destaque, com sementes e sabores agrad\u00e1veis, prepare-se para ser surpreendido! Vamos l\u00e1 para a<strong>\u00a0casca de rom\u00e3.\u00a0<\/strong>Compreendeu muito bem!<\/p>\n<p>Vamos falar mais sobre isso, ent\u00e3o fique atento.<\/p>\n<h2><strong>A casca da rom\u00e3: uma fruta, uma hist\u00f3ria!\u00a0<\/strong><\/h2>\n<p>Primeiro, vamos conhecer a sua \u00e1rvore frut\u00edfera da fam\u00edlia das litr\u00e1ceas, chamada\u00a0<strong>o granadeiro<\/strong>\u00a0! Normalmente conhecida pelos seus deliciosos frutos vermelhos, muito suculentos e doces. No entanto, \u00e9 comum saborear esta fruta pelo seu sabor agrad\u00e1vel e rico em nutrientes, mas conhece as virtudes da\u00a0<strong>casca de rom\u00e3<\/strong>\u00a0?<\/p>\n<p>Muitas vezes deixadas de lado, as\u00a0<strong>casca de rom\u00e3<\/strong>\u00a0s\u00e3o conhecidas h\u00e1 s\u00e9culos pelos seus benef\u00edcios... \u00c9 por isso que a sua loja online especializada em\u00a0<strong>produtos naturais\u00a0<\/strong>oferece-os num recipiente de 50 g.<\/p>\n<h2><strong>A casca da rom\u00e3 e os seus benef\u00edcios ocultos...\u00a0<\/strong><\/h2>\n<p>\u00c9 hora de conhecer a casca de rom\u00e3. Considerada por algumas comunidades como um\u00a0<strong>tratamento medicinal<\/strong>, atravessa fronteiras para que possamos aproveitar as suas virtudes.<\/p>\n<ul>\n<li>Pode ser ben\u00e9fico para alguns<strong>\u00a0doen\u00e7as relacionadas com o c\u00f3lon<\/strong>\u00a0como a colite ulcerosa.<\/li>\n<li>Tamb\u00e9m conhecido por ser um aliado contra as \u00falceras estomacais<\/li>\n<li>Rica em vitamina C, pode ser ben\u00e9fica para melhorar o\u00a0<strong>sistema imunol\u00f3gico<\/strong><\/li>\n<li>Boa para o sistema digestivo, tamb\u00e9m pode ser uma ajuda contra a diarreia.<\/li>\n<li>Pode ser eficaz contra a acne<\/li>\n<\/ul>\n<h3><strong>As frutas s\u00e3o as protagonistas na Safinel!<\/strong><\/h3>\n<p>De facto, a sua loja especializada em<strong>\u00a0produtos naturais<\/strong>\u00a0destaca os frutos!\u00a0<a href=\"https:\/\/www.safinel.fr\/pt\/product-2\/jujubas-secas-100-g\/\"><strong>Jujubas secas<\/strong><\/a>\u00a0ou<strong>\u00a0<a href=\"https:\/\/www.safinel.fr\/pt\/product-2\/fruta-4-costelas-3-pecas\/\">fruta de 4 lados<\/a><\/strong>, \u00e9 evidente que a natureza nos mima! Para aqueles que gostam particularmente de<strong>\u00a0tratamentos naturais<\/strong>, ent\u00e3o est\u00e1 no lugar certo. N\u00e3o hesite mais e aproveite ao m\u00e1ximo as nossas\u00a0<strong>produtos naturais 100%<\/strong>.<\/p>","protected":false},"excerpt":{"rendered":"<p>Hoje voc\u00ea est\u00e1 com sorte, porque vamos falar sobre frutas! O exotismo est\u00e1 em destaque, sementes e sabores agrad\u00e1veis, prepare-se para ser surpreendido! Vamos l\u00e1 com a casca de rom\u00e3. Voc\u00ea entendeu muito bem! Vamos falar mais sobre isso, ent\u00e3o fique atento. A casca de rom\u00e3: uma fruta, uma hist\u00f3ria!  Primeiro, [...]","protected":false},"featured_media":1023,"template":"","meta":[],"product_brand":[],"product_cat":[59,41],"product_tag":[],"class_list":{"0":"post-1047","1":"product","2":"type-product","3":"status-publish","4":"has-post-thumbnail","6":"product_cat-fruit-tropical","7":"product_cat-produits-naturels-divers","9":"first","10":"outofstock","11":"shipping-taxable","12":"purchasable","13":"product-type-simple"},"yoast_head":"<!-- This site is optimized with the Yoast SEO plugin v26.6 - https:\/\/yoast.com\/wordpress\/plugins\/seo\/ -->\n<title>Peau de grenade | Bienfaits nombreux | Achat en ligne s\u00e9curis\u00e9<\/title>\n<meta name=\"description\" content=\"En avant pour la\u00a0peau de grenade, une peau de fruit poss\u00e9dant des bienfaits nombreux au quotidien ! Achat rapide et s\u00e9curis\u00e9.\" \/>\n<meta name=\"robots\" content=\"index, follow, max-snippet:-1, max-image-preview:large, max-video-preview:-1\" \/>\n<link rel=\"canonical\" href=\"https:\/\/www.safinel.fr\/pt\/product-2\/casca-de-roma-50-g\/\" \/>\n<meta property=\"og:locale\" content=\"pt_PT\" \/>\n<meta property=\"og:type\" content=\"article\" \/>\n<meta property=\"og:title\" content=\"Peau de grenade | Bienfaits nombreux | Achat en ligne s\u00e9curis\u00e9\" \/>\n<meta property=\"og:description\" content=\"En avant pour la\u00a0peau de grenade, une peau de fruit poss\u00e9dant des bienfaits nombreux au quotidien ! Achat rapide et s\u00e9curis\u00e9.\" \/>\n<meta property=\"og:url\" content=\"https:\/\/www.safinel.fr\/pt\/product-2\/casca-de-roma-50-g\/\" \/>\n<meta property=\"og:site_name\" content=\"Safinel\" \/>\n<meta property=\"article:modified_time\" content=\"2024-03-19T16:36:58+00:00\" \/>\n<meta property=\"og:image\" content=\"https:\/\/www.safinel.fr\/wp-content\/uploads\/2022\/04\/peau-de-grenade.jpg\" \/>\n\t<meta property=\"og:image:width\" content=\"600\" \/>\n\t<meta property=\"og:image:height\" content=\"600\" \/>\n\t<meta property=\"og:image:type\" content=\"image\/jpeg\" \/>\n<meta name=\"twitter:card\" content=\"summary_large_image\" \/>\n<meta name=\"twitter:label1\" content=\"Tempo estimado de leitura\" \/>\n\t<meta name=\"twitter:data1\" content=\"2 minutos\" \/>\n<script type=\"application\/ld+json\" class=\"yoast-schema-graph\">{\"@context\":\"https:\/\/schema.org\",\"@graph\":[{\"@type\":\"WebPage\",\"@id\":\"https:\/\/www.safinel.fr\/produit\/peau-de-grenade-50g\/\",\"url\":\"https:\/\/www.safinel.fr\/produit\/peau-de-grenade-50g\/\",\"name\":\"Peau de grenade | Bienfaits nombreux | Achat en ligne s\u00e9curis\u00e9\",\"isPartOf\":{\"@id\":\"https:\/\/www.safinel.fr\/#website\"},\"primaryImageOfPage\":{\"@id\":\"https:\/\/www.safinel.fr\/produit\/peau-de-grenade-50g\/#primaryimage\"},\"image\":{\"@id\":\"https:\/\/www.safinel.fr\/produit\/peau-de-grenade-50g\/#primaryimage\"},\"thumbnailUrl\":\"https:\/\/www.safinel.fr\/wp-content\/uploads\/2022\/04\/peau-de-grenade.jpg\",\"datePublished\":\"2022-04-11T18:49:39+00:00\",\"dateModified\":\"2024-03-19T16:36:58+00:00\",\"description\":\"En avant pour la\u00a0peau de grenade, une peau de fruit poss\u00e9dant des bienfaits nombreux au quotidien ! Achat rapide et s\u00e9curis\u00e9.\",\"breadcrumb\":{\"@id\":\"https:\/\/www.safinel.fr\/produit\/peau-de-grenade-50g\/#breadcrumb\"},\"inLanguage\":\"pt-PT\",\"potentialAction\":[{\"@type\":\"ReadAction\",\"target\":[\"https:\/\/www.safinel.fr\/produit\/peau-de-grenade-50g\/\"]}]},{\"@type\":\"ImageObject\",\"inLanguage\":\"pt-PT\",\"@id\":\"https:\/\/www.safinel.fr\/produit\/peau-de-grenade-50g\/#primaryimage\",\"url\":\"https:\/\/www.safinel.fr\/wp-content\/uploads\/2022\/04\/peau-de-grenade.jpg\",\"contentUrl\":\"https:\/\/www.safinel.fr\/wp-content\/uploads\/2022\/04\/peau-de-grenade.jpg\",\"width\":600,\"height\":600,\"caption\":\"Peau de grenade\"},{\"@type\":\"BreadcrumbList\",\"@id\":\"https:\/\/www.safinel.fr\/produit\/peau-de-grenade-50g\/#breadcrumb\",\"itemListElement\":[{\"@type\":\"ListItem\",\"position\":1,\"name\":\"Accueil\",\"item\":\"https:\/\/www.safinel.fr\/\"},{\"@type\":\"ListItem\",\"position\":2,\"name\":\"Boutique\",\"item\":\"https:\/\/www.safinel.fr\/boutique\/\"},{\"@type\":\"ListItem\",\"position\":3,\"name\":\"Peau de grenade 50g\"}]},{\"@type\":\"WebSite\",\"@id\":\"https:\/\/www.safinel.fr\/#website\",\"url\":\"https:\/\/www.safinel.fr\/\",\"name\":\"Safinel\",\"description\":\"\",\"publisher\":{\"@id\":\"https:\/\/www.safinel.fr\/#organization\"},\"potentialAction\":[{\"@type\":\"SearchAction\",\"target\":{\"@type\":\"EntryPoint\",\"urlTemplate\":\"https:\/\/www.safinel.fr\/?s={search_term_string}\"},\"query-input\":{\"@type\":\"PropertyValueSpecification\",\"valueRequired\":true,\"valueName\":\"search_term_string\"}}],\"inLanguage\":\"pt-PT\"},{\"@type\":\"Organization\",\"@id\":\"https:\/\/www.safinel.fr\/#organization\",\"name\":\"Safinel\",\"url\":\"https:\/\/www.safinel.fr\/\",\"logo\":{\"@type\":\"ImageObject\",\"inLanguage\":\"pt-PT\",\"@id\":\"https:\/\/www.safinel.fr\/#\/schema\/logo\/image\/\",\"url\":\"https:\/\/www.safinel.fr\/wp-content\/uploads\/2021\/05\/boutique-cosmetique.png\",\"contentUrl\":\"https:\/\/www.safinel.fr\/wp-content\/uploads\/2021\/05\/boutique-cosmetique.png\",\"width\":800,\"height\":200,\"caption\":\"Safinel\"},\"image\":{\"@id\":\"https:\/\/www.safinel.fr\/#\/schema\/logo\/image\/\"}}]}<\/script>\n<!-- \/ Yoast SEO plugin. -->","yoast_head_json":{"title":"Casca de rom\u00e3 | In\u00fameros benef\u00edcios | Compra online segura","description":"Vamos l\u00e1 pela casca de rom\u00e3, uma casca de fruta com in\u00fameros benef\u00edcios para o dia a dia! Compra r\u00e1pida e segura.","robots":{"index":"index","follow":"follow","max-snippet":"max-snippet:-1","max-image-preview":"max-image-preview:large","max-video-preview":"max-video-preview:-1"},"canonical":"https:\/\/www.safinel.fr\/pt\/product-2\/casca-de-roma-50-g\/","og_locale":"pt_PT","og_type":"article","og_title":"Peau de grenade | Bienfaits nombreux | Achat en ligne s\u00e9curis\u00e9","og_description":"En avant pour la\u00a0peau de grenade, une peau de fruit poss\u00e9dant des bienfaits nombreux au quotidien ! Achat rapide et s\u00e9curis\u00e9.","og_url":"https:\/\/www.safinel.fr\/pt\/product-2\/casca-de-roma-50-g\/","og_site_name":"Safinel","article_modified_time":"2024-03-19T16:36:58+00:00","og_image":[{"width":600,"height":600,"url":"https:\/\/www.safinel.fr\/wp-content\/uploads\/2022\/04\/peau-de-grenade.jpg","type":"image\/jpeg"}],"twitter_card":"summary_large_image","twitter_misc":{"Tempo estimado de leitura":"2 minutos"},"schema":{"@context":"https:\/\/schema.org","@graph":[{"@type":"WebPage","@id":"https:\/\/www.safinel.fr\/produit\/peau-de-grenade-50g\/","url":"https:\/\/www.safinel.fr\/produit\/peau-de-grenade-50g\/","name":"Casca de rom\u00e3 | In\u00fameros benef\u00edcios | Compra online segura","isPartOf":{"@id":"https:\/\/www.safinel.fr\/#website"},"primaryImageOfPage":{"@id":"https:\/\/www.safinel.fr\/produit\/peau-de-grenade-50g\/#primaryimage"},"image":{"@id":"https:\/\/www.safinel.fr\/produit\/peau-de-grenade-50g\/#primaryimage"},"thumbnailUrl":"https:\/\/www.safinel.fr\/wp-content\/uploads\/2022\/04\/peau-de-grenade.jpg","datePublished":"2022-04-11T18:49:39+00:00","dateModified":"2024-03-19T16:36:58+00:00","description":"Vamos l\u00e1 pela casca de rom\u00e3, uma casca de fruta com in\u00fameros benef\u00edcios para o dia a dia! Compra r\u00e1pida e segura.","breadcrumb":{"@id":"https:\/\/www.safinel.fr\/produit\/peau-de-grenade-50g\/#breadcrumb"},"inLanguage":"pt-PT","potentialAction":[{"@type":"ReadAction","target":["https:\/\/www.safinel.fr\/produit\/peau-de-grenade-50g\/"]}]},{"@type":"ImageObject","inLanguage":"pt-PT","@id":"https:\/\/www.safinel.fr\/produit\/peau-de-grenade-50g\/#primaryimage","url":"https:\/\/www.safinel.fr\/wp-content\/uploads\/2022\/04\/peau-de-grenade.jpg","contentUrl":"https:\/\/www.safinel.fr\/wp-content\/uploads\/2022\/04\/peau-de-grenade.jpg","width":600,"height":600,"caption":"Peau de grenade"},{"@type":"BreadcrumbList","@id":"https:\/\/www.safinel.fr\/produit\/peau-de-grenade-50g\/#breadcrumb","itemListElement":[{"@type":"ListItem","position":1,"name":"Accueil","item":"https:\/\/www.safinel.fr\/"},{"@type":"ListItem","position":2,"name":"Boutique","item":"https:\/\/www.safinel.fr\/boutique\/"},{"@type":"ListItem","position":3,"name":"Peau de grenade 50g"}]},{"@type":"WebSite","@id":"https:\/\/www.safinel.fr\/#website","url":"https:\/\/www.safinel.fr\/","name":"Safinel","description":"","publisher":{"@id":"https:\/\/www.safinel.fr\/#organization"},"potentialAction":[{"@type":"SearchAction","target":{"@type":"EntryPoint","urlTemplate":"https:\/\/www.safinel.fr\/?s={search_term_string}"},"query-input":{"@type":"PropertyValueSpecification","valueRequired":true,"valueName":"search_term_string"}}],"inLanguage":"pt-PT"},{"@type":"Organization","@id":"https:\/\/www.safinel.fr\/#organization","name":"Safinel","url":"https:\/\/www.safinel.fr\/","logo":{"@type":"ImageObject","inLanguage":"pt-PT","@id":"https:\/\/www.safinel.fr\/#\/schema\/logo\/image\/","url":"https:\/\/www.safinel.fr\/wp-content\/uploads\/2021\/05\/boutique-cosmetique.png","contentUrl":"https:\/\/www.safinel.fr\/wp-content\/uploads\/2021\/05\/boutique-cosmetique.png","width":800,"height":200,"caption":"Safinel"},"image":{"@id":"https:\/\/www.safinel.fr\/#\/schema\/logo\/image\/"}}]}},"_links":{"self":[{"href":"https:\/\/www.safinel.fr\/pt\/wp-json\/wp\/v2\/product\/1047","targetHints":{"allow":["GET"]}}],"collection":[{"href":"https:\/\/www.safinel.fr\/pt\/wp-json\/wp\/v2\/product"}],"about":[{"href":"https:\/\/www.safinel.fr\/pt\/wp-json\/wp\/v2\/types\/product"}],"wp:featuredmedia":[{"embeddable":true,"href":"https:\/\/www.safinel.fr\/pt\/wp-json\/wp\/v2\/media\/1023"}],"wp:attachment":[{"href":"https:\/\/www.safinel.fr\/pt\/wp-json\/wp\/v2\/media?parent=1047"}],"wp:term":[{"taxonomy":"product_brand","embeddable":true,"href":"https:\/\/www.safinel.fr\/pt\/wp-json\/wp\/v2\/product_brand?post=1047"},{"taxonomy":"product_cat","embeddable":true,"href":"https:\/\/www.safinel.fr\/pt\/wp-json\/wp\/v2\/product_cat?post=1047"},{"taxonomy":"product_tag","embeddable":true,"href":"https:\/\/www.safinel.fr\/pt\/wp-json\/wp\/v2\/product_tag?post=1047"}],"curies":[{"name":"wp","href":"https:\/\/api.w.org\/{rel}","templated":true}]}}