{"id":1044,"date":"2022-04-11T10:45:08","date_gmt":"2022-04-11T10:45:08","guid":{"rendered":"https:\/\/www.safinel.fr\/?post_type=product&#038;p=1044"},"modified":"2023-12-28T17:15:13","modified_gmt":"2023-12-28T17:15:13","slug":"akpi-em-semente","status":"publish","type":"product","link":"https:\/\/www.safinel.fr\/pt\/product-2\/akpi-em-semente\/","title":{"rendered":"Sementes de Akpi 100 g"},"content":{"rendered":"<p>A amplitude dos benef\u00edcios<strong>\u00a0da natureza<\/strong>\u00a0sempre surpreender\u00e1... De facto, esta \u00faltima \u00e9 conhecida por muitas virtudes, e isso em v\u00e1rios dom\u00ednios. Assim, na cozinha ou no bem-estar, a\u2019<strong>akpi em semente<\/strong>\u00a0est\u00e1 em destaque!<\/p>\n<p>Como sempre, a sua loja Safinel est\u00e1 sempre empenhada em oferecer-lhe\u00a0<strong>produtos naturais<\/strong>\u00a0que podem ser adequados para si.<\/p>\n<h2><strong>A semente de Akpi: j\u00e1 ouviu falar dela?<\/strong><\/h2>\n<p>Fa\u00e7a as malas, vamos mudar de continente, sente-se e siga para \u00c1frica! Como sabe, este continente possui uma\u00a0<strong>riqueza natural<\/strong>\u00a0dos mais not\u00e1veis.<\/p>\n<p>J\u00e1 ouviu falar do\u00a0<strong>Ricinodendron heudelotii<\/strong>\u00a0N\u00e3o se preocupe, vamos contar-lhe mais! O Ricinodendron \u00e9 um\u00a0<strong>\u00e1rvore africana<\/strong>\u00a0em que se podem ver esp\u00e9cies de\u00a0<strong>nozes chamadas Akpi<\/strong>\u00a0Estas \u00faltimas, muito procuradas, s\u00e3o utilizadas por diversos motivos!<\/p>\n<h2><strong>Os benef\u00edcios da semente de Akpi\u00a0<\/strong><\/h2>\n<p>Voc\u00ea pode encontrar o Akpi em sementes ou ent\u00e3o\u00a0<strong>em p\u00f3<\/strong>. Ambas t\u00eam muitas virtudes!<\/p>\n<p>Assim, este\u00a0<strong>produto natural<\/strong>\u00a0\u00e9 conhecido:<\/p>\n<ul>\n<li>Como o<strong>\u00a0fenogreco,\u00a0<\/strong>o akpipeut ajudar a\u00a0<strong>tonificar os gl\u00fateos<\/strong>\u00a0e o peito<\/li>\n<li>Ajudar a combater os<strong>\u00a0problemas de pele<\/strong>\u00a0(rugas, olheiras, estrias)<\/li>\n<li>Tamb\u00e9m pode ajudar a aliviar os m\u00fasculos ap\u00f3s um esfor\u00e7o f\u00edsico<\/li>\n<li>Por vezes utilizado em certas prepara\u00e7\u00f5es culin\u00e1rias africanas<\/li>\n<\/ul>\n<p>Para mulheres gr\u00e1vidas, n\u00e3o hesite em consultar o seu m\u00e9dico.<\/p>\n<h3><strong>A natureza \u00e9 \u00f3tima! Queremos mais... \u00a0<\/strong><\/h3>\n<p>Se gosta do que o seu especialista em<strong>\u00a0produtos naturais<\/strong>, ainda h\u00e1 muito para descobrir!\u00a0<a href=\"https:\/\/www.safinel.fr\/pt\/product-2\/urtiga-picante-100-g\/\"><strong>Urtiga picante<\/strong><\/a>,\u00a0<strong>s\u00e1lvia esclareia<\/strong>\u00a0ou ainda\u00a0<a href=\"https:\/\/www.safinel.fr\/pt\/product-2\/erva-moura-africana-para-fertilidade\/\"><strong>ch\u00e1 africano para fertilidade<\/strong>,<\/a> A natureza est\u00e1 \u00e0 sua espera.<\/p>\n<p>\u00c9 verdade que alguns problemas podem ser atenuados atrav\u00e9s de\u00a0<strong>plantas medicinais<\/strong>. \u00c9 por isso que a Safinel deseja apresentar-lhe alguns deles, para que possa descobrir o poder que se esconde \u00e0 sua volta! N\u00e3o perca mais tempo e venha desfrutar dos nossos in\u00fameros produtos que certamente o ir\u00e3o seduzir!<\/p>","protected":false},"excerpt":{"rendered":"<p>A extens\u00e3o dos benef\u00edcios da natureza \u00e9 surpreendente... De facto, a natureza \u00e9 conhecida por uma s\u00e9rie de virtudes em v\u00e1rios dom\u00ednios. Assim, seja na cozinha ou no bem-estar, as sementes de akpi est\u00e3o no centro das aten\u00e7\u00f5es! Como sempre, a sua loja Safinel est\u00e1 sempre disposta a oferecer-lhe produtos naturais que s\u00e3o ideais para si. Sementes de akpi: em [...]","protected":false},"featured_media":1024,"template":"","meta":[],"product_brand":[],"product_cat":[41],"product_tag":[],"class_list":{"0":"post-1044","1":"product","2":"type-product","3":"status-publish","4":"has-post-thumbnail","6":"product_cat-produits-naturels-divers","8":"first","9":"instock","10":"shipping-taxable","11":"purchasable","12":"product-type-simple"},"yoast_head":"<!-- This site is optimized with the Yoast SEO plugin v26.6 - https:\/\/yoast.com\/wordpress\/plugins\/seo\/ -->\n<title>Akpi en graine | Graine naturelle aux bienfaits nombreux<\/title>\n<meta name=\"description\" content=\"En cuisine ou c\u00f4t\u00e9 bien-\u00eatre, l\u2019akpi en graine\u00a0est \u00e0 l\u2019honneur !\u00a0Adoptez-l\u00e0 sans plus attendre en quelques clics !\" \/>\n<meta name=\"robots\" content=\"index, follow, max-snippet:-1, max-image-preview:large, max-video-preview:-1\" \/>\n<link rel=\"canonical\" href=\"https:\/\/www.safinel.fr\/pt\/product-2\/akpi-em-semente\/\" \/>\n<meta property=\"og:locale\" content=\"pt_PT\" \/>\n<meta property=\"og:type\" content=\"article\" \/>\n<meta property=\"og:title\" content=\"Akpi en graine | Graine naturelle aux bienfaits nombreux\" \/>\n<meta property=\"og:description\" content=\"En cuisine ou c\u00f4t\u00e9 bien-\u00eatre, l\u2019akpi en graine\u00a0est \u00e0 l\u2019honneur !\u00a0Adoptez-l\u00e0 sans plus attendre en quelques clics !\" \/>\n<meta property=\"og:url\" content=\"https:\/\/www.safinel.fr\/pt\/product-2\/akpi-em-semente\/\" \/>\n<meta property=\"og:site_name\" content=\"Safinel\" \/>\n<meta property=\"article:modified_time\" content=\"2023-12-28T17:15:13+00:00\" \/>\n<meta property=\"og:image\" content=\"https:\/\/www.safinel.fr\/wp-content\/uploads\/2022\/04\/akpi-en-graine.jpg\" \/>\n\t<meta property=\"og:image:width\" content=\"600\" \/>\n\t<meta property=\"og:image:height\" content=\"600\" \/>\n\t<meta property=\"og:image:type\" content=\"image\/jpeg\" \/>\n<meta name=\"twitter:card\" content=\"summary_large_image\" \/>\n<meta name=\"twitter:label1\" content=\"Tempo estimado de leitura\" \/>\n\t<meta name=\"twitter:data1\" content=\"2 minutos\" \/>\n<script type=\"application\/ld+json\" class=\"yoast-schema-graph\">{\"@context\":\"https:\/\/schema.org\",\"@graph\":[{\"@type\":\"WebPage\",\"@id\":\"https:\/\/www.safinel.fr\/produit\/akpi-en-graine\/\",\"url\":\"https:\/\/www.safinel.fr\/produit\/akpi-en-graine\/\",\"name\":\"Akpi en graine | Graine naturelle aux bienfaits nombreux\",\"isPartOf\":{\"@id\":\"https:\/\/www.safinel.fr\/#website\"},\"primaryImageOfPage\":{\"@id\":\"https:\/\/www.safinel.fr\/produit\/akpi-en-graine\/#primaryimage\"},\"image\":{\"@id\":\"https:\/\/www.safinel.fr\/produit\/akpi-en-graine\/#primaryimage\"},\"thumbnailUrl\":\"https:\/\/www.safinel.fr\/wp-content\/uploads\/2022\/04\/akpi-en-graine.jpg\",\"datePublished\":\"2022-04-11T10:45:08+00:00\",\"dateModified\":\"2023-12-28T17:15:13+00:00\",\"description\":\"En cuisine ou c\u00f4t\u00e9 bien-\u00eatre, l\u2019akpi en graine\u00a0est \u00e0 l\u2019honneur !\u00a0Adoptez-l\u00e0 sans plus attendre en quelques clics !\",\"breadcrumb\":{\"@id\":\"https:\/\/www.safinel.fr\/produit\/akpi-en-graine\/#breadcrumb\"},\"inLanguage\":\"pt-PT\",\"potentialAction\":[{\"@type\":\"ReadAction\",\"target\":[\"https:\/\/www.safinel.fr\/produit\/akpi-en-graine\/\"]}]},{\"@type\":\"ImageObject\",\"inLanguage\":\"pt-PT\",\"@id\":\"https:\/\/www.safinel.fr\/produit\/akpi-en-graine\/#primaryimage\",\"url\":\"https:\/\/www.safinel.fr\/wp-content\/uploads\/2022\/04\/akpi-en-graine.jpg\",\"contentUrl\":\"https:\/\/www.safinel.fr\/wp-content\/uploads\/2022\/04\/akpi-en-graine.jpg\",\"width\":600,\"height\":600,\"caption\":\"Akpi en graine 100g\"},{\"@type\":\"BreadcrumbList\",\"@id\":\"https:\/\/www.safinel.fr\/produit\/akpi-en-graine\/#breadcrumb\",\"itemListElement\":[{\"@type\":\"ListItem\",\"position\":1,\"name\":\"Accueil\",\"item\":\"https:\/\/www.safinel.fr\/\"},{\"@type\":\"ListItem\",\"position\":2,\"name\":\"Boutique\",\"item\":\"https:\/\/www.safinel.fr\/boutique\/\"},{\"@type\":\"ListItem\",\"position\":3,\"name\":\"Akpi en graine 100g\"}]},{\"@type\":\"WebSite\",\"@id\":\"https:\/\/www.safinel.fr\/#website\",\"url\":\"https:\/\/www.safinel.fr\/\",\"name\":\"Safinel\",\"description\":\"\",\"publisher\":{\"@id\":\"https:\/\/www.safinel.fr\/#organization\"},\"potentialAction\":[{\"@type\":\"SearchAction\",\"target\":{\"@type\":\"EntryPoint\",\"urlTemplate\":\"https:\/\/www.safinel.fr\/?s={search_term_string}\"},\"query-input\":{\"@type\":\"PropertyValueSpecification\",\"valueRequired\":true,\"valueName\":\"search_term_string\"}}],\"inLanguage\":\"pt-PT\"},{\"@type\":\"Organization\",\"@id\":\"https:\/\/www.safinel.fr\/#organization\",\"name\":\"Safinel\",\"url\":\"https:\/\/www.safinel.fr\/\",\"logo\":{\"@type\":\"ImageObject\",\"inLanguage\":\"pt-PT\",\"@id\":\"https:\/\/www.safinel.fr\/#\/schema\/logo\/image\/\",\"url\":\"https:\/\/www.safinel.fr\/wp-content\/uploads\/2021\/05\/boutique-cosmetique.png\",\"contentUrl\":\"https:\/\/www.safinel.fr\/wp-content\/uploads\/2021\/05\/boutique-cosmetique.png\",\"width\":800,\"height\":200,\"caption\":\"Safinel\"},\"image\":{\"@id\":\"https:\/\/www.safinel.fr\/#\/schema\/logo\/image\/\"}}]}<\/script>\n<!-- \/ Yoast SEO plugin. -->","yoast_head_json":{"title":"Semente de Akpi | Semente natural com in\u00fameros benef\u00edcios","description":"Na cozinha ou no bem-estar, a semente de akpi est\u00e1 em destaque! Adote-a sem mais demora com apenas alguns cliques!","robots":{"index":"index","follow":"follow","max-snippet":"max-snippet:-1","max-image-preview":"max-image-preview:large","max-video-preview":"max-video-preview:-1"},"canonical":"https:\/\/www.safinel.fr\/pt\/product-2\/akpi-em-semente\/","og_locale":"pt_PT","og_type":"article","og_title":"Akpi en graine | Graine naturelle aux bienfaits nombreux","og_description":"En cuisine ou c\u00f4t\u00e9 bien-\u00eatre, l\u2019akpi en graine\u00a0est \u00e0 l\u2019honneur !\u00a0Adoptez-l\u00e0 sans plus attendre en quelques clics !","og_url":"https:\/\/www.safinel.fr\/pt\/product-2\/akpi-em-semente\/","og_site_name":"Safinel","article_modified_time":"2023-12-28T17:15:13+00:00","og_image":[{"width":600,"height":600,"url":"https:\/\/www.safinel.fr\/wp-content\/uploads\/2022\/04\/akpi-en-graine.jpg","type":"image\/jpeg"}],"twitter_card":"summary_large_image","twitter_misc":{"Tempo estimado de leitura":"2 minutos"},"schema":{"@context":"https:\/\/schema.org","@graph":[{"@type":"WebPage","@id":"https:\/\/www.safinel.fr\/produit\/akpi-en-graine\/","url":"https:\/\/www.safinel.fr\/produit\/akpi-en-graine\/","name":"Semente de Akpi | Semente natural com in\u00fameros benef\u00edcios","isPartOf":{"@id":"https:\/\/www.safinel.fr\/#website"},"primaryImageOfPage":{"@id":"https:\/\/www.safinel.fr\/produit\/akpi-en-graine\/#primaryimage"},"image":{"@id":"https:\/\/www.safinel.fr\/produit\/akpi-en-graine\/#primaryimage"},"thumbnailUrl":"https:\/\/www.safinel.fr\/wp-content\/uploads\/2022\/04\/akpi-en-graine.jpg","datePublished":"2022-04-11T10:45:08+00:00","dateModified":"2023-12-28T17:15:13+00:00","description":"Na cozinha ou no bem-estar, a semente de akpi est\u00e1 em destaque! Adote-a sem mais demora com apenas alguns cliques!","breadcrumb":{"@id":"https:\/\/www.safinel.fr\/produit\/akpi-en-graine\/#breadcrumb"},"inLanguage":"pt-PT","potentialAction":[{"@type":"ReadAction","target":["https:\/\/www.safinel.fr\/produit\/akpi-en-graine\/"]}]},{"@type":"ImageObject","inLanguage":"pt-PT","@id":"https:\/\/www.safinel.fr\/produit\/akpi-en-graine\/#primaryimage","url":"https:\/\/www.safinel.fr\/wp-content\/uploads\/2022\/04\/akpi-en-graine.jpg","contentUrl":"https:\/\/www.safinel.fr\/wp-content\/uploads\/2022\/04\/akpi-en-graine.jpg","width":600,"height":600,"caption":"Akpi en graine 100g"},{"@type":"BreadcrumbList","@id":"https:\/\/www.safinel.fr\/produit\/akpi-en-graine\/#breadcrumb","itemListElement":[{"@type":"ListItem","position":1,"name":"Accueil","item":"https:\/\/www.safinel.fr\/"},{"@type":"ListItem","position":2,"name":"Boutique","item":"https:\/\/www.safinel.fr\/boutique\/"},{"@type":"ListItem","position":3,"name":"Akpi en graine 100g"}]},{"@type":"WebSite","@id":"https:\/\/www.safinel.fr\/#website","url":"https:\/\/www.safinel.fr\/","name":"Safinel","description":"","publisher":{"@id":"https:\/\/www.safinel.fr\/#organization"},"potentialAction":[{"@type":"SearchAction","target":{"@type":"EntryPoint","urlTemplate":"https:\/\/www.safinel.fr\/?s={search_term_string}"},"query-input":{"@type":"PropertyValueSpecification","valueRequired":true,"valueName":"search_term_string"}}],"inLanguage":"pt-PT"},{"@type":"Organization","@id":"https:\/\/www.safinel.fr\/#organization","name":"Safinel","url":"https:\/\/www.safinel.fr\/","logo":{"@type":"ImageObject","inLanguage":"pt-PT","@id":"https:\/\/www.safinel.fr\/#\/schema\/logo\/image\/","url":"https:\/\/www.safinel.fr\/wp-content\/uploads\/2021\/05\/boutique-cosmetique.png","contentUrl":"https:\/\/www.safinel.fr\/wp-content\/uploads\/2021\/05\/boutique-cosmetique.png","width":800,"height":200,"caption":"Safinel"},"image":{"@id":"https:\/\/www.safinel.fr\/#\/schema\/logo\/image\/"}}]}},"_links":{"self":[{"href":"https:\/\/www.safinel.fr\/pt\/wp-json\/wp\/v2\/product\/1044","targetHints":{"allow":["GET"]}}],"collection":[{"href":"https:\/\/www.safinel.fr\/pt\/wp-json\/wp\/v2\/product"}],"about":[{"href":"https:\/\/www.safinel.fr\/pt\/wp-json\/wp\/v2\/types\/product"}],"wp:featuredmedia":[{"embeddable":true,"href":"https:\/\/www.safinel.fr\/pt\/wp-json\/wp\/v2\/media\/1024"}],"wp:attachment":[{"href":"https:\/\/www.safinel.fr\/pt\/wp-json\/wp\/v2\/media?parent=1044"}],"wp:term":[{"taxonomy":"product_brand","embeddable":true,"href":"https:\/\/www.safinel.fr\/pt\/wp-json\/wp\/v2\/product_brand?post=1044"},{"taxonomy":"product_cat","embeddable":true,"href":"https:\/\/www.safinel.fr\/pt\/wp-json\/wp\/v2\/product_cat?post=1044"},{"taxonomy":"product_tag","embeddable":true,"href":"https:\/\/www.safinel.fr\/pt\/wp-json\/wp\/v2\/product_tag?post=1044"}],"curies":[{"name":"wp","href":"https:\/\/api.w.org\/{rel}","templated":true}]}}