{"id":1043,"date":"2022-04-11T10:42:29","date_gmt":"2022-04-11T10:42:29","guid":{"rendered":"https:\/\/www.safinel.fr\/?post_type=product&#038;p=1043"},"modified":"2024-02-21T11:03:21","modified_gmt":"2024-02-21T11:03:21","slug":"casca-de-manga","status":"publish","type":"product","link":"https:\/\/www.safinel.fr\/pt\/product-2\/casca-de-manga\/","title":{"rendered":"Casca de manga 100 g"},"content":{"rendered":"<p>Chegou a pausa feminina, \u00e9 hora de cuidar de voc\u00eas, senhoras! Larguem tudo o que t\u00eam nas m\u00e3os e preparem-se para se concentrarem em voc\u00eas mesmas. Fechem a porta atr\u00e1s de voc\u00eas, porque vamos falar sobre intimidade, apresentando-lhes o<strong>\u2018casca de manga<\/strong>\u00a0!<\/p>\n<h2><strong>Um pouco mais sobre a casca da mangueira\u00a0<\/strong><\/h2>\n<p>Em primeiro lugar, \u00e9 importante saber que esta \u00e1rvore da<strong>\u00a0fam\u00edlia das anacardiaceas<\/strong>\u00a0d\u00e1 as famosas e muito suculentas\u00a0<strong>mangas\u00a0<\/strong>! Estas \u00faltimas fazem parte das\u00a0<strong>frutas ex\u00f3ticas<\/strong>\u00a0os mais apreciados da Fran\u00e7a!<\/p>\n<p>Al\u00e9m disso, a mangueira possui outras virtudes, nomeadamente atrav\u00e9s das suas folhas, mas tamb\u00e9m da sua casca. \u00c9 por esta raz\u00e3o que o seu especialista em\u00a0<strong>produtos naturais<\/strong>\u00a0destaca este produto que pode vir a agradar-lhe.<\/p>\n<h2><strong>Conhece os benef\u00edcios da casca da mangueira?<\/strong><\/h2>\n<p>Se ainda n\u00e3o conhece as virtudes desta casca, verifique novamente se a porta est\u00e1 bem fechada, pois vamos entrar no cerne da quest\u00e3o. As cascas de manga s\u00e3o conhecidas por in\u00fameras propriedades:<\/p>\n<ul>\n<li>Ajudar a combater os\u00a0<strong>odores vaginais<\/strong><\/li>\n<li>Ser uma mais-valia para\u00a0<strong>reafirmar a vagina\u00a0<\/strong><\/li>\n<li>Benef\u00edcio<strong>\u00a0contra os<\/strong>\u00a0<strong>perdas brancas\u00a0<\/strong><\/li>\n<li>Ajudar contra a comich\u00e3o<\/li>\n<li>Ser eficaz na luta contra as hemorr\u00f3idas<\/li>\n<\/ul>\n<p>Agora j\u00e1 percebeu que esta<strong>\u00a0planta medicinal natural 100%<\/strong>\u00a0pode ser uma mais-valia no dia a dia, senhoras! Mas a quest\u00e3o que se coloca neste momento \u00e9: como utiliz\u00e1-lo?<\/p>\n<h3><strong>E se pass\u00e1ssemos \u00e0 pr\u00e1tica?\u00a0<\/strong><\/h3>\n<p>Um pouco como para os\u00a0<a href=\"https:\/\/www.safinel.fr\/pt\/product-2\/folha-de-eucalipto\/\"><strong>folhas de eucalipto<\/strong><\/a>\u00a0ou para os\u00a0<a href=\"https:\/\/www.safinel.fr\/pt\/product-2\/folhas-de-tulsi\/\"><strong>folhas de tulsi<\/strong><\/a>, \u00e9 necess\u00e1rio ter uma panela. Em seguida, ferva as cascas dentro dela.<\/p>\n<p>Em seguida, ap\u00f3s ferver, deixe arrefecer para que o<strong>\u2019A \u00e1gua impregna as cascas<\/strong>\u00a0! E, para terminar, \u00e9 a vez da\u00a0<strong>higiene \u00edntima<\/strong>.<\/p>\n<p>Com luvas limpas, use a sua prepara\u00e7\u00e3o para limpar as suas partes \u00edntimas, sem ir em profundidade.<\/p>\n<p>Agora voc\u00ea tem o segredo para recuperar uma\u00a0<strong>higiene \u00edntima<\/strong>\u00a0Impec\u00e1vel, senhoras!<\/p>","protected":false},"excerpt":{"rendered":"<p>La pause f\u00e9minine est arriv\u00e9e, il est temps de prendre soin de vous, mesdames ! Posez tout ce que vous avez dans les mains et pr\u00e9parez-vous \u00e0 vous recentrer sur vous-m\u00eame. Fermez la porte derri\u00e8re vous, car nous allons parler intimit\u00e9en vous pr\u00e9sentant l&lsquo;\u00e9corce de manguier\u00a0! Petit zoom sur l&rsquo;\u00e9corce de manguier\u00a0 Tout d\u2019abord, ce [&#8230;]","protected":false},"featured_media":1027,"template":"","meta":[],"product_brand":[],"product_cat":[59,27],"product_tag":[],"class_list":{"0":"post-1043","1":"product","2":"type-product","3":"status-publish","4":"has-post-thumbnail","6":"product_cat-fruit-tropical","7":"product_cat-plantes-medicinales","9":"first","10":"instock","11":"shipping-taxable","12":"purchasable","13":"product-type-simple"},"yoast_head":"<!-- This site is optimized with the Yoast SEO plugin v26.6 - https:\/\/yoast.com\/wordpress\/plugins\/seo\/ -->\n<title>\u00c9corce de manguier | Bienfaits nombreux | Achat en ligne s\u00e9curis\u00e9<\/title>\n<meta name=\"description\" content=\"Fermez la porte derri\u00e8re vous, car nous allons parler intimit\u00e9 en vous pr\u00e9sentant l&#039;\u00e9corce de manguier\u00a0! Bonne d\u00e9couverte !\" \/>\n<meta name=\"robots\" content=\"index, follow, max-snippet:-1, max-image-preview:large, max-video-preview:-1\" \/>\n<link rel=\"canonical\" href=\"https:\/\/www.safinel.fr\/pt\/product-2\/casca-de-manga\/\" \/>\n<meta property=\"og:locale\" content=\"pt_PT\" \/>\n<meta property=\"og:type\" content=\"article\" \/>\n<meta property=\"og:title\" content=\"\u00c9corce de manguier | Bienfaits nombreux | Achat en ligne s\u00e9curis\u00e9\" \/>\n<meta property=\"og:description\" content=\"Fermez la porte derri\u00e8re vous, car nous allons parler intimit\u00e9 en vous pr\u00e9sentant l&#039;\u00e9corce de manguier\u00a0! Bonne d\u00e9couverte !\" \/>\n<meta property=\"og:url\" content=\"https:\/\/www.safinel.fr\/pt\/product-2\/casca-de-manga\/\" \/>\n<meta property=\"og:site_name\" content=\"Safinel\" \/>\n<meta property=\"article:modified_time\" content=\"2024-02-21T11:03:21+00:00\" \/>\n<meta property=\"og:image\" content=\"https:\/\/www.safinel.fr\/wp-content\/uploads\/2022\/04\/ecorces-de-manguier.jpg\" \/>\n\t<meta property=\"og:image:width\" content=\"600\" \/>\n\t<meta property=\"og:image:height\" content=\"600\" \/>\n\t<meta property=\"og:image:type\" content=\"image\/jpeg\" \/>\n<meta name=\"twitter:card\" content=\"summary_large_image\" \/>\n<meta name=\"twitter:label1\" content=\"Tempo estimado de leitura\" \/>\n\t<meta name=\"twitter:data1\" content=\"2 minutos\" \/>\n<script type=\"application\/ld+json\" class=\"yoast-schema-graph\">{\"@context\":\"https:\/\/schema.org\",\"@graph\":[{\"@type\":\"WebPage\",\"@id\":\"https:\/\/www.safinel.fr\/produit\/ecorce-de-manguier\/\",\"url\":\"https:\/\/www.safinel.fr\/produit\/ecorce-de-manguier\/\",\"name\":\"\u00c9corce de manguier | Bienfaits nombreux | Achat en ligne s\u00e9curis\u00e9\",\"isPartOf\":{\"@id\":\"https:\/\/www.safinel.fr\/#website\"},\"primaryImageOfPage\":{\"@id\":\"https:\/\/www.safinel.fr\/produit\/ecorce-de-manguier\/#primaryimage\"},\"image\":{\"@id\":\"https:\/\/www.safinel.fr\/produit\/ecorce-de-manguier\/#primaryimage\"},\"thumbnailUrl\":\"https:\/\/www.safinel.fr\/wp-content\/uploads\/2022\/04\/ecorces-de-manguier.jpg\",\"datePublished\":\"2022-04-11T10:42:29+00:00\",\"dateModified\":\"2024-02-21T11:03:21+00:00\",\"description\":\"Fermez la porte derri\u00e8re vous, car nous allons parler intimit\u00e9 en vous pr\u00e9sentant l'\u00e9corce de manguier\u00a0! Bonne d\u00e9couverte !\",\"breadcrumb\":{\"@id\":\"https:\/\/www.safinel.fr\/produit\/ecorce-de-manguier\/#breadcrumb\"},\"inLanguage\":\"pt-PT\",\"potentialAction\":[{\"@type\":\"ReadAction\",\"target\":[\"https:\/\/www.safinel.fr\/produit\/ecorce-de-manguier\/\"]}]},{\"@type\":\"ImageObject\",\"inLanguage\":\"pt-PT\",\"@id\":\"https:\/\/www.safinel.fr\/produit\/ecorce-de-manguier\/#primaryimage\",\"url\":\"https:\/\/www.safinel.fr\/wp-content\/uploads\/2022\/04\/ecorces-de-manguier.jpg\",\"contentUrl\":\"https:\/\/www.safinel.fr\/wp-content\/uploads\/2022\/04\/ecorces-de-manguier.jpg\",\"width\":600,\"height\":600,\"caption\":\"\u00e9corces de manguier\"},{\"@type\":\"BreadcrumbList\",\"@id\":\"https:\/\/www.safinel.fr\/produit\/ecorce-de-manguier\/#breadcrumb\",\"itemListElement\":[{\"@type\":\"ListItem\",\"position\":1,\"name\":\"Accueil\",\"item\":\"https:\/\/www.safinel.fr\/\"},{\"@type\":\"ListItem\",\"position\":2,\"name\":\"Boutique\",\"item\":\"https:\/\/www.safinel.fr\/boutique\/\"},{\"@type\":\"ListItem\",\"position\":3,\"name\":\"\u00c9corce de manguier 100g\"}]},{\"@type\":\"WebSite\",\"@id\":\"https:\/\/www.safinel.fr\/#website\",\"url\":\"https:\/\/www.safinel.fr\/\",\"name\":\"Safinel\",\"description\":\"\",\"publisher\":{\"@id\":\"https:\/\/www.safinel.fr\/#organization\"},\"potentialAction\":[{\"@type\":\"SearchAction\",\"target\":{\"@type\":\"EntryPoint\",\"urlTemplate\":\"https:\/\/www.safinel.fr\/?s={search_term_string}\"},\"query-input\":{\"@type\":\"PropertyValueSpecification\",\"valueRequired\":true,\"valueName\":\"search_term_string\"}}],\"inLanguage\":\"pt-PT\"},{\"@type\":\"Organization\",\"@id\":\"https:\/\/www.safinel.fr\/#organization\",\"name\":\"Safinel\",\"url\":\"https:\/\/www.safinel.fr\/\",\"logo\":{\"@type\":\"ImageObject\",\"inLanguage\":\"pt-PT\",\"@id\":\"https:\/\/www.safinel.fr\/#\/schema\/logo\/image\/\",\"url\":\"https:\/\/www.safinel.fr\/wp-content\/uploads\/2021\/05\/boutique-cosmetique.png\",\"contentUrl\":\"https:\/\/www.safinel.fr\/wp-content\/uploads\/2021\/05\/boutique-cosmetique.png\",\"width\":800,\"height\":200,\"caption\":\"Safinel\"},\"image\":{\"@id\":\"https:\/\/www.safinel.fr\/#\/schema\/logo\/image\/\"}}]}<\/script>\n<!-- \/ Yoast SEO plugin. -->","yoast_head_json":{"title":"Casca de manga | In\u00fameros benef\u00edcios | Compra online segura","description":"Feche a porta atr\u00e1s de si, pois vamos falar sobre intimidade ao apresentar-lhe a casca da mangueira! Boa descoberta!","robots":{"index":"index","follow":"follow","max-snippet":"max-snippet:-1","max-image-preview":"max-image-preview:large","max-video-preview":"max-video-preview:-1"},"canonical":"https:\/\/www.safinel.fr\/pt\/product-2\/casca-de-manga\/","og_locale":"pt_PT","og_type":"article","og_title":"\u00c9corce de manguier | Bienfaits nombreux | Achat en ligne s\u00e9curis\u00e9","og_description":"Fermez la porte derri\u00e8re vous, car nous allons parler intimit\u00e9 en vous pr\u00e9sentant l'\u00e9corce de manguier\u00a0! Bonne d\u00e9couverte !","og_url":"https:\/\/www.safinel.fr\/pt\/product-2\/casca-de-manga\/","og_site_name":"Safinel","article_modified_time":"2024-02-21T11:03:21+00:00","og_image":[{"width":600,"height":600,"url":"https:\/\/www.safinel.fr\/wp-content\/uploads\/2022\/04\/ecorces-de-manguier.jpg","type":"image\/jpeg"}],"twitter_card":"summary_large_image","twitter_misc":{"Tempo estimado de leitura":"2 minutos"},"schema":{"@context":"https:\/\/schema.org","@graph":[{"@type":"WebPage","@id":"https:\/\/www.safinel.fr\/produit\/ecorce-de-manguier\/","url":"https:\/\/www.safinel.fr\/produit\/ecorce-de-manguier\/","name":"Casca de manga | In\u00fameros benef\u00edcios | Compra online segura","isPartOf":{"@id":"https:\/\/www.safinel.fr\/#website"},"primaryImageOfPage":{"@id":"https:\/\/www.safinel.fr\/produit\/ecorce-de-manguier\/#primaryimage"},"image":{"@id":"https:\/\/www.safinel.fr\/produit\/ecorce-de-manguier\/#primaryimage"},"thumbnailUrl":"https:\/\/www.safinel.fr\/wp-content\/uploads\/2022\/04\/ecorces-de-manguier.jpg","datePublished":"2022-04-11T10:42:29+00:00","dateModified":"2024-02-21T11:03:21+00:00","description":"Feche a porta atr\u00e1s de si, pois vamos falar sobre intimidade ao apresentar-lhe a casca da mangueira! Boa descoberta!","breadcrumb":{"@id":"https:\/\/www.safinel.fr\/produit\/ecorce-de-manguier\/#breadcrumb"},"inLanguage":"pt-PT","potentialAction":[{"@type":"ReadAction","target":["https:\/\/www.safinel.fr\/produit\/ecorce-de-manguier\/"]}]},{"@type":"ImageObject","inLanguage":"pt-PT","@id":"https:\/\/www.safinel.fr\/produit\/ecorce-de-manguier\/#primaryimage","url":"https:\/\/www.safinel.fr\/wp-content\/uploads\/2022\/04\/ecorces-de-manguier.jpg","contentUrl":"https:\/\/www.safinel.fr\/wp-content\/uploads\/2022\/04\/ecorces-de-manguier.jpg","width":600,"height":600,"caption":"\u00e9corces de manguier"},{"@type":"BreadcrumbList","@id":"https:\/\/www.safinel.fr\/produit\/ecorce-de-manguier\/#breadcrumb","itemListElement":[{"@type":"ListItem","position":1,"name":"Accueil","item":"https:\/\/www.safinel.fr\/"},{"@type":"ListItem","position":2,"name":"Boutique","item":"https:\/\/www.safinel.fr\/boutique\/"},{"@type":"ListItem","position":3,"name":"\u00c9corce de manguier 100g"}]},{"@type":"WebSite","@id":"https:\/\/www.safinel.fr\/#website","url":"https:\/\/www.safinel.fr\/","name":"Safinel","description":"","publisher":{"@id":"https:\/\/www.safinel.fr\/#organization"},"potentialAction":[{"@type":"SearchAction","target":{"@type":"EntryPoint","urlTemplate":"https:\/\/www.safinel.fr\/?s={search_term_string}"},"query-input":{"@type":"PropertyValueSpecification","valueRequired":true,"valueName":"search_term_string"}}],"inLanguage":"pt-PT"},{"@type":"Organization","@id":"https:\/\/www.safinel.fr\/#organization","name":"Safinel","url":"https:\/\/www.safinel.fr\/","logo":{"@type":"ImageObject","inLanguage":"pt-PT","@id":"https:\/\/www.safinel.fr\/#\/schema\/logo\/image\/","url":"https:\/\/www.safinel.fr\/wp-content\/uploads\/2021\/05\/boutique-cosmetique.png","contentUrl":"https:\/\/www.safinel.fr\/wp-content\/uploads\/2021\/05\/boutique-cosmetique.png","width":800,"height":200,"caption":"Safinel"},"image":{"@id":"https:\/\/www.safinel.fr\/#\/schema\/logo\/image\/"}}]}},"_links":{"self":[{"href":"https:\/\/www.safinel.fr\/pt\/wp-json\/wp\/v2\/product\/1043","targetHints":{"allow":["GET"]}}],"collection":[{"href":"https:\/\/www.safinel.fr\/pt\/wp-json\/wp\/v2\/product"}],"about":[{"href":"https:\/\/www.safinel.fr\/pt\/wp-json\/wp\/v2\/types\/product"}],"wp:featuredmedia":[{"embeddable":true,"href":"https:\/\/www.safinel.fr\/pt\/wp-json\/wp\/v2\/media\/1027"}],"wp:attachment":[{"href":"https:\/\/www.safinel.fr\/pt\/wp-json\/wp\/v2\/media?parent=1043"}],"wp:term":[{"taxonomy":"product_brand","embeddable":true,"href":"https:\/\/www.safinel.fr\/pt\/wp-json\/wp\/v2\/product_brand?post=1043"},{"taxonomy":"product_cat","embeddable":true,"href":"https:\/\/www.safinel.fr\/pt\/wp-json\/wp\/v2\/product_cat?post=1043"},{"taxonomy":"product_tag","embeddable":true,"href":"https:\/\/www.safinel.fr\/pt\/wp-json\/wp\/v2\/product_tag?post=1043"}],"curies":[{"name":"wp","href":"https:\/\/api.w.org\/{rel}","templated":true}]}}