{"id":1028,"date":"2022-04-09T20:38:23","date_gmt":"2022-04-09T20:38:23","guid":{"rendered":"https:\/\/www.safinel.fr\/?post_type=product&#038;p=1028"},"modified":"2024-07-01T13:26:14","modified_gmt":"2024-07-01T13:26:14","slug":"erva-moura-africana-para-fertilidade","status":"publish","type":"product","link":"https:\/\/www.safinel.fr\/pt\/product-2\/erva-moura-africana-para-fertilidade\/","title":{"rendered":"Ch\u00e1 africano para a fertilidade 100 g"},"content":{"rendered":"<p>Nosso\u00a0<strong>ch\u00e1 africano para fertilidade<\/strong>\u00a0\u00e9 um verdadeiro incentivo para aquelas que desejam ter um filho.<\/p>\n<p>De facto, o percurso para<strong>\u00a0engravidar<\/strong>\u00a0n\u00e3o \u00e9 necessariamente isento de dificuldades. Descubra sem mais demora esta\u00a0<strong>infus\u00e3o natural,<\/strong>\u00a0e confie na natureza.<\/p>\n<h2><strong>Ch\u00e1 africano para a fertilidade: uma riqueza natural\u00a0<\/strong><\/h2>\n<p>Este\u00a0<strong>mistura de plantas medicinais\u00a0<\/strong>foi cuidadosamente concebido para ajudar a\u00a0<strong>engravidar\u00a0\u00a0<\/strong>rapidamente. Cont\u00e9m ingredientes selecionados ben\u00e9ficos para a sa\u00fade, como a fruta 4 cot\u00e9s, o vetiver, as folhas de djeka, o nepnep<\/p>\n<p>Descubra esta\u00a0<strong>infus\u00e3o para fertilidade<\/strong>\u00a0Em embalagens de 100 g, consuma diariamente para ter todas as hip\u00f3teses a seu favor!<\/p>\n<p>Sabemos que os produtos da<strong>\u00a0natureza<\/strong>\u00a0oferecem-nos in\u00fameras virtudes. Especialmente no dom\u00ednio da fertilidade. Descubra, portanto, produtos como\u00a0<a href=\"https:\/\/www.safinel.fr\/pt\/product-2\/raizes-de-vetiver\/\"><strong>as ra\u00edzes do vetiver<\/strong><\/a>\u00a0ou ainda<strong>\u00a0<a href=\"https:\/\/www.safinel.fr\/pt\/product-2\/rosa-de-jerico-chajarat-mariam\/\">a rosa de Jeric\u00f3<\/a>.\u00a0<\/strong><\/p>\n<h2><strong>Os benef\u00edcios da infus\u00e3o africana para a fertilidade?\u00a0<\/strong><\/h2>\n<p>Este\u00a0<strong>mistura de v\u00e1rias plantas<\/strong>\u00a0possui propriedades ben\u00e9ficas para\u00a0<strong>melhorar a fertilidade<\/strong>. \u00c9 por isso que o seu especialista em produtos naturais destaca este tesouro\u00a0<strong>100% natural<\/strong>\u00a0!<\/p>\n<p>Esta infus\u00e3o para a fertilidade feminina permite, nomeadamente:<\/p>\n<ul>\n<li>Ajudar a\u00a0<strong>aumentar a fertilidade\u00a0<\/strong><\/li>\n<li>Benef\u00edcio para mulheres que sofrem de endometriose<\/li>\n<li>Combate naturalmente a anovula\u00e7\u00e3o (aus\u00eancia de ovula\u00e7\u00e3o)<\/li>\n<li>Ajuda contra os miomas uterinos<\/li>\n<li>Diminui o risco de aborto espont\u00e2neo<\/li>\n<li>\u00datil contra trompas obstru\u00eddas<\/li>\n<li>Ajuda a facilitar o parto<\/li>\n<\/ul>\n<p><strong>No entanto, \u00e9 importante saber que esta infus\u00e3o natural n\u00e3o substitui, de forma alguma, um tratamento medicamentoso. Nem uma consulta m\u00e9dica.\u00a0<\/strong><\/p>\n<p>Em caso de\u00a0<strong>problema de infertilidade,<\/strong>\u00a0Recomendamos que fale com o seu m\u00e9dico. Os nossos produtos podem ser complementos alimentares no seu percurso m\u00e9dico.<\/p>\n<h3><strong>Conselhos de utiliza\u00e7\u00e3o\u00a0<\/strong><\/h3>\n<p>Para aqueles que desejam sucumbir a este<strong>\u00a0mistura natural<\/strong>, nada mais simples! Precisa de uma ch\u00e1vena, \u00e1gua quente e esta infus\u00e3o!<\/p>\n<p>Esta infus\u00e3o deve ser consumida duas vezes por dia. Ou seja, uma vez pela manh\u00e3 e outra \u00e0 noite.<\/p>\n<p><strong>Precau\u00e7\u00f5es:\u00a0<\/strong>N\u00e3o exceda as dosagens recomendadas.<\/p>","protected":false},"excerpt":{"rendered":"<p>Nova embalagem, vendida em sacos de papel kraft<\/p>","protected":false},"featured_media":1022,"template":"","meta":[],"product_brand":[],"product_cat":[15,19],"product_tag":[],"class_list":{"0":"post-1028","1":"product","2":"type-product","3":"status-publish","4":"has-post-thumbnail","6":"product_cat-fertilite","7":"product_cat-thes-tisanes","9":"first","10":"outofstock","11":"shipping-taxable","12":"purchasable","13":"product-type-simple"},"yoast_head":"<!-- This site is optimized with the Yoast SEO plugin v26.6 - https:\/\/yoast.com\/wordpress\/plugins\/seo\/ -->\n<title>Tisane de fertilit\u00e9 africaine | Infusion 100% naturelle by Safinel.fr<\/title>\n<meta name=\"description\" content=\"Notre\u00a0tisane de fertilit\u00e9 africaine\u00a0est un v\u00e9ritable coup-de-pouce pour celles qui souhaitent avoir un enfant.\u00a0\" \/>\n<meta name=\"robots\" content=\"index, follow, max-snippet:-1, max-image-preview:large, max-video-preview:-1\" \/>\n<link rel=\"canonical\" href=\"https:\/\/www.safinel.fr\/pt\/product-2\/erva-moura-africana-para-fertilidade\/\" \/>\n<meta property=\"og:locale\" content=\"pt_PT\" \/>\n<meta property=\"og:type\" content=\"article\" \/>\n<meta property=\"og:title\" content=\"Tisane de fertilit\u00e9 africaine | Infusion 100% naturelle by Safinel.fr\" \/>\n<meta property=\"og:description\" content=\"Notre\u00a0tisane de fertilit\u00e9 africaine\u00a0est un v\u00e9ritable coup-de-pouce pour celles qui souhaitent avoir un enfant.\u00a0\" \/>\n<meta property=\"og:url\" content=\"https:\/\/www.safinel.fr\/pt\/product-2\/erva-moura-africana-para-fertilidade\/\" \/>\n<meta property=\"og:site_name\" content=\"Safinel\" \/>\n<meta property=\"article:modified_time\" content=\"2024-07-01T13:26:14+00:00\" \/>\n<meta property=\"og:image\" content=\"https:\/\/www.safinel.fr\/wp-content\/uploads\/2022\/04\/tisane-fertilite-africaine.jpg\" \/>\n\t<meta property=\"og:image:width\" content=\"600\" \/>\n\t<meta property=\"og:image:height\" content=\"600\" \/>\n\t<meta property=\"og:image:type\" content=\"image\/jpeg\" \/>\n<meta name=\"twitter:card\" content=\"summary_large_image\" \/>\n<meta name=\"twitter:label1\" content=\"Tempo estimado de leitura\" \/>\n\t<meta name=\"twitter:data1\" content=\"2 minutos\" \/>\n<script type=\"application\/ld+json\" class=\"yoast-schema-graph\">{\"@context\":\"https:\/\/schema.org\",\"@graph\":[{\"@type\":\"WebPage\",\"@id\":\"https:\/\/www.safinel.fr\/produit\/tisane-de-fertilite-africaine\/\",\"url\":\"https:\/\/www.safinel.fr\/produit\/tisane-de-fertilite-africaine\/\",\"name\":\"Tisane de fertilit\u00e9 africaine | Infusion 100% naturelle by Safinel.fr\",\"isPartOf\":{\"@id\":\"https:\/\/www.safinel.fr\/#website\"},\"primaryImageOfPage\":{\"@id\":\"https:\/\/www.safinel.fr\/produit\/tisane-de-fertilite-africaine\/#primaryimage\"},\"image\":{\"@id\":\"https:\/\/www.safinel.fr\/produit\/tisane-de-fertilite-africaine\/#primaryimage\"},\"thumbnailUrl\":\"https:\/\/www.safinel.fr\/wp-content\/uploads\/2022\/04\/tisane-fertilite-africaine.jpg\",\"datePublished\":\"2022-04-09T20:38:23+00:00\",\"dateModified\":\"2024-07-01T13:26:14+00:00\",\"description\":\"Notre\u00a0tisane de fertilit\u00e9 africaine\u00a0est un v\u00e9ritable coup-de-pouce pour celles qui souhaitent avoir un enfant.\u00a0\",\"breadcrumb\":{\"@id\":\"https:\/\/www.safinel.fr\/produit\/tisane-de-fertilite-africaine\/#breadcrumb\"},\"inLanguage\":\"pt-PT\",\"potentialAction\":[{\"@type\":\"ReadAction\",\"target\":[\"https:\/\/www.safinel.fr\/produit\/tisane-de-fertilite-africaine\/\"]}]},{\"@type\":\"ImageObject\",\"inLanguage\":\"pt-PT\",\"@id\":\"https:\/\/www.safinel.fr\/produit\/tisane-de-fertilite-africaine\/#primaryimage\",\"url\":\"https:\/\/www.safinel.fr\/wp-content\/uploads\/2022\/04\/tisane-fertilite-africaine.jpg\",\"contentUrl\":\"https:\/\/www.safinel.fr\/wp-content\/uploads\/2022\/04\/tisane-fertilite-africaine.jpg\",\"width\":600,\"height\":600,\"caption\":\"Tisane de fertilit\u00e9 africaine 100g\"},{\"@type\":\"BreadcrumbList\",\"@id\":\"https:\/\/www.safinel.fr\/produit\/tisane-de-fertilite-africaine\/#breadcrumb\",\"itemListElement\":[{\"@type\":\"ListItem\",\"position\":1,\"name\":\"Accueil\",\"item\":\"https:\/\/www.safinel.fr\/\"},{\"@type\":\"ListItem\",\"position\":2,\"name\":\"Boutique\",\"item\":\"https:\/\/www.safinel.fr\/boutique\/\"},{\"@type\":\"ListItem\",\"position\":3,\"name\":\"Tisane de fertilit\u00e9 africaine 100g\"}]},{\"@type\":\"WebSite\",\"@id\":\"https:\/\/www.safinel.fr\/#website\",\"url\":\"https:\/\/www.safinel.fr\/\",\"name\":\"Safinel\",\"description\":\"\",\"publisher\":{\"@id\":\"https:\/\/www.safinel.fr\/#organization\"},\"potentialAction\":[{\"@type\":\"SearchAction\",\"target\":{\"@type\":\"EntryPoint\",\"urlTemplate\":\"https:\/\/www.safinel.fr\/?s={search_term_string}\"},\"query-input\":{\"@type\":\"PropertyValueSpecification\",\"valueRequired\":true,\"valueName\":\"search_term_string\"}}],\"inLanguage\":\"pt-PT\"},{\"@type\":\"Organization\",\"@id\":\"https:\/\/www.safinel.fr\/#organization\",\"name\":\"Safinel\",\"url\":\"https:\/\/www.safinel.fr\/\",\"logo\":{\"@type\":\"ImageObject\",\"inLanguage\":\"pt-PT\",\"@id\":\"https:\/\/www.safinel.fr\/#\/schema\/logo\/image\/\",\"url\":\"https:\/\/www.safinel.fr\/wp-content\/uploads\/2021\/05\/boutique-cosmetique.png\",\"contentUrl\":\"https:\/\/www.safinel.fr\/wp-content\/uploads\/2021\/05\/boutique-cosmetique.png\",\"width\":800,\"height\":200,\"caption\":\"Safinel\"},\"image\":{\"@id\":\"https:\/\/www.safinel.fr\/#\/schema\/logo\/image\/\"}}]}<\/script>\n<!-- \/ Yoast SEO plugin. -->","yoast_head_json":{"title":"Ch\u00e1 de fertilidade africano | Infus\u00e3o natural 100% da Safinel.fr","description":"A nossa infus\u00e3o africana para a fertilidade \u00e9 um verdadeiro impulso para quem deseja ter um filho.\u00a0","robots":{"index":"index","follow":"follow","max-snippet":"max-snippet:-1","max-image-preview":"max-image-preview:large","max-video-preview":"max-video-preview:-1"},"canonical":"https:\/\/www.safinel.fr\/pt\/product-2\/erva-moura-africana-para-fertilidade\/","og_locale":"pt_PT","og_type":"article","og_title":"Tisane de fertilit\u00e9 africaine | Infusion 100% naturelle by Safinel.fr","og_description":"Notre\u00a0tisane de fertilit\u00e9 africaine\u00a0est un v\u00e9ritable coup-de-pouce pour celles qui souhaitent avoir un enfant.\u00a0","og_url":"https:\/\/www.safinel.fr\/pt\/product-2\/erva-moura-africana-para-fertilidade\/","og_site_name":"Safinel","article_modified_time":"2024-07-01T13:26:14+00:00","og_image":[{"width":600,"height":600,"url":"https:\/\/www.safinel.fr\/wp-content\/uploads\/2022\/04\/tisane-fertilite-africaine.jpg","type":"image\/jpeg"}],"twitter_card":"summary_large_image","twitter_misc":{"Tempo estimado de leitura":"2 minutos"},"schema":{"@context":"https:\/\/schema.org","@graph":[{"@type":"WebPage","@id":"https:\/\/www.safinel.fr\/produit\/tisane-de-fertilite-africaine\/","url":"https:\/\/www.safinel.fr\/produit\/tisane-de-fertilite-africaine\/","name":"Ch\u00e1 de fertilidade africano | Infus\u00e3o natural 100% da Safinel.fr","isPartOf":{"@id":"https:\/\/www.safinel.fr\/#website"},"primaryImageOfPage":{"@id":"https:\/\/www.safinel.fr\/produit\/tisane-de-fertilite-africaine\/#primaryimage"},"image":{"@id":"https:\/\/www.safinel.fr\/produit\/tisane-de-fertilite-africaine\/#primaryimage"},"thumbnailUrl":"https:\/\/www.safinel.fr\/wp-content\/uploads\/2022\/04\/tisane-fertilite-africaine.jpg","datePublished":"2022-04-09T20:38:23+00:00","dateModified":"2024-07-01T13:26:14+00:00","description":"A nossa infus\u00e3o africana para a fertilidade \u00e9 um verdadeiro impulso para quem deseja ter um filho.\u00a0","breadcrumb":{"@id":"https:\/\/www.safinel.fr\/produit\/tisane-de-fertilite-africaine\/#breadcrumb"},"inLanguage":"pt-PT","potentialAction":[{"@type":"ReadAction","target":["https:\/\/www.safinel.fr\/produit\/tisane-de-fertilite-africaine\/"]}]},{"@type":"ImageObject","inLanguage":"pt-PT","@id":"https:\/\/www.safinel.fr\/produit\/tisane-de-fertilite-africaine\/#primaryimage","url":"https:\/\/www.safinel.fr\/wp-content\/uploads\/2022\/04\/tisane-fertilite-africaine.jpg","contentUrl":"https:\/\/www.safinel.fr\/wp-content\/uploads\/2022\/04\/tisane-fertilite-africaine.jpg","width":600,"height":600,"caption":"Tisane de fertilit\u00e9 africaine 100g"},{"@type":"BreadcrumbList","@id":"https:\/\/www.safinel.fr\/produit\/tisane-de-fertilite-africaine\/#breadcrumb","itemListElement":[{"@type":"ListItem","position":1,"name":"Accueil","item":"https:\/\/www.safinel.fr\/"},{"@type":"ListItem","position":2,"name":"Boutique","item":"https:\/\/www.safinel.fr\/boutique\/"},{"@type":"ListItem","position":3,"name":"Tisane de fertilit\u00e9 africaine 100g"}]},{"@type":"WebSite","@id":"https:\/\/www.safinel.fr\/#website","url":"https:\/\/www.safinel.fr\/","name":"Safinel","description":"","publisher":{"@id":"https:\/\/www.safinel.fr\/#organization"},"potentialAction":[{"@type":"SearchAction","target":{"@type":"EntryPoint","urlTemplate":"https:\/\/www.safinel.fr\/?s={search_term_string}"},"query-input":{"@type":"PropertyValueSpecification","valueRequired":true,"valueName":"search_term_string"}}],"inLanguage":"pt-PT"},{"@type":"Organization","@id":"https:\/\/www.safinel.fr\/#organization","name":"Safinel","url":"https:\/\/www.safinel.fr\/","logo":{"@type":"ImageObject","inLanguage":"pt-PT","@id":"https:\/\/www.safinel.fr\/#\/schema\/logo\/image\/","url":"https:\/\/www.safinel.fr\/wp-content\/uploads\/2021\/05\/boutique-cosmetique.png","contentUrl":"https:\/\/www.safinel.fr\/wp-content\/uploads\/2021\/05\/boutique-cosmetique.png","width":800,"height":200,"caption":"Safinel"},"image":{"@id":"https:\/\/www.safinel.fr\/#\/schema\/logo\/image\/"}}]}},"_links":{"self":[{"href":"https:\/\/www.safinel.fr\/pt\/wp-json\/wp\/v2\/product\/1028","targetHints":{"allow":["GET"]}}],"collection":[{"href":"https:\/\/www.safinel.fr\/pt\/wp-json\/wp\/v2\/product"}],"about":[{"href":"https:\/\/www.safinel.fr\/pt\/wp-json\/wp\/v2\/types\/product"}],"wp:featuredmedia":[{"embeddable":true,"href":"https:\/\/www.safinel.fr\/pt\/wp-json\/wp\/v2\/media\/1022"}],"wp:attachment":[{"href":"https:\/\/www.safinel.fr\/pt\/wp-json\/wp\/v2\/media?parent=1028"}],"wp:term":[{"taxonomy":"product_brand","embeddable":true,"href":"https:\/\/www.safinel.fr\/pt\/wp-json\/wp\/v2\/product_brand?post=1028"},{"taxonomy":"product_cat","embeddable":true,"href":"https:\/\/www.safinel.fr\/pt\/wp-json\/wp\/v2\/product_cat?post=1028"},{"taxonomy":"product_tag","embeddable":true,"href":"https:\/\/www.safinel.fr\/pt\/wp-json\/wp\/v2\/product_tag?post=1028"}],"curies":[{"name":"wp","href":"https:\/\/api.w.org\/{rel}","templated":true}]}}