{"id":102,"date":"2021-06-01T15:26:01","date_gmt":"2021-06-01T15:26:01","guid":{"rendered":"https:\/\/www.safinel.fr\/?post_type=product&#038;p=102"},"modified":"2025-11-11T20:20:31","modified_gmt":"2025-11-11T20:20:31","slug":"po-de-nep-nep","status":"publish","type":"product","link":"https:\/\/www.safinel.fr\/pt\/product-2\/po-de-nep-nep\/","title":{"rendered":"P\u00f3 de Nep Nep"},"content":{"rendered":"<p>A <b>p\u00f3 de Nep Nep<\/b> prov\u00e9m de um fruto com in\u00fameros benef\u00edcios, origin\u00e1rio das zonas tropicais de \u00c1frica. J\u00e1 ouviu falar dele? Certamente, se for africano... Para os outros, nada \u00e9 t\u00e3o certo! Este magn\u00edfico continente est\u00e1 repleto de rem\u00e9dios naturais. De facto, a farmacopeia africana \u00e9 muito desenvolvida!<span class=\"Apple-converted-space\">\u00a0<\/span><\/p>\n<p>As sementes deste fruto s\u00e3o utilizadas principalmente para fabricar produtos de higiene feminina! Mas n\u00e3o s\u00f3.<span class=\"Apple-converted-space\">\u00a0<\/span><\/p>\n<p>Por enquanto, temos a oportunidade de lhe apresentar este rem\u00e9dio natural com propriedades medicinais: <b>o p\u00f3 de Nep Nep<\/b>. E temos muito orgulho disso!<span class=\"Apple-converted-space\">\u00a0<\/span><\/p>\n<h2><b>O p\u00f3 Nep Nep: mas o que \u00e9 isso?<\/b><\/h2>\n<p>Desde os tempos antigos, o ser humano utiliza plantas para se curar. Hoje, vamos nos interessar pelo Nep Nep, t\u00e3o desconhecido, mas com propriedades formid\u00e1veis.<span class=\"Apple-converted-space\">\u00a0<\/span><\/p>\n<p>Esta planta tropical \u00e9 utilizada h\u00e1 s\u00e9culos, especialmente pelas mulheres, no continente africano.<\/p>\n<p>Nep Nep \u00e9 o nome tradicional dado \u00e0 Acacia nilotica, tamb\u00e9m conhecida como <b>eucalipto vermelho<\/b>. Esta \u00e1rvore da fam\u00edlia das Fabaceae \u00e9 origin\u00e1ria da \u00c1frica Oriental e da \u00c1sia Ocidental. Tamb\u00e9m se encontra principalmente na \u00c1frica Ocidental. Especialmente no Senegal, onde rapidamente conquistou um lugar como<b> planta medicinal.<\/b><\/p>\n<p>\u00c9 preciso dizer que o Nep Nep \u00e9 quase totalmente explor\u00e1vel:<\/p>\n<p>De facto, as suas ra\u00edzes, ramos e casca podem ser utilizados com bons resultados. Mas, aqui, o que nos interessa principalmente s\u00e3o os seus frutos. O fruto da ac\u00e1cia nilotica \u00e9 uma vagem virtuosa, alongada, oblonga e achatada. Esta cont\u00e9m pequenas sementes, que s\u00e3o posteriormente mo\u00eddas para se obter o famoso p\u00f3.<span class=\"Apple-converted-space\">\u00a0<\/span><\/p>\n<p>Assim, poder\u00e1 encontrar no nosso site Safinel esta <b>p\u00f3 de nep nep<\/b> em embalagens de 100 ou 200 g, com uma rela\u00e7\u00e3o qualidade-pre\u00e7o imbat\u00edvel. Al\u00e9m disso, \u00e9 100% natural.<span class=\"Apple-converted-space\">\u00a0<\/span><\/p>\n<h2><b>O p\u00f3 Nep Nep, o favorito das mulheres<span class=\"Apple-converted-space\">\u00a0<\/span><\/b><\/h2>\n<p>A <b>p\u00f3 de nep nep<\/b> rapidamente tornou-se amiga da mulher e revela-se principalmente <b>utilizado para a higiene feminina.<\/b> Mas tamb\u00e9m como <b>afrodis\u00edaco<\/b>.<\/p>\n<p>Trata-se de uma planta medicinal multifuncional. Possui, portanto, v\u00e1rias propriedades ben\u00e9ficas. Vamos descobri-las juntos:<\/p>\n<ul>\n<li>Permite eliminar os maus odores vaginais. Tamb\u00e9m \u00e9 \u00fatil em caso de corrimento branco anormal e contra a comich\u00e3o; ;<\/li>\n<li>\u00datil contra feridas genitais, pois as suas propriedades antibi\u00f3ticas e anti-inflamat\u00f3rias proporcionam-lhe essa vantagem; ;<\/li>\n<li>Ajuda a apertar a vagina, o nep nep \u00e9 geralmente dado \u00e0s mulheres ap\u00f3s o parto; ;<\/li>\n<li>Melhora o prazer sexual, tornando as zonas er\u00f3genas muito mais sens\u00edveis.<\/li>\n<\/ul>\n<p>A <b>p\u00f3 de nep nep <\/b>n\u00e3o deixou de surpreender...<span class=\"Apple-converted-space\">\u00a0<\/span><\/p>\n<h3><b>Outros usos do p\u00f3 de Nep Nep<span class=\"Apple-converted-space\">\u00a0<\/span><\/b><\/h3>\n<p>A <b>p\u00f3 de nep nep <\/b>\u00e9 excepcional e possui m\u00faltiplas utiliza\u00e7\u00f5es, al\u00e9m das j\u00e1 mencionadas, espec\u00edficas para as mulheres:<span class=\"Apple-converted-space\">\u00a0<\/span><\/p>\n<ul>\n<li><b>A ac\u00e1cia nil\u00f3tica<\/b> ajuda a combater a disenteria. Esta doen\u00e7a manifesta-se atrav\u00e9s de diarreia acompanhada de hemorragias. No entanto, esta doen\u00e7a pode ser grave, pelo que se recomenda consultar o seu m\u00e9dico caso apresente sintomas; ;<\/li>\n<li>Este <b>suplemento alimentar natural <\/b>tamb\u00e9m pode ser consumido como bebida contra angina, dores de barriga e problemas estomacais. De facto, a <b>p\u00f3 de nep nep <\/b>cont\u00e9m s\u00f3dio, pot\u00e1ssio e magn\u00e9sio; ;<\/li>\n<li>E, por fim, algumas aplica\u00e7\u00f5es do nep nep ajudam a combater febres, diabetes e doen\u00e7as de pele.<\/li>\n<\/ul>\n<p><i>\u00c9 bom saber: o nep nep \u00e9 tradicionalmente utilizado na Nig\u00e9ria e noutros pa\u00edses do Saara para o curtimento do couro.<\/i><\/p>\n<h3><b>O p\u00f3 Nep Nep e o seu modo de utiliza\u00e7\u00e3o<\/b><\/h3>\n<p>Existem muitas maneiras diferentes de usar esta<b> semente africana <\/b>e isso depende da finalidade para a qual pretende utiliz\u00e1-lo. Partindo desse princ\u00edpio, apresentamos-lhe duas utiliza\u00e7\u00f5es:<span class=\"Apple-converted-space\">\u00a0<\/span><\/p>\n<p>Em primeiro lugar, para a higiene \u00edntima: basta misturar \u00e1gua morna com o <b>p\u00f3 de nep nep<\/b> e usar a mistura dos dois ingredientes para a sua higiene \u00edntima.<span class=\"Apple-converted-space\">\u00a0<\/span><\/p>\n<p>Em seguida, contra a diarreia: \u00e9 necess\u00e1rio ferver \u00e1gua e adicionar o p\u00f3. Tamb\u00e9m pode adicionar <a href=\"https:\/\/www.safinel.fr\/pt\/product-2\/raizes-de-vetiver\/\"><b>ra\u00edzes de vetiver<\/b><\/a> para efeitos formid\u00e1veis.<span class=\"Apple-converted-space\">\u00a0 <\/span><\/p>\n<p>Assim, deve beber uma ch\u00e1vena todas as manh\u00e3s, em jejum. E uma ch\u00e1vena todas as noites ap\u00f3s o jantar. Esta <a href=\"https:\/\/www.safinel.fr\/pt\/product-2\/caules-de-cerejas\/\"><b>ch\u00e1 desintoxicante<\/b><\/a> \u00e9 essencial, especialmente para fortalecer o sistema imunol\u00f3gico.<\/p>\n<h3><b>Conserva\u00e7\u00e3o do p\u00f3 de Nep Nep<span class=\"Apple-converted-space\">\u00a0<\/span><\/b><\/h3>\n<p>A <b>p\u00f3 de Nep Nep<\/b> tem a particularidade de n\u00e3o ser perec\u00edvel. \u00c9 por isso que se conserva por muito tempo: v\u00e1rios meses, ou mesmo v\u00e1rios anos.<span class=\"Apple-converted-space\">\u00a0<\/span><\/p>\n<p>No entanto, o que condiciona a longevidade deste p\u00f3 \u00e9 a sua qualidade de conserva\u00e7\u00e3o.<\/p>\n<p>Por isso, damos-lhe algumas dicas para que possa aproveit\u00e1-lo o m\u00e1ximo poss\u00edvel:<span class=\"Apple-converted-space\">\u00a0<\/span><\/p>\n<ul>\n<li>Primeiro, guarde-o no escuro: a luz oxida as plantas e acelera o processo de envelhecimento do seu p\u00f3 a uma velocidade vertiginosa! Por isso, \u00e9 imperativo coloc\u00e1-lo no escuro, como numa gaveta, arm\u00e1rio...<span class=\"Apple-converted-space\">\u00a0<\/span><\/li>\n<\/ul>\n<ul>\n<li>Em segundo lugar, proteja-a da humidade: deve ser colocada num local saud\u00e1vel e seco.<\/li>\n<\/ul>\n<ul>\n<li>Por fim, coloque-o numa caixa hermeticamente fechada ou deixe-o na embalagem original, certificando-se de que esta est\u00e1 bem fechada.<span class=\"Apple-converted-space\">\u00a0<\/span><\/li>\n<\/ul>\n<h3><b>Precau\u00e7\u00f5es<\/b><\/h3>\n<p>Tal como com qualquer outra planta medicinal, \u00e9 fundamental tomar algumas precau\u00e7\u00f5es para evitar efeitos secund\u00e1rios. O nep nep \u00e9, sem d\u00favida, um <b>medicamento natural, ou mesmo chamado de alicamento.<span class=\"Apple-converted-space\">\u00a0<\/span><\/b><\/p>\n<p>No entanto, qualquer excesso pode causar efeitos nocivos \u00e0 sa\u00fade. Por esses motivos, aqui est\u00e3o algumas precau\u00e7\u00f5es:<\/p>\n<p>Em primeiro lugar, este n\u00e3o pode substituir um tratamento medicamentoso. Al\u00e9m disso, \u00e9 necess\u00e1rio consultar o seu m\u00e9dico para qualquer quest\u00e3o de ordem m\u00e9dica.<\/p>\n<p>Por fim, \u00e9 importante respeitar as dosagens corretas.<\/p>\n<p>Manter fora do alcance das crian\u00e7as.<span class=\"Apple-converted-space\">\u00a0<\/span><\/p>\n<h3><b>Saiba mais...<span class=\"Apple-converted-space\">\u00a0<\/span><\/b><\/h3>\n<p>O nosso site \u00e9 sin\u00f3nimo de qualidade e naturalidade. De facto, oferecemos exclusivamente produtos que correspondem a valores \u00e9ticos e de qualidade. Assim, poder\u00e1 encontrar o que procura gra\u00e7as \u00e0 nossa vasta sele\u00e7\u00e3o de rem\u00e9dios naturais.<\/p>\n<p>Voc\u00ea encontrar\u00e1, por exemplo:<span class=\"Apple-converted-space\">\u00a0<\/span><\/p>\n<ul>\n<li>O <a href=\"https:\/\/www.safinel.fr\/pt\/product-2\/fruta-4-costelas-3-pecas\/\"><b>fruta de 4 lados<\/b><\/a> : um poderoso rem\u00e9dio contra v\u00e1rias doen\u00e7as e para a higiene \u00edntima.<span class=\"Apple-converted-space\">\u00a0<\/span><\/li>\n<li>Os <b>c\u00e1psulas de falsos unic\u00f3rnios <\/b>: tonifica o \u00fatero e promove a fertilidade tanto em homens como em mulheres.<span class=\"Apple-converted-space\">\u00a0<\/span><\/li>\n<li>E, para concluir, alguns <b><a href=\"https:\/\/musc-tahara.com\/cosmetiques\/77-queues-de-cerise-50g.html\" target=\"_blank\" rel=\"noopener\">caules de cereja<\/a>\u00a0<\/b>: excelentes aliadas da sa\u00fade.<span class=\"Apple-converted-space\">\u00a0<\/span><\/li>\n<\/ul>\n<p>A sua satisfa\u00e7\u00e3o \u00e9 a nossa prioridade!<span class=\"Apple-converted-space\">\u00a0<\/span><\/p>","protected":false},"excerpt":{"rendered":"<p>O p\u00f3 de Nep Nep prov\u00e9m de um fruto com in\u00fameros benef\u00edcios, origin\u00e1rio das zonas tropicais de \u00c1frica. J\u00e1 ouviu falar dele? Certamente, se for africano... Para os outros, nada \u00e9 t\u00e3o certo! Este magn\u00edfico continente est\u00e1 repleto de rem\u00e9dios naturais. De facto, a farmacopeia africana \u00e9 muito desenvolvida!  As sementes deste [...]","protected":false},"featured_media":75,"template":"","meta":[],"product_brand":[],"product_cat":[15,109,23,27],"product_tag":[],"class_list":{"0":"post-102","1":"product","2":"type-product","3":"status-publish","4":"has-post-thumbnail","6":"product_cat-fertilite","7":"product_cat-exercice-de-kegel","8":"product_cat-hygiene-feminine","9":"product_cat-plantes-medicinales","11":"first","12":"instock","13":"shipping-taxable","14":"purchasable","15":"product-type-variable"},"yoast_head":"<!-- This site is optimized with the Yoast SEO plugin v26.6 - https:\/\/yoast.com\/wordpress\/plugins\/seo\/ -->\n<title>Poudre de Nep Nep | Poudre africaine Acacia nilotica b\u00e9n\u00e9fique<\/title>\n<meta name=\"description\" content=\"La poudre de Nep Nep provient d\u2019un fruit aux nombreux bienfaits originaire des zones d\u2019Afrique tropicale. En avez-vous d\u00e9j\u00e0 entendu parler ?\" \/>\n<meta name=\"robots\" content=\"index, follow, max-snippet:-1, max-image-preview:large, max-video-preview:-1\" \/>\n<link rel=\"canonical\" href=\"https:\/\/www.safinel.fr\/pt\/product-2\/po-de-nep-nep\/\" \/>\n<meta property=\"og:locale\" content=\"pt_PT\" \/>\n<meta property=\"og:type\" content=\"article\" \/>\n<meta property=\"og:title\" content=\"Poudre de Nep Nep | Poudre africaine Acacia nilotica b\u00e9n\u00e9fique\" \/>\n<meta property=\"og:description\" content=\"La poudre de Nep Nep provient d\u2019un fruit aux nombreux bienfaits originaire des zones d\u2019Afrique tropicale. En avez-vous d\u00e9j\u00e0 entendu parler ?\" \/>\n<meta property=\"og:url\" content=\"https:\/\/www.safinel.fr\/pt\/product-2\/po-de-nep-nep\/\" \/>\n<meta property=\"og:site_name\" content=\"Safinel\" \/>\n<meta property=\"article:modified_time\" content=\"2025-11-11T20:20:31+00:00\" \/>\n<meta property=\"og:image\" content=\"https:\/\/www.safinel.fr\/wp-content\/uploads\/2021\/05\/poudre-de-nep-nep-site.jpg\" \/>\n\t<meta property=\"og:image:width\" content=\"307\" \/>\n\t<meta property=\"og:image:height\" content=\"400\" \/>\n\t<meta property=\"og:image:type\" content=\"image\/jpeg\" \/>\n<meta name=\"twitter:card\" content=\"summary_large_image\" \/>\n<meta name=\"twitter:label1\" content=\"Tempo estimado de leitura\" \/>\n\t<meta name=\"twitter:data1\" content=\"5 minutos\" \/>\n<script type=\"application\/ld+json\" class=\"yoast-schema-graph\">{\"@context\":\"https:\/\/schema.org\",\"@graph\":[{\"@type\":\"WebPage\",\"@id\":\"https:\/\/www.safinel.fr\/produit\/poudre-de-nep-nep\/\",\"url\":\"https:\/\/www.safinel.fr\/produit\/poudre-de-nep-nep\/\",\"name\":\"Poudre de Nep Nep | Poudre africaine Acacia nilotica b\u00e9n\u00e9fique\",\"isPartOf\":{\"@id\":\"https:\/\/www.safinel.fr\/#website\"},\"primaryImageOfPage\":{\"@id\":\"https:\/\/www.safinel.fr\/produit\/poudre-de-nep-nep\/#primaryimage\"},\"image\":{\"@id\":\"https:\/\/www.safinel.fr\/produit\/poudre-de-nep-nep\/#primaryimage\"},\"thumbnailUrl\":\"https:\/\/www.safinel.fr\/wp-content\/uploads\/2021\/05\/poudre-de-nep-nep-site.jpg\",\"datePublished\":\"2021-06-01T15:26:01+00:00\",\"dateModified\":\"2025-11-11T20:20:31+00:00\",\"description\":\"La poudre de Nep Nep provient d\u2019un fruit aux nombreux bienfaits originaire des zones d\u2019Afrique tropicale. En avez-vous d\u00e9j\u00e0 entendu parler ?\",\"breadcrumb\":{\"@id\":\"https:\/\/www.safinel.fr\/produit\/poudre-de-nep-nep\/#breadcrumb\"},\"inLanguage\":\"pt-PT\",\"potentialAction\":[{\"@type\":\"ReadAction\",\"target\":[\"https:\/\/www.safinel.fr\/produit\/poudre-de-nep-nep\/\"]}]},{\"@type\":\"ImageObject\",\"inLanguage\":\"pt-PT\",\"@id\":\"https:\/\/www.safinel.fr\/produit\/poudre-de-nep-nep\/#primaryimage\",\"url\":\"https:\/\/www.safinel.fr\/wp-content\/uploads\/2021\/05\/poudre-de-nep-nep-site.jpg\",\"contentUrl\":\"https:\/\/www.safinel.fr\/wp-content\/uploads\/2021\/05\/poudre-de-nep-nep-site.jpg\",\"width\":307,\"height\":400,\"caption\":\"Poudre de Nep Nep\"},{\"@type\":\"BreadcrumbList\",\"@id\":\"https:\/\/www.safinel.fr\/produit\/poudre-de-nep-nep\/#breadcrumb\",\"itemListElement\":[{\"@type\":\"ListItem\",\"position\":1,\"name\":\"Accueil\",\"item\":\"https:\/\/www.safinel.fr\/\"},{\"@type\":\"ListItem\",\"position\":2,\"name\":\"Boutique\",\"item\":\"https:\/\/www.safinel.fr\/boutique\/\"},{\"@type\":\"ListItem\",\"position\":3,\"name\":\"Poudre de Nep Nep\"}]},{\"@type\":\"WebSite\",\"@id\":\"https:\/\/www.safinel.fr\/#website\",\"url\":\"https:\/\/www.safinel.fr\/\",\"name\":\"Safinel\",\"description\":\"\",\"publisher\":{\"@id\":\"https:\/\/www.safinel.fr\/#organization\"},\"potentialAction\":[{\"@type\":\"SearchAction\",\"target\":{\"@type\":\"EntryPoint\",\"urlTemplate\":\"https:\/\/www.safinel.fr\/?s={search_term_string}\"},\"query-input\":{\"@type\":\"PropertyValueSpecification\",\"valueRequired\":true,\"valueName\":\"search_term_string\"}}],\"inLanguage\":\"pt-PT\"},{\"@type\":\"Organization\",\"@id\":\"https:\/\/www.safinel.fr\/#organization\",\"name\":\"Safinel\",\"url\":\"https:\/\/www.safinel.fr\/\",\"logo\":{\"@type\":\"ImageObject\",\"inLanguage\":\"pt-PT\",\"@id\":\"https:\/\/www.safinel.fr\/#\/schema\/logo\/image\/\",\"url\":\"https:\/\/www.safinel.fr\/wp-content\/uploads\/2021\/05\/boutique-cosmetique.png\",\"contentUrl\":\"https:\/\/www.safinel.fr\/wp-content\/uploads\/2021\/05\/boutique-cosmetique.png\",\"width\":800,\"height\":200,\"caption\":\"Safinel\"},\"image\":{\"@id\":\"https:\/\/www.safinel.fr\/#\/schema\/logo\/image\/\"}}]}<\/script>\n<!-- \/ Yoast SEO plugin. -->","yoast_head_json":{"title":"P\u00f3 de Nep Nep | P\u00f3 africano Acacia nilotica ben\u00e9fico","description":"O p\u00f3 de Nep Nep prov\u00e9m de um fruto com in\u00fameros benef\u00edcios, origin\u00e1rio das zonas tropicais de \u00c1frica. J\u00e1 ouviu falar dele?","robots":{"index":"index","follow":"follow","max-snippet":"max-snippet:-1","max-image-preview":"max-image-preview:large","max-video-preview":"max-video-preview:-1"},"canonical":"https:\/\/www.safinel.fr\/pt\/product-2\/po-de-nep-nep\/","og_locale":"pt_PT","og_type":"article","og_title":"Poudre de Nep Nep | Poudre africaine Acacia nilotica b\u00e9n\u00e9fique","og_description":"La poudre de Nep Nep provient d\u2019un fruit aux nombreux bienfaits originaire des zones d\u2019Afrique tropicale. En avez-vous d\u00e9j\u00e0 entendu parler ?","og_url":"https:\/\/www.safinel.fr\/pt\/product-2\/po-de-nep-nep\/","og_site_name":"Safinel","article_modified_time":"2025-11-11T20:20:31+00:00","og_image":[{"width":307,"height":400,"url":"https:\/\/www.safinel.fr\/wp-content\/uploads\/2021\/05\/poudre-de-nep-nep-site.jpg","type":"image\/jpeg"}],"twitter_card":"summary_large_image","twitter_misc":{"Tempo estimado de leitura":"5 minutos"},"schema":{"@context":"https:\/\/schema.org","@graph":[{"@type":"WebPage","@id":"https:\/\/www.safinel.fr\/produit\/poudre-de-nep-nep\/","url":"https:\/\/www.safinel.fr\/produit\/poudre-de-nep-nep\/","name":"P\u00f3 de Nep Nep | P\u00f3 africano Acacia nilotica ben\u00e9fico","isPartOf":{"@id":"https:\/\/www.safinel.fr\/#website"},"primaryImageOfPage":{"@id":"https:\/\/www.safinel.fr\/produit\/poudre-de-nep-nep\/#primaryimage"},"image":{"@id":"https:\/\/www.safinel.fr\/produit\/poudre-de-nep-nep\/#primaryimage"},"thumbnailUrl":"https:\/\/www.safinel.fr\/wp-content\/uploads\/2021\/05\/poudre-de-nep-nep-site.jpg","datePublished":"2021-06-01T15:26:01+00:00","dateModified":"2025-11-11T20:20:31+00:00","description":"O p\u00f3 de Nep Nep prov\u00e9m de um fruto com in\u00fameros benef\u00edcios, origin\u00e1rio das zonas tropicais de \u00c1frica. J\u00e1 ouviu falar dele?","breadcrumb":{"@id":"https:\/\/www.safinel.fr\/produit\/poudre-de-nep-nep\/#breadcrumb"},"inLanguage":"pt-PT","potentialAction":[{"@type":"ReadAction","target":["https:\/\/www.safinel.fr\/produit\/poudre-de-nep-nep\/"]}]},{"@type":"ImageObject","inLanguage":"pt-PT","@id":"https:\/\/www.safinel.fr\/produit\/poudre-de-nep-nep\/#primaryimage","url":"https:\/\/www.safinel.fr\/wp-content\/uploads\/2021\/05\/poudre-de-nep-nep-site.jpg","contentUrl":"https:\/\/www.safinel.fr\/wp-content\/uploads\/2021\/05\/poudre-de-nep-nep-site.jpg","width":307,"height":400,"caption":"Poudre de Nep Nep"},{"@type":"BreadcrumbList","@id":"https:\/\/www.safinel.fr\/produit\/poudre-de-nep-nep\/#breadcrumb","itemListElement":[{"@type":"ListItem","position":1,"name":"Accueil","item":"https:\/\/www.safinel.fr\/"},{"@type":"ListItem","position":2,"name":"Boutique","item":"https:\/\/www.safinel.fr\/boutique\/"},{"@type":"ListItem","position":3,"name":"Poudre de Nep Nep"}]},{"@type":"WebSite","@id":"https:\/\/www.safinel.fr\/#website","url":"https:\/\/www.safinel.fr\/","name":"Safinel","description":"","publisher":{"@id":"https:\/\/www.safinel.fr\/#organization"},"potentialAction":[{"@type":"SearchAction","target":{"@type":"EntryPoint","urlTemplate":"https:\/\/www.safinel.fr\/?s={search_term_string}"},"query-input":{"@type":"PropertyValueSpecification","valueRequired":true,"valueName":"search_term_string"}}],"inLanguage":"pt-PT"},{"@type":"Organization","@id":"https:\/\/www.safinel.fr\/#organization","name":"Safinel","url":"https:\/\/www.safinel.fr\/","logo":{"@type":"ImageObject","inLanguage":"pt-PT","@id":"https:\/\/www.safinel.fr\/#\/schema\/logo\/image\/","url":"https:\/\/www.safinel.fr\/wp-content\/uploads\/2021\/05\/boutique-cosmetique.png","contentUrl":"https:\/\/www.safinel.fr\/wp-content\/uploads\/2021\/05\/boutique-cosmetique.png","width":800,"height":200,"caption":"Safinel"},"image":{"@id":"https:\/\/www.safinel.fr\/#\/schema\/logo\/image\/"}}]}},"_links":{"self":[{"href":"https:\/\/www.safinel.fr\/pt\/wp-json\/wp\/v2\/product\/102","targetHints":{"allow":["GET"]}}],"collection":[{"href":"https:\/\/www.safinel.fr\/pt\/wp-json\/wp\/v2\/product"}],"about":[{"href":"https:\/\/www.safinel.fr\/pt\/wp-json\/wp\/v2\/types\/product"}],"wp:featuredmedia":[{"embeddable":true,"href":"https:\/\/www.safinel.fr\/pt\/wp-json\/wp\/v2\/media\/75"}],"wp:attachment":[{"href":"https:\/\/www.safinel.fr\/pt\/wp-json\/wp\/v2\/media?parent=102"}],"wp:term":[{"taxonomy":"product_brand","embeddable":true,"href":"https:\/\/www.safinel.fr\/pt\/wp-json\/wp\/v2\/product_brand?post=102"},{"taxonomy":"product_cat","embeddable":true,"href":"https:\/\/www.safinel.fr\/pt\/wp-json\/wp\/v2\/product_cat?post=102"},{"taxonomy":"product_tag","embeddable":true,"href":"https:\/\/www.safinel.fr\/pt\/wp-json\/wp\/v2\/product_tag?post=102"}],"curies":[{"name":"wp","href":"https:\/\/api.w.org\/{rel}","templated":true}]}}