{"id":10199,"date":"2023-12-12T08:55:38","date_gmt":"2023-12-12T08:55:38","guid":{"rendered":"https:\/\/www.safinel.fr\/?post_type=product&#038;p=10199"},"modified":"2026-01-05T20:32:21","modified_gmt":"2026-01-05T20:32:21","slug":"oleo-de-feno-grego-e-akpi","status":"publish","type":"product","link":"https:\/\/www.safinel.fr\/pt\/product-2\/oleo-de-feno-grego-e-akpi\/","title":{"rendered":"\u00d3leo de feno-grego e akpi 120 g \u2013 El Hikma"},"content":{"rendered":"<p>Descubra finalmente o \u00f3leo de feno-grego e akpi da marca\u00a0<strong>El Hikma\u00a0<\/strong>! Um concentrado de cuidados biol\u00f3gicos conhecido pelos seus in\u00fameros benef\u00edcios para a pele. Utilizado h\u00e1 s\u00e9culos pelas suas propriedades reafirmantes, este \u00f3leo \u00e9 apreciado pelos seus efeitos na apar\u00eancia f\u00edsica.<\/p>\n<p>Descubra sem demora a origem, os benef\u00edcios e as melhores pr\u00e1ticas para utilizar este \u00f3leo de forma otimizada.<\/p>\n<h2><strong>A origem do \u00f3leo de feno-grego e akpi<\/strong><\/h2>\n<p>O \u00f3leo de feno-grego e akpi \u00e9 produzido a partir de\u00a0<a href=\"https:\/\/www.safinel.fr\/pt\/product-2\/akpi-em-semente\/\"><strong>sementes de akpi<\/strong><\/a>\u00a0e feno-grego, plantas tradicionalmente cultivadas na \u00c1frica Ocidental. Estas sementes s\u00e3o prensadas a frio para extrair um \u00f3leo puro e n\u00e3o refinado. E isso, preservando todas as suas propriedades ben\u00e9ficas para a pele.<\/p>\n<p>Se tamb\u00e9m deseja tonificar os gl\u00fateos e os seios, ent\u00e3o este \u00f3leo pode ser ideal para si!<\/p>\n<h2><strong>Os in\u00fameros benef\u00edcios do \u00f3leo de feno-grego e akpi<\/strong><\/h2>\n<p>Este \u00f3leo \u00e9 conhecido pelos seus m\u00faltiplos benef\u00edcios, nomeadamente a sua capacidade de reafirmar a pele. Gra\u00e7as \u00e0s suas\u00a0<strong>propriedades tonificantes<\/strong>, \u00e9 ideal para melhorar a apar\u00eancia da\u00a0<strong>peito e n\u00e1degas<\/strong>. Al\u00e9m disso, \u00e9 rica em nutrientes essenciais, como \u00e1cidos gordos e vitaminas, o que a torna uma aliada valiosa para nutrir e hidratar a pele em profundidade.<\/p>\n<h3><strong>Mas como usar esse \u00f3leo?<\/strong><\/h3>\n<p>Para aproveitar ao m\u00e1ximo os\u00a0<strong>benef\u00edcios do \u00f3leo de feno-grego\u00a0<\/strong>e akpi:<\/p>\n<p>Recomenda-se aplic\u00e1-lo com suaves movimentos circulares sobre a pele limpa, de prefer\u00eancia ap\u00f3s o banho. Al\u00e9m disso, para obter melhores resultados, \u00e9 aconselh\u00e1vel utiliz\u00e1-lo regularmente, seguindo as instru\u00e7\u00f5es fornecidas pela marca.<\/p>\n<p>Para concluir, este \u00f3leo \u00e9 um\u00a0<strong>produto natural<\/strong>\u00a0excecional, apreciado pelas suas propriedades cosm\u00e9ticas. Ao incorpor\u00e1-lo na sua rotina de cuidados, pode aproveitar os benef\u00edcios ancestrais destas duas plantas para uma pele visivelmente mais tonificada e radiante.<\/p>","protected":false},"excerpt":{"rendered":"<p><img decoding=\"async\" class=\"size-full wp-image-5091 aligncenter\" src=\"https:\/\/www.safinel.fr\/wp-content\/uploads\/2021\/06\/BANNIERE-ICONE-SAFINEL.webp\" alt=\"resseguro satinado\" width=\"800\" height=\"200\" srcset=\"https:\/\/www.safinel.fr\/wp-content\/uploads\/2021\/06\/BANNIERE-ICONE-SAFINEL.webp 800w, https:\/\/www.safinel.fr\/wp-content\/uploads\/2021\/06\/BANNIERE-ICONE-SAFINEL-600x150.webp 600w, https:\/\/www.safinel.fr\/wp-content\/uploads\/2021\/06\/BANNIERE-ICONE-SAFINEL-768x192.webp 768w\" sizes=\"(max-width: 800px) 100vw, 800px\" \/><\/p>","protected":false},"featured_media":10200,"template":"","meta":[],"product_brand":[],"product_cat":[122],"product_tag":[],"class_list":{"0":"post-10199","1":"product","2":"type-product","3":"status-publish","4":"has-post-thumbnail","6":"product_cat-huile-vegetale","8":"first","9":"outofstock","10":"shipping-taxable","11":"purchasable","12":"product-type-simple"},"yoast_head":"<!-- This site is optimized with the Yoast SEO plugin v26.6 - https:\/\/yoast.com\/wordpress\/plugins\/seo\/ -->\n<title>Huile de fenugrec et akpi | Bienfaits nombreux | El Hikma<\/title>\n<meta name=\"description\" content=\"D\u00e9couvrez enfin l&#039;huile de fenugrec et akpi de la marque\u00a0El Hikma\u00a0! Un concentr\u00e9 de soin bio r\u00e9put\u00e9 pour ses nombreux bienfaits sur la peau.\" \/>\n<meta name=\"robots\" content=\"index, follow, max-snippet:-1, max-image-preview:large, max-video-preview:-1\" \/>\n<link rel=\"canonical\" href=\"https:\/\/www.safinel.fr\/pt\/product-2\/oleo-de-feno-grego-e-akpi\/\" \/>\n<meta property=\"og:locale\" content=\"pt_PT\" \/>\n<meta property=\"og:type\" content=\"article\" \/>\n<meta property=\"og:title\" content=\"Huile de fenugrec et akpi | Bienfaits nombreux | El Hikma\" \/>\n<meta property=\"og:description\" content=\"D\u00e9couvrez enfin l&#039;huile de fenugrec et akpi de la marque\u00a0El Hikma\u00a0! Un concentr\u00e9 de soin bio r\u00e9put\u00e9 pour ses nombreux bienfaits sur la peau.\" \/>\n<meta property=\"og:url\" content=\"https:\/\/www.safinel.fr\/pt\/product-2\/oleo-de-feno-grego-e-akpi\/\" \/>\n<meta property=\"og:site_name\" content=\"Safinel\" \/>\n<meta property=\"article:modified_time\" content=\"2026-01-05T20:32:21+00:00\" \/>\n<meta property=\"og:image\" content=\"https:\/\/www.safinel.fr\/wp-content\/uploads\/2023\/12\/huile-de-fenugrec-et-akpi.jpg\" \/>\n\t<meta property=\"og:image:width\" content=\"600\" \/>\n\t<meta property=\"og:image:height\" content=\"600\" \/>\n\t<meta property=\"og:image:type\" content=\"image\/jpeg\" \/>\n<meta name=\"twitter:card\" content=\"summary_large_image\" \/>\n<meta name=\"twitter:label1\" content=\"Tempo estimado de leitura\" \/>\n\t<meta name=\"twitter:data1\" content=\"2 minutos\" \/>\n<script type=\"application\/ld+json\" class=\"yoast-schema-graph\">{\"@context\":\"https:\/\/schema.org\",\"@graph\":[{\"@type\":\"WebPage\",\"@id\":\"https:\/\/www.safinel.fr\/produit\/huile-de-fenugrec-et-akpi\/\",\"url\":\"https:\/\/www.safinel.fr\/produit\/huile-de-fenugrec-et-akpi\/\",\"name\":\"Huile de fenugrec et akpi | Bienfaits nombreux | El Hikma\",\"isPartOf\":{\"@id\":\"https:\/\/www.safinel.fr\/#website\"},\"primaryImageOfPage\":{\"@id\":\"https:\/\/www.safinel.fr\/produit\/huile-de-fenugrec-et-akpi\/#primaryimage\"},\"image\":{\"@id\":\"https:\/\/www.safinel.fr\/produit\/huile-de-fenugrec-et-akpi\/#primaryimage\"},\"thumbnailUrl\":\"https:\/\/www.safinel.fr\/wp-content\/uploads\/2023\/12\/huile-de-fenugrec-et-akpi.jpg\",\"datePublished\":\"2023-12-12T08:55:38+00:00\",\"dateModified\":\"2026-01-05T20:32:21+00:00\",\"description\":\"D\u00e9couvrez enfin l'huile de fenugrec et akpi de la marque\u00a0El Hikma\u00a0! Un concentr\u00e9 de soin bio r\u00e9put\u00e9 pour ses nombreux bienfaits sur la peau.\",\"breadcrumb\":{\"@id\":\"https:\/\/www.safinel.fr\/produit\/huile-de-fenugrec-et-akpi\/#breadcrumb\"},\"inLanguage\":\"pt-PT\",\"potentialAction\":[{\"@type\":\"ReadAction\",\"target\":[\"https:\/\/www.safinel.fr\/produit\/huile-de-fenugrec-et-akpi\/\"]}]},{\"@type\":\"ImageObject\",\"inLanguage\":\"pt-PT\",\"@id\":\"https:\/\/www.safinel.fr\/produit\/huile-de-fenugrec-et-akpi\/#primaryimage\",\"url\":\"https:\/\/www.safinel.fr\/wp-content\/uploads\/2023\/12\/huile-de-fenugrec-et-akpi.jpg\",\"contentUrl\":\"https:\/\/www.safinel.fr\/wp-content\/uploads\/2023\/12\/huile-de-fenugrec-et-akpi.jpg\",\"width\":600,\"height\":600,\"caption\":\"Huile de fenugrec et akpi 150g - El Hikma\"},{\"@type\":\"BreadcrumbList\",\"@id\":\"https:\/\/www.safinel.fr\/produit\/huile-de-fenugrec-et-akpi\/#breadcrumb\",\"itemListElement\":[{\"@type\":\"ListItem\",\"position\":1,\"name\":\"Accueil\",\"item\":\"https:\/\/www.safinel.fr\/\"},{\"@type\":\"ListItem\",\"position\":2,\"name\":\"Boutique\",\"item\":\"https:\/\/www.safinel.fr\/boutique\/\"},{\"@type\":\"ListItem\",\"position\":3,\"name\":\"Huile de fenugrec et akpi 120g &#8211; El Hikma\"}]},{\"@type\":\"WebSite\",\"@id\":\"https:\/\/www.safinel.fr\/#website\",\"url\":\"https:\/\/www.safinel.fr\/\",\"name\":\"Safinel\",\"description\":\"\",\"publisher\":{\"@id\":\"https:\/\/www.safinel.fr\/#organization\"},\"potentialAction\":[{\"@type\":\"SearchAction\",\"target\":{\"@type\":\"EntryPoint\",\"urlTemplate\":\"https:\/\/www.safinel.fr\/?s={search_term_string}\"},\"query-input\":{\"@type\":\"PropertyValueSpecification\",\"valueRequired\":true,\"valueName\":\"search_term_string\"}}],\"inLanguage\":\"pt-PT\"},{\"@type\":\"Organization\",\"@id\":\"https:\/\/www.safinel.fr\/#organization\",\"name\":\"Safinel\",\"url\":\"https:\/\/www.safinel.fr\/\",\"logo\":{\"@type\":\"ImageObject\",\"inLanguage\":\"pt-PT\",\"@id\":\"https:\/\/www.safinel.fr\/#\/schema\/logo\/image\/\",\"url\":\"https:\/\/www.safinel.fr\/wp-content\/uploads\/2021\/05\/boutique-cosmetique.png\",\"contentUrl\":\"https:\/\/www.safinel.fr\/wp-content\/uploads\/2021\/05\/boutique-cosmetique.png\",\"width\":800,\"height\":200,\"caption\":\"Safinel\"},\"image\":{\"@id\":\"https:\/\/www.safinel.fr\/#\/schema\/logo\/image\/\"}}]}<\/script>\n<!-- \/ Yoast SEO plugin. -->","yoast_head_json":{"title":"\u00d3leo de feno-grego e akpi | In\u00fameros benef\u00edcios | El Hikma","description":"Descubra finalmente o \u00f3leo de feno-grego e akpi da marca El Hikma! Um concentrado de cuidados biol\u00f3gicos conhecido pelos seus in\u00fameros benef\u00edcios para a pele.","robots":{"index":"index","follow":"follow","max-snippet":"max-snippet:-1","max-image-preview":"max-image-preview:large","max-video-preview":"max-video-preview:-1"},"canonical":"https:\/\/www.safinel.fr\/pt\/product-2\/oleo-de-feno-grego-e-akpi\/","og_locale":"pt_PT","og_type":"article","og_title":"Huile de fenugrec et akpi | Bienfaits nombreux | El Hikma","og_description":"D\u00e9couvrez enfin l'huile de fenugrec et akpi de la marque\u00a0El Hikma\u00a0! Un concentr\u00e9 de soin bio r\u00e9put\u00e9 pour ses nombreux bienfaits sur la peau.","og_url":"https:\/\/www.safinel.fr\/pt\/product-2\/oleo-de-feno-grego-e-akpi\/","og_site_name":"Safinel","article_modified_time":"2026-01-05T20:32:21+00:00","og_image":[{"width":600,"height":600,"url":"https:\/\/www.safinel.fr\/wp-content\/uploads\/2023\/12\/huile-de-fenugrec-et-akpi.jpg","type":"image\/jpeg"}],"twitter_card":"summary_large_image","twitter_misc":{"Tempo estimado de leitura":"2 minutos"},"schema":{"@context":"https:\/\/schema.org","@graph":[{"@type":"WebPage","@id":"https:\/\/www.safinel.fr\/produit\/huile-de-fenugrec-et-akpi\/","url":"https:\/\/www.safinel.fr\/produit\/huile-de-fenugrec-et-akpi\/","name":"\u00d3leo de feno-grego e akpi | In\u00fameros benef\u00edcios | El Hikma","isPartOf":{"@id":"https:\/\/www.safinel.fr\/#website"},"primaryImageOfPage":{"@id":"https:\/\/www.safinel.fr\/produit\/huile-de-fenugrec-et-akpi\/#primaryimage"},"image":{"@id":"https:\/\/www.safinel.fr\/produit\/huile-de-fenugrec-et-akpi\/#primaryimage"},"thumbnailUrl":"https:\/\/www.safinel.fr\/wp-content\/uploads\/2023\/12\/huile-de-fenugrec-et-akpi.jpg","datePublished":"2023-12-12T08:55:38+00:00","dateModified":"2026-01-05T20:32:21+00:00","description":"Descubra finalmente o \u00f3leo de feno-grego e akpi da marca El Hikma! Um concentrado de cuidados biol\u00f3gicos conhecido pelos seus in\u00fameros benef\u00edcios para a pele.","breadcrumb":{"@id":"https:\/\/www.safinel.fr\/produit\/huile-de-fenugrec-et-akpi\/#breadcrumb"},"inLanguage":"pt-PT","potentialAction":[{"@type":"ReadAction","target":["https:\/\/www.safinel.fr\/produit\/huile-de-fenugrec-et-akpi\/"]}]},{"@type":"ImageObject","inLanguage":"pt-PT","@id":"https:\/\/www.safinel.fr\/produit\/huile-de-fenugrec-et-akpi\/#primaryimage","url":"https:\/\/www.safinel.fr\/wp-content\/uploads\/2023\/12\/huile-de-fenugrec-et-akpi.jpg","contentUrl":"https:\/\/www.safinel.fr\/wp-content\/uploads\/2023\/12\/huile-de-fenugrec-et-akpi.jpg","width":600,"height":600,"caption":"Huile de fenugrec et akpi 150g - El Hikma"},{"@type":"BreadcrumbList","@id":"https:\/\/www.safinel.fr\/produit\/huile-de-fenugrec-et-akpi\/#breadcrumb","itemListElement":[{"@type":"ListItem","position":1,"name":"Accueil","item":"https:\/\/www.safinel.fr\/"},{"@type":"ListItem","position":2,"name":"Boutique","item":"https:\/\/www.safinel.fr\/boutique\/"},{"@type":"ListItem","position":3,"name":"Huile de fenugrec et akpi 120g &#8211; El Hikma"}]},{"@type":"WebSite","@id":"https:\/\/www.safinel.fr\/#website","url":"https:\/\/www.safinel.fr\/","name":"Safinel","description":"","publisher":{"@id":"https:\/\/www.safinel.fr\/#organization"},"potentialAction":[{"@type":"SearchAction","target":{"@type":"EntryPoint","urlTemplate":"https:\/\/www.safinel.fr\/?s={search_term_string}"},"query-input":{"@type":"PropertyValueSpecification","valueRequired":true,"valueName":"search_term_string"}}],"inLanguage":"pt-PT"},{"@type":"Organization","@id":"https:\/\/www.safinel.fr\/#organization","name":"Safinel","url":"https:\/\/www.safinel.fr\/","logo":{"@type":"ImageObject","inLanguage":"pt-PT","@id":"https:\/\/www.safinel.fr\/#\/schema\/logo\/image\/","url":"https:\/\/www.safinel.fr\/wp-content\/uploads\/2021\/05\/boutique-cosmetique.png","contentUrl":"https:\/\/www.safinel.fr\/wp-content\/uploads\/2021\/05\/boutique-cosmetique.png","width":800,"height":200,"caption":"Safinel"},"image":{"@id":"https:\/\/www.safinel.fr\/#\/schema\/logo\/image\/"}}]}},"_links":{"self":[{"href":"https:\/\/www.safinel.fr\/pt\/wp-json\/wp\/v2\/product\/10199","targetHints":{"allow":["GET"]}}],"collection":[{"href":"https:\/\/www.safinel.fr\/pt\/wp-json\/wp\/v2\/product"}],"about":[{"href":"https:\/\/www.safinel.fr\/pt\/wp-json\/wp\/v2\/types\/product"}],"wp:featuredmedia":[{"embeddable":true,"href":"https:\/\/www.safinel.fr\/pt\/wp-json\/wp\/v2\/media\/10200"}],"wp:attachment":[{"href":"https:\/\/www.safinel.fr\/pt\/wp-json\/wp\/v2\/media?parent=10199"}],"wp:term":[{"taxonomy":"product_brand","embeddable":true,"href":"https:\/\/www.safinel.fr\/pt\/wp-json\/wp\/v2\/product_brand?post=10199"},{"taxonomy":"product_cat","embeddable":true,"href":"https:\/\/www.safinel.fr\/pt\/wp-json\/wp\/v2\/product_cat?post=10199"},{"taxonomy":"product_tag","embeddable":true,"href":"https:\/\/www.safinel.fr\/pt\/wp-json\/wp\/v2\/product_tag?post=10199"}],"curies":[{"name":"wp","href":"https:\/\/api.w.org\/{rel}","templated":true}]}}