{"id":819,"date":"2022-02-12T19:58:56","date_gmt":"2022-02-12T19:58:56","guid":{"rendered":"https:\/\/www.safinel.fr\/?page_id=819"},"modified":"2022-02-12T19:58:57","modified_gmt":"2022-02-12T19:58:57","slug":"folhas-de-lippia","status":"publish","type":"page","link":"https:\/\/www.safinel.fr\/pt\/folhas-de-lippia\/","title":{"rendered":"Os 5 benef\u00edcios das folhas de lippia"},"content":{"rendered":"<h1 class=\"wp-block-heading\" id=\"les-5-bienfaits-des-feuilles-de-lippia\">Os 5 benef\u00edcios das folhas de lippia<\/h1>\n\n\n\n<p>As folhas de lippia, tamb\u00e9m conhecidas como buluktu em \u00c1frica, encontram-se principalmente na savana africana em estado natural. Elas continuam a ser pouco conhecidas no Ocidente. No entanto, as virtudes do ch\u00e1 da savana s\u00e3o numerosas: sistema nervoso, digestivo, desintoxicante, energizante, virtudes durante o jejum...&nbsp;<strong>As folhas de lippia t\u00eam mais de um truque na manga.<\/strong><\/p>\n\n\n\n<p>Descubra connosco os&nbsp;<strong>benef\u00edcios das folhas de lippia<\/strong>&nbsp;O quarto risco pode surpreend\u00ea-lo!<\/p>\n\n\n\n<h2 class=\"wp-block-heading\" id=\"h-les-feuilles-de-lippia-riches-en-min-raux\">Folhas de lippia: ricas em minerais<\/h2>\n\n\n\n<p>Os benef\u00edcios das folhas africanas n\u00e3o s\u00e3o insignificantes. A sua riqueza em minerais \u00e9 impressionante: pot\u00e1ssio, c\u00e1lcio, f\u00f3sforo, magn\u00e9sio, ferro...<\/p>\n\n\n\n<p>Uma infus\u00e3o de bulukutu fornecer\u00e1 uma quantidade incompar\u00e1vel de minerais para o seu dia a dia. A defici\u00eancia de ferro \u00e9 cada vez mais frequente na nossa sociedade: as folhas de lippia s\u00e3o uma alternativa interessante para combater a anemia.<\/p>\n\n\n\n<h2 class=\"wp-block-heading\" id=\"h-les-5-plus-grands-bienfaits-des-feuilles-de-lippia\">Os 5 maiores benef\u00edcios das folhas de lippia<\/h2>\n\n\n\n<h3 class=\"wp-block-heading\" id=\"h-bienfait-sur-le-syst-me-nerveux\">Benef\u00edcio para o sistema nervoso<\/h3>\n\n\n\n<p>O sistema nervoso tem um papel fundamental na vida do ser humano. Este termo designa o conjunto de tecidos que controlam as fun\u00e7\u00f5es vitais. Ele gere as informa\u00e7\u00f5es sensoriais, coordena os m\u00fasculos e regula o funcionamento dos \u00f3rg\u00e3os. No ser humano, ele tamb\u00e9m \u00e9 o recept\u00e1culo das emo\u00e7\u00f5es e do intelecto.<\/p>\n\n\n\n<p>Imagine, ent\u00e3o, o quanto o sistema nervoso \u00e9 solicitado diariamente! Elas o ajudar\u00e3o a funcionar corretamente. N\u00e3o deixe de consumi-las!<\/p>\n\n\n\n<h3 class=\"wp-block-heading\" id=\"h-vertu-des-feuilles-de-lippia-sur-le-syst-me-digestif\">Virtudes das folhas de lippia no sistema digestivo<\/h3>\n\n\n\n<p>Os benef\u00edcios para o sistema digestivo s\u00e3o muitos:<\/p>\n\n\n\n<p>ajuda na digest\u00e3o<br>Prote\u00e7\u00e3o e reequil\u00edbrio da flora intestinal<br>Ajuda na preven\u00e7\u00e3o de \u00falceras<br>Anti-incha\u00e7o e laxantes leves<\/p>\n\n\n\n<p>Se sofre de problemas digestivos, o ch\u00e1 das savanas \u00e9 ideal para si!<\/p>\n\n\n\n<h3 class=\"wp-block-heading\" id=\"h-ses-vertus-d-toxifiantes\">As suas propriedades desintoxicantes<\/h3>\n\n\n\n<p>O ch\u00e1 das savanas \u00e9 conhecido pelas suas propriedades desintoxicantes. A sua riqueza em minerais \u00e9 provavelmente a origem deste benef\u00edcio. Ele liberta o corpo das toxinas: estas acumulam-se ao longo do tempo e podem congestionar o organismo. Ajuda a queimar e eliminar gorduras.<\/p>\n\n\n\n<p>O bulukutu \u00e9, portanto, ideal para reequilibrar a alimenta\u00e7\u00e3o.<\/p>\n\n\n\n<h3 class=\"wp-block-heading\" id=\"h-bienfaits-pendant-le-je-ne\">Benef\u00edcios durante o jejum<\/h3>\n\n\n\n<p>O ch\u00e1 das savanas tem propriedades inibidoras do apetite. Ajuda quem est\u00e1 a jejuar a suportar o jejum durante o dia, inibindo a fome. Tamb\u00e9m combate a sede!<\/p>\n\n\n\n<p>A sua riqueza mineral ajuda a regular o apetite ao longo do dia e permite distribuir a hidrata\u00e7\u00e3o de forma equilibrada durante todo o jejum. Conhece outra planta que possa ajud\u00e1-lo a jejuar? O bulukutu \u00e9 \u00fanico!<\/p>\n\n\n\n<h3 class=\"wp-block-heading\" id=\"h-effet-nergisant-du-bulukutu\">Efeito energizante do bulukutu<\/h3>\n\n\n\n<p>Nunca se sente sem energia? E se as folhas de lippia se tornassem suas aliadas no dia a dia?<\/p>\n\n\n\n<p>A sua riqueza em minerais, pot\u00e1ssio, magn\u00e9sio e ferro \u00e9 um verdadeiro impulso para o organismo. Se sofre de fadiga cr\u00f3nica, consuma bulukutu regularmente para combater o cansa\u00e7o.<\/p>\n\n\n\n<p><strong>E se aproveitar agora mesmo os benef\u00edcios das folhas de lippia? N\u00e3o espere mais!<\/strong><\/p>","protected":false},"excerpt":{"rendered":"<p>Les 5 bienfaits des feuilles de lippia Les feuilles de lippia, aussi appel\u00e9e buluktu en Afrique, se trouve principalement dans la savane africaine \u00e0 l\u2019\u00e9tat naturel. Elles restent m\u00e9connues en Occident. Pourtant, les vertus du th\u00e9 des savanes sont nombreuses&nbsp;: syst\u00e8me nerveux, digestif, d\u00e9toxifiantes, \u00e9nergisantes, vertus lors du je\u00fbne\u2026&nbsp;les feuilles de lippia ont plus d\u2019un [&#8230;]","protected":false},"author":1,"featured_media":0,"parent":0,"menu_order":0,"comment_status":"closed","ping_status":"closed","template":"","meta":{"footnotes":""},"class_list":["post-819","page","type-page","status-publish","hentry"],"yoast_head":"<!-- This site is optimized with the Yoast SEO plugin v26.6 - https:\/\/yoast.com\/wordpress\/plugins\/seo\/ -->\n<title>Feuilles de lippia | Appel\u00e9e buluktu en Afrique | Ses bienfaits<\/title>\n<meta name=\"description\" content=\"Les feuilles de lippia, aussi appel\u00e9e buluktu en Afrique, se trouve principalement dans la savane africaine \u00e0 l\u2019\u00e9tat naturel.\" \/>\n<meta name=\"robots\" content=\"index, follow, max-snippet:-1, max-image-preview:large, max-video-preview:-1\" \/>\n<link rel=\"canonical\" href=\"https:\/\/www.safinel.fr\/pt\/folhas-de-lippia\/\" \/>\n<meta property=\"og:locale\" content=\"pt_PT\" \/>\n<meta property=\"og:type\" content=\"article\" \/>\n<meta property=\"og:title\" content=\"Feuilles de lippia | Appel\u00e9e buluktu en Afrique | Ses bienfaits\" \/>\n<meta property=\"og:description\" content=\"Les feuilles de lippia, aussi appel\u00e9e buluktu en Afrique, se trouve principalement dans la savane africaine \u00e0 l\u2019\u00e9tat naturel.\" \/>\n<meta property=\"og:url\" content=\"https:\/\/www.safinel.fr\/pt\/folhas-de-lippia\/\" \/>\n<meta property=\"og:site_name\" content=\"Safinel\" \/>\n<meta property=\"article:modified_time\" content=\"2022-02-12T19:58:57+00:00\" \/>\n<meta name=\"twitter:card\" content=\"summary_large_image\" \/>\n<meta name=\"twitter:label1\" content=\"Tempo estimado de leitura\" \/>\n\t<meta name=\"twitter:data1\" content=\"3 minutos\" \/>\n<script type=\"application\/ld+json\" class=\"yoast-schema-graph\">{\"@context\":\"https:\/\/schema.org\",\"@graph\":[{\"@type\":\"WebPage\",\"@id\":\"https:\/\/www.safinel.fr\/feuilles-de-lippia\/\",\"url\":\"https:\/\/www.safinel.fr\/feuilles-de-lippia\/\",\"name\":\"Feuilles de lippia | Appel\u00e9e buluktu en Afrique | Ses bienfaits\",\"isPartOf\":{\"@id\":\"https:\/\/www.safinel.fr\/#website\"},\"datePublished\":\"2022-02-12T19:58:56+00:00\",\"dateModified\":\"2022-02-12T19:58:57+00:00\",\"description\":\"Les feuilles de lippia, aussi appel\u00e9e buluktu en Afrique, se trouve principalement dans la savane africaine \u00e0 l\u2019\u00e9tat naturel.\",\"breadcrumb\":{\"@id\":\"https:\/\/www.safinel.fr\/feuilles-de-lippia\/#breadcrumb\"},\"inLanguage\":\"pt-PT\",\"potentialAction\":[{\"@type\":\"ReadAction\",\"target\":[\"https:\/\/www.safinel.fr\/feuilles-de-lippia\/\"]}]},{\"@type\":\"BreadcrumbList\",\"@id\":\"https:\/\/www.safinel.fr\/feuilles-de-lippia\/#breadcrumb\",\"itemListElement\":[{\"@type\":\"ListItem\",\"position\":1,\"name\":\"Accueil\",\"item\":\"https:\/\/www.safinel.fr\/\"},{\"@type\":\"ListItem\",\"position\":2,\"name\":\"Les 5 bienfaits des feuilles de lippia\"}]},{\"@type\":\"WebSite\",\"@id\":\"https:\/\/www.safinel.fr\/#website\",\"url\":\"https:\/\/www.safinel.fr\/\",\"name\":\"Safinel\",\"description\":\"\",\"publisher\":{\"@id\":\"https:\/\/www.safinel.fr\/#organization\"},\"potentialAction\":[{\"@type\":\"SearchAction\",\"target\":{\"@type\":\"EntryPoint\",\"urlTemplate\":\"https:\/\/www.safinel.fr\/?s={search_term_string}\"},\"query-input\":{\"@type\":\"PropertyValueSpecification\",\"valueRequired\":true,\"valueName\":\"search_term_string\"}}],\"inLanguage\":\"pt-PT\"},{\"@type\":\"Organization\",\"@id\":\"https:\/\/www.safinel.fr\/#organization\",\"name\":\"Safinel\",\"url\":\"https:\/\/www.safinel.fr\/\",\"logo\":{\"@type\":\"ImageObject\",\"inLanguage\":\"pt-PT\",\"@id\":\"https:\/\/www.safinel.fr\/#\/schema\/logo\/image\/\",\"url\":\"https:\/\/www.safinel.fr\/wp-content\/uploads\/2021\/05\/boutique-cosmetique.png\",\"contentUrl\":\"https:\/\/www.safinel.fr\/wp-content\/uploads\/2021\/05\/boutique-cosmetique.png\",\"width\":800,\"height\":200,\"caption\":\"Safinel\"},\"image\":{\"@id\":\"https:\/\/www.safinel.fr\/#\/schema\/logo\/image\/\"}}]}<\/script>\n<!-- \/ Yoast SEO plugin. -->","yoast_head_json":{"title":"Folhas de lippia | Chamada de buluktu na \u00c1frica | Os seus benef\u00edcios","description":"As folhas de lippia, tamb\u00e9m conhecidas como buluktu em \u00c1frica, encontram-se principalmente na savana africana em estado natural.","robots":{"index":"index","follow":"follow","max-snippet":"max-snippet:-1","max-image-preview":"max-image-preview:large","max-video-preview":"max-video-preview:-1"},"canonical":"https:\/\/www.safinel.fr\/pt\/folhas-de-lippia\/","og_locale":"pt_PT","og_type":"article","og_title":"Feuilles de lippia | Appel\u00e9e buluktu en Afrique | Ses bienfaits","og_description":"Les feuilles de lippia, aussi appel\u00e9e buluktu en Afrique, se trouve principalement dans la savane africaine \u00e0 l\u2019\u00e9tat naturel.","og_url":"https:\/\/www.safinel.fr\/pt\/folhas-de-lippia\/","og_site_name":"Safinel","article_modified_time":"2022-02-12T19:58:57+00:00","twitter_card":"summary_large_image","twitter_misc":{"Tempo estimado de leitura":"3 minutos"},"schema":{"@context":"https:\/\/schema.org","@graph":[{"@type":"WebPage","@id":"https:\/\/www.safinel.fr\/feuilles-de-lippia\/","url":"https:\/\/www.safinel.fr\/feuilles-de-lippia\/","name":"Folhas de lippia | Chamada de buluktu na \u00c1frica | Os seus benef\u00edcios","isPartOf":{"@id":"https:\/\/www.safinel.fr\/#website"},"datePublished":"2022-02-12T19:58:56+00:00","dateModified":"2022-02-12T19:58:57+00:00","description":"As folhas de lippia, tamb\u00e9m conhecidas como buluktu em \u00c1frica, encontram-se principalmente na savana africana em estado natural.","breadcrumb":{"@id":"https:\/\/www.safinel.fr\/feuilles-de-lippia\/#breadcrumb"},"inLanguage":"pt-PT","potentialAction":[{"@type":"ReadAction","target":["https:\/\/www.safinel.fr\/feuilles-de-lippia\/"]}]},{"@type":"BreadcrumbList","@id":"https:\/\/www.safinel.fr\/feuilles-de-lippia\/#breadcrumb","itemListElement":[{"@type":"ListItem","position":1,"name":"Accueil","item":"https:\/\/www.safinel.fr\/"},{"@type":"ListItem","position":2,"name":"Les 5 bienfaits des feuilles de lippia"}]},{"@type":"WebSite","@id":"https:\/\/www.safinel.fr\/#website","url":"https:\/\/www.safinel.fr\/","name":"Safinel","description":"","publisher":{"@id":"https:\/\/www.safinel.fr\/#organization"},"potentialAction":[{"@type":"SearchAction","target":{"@type":"EntryPoint","urlTemplate":"https:\/\/www.safinel.fr\/?s={search_term_string}"},"query-input":{"@type":"PropertyValueSpecification","valueRequired":true,"valueName":"search_term_string"}}],"inLanguage":"pt-PT"},{"@type":"Organization","@id":"https:\/\/www.safinel.fr\/#organization","name":"Safinel","url":"https:\/\/www.safinel.fr\/","logo":{"@type":"ImageObject","inLanguage":"pt-PT","@id":"https:\/\/www.safinel.fr\/#\/schema\/logo\/image\/","url":"https:\/\/www.safinel.fr\/wp-content\/uploads\/2021\/05\/boutique-cosmetique.png","contentUrl":"https:\/\/www.safinel.fr\/wp-content\/uploads\/2021\/05\/boutique-cosmetique.png","width":800,"height":200,"caption":"Safinel"},"image":{"@id":"https:\/\/www.safinel.fr\/#\/schema\/logo\/image\/"}}]}},"_links":{"self":[{"href":"https:\/\/www.safinel.fr\/pt\/wp-json\/wp\/v2\/pages\/819","targetHints":{"allow":["GET"]}}],"collection":[{"href":"https:\/\/www.safinel.fr\/pt\/wp-json\/wp\/v2\/pages"}],"about":[{"href":"https:\/\/www.safinel.fr\/pt\/wp-json\/wp\/v2\/types\/page"}],"author":[{"embeddable":true,"href":"https:\/\/www.safinel.fr\/pt\/wp-json\/wp\/v2\/users\/1"}],"replies":[{"embeddable":true,"href":"https:\/\/www.safinel.fr\/pt\/wp-json\/wp\/v2\/comments?post=819"}],"version-history":[{"count":1,"href":"https:\/\/www.safinel.fr\/pt\/wp-json\/wp\/v2\/pages\/819\/revisions"}],"predecessor-version":[{"id":820,"href":"https:\/\/www.safinel.fr\/pt\/wp-json\/wp\/v2\/pages\/819\/revisions\/820"}],"wp:attachment":[{"href":"https:\/\/www.safinel.fr\/pt\/wp-json\/wp\/v2\/media?parent=819"}],"curies":[{"name":"wp","href":"https:\/\/api.w.org\/{rel}","templated":true}]}}