{"id":815,"date":"2022-02-12T19:50:13","date_gmt":"2022-02-12T19:50:13","guid":{"rendered":"https:\/\/www.safinel.fr\/?page_id=815"},"modified":"2023-01-31T17:37:43","modified_gmt":"2023-01-31T17:37:43","slug":"bissap","status":"publish","type":"page","link":"https:\/\/www.safinel.fr\/pt\/bissap\/","title":{"rendered":"6 benef\u00edcios do bissap para a sa\u00fade"},"content":{"rendered":"<h1>6 benef\u00edcios do bissap para a sa\u00fade<\/h1>\n<p>O bissap, tamb\u00e9m conhecido como hibisco, \u00e9 muito popular na \u00c1frica Subsaariana. E por um bom motivo! <strong>O hibisco \u00e9 uma planta com m\u00faltiplas virtudes<\/strong>\u00a0: refor\u00e7o do sistema imunit\u00e1rio, hipertens\u00e3o, benef\u00edcios para o sistema urin\u00e1rio, obesidade, efeitos analg\u00e9sicos, antioxidantes e antidepressivos. <strong>O bissap ainda n\u00e3o disse a sua \u00faltima palavra<\/strong>\u00a0!<\/p>\n<p>Descubra connosco os 6 benef\u00edcios do bissap para a sa\u00fade. Se \u00e9 mulher, vai gostar do sexto!<\/p>\n<h2>Os benef\u00edcios do bissap para o sistema imunol\u00f3gico<\/h2>\n<p><strong>O bissap \u00e9 um concentrado de vitaminas<\/strong>. Composto por vitaminas B2, B3, C e ferro, o bissap combate o envelhecimento da pele e o stress oxidativo: al\u00e9m disso, est\u00e1 comprovado que \u00e9 um dos melhores antioxidantes naturais! Tamb\u00e9m tem um efeito tonificante e propriedades antiss\u00e9pticas.<\/p>\n<p>Consumir bissap regularmente (evitando adicionar a\u00e7\u00facar!) fortalece o sistema imunol\u00f3gico como um todo. Beba sem modera\u00e7\u00e3o!<\/p>\n<h2>Os benef\u00edcios do hibisco para a press\u00e3o arterial<\/h2>\n<p>Estudos demonstraram que o hibisco possui <strong>propriedades hipotensoras<\/strong> n\u00e3o negligenci\u00e1veis!<\/p>\n<p>A hipertens\u00e3o pode ser perigosa: se for prolongada e grave, pode causar problemas card\u00edacos ou um AVC.<\/p>\n<p>Beber 3 infus\u00f5es de bissap por dia diminui significativamente a sua press\u00e3o arterial. Antes de recorrer a um tratamento medicamentoso, ou pior, pense no bissap! Aten\u00e7\u00e3o, se a sua hipertens\u00e3o for real e j\u00e1 estiver bem instalada, aconselhamos que consulte um m\u00e9dico o mais rapidamente poss\u00edvel.<\/p>\n<h2>O bissap e o sistema urin\u00e1rio<\/h2>\n<p>A planta tamb\u00e9m tem <strong>efeitos diur\u00e9ticos<\/strong>. \u00c9 recomendada por naturopatas no tratamento de infec\u00e7\u00f5es urin\u00e1rias e c\u00e1lculos renais. As suas propriedades foram reconhecidas pela Autoridade Europeia para a Seguran\u00e7a dos Alimentos.<\/p>\n<p>A a\u00e7\u00e3o desintoxicante do bissap evitar\u00e1 complica\u00e7\u00f5es no sistema urin\u00e1rio. N\u00e3o deixe de consumi-lo!<\/p>\n<h2>O hibisco: uma planta com efeitos antioxidantes e antidepressivos<\/h2>\n<p>O bissap \u00e9 um tesouro. Analg\u00e9sico, antioxidante e at\u00e9 antidepressivo!<\/p>\n<p>O hibisco superou o ch\u00e1 verde num estudo sobre plantas com propriedades antioxidantes. Stress, polui\u00e7\u00e3o, desnutri\u00e7\u00e3o e envelhecimento s\u00e3o fatores que desencadeiam a produ\u00e7\u00e3o de radicais livres. Esses radicais livres s\u00e3o a causa de muitas doen\u00e7as, incluindo certos tipos de cancro.<\/p>\n<p>Os antioxidantes combatem ativamente esses radicais livres e os seus efeitos nocivos. Consumir bissap \u00e9 ajudar o seu corpo a lutar!<\/p>\n<h2>Os benef\u00edcios do bissap na obesidade<\/h2>\n<p>O bissap aumenta o metabolismo basal: em resumo, ajuda a <a href=\"https:\/\/www.safinel.fr\/pt\/kinkeliba\/\"><strong>queimar calorias<\/strong><\/a>, sem fazer mais nada. Al\u00e9m disso, estudos tendem a provar que ele impede a assimila\u00e7\u00e3o de amidos e sacaroses e, portanto, o ac\u00famulo de gorduras!<\/p>\n<p>Em suma, o hibisco \u00e9 o seu aliado para emagrecer.<\/p>\n<h2>Hibisco: chega de menstrua\u00e7\u00f5es dolorosas!<\/h2>\n<p>Voc\u00ea n\u00e3o imaginava isso! O bissap tem efeitos analg\u00e9sicos (antidolor) e relaxantes para os m\u00fasculos uterinos.<\/p>\n<p>Quando tomado regularmente, alivia profundamente as dores do ciclo menstrual e contribui para tornar a sua menstrua\u00e7\u00e3o menos dolorosa a longo prazo. Durante a sua agonia, o hibisco ir\u00e1 permitir-lhe aliviar os seus sintomas.<\/p>\n<p><strong>E voc\u00ea, que tal come\u00e7ar a beber bissap agora mesmo?<\/strong><\/p>","protected":false},"excerpt":{"rendered":"<p>6 benef\u00edcios do bissap para a sa\u00fade O bissap, tamb\u00e9m conhecido como hibisco, \u00e9 muito popular na \u00c1frica Subsaariana. E por boas raz\u00f5es! O hibisco \u00e9 uma planta com m\u00faltiplas virtudes: refor\u00e7o do sistema imunit\u00e1rio, hipertens\u00e3o, benef\u00edcios para o sistema urin\u00e1rio, obesidade, efeitos analg\u00e9sicos, antioxidantes e antidepressivos. O bissap ainda n\u00e3o disse a sua \u00faltima palavra! Descubra com [\u2026]","protected":false},"author":1,"featured_media":0,"parent":0,"menu_order":0,"comment_status":"closed","ping_status":"closed","template":"","meta":{"footnotes":""},"class_list":["post-815","page","type-page","status-publish","hentry"],"yoast_head":"<!-- This site is optimized with the Yoast SEO plugin v26.6 - https:\/\/yoast.com\/wordpress\/plugins\/seo\/ -->\n<title>Bissap | D\u00e9couvrez 6 bienfaits pour la sant\u00e9<\/title>\n<meta name=\"description\" content=\"Le bissap, aussi appel\u00e9 hibiscus, est tr\u00e8s populaire en Afrique subsaharienne. Et pour cause\u00a0! L\u2019hibiscus est une plante aux multiples vertus\" \/>\n<meta name=\"robots\" content=\"index, follow, max-snippet:-1, max-image-preview:large, max-video-preview:-1\" \/>\n<link rel=\"canonical\" href=\"https:\/\/www.safinel.fr\/pt\/bissap\/\" \/>\n<meta property=\"og:locale\" content=\"pt_PT\" \/>\n<meta property=\"og:type\" content=\"article\" \/>\n<meta property=\"og:title\" content=\"Bissap | D\u00e9couvrez 6 bienfaits pour la sant\u00e9\" \/>\n<meta property=\"og:description\" content=\"Le bissap, aussi appel\u00e9 hibiscus, est tr\u00e8s populaire en Afrique subsaharienne. Et pour cause\u00a0! L\u2019hibiscus est une plante aux multiples vertus\" \/>\n<meta property=\"og:url\" content=\"https:\/\/www.safinel.fr\/pt\/bissap\/\" \/>\n<meta property=\"og:site_name\" content=\"Safinel\" \/>\n<meta property=\"article:modified_time\" content=\"2023-01-31T17:37:43+00:00\" \/>\n<meta name=\"twitter:card\" content=\"summary_large_image\" \/>\n<meta name=\"twitter:label1\" content=\"Tempo estimado de leitura\" \/>\n\t<meta name=\"twitter:data1\" content=\"3 minutos\" \/>\n<script type=\"application\/ld+json\" class=\"yoast-schema-graph\">{\"@context\":\"https:\/\/schema.org\",\"@graph\":[{\"@type\":\"WebPage\",\"@id\":\"https:\/\/www.safinel.fr\/bissap\/\",\"url\":\"https:\/\/www.safinel.fr\/bissap\/\",\"name\":\"Bissap | D\u00e9couvrez 6 bienfaits pour la sant\u00e9\",\"isPartOf\":{\"@id\":\"https:\/\/www.safinel.fr\/#website\"},\"datePublished\":\"2022-02-12T19:50:13+00:00\",\"dateModified\":\"2023-01-31T17:37:43+00:00\",\"description\":\"Le bissap, aussi appel\u00e9 hibiscus, est tr\u00e8s populaire en Afrique subsaharienne. Et pour cause\u00a0! L\u2019hibiscus est une plante aux multiples vertus\",\"breadcrumb\":{\"@id\":\"https:\/\/www.safinel.fr\/bissap\/#breadcrumb\"},\"inLanguage\":\"pt-PT\",\"potentialAction\":[{\"@type\":\"ReadAction\",\"target\":[\"https:\/\/www.safinel.fr\/bissap\/\"]}]},{\"@type\":\"BreadcrumbList\",\"@id\":\"https:\/\/www.safinel.fr\/bissap\/#breadcrumb\",\"itemListElement\":[{\"@type\":\"ListItem\",\"position\":1,\"name\":\"Accueil\",\"item\":\"https:\/\/www.safinel.fr\/\"},{\"@type\":\"ListItem\",\"position\":2,\"name\":\"6 bienfaits du bissap sur la sant\u00e9\"}]},{\"@type\":\"WebSite\",\"@id\":\"https:\/\/www.safinel.fr\/#website\",\"url\":\"https:\/\/www.safinel.fr\/\",\"name\":\"Safinel\",\"description\":\"\",\"publisher\":{\"@id\":\"https:\/\/www.safinel.fr\/#organization\"},\"potentialAction\":[{\"@type\":\"SearchAction\",\"target\":{\"@type\":\"EntryPoint\",\"urlTemplate\":\"https:\/\/www.safinel.fr\/?s={search_term_string}\"},\"query-input\":{\"@type\":\"PropertyValueSpecification\",\"valueRequired\":true,\"valueName\":\"search_term_string\"}}],\"inLanguage\":\"pt-PT\"},{\"@type\":\"Organization\",\"@id\":\"https:\/\/www.safinel.fr\/#organization\",\"name\":\"Safinel\",\"url\":\"https:\/\/www.safinel.fr\/\",\"logo\":{\"@type\":\"ImageObject\",\"inLanguage\":\"pt-PT\",\"@id\":\"https:\/\/www.safinel.fr\/#\/schema\/logo\/image\/\",\"url\":\"https:\/\/www.safinel.fr\/wp-content\/uploads\/2021\/05\/boutique-cosmetique.png\",\"contentUrl\":\"https:\/\/www.safinel.fr\/wp-content\/uploads\/2021\/05\/boutique-cosmetique.png\",\"width\":800,\"height\":200,\"caption\":\"Safinel\"},\"image\":{\"@id\":\"https:\/\/www.safinel.fr\/#\/schema\/logo\/image\/\"}}]}<\/script>\n<!-- \/ Yoast SEO plugin. -->","yoast_head_json":{"title":"Bissap | Descubra 6 benef\u00edcios para a sa\u00fade","description":"O bissap, tamb\u00e9m chamado hibisco, \u00e9 muito popular na \u00c1frica Subsaariana. E por boas raz\u00f5es! O hibisco \u00e9 uma planta com m\u00faltiplas virtudes.","robots":{"index":"index","follow":"follow","max-snippet":"max-snippet:-1","max-image-preview":"max-image-preview:large","max-video-preview":"max-video-preview:-1"},"canonical":"https:\/\/www.safinel.fr\/pt\/bissap\/","og_locale":"pt_PT","og_type":"article","og_title":"Bissap | D\u00e9couvrez 6 bienfaits pour la sant\u00e9","og_description":"Le bissap, aussi appel\u00e9 hibiscus, est tr\u00e8s populaire en Afrique subsaharienne. Et pour cause\u00a0! L\u2019hibiscus est une plante aux multiples vertus","og_url":"https:\/\/www.safinel.fr\/pt\/bissap\/","og_site_name":"Safinel","article_modified_time":"2023-01-31T17:37:43+00:00","twitter_card":"summary_large_image","twitter_misc":{"Tempo estimado de leitura":"3 minutos"},"schema":{"@context":"https:\/\/schema.org","@graph":[{"@type":"WebPage","@id":"https:\/\/www.safinel.fr\/bissap\/","url":"https:\/\/www.safinel.fr\/bissap\/","name":"Bissap | Descubra 6 benef\u00edcios para a sa\u00fade","isPartOf":{"@id":"https:\/\/www.safinel.fr\/#website"},"datePublished":"2022-02-12T19:50:13+00:00","dateModified":"2023-01-31T17:37:43+00:00","description":"O bissap, tamb\u00e9m chamado hibisco, \u00e9 muito popular na \u00c1frica Subsaariana. E por boas raz\u00f5es! O hibisco \u00e9 uma planta com m\u00faltiplas virtudes.","breadcrumb":{"@id":"https:\/\/www.safinel.fr\/bissap\/#breadcrumb"},"inLanguage":"pt-PT","potentialAction":[{"@type":"ReadAction","target":["https:\/\/www.safinel.fr\/bissap\/"]}]},{"@type":"BreadcrumbList","@id":"https:\/\/www.safinel.fr\/bissap\/#breadcrumb","itemListElement":[{"@type":"ListItem","position":1,"name":"Accueil","item":"https:\/\/www.safinel.fr\/"},{"@type":"ListItem","position":2,"name":"6 bienfaits du bissap sur la sant\u00e9"}]},{"@type":"WebSite","@id":"https:\/\/www.safinel.fr\/#website","url":"https:\/\/www.safinel.fr\/","name":"Safinel","description":"","publisher":{"@id":"https:\/\/www.safinel.fr\/#organization"},"potentialAction":[{"@type":"SearchAction","target":{"@type":"EntryPoint","urlTemplate":"https:\/\/www.safinel.fr\/?s={search_term_string}"},"query-input":{"@type":"PropertyValueSpecification","valueRequired":true,"valueName":"search_term_string"}}],"inLanguage":"pt-PT"},{"@type":"Organization","@id":"https:\/\/www.safinel.fr\/#organization","name":"Safinel","url":"https:\/\/www.safinel.fr\/","logo":{"@type":"ImageObject","inLanguage":"pt-PT","@id":"https:\/\/www.safinel.fr\/#\/schema\/logo\/image\/","url":"https:\/\/www.safinel.fr\/wp-content\/uploads\/2021\/05\/boutique-cosmetique.png","contentUrl":"https:\/\/www.safinel.fr\/wp-content\/uploads\/2021\/05\/boutique-cosmetique.png","width":800,"height":200,"caption":"Safinel"},"image":{"@id":"https:\/\/www.safinel.fr\/#\/schema\/logo\/image\/"}}]}},"_links":{"self":[{"href":"https:\/\/www.safinel.fr\/pt\/wp-json\/wp\/v2\/pages\/815","targetHints":{"allow":["GET"]}}],"collection":[{"href":"https:\/\/www.safinel.fr\/pt\/wp-json\/wp\/v2\/pages"}],"about":[{"href":"https:\/\/www.safinel.fr\/pt\/wp-json\/wp\/v2\/types\/page"}],"author":[{"embeddable":true,"href":"https:\/\/www.safinel.fr\/pt\/wp-json\/wp\/v2\/users\/1"}],"replies":[{"embeddable":true,"href":"https:\/\/www.safinel.fr\/pt\/wp-json\/wp\/v2\/comments?post=815"}],"version-history":[{"count":3,"href":"https:\/\/www.safinel.fr\/pt\/wp-json\/wp\/v2\/pages\/815\/revisions"}],"predecessor-version":[{"id":4415,"href":"https:\/\/www.safinel.fr\/pt\/wp-json\/wp\/v2\/pages\/815\/revisions\/4415"}],"wp:attachment":[{"href":"https:\/\/www.safinel.fr\/pt\/wp-json\/wp\/v2\/media?parent=815"}],"curies":[{"name":"wp","href":"https:\/\/api.w.org\/{rel}","templated":true}]}}