{"id":813,"date":"2022-02-12T19:44:43","date_gmt":"2022-02-12T19:44:43","guid":{"rendered":"https:\/\/www.safinel.fr\/?page_id=813"},"modified":"2023-03-08T15:22:00","modified_gmt":"2023-03-08T15:22:00","slug":"kinkeliba","status":"publish","type":"page","link":"https:\/\/www.safinel.fr\/pt\/kinkeliba\/","title":{"rendered":"Os benef\u00edcios do Kinkeliba: a infus\u00e3o africana da longevidade"},"content":{"rendered":"<h1>Os benef\u00edcios do Kinkeliba: a infus\u00e3o africana da longevidade<\/h1>\nDesconhecida no Ocidente, a kinkeliba \u00e9 uma planta origin\u00e1ria da \u00c1frica Ocidental. Utilizada h\u00e1 s\u00e9culos na medicina africana, possui propriedades surpreendentes, o que lhe valeu o apelido de <strong>ch\u00e1 de longa vida<\/strong>.Redu\u00e7\u00e3o da press\u00e3o arterial, efeito diur\u00e9tico, propriedades antidiab\u00e9ticas, antioxidante, emagrecedor... o kinkeliba tem tudo para nos surpreender. <strong>Descubra connosco esta planta com propriedades inestim\u00e1veis!<\/strong>\n<h2>Kinkeliba: benef\u00edcios para a press\u00e3o arterial<\/h2>\nA hipertens\u00e3o \u00e9 um fen\u00f3meno frequente na Europa. O stress, a alimenta\u00e7\u00e3o e a hereditariedade s\u00e3o fatores que contribuem para o seu desenvolvimento. O quinqu\u00e9liba possui propriedades hipotensoras. Foram realizados estudos em pacientes com hipertens\u00e3o. Ap\u00f3s 4 semanas de tratamento com c\u00e1psulas de p\u00f3 vegetal de kinkeliba, a press\u00e3o arterial normal foi restaurada.\n<h2>A infus\u00e3o da longevidade: propriedades diur\u00e9ticas<\/h2>\nEsta virtude \u00e9 certamente a mais conhecida. A sua concentra\u00e7\u00e3o em nitrato de pot\u00e1ssio e em flavon\u00f3ides seria a origem das suas <strong>propriedades diur\u00e9ticas.<\/strong>\n\nAo promover a produ\u00e7\u00e3o e elimina\u00e7\u00e3o de urina, ela tende a contribuir para a elimina\u00e7\u00e3o do s\u00f3dio do organismo. Ora, o excesso de s\u00f3dio \u00e9 considerado particularmente prejudicial para o organismo. Os diur\u00e9ticos t\u00eam impacto em patologias como <strong>insufici\u00eancia renal e insufici\u00eancia card\u00edaca.<\/strong> O kinkeliba pode, portanto, ajud\u00e1-lo a combater isso. Mas aten\u00e7\u00e3o: <strong>A ingest\u00e3o de quinqu\u00e9liba n\u00e3o dispensa a consulta m\u00e9dica e um tratamento adequado.<\/strong>\n<h2>Os benef\u00edcios do kinkeliba para a diabetes<\/h2>\nA diabetes \u00e9 caracterizada por um excesso de a\u00e7\u00facar no sangue e intoler\u00e2ncia \u00e0 glicose. Por esse motivo, um diab\u00e9tico deve monitorar constantemente os seus n\u00edveis de glicose. As pessoas afetadas dir\u00e3o: a diabetes \u00e9 mais do que incapacitante no dia a dia.\n\n<strong>O kinkeliba reduz o n\u00edvel de glicose no sangue e pode at\u00e9 aumentar a toler\u00e2ncia a este num indiv\u00edduo.<\/strong>. Essa virtude torna-o um grande aliado na luta contra a diabetes. Estudos tendem a provar que 7 semanas de ingest\u00e3o de quinqu\u00e9liba aumentariam a toler\u00e2ncia \u00e0 glicose.\n<h2>As virtudes antioxidantes da infus\u00e3o de longa vida<\/h2>\nOs radicais livres provocam o envelhecimento das c\u00e9lulas e t\u00eam efeitos nocivos no organismo. S\u00e3o causados pelo stress, envelhecimento, polui\u00e7\u00e3o e outros fatores externos. <strong>Os antioxidantes combatem os efeitos nocivos dos radicais livres.<\/strong>. Eles agem como um escudo para o organismo, evitando problemas graves de sa\u00fade. O kinkeliba possui compostos ativos, nomeadamente os flavon\u00f3ides. Estes atuam como antioxidantes para o organismo. A planta pode, portanto, ser utilizada no tratamento de v\u00e1rias patologias relacionadas com os radicais livres.\n<h3>O kinkeliba \u00e9 uma planta para emagrecer?<\/h3>\nTradicionalmente, a infus\u00e3o de longa vida \u00e9 considerada um <a href=\"https:\/\/www.safinel.fr\/pt\/product-2\/caules-de-cerejas\/\"><strong>aliado para emagrecer<\/strong><\/a>. Os estudos afirmam o contr\u00e1rio. Um estudo realizado sobre os efeitos do kinkeliba na massa gorda demonstrou que n\u00e3o se verificou qualquer efeito significativo. No entanto, as suas propriedades diur\u00e9ticas facilitam a descongest\u00e3o do organismo e <strong>combate a reten\u00e7\u00e3o de l\u00edquidos.<\/strong> O organismo, assim purificado e com menos \u00e1gua, ter\u00e1 mais hip\u00f3teses de eliminar facilmente os quilos a mais!\n\n<strong>Adotar o kinkeliba no dia a dia \u00e9 aproveitar uma planta com m\u00faltiplas virtudes ancestrais! Quem ser\u00e1 o pr\u00f3ximo?<\/strong>","protected":false},"excerpt":{"rendered":"<p>Les bienfaits du Kinkeliba&nbsp;: la tisane de longue vie africaine M\u00e9connu en occident, le kinkeliba est une plante originaire d\u2019Afrique de l\u2019Ouest. Utilis\u00e9e depuis des si\u00e8cles dans la m\u00e9decine africaine, elle poss\u00e8de des vertus \u00e9tonnantes, ce qui lui a conf\u00e9r\u00e9 ce surnom de tisane de longue vie. R\u00e9duction de la pression art\u00e9rielle, diur\u00e9tique, vertus sur [&#8230;]","protected":false},"author":1,"featured_media":0,"parent":0,"menu_order":0,"comment_status":"closed","ping_status":"closed","template":"","meta":{"footnotes":""},"class_list":["post-813","page","type-page","status-publish","hentry"],"yoast_head":"<!-- This site is optimized with the Yoast SEO plugin v26.6 - https:\/\/yoast.com\/wordpress\/plugins\/seo\/ -->\n<title>Kinkeliba | Bienfaits nombreux | Id\u00e9al pour la perte de poids<\/title>\n<meta name=\"description\" content=\"M\u00e9connu en occident, le kinkeliba est une plante originaire d\u2019Afrique de l\u2019Ouest. Utilis\u00e9e depuis des si\u00e8cles dans la m\u00e9decine africaine.\" \/>\n<meta name=\"robots\" content=\"index, follow, max-snippet:-1, max-image-preview:large, max-video-preview:-1\" \/>\n<link rel=\"canonical\" href=\"https:\/\/www.safinel.fr\/pt\/product-2\/folhas-de-kinkeliba\/\" \/>\n<meta property=\"og:locale\" content=\"pt_PT\" \/>\n<meta property=\"og:type\" content=\"article\" \/>\n<meta property=\"og:title\" content=\"Kinkeliba | Bienfaits nombreux | Id\u00e9al pour la perte de poids\" \/>\n<meta property=\"og:description\" content=\"M\u00e9connu en occident, le kinkeliba est une plante originaire d\u2019Afrique de l\u2019Ouest. Utilis\u00e9e depuis des si\u00e8cles dans la m\u00e9decine africaine.\" \/>\n<meta property=\"og:url\" content=\"https:\/\/www.safinel.fr\/pt\/product-2\/folhas-de-kinkeliba\/\" \/>\n<meta property=\"og:site_name\" content=\"Safinel\" \/>\n<meta property=\"article:modified_time\" content=\"2023-03-08T15:22:00+00:00\" \/>\n<meta name=\"twitter:card\" content=\"summary_large_image\" \/>\n<meta name=\"twitter:label1\" content=\"Tempo estimado de leitura\" \/>\n\t<meta name=\"twitter:data1\" content=\"3 minutos\" \/>\n<script type=\"application\/ld+json\" class=\"yoast-schema-graph\">{\"@context\":\"https:\/\/schema.org\",\"@graph\":[{\"@type\":\"WebPage\",\"@id\":\"https:\/\/www.safinel.fr\/kinkeliba\/\",\"url\":\"https:\/\/www.safinel.fr\/produit\/feuilles-de-kinkeliba\/\",\"name\":\"Kinkeliba | Bienfaits nombreux | Id\u00e9al pour la perte de poids\",\"isPartOf\":{\"@id\":\"https:\/\/www.safinel.fr\/#website\"},\"datePublished\":\"2022-02-12T19:44:43+00:00\",\"dateModified\":\"2023-03-08T15:22:00+00:00\",\"description\":\"M\u00e9connu en occident, le kinkeliba est une plante originaire d\u2019Afrique de l\u2019Ouest. Utilis\u00e9e depuis des si\u00e8cles dans la m\u00e9decine africaine.\",\"breadcrumb\":{\"@id\":\"https:\/\/www.safinel.fr\/produit\/feuilles-de-kinkeliba\/#breadcrumb\"},\"inLanguage\":\"pt-PT\",\"potentialAction\":[{\"@type\":\"ReadAction\",\"target\":[\"https:\/\/www.safinel.fr\/produit\/feuilles-de-kinkeliba\/\"]}]},{\"@type\":\"BreadcrumbList\",\"@id\":\"https:\/\/www.safinel.fr\/produit\/feuilles-de-kinkeliba\/#breadcrumb\",\"itemListElement\":[{\"@type\":\"ListItem\",\"position\":1,\"name\":\"Accueil\",\"item\":\"https:\/\/www.safinel.fr\/\"},{\"@type\":\"ListItem\",\"position\":2,\"name\":\"Les bienfaits du Kinkeliba\u00a0: la tisane de longue vie africaine\"}]},{\"@type\":\"WebSite\",\"@id\":\"https:\/\/www.safinel.fr\/#website\",\"url\":\"https:\/\/www.safinel.fr\/\",\"name\":\"Safinel\",\"description\":\"\",\"publisher\":{\"@id\":\"https:\/\/www.safinel.fr\/#organization\"},\"potentialAction\":[{\"@type\":\"SearchAction\",\"target\":{\"@type\":\"EntryPoint\",\"urlTemplate\":\"https:\/\/www.safinel.fr\/?s={search_term_string}\"},\"query-input\":{\"@type\":\"PropertyValueSpecification\",\"valueRequired\":true,\"valueName\":\"search_term_string\"}}],\"inLanguage\":\"pt-PT\"},{\"@type\":\"Organization\",\"@id\":\"https:\/\/www.safinel.fr\/#organization\",\"name\":\"Safinel\",\"url\":\"https:\/\/www.safinel.fr\/\",\"logo\":{\"@type\":\"ImageObject\",\"inLanguage\":\"pt-PT\",\"@id\":\"https:\/\/www.safinel.fr\/#\/schema\/logo\/image\/\",\"url\":\"https:\/\/www.safinel.fr\/wp-content\/uploads\/2021\/05\/boutique-cosmetique.png\",\"contentUrl\":\"https:\/\/www.safinel.fr\/wp-content\/uploads\/2021\/05\/boutique-cosmetique.png\",\"width\":800,\"height\":200,\"caption\":\"Safinel\"},\"image\":{\"@id\":\"https:\/\/www.safinel.fr\/#\/schema\/logo\/image\/\"}}]}<\/script>\n<!-- \/ Yoast SEO plugin. -->","yoast_head_json":{"title":"Kinkeliba | In\u00fameros benef\u00edcios | Ideal para a perda de peso","description":"Pouco conhecido no Ocidente, o kinkeliba \u00e9 uma planta origin\u00e1ria da \u00c1frica Ocidental. Utilizada h\u00e1 s\u00e9culos na medicina africana.","robots":{"index":"index","follow":"follow","max-snippet":"max-snippet:-1","max-image-preview":"max-image-preview:large","max-video-preview":"max-video-preview:-1"},"canonical":"https:\/\/www.safinel.fr\/pt\/product-2\/folhas-de-kinkeliba\/","og_locale":"pt_PT","og_type":"article","og_title":"Kinkeliba | Bienfaits nombreux | Id\u00e9al pour la perte de poids","og_description":"M\u00e9connu en occident, le kinkeliba est une plante originaire d\u2019Afrique de l\u2019Ouest. Utilis\u00e9e depuis des si\u00e8cles dans la m\u00e9decine africaine.","og_url":"https:\/\/www.safinel.fr\/pt\/product-2\/folhas-de-kinkeliba\/","og_site_name":"Safinel","article_modified_time":"2023-03-08T15:22:00+00:00","twitter_card":"summary_large_image","twitter_misc":{"Tempo estimado de leitura":"3 minutos"},"schema":{"@context":"https:\/\/schema.org","@graph":[{"@type":"WebPage","@id":"https:\/\/www.safinel.fr\/kinkeliba\/","url":"https:\/\/www.safinel.fr\/produit\/feuilles-de-kinkeliba\/","name":"Kinkeliba | In\u00fameros benef\u00edcios | Ideal para a perda de peso","isPartOf":{"@id":"https:\/\/www.safinel.fr\/#website"},"datePublished":"2022-02-12T19:44:43+00:00","dateModified":"2023-03-08T15:22:00+00:00","description":"Pouco conhecido no Ocidente, o kinkeliba \u00e9 uma planta origin\u00e1ria da \u00c1frica Ocidental. Utilizada h\u00e1 s\u00e9culos na medicina africana.","breadcrumb":{"@id":"https:\/\/www.safinel.fr\/produit\/feuilles-de-kinkeliba\/#breadcrumb"},"inLanguage":"pt-PT","potentialAction":[{"@type":"ReadAction","target":["https:\/\/www.safinel.fr\/produit\/feuilles-de-kinkeliba\/"]}]},{"@type":"BreadcrumbList","@id":"https:\/\/www.safinel.fr\/produit\/feuilles-de-kinkeliba\/#breadcrumb","itemListElement":[{"@type":"ListItem","position":1,"name":"Accueil","item":"https:\/\/www.safinel.fr\/"},{"@type":"ListItem","position":2,"name":"Les bienfaits du Kinkeliba\u00a0: la tisane de longue vie africaine"}]},{"@type":"WebSite","@id":"https:\/\/www.safinel.fr\/#website","url":"https:\/\/www.safinel.fr\/","name":"Safinel","description":"","publisher":{"@id":"https:\/\/www.safinel.fr\/#organization"},"potentialAction":[{"@type":"SearchAction","target":{"@type":"EntryPoint","urlTemplate":"https:\/\/www.safinel.fr\/?s={search_term_string}"},"query-input":{"@type":"PropertyValueSpecification","valueRequired":true,"valueName":"search_term_string"}}],"inLanguage":"pt-PT"},{"@type":"Organization","@id":"https:\/\/www.safinel.fr\/#organization","name":"Safinel","url":"https:\/\/www.safinel.fr\/","logo":{"@type":"ImageObject","inLanguage":"pt-PT","@id":"https:\/\/www.safinel.fr\/#\/schema\/logo\/image\/","url":"https:\/\/www.safinel.fr\/wp-content\/uploads\/2021\/05\/boutique-cosmetique.png","contentUrl":"https:\/\/www.safinel.fr\/wp-content\/uploads\/2021\/05\/boutique-cosmetique.png","width":800,"height":200,"caption":"Safinel"},"image":{"@id":"https:\/\/www.safinel.fr\/#\/schema\/logo\/image\/"}}]}},"_links":{"self":[{"href":"https:\/\/www.safinel.fr\/pt\/wp-json\/wp\/v2\/pages\/813","targetHints":{"allow":["GET"]}}],"collection":[{"href":"https:\/\/www.safinel.fr\/pt\/wp-json\/wp\/v2\/pages"}],"about":[{"href":"https:\/\/www.safinel.fr\/pt\/wp-json\/wp\/v2\/types\/page"}],"author":[{"embeddable":true,"href":"https:\/\/www.safinel.fr\/pt\/wp-json\/wp\/v2\/users\/1"}],"replies":[{"embeddable":true,"href":"https:\/\/www.safinel.fr\/pt\/wp-json\/wp\/v2\/comments?post=813"}],"version-history":[{"count":2,"href":"https:\/\/www.safinel.fr\/pt\/wp-json\/wp\/v2\/pages\/813\/revisions"}],"predecessor-version":[{"id":4959,"href":"https:\/\/www.safinel.fr\/pt\/wp-json\/wp\/v2\/pages\/813\/revisions\/4959"}],"wp:attachment":[{"href":"https:\/\/www.safinel.fr\/pt\/wp-json\/wp\/v2\/media?parent=813"}],"curies":[{"name":"wp","href":"https:\/\/api.w.org\/{rel}","templated":true}]}}