{"id":6603,"date":"2023-06-19T17:23:45","date_gmt":"2023-06-19T17:23:45","guid":{"rendered":"https:\/\/www.safinel.fr\/?page_id=6603"},"modified":"2023-06-19T17:25:38","modified_gmt":"2023-06-19T17:25:38","slug":"verifique-a-sua-caixa-de-correio-eletronico","status":"publish","type":"page","link":"https:\/\/www.safinel.fr\/pt\/verifique-a-sua-caixa-de-correio-eletronico\/","title":{"rendered":"VERIFIQUE A SUA CAIXA DE CORREIO"},"content":{"rendered":"<div class=\"container section-title-container\" ><h1 class=\"section-title section-title-center\"><b aria-hidden=\"true\"><\/b><span class=\"section-title-main\" >VERIFIQUE A SUA CAIXA DE CORREIO<\/span><b aria-hidden=\"true\"><\/b><\/h1><\/div>\n\n<div class=\"container section-title-container\" ><h2 class=\"section-title section-title-center\"><b aria-hidden=\"true\"><\/b><span class=\"section-title-main\" style=\"font-size:90%;color:rgb(89, 192, 16);\">\u041c\u0415R\u0421\u0406 \u0420\u041eUR V\u041eTR\u0415 \u0406N\u0405\u0421R\u0406\u0420T\u0406\u041eN<\/span><b aria-hidden=\"true\"><\/b><\/h2><\/div>\n\n\t<div id=\"text-2709624625\" class=\"text\">\n\t\t\n\n<main id=\"main\" class=\"\">\n<div id=\"content\" class=\"content-area page-wrapper\" role=\"main\">\n<div class=\"row row-main\">\n<div class=\"large-12 col\">\n<div class=\"col-inner\">\n<p>Para que a sua inscri\u00e7\u00e3o seja totalmente v\u00e1lida, confirme o seu endere\u00e7o de e-mail clicando em \u201c<strong>Confirmar o meu endere\u00e7o de e-mail<\/strong>\u201d no e-mail que acabou de receber de\u00a0<strong>Safinel<\/strong>.<\/p>\n<\/div>\n<\/div>\n<\/div>\n<\/div>\n<\/main>\n\t\t\n<style>\n#text-2709624625 {\n  text-align: center;\n}\n<\/style>\n\t<\/div>","protected":false},"excerpt":{"rendered":"","protected":false},"author":1,"featured_media":0,"parent":0,"menu_order":0,"comment_status":"closed","ping_status":"closed","template":"","meta":{"footnotes":""},"class_list":["post-6603","page","type-page","status-publish","hentry"],"yoast_head":"<!-- This site is optimized with the Yoast SEO plugin v26.6 - https:\/\/yoast.com\/wordpress\/plugins\/seo\/ -->\n<title>V\u00c9R\u0406F\u0406\u0415Z V\u041eTR\u0415 B\u041e\u00ceT\u0415 M\u0410\u0406L - Safinel<\/title>\n<meta name=\"robots\" content=\"index, follow, max-snippet:-1, max-image-preview:large, max-video-preview:-1\" \/>\n<link rel=\"canonical\" href=\"https:\/\/www.safinel.fr\/pt\/verifique-a-sua-caixa-de-correio-eletronico\/\" \/>\n<meta property=\"og:locale\" content=\"pt_PT\" \/>\n<meta property=\"og:type\" content=\"article\" \/>\n<meta property=\"og:title\" content=\"V\u00c9R\u0406F\u0406\u0415Z V\u041eTR\u0415 B\u041e\u00ceT\u0415 M\u0410\u0406L - Safinel\" \/>\n<meta property=\"og:url\" content=\"https:\/\/www.safinel.fr\/pt\/verifique-a-sua-caixa-de-correio-eletronico\/\" \/>\n<meta property=\"og:site_name\" content=\"Safinel\" \/>\n<meta property=\"article:modified_time\" content=\"2023-06-19T17:25:38+00:00\" \/>\n<meta name=\"twitter:card\" content=\"summary_large_image\" \/>\n<meta name=\"twitter:label1\" content=\"Tempo estimado de leitura\" \/>\n\t<meta name=\"twitter:data1\" content=\"1 minuto\" \/>\n<script type=\"application\/ld+json\" class=\"yoast-schema-graph\">{\"@context\":\"https:\/\/schema.org\",\"@graph\":[{\"@type\":\"WebPage\",\"@id\":\"https:\/\/www.safinel.fr\/ver%d1%96f%d1%96%d0%b5z-v%d0%betr%d0%b5-b%d0%beit%d0%b5-m%d0%b0%d1%96l\/\",\"url\":\"https:\/\/www.safinel.fr\/ver%d1%96f%d1%96%d0%b5z-v%d0%betr%d0%b5-b%d0%beit%d0%b5-m%d0%b0%d1%96l\/\",\"name\":\"V\u00c9R\u0406F\u0406\u0415Z V\u041eTR\u0415 B\u041e\u00ceT\u0415 M\u0410\u0406L - Safinel\",\"isPartOf\":{\"@id\":\"https:\/\/www.safinel.fr\/#website\"},\"datePublished\":\"2023-06-19T17:23:45+00:00\",\"dateModified\":\"2023-06-19T17:25:38+00:00\",\"breadcrumb\":{\"@id\":\"https:\/\/www.safinel.fr\/ver%d1%96f%d1%96%d0%b5z-v%d0%betr%d0%b5-b%d0%beit%d0%b5-m%d0%b0%d1%96l\/#breadcrumb\"},\"inLanguage\":\"pt-PT\",\"potentialAction\":[{\"@type\":\"ReadAction\",\"target\":[\"https:\/\/www.safinel.fr\/ver%d1%96f%d1%96%d0%b5z-v%d0%betr%d0%b5-b%d0%beit%d0%b5-m%d0%b0%d1%96l\/\"]}]},{\"@type\":\"BreadcrumbList\",\"@id\":\"https:\/\/www.safinel.fr\/ver%d1%96f%d1%96%d0%b5z-v%d0%betr%d0%b5-b%d0%beit%d0%b5-m%d0%b0%d1%96l\/#breadcrumb\",\"itemListElement\":[{\"@type\":\"ListItem\",\"position\":1,\"name\":\"Accueil\",\"item\":\"https:\/\/www.safinel.fr\/\"},{\"@type\":\"ListItem\",\"position\":2,\"name\":\"V\u00c9R\u0406F\u0406\u0415Z V\u041eTR\u0415 B\u041e\u00ceT\u0415 M\u0410\u0406L\"}]},{\"@type\":\"WebSite\",\"@id\":\"https:\/\/www.safinel.fr\/#website\",\"url\":\"https:\/\/www.safinel.fr\/\",\"name\":\"Safinel\",\"description\":\"\",\"publisher\":{\"@id\":\"https:\/\/www.safinel.fr\/#organization\"},\"potentialAction\":[{\"@type\":\"SearchAction\",\"target\":{\"@type\":\"EntryPoint\",\"urlTemplate\":\"https:\/\/www.safinel.fr\/?s={search_term_string}\"},\"query-input\":{\"@type\":\"PropertyValueSpecification\",\"valueRequired\":true,\"valueName\":\"search_term_string\"}}],\"inLanguage\":\"pt-PT\"},{\"@type\":\"Organization\",\"@id\":\"https:\/\/www.safinel.fr\/#organization\",\"name\":\"Safinel\",\"url\":\"https:\/\/www.safinel.fr\/\",\"logo\":{\"@type\":\"ImageObject\",\"inLanguage\":\"pt-PT\",\"@id\":\"https:\/\/www.safinel.fr\/#\/schema\/logo\/image\/\",\"url\":\"https:\/\/www.safinel.fr\/wp-content\/uploads\/2021\/05\/boutique-cosmetique.png\",\"contentUrl\":\"https:\/\/www.safinel.fr\/wp-content\/uploads\/2021\/05\/boutique-cosmetique.png\",\"width\":800,\"height\":200,\"caption\":\"Safinel\"},\"image\":{\"@id\":\"https:\/\/www.safinel.fr\/#\/schema\/logo\/image\/\"}}]}<\/script>\n<!-- \/ Yoast SEO plugin. -->","yoast_head_json":{"title":"VERIFIQUE A SUA CAIXA DE CORREIO ELETR\u00d3NICO - Safinel","robots":{"index":"index","follow":"follow","max-snippet":"max-snippet:-1","max-image-preview":"max-image-preview:large","max-video-preview":"max-video-preview:-1"},"canonical":"https:\/\/www.safinel.fr\/pt\/verifique-a-sua-caixa-de-correio-eletronico\/","og_locale":"pt_PT","og_type":"article","og_title":"V\u00c9R\u0406F\u0406\u0415Z V\u041eTR\u0415 B\u041e\u00ceT\u0415 M\u0410\u0406L - Safinel","og_url":"https:\/\/www.safinel.fr\/pt\/verifique-a-sua-caixa-de-correio-eletronico\/","og_site_name":"Safinel","article_modified_time":"2023-06-19T17:25:38+00:00","twitter_card":"summary_large_image","twitter_misc":{"Tempo estimado de leitura":"1 minuto"},"schema":{"@context":"https:\/\/schema.org","@graph":[{"@type":"WebPage","@id":"https:\/\/www.safinel.fr\/ver%d1%96f%d1%96%d0%b5z-v%d0%betr%d0%b5-b%d0%beit%d0%b5-m%d0%b0%d1%96l\/","url":"https:\/\/www.safinel.fr\/ver%d1%96f%d1%96%d0%b5z-v%d0%betr%d0%b5-b%d0%beit%d0%b5-m%d0%b0%d1%96l\/","name":"VERIFIQUE A SUA CAIXA DE CORREIO ELETR\u00d3NICO - Safinel","isPartOf":{"@id":"https:\/\/www.safinel.fr\/#website"},"datePublished":"2023-06-19T17:23:45+00:00","dateModified":"2023-06-19T17:25:38+00:00","breadcrumb":{"@id":"https:\/\/www.safinel.fr\/ver%d1%96f%d1%96%d0%b5z-v%d0%betr%d0%b5-b%d0%beit%d0%b5-m%d0%b0%d1%96l\/#breadcrumb"},"inLanguage":"pt-PT","potentialAction":[{"@type":"ReadAction","target":["https:\/\/www.safinel.fr\/ver%d1%96f%d1%96%d0%b5z-v%d0%betr%d0%b5-b%d0%beit%d0%b5-m%d0%b0%d1%96l\/"]}]},{"@type":"BreadcrumbList","@id":"https:\/\/www.safinel.fr\/ver%d1%96f%d1%96%d0%b5z-v%d0%betr%d0%b5-b%d0%beit%d0%b5-m%d0%b0%d1%96l\/#breadcrumb","itemListElement":[{"@type":"ListItem","position":1,"name":"Accueil","item":"https:\/\/www.safinel.fr\/"},{"@type":"ListItem","position":2,"name":"V\u00c9R\u0406F\u0406\u0415Z V\u041eTR\u0415 B\u041e\u00ceT\u0415 M\u0410\u0406L"}]},{"@type":"WebSite","@id":"https:\/\/www.safinel.fr\/#website","url":"https:\/\/www.safinel.fr\/","name":"Safinel","description":"","publisher":{"@id":"https:\/\/www.safinel.fr\/#organization"},"potentialAction":[{"@type":"SearchAction","target":{"@type":"EntryPoint","urlTemplate":"https:\/\/www.safinel.fr\/?s={search_term_string}"},"query-input":{"@type":"PropertyValueSpecification","valueRequired":true,"valueName":"search_term_string"}}],"inLanguage":"pt-PT"},{"@type":"Organization","@id":"https:\/\/www.safinel.fr\/#organization","name":"Safinel","url":"https:\/\/www.safinel.fr\/","logo":{"@type":"ImageObject","inLanguage":"pt-PT","@id":"https:\/\/www.safinel.fr\/#\/schema\/logo\/image\/","url":"https:\/\/www.safinel.fr\/wp-content\/uploads\/2021\/05\/boutique-cosmetique.png","contentUrl":"https:\/\/www.safinel.fr\/wp-content\/uploads\/2021\/05\/boutique-cosmetique.png","width":800,"height":200,"caption":"Safinel"},"image":{"@id":"https:\/\/www.safinel.fr\/#\/schema\/logo\/image\/"}}]}},"_links":{"self":[{"href":"https:\/\/www.safinel.fr\/pt\/wp-json\/wp\/v2\/pages\/6603","targetHints":{"allow":["GET"]}}],"collection":[{"href":"https:\/\/www.safinel.fr\/pt\/wp-json\/wp\/v2\/pages"}],"about":[{"href":"https:\/\/www.safinel.fr\/pt\/wp-json\/wp\/v2\/types\/page"}],"author":[{"embeddable":true,"href":"https:\/\/www.safinel.fr\/pt\/wp-json\/wp\/v2\/users\/1"}],"replies":[{"embeddable":true,"href":"https:\/\/www.safinel.fr\/pt\/wp-json\/wp\/v2\/comments?post=6603"}],"version-history":[{"count":2,"href":"https:\/\/www.safinel.fr\/pt\/wp-json\/wp\/v2\/pages\/6603\/revisions"}],"predecessor-version":[{"id":6605,"href":"https:\/\/www.safinel.fr\/pt\/wp-json\/wp\/v2\/pages\/6603\/revisions\/6605"}],"wp:attachment":[{"href":"https:\/\/www.safinel.fr\/pt\/wp-json\/wp\/v2\/media?parent=6603"}],"curies":[{"name":"wp","href":"https:\/\/api.w.org\/{rel}","templated":true}]}}