{"id":9441,"date":"2023-11-07T17:23:55","date_gmt":"2023-11-07T17:23:55","guid":{"rendered":"https:\/\/www.safinel.fr\/?post_type=product&#038;p=9441"},"modified":"2023-12-28T17:16:13","modified_gmt":"2023-12-28T17:16:13","slug":"muschio-tahara-banana","status":"publish","type":"product","link":"https:\/\/www.safinel.fr\/it\/prodotto\/muschio-tahara-banana\/","title":{"rendered":"Muschio Tahara banana 3ml"},"content":{"rendered":"<p>Scoprite finalmente l'intima fragranza\u00a0<strong>Banana tahara muschiata<\/strong>, Una fragranza unica che vi trasporta in un mondo di morbidezza e sicurezza. Questo squisito muschio \u00e8 stato concepito per offrirvi un'esperienza olfattiva indimenticabile, regalandovi una sensazione di freschezza e benessere. Con le sue note fruttate, \u00e8 la scelta perfetta per chi cerca una fragranza intima e delicata.<\/p>\n<h2><strong>Una fragranza intima<\/strong><\/h2>\n<p>Le\u00a0<strong>muschio tahara banana<\/strong>\u00a0\u00e8 molto pi\u00f9 di un semplice profumo. \u00c8 stato appositamente studiato per essere utilizzato come muschio intimo. Apporta un tocco di sensualit\u00e0 alla vostra routine quotidiana. Le note dolci della banana si fondono armoniosamente con gli accordi muschiati, creando una fragranza unica.<\/p>\n<h2><strong>Banana tahara musk per una nuova fiducia<\/strong><\/h2>\n<p>Il profumo che indossate pu\u00f2 avere un impatto significativo sulla vostra autostima. Tuttavia, con il<strong>\u00a0muschio intimo<\/strong>\u00a0con le banane, si pu\u00f2 riacquistare la fiducia in se stessi.<\/p>\n<p>Le note fruttate e dolci della banana vi avvolgono in un'aura di positivit\u00e0 e gioia, dandovi la sicurezza di affrontare la giornata con serenit\u00e0.<\/p>\n<h3><strong>Dopo il muschio tahara banana, scoprite il muschio tahara ananas<\/strong><\/h3>\n<p>Se vi \u00e8 piaciuta l'esperienza di Musc Tahara Banane, sarete felici di scoprire Musc Tahara Banane. <a href=\"https:\/\/www.safinel.fr\/it\/prodotto\/muschio-tahara-ananas\/\"><strong>muschio tahara ananas<\/strong><\/a>. Questo\u00a0<strong>fragranza esotica<\/strong>\u00a0Come il suo predecessore, Musc Tahara Ananas \u00e8 stato concepito per essere utilizzato come muschio intimo. Offre un'esperienza olfattiva unica e sensuale. Lasciatevi trasportare da questa nuova avventura profumata e scoprite Musc Tahara Ananas.<\/p>\n<p>\u00c8 un'esperienza olfattiva unica che vi trasporta in un mondo di morbidezza e sicurezza. E se siete pronti a esplorare nuove sensazioni, ci sono molti muschi che vi aspettano per accompagnarvi in un'avventura profumata.<\/p>\n<p>Lasciatevi sedurre dal nostro<strong>\u00a0fragranze intime<\/strong>\u00a0e scoprire il potere delle fragranze fruttate e sensuali.<\/p>","protected":false},"excerpt":{"rendered":"<p><img decoding=\"async\" class=\"size-full wp-image-5091 aligncenter\" src=\"https:\/\/www.safinel.fr\/wp-content\/uploads\/2021\/06\/BANNIERE-ICONE-SAFINEL.webp\" alt=\"riassicurazione satine\" width=\"800\" height=\"200\" srcset=\"https:\/\/www.safinel.fr\/wp-content\/uploads\/2021\/06\/BANNIERE-ICONE-SAFINEL.webp 800w, https:\/\/www.safinel.fr\/wp-content\/uploads\/2021\/06\/BANNIERE-ICONE-SAFINEL-600x150.webp 600w, https:\/\/www.safinel.fr\/wp-content\/uploads\/2021\/06\/BANNIERE-ICONE-SAFINEL-768x192.webp 768w\" sizes=\"(max-width: 800px) 100vw, 800px\" \/><\/p>","protected":false},"featured_media":9442,"template":"","meta":[],"product_brand":[],"product_cat":[127],"product_tag":[],"class_list":{"0":"post-9441","1":"product","2":"type-product","3":"status-publish","4":"has-post-thumbnail","6":"product_cat-musc-tahara-intime","8":"first","9":"instock","10":"shipping-taxable","11":"purchasable","12":"product-type-simple"},"yoast_head":"<!-- This site is optimized with the Yoast SEO plugin v26.6 - https:\/\/yoast.com\/wordpress\/plugins\/seo\/ -->\n<title>Musc Tahara banane I Odeur exquise I Contenance 3ml<\/title>\n<meta name=\"description\" content=\"D\u00e9couvrez enfin le parfum intime aromatis\u00e9\u00a0Musc tahara banane, une fragrance unique qui vous transporte dans un monde de douceur et de confiance.\" \/>\n<meta name=\"robots\" content=\"index, follow, max-snippet:-1, max-image-preview:large, max-video-preview:-1\" \/>\n<link rel=\"canonical\" href=\"https:\/\/www.safinel.fr\/it\/prodotto\/muschio-tahara-banana\/\" \/>\n<meta property=\"og:locale\" content=\"it_IT\" \/>\n<meta property=\"og:type\" content=\"article\" \/>\n<meta property=\"og:title\" content=\"Musc Tahara banane I Odeur exquise I Contenance 3ml\" \/>\n<meta property=\"og:description\" content=\"D\u00e9couvrez enfin le parfum intime aromatis\u00e9\u00a0Musc tahara banane, une fragrance unique qui vous transporte dans un monde de douceur et de confiance.\" \/>\n<meta property=\"og:url\" content=\"https:\/\/www.safinel.fr\/it\/prodotto\/muschio-tahara-banana\/\" \/>\n<meta property=\"og:site_name\" content=\"Safinel\" \/>\n<meta property=\"article:modified_time\" content=\"2023-12-28T17:16:13+00:00\" \/>\n<meta property=\"og:image\" content=\"https:\/\/www.safinel.fr\/wp-content\/uploads\/2023\/11\/Musc-Tahara-banane-3ml.jpg\" \/>\n\t<meta property=\"og:image:width\" content=\"600\" \/>\n\t<meta property=\"og:image:height\" content=\"600\" \/>\n\t<meta property=\"og:image:type\" content=\"image\/jpeg\" \/>\n<meta name=\"twitter:card\" content=\"summary_large_image\" \/>\n<meta name=\"twitter:label1\" content=\"Tempo di lettura stimato\" \/>\n\t<meta name=\"twitter:data1\" content=\"2 minuti\" \/>\n<script type=\"application\/ld+json\" class=\"yoast-schema-graph\">{\"@context\":\"https:\/\/schema.org\",\"@graph\":[{\"@type\":\"WebPage\",\"@id\":\"https:\/\/www.safinel.fr\/produit\/musc-tahara-banane\/\",\"url\":\"https:\/\/www.safinel.fr\/produit\/musc-tahara-banane\/\",\"name\":\"Musc Tahara banane I Odeur exquise I Contenance 3ml\",\"isPartOf\":{\"@id\":\"https:\/\/www.safinel.fr\/#website\"},\"primaryImageOfPage\":{\"@id\":\"https:\/\/www.safinel.fr\/produit\/musc-tahara-banane\/#primaryimage\"},\"image\":{\"@id\":\"https:\/\/www.safinel.fr\/produit\/musc-tahara-banane\/#primaryimage\"},\"thumbnailUrl\":\"https:\/\/www.safinel.fr\/wp-content\/uploads\/2023\/11\/Musc-Tahara-banane-3ml.jpg\",\"datePublished\":\"2023-11-07T17:23:55+00:00\",\"dateModified\":\"2023-12-28T17:16:13+00:00\",\"description\":\"D\u00e9couvrez enfin le parfum intime aromatis\u00e9\u00a0Musc tahara banane, une fragrance unique qui vous transporte dans un monde de douceur et de confiance.\",\"breadcrumb\":{\"@id\":\"https:\/\/www.safinel.fr\/produit\/musc-tahara-banane\/#breadcrumb\"},\"inLanguage\":\"it-IT\",\"potentialAction\":[{\"@type\":\"ReadAction\",\"target\":[\"https:\/\/www.safinel.fr\/produit\/musc-tahara-banane\/\"]}]},{\"@type\":\"ImageObject\",\"inLanguage\":\"it-IT\",\"@id\":\"https:\/\/www.safinel.fr\/produit\/musc-tahara-banane\/#primaryimage\",\"url\":\"https:\/\/www.safinel.fr\/wp-content\/uploads\/2023\/11\/Musc-Tahara-banane-3ml.jpg\",\"contentUrl\":\"https:\/\/www.safinel.fr\/wp-content\/uploads\/2023\/11\/Musc-Tahara-banane-3ml.jpg\",\"width\":600,\"height\":600,\"caption\":\"Musc Tahara banane 3ml\"},{\"@type\":\"BreadcrumbList\",\"@id\":\"https:\/\/www.safinel.fr\/produit\/musc-tahara-banane\/#breadcrumb\",\"itemListElement\":[{\"@type\":\"ListItem\",\"position\":1,\"name\":\"Accueil\",\"item\":\"https:\/\/www.safinel.fr\/\"},{\"@type\":\"ListItem\",\"position\":2,\"name\":\"Boutique\",\"item\":\"https:\/\/www.safinel.fr\/boutique\/\"},{\"@type\":\"ListItem\",\"position\":3,\"name\":\"Musc Tahara banane 3ml\"}]},{\"@type\":\"WebSite\",\"@id\":\"https:\/\/www.safinel.fr\/#website\",\"url\":\"https:\/\/www.safinel.fr\/\",\"name\":\"Safinel\",\"description\":\"\",\"publisher\":{\"@id\":\"https:\/\/www.safinel.fr\/#organization\"},\"potentialAction\":[{\"@type\":\"SearchAction\",\"target\":{\"@type\":\"EntryPoint\",\"urlTemplate\":\"https:\/\/www.safinel.fr\/?s={search_term_string}\"},\"query-input\":{\"@type\":\"PropertyValueSpecification\",\"valueRequired\":true,\"valueName\":\"search_term_string\"}}],\"inLanguage\":\"it-IT\"},{\"@type\":\"Organization\",\"@id\":\"https:\/\/www.safinel.fr\/#organization\",\"name\":\"Safinel\",\"url\":\"https:\/\/www.safinel.fr\/\",\"logo\":{\"@type\":\"ImageObject\",\"inLanguage\":\"it-IT\",\"@id\":\"https:\/\/www.safinel.fr\/#\/schema\/logo\/image\/\",\"url\":\"https:\/\/www.safinel.fr\/wp-content\/uploads\/2021\/05\/boutique-cosmetique.png\",\"contentUrl\":\"https:\/\/www.safinel.fr\/wp-content\/uploads\/2021\/05\/boutique-cosmetique.png\",\"width\":800,\"height\":200,\"caption\":\"Safinel\"},\"image\":{\"@id\":\"https:\/\/www.safinel.fr\/#\/schema\/logo\/image\/\"}}]}<\/script>\n<!-- \/ Yoast SEO plugin. -->","yoast_head_json":{"title":"Muschio Tahara banana I Profumo squisito I Capacit\u00e0 3ml","description":"Scoprite la fragranza intima Musc tahara banane, un profumo unico che vi trasporta in un mondo di morbidezza e fiducia.","robots":{"index":"index","follow":"follow","max-snippet":"max-snippet:-1","max-image-preview":"max-image-preview:large","max-video-preview":"max-video-preview:-1"},"canonical":"https:\/\/www.safinel.fr\/it\/prodotto\/muschio-tahara-banana\/","og_locale":"it_IT","og_type":"article","og_title":"Musc Tahara banane I Odeur exquise I Contenance 3ml","og_description":"D\u00e9couvrez enfin le parfum intime aromatis\u00e9\u00a0Musc tahara banane, une fragrance unique qui vous transporte dans un monde de douceur et de confiance.","og_url":"https:\/\/www.safinel.fr\/it\/prodotto\/muschio-tahara-banana\/","og_site_name":"Safinel","article_modified_time":"2023-12-28T17:16:13+00:00","og_image":[{"width":600,"height":600,"url":"https:\/\/www.safinel.fr\/wp-content\/uploads\/2023\/11\/Musc-Tahara-banane-3ml.jpg","type":"image\/jpeg"}],"twitter_card":"summary_large_image","twitter_misc":{"Tempo di lettura stimato":"2 minuti"},"schema":{"@context":"https:\/\/schema.org","@graph":[{"@type":"WebPage","@id":"https:\/\/www.safinel.fr\/produit\/musc-tahara-banane\/","url":"https:\/\/www.safinel.fr\/produit\/musc-tahara-banane\/","name":"Muschio Tahara banana I Profumo squisito I Capacit\u00e0 3ml","isPartOf":{"@id":"https:\/\/www.safinel.fr\/#website"},"primaryImageOfPage":{"@id":"https:\/\/www.safinel.fr\/produit\/musc-tahara-banane\/#primaryimage"},"image":{"@id":"https:\/\/www.safinel.fr\/produit\/musc-tahara-banane\/#primaryimage"},"thumbnailUrl":"https:\/\/www.safinel.fr\/wp-content\/uploads\/2023\/11\/Musc-Tahara-banane-3ml.jpg","datePublished":"2023-11-07T17:23:55+00:00","dateModified":"2023-12-28T17:16:13+00:00","description":"Scoprite la fragranza intima Musc tahara banane, un profumo unico che vi trasporta in un mondo di morbidezza e fiducia.","breadcrumb":{"@id":"https:\/\/www.safinel.fr\/produit\/musc-tahara-banane\/#breadcrumb"},"inLanguage":"it-IT","potentialAction":[{"@type":"ReadAction","target":["https:\/\/www.safinel.fr\/produit\/musc-tahara-banane\/"]}]},{"@type":"ImageObject","inLanguage":"it-IT","@id":"https:\/\/www.safinel.fr\/produit\/musc-tahara-banane\/#primaryimage","url":"https:\/\/www.safinel.fr\/wp-content\/uploads\/2023\/11\/Musc-Tahara-banane-3ml.jpg","contentUrl":"https:\/\/www.safinel.fr\/wp-content\/uploads\/2023\/11\/Musc-Tahara-banane-3ml.jpg","width":600,"height":600,"caption":"Musc Tahara banane 3ml"},{"@type":"BreadcrumbList","@id":"https:\/\/www.safinel.fr\/produit\/musc-tahara-banane\/#breadcrumb","itemListElement":[{"@type":"ListItem","position":1,"name":"Accueil","item":"https:\/\/www.safinel.fr\/"},{"@type":"ListItem","position":2,"name":"Boutique","item":"https:\/\/www.safinel.fr\/boutique\/"},{"@type":"ListItem","position":3,"name":"Musc Tahara banane 3ml"}]},{"@type":"WebSite","@id":"https:\/\/www.safinel.fr\/#website","url":"https:\/\/www.safinel.fr\/","name":"Safinel","description":"","publisher":{"@id":"https:\/\/www.safinel.fr\/#organization"},"potentialAction":[{"@type":"SearchAction","target":{"@type":"EntryPoint","urlTemplate":"https:\/\/www.safinel.fr\/?s={search_term_string}"},"query-input":{"@type":"PropertyValueSpecification","valueRequired":true,"valueName":"search_term_string"}}],"inLanguage":"it-IT"},{"@type":"Organization","@id":"https:\/\/www.safinel.fr\/#organization","name":"Safinel","url":"https:\/\/www.safinel.fr\/","logo":{"@type":"ImageObject","inLanguage":"it-IT","@id":"https:\/\/www.safinel.fr\/#\/schema\/logo\/image\/","url":"https:\/\/www.safinel.fr\/wp-content\/uploads\/2021\/05\/boutique-cosmetique.png","contentUrl":"https:\/\/www.safinel.fr\/wp-content\/uploads\/2021\/05\/boutique-cosmetique.png","width":800,"height":200,"caption":"Safinel"},"image":{"@id":"https:\/\/www.safinel.fr\/#\/schema\/logo\/image\/"}}]}},"_links":{"self":[{"href":"https:\/\/www.safinel.fr\/it\/wp-json\/wp\/v2\/product\/9441","targetHints":{"allow":["GET"]}}],"collection":[{"href":"https:\/\/www.safinel.fr\/it\/wp-json\/wp\/v2\/product"}],"about":[{"href":"https:\/\/www.safinel.fr\/it\/wp-json\/wp\/v2\/types\/product"}],"wp:featuredmedia":[{"embeddable":true,"href":"https:\/\/www.safinel.fr\/it\/wp-json\/wp\/v2\/media\/9442"}],"wp:attachment":[{"href":"https:\/\/www.safinel.fr\/it\/wp-json\/wp\/v2\/media?parent=9441"}],"wp:term":[{"taxonomy":"product_brand","embeddable":true,"href":"https:\/\/www.safinel.fr\/it\/wp-json\/wp\/v2\/product_brand?post=9441"},{"taxonomy":"product_cat","embeddable":true,"href":"https:\/\/www.safinel.fr\/it\/wp-json\/wp\/v2\/product_cat?post=9441"},{"taxonomy":"product_tag","embeddable":true,"href":"https:\/\/www.safinel.fr\/it\/wp-json\/wp\/v2\/product_tag?post=9441"}],"curies":[{"name":"wp","href":"https:\/\/api.w.org\/{rel}","templated":true}]}}