{"id":926,"date":"2022-03-05T13:57:34","date_gmt":"2022-03-05T13:57:34","guid":{"rendered":"https:\/\/www.safinel.fr\/?post_type=product&#038;p=926"},"modified":"2024-02-21T11:03:28","modified_gmt":"2024-02-21T11:03:28","slug":"gesso-vaginale","status":"publish","type":"product","link":"https:\/\/www.safinel.fr\/it\/prodotto\/gesso-vaginale\/","title":{"rendered":"Gessetto vaginale con custodia"},"content":{"rendered":"<p>La <strong>gesso vaginale<\/strong> \u00e8 un prodotto naturale studiato per <strong>migliorare la salute della vagina<\/strong> e <strong>il vostro piacere durante il sesso<\/strong>.<\/p>\n<p><strong>La vostra privacy \u00e8 fragile<\/strong> e subisce una serie di aggressioni nel corso della vita. Prodotti chimici, lavaggi aggressivi, assorbenti igienici, tamponi, parto... La vagina ha una vita difficile. Eppure non impariamo a prendercene cura. <strong>Abbiate cura di voi<\/strong>.<\/p>\n<p>Non dimentichiamo l'intimit\u00e0: quante donne non godono pi\u00f9 della loro relazione coniugale? L'orgasmo \u00e8 molto pi\u00f9 una fantasia che una realt\u00e0. State tranquilli: il gesso intimo pu\u00f2 <strong>hanno un impatto positivo sulla vostra vita sessuale<\/strong> per sempre.<\/p>\n<p><strong>Perch\u00e9 non prendersi cura di s\u00e9 con la nostra pinza vaginale?<\/strong><\/p>\n<h2><strong>Gesso vaginale: il vostro amico intimo<\/strong><\/h2>\n<p><strong>La vagina \u00e8 un'area fragile<\/strong>. Uno stile di vita sano riduce il rischio di infezioni e dolore. Purtroppo, la vigilanza non \u00e8 sempre sufficiente a proteggere la vostra privacy. Il parto, i rapporti sessuali e l'uso di prodotti aggressivi hanno un impatto notevole sulla flora vaginale. Raccomandiamo <a href=\"https:\/\/mamanetbebenature.fr\/178-proteges-slips\" target=\"_blank\" rel=\"noopener\"><strong>salvaslip lavabili di qualit\u00e0<\/strong><\/a> per perfezionare l'igiene intima.<\/p>\n<p>Con il tempo, i rapporti sessuali e il parto, la vagina diventa pi\u00f9 grande e pi\u00f9 debole. L'intimit\u00e0 ne risente: poco o niente piacere, libido ridotta, poche sensazioni durante la penetrazione... L'intera vita di coppia ne risente.<\/p>\n<p><strong>Il gesso vaginale agisce in profondit\u00e0 per stimolare la vagina.<\/strong> A base di ingredienti naturali, i suoi benefici sono impareggiabili nella vita di una donna:<\/p>\n<ul>\n<li>Ripristina la flora vaginale;<\/li>\n<li>Migliora l'elasticit\u00e0 delle pareti vaginali<\/li>\n<li>Aumenta il piacere sessuale sia negli uomini che nelle donne<\/li>\n<li>Tratta le infezioni del tratto urinario<\/li>\n<li><a href=\"https:\/\/www.safinel.fr\/it\/prodotto\/bacio-di-diamante\/\"><strong>Aumenta la libido<\/strong><\/a><\/li>\n<li>Lenisce le irritazioni<\/li>\n<li>Elimina gli odori sgradevoli<\/li>\n<\/ul>\n<p>La salute della vagina \u00e8 spesso trascurata o addirittura ignorata. Eppure la vagina \u00e8 un organo importante nella vita di una donna: il dono della vita, le mestruazioni, i rapporti sessuali...<\/p>\n<p><strong>Scegliete il nostro gesso vaginale per coccolarvi dall'interno.<\/strong><\/p>\n<h2><strong>Come si usa la pinza vaginale?<\/strong><\/h2>\n<p>Il gesso vaginale \u00e8 facile da usare:<\/p>\n<ul>\n<li>Inumidire leggermente la testa del gesso<\/li>\n<li>Inserire la pinza vaginale per circa met\u00e0<\/li>\n<li>Ruotarlo nella vagina per 15-30 secondi.<\/li>\n<li>Estrarre il gesso e pulirlo<\/li>\n<\/ul>\n<p>Il gesso vaginale pu\u00f2 essere riutilizzato da 30 a 60 volte e fino a 3 mesi dopo l'apertura. La vostra privacy \u00e8 fragile: tenetela sempre pulita.<\/p>\n<h2><strong>Gesso vaginale: prendersi cura di s\u00e9 dopo il parto<\/strong><\/h2>\n<p><strong>Dare vita<\/strong> Il parto \u00e8 una tappa meravigliosa nella vita di una donna. Tuttavia, il parto non \u00e8 affatto una cosa banale e pu\u00f2 causare una serie di problemi. <strong>danni considerevoli alla vagina<\/strong>, e anche la salute in generale.<\/p>\n<p>Dopo il parto, \u00e8 necessario prendersi cura di s\u00e9 e della propria intimit\u00e0. <strong>Il gesso vaginale \u00e8 un grande alleato<\/strong>. Restringe naturalmente le pareti, previene il rischio di infezioni e aiuta a ripristinare la flora vaginale.<\/p>\n<p>Sebbene sia ideale dopo il parto, non sostituisce la rieducazione perineale, se necessaria. Non sostituite le sedute di rieducazione con la vostra ostetrica con il bastone per stringere la vagina, ma combinate le due cose!<\/p>\n<h3><strong>Precauzioni per l'uso<\/strong><\/h3>\n<p>Questo prodotto \u00e8 controindicato durante la gravidanza e le mestruazioni. Conservare in un luogo asciutto e al riparo dalla luce.<\/p>","protected":false},"excerpt":{"rendered":"<p>Il gesso vaginale \u00e8 un prodotto naturale studiato per migliorare la salute della vagina e il piacere durante i rapporti sessuali. Il vostro spazio intimo \u00e8 fragile e subisce molte aggressioni nel corso della vita. Prodotti chimici, lavaggi aggressivi, assorbenti igienici, tamponi, parto... La vagina ha una vita difficile. Eppure non impariamo a [...]","protected":false},"featured_media":927,"template":"","meta":[],"product_brand":[],"product_cat":[109,23],"product_tag":[],"class_list":{"0":"post-926","1":"product","2":"type-product","3":"status-publish","4":"has-post-thumbnail","6":"product_cat-exercice-de-kegel","7":"product_cat-hygiene-feminine","9":"first","10":"instock","11":"shipping-taxable","12":"purchasable","13":"product-type-simple"},"yoast_head":"<!-- This site is optimized with the Yoast SEO plugin v26.6 - https:\/\/yoast.com\/wordpress\/plugins\/seo\/ -->\n<title>Craie vaginale\u00a0| Am\u00e9liore la sant\u00e9 de votre vagin \u00a0| Achat s\u00e9curis\u00e9<\/title>\n<meta name=\"description\" content=\"La craie vaginale est un produit naturel, destin\u00e9e \u00e0 am\u00e9liorer la sant\u00e9 de votre vagin et votre plaisir lors des rapports sexuels.\" \/>\n<meta name=\"robots\" content=\"index, follow, max-snippet:-1, max-image-preview:large, max-video-preview:-1\" \/>\n<link rel=\"canonical\" href=\"https:\/\/www.safinel.fr\/it\/prodotto\/gesso-vaginale\/\" \/>\n<meta property=\"og:locale\" content=\"it_IT\" \/>\n<meta property=\"og:type\" content=\"article\" \/>\n<meta property=\"og:title\" content=\"Craie vaginale\u00a0| Am\u00e9liore la sant\u00e9 de votre vagin \u00a0| Achat s\u00e9curis\u00e9\" \/>\n<meta property=\"og:description\" content=\"La craie vaginale est un produit naturel, destin\u00e9e \u00e0 am\u00e9liorer la sant\u00e9 de votre vagin et votre plaisir lors des rapports sexuels.\" \/>\n<meta property=\"og:url\" content=\"https:\/\/www.safinel.fr\/it\/prodotto\/gesso-vaginale\/\" \/>\n<meta property=\"og:site_name\" content=\"Safinel\" \/>\n<meta property=\"article:modified_time\" content=\"2024-02-21T11:03:28+00:00\" \/>\n<meta property=\"og:image\" content=\"https:\/\/www.safinel.fr\/wp-content\/uploads\/2022\/03\/craie-vaginale.jpg\" \/>\n\t<meta property=\"og:image:width\" content=\"600\" \/>\n\t<meta property=\"og:image:height\" content=\"600\" \/>\n\t<meta property=\"og:image:type\" content=\"image\/jpeg\" \/>\n<meta name=\"twitter:card\" content=\"summary_large_image\" \/>\n<meta name=\"twitter:label1\" content=\"Tempo di lettura stimato\" \/>\n\t<meta name=\"twitter:data1\" content=\"3 minuti\" \/>\n<script type=\"application\/ld+json\" class=\"yoast-schema-graph\">{\"@context\":\"https:\/\/schema.org\",\"@graph\":[{\"@type\":\"WebPage\",\"@id\":\"https:\/\/www.safinel.fr\/produit\/craie-vaginale\/\",\"url\":\"https:\/\/www.safinel.fr\/produit\/craie-vaginale\/\",\"name\":\"Craie vaginale\u00a0| Am\u00e9liore la sant\u00e9 de votre vagin \u00a0| Achat s\u00e9curis\u00e9\",\"isPartOf\":{\"@id\":\"https:\/\/www.safinel.fr\/#website\"},\"primaryImageOfPage\":{\"@id\":\"https:\/\/www.safinel.fr\/produit\/craie-vaginale\/#primaryimage\"},\"image\":{\"@id\":\"https:\/\/www.safinel.fr\/produit\/craie-vaginale\/#primaryimage\"},\"thumbnailUrl\":\"https:\/\/www.safinel.fr\/wp-content\/uploads\/2022\/03\/craie-vaginale.jpg\",\"datePublished\":\"2022-03-05T13:57:34+00:00\",\"dateModified\":\"2024-02-21T11:03:28+00:00\",\"description\":\"La craie vaginale est un produit naturel, destin\u00e9e \u00e0 am\u00e9liorer la sant\u00e9 de votre vagin et votre plaisir lors des rapports sexuels.\",\"breadcrumb\":{\"@id\":\"https:\/\/www.safinel.fr\/produit\/craie-vaginale\/#breadcrumb\"},\"inLanguage\":\"it-IT\",\"potentialAction\":[{\"@type\":\"ReadAction\",\"target\":[\"https:\/\/www.safinel.fr\/produit\/craie-vaginale\/\"]}]},{\"@type\":\"ImageObject\",\"inLanguage\":\"it-IT\",\"@id\":\"https:\/\/www.safinel.fr\/produit\/craie-vaginale\/#primaryimage\",\"url\":\"https:\/\/www.safinel.fr\/wp-content\/uploads\/2022\/03\/craie-vaginale.jpg\",\"contentUrl\":\"https:\/\/www.safinel.fr\/wp-content\/uploads\/2022\/03\/craie-vaginale.jpg\",\"width\":600,\"height\":600,\"caption\":\"craie vaginale\"},{\"@type\":\"BreadcrumbList\",\"@id\":\"https:\/\/www.safinel.fr\/produit\/craie-vaginale\/#breadcrumb\",\"itemListElement\":[{\"@type\":\"ListItem\",\"position\":1,\"name\":\"Accueil\",\"item\":\"https:\/\/www.safinel.fr\/\"},{\"@type\":\"ListItem\",\"position\":2,\"name\":\"Boutique\",\"item\":\"https:\/\/www.safinel.fr\/boutique\/\"},{\"@type\":\"ListItem\",\"position\":3,\"name\":\"Craie vaginale avec \u00e9tui\"}]},{\"@type\":\"WebSite\",\"@id\":\"https:\/\/www.safinel.fr\/#website\",\"url\":\"https:\/\/www.safinel.fr\/\",\"name\":\"Safinel\",\"description\":\"\",\"publisher\":{\"@id\":\"https:\/\/www.safinel.fr\/#organization\"},\"potentialAction\":[{\"@type\":\"SearchAction\",\"target\":{\"@type\":\"EntryPoint\",\"urlTemplate\":\"https:\/\/www.safinel.fr\/?s={search_term_string}\"},\"query-input\":{\"@type\":\"PropertyValueSpecification\",\"valueRequired\":true,\"valueName\":\"search_term_string\"}}],\"inLanguage\":\"it-IT\"},{\"@type\":\"Organization\",\"@id\":\"https:\/\/www.safinel.fr\/#organization\",\"name\":\"Safinel\",\"url\":\"https:\/\/www.safinel.fr\/\",\"logo\":{\"@type\":\"ImageObject\",\"inLanguage\":\"it-IT\",\"@id\":\"https:\/\/www.safinel.fr\/#\/schema\/logo\/image\/\",\"url\":\"https:\/\/www.safinel.fr\/wp-content\/uploads\/2021\/05\/boutique-cosmetique.png\",\"contentUrl\":\"https:\/\/www.safinel.fr\/wp-content\/uploads\/2021\/05\/boutique-cosmetique.png\",\"width\":800,\"height\":200,\"caption\":\"Safinel\"},\"image\":{\"@id\":\"https:\/\/www.safinel.fr\/#\/schema\/logo\/image\/\"}}]}<\/script>\n<!-- \/ Yoast SEO plugin. -->","yoast_head_json":{"title":"Gesso vaginale | Migliora la salute della tua vagina | Acquisto sicuro","description":"Il gesso vaginale \u00e8 un prodotto naturale studiato per migliorare la salute della vagina e il piacere durante i rapporti sessuali.","robots":{"index":"index","follow":"follow","max-snippet":"max-snippet:-1","max-image-preview":"max-image-preview:large","max-video-preview":"max-video-preview:-1"},"canonical":"https:\/\/www.safinel.fr\/it\/prodotto\/gesso-vaginale\/","og_locale":"it_IT","og_type":"article","og_title":"Craie vaginale\u00a0| Am\u00e9liore la sant\u00e9 de votre vagin \u00a0| Achat s\u00e9curis\u00e9","og_description":"La craie vaginale est un produit naturel, destin\u00e9e \u00e0 am\u00e9liorer la sant\u00e9 de votre vagin et votre plaisir lors des rapports sexuels.","og_url":"https:\/\/www.safinel.fr\/it\/prodotto\/gesso-vaginale\/","og_site_name":"Safinel","article_modified_time":"2024-02-21T11:03:28+00:00","og_image":[{"width":600,"height":600,"url":"https:\/\/www.safinel.fr\/wp-content\/uploads\/2022\/03\/craie-vaginale.jpg","type":"image\/jpeg"}],"twitter_card":"summary_large_image","twitter_misc":{"Tempo di lettura stimato":"3 minuti"},"schema":{"@context":"https:\/\/schema.org","@graph":[{"@type":"WebPage","@id":"https:\/\/www.safinel.fr\/produit\/craie-vaginale\/","url":"https:\/\/www.safinel.fr\/produit\/craie-vaginale\/","name":"Gesso vaginale | Migliora la salute della tua vagina | Acquisto sicuro","isPartOf":{"@id":"https:\/\/www.safinel.fr\/#website"},"primaryImageOfPage":{"@id":"https:\/\/www.safinel.fr\/produit\/craie-vaginale\/#primaryimage"},"image":{"@id":"https:\/\/www.safinel.fr\/produit\/craie-vaginale\/#primaryimage"},"thumbnailUrl":"https:\/\/www.safinel.fr\/wp-content\/uploads\/2022\/03\/craie-vaginale.jpg","datePublished":"2022-03-05T13:57:34+00:00","dateModified":"2024-02-21T11:03:28+00:00","description":"Il gesso vaginale \u00e8 un prodotto naturale studiato per migliorare la salute della vagina e il piacere durante i rapporti sessuali.","breadcrumb":{"@id":"https:\/\/www.safinel.fr\/produit\/craie-vaginale\/#breadcrumb"},"inLanguage":"it-IT","potentialAction":[{"@type":"ReadAction","target":["https:\/\/www.safinel.fr\/produit\/craie-vaginale\/"]}]},{"@type":"ImageObject","inLanguage":"it-IT","@id":"https:\/\/www.safinel.fr\/produit\/craie-vaginale\/#primaryimage","url":"https:\/\/www.safinel.fr\/wp-content\/uploads\/2022\/03\/craie-vaginale.jpg","contentUrl":"https:\/\/www.safinel.fr\/wp-content\/uploads\/2022\/03\/craie-vaginale.jpg","width":600,"height":600,"caption":"craie vaginale"},{"@type":"BreadcrumbList","@id":"https:\/\/www.safinel.fr\/produit\/craie-vaginale\/#breadcrumb","itemListElement":[{"@type":"ListItem","position":1,"name":"Accueil","item":"https:\/\/www.safinel.fr\/"},{"@type":"ListItem","position":2,"name":"Boutique","item":"https:\/\/www.safinel.fr\/boutique\/"},{"@type":"ListItem","position":3,"name":"Craie vaginale avec \u00e9tui"}]},{"@type":"WebSite","@id":"https:\/\/www.safinel.fr\/#website","url":"https:\/\/www.safinel.fr\/","name":"Safinel","description":"","publisher":{"@id":"https:\/\/www.safinel.fr\/#organization"},"potentialAction":[{"@type":"SearchAction","target":{"@type":"EntryPoint","urlTemplate":"https:\/\/www.safinel.fr\/?s={search_term_string}"},"query-input":{"@type":"PropertyValueSpecification","valueRequired":true,"valueName":"search_term_string"}}],"inLanguage":"it-IT"},{"@type":"Organization","@id":"https:\/\/www.safinel.fr\/#organization","name":"Safinel","url":"https:\/\/www.safinel.fr\/","logo":{"@type":"ImageObject","inLanguage":"it-IT","@id":"https:\/\/www.safinel.fr\/#\/schema\/logo\/image\/","url":"https:\/\/www.safinel.fr\/wp-content\/uploads\/2021\/05\/boutique-cosmetique.png","contentUrl":"https:\/\/www.safinel.fr\/wp-content\/uploads\/2021\/05\/boutique-cosmetique.png","width":800,"height":200,"caption":"Safinel"},"image":{"@id":"https:\/\/www.safinel.fr\/#\/schema\/logo\/image\/"}}]}},"_links":{"self":[{"href":"https:\/\/www.safinel.fr\/it\/wp-json\/wp\/v2\/product\/926","targetHints":{"allow":["GET"]}}],"collection":[{"href":"https:\/\/www.safinel.fr\/it\/wp-json\/wp\/v2\/product"}],"about":[{"href":"https:\/\/www.safinel.fr\/it\/wp-json\/wp\/v2\/types\/product"}],"wp:featuredmedia":[{"embeddable":true,"href":"https:\/\/www.safinel.fr\/it\/wp-json\/wp\/v2\/media\/927"}],"wp:attachment":[{"href":"https:\/\/www.safinel.fr\/it\/wp-json\/wp\/v2\/media?parent=926"}],"wp:term":[{"taxonomy":"product_brand","embeddable":true,"href":"https:\/\/www.safinel.fr\/it\/wp-json\/wp\/v2\/product_brand?post=926"},{"taxonomy":"product_cat","embeddable":true,"href":"https:\/\/www.safinel.fr\/it\/wp-json\/wp\/v2\/product_cat?post=926"},{"taxonomy":"product_tag","embeddable":true,"href":"https:\/\/www.safinel.fr\/it\/wp-json\/wp\/v2\/product_tag?post=926"}],"curies":[{"name":"wp","href":"https:\/\/api.w.org\/{rel}","templated":true}]}}