{"id":9259,"date":"2023-10-29T18:45:56","date_gmt":"2023-10-29T18:45:56","guid":{"rendered":"https:\/\/www.safinel.fr\/?post_type=product&#038;p=9259"},"modified":"2025-10-14T13:09:42","modified_gmt":"2025-10-14T13:09:42","slug":"sapone-nero-solido-africano","status":"publish","type":"product","link":"https:\/\/www.safinel.fr\/it\/prodotto\/sapone-nero-solido-africano\/","title":{"rendered":"Sapone nero solido africano artigianale - 100g"},"content":{"rendered":"<p>Le\u00a0<strong>Sapone nero del Ghana<\/strong>\u00a0\u00e8 un prodotto naturale con molteplici benefici per la pelle e i capelli. Utilizzato da secoli dalle donne ghanesi, questo sapone \u00e8 diventato gradualmente una parte essenziale della routine di bellezza in tutto il mondo. In questo articolo scoprirete l'origine, le propriet\u00e0 e gli usi del sapone nero del Ghana per la cura completa del corpo e del viso.<\/p>\n<h2><strong>Storia e origini del sapone nero del Ghana<\/strong><\/h2>\n<p>Il sapone nero del Ghana, noto anche come\u2019<em>Alata Samina<\/em>, \u00c8 originario dell'Africa occidentale e viene realizzato a mano con prodotti locali. Prende il nome dal colore scuro della sua pasta. Ci\u00f2 \u00e8 dovuto alla presenza di cenere vegetale e gusci di cocco nella sua composizione.<\/p>\n<h3><strong>Gli ingredienti tradizionali del sapone nero del Ghana<\/strong><\/h3>\n<p>La ricetta originale del Sapone Nero del Ghana si basa su ingredienti semplici e naturali:<\/p>\n<ul>\n<li><strong>Ceneri vegetali :\u00a0<\/strong>dalla combustione di foglie e steli di piante locali. La cenere viene utilizzata come base alcalina per neutralizzare gli acidi grassi presenti negli altri ingredienti.<\/li>\n<li><strong><a href=\"https:\/\/www.safinel.fr\/it\/categoria-prodotto\/olio-vegetale\/\">Oli vegetali<\/a> :\u00a0<\/strong>Il burro di karit\u00e9, l'olio di cocco e l'olio di palma sono generalmente incorporati nella preparazione per le loro propriet\u00e0 nutrienti e idratanti.<\/li>\n<li><strong>Acqua :\u00a0<\/strong>Aggiunto in piccole quantit\u00e0, conferisce al sapone la consistenza desiderata.<\/li>\n<\/ul>\n<p>Nel corso del tempo, alla ricetta sono stati aggiunti altri ingredienti, come oli essenziali o estratti di piante, per aggiungere effetti specifici in base alle esigenze individuali.<\/p>\n<h2><strong>I benefici del sapone nero del Ghana per la pelle e i capelli<\/strong><\/h2>\n<p>Ricco di vitamine e acidi grassi, ha numerosi benefici per la bellezza e la salute di pelle e capelli:<\/p>\n<ul>\n<li><strong>Esfoliazione delicata<\/strong><\/li>\n<\/ul>\n<p>Grazie alla sua consistenza e alla presenza di cenere. Il sapone nero del Ghana \u00e8 un <strong>esfoliante naturale<\/strong>\u00a0che elimina le cellule morte e le impurit\u00e0 senza danneggiare la pelle. L'uso regolare favorisce un incarnato fresco e luminoso.<\/p>\n<ul>\n<li><strong>Idratazione intensa<\/strong><\/li>\n<\/ul>\n<p>Gli oli vegetali contenuti nel Sapone Nero del Ghana sono ricchi di vitamine e acidi grassi essenziali che nutrono profondamente la pelle. L'idratazione fornita aiuta a mantenere l'elasticit\u00e0 e la morbidezza della pelle, riducendo i segni della secchezza e dell'invecchiamento precoce.<\/p>\n<ul>\n<li><strong>Pulizia profonda<\/strong><\/li>\n<\/ul>\n<p>Questo pane nero solido \u00e8 <strong>particolarmente efficace per liberare la pelle dalle impurit\u00e0 e dal sebo in eccesso<\/strong>. \u00c8 ideale per la pelle grassa, mista e a tendenza acneica, in quanto aiuta a regolare la produzione di sebo senza seccare la pelle. Pu\u00f2 essere utilizzato anche sul cuoio capelluto per trattare forfora e prurito.<\/p>\n<ul>\n<li><strong>Lenisce le irritazioni cutanee<\/strong><\/li>\n<\/ul>\n<p>Le propriet\u00e0 antinfiammatorie e lenitive del Sapone Nero del Ghana aiutano ad alleviare le irritazioni e le infiammazioni della pelle. In particolare quelle legate a eczema, psoriasi o punture d'insetto.<\/p>\n<h2><strong>Come utilizzare questo pane solido del Ghana per una routine completa di cura della pelle?<\/strong><\/h2>\n<p>Per sfruttare appieno i benefici del Sapone Nero del Ghana.<\/p>\n<p><strong>Si consiglia di seguire alcuni semplici passaggi per il suo utilizzo:<\/strong><\/p>\n<ul>\n<li><strong>Preparazione dell'impasto<\/strong><\/li>\n<\/ul>\n<p>\u00c8 meglio inumidire leggermente il sapone prima dell'uso per aiutarlo a formare una schiuma cremosa. A tal fine, strofinare una piccola quantit\u00e0 di sapone tra le mani umide fino a ottenere una pasta omogenea.<\/p>\n<ul>\n<li><strong>Applicazione sulla pelle<\/strong><\/li>\n<\/ul>\n<p>Applicare la pasta sul viso e\/o sul corpo con movimenti circolari per esfoliare e massaggiare delicatamente la pelle. \u00c8 possibile utilizzare anche una spugna di luffa o un guanto di crine per un effetto esfoliante pi\u00f9 intenso.<\/p>\n<ul>\n<li><strong>Risciacquare con acqua tiepida<\/strong><\/li>\n<\/ul>\n<p>Risciacquare accuratamente con acqua tiepida per rimuovere ogni traccia di sapone e impurit\u00e0. Asciugare delicatamente la pelle con un asciugamano pulito e morbido.<\/p>\n<ul>\n<li><strong>Utilizzare sui capelli<\/strong><\/li>\n<\/ul>\n<p>Questa pasta solida pu\u00f2 essere utilizzata anche come shampoo naturale. Applicare una piccola quantit\u00e0 di pasta sui capelli bagnati. Massaggiare delicatamente il cuoio capelluto e risciacquare abbondantemente con acqua tiepida.<\/p>\n<h3><strong>Consigli e precauzioni d'uso<\/strong><\/h3>\n<p>Per sfruttare al meglio i benefici del sapone nero del Ghana per la pelle e i capelli, seguite questi semplici consigli:<\/p>\n<ul>\n<li><strong>Nessun uso quotidiano:\u00a0<\/strong>Utilizzare il sapone nero del Ghana due o tre volte alla settimana. Per non danneggiare la pelle e non privarla dei suoi oli naturali.<\/li>\n<li><strong>Conservazione :\u00a0<\/strong>Per prolungare la durata del sapone, conservarlo in un luogo fresco e asciutto. Lontano dalla luce diretta del sole e dall'umidit\u00e0.<\/li>\n<li><strong>Attenzione in caso di allergie:\u00a0<\/strong>anche se si tratta di un prodotto naturale. Alcune persone possono essere allergiche ad alcuni dei suoi ingredienti. In caso di arrossamenti, irritazioni o reazioni avverse, interrompere immediatamente l'uso e consultare un dermatologo.<\/li>\n<\/ul>\n<p>Le\u00a0<strong>Sapone nero del Ghana<\/strong> \u00e8 un prezioso alleato per la cura naturale di pelle e capelli. Il tutto nel rispetto delle tradizioni ancestrali ghanesi. Adatto a tutti i tipi di pelle. Esalter\u00e0 la vostra bellezza quotidiana rispettando l'equilibrio della vostra pelle.<\/p>","protected":false},"excerpt":{"rendered":"<p>Le\u00a0savon noir du Ghana\u00a0est un produit naturel aux multiples bienfaits pour la peau et les cheveux. Utilis\u00e9 depuis des si\u00e8cles par les femmes ghan\u00e9ennes, ce savon s&rsquo;est peu \u00e0 peu impos\u00e9 comme un incontournable dans les routines beaut\u00e9 autour du monde. Dans cet article, d\u00e9couvrez l&rsquo;origine, les propri\u00e9t\u00e9s et les utilisations du savon noir du [&#8230;]","protected":false},"featured_media":9257,"template":"","meta":[],"product_brand":[],"product_cat":[123,189],"product_tag":[],"class_list":{"0":"post-9259","1":"product","2":"type-product","3":"status-publish","4":"has-post-thumbnail","6":"product_cat-savon","7":"product_cat-savoir-noir-africain","9":"first","10":"instock","11":"shipping-taxable","12":"purchasable","13":"product-type-simple"},"yoast_head":"<!-- This site is optimized with the Yoast SEO plugin v26.6 - https:\/\/yoast.com\/wordpress\/plugins\/seo\/ -->\n<title>Savon noir du Ghana | Bienfaits nombreux | Contenance 100g<\/title>\n<meta name=\"description\" content=\"Le\u00a0savon noir du Ghana\u00a0est un produit naturel aux multiples bienfaits pour la peau et les cheveux. Adoptez-le sans plus attendre !\" \/>\n<meta name=\"robots\" content=\"index, follow, max-snippet:-1, max-image-preview:large, max-video-preview:-1\" \/>\n<link rel=\"canonical\" href=\"https:\/\/www.safinel.fr\/it\/prodotto\/sapone-nero-solido-africano\/\" \/>\n<meta property=\"og:locale\" content=\"it_IT\" \/>\n<meta property=\"og:type\" content=\"article\" \/>\n<meta property=\"og:title\" content=\"Savon noir du Ghana | Bienfaits nombreux | Contenance 100g\" \/>\n<meta property=\"og:description\" content=\"Le\u00a0savon noir du Ghana\u00a0est un produit naturel aux multiples bienfaits pour la peau et les cheveux. Adoptez-le sans plus attendre !\" \/>\n<meta property=\"og:url\" content=\"https:\/\/www.safinel.fr\/it\/prodotto\/sapone-nero-solido-africano\/\" \/>\n<meta property=\"og:site_name\" content=\"Safinel\" \/>\n<meta property=\"article:modified_time\" content=\"2025-10-14T13:09:42+00:00\" \/>\n<meta property=\"og:image\" content=\"https:\/\/www.safinel.fr\/wp-content\/uploads\/2023\/10\/savon-africain-solide.jpeg\" \/>\n\t<meta property=\"og:image:width\" content=\"600\" \/>\n\t<meta property=\"og:image:height\" content=\"600\" \/>\n\t<meta property=\"og:image:type\" content=\"image\/jpeg\" \/>\n<meta name=\"twitter:card\" content=\"summary_large_image\" \/>\n<meta name=\"twitter:label1\" content=\"Tempo di lettura stimato\" \/>\n\t<meta name=\"twitter:data1\" content=\"5 minuti\" \/>\n<script type=\"application\/ld+json\" class=\"yoast-schema-graph\">{\"@context\":\"https:\/\/schema.org\",\"@graph\":[{\"@type\":\"WebPage\",\"@id\":\"https:\/\/www.safinel.fr\/produit\/savon-noir-solide-africain-artisanal\/\",\"url\":\"https:\/\/www.safinel.fr\/produit\/savon-noir-solide-africain-artisanal\/\",\"name\":\"Savon noir du Ghana | Bienfaits nombreux | Contenance 100g\",\"isPartOf\":{\"@id\":\"https:\/\/www.safinel.fr\/#website\"},\"primaryImageOfPage\":{\"@id\":\"https:\/\/www.safinel.fr\/produit\/savon-noir-solide-africain-artisanal\/#primaryimage\"},\"image\":{\"@id\":\"https:\/\/www.safinel.fr\/produit\/savon-noir-solide-africain-artisanal\/#primaryimage\"},\"thumbnailUrl\":\"https:\/\/www.safinel.fr\/wp-content\/uploads\/2023\/10\/savon-africain-solide.jpeg\",\"datePublished\":\"2023-10-29T18:45:56+00:00\",\"dateModified\":\"2025-10-14T13:09:42+00:00\",\"description\":\"Le\u00a0savon noir du Ghana\u00a0est un produit naturel aux multiples bienfaits pour la peau et les cheveux. Adoptez-le sans plus attendre !\",\"breadcrumb\":{\"@id\":\"https:\/\/www.safinel.fr\/produit\/savon-noir-solide-africain-artisanal\/#breadcrumb\"},\"inLanguage\":\"it-IT\",\"potentialAction\":[{\"@type\":\"ReadAction\",\"target\":[\"https:\/\/www.safinel.fr\/produit\/savon-noir-solide-africain-artisanal\/\"]}]},{\"@type\":\"ImageObject\",\"inLanguage\":\"it-IT\",\"@id\":\"https:\/\/www.safinel.fr\/produit\/savon-noir-solide-africain-artisanal\/#primaryimage\",\"url\":\"https:\/\/www.safinel.fr\/wp-content\/uploads\/2023\/10\/savon-africain-solide.jpeg\",\"contentUrl\":\"https:\/\/www.safinel.fr\/wp-content\/uploads\/2023\/10\/savon-africain-solide.jpeg\",\"width\":600,\"height\":600,\"caption\":\"Savon noir solide africain artisanal - 100g\"},{\"@type\":\"BreadcrumbList\",\"@id\":\"https:\/\/www.safinel.fr\/produit\/savon-noir-solide-africain-artisanal\/#breadcrumb\",\"itemListElement\":[{\"@type\":\"ListItem\",\"position\":1,\"name\":\"Accueil\",\"item\":\"https:\/\/www.safinel.fr\/\"},{\"@type\":\"ListItem\",\"position\":2,\"name\":\"Boutique\",\"item\":\"https:\/\/www.safinel.fr\/boutique\/\"},{\"@type\":\"ListItem\",\"position\":3,\"name\":\"Savon noir solide africain artisanal &#8211; 100g\"}]},{\"@type\":\"WebSite\",\"@id\":\"https:\/\/www.safinel.fr\/#website\",\"url\":\"https:\/\/www.safinel.fr\/\",\"name\":\"Safinel\",\"description\":\"\",\"publisher\":{\"@id\":\"https:\/\/www.safinel.fr\/#organization\"},\"potentialAction\":[{\"@type\":\"SearchAction\",\"target\":{\"@type\":\"EntryPoint\",\"urlTemplate\":\"https:\/\/www.safinel.fr\/?s={search_term_string}\"},\"query-input\":{\"@type\":\"PropertyValueSpecification\",\"valueRequired\":true,\"valueName\":\"search_term_string\"}}],\"inLanguage\":\"it-IT\"},{\"@type\":\"Organization\",\"@id\":\"https:\/\/www.safinel.fr\/#organization\",\"name\":\"Safinel\",\"url\":\"https:\/\/www.safinel.fr\/\",\"logo\":{\"@type\":\"ImageObject\",\"inLanguage\":\"it-IT\",\"@id\":\"https:\/\/www.safinel.fr\/#\/schema\/logo\/image\/\",\"url\":\"https:\/\/www.safinel.fr\/wp-content\/uploads\/2021\/05\/boutique-cosmetique.png\",\"contentUrl\":\"https:\/\/www.safinel.fr\/wp-content\/uploads\/2021\/05\/boutique-cosmetique.png\",\"width\":800,\"height\":200,\"caption\":\"Safinel\"},\"image\":{\"@id\":\"https:\/\/www.safinel.fr\/#\/schema\/logo\/image\/\"}}]}<\/script>\n<!-- \/ Yoast SEO plugin. -->","yoast_head_json":{"title":"Sapone nero del Ghana | Benefici in abbondanza | Capacit\u00e0 100g","description":"Il sapone nero del Ghana \u00e8 un prodotto naturale con molteplici benefici per la pelle e i capelli. Adottatelo subito!","robots":{"index":"index","follow":"follow","max-snippet":"max-snippet:-1","max-image-preview":"max-image-preview:large","max-video-preview":"max-video-preview:-1"},"canonical":"https:\/\/www.safinel.fr\/it\/prodotto\/sapone-nero-solido-africano\/","og_locale":"it_IT","og_type":"article","og_title":"Savon noir du Ghana | Bienfaits nombreux | Contenance 100g","og_description":"Le\u00a0savon noir du Ghana\u00a0est un produit naturel aux multiples bienfaits pour la peau et les cheveux. Adoptez-le sans plus attendre !","og_url":"https:\/\/www.safinel.fr\/it\/prodotto\/sapone-nero-solido-africano\/","og_site_name":"Safinel","article_modified_time":"2025-10-14T13:09:42+00:00","og_image":[{"width":600,"height":600,"url":"https:\/\/www.safinel.fr\/wp-content\/uploads\/2023\/10\/savon-africain-solide.jpeg","type":"image\/jpeg"}],"twitter_card":"summary_large_image","twitter_misc":{"Tempo di lettura stimato":"5 minuti"},"schema":{"@context":"https:\/\/schema.org","@graph":[{"@type":"WebPage","@id":"https:\/\/www.safinel.fr\/produit\/savon-noir-solide-africain-artisanal\/","url":"https:\/\/www.safinel.fr\/produit\/savon-noir-solide-africain-artisanal\/","name":"Sapone nero del Ghana | Benefici in abbondanza | Capacit\u00e0 100g","isPartOf":{"@id":"https:\/\/www.safinel.fr\/#website"},"primaryImageOfPage":{"@id":"https:\/\/www.safinel.fr\/produit\/savon-noir-solide-africain-artisanal\/#primaryimage"},"image":{"@id":"https:\/\/www.safinel.fr\/produit\/savon-noir-solide-africain-artisanal\/#primaryimage"},"thumbnailUrl":"https:\/\/www.safinel.fr\/wp-content\/uploads\/2023\/10\/savon-africain-solide.jpeg","datePublished":"2023-10-29T18:45:56+00:00","dateModified":"2025-10-14T13:09:42+00:00","description":"Il sapone nero del Ghana \u00e8 un prodotto naturale con molteplici benefici per la pelle e i capelli. Adottatelo subito!","breadcrumb":{"@id":"https:\/\/www.safinel.fr\/produit\/savon-noir-solide-africain-artisanal\/#breadcrumb"},"inLanguage":"it-IT","potentialAction":[{"@type":"ReadAction","target":["https:\/\/www.safinel.fr\/produit\/savon-noir-solide-africain-artisanal\/"]}]},{"@type":"ImageObject","inLanguage":"it-IT","@id":"https:\/\/www.safinel.fr\/produit\/savon-noir-solide-africain-artisanal\/#primaryimage","url":"https:\/\/www.safinel.fr\/wp-content\/uploads\/2023\/10\/savon-africain-solide.jpeg","contentUrl":"https:\/\/www.safinel.fr\/wp-content\/uploads\/2023\/10\/savon-africain-solide.jpeg","width":600,"height":600,"caption":"Savon noir solide africain artisanal - 100g"},{"@type":"BreadcrumbList","@id":"https:\/\/www.safinel.fr\/produit\/savon-noir-solide-africain-artisanal\/#breadcrumb","itemListElement":[{"@type":"ListItem","position":1,"name":"Accueil","item":"https:\/\/www.safinel.fr\/"},{"@type":"ListItem","position":2,"name":"Boutique","item":"https:\/\/www.safinel.fr\/boutique\/"},{"@type":"ListItem","position":3,"name":"Savon noir solide africain artisanal &#8211; 100g"}]},{"@type":"WebSite","@id":"https:\/\/www.safinel.fr\/#website","url":"https:\/\/www.safinel.fr\/","name":"Safinel","description":"","publisher":{"@id":"https:\/\/www.safinel.fr\/#organization"},"potentialAction":[{"@type":"SearchAction","target":{"@type":"EntryPoint","urlTemplate":"https:\/\/www.safinel.fr\/?s={search_term_string}"},"query-input":{"@type":"PropertyValueSpecification","valueRequired":true,"valueName":"search_term_string"}}],"inLanguage":"it-IT"},{"@type":"Organization","@id":"https:\/\/www.safinel.fr\/#organization","name":"Safinel","url":"https:\/\/www.safinel.fr\/","logo":{"@type":"ImageObject","inLanguage":"it-IT","@id":"https:\/\/www.safinel.fr\/#\/schema\/logo\/image\/","url":"https:\/\/www.safinel.fr\/wp-content\/uploads\/2021\/05\/boutique-cosmetique.png","contentUrl":"https:\/\/www.safinel.fr\/wp-content\/uploads\/2021\/05\/boutique-cosmetique.png","width":800,"height":200,"caption":"Safinel"},"image":{"@id":"https:\/\/www.safinel.fr\/#\/schema\/logo\/image\/"}}]}},"_links":{"self":[{"href":"https:\/\/www.safinel.fr\/it\/wp-json\/wp\/v2\/product\/9259","targetHints":{"allow":["GET"]}}],"collection":[{"href":"https:\/\/www.safinel.fr\/it\/wp-json\/wp\/v2\/product"}],"about":[{"href":"https:\/\/www.safinel.fr\/it\/wp-json\/wp\/v2\/types\/product"}],"wp:featuredmedia":[{"embeddable":true,"href":"https:\/\/www.safinel.fr\/it\/wp-json\/wp\/v2\/media\/9257"}],"wp:attachment":[{"href":"https:\/\/www.safinel.fr\/it\/wp-json\/wp\/v2\/media?parent=9259"}],"wp:term":[{"taxonomy":"product_brand","embeddable":true,"href":"https:\/\/www.safinel.fr\/it\/wp-json\/wp\/v2\/product_brand?post=9259"},{"taxonomy":"product_cat","embeddable":true,"href":"https:\/\/www.safinel.fr\/it\/wp-json\/wp\/v2\/product_cat?post=9259"},{"taxonomy":"product_tag","embeddable":true,"href":"https:\/\/www.safinel.fr\/it\/wp-json\/wp\/v2\/product_tag?post=9259"}],"curies":[{"name":"wp","href":"https:\/\/api.w.org\/{rel}","templated":true}]}}