{"id":8973,"date":"2023-10-13T11:12:56","date_gmt":"2023-10-13T11:12:56","guid":{"rendered":"https:\/\/www.safinel.fr\/?post_type=product&#038;p=8973"},"modified":"2024-03-04T17:09:01","modified_gmt":"2024-03-04T17:09:01","slug":"siero-per-la-crescita-dei-capelli","status":"publish","type":"product","link":"https:\/\/www.safinel.fr\/it\/prodotto\/siero-per-la-crescita-dei-capelli\/","title":{"rendered":"L'incredibile siero per la ricrescita 50ml - 1001 Vertus"},"content":{"rendered":"<p>La\u00a0<strong>perdita di capelli<\/strong> e la crescita stentata sono problemi che molte persone devono affrontare. Tuttavia, esistono soluzioni innovative, come i sieri per capelli, per promuovere la crescita dei capelli e combatterne la caduta. In questo articolo esploreremo i benefici dei sieri per la crescita dei capelli 1001 vertus, i loro ingredienti chiave e come sceglierli in base alle proprie esigenze specifiche.<\/p>\n<h2><strong>Che cos'\u00e8 un siero tiralampo?<\/strong><\/h2>\n<p>A\u00a0<strong>siero tiralampo<\/strong>\u00a0\u00e8 un trattamento localizzato studiato per favorire la crescita dei capelli, proteggendo e rafforzando al contempo la fibra capillare. Si tratta di una miscela concentrata di principi attivi che lavorano insieme per nutrire il cuoio capelluto, promuovere una migliore circolazione sanguigna e incoraggiare la produzione di nuovi follicoli piliferi.<\/p>\n<h2><strong>I principali ingredienti da ricercare<\/strong><\/h2>\n<p>Alcuni componenti sono essenziali per il successo di un siero per capelli. Eccone alcuni\u00a0<strong>Ingredienti chiave\u00a0<\/strong>che dovete assolutamente includere nel vostro trattamento:<\/p>\n<ol>\n<li><strong>Proteine :<\/strong>\u00a0Rafforzano la struttura del capello formando una pellicola protettiva intorno al fusto, prevenendo rotture e doppie punte.<\/li>\n<li><strong>Vitamine :<\/strong>\u00a0contribuiscono al benessere del cuoio capelluto e aiutano a riparare i danni causati ai capelli dagli aggressori esterni come l'inquinamento, il sole e i raggi solari. <a href=\"https:\/\/www.safinel.fr\/it\/categoria-prodotto\/cappuccio-riscaldato\/\"><strong>apparecchi di riscaldamento<\/strong><\/a>.<\/li>\n<li><strong>Estratti vegetali :<\/strong>\u00a0Stimolano la crescita dei capelli nutrendo e rivitalizzando il cuoio capelluto. Gli ingredienti botanici possono anche aiutare a bilanciare la produzione di sebo e a combattere la forfora.<\/li>\n<li><strong>Acidi grassi essenziali :<\/strong>\u00a0Promuovono la salute del cuoio capelluto e migliorano la struttura dei capelli, rendendoli pi\u00f9 morbidi e lucenti. Inoltre, gli acidi grassi omega-3 sono eccellenti per le loro qualit\u00e0 antinfiammatorie, che possono contribuire a ridurre l'irritazione del cuoio capelluto.<\/li>\n<\/ol>\n<h3><strong>Spingitori di capelli di gomma<\/strong><\/h3>\n<p>Nell'ambito di un approccio globale al sostegno della crescita dei capelli, vale la pena di menzionare i seguenti elementi\u00a0<strong>gommine spingi capelli<\/strong>. Questi integratori alimentari gommosi contengono spesso vitamine e minerali essenziali per la salute dei capelli, come biotina, acido folico e niacinamide. \u00c8 importante ricordare che i risultati variano da persona a persona e che \u00e8 sempre consigliabile consultare un medico prima di iniziare un nuovo trattamento.<\/p>\n<h2><strong>Come scegliere il siero tiralatte pi\u00f9 adatto alle proprie esigenze?<\/strong><\/h2>\n<p>Per scegliere il trattamento pi\u00f9 appropriato, \u00e8 importante identificare la causa principale del problema di crescita o perdita dei capelli. Ecco alcuni fattori da considerare:<\/p>\n<ul>\n<li><strong>Tipo di capelli :<\/strong> I sieri Hair-Push sono disponibili per tutti i tipi di capelli. Secchi, grassi, fini o spessi. Assicuratevi di scegliere un prodotto adatto al vostro tipo di capelli per ottenere i migliori risultati possibili.<\/li>\n<li><strong>Problemi specifici :<\/strong> se si soffre di problemi come alopecia, rottura o forfora. Cercate un siero per capelli che sia mirato a questi particolari problemi. Non esitate a chiedere consiglio a un dermatologo o a un esperto di capelli.<\/li>\n<li><strong>Ingredienti naturali :<\/strong> Scegliete prodotti contenenti ingredienti di origine naturale. Evitate quelli con un elenco molto lungo di ingredienti chimici o sintetici. In generale, i trattamenti naturali per capelli sono meno aggressivi per i capelli e il cuoio capelluto.<\/li>\n<\/ul>\n<h2><strong>Applicazione ed efficacia del siero tiralampo<\/strong><\/h2>\n<p>Per sfruttare appieno i benefici del siero tiralampo, \u00e8 importante seguire alcuni consigli per l'applicazione.<\/p>\n<p><strong>Ecco i passaggi da seguire:<\/strong><\/p>\n<ol>\n<li>Applicare il siero sul cuoio capelluto pulito e umido, preferibilmente dopo la doccia.<\/li>\n<li>Massaggiare delicatamente il prodotto su tutto il cuoio capelluto. In questo modo si favorisce un migliore assorbimento dei principi attivi e si stimola la circolazione sanguigna.<\/li>\n<li>Lasciare agire senza risciacquare, se non diversamente indicato sulla confezione del prodotto.<\/li>\n<li>Utilizzare regolarmente il siero tiralampo per diverse settimane o addirittura mesi per ottenere risultati visibili e duraturi.<\/li>\n<\/ol>\n<p>Si noti, tuttavia, che anche se alcune persone possono vedere i risultati rapidamente, \u00e8 generalmente necessario utilizzare il trattamento per diverse settimane prima di notare una reale differenza nella crescita e nella forza dei capelli. In genere \u00e8 necessario utilizzare il trattamento per diverse settimane prima di notare una reale differenza nella crescita e nella forza dei capelli. Inoltre, l'efficacia pu\u00f2 variare a seconda della causa alla base del problema dei capelli.<\/p>","protected":false},"excerpt":{"rendered":"<p><strong>Caratteristiche :<\/strong><\/p>\n<ul>\n<li>Aiuta a rigenerare il bulbo; ;<\/li>\n<li>Favorisce la ricrescita; ;<\/li>\n<li>Rafforza e stimola la crescita; ;<\/li>\n<li>Rafforza e ripara ;<\/li>\n<li>Idrata e nutre; ;<\/li>\n<li>Densifica, ripristina la forza e la lucentezza; ;<\/li>\n<li>Arresta la caduta dei capelli.<\/li>\n<\/ul>","protected":false},"featured_media":8974,"template":"","meta":[],"product_brand":[],"product_cat":[146,122],"product_tag":[],"class_list":{"0":"post-8973","1":"product","2":"type-product","3":"status-publish","4":"has-post-thumbnail","6":"product_cat-produit-cheveux","7":"product_cat-huile-vegetale","9":"first","10":"outofstock","11":"shipping-taxable","12":"purchasable","13":"product-type-simple"},"yoast_head":"<!-- This site is optimized with the Yoast SEO plugin v26.6 - https:\/\/yoast.com\/wordpress\/plugins\/seo\/ -->\n<title>S\u00e9rum pousse-cheveux | Anti-chute cheveux naturel | 50ml<\/title>\n<meta name=\"description\" content=\"Ici, nous allons explorer les bienfaits du s\u00e9rum pousse-cheveux 1001 vertus, ainsi que les ingr\u00e9dients cl\u00e9s qu&#039;il poss\u00e8de.\" \/>\n<meta name=\"robots\" content=\"index, follow, max-snippet:-1, max-image-preview:large, max-video-preview:-1\" \/>\n<link rel=\"canonical\" href=\"https:\/\/www.safinel.fr\/it\/prodotto\/siero-per-la-crescita-dei-capelli\/\" \/>\n<meta property=\"og:locale\" content=\"it_IT\" \/>\n<meta property=\"og:type\" content=\"article\" \/>\n<meta property=\"og:title\" content=\"S\u00e9rum pousse-cheveux | Anti-chute cheveux naturel | 50ml\" \/>\n<meta property=\"og:description\" content=\"Ici, nous allons explorer les bienfaits du s\u00e9rum pousse-cheveux 1001 vertus, ainsi que les ingr\u00e9dients cl\u00e9s qu&#039;il poss\u00e8de.\" \/>\n<meta property=\"og:url\" content=\"https:\/\/www.safinel.fr\/it\/prodotto\/siero-per-la-crescita-dei-capelli\/\" \/>\n<meta property=\"og:site_name\" content=\"Safinel\" \/>\n<meta property=\"article:modified_time\" content=\"2024-03-04T17:09:01+00:00\" \/>\n<meta property=\"og:image\" content=\"https:\/\/www.safinel.fr\/wp-content\/uploads\/2023\/10\/incroyable-serum-repousse-cheveux.webp\" \/>\n\t<meta property=\"og:image:width\" content=\"600\" \/>\n\t<meta property=\"og:image:height\" content=\"600\" \/>\n\t<meta property=\"og:image:type\" content=\"image\/webp\" \/>\n<meta name=\"twitter:card\" content=\"summary_large_image\" \/>\n<meta name=\"twitter:label1\" content=\"Tempo di lettura stimato\" \/>\n\t<meta name=\"twitter:data1\" content=\"4 minuti\" \/>\n<script type=\"application\/ld+json\" class=\"yoast-schema-graph\">{\"@context\":\"https:\/\/schema.org\",\"@graph\":[{\"@type\":\"WebPage\",\"@id\":\"https:\/\/www.safinel.fr\/produit\/serum-pousse-cheveux\/\",\"url\":\"https:\/\/www.safinel.fr\/produit\/serum-pousse-cheveux\/\",\"name\":\"S\u00e9rum pousse-cheveux | Anti-chute cheveux naturel | 50ml\",\"isPartOf\":{\"@id\":\"https:\/\/www.safinel.fr\/#website\"},\"primaryImageOfPage\":{\"@id\":\"https:\/\/www.safinel.fr\/produit\/serum-pousse-cheveux\/#primaryimage\"},\"image\":{\"@id\":\"https:\/\/www.safinel.fr\/produit\/serum-pousse-cheveux\/#primaryimage\"},\"thumbnailUrl\":\"https:\/\/www.safinel.fr\/wp-content\/uploads\/2023\/10\/incroyable-serum-repousse-cheveux.webp\",\"datePublished\":\"2023-10-13T11:12:56+00:00\",\"dateModified\":\"2024-03-04T17:09:01+00:00\",\"description\":\"Ici, nous allons explorer les bienfaits du s\u00e9rum pousse-cheveux 1001 vertus, ainsi que les ingr\u00e9dients cl\u00e9s qu'il poss\u00e8de.\",\"breadcrumb\":{\"@id\":\"https:\/\/www.safinel.fr\/produit\/serum-pousse-cheveux\/#breadcrumb\"},\"inLanguage\":\"it-IT\",\"potentialAction\":[{\"@type\":\"ReadAction\",\"target\":[\"https:\/\/www.safinel.fr\/produit\/serum-pousse-cheveux\/\"]}]},{\"@type\":\"ImageObject\",\"inLanguage\":\"it-IT\",\"@id\":\"https:\/\/www.safinel.fr\/produit\/serum-pousse-cheveux\/#primaryimage\",\"url\":\"https:\/\/www.safinel.fr\/wp-content\/uploads\/2023\/10\/incroyable-serum-repousse-cheveux.webp\",\"contentUrl\":\"https:\/\/www.safinel.fr\/wp-content\/uploads\/2023\/10\/incroyable-serum-repousse-cheveux.webp\",\"width\":600,\"height\":600,\"caption\":\"s\u00e9rum pousse-cheveux\"},{\"@type\":\"BreadcrumbList\",\"@id\":\"https:\/\/www.safinel.fr\/produit\/serum-pousse-cheveux\/#breadcrumb\",\"itemListElement\":[{\"@type\":\"ListItem\",\"position\":1,\"name\":\"Accueil\",\"item\":\"https:\/\/www.safinel.fr\/\"},{\"@type\":\"ListItem\",\"position\":2,\"name\":\"Boutique\",\"item\":\"https:\/\/www.safinel.fr\/boutique\/\"},{\"@type\":\"ListItem\",\"position\":3,\"name\":\"L&#8217;incroyable s\u00e9rum repousse 50ml &#8211; 1001 Vertus\"}]},{\"@type\":\"WebSite\",\"@id\":\"https:\/\/www.safinel.fr\/#website\",\"url\":\"https:\/\/www.safinel.fr\/\",\"name\":\"Safinel\",\"description\":\"\",\"publisher\":{\"@id\":\"https:\/\/www.safinel.fr\/#organization\"},\"potentialAction\":[{\"@type\":\"SearchAction\",\"target\":{\"@type\":\"EntryPoint\",\"urlTemplate\":\"https:\/\/www.safinel.fr\/?s={search_term_string}\"},\"query-input\":{\"@type\":\"PropertyValueSpecification\",\"valueRequired\":true,\"valueName\":\"search_term_string\"}}],\"inLanguage\":\"it-IT\"},{\"@type\":\"Organization\",\"@id\":\"https:\/\/www.safinel.fr\/#organization\",\"name\":\"Safinel\",\"url\":\"https:\/\/www.safinel.fr\/\",\"logo\":{\"@type\":\"ImageObject\",\"inLanguage\":\"it-IT\",\"@id\":\"https:\/\/www.safinel.fr\/#\/schema\/logo\/image\/\",\"url\":\"https:\/\/www.safinel.fr\/wp-content\/uploads\/2021\/05\/boutique-cosmetique.png\",\"contentUrl\":\"https:\/\/www.safinel.fr\/wp-content\/uploads\/2021\/05\/boutique-cosmetique.png\",\"width\":800,\"height\":200,\"caption\":\"Safinel\"},\"image\":{\"@id\":\"https:\/\/www.safinel.fr\/#\/schema\/logo\/image\/\"}}]}<\/script>\n<!-- \/ Yoast SEO plugin. -->","yoast_head_json":{"title":"Siero per la crescita dei capelli | Prevenzione naturale della caduta dei capelli | 50ml","description":"Qui esploreremo i benefici del siero spingi-capelli 1001 vertus e gli ingredienti chiave che contiene.","robots":{"index":"index","follow":"follow","max-snippet":"max-snippet:-1","max-image-preview":"max-image-preview:large","max-video-preview":"max-video-preview:-1"},"canonical":"https:\/\/www.safinel.fr\/it\/prodotto\/siero-per-la-crescita-dei-capelli\/","og_locale":"it_IT","og_type":"article","og_title":"S\u00e9rum pousse-cheveux | Anti-chute cheveux naturel | 50ml","og_description":"Ici, nous allons explorer les bienfaits du s\u00e9rum pousse-cheveux 1001 vertus, ainsi que les ingr\u00e9dients cl\u00e9s qu'il poss\u00e8de.","og_url":"https:\/\/www.safinel.fr\/it\/prodotto\/siero-per-la-crescita-dei-capelli\/","og_site_name":"Safinel","article_modified_time":"2024-03-04T17:09:01+00:00","og_image":[{"width":600,"height":600,"url":"https:\/\/www.safinel.fr\/wp-content\/uploads\/2023\/10\/incroyable-serum-repousse-cheveux.webp","type":"image\/webp"}],"twitter_card":"summary_large_image","twitter_misc":{"Tempo di lettura stimato":"4 minuti"},"schema":{"@context":"https:\/\/schema.org","@graph":[{"@type":"WebPage","@id":"https:\/\/www.safinel.fr\/produit\/serum-pousse-cheveux\/","url":"https:\/\/www.safinel.fr\/produit\/serum-pousse-cheveux\/","name":"Siero per la crescita dei capelli | Prevenzione naturale della caduta dei capelli | 50ml","isPartOf":{"@id":"https:\/\/www.safinel.fr\/#website"},"primaryImageOfPage":{"@id":"https:\/\/www.safinel.fr\/produit\/serum-pousse-cheveux\/#primaryimage"},"image":{"@id":"https:\/\/www.safinel.fr\/produit\/serum-pousse-cheveux\/#primaryimage"},"thumbnailUrl":"https:\/\/www.safinel.fr\/wp-content\/uploads\/2023\/10\/incroyable-serum-repousse-cheveux.webp","datePublished":"2023-10-13T11:12:56+00:00","dateModified":"2024-03-04T17:09:01+00:00","description":"Qui esploreremo i benefici del siero spingi-capelli 1001 vertus e gli ingredienti chiave che contiene.","breadcrumb":{"@id":"https:\/\/www.safinel.fr\/produit\/serum-pousse-cheveux\/#breadcrumb"},"inLanguage":"it-IT","potentialAction":[{"@type":"ReadAction","target":["https:\/\/www.safinel.fr\/produit\/serum-pousse-cheveux\/"]}]},{"@type":"ImageObject","inLanguage":"it-IT","@id":"https:\/\/www.safinel.fr\/produit\/serum-pousse-cheveux\/#primaryimage","url":"https:\/\/www.safinel.fr\/wp-content\/uploads\/2023\/10\/incroyable-serum-repousse-cheveux.webp","contentUrl":"https:\/\/www.safinel.fr\/wp-content\/uploads\/2023\/10\/incroyable-serum-repousse-cheveux.webp","width":600,"height":600,"caption":"s\u00e9rum pousse-cheveux"},{"@type":"BreadcrumbList","@id":"https:\/\/www.safinel.fr\/produit\/serum-pousse-cheveux\/#breadcrumb","itemListElement":[{"@type":"ListItem","position":1,"name":"Accueil","item":"https:\/\/www.safinel.fr\/"},{"@type":"ListItem","position":2,"name":"Boutique","item":"https:\/\/www.safinel.fr\/boutique\/"},{"@type":"ListItem","position":3,"name":"L&#8217;incroyable s\u00e9rum repousse 50ml &#8211; 1001 Vertus"}]},{"@type":"WebSite","@id":"https:\/\/www.safinel.fr\/#website","url":"https:\/\/www.safinel.fr\/","name":"Safinel","description":"","publisher":{"@id":"https:\/\/www.safinel.fr\/#organization"},"potentialAction":[{"@type":"SearchAction","target":{"@type":"EntryPoint","urlTemplate":"https:\/\/www.safinel.fr\/?s={search_term_string}"},"query-input":{"@type":"PropertyValueSpecification","valueRequired":true,"valueName":"search_term_string"}}],"inLanguage":"it-IT"},{"@type":"Organization","@id":"https:\/\/www.safinel.fr\/#organization","name":"Safinel","url":"https:\/\/www.safinel.fr\/","logo":{"@type":"ImageObject","inLanguage":"it-IT","@id":"https:\/\/www.safinel.fr\/#\/schema\/logo\/image\/","url":"https:\/\/www.safinel.fr\/wp-content\/uploads\/2021\/05\/boutique-cosmetique.png","contentUrl":"https:\/\/www.safinel.fr\/wp-content\/uploads\/2021\/05\/boutique-cosmetique.png","width":800,"height":200,"caption":"Safinel"},"image":{"@id":"https:\/\/www.safinel.fr\/#\/schema\/logo\/image\/"}}]}},"_links":{"self":[{"href":"https:\/\/www.safinel.fr\/it\/wp-json\/wp\/v2\/product\/8973","targetHints":{"allow":["GET"]}}],"collection":[{"href":"https:\/\/www.safinel.fr\/it\/wp-json\/wp\/v2\/product"}],"about":[{"href":"https:\/\/www.safinel.fr\/it\/wp-json\/wp\/v2\/types\/product"}],"wp:featuredmedia":[{"embeddable":true,"href":"https:\/\/www.safinel.fr\/it\/wp-json\/wp\/v2\/media\/8974"}],"wp:attachment":[{"href":"https:\/\/www.safinel.fr\/it\/wp-json\/wp\/v2\/media?parent=8973"}],"wp:term":[{"taxonomy":"product_brand","embeddable":true,"href":"https:\/\/www.safinel.fr\/it\/wp-json\/wp\/v2\/product_brand?post=8973"},{"taxonomy":"product_cat","embeddable":true,"href":"https:\/\/www.safinel.fr\/it\/wp-json\/wp\/v2\/product_cat?post=8973"},{"taxonomy":"product_tag","embeddable":true,"href":"https:\/\/www.safinel.fr\/it\/wp-json\/wp\/v2\/product_tag?post=8973"}],"curies":[{"name":"wp","href":"https:\/\/api.w.org\/{rel}","templated":true}]}}