{"id":891,"date":"2022-02-26T10:07:09","date_gmt":"2022-02-26T10:07:09","guid":{"rendered":"https:\/\/www.safinel.fr\/?post_type=product&#038;p=891"},"modified":"2023-12-28T17:15:13","modified_gmt":"2023-12-28T17:15:13","slug":"rosa-di-gerico-chajarat-mariam","status":"publish","type":"product","link":"https:\/\/www.safinel.fr\/it\/prodotto\/rosa-di-gerico-chajarat-mariam\/","title":{"rendered":"Rosa di Gerico (Chajarat mariam)"},"content":{"rendered":"<p><strong>Sia chiaro: la Rosa di Gerico non \u00e8 una rosa vera e propria.<\/strong>. Prende il nome da un mito biblico, la citt\u00e0 di Gerico, considerata la citt\u00e0 della \u00abrinascita\u00bb.<\/p>\n<p>In realt\u00e0,\u00a0<strong>Chajarat Mariam<\/strong>\u00a0\u00e8 una pianta del deserto. Di colore brunastro quando \u00e8 secca, diventa verde e dispiega le sue foglie a contatto con l'acqua. Grazie alla sua capacit\u00e0 di adattamento, pu\u00f2 sopravvivere per mesi o addirittura anni senza essere idratata.<\/p>\n<p>Nei paesi desertici \u00e8 stata usata per secoli a scopo medicinale. Nelle zone rurali dei Paesi arabi \u00e8 un rimedio per le donne che partoriscono senza assistenza medica.<\/p>\n<p>Cresce soprattutto in Medio Oriente e in Messico. Rinomata per la sua\u00a0<strong>benefici per la fertilit\u00e0<\/strong>, Viene importato in molti paesi del mondo.<\/p>\n<p>Il Chajarat Mariam \u00e8 sorprendente. Dall'aspetto all'uso, senza dimenticare le sue origini e i miti che la circondano, tutto fa pensare che questa felce del deserto nasconda un tesoro.\u00a0<strong>Un tesoro di donne.<\/strong><\/p>\n<h2><strong>Perch\u00e9 non scoprire di pi\u00f9 su di lei?<\/strong><\/h2>\n<h3><strong>Gli effetti di Chajarat Mariam sulla femminilit\u00e0<\/strong><\/h3>\n<p>Chajarat Mariam \u00e8 un'amica intima delle donne. \u00c8:<\/p>\n<ul>\n<li>Stimola la fertilit\u00e0 nelle donne (e negli uomini!);<\/li>\n<li>Aiuta il periodo di ovulazione;<\/li>\n<li>Facilita il parto; ;<\/li>\n<li>Lenisce i disagi e i disturbi provocati dalla <a href=\"https:\/\/www.safinel.fr\/it\/prodotto\/colla-stringere\/\"><strong>menopausa<\/strong><\/a>\u00a0;<\/li>\n<li>Regola il ciclo mestruale;<\/li>\n<li>Lenisce il dolore al seno;<\/li>\n<li>Riduce i sintomi della sindrome premestruale;<\/li>\n<\/ul>\n<p><strong>La Rosa di Gerico \u00e8 l'alleata di una donna per tutta la vita.<\/strong>\u00a0\u00c8 con voi ad ogni passo. Portarlo con s\u00e9 pu\u00f2 prevenire molti disturbi quotidiani.<\/p>\n<h2><strong>Come si usa la Rosa di Gerico?<\/strong><\/h2>\n<p>Esistono due modi principali di utilizzare il Chajarat Mariam. Entrambi sono infusi, preparati in modi diversi.<\/p>\n<h3><strong>Primo metodo di utilizzo della Rosa di Gerico<\/strong><\/h3>\n<p>Questo metodo pu\u00f2 essere utilizzato solo per una singola infusione.<\/p>\n<ul>\n<li>Far bollire l'acqua;<\/li>\n<li>Aspettate che la temperatura scenda a 40 gradi;<\/li>\n<li>Mettete la pianta a terra e lasciatela riposare per qualche minuto;<\/li>\n<li>Rimuovere e spremere tutta l'acqua;<\/li>\n<li>Bere il decotto;<\/li>\n<\/ul>\n<h3><strong>Secondo metodo di utilizzo del Chajarat Mariam<\/strong><\/h3>\n<ul>\n<li>Mettete la pianta in un contenitore d'acqua a temperatura ambiente.<\/li>\n<li>Aspettate che la pianta si apra<\/li>\n<li>Rimuovere la pianta e lasciarla asciugare<\/li>\n<li>Riscaldare l'acqua a non pi\u00f9 di 40\u00b0C<\/li>\n<li>Bere la miscela<\/li>\n<\/ul>\n<p>Il Lalla Mariam pu\u00f2 essere riutilizzato pi\u00f9 volte se preparato in questo modo.<\/p>\n<h2><strong>Altri benefici della Rosa di Gerico<\/strong><\/h2>\n<p>La Rosa di Gerico \u00e8 l'amica intima di una donna, ma non l'unica!<\/p>\n<ul>\n<li>Propriet\u00e0 epatoprotettive: protegge il fegato da infezioni e malattie;<\/li>\n<li>Propriet\u00e0 diuretiche: stimola i reni e favorisce la produzione di urina;<\/li>\n<li>Efficace in caso di ritenzione idrica;<\/li>\n<li>Effetto positivo sul diabete: regola i livelli di zucchero nel sangue e abbassa i livelli di glucosio;<\/li>\n<\/ul>\n<p>\u00c8 un vero tesoro per la salute, soprattutto per le donne.<strong>Cosa aspettate a godere dei benefici della Rosa di Gerico?<\/strong><\/p>","protected":false},"excerpt":{"rendered":"<p>Il sacchetto contiene una o due rose, a seconda delle dimensioni. Una rosa pu\u00f2 essere utilizzata per preparare diverse tisane, quindi \u00e8 possibile tagliarla in pi\u00f9 parti.<\/p>","protected":false},"featured_media":892,"template":"","meta":[],"product_brand":[],"product_cat":[15],"product_tag":[],"class_list":{"0":"post-891","1":"product","2":"type-product","3":"status-publish","4":"has-post-thumbnail","6":"product_cat-fertilite","8":"first","9":"instock","10":"shipping-taxable","11":"purchasable","12":"product-type-simple"},"yoast_head":"<!-- This site is optimized with the Yoast SEO plugin v26.6 - https:\/\/yoast.com\/wordpress\/plugins\/seo\/ -->\n<title>Rose de Jericho | Chajarat mariam | Plante luttant contre l&#039;infertilit\u00e9<\/title>\n<meta name=\"description\" content=\"Chajarat Mariam ou Rose de Jericho\u00a0est une plante du d\u00e9sert de couleur brun\u00e2tre. R\u00e9put\u00e9e pour ses\u00a0bienfaits sur la fertilit\u00e9.\" \/>\n<meta name=\"robots\" content=\"index, follow, max-snippet:-1, max-image-preview:large, max-video-preview:-1\" \/>\n<link rel=\"canonical\" href=\"https:\/\/www.safinel.fr\/it\/prodotto\/rosa-di-gerico-chajarat-mariam\/\" \/>\n<meta property=\"og:locale\" content=\"it_IT\" \/>\n<meta property=\"og:type\" content=\"article\" \/>\n<meta property=\"og:title\" content=\"Rose de Jericho | Chajarat mariam | Plante luttant contre l&#039;infertilit\u00e9\" \/>\n<meta property=\"og:description\" content=\"Chajarat Mariam ou Rose de Jericho\u00a0est une plante du d\u00e9sert de couleur brun\u00e2tre. R\u00e9put\u00e9e pour ses\u00a0bienfaits sur la fertilit\u00e9.\" \/>\n<meta property=\"og:url\" content=\"https:\/\/www.safinel.fr\/it\/prodotto\/rosa-di-gerico-chajarat-mariam\/\" \/>\n<meta property=\"og:site_name\" content=\"Safinel\" \/>\n<meta property=\"article:modified_time\" content=\"2023-12-28T17:15:13+00:00\" \/>\n<meta property=\"og:image\" content=\"https:\/\/www.safinel.fr\/wp-content\/uploads\/2022\/02\/rose-de-jericho.jpg\" \/>\n\t<meta property=\"og:image:width\" content=\"600\" \/>\n\t<meta property=\"og:image:height\" content=\"600\" \/>\n\t<meta property=\"og:image:type\" content=\"image\/jpeg\" \/>\n<meta name=\"twitter:card\" content=\"summary_large_image\" \/>\n<meta name=\"twitter:label1\" content=\"Tempo di lettura stimato\" \/>\n\t<meta name=\"twitter:data1\" content=\"3 minuti\" \/>\n<script type=\"application\/ld+json\" class=\"yoast-schema-graph\">{\"@context\":\"https:\/\/schema.org\",\"@graph\":[{\"@type\":\"WebPage\",\"@id\":\"https:\/\/www.safinel.fr\/produit\/rose-de-jericho-chajarat-mariam\/\",\"url\":\"https:\/\/www.safinel.fr\/produit\/rose-de-jericho-chajarat-mariam\/\",\"name\":\"Rose de Jericho | Chajarat mariam | Plante luttant contre l'infertilit\u00e9\",\"isPartOf\":{\"@id\":\"https:\/\/www.safinel.fr\/#website\"},\"primaryImageOfPage\":{\"@id\":\"https:\/\/www.safinel.fr\/produit\/rose-de-jericho-chajarat-mariam\/#primaryimage\"},\"image\":{\"@id\":\"https:\/\/www.safinel.fr\/produit\/rose-de-jericho-chajarat-mariam\/#primaryimage\"},\"thumbnailUrl\":\"https:\/\/www.safinel.fr\/wp-content\/uploads\/2022\/02\/rose-de-jericho.jpg\",\"datePublished\":\"2022-02-26T10:07:09+00:00\",\"dateModified\":\"2023-12-28T17:15:13+00:00\",\"description\":\"Chajarat Mariam ou Rose de Jericho\u00a0est une plante du d\u00e9sert de couleur brun\u00e2tre. R\u00e9put\u00e9e pour ses\u00a0bienfaits sur la fertilit\u00e9.\",\"breadcrumb\":{\"@id\":\"https:\/\/www.safinel.fr\/produit\/rose-de-jericho-chajarat-mariam\/#breadcrumb\"},\"inLanguage\":\"it-IT\",\"potentialAction\":[{\"@type\":\"ReadAction\",\"target\":[\"https:\/\/www.safinel.fr\/produit\/rose-de-jericho-chajarat-mariam\/\"]}]},{\"@type\":\"ImageObject\",\"inLanguage\":\"it-IT\",\"@id\":\"https:\/\/www.safinel.fr\/produit\/rose-de-jericho-chajarat-mariam\/#primaryimage\",\"url\":\"https:\/\/www.safinel.fr\/wp-content\/uploads\/2022\/02\/rose-de-jericho.jpg\",\"contentUrl\":\"https:\/\/www.safinel.fr\/wp-content\/uploads\/2022\/02\/rose-de-jericho.jpg\",\"width\":600,\"height\":600,\"caption\":\"Rose de Jericho (Chajarat mariam)\"},{\"@type\":\"BreadcrumbList\",\"@id\":\"https:\/\/www.safinel.fr\/produit\/rose-de-jericho-chajarat-mariam\/#breadcrumb\",\"itemListElement\":[{\"@type\":\"ListItem\",\"position\":1,\"name\":\"Accueil\",\"item\":\"https:\/\/www.safinel.fr\/\"},{\"@type\":\"ListItem\",\"position\":2,\"name\":\"Boutique\",\"item\":\"https:\/\/www.safinel.fr\/boutique\/\"},{\"@type\":\"ListItem\",\"position\":3,\"name\":\"Rose de Jericho (Chajarat mariam)\"}]},{\"@type\":\"WebSite\",\"@id\":\"https:\/\/www.safinel.fr\/#website\",\"url\":\"https:\/\/www.safinel.fr\/\",\"name\":\"Safinel\",\"description\":\"\",\"publisher\":{\"@id\":\"https:\/\/www.safinel.fr\/#organization\"},\"potentialAction\":[{\"@type\":\"SearchAction\",\"target\":{\"@type\":\"EntryPoint\",\"urlTemplate\":\"https:\/\/www.safinel.fr\/?s={search_term_string}\"},\"query-input\":{\"@type\":\"PropertyValueSpecification\",\"valueRequired\":true,\"valueName\":\"search_term_string\"}}],\"inLanguage\":\"it-IT\"},{\"@type\":\"Organization\",\"@id\":\"https:\/\/www.safinel.fr\/#organization\",\"name\":\"Safinel\",\"url\":\"https:\/\/www.safinel.fr\/\",\"logo\":{\"@type\":\"ImageObject\",\"inLanguage\":\"it-IT\",\"@id\":\"https:\/\/www.safinel.fr\/#\/schema\/logo\/image\/\",\"url\":\"https:\/\/www.safinel.fr\/wp-content\/uploads\/2021\/05\/boutique-cosmetique.png\",\"contentUrl\":\"https:\/\/www.safinel.fr\/wp-content\/uploads\/2021\/05\/boutique-cosmetique.png\",\"width\":800,\"height\":200,\"caption\":\"Safinel\"},\"image\":{\"@id\":\"https:\/\/www.safinel.fr\/#\/schema\/logo\/image\/\"}}]}<\/script>\n<!-- \/ Yoast SEO plugin. -->","yoast_head_json":{"title":"Rosa di Gerico | Chajarat mariam | Pianta dell'infertilit\u00e0","description":"La Chajarat Mariam o Rosa di Gerico \u00e8 una pianta del deserto di colore bruno. Rinomata per le sue propriet\u00e0 stimolanti per la fertilit\u00e0.","robots":{"index":"index","follow":"follow","max-snippet":"max-snippet:-1","max-image-preview":"max-image-preview:large","max-video-preview":"max-video-preview:-1"},"canonical":"https:\/\/www.safinel.fr\/it\/prodotto\/rosa-di-gerico-chajarat-mariam\/","og_locale":"it_IT","og_type":"article","og_title":"Rose de Jericho | Chajarat mariam | Plante luttant contre l'infertilit\u00e9","og_description":"Chajarat Mariam ou Rose de Jericho\u00a0est une plante du d\u00e9sert de couleur brun\u00e2tre. R\u00e9put\u00e9e pour ses\u00a0bienfaits sur la fertilit\u00e9.","og_url":"https:\/\/www.safinel.fr\/it\/prodotto\/rosa-di-gerico-chajarat-mariam\/","og_site_name":"Safinel","article_modified_time":"2023-12-28T17:15:13+00:00","og_image":[{"width":600,"height":600,"url":"https:\/\/www.safinel.fr\/wp-content\/uploads\/2022\/02\/rose-de-jericho.jpg","type":"image\/jpeg"}],"twitter_card":"summary_large_image","twitter_misc":{"Tempo di lettura stimato":"3 minuti"},"schema":{"@context":"https:\/\/schema.org","@graph":[{"@type":"WebPage","@id":"https:\/\/www.safinel.fr\/produit\/rose-de-jericho-chajarat-mariam\/","url":"https:\/\/www.safinel.fr\/produit\/rose-de-jericho-chajarat-mariam\/","name":"Rosa di Gerico | Chajarat mariam | Pianta dell'infertilit\u00e0","isPartOf":{"@id":"https:\/\/www.safinel.fr\/#website"},"primaryImageOfPage":{"@id":"https:\/\/www.safinel.fr\/produit\/rose-de-jericho-chajarat-mariam\/#primaryimage"},"image":{"@id":"https:\/\/www.safinel.fr\/produit\/rose-de-jericho-chajarat-mariam\/#primaryimage"},"thumbnailUrl":"https:\/\/www.safinel.fr\/wp-content\/uploads\/2022\/02\/rose-de-jericho.jpg","datePublished":"2022-02-26T10:07:09+00:00","dateModified":"2023-12-28T17:15:13+00:00","description":"La Chajarat Mariam o Rosa di Gerico \u00e8 una pianta del deserto di colore bruno. Rinomata per le sue propriet\u00e0 stimolanti per la fertilit\u00e0.","breadcrumb":{"@id":"https:\/\/www.safinel.fr\/produit\/rose-de-jericho-chajarat-mariam\/#breadcrumb"},"inLanguage":"it-IT","potentialAction":[{"@type":"ReadAction","target":["https:\/\/www.safinel.fr\/produit\/rose-de-jericho-chajarat-mariam\/"]}]},{"@type":"ImageObject","inLanguage":"it-IT","@id":"https:\/\/www.safinel.fr\/produit\/rose-de-jericho-chajarat-mariam\/#primaryimage","url":"https:\/\/www.safinel.fr\/wp-content\/uploads\/2022\/02\/rose-de-jericho.jpg","contentUrl":"https:\/\/www.safinel.fr\/wp-content\/uploads\/2022\/02\/rose-de-jericho.jpg","width":600,"height":600,"caption":"Rose de Jericho (Chajarat mariam)"},{"@type":"BreadcrumbList","@id":"https:\/\/www.safinel.fr\/produit\/rose-de-jericho-chajarat-mariam\/#breadcrumb","itemListElement":[{"@type":"ListItem","position":1,"name":"Accueil","item":"https:\/\/www.safinel.fr\/"},{"@type":"ListItem","position":2,"name":"Boutique","item":"https:\/\/www.safinel.fr\/boutique\/"},{"@type":"ListItem","position":3,"name":"Rose de Jericho (Chajarat mariam)"}]},{"@type":"WebSite","@id":"https:\/\/www.safinel.fr\/#website","url":"https:\/\/www.safinel.fr\/","name":"Safinel","description":"","publisher":{"@id":"https:\/\/www.safinel.fr\/#organization"},"potentialAction":[{"@type":"SearchAction","target":{"@type":"EntryPoint","urlTemplate":"https:\/\/www.safinel.fr\/?s={search_term_string}"},"query-input":{"@type":"PropertyValueSpecification","valueRequired":true,"valueName":"search_term_string"}}],"inLanguage":"it-IT"},{"@type":"Organization","@id":"https:\/\/www.safinel.fr\/#organization","name":"Safinel","url":"https:\/\/www.safinel.fr\/","logo":{"@type":"ImageObject","inLanguage":"it-IT","@id":"https:\/\/www.safinel.fr\/#\/schema\/logo\/image\/","url":"https:\/\/www.safinel.fr\/wp-content\/uploads\/2021\/05\/boutique-cosmetique.png","contentUrl":"https:\/\/www.safinel.fr\/wp-content\/uploads\/2021\/05\/boutique-cosmetique.png","width":800,"height":200,"caption":"Safinel"},"image":{"@id":"https:\/\/www.safinel.fr\/#\/schema\/logo\/image\/"}}]}},"_links":{"self":[{"href":"https:\/\/www.safinel.fr\/it\/wp-json\/wp\/v2\/product\/891","targetHints":{"allow":["GET"]}}],"collection":[{"href":"https:\/\/www.safinel.fr\/it\/wp-json\/wp\/v2\/product"}],"about":[{"href":"https:\/\/www.safinel.fr\/it\/wp-json\/wp\/v2\/types\/product"}],"wp:featuredmedia":[{"embeddable":true,"href":"https:\/\/www.safinel.fr\/it\/wp-json\/wp\/v2\/media\/892"}],"wp:attachment":[{"href":"https:\/\/www.safinel.fr\/it\/wp-json\/wp\/v2\/media?parent=891"}],"wp:term":[{"taxonomy":"product_brand","embeddable":true,"href":"https:\/\/www.safinel.fr\/it\/wp-json\/wp\/v2\/product_brand?post=891"},{"taxonomy":"product_cat","embeddable":true,"href":"https:\/\/www.safinel.fr\/it\/wp-json\/wp\/v2\/product_cat?post=891"},{"taxonomy":"product_tag","embeddable":true,"href":"https:\/\/www.safinel.fr\/it\/wp-json\/wp\/v2\/product_tag?post=891"}],"curies":[{"name":"wp","href":"https:\/\/api.w.org\/{rel}","templated":true}]}}