{"id":873,"date":"2022-02-24T09:27:51","date_gmt":"2022-02-24T09:27:51","guid":{"rendered":"https:\/\/www.safinel.fr\/?post_type=product&#038;p=873"},"modified":"2025-05-04T15:36:15","modified_gmt":"2025-05-04T15:36:15","slug":"gimnema","status":"publish","type":"product","link":"https:\/\/www.safinel.fr\/it\/prodotto\/gimnema\/","title":{"rendered":"Gymnema 100g"},"content":{"rendered":"<p>Ma cos'\u00e8 questo strano\u00a0<strong>pianta ayurvedica\u00a0<\/strong>che si \u00e8 appena unito ai ranghi di Safinel? Visitare\u00a0<strong>Gymnema Sylvestre<\/strong>\u00a0\u00e8 un\u00a0<strong>integratore alimentare<\/strong>\u00a0che contribuisce alla nostra dieta sana. E in particolare a\u00a0<strong>ridurre il desiderio di zucchero<\/strong>\u00a0! Come funziona? Quali sono i suoi vantaggi? Ve lo diciamo subito!<\/p>\n<h2><strong>Gymnema sylvestre: la pianta che distrugge... lo zucchero!\u00a0<\/strong><\/h2>\n<p>Originaria dell'India e utilizzata da oltre 1.500 anni nella medicina ayurvedica, questa pianta \u00e8 conosciuta con molti nomi.\u00a0<strong>Shardunika<\/strong>, o\u00a0<strong>Gurmar<\/strong>, che significa \u00abdistrugge lo zucchero\u00bb. Il che ci dice molto sul suo utilizzo! I pi\u00f9 allegri lo chiamano anche \u00ab<strong>\u00a0frutta miracolosa<\/strong>\u00a0\u00bb. Va detto, per\u00f2, che la sua ampia gamma di propriet\u00e0 ci lascia perplessi.<\/p>\n<p>La gymnema \u00e8 anche ampiamente utilizzata dai medici indiani. La usano per trattare\u00a0<strong>Madhu Meha<\/strong>, che letteralmente significa \u00aburina di miele\u00bb. In altre parole, contro\u00a0<strong>diabete mellito<\/strong>.<\/p>\n<p>\u00c8 importante notare, tuttavia, che noi di Safinel non abbiamo selezionato questo prodotto per la nostra gamma.\u00a0<strong>complemento naturale\u00a0<\/strong>al caso. Infatti, \u00e8 stato oggetto di ricerche che ne hanno dimostrato l'azione come\u2019<strong>inibitore dello zucchero.\u00a0<\/strong><\/p>\n<h2><strong>Quali sono i benefici della Gymnema per l'organismo?\u00a0<\/strong><\/h2>\n<p>Le propriet\u00e0 di questo<strong>\u00a0pianta medicinale<\/strong>\u00a0sono dovuti alla\u2019<strong>acido gimnemico<\/strong>, che \u00e8 il suo principale principio attivo.<\/p>\n<p>Ecco come funzionano queste foglie:<\/p>\n<ul>\n<li>Riducono il desiderio di consumare zucchero; ;<\/li>\n<li>Inoltre, possono essere utilizzati nell'ambito di un programma di controllo del peso, in particolare riducendo l'apporto calorico. Ma possono anche essere utilizzati per ridurre l'appetito in generale e il rischio di diarrea.\u00a0<a href=\"https:\/\/manelya.com\/produit\/huile-de-fenugrec-pression-a-froid\/\" target=\"_blank\" rel=\"noopener\"><strong>fieno greco<\/strong><\/a>\u00a0;<\/li>\n<li>Contribuisce al mantenimento di livelli normali di glucosio nel sangue nei diabetici di tipo 1 e 2; ;<\/li>\n<li>Hanno un'azione antiossidante; ;<\/li>\n<li>Inoltre, aiutano a rigenerare le cellule che sintetizzano l'insulina; ;<\/li>\n<li>Si tratta di un\u00a0<strong>integratore alimentare naturale per combattere la voglia di spuntini.\u00a0<\/strong><\/li>\n<\/ul>\n<p>Come potete vedere, questa pianta \u00e8 un vero e proprio<strong>\u00a0un alleato per i diabetici<\/strong>. Ma anche per chi aspira a\u00a0<strong>ridurre l'assunzione di zucchero<\/strong>. Cos\u00ec come per coloro che hanno l'obiettivo di\u00a0<a href=\"https:\/\/www.safinel.fr\/it\/prodotto\/gambi-di-ciliegio\/\"><strong>perdita di peso<\/strong><\/a>.<\/p>\n<p>Con lo stesso obiettivo, il<strong>\u00a0cola piccola\u00a0<\/strong>\u00e8 consigliato anche nell'ambito di un programma di perdita di peso, come\u00a0<strong>Soppressore dell'appetito<\/strong>.<\/p>\n<h2><strong>La tisana che fa bene: come usarla\u00a0<\/strong><\/h2>\n<p>Il nostro\u00a0<strong>boutique del benessere online\u00a0<\/strong>vi offre la gymnema sylvestre nella sua forma pi\u00f9 naturale: in\u00a0<strong>foglie<\/strong>.<\/p>\n<p>Quindi potete prendere questo\u00a0<strong>distruttore di zucchero\u00a0<\/strong>come infuso, da 3 a 4 tazze al giorno, tra i pasti.<\/p>\n<p>\u00c8 sufficiente utilizzare 1 cucchiaio di foglie di gymnema per 150 ml di acqua bollente. Lasciare in infusione per almeno 10 minuti, quindi filtrare.<\/p>\n<p>Paradossalmente, questo integratore alimentare ha un sapore leggermente dolce. Piuttosto gradevole, non \u00e8 vero?<\/p>\n<h3><strong>Precauzioni sulla gymnema\u00a0<\/strong><\/h3>\n<p>Nel caso del diabete, \u00e8 ovviamente essenziale essere monitorati da un medico e non ricorrere all'automedicazione.\u00a0<strong>Consultare sempre un medico prima di assumere integratori alimentari.\u00a0<\/strong><\/p>\n<p>D'altra parte, il Gurmar non \u00e8 raccomandato per le donne in gravidanza e in allattamento a causa della mancanza di studi in merito.<\/p>\n<p>Infine, attenersi sempre al dosaggio consigliato e non superarlo.<\/p>","protected":false},"excerpt":{"rendered":"<p>Ma cos'\u00e8 questa strana pianta ayurvedica che \u00e8 appena entrata a far parte della schiera di Safinel? La Gymnema Sylvestre \u00e8 un importante integratore alimentare che contribuisce a una dieta sana. In particolare, aiuta a ridurre il desiderio di zucchero! Come funziona? Quali sono i suoi benefici? Ve lo diciamo subito! Gymnema sylvestre: la pianta che [...]","protected":false},"featured_media":876,"template":"","meta":[],"product_brand":[],"product_cat":[27],"product_tag":[],"class_list":{"0":"post-873","1":"product","2":"type-product","3":"status-publish","4":"has-post-thumbnail","6":"product_cat-plantes-medicinales","8":"first","9":"instock","10":"shipping-taxable","11":"purchasable","12":"product-type-variable"},"yoast_head":"<!-- This site is optimized with the Yoast SEO plugin v26.6 - https:\/\/yoast.com\/wordpress\/plugins\/seo\/ -->\n<title>Gymnema Sylvestre I Bienfaits nombreux I Achat en ligne s\u00e9curis\u00e9<\/title>\n<meta name=\"description\" content=\"Le\u00a0Gymnema Sylvestre\u00a0est un\u00a0compl\u00e9ment alimentaire\u00a0d\u2019envergure, qui participe \u00e0 notre bonne alimentation. Adoptez-le rapidement !\" \/>\n<meta name=\"robots\" content=\"index, follow, max-snippet:-1, max-image-preview:large, max-video-preview:-1\" \/>\n<link rel=\"canonical\" href=\"https:\/\/www.safinel.fr\/it\/prodotto\/gimnema\/\" \/>\n<meta property=\"og:locale\" content=\"it_IT\" \/>\n<meta property=\"og:type\" content=\"article\" \/>\n<meta property=\"og:title\" content=\"Gymnema Sylvestre I Bienfaits nombreux I Achat en ligne s\u00e9curis\u00e9\" \/>\n<meta property=\"og:description\" content=\"Le\u00a0Gymnema Sylvestre\u00a0est un\u00a0compl\u00e9ment alimentaire\u00a0d\u2019envergure, qui participe \u00e0 notre bonne alimentation. Adoptez-le rapidement !\" \/>\n<meta property=\"og:url\" content=\"https:\/\/www.safinel.fr\/it\/prodotto\/gimnema\/\" \/>\n<meta property=\"og:site_name\" content=\"Safinel\" \/>\n<meta property=\"article:modified_time\" content=\"2025-05-04T15:36:15+00:00\" \/>\n<meta property=\"og:image\" content=\"https:\/\/www.safinel.fr\/wp-content\/uploads\/2022\/02\/gymnema-feuilles.jpg\" \/>\n\t<meta property=\"og:image:width\" content=\"600\" \/>\n\t<meta property=\"og:image:height\" content=\"600\" \/>\n\t<meta property=\"og:image:type\" content=\"image\/jpeg\" \/>\n<meta name=\"twitter:card\" content=\"summary_large_image\" \/>\n<meta name=\"twitter:label1\" content=\"Tempo di lettura stimato\" \/>\n\t<meta name=\"twitter:data1\" content=\"3 minuti\" \/>\n<script type=\"application\/ld+json\" class=\"yoast-schema-graph\">{\"@context\":\"https:\/\/schema.org\",\"@graph\":[{\"@type\":\"WebPage\",\"@id\":\"https:\/\/www.safinel.fr\/produit\/gymnema\/\",\"url\":\"https:\/\/www.safinel.fr\/produit\/gymnema\/\",\"name\":\"Gymnema Sylvestre I Bienfaits nombreux I Achat en ligne s\u00e9curis\u00e9\",\"isPartOf\":{\"@id\":\"https:\/\/www.safinel.fr\/#website\"},\"primaryImageOfPage\":{\"@id\":\"https:\/\/www.safinel.fr\/produit\/gymnema\/#primaryimage\"},\"image\":{\"@id\":\"https:\/\/www.safinel.fr\/produit\/gymnema\/#primaryimage\"},\"thumbnailUrl\":\"https:\/\/www.safinel.fr\/wp-content\/uploads\/2022\/02\/gymnema-feuilles.jpg\",\"datePublished\":\"2022-02-24T09:27:51+00:00\",\"dateModified\":\"2025-05-04T15:36:15+00:00\",\"description\":\"Le\u00a0Gymnema Sylvestre\u00a0est un\u00a0compl\u00e9ment alimentaire\u00a0d\u2019envergure, qui participe \u00e0 notre bonne alimentation. Adoptez-le rapidement !\",\"breadcrumb\":{\"@id\":\"https:\/\/www.safinel.fr\/produit\/gymnema\/#breadcrumb\"},\"inLanguage\":\"it-IT\",\"potentialAction\":[{\"@type\":\"ReadAction\",\"target\":[\"https:\/\/www.safinel.fr\/produit\/gymnema\/\"]}]},{\"@type\":\"ImageObject\",\"inLanguage\":\"it-IT\",\"@id\":\"https:\/\/www.safinel.fr\/produit\/gymnema\/#primaryimage\",\"url\":\"https:\/\/www.safinel.fr\/wp-content\/uploads\/2022\/02\/gymnema-feuilles.jpg\",\"contentUrl\":\"https:\/\/www.safinel.fr\/wp-content\/uploads\/2022\/02\/gymnema-feuilles.jpg\",\"width\":600,\"height\":600,\"caption\":\"gymnema feuilles\"},{\"@type\":\"BreadcrumbList\",\"@id\":\"https:\/\/www.safinel.fr\/produit\/gymnema\/#breadcrumb\",\"itemListElement\":[{\"@type\":\"ListItem\",\"position\":1,\"name\":\"Accueil\",\"item\":\"https:\/\/www.safinel.fr\/\"},{\"@type\":\"ListItem\",\"position\":2,\"name\":\"Boutique\",\"item\":\"https:\/\/www.safinel.fr\/boutique\/\"},{\"@type\":\"ListItem\",\"position\":3,\"name\":\"Gymnema 100g\"}]},{\"@type\":\"WebSite\",\"@id\":\"https:\/\/www.safinel.fr\/#website\",\"url\":\"https:\/\/www.safinel.fr\/\",\"name\":\"Safinel\",\"description\":\"\",\"publisher\":{\"@id\":\"https:\/\/www.safinel.fr\/#organization\"},\"potentialAction\":[{\"@type\":\"SearchAction\",\"target\":{\"@type\":\"EntryPoint\",\"urlTemplate\":\"https:\/\/www.safinel.fr\/?s={search_term_string}\"},\"query-input\":{\"@type\":\"PropertyValueSpecification\",\"valueRequired\":true,\"valueName\":\"search_term_string\"}}],\"inLanguage\":\"it-IT\"},{\"@type\":\"Organization\",\"@id\":\"https:\/\/www.safinel.fr\/#organization\",\"name\":\"Safinel\",\"url\":\"https:\/\/www.safinel.fr\/\",\"logo\":{\"@type\":\"ImageObject\",\"inLanguage\":\"it-IT\",\"@id\":\"https:\/\/www.safinel.fr\/#\/schema\/logo\/image\/\",\"url\":\"https:\/\/www.safinel.fr\/wp-content\/uploads\/2021\/05\/boutique-cosmetique.png\",\"contentUrl\":\"https:\/\/www.safinel.fr\/wp-content\/uploads\/2021\/05\/boutique-cosmetique.png\",\"width\":800,\"height\":200,\"caption\":\"Safinel\"},\"image\":{\"@id\":\"https:\/\/www.safinel.fr\/#\/schema\/logo\/image\/\"}}]}<\/script>\n<!-- \/ Yoast SEO plugin. -->","yoast_head_json":{"title":"Gymnema Sylvestre I Numerosi benefici I Acquisto online sicuro","description":"La Gymnema Sylvestre \u00e8 un importante integratore alimentare che contribuisce a una dieta sana. Adottatelo rapidamente!","robots":{"index":"index","follow":"follow","max-snippet":"max-snippet:-1","max-image-preview":"max-image-preview:large","max-video-preview":"max-video-preview:-1"},"canonical":"https:\/\/www.safinel.fr\/it\/prodotto\/gimnema\/","og_locale":"it_IT","og_type":"article","og_title":"Gymnema Sylvestre I Bienfaits nombreux I Achat en ligne s\u00e9curis\u00e9","og_description":"Le\u00a0Gymnema Sylvestre\u00a0est un\u00a0compl\u00e9ment alimentaire\u00a0d\u2019envergure, qui participe \u00e0 notre bonne alimentation. Adoptez-le rapidement !","og_url":"https:\/\/www.safinel.fr\/it\/prodotto\/gimnema\/","og_site_name":"Safinel","article_modified_time":"2025-05-04T15:36:15+00:00","og_image":[{"width":600,"height":600,"url":"https:\/\/www.safinel.fr\/wp-content\/uploads\/2022\/02\/gymnema-feuilles.jpg","type":"image\/jpeg"}],"twitter_card":"summary_large_image","twitter_misc":{"Tempo di lettura stimato":"3 minuti"},"schema":{"@context":"https:\/\/schema.org","@graph":[{"@type":"WebPage","@id":"https:\/\/www.safinel.fr\/produit\/gymnema\/","url":"https:\/\/www.safinel.fr\/produit\/gymnema\/","name":"Gymnema Sylvestre I Numerosi benefici I Acquisto online sicuro","isPartOf":{"@id":"https:\/\/www.safinel.fr\/#website"},"primaryImageOfPage":{"@id":"https:\/\/www.safinel.fr\/produit\/gymnema\/#primaryimage"},"image":{"@id":"https:\/\/www.safinel.fr\/produit\/gymnema\/#primaryimage"},"thumbnailUrl":"https:\/\/www.safinel.fr\/wp-content\/uploads\/2022\/02\/gymnema-feuilles.jpg","datePublished":"2022-02-24T09:27:51+00:00","dateModified":"2025-05-04T15:36:15+00:00","description":"La Gymnema Sylvestre \u00e8 un importante integratore alimentare che contribuisce a una dieta sana. Adottatelo rapidamente!","breadcrumb":{"@id":"https:\/\/www.safinel.fr\/produit\/gymnema\/#breadcrumb"},"inLanguage":"it-IT","potentialAction":[{"@type":"ReadAction","target":["https:\/\/www.safinel.fr\/produit\/gymnema\/"]}]},{"@type":"ImageObject","inLanguage":"it-IT","@id":"https:\/\/www.safinel.fr\/produit\/gymnema\/#primaryimage","url":"https:\/\/www.safinel.fr\/wp-content\/uploads\/2022\/02\/gymnema-feuilles.jpg","contentUrl":"https:\/\/www.safinel.fr\/wp-content\/uploads\/2022\/02\/gymnema-feuilles.jpg","width":600,"height":600,"caption":"gymnema feuilles"},{"@type":"BreadcrumbList","@id":"https:\/\/www.safinel.fr\/produit\/gymnema\/#breadcrumb","itemListElement":[{"@type":"ListItem","position":1,"name":"Accueil","item":"https:\/\/www.safinel.fr\/"},{"@type":"ListItem","position":2,"name":"Boutique","item":"https:\/\/www.safinel.fr\/boutique\/"},{"@type":"ListItem","position":3,"name":"Gymnema 100g"}]},{"@type":"WebSite","@id":"https:\/\/www.safinel.fr\/#website","url":"https:\/\/www.safinel.fr\/","name":"Safinel","description":"","publisher":{"@id":"https:\/\/www.safinel.fr\/#organization"},"potentialAction":[{"@type":"SearchAction","target":{"@type":"EntryPoint","urlTemplate":"https:\/\/www.safinel.fr\/?s={search_term_string}"},"query-input":{"@type":"PropertyValueSpecification","valueRequired":true,"valueName":"search_term_string"}}],"inLanguage":"it-IT"},{"@type":"Organization","@id":"https:\/\/www.safinel.fr\/#organization","name":"Safinel","url":"https:\/\/www.safinel.fr\/","logo":{"@type":"ImageObject","inLanguage":"it-IT","@id":"https:\/\/www.safinel.fr\/#\/schema\/logo\/image\/","url":"https:\/\/www.safinel.fr\/wp-content\/uploads\/2021\/05\/boutique-cosmetique.png","contentUrl":"https:\/\/www.safinel.fr\/wp-content\/uploads\/2021\/05\/boutique-cosmetique.png","width":800,"height":200,"caption":"Safinel"},"image":{"@id":"https:\/\/www.safinel.fr\/#\/schema\/logo\/image\/"}}]}},"_links":{"self":[{"href":"https:\/\/www.safinel.fr\/it\/wp-json\/wp\/v2\/product\/873","targetHints":{"allow":["GET"]}}],"collection":[{"href":"https:\/\/www.safinel.fr\/it\/wp-json\/wp\/v2\/product"}],"about":[{"href":"https:\/\/www.safinel.fr\/it\/wp-json\/wp\/v2\/types\/product"}],"wp:featuredmedia":[{"embeddable":true,"href":"https:\/\/www.safinel.fr\/it\/wp-json\/wp\/v2\/media\/876"}],"wp:attachment":[{"href":"https:\/\/www.safinel.fr\/it\/wp-json\/wp\/v2\/media?parent=873"}],"wp:term":[{"taxonomy":"product_brand","embeddable":true,"href":"https:\/\/www.safinel.fr\/it\/wp-json\/wp\/v2\/product_brand?post=873"},{"taxonomy":"product_cat","embeddable":true,"href":"https:\/\/www.safinel.fr\/it\/wp-json\/wp\/v2\/product_cat?post=873"},{"taxonomy":"product_tag","embeddable":true,"href":"https:\/\/www.safinel.fr\/it\/wp-json\/wp\/v2\/product_tag?post=873"}],"curies":[{"name":"wp","href":"https:\/\/api.w.org\/{rel}","templated":true}]}}