{"id":871,"date":"2022-02-24T09:16:56","date_gmt":"2022-02-24T09:16:56","guid":{"rendered":"https:\/\/www.safinel.fr\/?post_type=product&#038;p=871"},"modified":"2025-10-31T13:29:00","modified_gmt":"2025-10-31T13:29:00","slug":"petali-di-rosa","status":"publish","type":"product","link":"https:\/\/www.safinel.fr\/it\/prodotto\/petali-di-rosa\/","title":{"rendered":"Petali di rosa 100 g"},"content":{"rendered":"<p>Nonostante le apparenze contrarie, Safinel non si \u00e8 dedicato al romanticismo.\u00a0<strong>Petali di rosa<\/strong>\u00a0sono spesso presentate come accessori decorativi. Ma sapevate che la rosa \u00e8 anche una<strong>\u00a0pianta medicinale\u00a0<\/strong>a s\u00e9 stante?<\/p>\n<p>Scoprire il<strong>\u00a0fiore dell'amore\u00a0<\/strong>sotto una nuova luce...<\/p>\n<h2><strong>Petali di rosa: tanto romantici quanto salutari!\u00a0<\/strong><\/h2>\n<p>Sono belle, delicate e dolci, e sicuramente evocano sentimenti profondi per molti di noi. Ma i petali di rosa non riguardano solo l'amore!<\/p>\n<p>Questa pianta medicinale ha una composizione molto interessante per la nostra salute:<\/p>\n<ul>\n<li>Vitamina C<\/li>\n<li>Sali minerali<\/li>\n<li>Antiossidanti<\/li>\n<li>Acido tannico<\/li>\n<li>Saccarina<\/li>\n<\/ul>\n<p>Questo\u00a0<strong>fiore<\/strong>\u00a0soprattutto per i suoi benefici sulla pelle. Ma fa bene anche ai capelli e alla salute!<\/p>\n<h2><strong>Quali sono i benefici dei petali di rosa?\u00a0<\/strong><\/h2>\n<ul>\n<li>Proprio come\u00a0<strong><a href=\"https:\/\/www.safinel.fr\/it\/prodotto\/shatavari-100g\/\">shatavari<\/a>,<\/strong>\u00a0favoriscono la digestione; ;<\/li>\n<li>Aiuta l'organismo ad assorbire il ferro in modo pi\u00f9 efficace; ;<\/li>\n<li>Previene la diarrea; ;<\/li>\n<li>Benefico per le pelli secche e mature; ;<\/li>\n<li>Rafforza naturalmente il sistema immunitario; ;<\/li>\n<li>Aiuta a mantenere una buona circolazione sanguigna; ;<\/li>\n<li>Riduce gli arrossamenti della pelle; ;<\/li>\n<li>Nutre e ammorbidisce i capelli; ;<\/li>\n<li>Hanno un effetto afrodisiaco se usati come infuso, proprio come il nostro\u00a0<a href=\"https:\/\/www.safinel.fr\/it\/prodotto\/polvere-nep\/\"><strong>Polvere di Nep<\/strong><\/a>...<\/li>\n<\/ul>\n<p>Ci sono molti modi per sfruttare al massimo questo\u00a0<strong>prodotto naturale<\/strong>\u00a0nella vasca da bagno, come scrub per il corpo, come <a href=\"https:\/\/www.mon-botox-capillaire.com\/categorie-produit\/brume-cheveux\/\" target=\"_blank\" rel=\"noopener\"><strong>nebbia per capelli<\/strong><\/a>, tisane e infusi... Siate creativi!<\/p>\n<h2><strong>Una ricetta all'acqua di rose...\u00a0<\/strong><\/h2>\n<p>Se volete realizzare i vostri cosmetici fatti in casa, ecco una semplice ricetta per iniziare!<\/p>\n<p><strong>Acqua di rose fatta in casa :<\/strong><\/p>\n<ul>\n<li>100 g di petali di rosa<\/li>\n<li>250 g di acqua distillata<\/li>\n<\/ul>\n<p><strong>Ricetta:\u00a0<\/strong><\/p>\n<ol>\n<li>Per prima cosa, mettete i fiori sul fondo di un barattolo di vetro sterilizzato; ;<\/li>\n<li>Versare tutta l'acqua bollente; ;<\/li>\n<li>Lasciare riposare per 12 ore, quindi filtrare il composto; ;<\/li>\n<li>Infine, conservare questo cosmetico in un barattolo di vetro chiuso* ;<\/li>\n<li>Potete utilizzarlo ogni mattina sulla pelle pulita per beneficiare di tutte le sue virt\u00f9!<\/li>\n<\/ol>\n<p>* Si conserva fino a 6 mesi in frigorifero.<\/p>","protected":false},"excerpt":{"rendered":"<p>Sebbene le apparenze possano suggerire il contrario, Safinel non si \u00e8 convertito al romanticismo. I petali di rosa sono spesso utilizzati come accessori decorativi. Ma sapevate che la rosa \u00e8 anche una pianta medicinale a tutti gli effetti? Scoprite il fiore dell'amore sotto una nuova luce... I petali di rosa: romantici [\u2026]","protected":false},"featured_media":872,"template":"","meta":[],"product_brand":[],"product_cat":[27],"product_tag":[],"class_list":{"0":"post-871","1":"product","2":"type-product","3":"status-publish","4":"has-post-thumbnail","6":"product_cat-plantes-medicinales","8":"first","9":"instock","10":"shipping-taxable","11":"purchasable","12":"product-type-simple"},"yoast_head":"<!-- This site is optimized with the Yoast SEO plugin v26.6 - https:\/\/yoast.com\/wordpress\/plugins\/seo\/ -->\n<title>P\u00e9tales de rose I Plante m\u00e9dicinale aux bienfaits nombreux<\/title>\n<meta name=\"description\" content=\"Les p\u00e9tales de rose ne sont pas uniquement li\u00e9s \u00e0 l\u2019amour !\u00a0Elles poss\u00e8dent des bienfaits nombreux. D\u00e9couvrez notre s\u00e9lection.\" \/>\n<meta name=\"robots\" content=\"index, follow, max-snippet:-1, max-image-preview:large, max-video-preview:-1\" \/>\n<link rel=\"canonical\" href=\"https:\/\/www.safinel.fr\/it\/prodotto\/petali-di-rosa\/\" \/>\n<meta property=\"og:locale\" content=\"it_IT\" \/>\n<meta property=\"og:type\" content=\"article\" \/>\n<meta property=\"og:title\" content=\"P\u00e9tales de rose I Plante m\u00e9dicinale aux bienfaits nombreux\" \/>\n<meta property=\"og:description\" content=\"Les p\u00e9tales de rose ne sont pas uniquement li\u00e9s \u00e0 l\u2019amour !\u00a0Elles poss\u00e8dent des bienfaits nombreux. D\u00e9couvrez notre s\u00e9lection.\" \/>\n<meta property=\"og:url\" content=\"https:\/\/www.safinel.fr\/it\/prodotto\/petali-di-rosa\/\" \/>\n<meta property=\"og:site_name\" content=\"Safinel\" \/>\n<meta property=\"article:modified_time\" content=\"2025-10-31T13:29:00+00:00\" \/>\n<meta property=\"og:image\" content=\"https:\/\/www.safinel.fr\/wp-content\/uploads\/2022\/02\/petales-de-rose.jpg\" \/>\n\t<meta property=\"og:image:width\" content=\"600\" \/>\n\t<meta property=\"og:image:height\" content=\"600\" \/>\n\t<meta property=\"og:image:type\" content=\"image\/jpeg\" \/>\n<meta name=\"twitter:card\" content=\"summary_large_image\" \/>\n<meta name=\"twitter:label1\" content=\"Tempo di lettura stimato\" \/>\n\t<meta name=\"twitter:data1\" content=\"2 minuti\" \/>\n<script type=\"application\/ld+json\" class=\"yoast-schema-graph\">{\"@context\":\"https:\/\/schema.org\",\"@graph\":[{\"@type\":\"WebPage\",\"@id\":\"https:\/\/www.safinel.fr\/produit\/petales-de-rose\/\",\"url\":\"https:\/\/www.safinel.fr\/produit\/petales-de-rose\/\",\"name\":\"P\u00e9tales de rose I Plante m\u00e9dicinale aux bienfaits nombreux\",\"isPartOf\":{\"@id\":\"https:\/\/www.safinel.fr\/#website\"},\"primaryImageOfPage\":{\"@id\":\"https:\/\/www.safinel.fr\/produit\/petales-de-rose\/#primaryimage\"},\"image\":{\"@id\":\"https:\/\/www.safinel.fr\/produit\/petales-de-rose\/#primaryimage\"},\"thumbnailUrl\":\"https:\/\/www.safinel.fr\/wp-content\/uploads\/2022\/02\/petales-de-rose.jpg\",\"datePublished\":\"2022-02-24T09:16:56+00:00\",\"dateModified\":\"2025-10-31T13:29:00+00:00\",\"description\":\"Les p\u00e9tales de rose ne sont pas uniquement li\u00e9s \u00e0 l\u2019amour !\u00a0Elles poss\u00e8dent des bienfaits nombreux. D\u00e9couvrez notre s\u00e9lection.\",\"breadcrumb\":{\"@id\":\"https:\/\/www.safinel.fr\/produit\/petales-de-rose\/#breadcrumb\"},\"inLanguage\":\"it-IT\",\"potentialAction\":[{\"@type\":\"ReadAction\",\"target\":[\"https:\/\/www.safinel.fr\/produit\/petales-de-rose\/\"]}]},{\"@type\":\"ImageObject\",\"inLanguage\":\"it-IT\",\"@id\":\"https:\/\/www.safinel.fr\/produit\/petales-de-rose\/#primaryimage\",\"url\":\"https:\/\/www.safinel.fr\/wp-content\/uploads\/2022\/02\/petales-de-rose.jpg\",\"contentUrl\":\"https:\/\/www.safinel.fr\/wp-content\/uploads\/2022\/02\/petales-de-rose.jpg\",\"width\":600,\"height\":600,\"caption\":\"P\u00e9tales de rose 100g\"},{\"@type\":\"BreadcrumbList\",\"@id\":\"https:\/\/www.safinel.fr\/produit\/petales-de-rose\/#breadcrumb\",\"itemListElement\":[{\"@type\":\"ListItem\",\"position\":1,\"name\":\"Accueil\",\"item\":\"https:\/\/www.safinel.fr\/\"},{\"@type\":\"ListItem\",\"position\":2,\"name\":\"Boutique\",\"item\":\"https:\/\/www.safinel.fr\/boutique\/\"},{\"@type\":\"ListItem\",\"position\":3,\"name\":\"P\u00e9tales de rose 100g\"}]},{\"@type\":\"WebSite\",\"@id\":\"https:\/\/www.safinel.fr\/#website\",\"url\":\"https:\/\/www.safinel.fr\/\",\"name\":\"Safinel\",\"description\":\"\",\"publisher\":{\"@id\":\"https:\/\/www.safinel.fr\/#organization\"},\"potentialAction\":[{\"@type\":\"SearchAction\",\"target\":{\"@type\":\"EntryPoint\",\"urlTemplate\":\"https:\/\/www.safinel.fr\/?s={search_term_string}\"},\"query-input\":{\"@type\":\"PropertyValueSpecification\",\"valueRequired\":true,\"valueName\":\"search_term_string\"}}],\"inLanguage\":\"it-IT\"},{\"@type\":\"Organization\",\"@id\":\"https:\/\/www.safinel.fr\/#organization\",\"name\":\"Safinel\",\"url\":\"https:\/\/www.safinel.fr\/\",\"logo\":{\"@type\":\"ImageObject\",\"inLanguage\":\"it-IT\",\"@id\":\"https:\/\/www.safinel.fr\/#\/schema\/logo\/image\/\",\"url\":\"https:\/\/www.safinel.fr\/wp-content\/uploads\/2021\/05\/boutique-cosmetique.png\",\"contentUrl\":\"https:\/\/www.safinel.fr\/wp-content\/uploads\/2021\/05\/boutique-cosmetique.png\",\"width\":800,\"height\":200,\"caption\":\"Safinel\"},\"image\":{\"@id\":\"https:\/\/www.safinel.fr\/#\/schema\/logo\/image\/\"}}]}<\/script>\n<!-- \/ Yoast SEO plugin. -->","yoast_head_json":{"title":"Petali di rosa I Pianta medicinale dai numerosi benefici","description":"I petali di rosa non sono solo una questione d'amore! Hanno molti benefici. Scoprite la nostra selezione.","robots":{"index":"index","follow":"follow","max-snippet":"max-snippet:-1","max-image-preview":"max-image-preview:large","max-video-preview":"max-video-preview:-1"},"canonical":"https:\/\/www.safinel.fr\/it\/prodotto\/petali-di-rosa\/","og_locale":"it_IT","og_type":"article","og_title":"P\u00e9tales de rose I Plante m\u00e9dicinale aux bienfaits nombreux","og_description":"Les p\u00e9tales de rose ne sont pas uniquement li\u00e9s \u00e0 l\u2019amour !\u00a0Elles poss\u00e8dent des bienfaits nombreux. D\u00e9couvrez notre s\u00e9lection.","og_url":"https:\/\/www.safinel.fr\/it\/prodotto\/petali-di-rosa\/","og_site_name":"Safinel","article_modified_time":"2025-10-31T13:29:00+00:00","og_image":[{"width":600,"height":600,"url":"https:\/\/www.safinel.fr\/wp-content\/uploads\/2022\/02\/petales-de-rose.jpg","type":"image\/jpeg"}],"twitter_card":"summary_large_image","twitter_misc":{"Tempo di lettura stimato":"2 minuti"},"schema":{"@context":"https:\/\/schema.org","@graph":[{"@type":"WebPage","@id":"https:\/\/www.safinel.fr\/produit\/petales-de-rose\/","url":"https:\/\/www.safinel.fr\/produit\/petales-de-rose\/","name":"Petali di rosa I Pianta medicinale dai numerosi benefici","isPartOf":{"@id":"https:\/\/www.safinel.fr\/#website"},"primaryImageOfPage":{"@id":"https:\/\/www.safinel.fr\/produit\/petales-de-rose\/#primaryimage"},"image":{"@id":"https:\/\/www.safinel.fr\/produit\/petales-de-rose\/#primaryimage"},"thumbnailUrl":"https:\/\/www.safinel.fr\/wp-content\/uploads\/2022\/02\/petales-de-rose.jpg","datePublished":"2022-02-24T09:16:56+00:00","dateModified":"2025-10-31T13:29:00+00:00","description":"I petali di rosa non sono solo una questione d'amore! Hanno molti benefici. Scoprite la nostra selezione.","breadcrumb":{"@id":"https:\/\/www.safinel.fr\/produit\/petales-de-rose\/#breadcrumb"},"inLanguage":"it-IT","potentialAction":[{"@type":"ReadAction","target":["https:\/\/www.safinel.fr\/produit\/petales-de-rose\/"]}]},{"@type":"ImageObject","inLanguage":"it-IT","@id":"https:\/\/www.safinel.fr\/produit\/petales-de-rose\/#primaryimage","url":"https:\/\/www.safinel.fr\/wp-content\/uploads\/2022\/02\/petales-de-rose.jpg","contentUrl":"https:\/\/www.safinel.fr\/wp-content\/uploads\/2022\/02\/petales-de-rose.jpg","width":600,"height":600,"caption":"P\u00e9tales de rose 100g"},{"@type":"BreadcrumbList","@id":"https:\/\/www.safinel.fr\/produit\/petales-de-rose\/#breadcrumb","itemListElement":[{"@type":"ListItem","position":1,"name":"Accueil","item":"https:\/\/www.safinel.fr\/"},{"@type":"ListItem","position":2,"name":"Boutique","item":"https:\/\/www.safinel.fr\/boutique\/"},{"@type":"ListItem","position":3,"name":"P\u00e9tales de rose 100g"}]},{"@type":"WebSite","@id":"https:\/\/www.safinel.fr\/#website","url":"https:\/\/www.safinel.fr\/","name":"Safinel","description":"","publisher":{"@id":"https:\/\/www.safinel.fr\/#organization"},"potentialAction":[{"@type":"SearchAction","target":{"@type":"EntryPoint","urlTemplate":"https:\/\/www.safinel.fr\/?s={search_term_string}"},"query-input":{"@type":"PropertyValueSpecification","valueRequired":true,"valueName":"search_term_string"}}],"inLanguage":"it-IT"},{"@type":"Organization","@id":"https:\/\/www.safinel.fr\/#organization","name":"Safinel","url":"https:\/\/www.safinel.fr\/","logo":{"@type":"ImageObject","inLanguage":"it-IT","@id":"https:\/\/www.safinel.fr\/#\/schema\/logo\/image\/","url":"https:\/\/www.safinel.fr\/wp-content\/uploads\/2021\/05\/boutique-cosmetique.png","contentUrl":"https:\/\/www.safinel.fr\/wp-content\/uploads\/2021\/05\/boutique-cosmetique.png","width":800,"height":200,"caption":"Safinel"},"image":{"@id":"https:\/\/www.safinel.fr\/#\/schema\/logo\/image\/"}}]}},"_links":{"self":[{"href":"https:\/\/www.safinel.fr\/it\/wp-json\/wp\/v2\/product\/871","targetHints":{"allow":["GET"]}}],"collection":[{"href":"https:\/\/www.safinel.fr\/it\/wp-json\/wp\/v2\/product"}],"about":[{"href":"https:\/\/www.safinel.fr\/it\/wp-json\/wp\/v2\/types\/product"}],"wp:featuredmedia":[{"embeddable":true,"href":"https:\/\/www.safinel.fr\/it\/wp-json\/wp\/v2\/media\/872"}],"wp:attachment":[{"href":"https:\/\/www.safinel.fr\/it\/wp-json\/wp\/v2\/media?parent=871"}],"wp:term":[{"taxonomy":"product_brand","embeddable":true,"href":"https:\/\/www.safinel.fr\/it\/wp-json\/wp\/v2\/product_brand?post=871"},{"taxonomy":"product_cat","embeddable":true,"href":"https:\/\/www.safinel.fr\/it\/wp-json\/wp\/v2\/product_cat?post=871"},{"taxonomy":"product_tag","embeddable":true,"href":"https:\/\/www.safinel.fr\/it\/wp-json\/wp\/v2\/product_tag?post=871"}],"curies":[{"name":"wp","href":"https:\/\/api.w.org\/{rel}","templated":true}]}}