{"id":860,"date":"2022-02-23T19:43:21","date_gmt":"2022-02-23T19:43:21","guid":{"rendered":"https:\/\/www.safinel.fr\/?post_type=product&#038;p=860"},"modified":"2024-12-31T02:17:41","modified_gmt":"2024-12-31T02:17:41","slug":"tribolo","status":"publish","type":"product","link":"https:\/\/www.safinel.fr\/it\/prodotto\/tribolo\/","title":{"rendered":"Tribolo (Tribulus) 100g"},"content":{"rendered":"<p><strong>Tribolo<\/strong>, conosciuto anche come\u00a0<strong>\u201ctrib\u00f9 di terra\u201d,<\/strong>\u00a0o anche\u00a0<strong>\u201cCroce di Malta\u201d,<\/strong>\u00a0\u00e8 un rimedio antico. Infatti, in alcune regioni del mondo (India, Cina, ecc.) viene utilizzato da secoli per le sue propriet\u00e0\u00a0<strong>propriet\u00e0 terapeutiche<\/strong>. E pi\u00f9 in particolare per le sue propriet\u00e0\u00a0<strong>fortificante, afrodisiaco<\/strong>\u00a0(per uomini e donne) e\u00a0<strong>proteggere il sistema cardiovascolare<\/strong>.<\/p>\n<p>Non vediamo l'ora di raccontarvi tutto!<\/p>\n<h2><strong>Tribulus: una pianta straordinaria!\u00a0<\/strong><\/h2>\n<p>Il suo nome, croce di Malta, deriva dalla forma a stella del suo frutto, composto da cinque sepali. Si utilizzano tutte le parti della pianta, compresi i frutti, le foglie, le radici e i semi.<\/p>\n<p>Questo\u00a0<strong>alicamento<\/strong>\u00a0\u00e8 anche ricco di principi attivi che agiscono sugli ormoni e sul flusso sanguigno.<\/p>\n<p>In fitoterapia si utilizzano soprattutto gli estratti delle radici e dei semi della pianta.<\/p>\n<h3><strong>I principi attivi di questo super alimento gli conferiscono incredibili propriet\u00e0:<\/strong><\/h3>\n<ul>\n<li>anabolizzante naturale<\/li>\n<li>efficace contro i problemi cardiovascolari<\/li>\n<li>rivitalizzante ed energizzante<\/li>\n<li>aumenta l'energia sessuale<\/li>\n<li>decuplica l'energia fisica<\/li>\n<li>calma lo stress<\/li>\n<li>allontana l'insonnia<\/li>\n<li>aiuta a concentrarsi<\/li>\n<li>calma i sintomi della menopausa<\/li>\n<li>risolve i problemi mestruali<\/li>\n<\/ul>\n<p>(Elenco non esaustivo)<\/p>\n<h2><strong>Le propriet\u00e0 terapeutiche del tribulus<\/strong><\/h2>\n<p>I suoi benefici per la salute sono ancora maggiori. Inoltre, alcuni scienziati hanno evidenziato altri benefici medicinali finora sconosciuti...<\/p>\n<h3><strong>Stimolante e anabolizzante<\/strong><\/h3>\n<p><strong>Anabolizzante naturale<\/strong>, questa pianta aiuta\u2019<strong>aumento della massa muscolare<\/strong>\u00a0ma anche per il recupero dopo l'esercizio fisico. Di conseguenza\u00a0<strong>aumenta le prestazioni sportive<\/strong>\u00a0grazie al suo effetto sulla produzione di testosterone.<\/p>\n<p>Ha il potere di stimolare la produzione di testosterone. Per questo motivo \u00e8 presente in diversi integratori alimentari e in altri trattamenti sanitari specifici per gli uomini.<\/p>\n<h3><strong>Tribulus: tonico e afrodisiaco <\/strong><\/h3>\n<p>Stimolando ormoni come il testosterone e il progesterone, la<strong>Il tribulus aiuta a combattere l'impotenza e la frigidit\u00e0<\/strong>.<\/p>\n<p>\u00c8 altamente raccomandato come afrodisiaco per potenziare l'energia sessuale e aumentare il desiderio sia negli uomini che nelle donne.<\/p>\n<p>\u00c8 anche un eccellente\u00a0<strong>medicina naturale\u00a0<\/strong>per chi soffre di riduzione della libido dovuta a stanchezza o impotenza.<\/p>\n<p>Safinel offre anche altre piante afrodisiache, tra cui\u00a0<a href=\"https:\/\/www.safinel.fr\/it\/prodotto\/kigelia-africana\/\"><strong>Kigelia africana<\/strong><\/a>.<\/p>\n<h3><strong>Disturbi specifici delle donne<\/strong><\/h3>\n<p>Questa pianta regola anche gli ormoni femminili favorendone la produzione, in particolare di estrogeni. Infatti, pu\u00f2\u00a0<strong>efficace nella regolazione dei cicli mestruali<\/strong>\u00a0o anche\u00a0<strong>alleviare il periodo della menopausa<\/strong>.<\/p>\n<p>Riduce inoltre il flusso e il dolore associati alle mestruazioni, nonch\u00e9 il disagio causato dalla menopausa.<\/p>\n<p>Scoprire il\u00a0<a href=\"https:\/\/www.safinel.fr\/it\/prodotto\/djeka-lascia\/\"><strong>Djeka se ne va<\/strong><\/a>. Oltre a lenire i dolori mestruali, questa pianta \u00e8 consigliata per pulire l'utero dopo il parto.<\/p>\n<h3><strong>Tribulus e aumento della fertilit\u00e0<\/strong><\/h3>\n<p>La ricerca \u00e8 stata condotta su\u00a0<strong>tribolazione terrestre<\/strong>\u00a0e hanno dimostrato che pu\u00f2\u00a0<strong>aiutano a migliorare la fertilit\u00e0<\/strong>.<\/p>\n<p>Tuttavia, la maggior parte di essi \u00e8 stata effettuata su animali. Sono stati in grado di osservare un\u00a0<strong>aumento del numero di spermatozoi<\/strong>\u00a0nei maschi. Ma anche un rafforzamento delle ovaie nelle femmine.<\/p>\n<h3><strong>Facilita la perdita di peso<\/strong><\/h3>\n<p>\u00c8 stato condotto uno studio di 12 settimane su uomini di et\u00e0 compresa tra 45 e 60 anni. Si trattava di somministrare capsule per studiare l'effetto del tribulus sulla perdita di peso.<\/p>\n<p>Questo rimedio naturale ha contribuito a migliorare la produzione ormonale nei soggetti.<\/p>\n<p>In effetti, un\u00a0<strong>una riduzione del grasso corporeo e un aumento della massa muscolare<\/strong>.<\/p>\n<p>Va notato che la pratica dello sport in aggiunta a questo trattamento ha solo migliorato i risultati.<\/p>\n<p>Nel nostro negozio online troverete anche i seguenti prodotti\u00a0<strong>Triphala biologica.\u00a0<\/strong>Aiuta a perdere peso e a favorire la digestione.<\/p>\n<h3><strong>Tribulus b<\/strong><strong>rafforzare il sistema immunitario<\/strong><\/h3>\n<p>Il tribulus macinato \u00e8 consigliato anche per\u00a0<strong>rivitalizza l'organismo e rafforza il sistema immunitario<\/strong>. Ma \u00e8 consigliato anche nei casi di stanchezza cronica, poich\u00e9 rafforza le ghiandole surrenali.<\/p>\n<p>Queste ghiandole producono ormoni steroidei come il cortisolo (noto anche come corticosteroidi).<\/p>\n<p>Lo stress intenso, sia esso fisico, emotivo, psicologico o ambientale, pu\u00f2 esaurire le ghiandole surrenali. Queste riducono la produzione di ormoni come il cortisolo.<\/p>\n<h3><strong>Malattie cardiovascolari e altre azioni<\/strong><\/h3>\n<p><strong>Anticoagulante<\/strong>, Il tribulus protegge dalle malattie cardiovascolari e dai problemi cardiaci e previene i coaguli di sangue.<\/p>\n<p>\u00c8 anche un\u00a0<strong>un alleato per le persone affette da anemia\u00a0<\/strong>perch\u00e9 aiuta a moltiplicare i globuli rossi.<\/p>\n<p>Agisce anche nel\u00a0<strong>protezione del fegato e della cistifellea<\/strong>\u00a0stimolandole e aiutandole nel loro ruolo di disintossicazione.<\/p>\n<p><strong>Combatte lo stress, il nervosismo e l'insonnia<\/strong><\/p>\n<p>Non solo gli studi hanno dimostrato che\u00a0<strong>i suoi estratti aiutano a riequilibrare il sistema nervoso<\/strong>. Ma calma anche il carico mentale e lo stress grazie alle sue propriet\u00e0 adattogene.<\/p>\n<p>Inoltre, \u00e8\u00a0<strong>combatte l'insonnia<\/strong>\u00a0favorendo un sonno riposante e il recupero durante il sonno.<\/p>\n<p><strong>Tribulus: una pianta adattogena<\/strong><\/p>\n<p>Queste piante sono\u00a0<strong>regolatori del metabolismo<\/strong>\u00a0del corpo umano. La loro azione aumenta la capacit\u00e0 di adattamento dell'organismo a determinati fattori ambientali, come la fatica o lo stress.<\/p>\n<p>In effetti, questi adattogeni possono essere particolarmente efficaci per combattere lo stress in generale e per riequilibrare di conseguenza l'organismo.<\/p>\n<p>Oltre alle propriet\u00e0 elencate, queste piante possono essere toniche ed energizzanti. In particolare, hanno propriet\u00e0 rinvigorenti per l'organismo, che aumentano l'energia quando si \u00e8 stanchi.<\/p>\n<p>Gli adattogeni contribuiscono quindi a promuovere la salute generale dell'organismo. Detto questo, ognuno di essi \u00e8 unico e ha le sue propriet\u00e0 specifiche.<\/p>\n<p>Ad esempio, alcuni sono considerati stimolanti, altri calmanti e altri ancora antiossidanti.<\/p>\n<h2><strong>Tribulus terrestris: dosaggio e raccomandazioni<\/strong><\/h2>\n<h3><strong>Dosaggio\u00a0<\/strong><\/h3>\n<p>Questa pianta non ha effetti collaterali noti se il dosaggio viene rispettato. Detto questo, la dose giornaliera non dovrebbe superare i 1200 mg, con pause di una settimana ogni quindici giorni.<\/p>\n<p>Ovviamente, il dosaggio dipende dal problema di salute da trattare.<\/p>\n<p>Si raccomanda inoltre di assumerlo preferibilmente due volte al giorno.<\/p>\n<h3><strong>Altre indicazioni<\/strong><\/h3>\n<p>Questo rimedio naturale \u00e8 controindicato per le donne in gravidanza, <a href=\"https:\/\/mamanetbebenature.fr\/406-tisane-d-allaitement\" target=\"_blank\" rel=\"noopener\"><strong>allattamento al seno<\/strong><\/a> e bambini.<\/p>\n<p>\u00c8 inoltre sconsigliato alle persone con problemi renali, in quanto pu\u00f2 stimolarli.<\/p>\n<p>Non superare la dose giornaliera raccomandata ed evitare l'assunzione con stimolanti come il caff\u00e8 o il guaran\u00e0.<\/p>\n<p>Queste raccomandazioni sono solo a titolo informativo e non sostituiscono il trattamento medico. Consultare sempre un professionista della salute.<\/p>","protected":false},"excerpt":{"rendered":"<p>Il tribulus, chiamato anche \u201ctribolo terrestre\u201d o \u201ccroce di Malta\u201d, \u00e8 un rimedio ancestrale. Infatti, \u00e8 utilizzato in alcune regioni del mondo (India, Cina...) da secoli per le sue virt\u00f9 terapeutiche. E in particolare per le sue propriet\u00e0 fortificanti, afrodisiache (per uomini e donne) e protettive del sistema cardiovascolare. Non vediamo l'ora di parlarvene! Il tribulus [...]","protected":false},"featured_media":862,"template":"","meta":[],"product_brand":[],"product_cat":[27],"product_tag":[],"class_list":{"0":"post-860","1":"product","2":"type-product","3":"status-publish","4":"has-post-thumbnail","6":"product_cat-plantes-medicinales","8":"first","9":"outofstock","10":"shipping-taxable","11":"purchasable","12":"product-type-variable"},"yoast_head":"<!-- This site is optimized with the Yoast SEO plugin v26.6 - https:\/\/yoast.com\/wordpress\/plugins\/seo\/ -->\n<title>Tribulus I Tribule terrestre I Rem\u00e8de naturel \u00e0 d\u00e9couvrir<\/title>\n<meta name=\"description\" content=\"Le tribulus, \u00e9galement appel\u00e9\u00a0\u201ctribule terrestre\u201d,\u00a0ou encore\u00a0\u201ccroix de Malte\u201d,\u00a0est un rem\u00e8de ancestral. D\u00e9couvrez-le sans plus attendre !\" \/>\n<meta name=\"robots\" content=\"index, follow, max-snippet:-1, max-image-preview:large, max-video-preview:-1\" \/>\n<link rel=\"canonical\" href=\"https:\/\/www.safinel.fr\/it\/prodotto\/tribolo\/\" \/>\n<meta property=\"og:locale\" content=\"it_IT\" \/>\n<meta property=\"og:type\" content=\"article\" \/>\n<meta property=\"og:title\" content=\"Tribulus I Tribule terrestre I Rem\u00e8de naturel \u00e0 d\u00e9couvrir\" \/>\n<meta property=\"og:description\" content=\"Le tribulus, \u00e9galement appel\u00e9\u00a0\u201ctribule terrestre\u201d,\u00a0ou encore\u00a0\u201ccroix de Malte\u201d,\u00a0est un rem\u00e8de ancestral. D\u00e9couvrez-le sans plus attendre !\" \/>\n<meta property=\"og:url\" content=\"https:\/\/www.safinel.fr\/it\/prodotto\/tribolo\/\" \/>\n<meta property=\"og:site_name\" content=\"Safinel\" \/>\n<meta property=\"article:modified_time\" content=\"2024-12-31T02:17:41+00:00\" \/>\n<meta property=\"og:image\" content=\"https:\/\/www.safinel.fr\/wp-content\/uploads\/2022\/02\/tribule-fruit-entier.jpg\" \/>\n\t<meta property=\"og:image:width\" content=\"600\" \/>\n\t<meta property=\"og:image:height\" content=\"600\" \/>\n\t<meta property=\"og:image:type\" content=\"image\/jpeg\" \/>\n<meta name=\"twitter:card\" content=\"summary_large_image\" \/>\n<meta name=\"twitter:label1\" content=\"Tempo di lettura stimato\" \/>\n\t<meta name=\"twitter:data1\" content=\"6 minuti\" \/>\n<script type=\"application\/ld+json\" class=\"yoast-schema-graph\">{\"@context\":\"https:\/\/schema.org\",\"@graph\":[{\"@type\":\"WebPage\",\"@id\":\"https:\/\/www.safinel.fr\/produit\/tribulus\/\",\"url\":\"https:\/\/www.safinel.fr\/produit\/tribulus\/\",\"name\":\"Tribulus I Tribule terrestre I Rem\u00e8de naturel \u00e0 d\u00e9couvrir\",\"isPartOf\":{\"@id\":\"https:\/\/www.safinel.fr\/#website\"},\"primaryImageOfPage\":{\"@id\":\"https:\/\/www.safinel.fr\/produit\/tribulus\/#primaryimage\"},\"image\":{\"@id\":\"https:\/\/www.safinel.fr\/produit\/tribulus\/#primaryimage\"},\"thumbnailUrl\":\"https:\/\/www.safinel.fr\/wp-content\/uploads\/2022\/02\/tribule-fruit-entier.jpg\",\"datePublished\":\"2022-02-23T19:43:21+00:00\",\"dateModified\":\"2024-12-31T02:17:41+00:00\",\"description\":\"Le tribulus, \u00e9galement appel\u00e9\u00a0\u201ctribule terrestre\u201d,\u00a0ou encore\u00a0\u201ccroix de Malte\u201d,\u00a0est un rem\u00e8de ancestral. D\u00e9couvrez-le sans plus attendre !\",\"breadcrumb\":{\"@id\":\"https:\/\/www.safinel.fr\/produit\/tribulus\/#breadcrumb\"},\"inLanguage\":\"it-IT\",\"potentialAction\":[{\"@type\":\"ReadAction\",\"target\":[\"https:\/\/www.safinel.fr\/produit\/tribulus\/\"]}]},{\"@type\":\"ImageObject\",\"inLanguage\":\"it-IT\",\"@id\":\"https:\/\/www.safinel.fr\/produit\/tribulus\/#primaryimage\",\"url\":\"https:\/\/www.safinel.fr\/wp-content\/uploads\/2022\/02\/tribule-fruit-entier.jpg\",\"contentUrl\":\"https:\/\/www.safinel.fr\/wp-content\/uploads\/2022\/02\/tribule-fruit-entier.jpg\",\"width\":600,\"height\":600,\"caption\":\"Tribulus I Tribule terrestre\"},{\"@type\":\"BreadcrumbList\",\"@id\":\"https:\/\/www.safinel.fr\/produit\/tribulus\/#breadcrumb\",\"itemListElement\":[{\"@type\":\"ListItem\",\"position\":1,\"name\":\"Accueil\",\"item\":\"https:\/\/www.safinel.fr\/\"},{\"@type\":\"ListItem\",\"position\":2,\"name\":\"Boutique\",\"item\":\"https:\/\/www.safinel.fr\/boutique\/\"},{\"@type\":\"ListItem\",\"position\":3,\"name\":\"Tribule (Tribulus) 100g\"}]},{\"@type\":\"WebSite\",\"@id\":\"https:\/\/www.safinel.fr\/#website\",\"url\":\"https:\/\/www.safinel.fr\/\",\"name\":\"Safinel\",\"description\":\"\",\"publisher\":{\"@id\":\"https:\/\/www.safinel.fr\/#organization\"},\"potentialAction\":[{\"@type\":\"SearchAction\",\"target\":{\"@type\":\"EntryPoint\",\"urlTemplate\":\"https:\/\/www.safinel.fr\/?s={search_term_string}\"},\"query-input\":{\"@type\":\"PropertyValueSpecification\",\"valueRequired\":true,\"valueName\":\"search_term_string\"}}],\"inLanguage\":\"it-IT\"},{\"@type\":\"Organization\",\"@id\":\"https:\/\/www.safinel.fr\/#organization\",\"name\":\"Safinel\",\"url\":\"https:\/\/www.safinel.fr\/\",\"logo\":{\"@type\":\"ImageObject\",\"inLanguage\":\"it-IT\",\"@id\":\"https:\/\/www.safinel.fr\/#\/schema\/logo\/image\/\",\"url\":\"https:\/\/www.safinel.fr\/wp-content\/uploads\/2021\/05\/boutique-cosmetique.png\",\"contentUrl\":\"https:\/\/www.safinel.fr\/wp-content\/uploads\/2021\/05\/boutique-cosmetique.png\",\"width\":800,\"height\":200,\"caption\":\"Safinel\"},\"image\":{\"@id\":\"https:\/\/www.safinel.fr\/#\/schema\/logo\/image\/\"}}]}<\/script>\n<!-- \/ Yoast SEO plugin. -->","yoast_head_json":{"title":"Tribulus I Trib\u00f9 della Terra I Rimedio naturale da scoprire","description":"Il Tribulus, noto anche come \u201ctribolo terrestre\u201d o \u201ccroce di Malta\u201d, \u00e8 un rimedio antico. Scopritelo ora!","robots":{"index":"index","follow":"follow","max-snippet":"max-snippet:-1","max-image-preview":"max-image-preview:large","max-video-preview":"max-video-preview:-1"},"canonical":"https:\/\/www.safinel.fr\/it\/prodotto\/tribolo\/","og_locale":"it_IT","og_type":"article","og_title":"Tribulus I Tribule terrestre I Rem\u00e8de naturel \u00e0 d\u00e9couvrir","og_description":"Le tribulus, \u00e9galement appel\u00e9\u00a0\u201ctribule terrestre\u201d,\u00a0ou encore\u00a0\u201ccroix de Malte\u201d,\u00a0est un rem\u00e8de ancestral. D\u00e9couvrez-le sans plus attendre !","og_url":"https:\/\/www.safinel.fr\/it\/prodotto\/tribolo\/","og_site_name":"Safinel","article_modified_time":"2024-12-31T02:17:41+00:00","og_image":[{"width":600,"height":600,"url":"https:\/\/www.safinel.fr\/wp-content\/uploads\/2022\/02\/tribule-fruit-entier.jpg","type":"image\/jpeg"}],"twitter_card":"summary_large_image","twitter_misc":{"Tempo di lettura stimato":"6 minuti"},"schema":{"@context":"https:\/\/schema.org","@graph":[{"@type":"WebPage","@id":"https:\/\/www.safinel.fr\/produit\/tribulus\/","url":"https:\/\/www.safinel.fr\/produit\/tribulus\/","name":"Tribulus I Trib\u00f9 della Terra I Rimedio naturale da scoprire","isPartOf":{"@id":"https:\/\/www.safinel.fr\/#website"},"primaryImageOfPage":{"@id":"https:\/\/www.safinel.fr\/produit\/tribulus\/#primaryimage"},"image":{"@id":"https:\/\/www.safinel.fr\/produit\/tribulus\/#primaryimage"},"thumbnailUrl":"https:\/\/www.safinel.fr\/wp-content\/uploads\/2022\/02\/tribule-fruit-entier.jpg","datePublished":"2022-02-23T19:43:21+00:00","dateModified":"2024-12-31T02:17:41+00:00","description":"Il Tribulus, noto anche come \u201ctribolo terrestre\u201d o \u201ccroce di Malta\u201d, \u00e8 un rimedio antico. Scopritelo ora!","breadcrumb":{"@id":"https:\/\/www.safinel.fr\/produit\/tribulus\/#breadcrumb"},"inLanguage":"it-IT","potentialAction":[{"@type":"ReadAction","target":["https:\/\/www.safinel.fr\/produit\/tribulus\/"]}]},{"@type":"ImageObject","inLanguage":"it-IT","@id":"https:\/\/www.safinel.fr\/produit\/tribulus\/#primaryimage","url":"https:\/\/www.safinel.fr\/wp-content\/uploads\/2022\/02\/tribule-fruit-entier.jpg","contentUrl":"https:\/\/www.safinel.fr\/wp-content\/uploads\/2022\/02\/tribule-fruit-entier.jpg","width":600,"height":600,"caption":"Tribulus I Tribule terrestre"},{"@type":"BreadcrumbList","@id":"https:\/\/www.safinel.fr\/produit\/tribulus\/#breadcrumb","itemListElement":[{"@type":"ListItem","position":1,"name":"Accueil","item":"https:\/\/www.safinel.fr\/"},{"@type":"ListItem","position":2,"name":"Boutique","item":"https:\/\/www.safinel.fr\/boutique\/"},{"@type":"ListItem","position":3,"name":"Tribule (Tribulus) 100g"}]},{"@type":"WebSite","@id":"https:\/\/www.safinel.fr\/#website","url":"https:\/\/www.safinel.fr\/","name":"Safinel","description":"","publisher":{"@id":"https:\/\/www.safinel.fr\/#organization"},"potentialAction":[{"@type":"SearchAction","target":{"@type":"EntryPoint","urlTemplate":"https:\/\/www.safinel.fr\/?s={search_term_string}"},"query-input":{"@type":"PropertyValueSpecification","valueRequired":true,"valueName":"search_term_string"}}],"inLanguage":"it-IT"},{"@type":"Organization","@id":"https:\/\/www.safinel.fr\/#organization","name":"Safinel","url":"https:\/\/www.safinel.fr\/","logo":{"@type":"ImageObject","inLanguage":"it-IT","@id":"https:\/\/www.safinel.fr\/#\/schema\/logo\/image\/","url":"https:\/\/www.safinel.fr\/wp-content\/uploads\/2021\/05\/boutique-cosmetique.png","contentUrl":"https:\/\/www.safinel.fr\/wp-content\/uploads\/2021\/05\/boutique-cosmetique.png","width":800,"height":200,"caption":"Safinel"},"image":{"@id":"https:\/\/www.safinel.fr\/#\/schema\/logo\/image\/"}}]}},"_links":{"self":[{"href":"https:\/\/www.safinel.fr\/it\/wp-json\/wp\/v2\/product\/860","targetHints":{"allow":["GET"]}}],"collection":[{"href":"https:\/\/www.safinel.fr\/it\/wp-json\/wp\/v2\/product"}],"about":[{"href":"https:\/\/www.safinel.fr\/it\/wp-json\/wp\/v2\/types\/product"}],"wp:featuredmedia":[{"embeddable":true,"href":"https:\/\/www.safinel.fr\/it\/wp-json\/wp\/v2\/media\/862"}],"wp:attachment":[{"href":"https:\/\/www.safinel.fr\/it\/wp-json\/wp\/v2\/media?parent=860"}],"wp:term":[{"taxonomy":"product_brand","embeddable":true,"href":"https:\/\/www.safinel.fr\/it\/wp-json\/wp\/v2\/product_brand?post=860"},{"taxonomy":"product_cat","embeddable":true,"href":"https:\/\/www.safinel.fr\/it\/wp-json\/wp\/v2\/product_cat?post=860"},{"taxonomy":"product_tag","embeddable":true,"href":"https:\/\/www.safinel.fr\/it\/wp-json\/wp\/v2\/product_tag?post=860"}],"curies":[{"name":"wp","href":"https:\/\/api.w.org\/{rel}","templated":true}]}}