{"id":858,"date":"2022-02-23T19:33:53","date_gmt":"2022-02-23T19:33:53","guid":{"rendered":"https:\/\/www.safinel.fr\/?post_type=product&#038;p=858"},"modified":"2023-12-30T13:29:27","modified_gmt":"2023-12-30T13:29:27","slug":"tisana-con-latte","status":"publish","type":"product","link":"https:\/\/www.safinel.fr\/it\/prodotto\/tisana-con-latte\/","title":{"rendered":"Tisana speciale per l'allattamento 100g"},"content":{"rendered":"<p><strong>Allattamento al seno del bambino\u00a0<\/strong>\u00e8 sicuramente una delle cose pi\u00f9 belle che si possano dare al proprio bambino fin dalla nascita. Tuttavia, sebbene questo comportamento sia del tutto naturale, non \u00e8 tutto rose e fiori per le mamme.\u00a0<strong>T\u00e8 per l'allattamento<\/strong>\u00a0rende pi\u00f9 facile\u00a0<strong>il latte sale<\/strong>, Questo permette alla madre di idratarsi regolarmente durante la giornata.<\/p>\n<p>Scoprire un<strong>\u00a0soluzione naturale\u00a0<\/strong>per allattare il neonato in tutta tranquillit\u00e0 e in modo sano...<\/p>\n<h2><strong>T\u00e8 per l'allattamento: un bene per la mamma e per il bambino!\u00a0<\/strong><\/h2>\n<p>Questo\u00a0<strong>infuso di erbe\u00a0<\/strong>\u00e8 un'abile miscela di\u00a0<strong>flusso di latte speciale<\/strong>. Non \u00e8 raro che le madri abbiano difficolt\u00e0 ad allattare. Stanchezza, stress, confusione dei capezzoli o mancanza di idratazione... sono molti i fattori che possono contribuire a rendere difficile l'allattamento.<strong>\u00a0lattazione ridotta<\/strong>.<\/p>\n<p>In questo modo, il nostro\u00a0<strong>bevanda naturale<\/strong>\u00a0\u00e8 composto da diversi<strong>\u00a0piante galattogene<\/strong>. Rinomati per la loro\u00a0<strong>stimola la produzione di latte<\/strong>.<\/p>\n<ul>\n<li><strong>Finocchio dolce :\u00a0<\/strong>Oltre ad aggiungere un sapore delicato alla bevanda, il finocchio \u00e8 ricco di calcio, vitamina C e antiossidanti.<\/li>\n<\/ul>\n<ul>\n<li><strong>Cumino nero :\u00a0<\/strong>Conosciuto anche come cumino dei frutti, assomiglia al finocchio ma ha un aroma meno pronunciato. \u00c8 utile in caso di spasmi e coliche.<\/li>\n<\/ul>\n<ul>\n<li><strong>Anice verde :<\/strong>\u00a0Questa pianta carminativa \u00e8 ricca di benefici. D\u00e0 anche un gusto piacevole a\u00a0<strong>latte materno\u00a0<\/strong>!<\/li>\n<\/ul>\n<h2><strong>I benefici del t\u00e8 per l'allattamento\u00a0<\/strong><\/h2>\n<p>Scoprite i numerosi benefici di bere ogni giorno questa tisana per l'allattamento. Per voi e per il vostro bambino:<\/p>\n<ul>\n<li>Le piante note come galattogeni facilitano la produzione e la risalita del latte; ;<\/li>\n<li>Permette alla madre di idratarsi regolarmente; ;<\/li>\n<li>Favorisce la digestione; ;<\/li>\n<li>Lenisce le coliche dei bambini; ;<\/li>\n<li>Conferisce al latte materno un sapore gradevole e delicato; ;<\/li>\n<li>Aiuta a trattare il gonfiore e la digestione difficile; ;<\/li>\n<li>Allevia il reflusso nei bambini.<\/li>\n<\/ul>\n<h2><strong>I nostri consigli per l'uso\u00a0<\/strong><\/h2>\n<p>Utilizzare questa tisana per l'allattamento ogni giorno \u00e8 un gioco da ragazzi. Tutto ci\u00f2 che serve \u00e8 un po' d'acqua, una tazza e qualcosa per riscaldarla! Vediamo come fare:<\/p>\n<p><strong>Infusione\u00a0<\/strong><\/p>\n<ol>\n<li>Per cominciare, portare l'acqua a ebollizione; ;<\/li>\n<li>Utilizzare un cucchiaino per assumere una dose di tisana per l'allattamento; ;<\/li>\n<li>Versare quindi l'acqua bollente e lasciare in infusione per circa dieci minuti; ;<\/li>\n<li>Bere la bevanda da sola o con un cucchiaio di\u00a0<strong><a href=\"https:\/\/www.miel-store.com\/\" target=\"_blank\" rel=\"noopener\">miele<\/a>.<\/strong><\/li>\n<\/ol>\n<p>Si consiglia di bere diverse tazze al giorno.<\/p>\n<p><strong>Decotto\u00a0<\/strong><\/p>\n<ol>\n<li>Aggiungere all'acqua la quantit\u00e0 di erbe necessaria per il numero di tazze da bere durante il giorno; ;<\/li>\n<li>Portare l'acqua a ebollizione; ;<\/li>\n<li>Filtrate il composto e bevete!<\/li>\n<\/ol>\n<h2><strong>Impianti post-parto a Safinel\u00a0<\/strong><\/h2>\n<p>Il bambino \u00e8 finalmente con voi. Ora potete prendervi cura di voi stesse e del vostro corpo! Da Safinel abbiamo un'ampia gamma di piante per le donne.<\/p>\n<p>Si pu\u00f2 scoprire o riscoprire, ad esempio,\u00a0<strong>radici di vetiver<\/strong>. Conosciuto anche come\u00a0<a href=\"https:\/\/www.safinel.fr\/it\/prodotto\/radici-di-vetiver\/\"><strong>khamar\u00e9<\/strong><\/a>. Sono particolarmente indicate dopo il parto per favorire la pulizia dell'utero. Per non parlare delle loro numerose propriet\u00e0 per l'igiene intima.<\/p>\n<p>D'altra parte,\u00a0<strong><a href=\"https:\/\/www.safinel.fr\/it\/prodotto\/djeka-lascia\/\">Djeka se ne va<\/a>\u00a0<\/strong>sono molto popolari dopo il parto per aiutare a rieducare il perineo.<\/p>\n<h3><strong>Precauzioni e istruzioni per la conservazione del t\u00e8 per l'allattamento al seno\u00a0<\/strong><\/h3>\n<p>Seguire sempre il dosaggio prescritto.<\/p>\n<p>Chiudere bene la bustina dopo ogni utilizzo. Potete anche trasferire la vostra miscela di erbe in un contenitore ermetico per conservarne gli aromi.<\/p>","protected":false},"excerpt":{"rendered":"<p>Allaiter son enfant\u00a0est s\u00fbrement l\u2019une des plus belles choses que l\u2019on peut lui apporter d\u00e8s sa naissance. Toutefois, bien que ce comportement soit tout \u00e0 fait naturel, il n\u2019est pas de tout repos pour la maman.\u00a0La tisane d\u2019allaitement\u00a0facilite ainsi les\u00a0mont\u00e9es de lait, et permet \u00e0 la m\u00e8re de s\u2019hydrater r\u00e9guli\u00e8rement au cours de la journ\u00e9e. [&#8230;]","protected":false},"featured_media":859,"template":"","meta":[],"product_brand":[],"product_cat":[19],"product_tag":[],"class_list":{"0":"post-858","1":"product","2":"type-product","3":"status-publish","4":"has-post-thumbnail","6":"product_cat-thes-tisanes","8":"first","9":"instock","10":"shipping-taxable","11":"purchasable","12":"product-type-simple"},"yoast_head":"<!-- This site is optimized with the Yoast SEO plugin v26.6 - https:\/\/yoast.com\/wordpress\/plugins\/seo\/ -->\n<title>Tisane allaitement I La tisane sp\u00e9ciale mont\u00e9e de lait I 100g<\/title>\n<meta name=\"description\" content=\"La tisane allaitement\u00a0facilite ainsi les\u00a0mont\u00e9es de lait, et permet \u00e0 la m\u00e8re de s\u2019hydrater r\u00e9guli\u00e8rement au cours de la journ\u00e9e.\u00a0\" \/>\n<meta name=\"robots\" content=\"index, follow, max-snippet:-1, max-image-preview:large, max-video-preview:-1\" \/>\n<link rel=\"canonical\" href=\"https:\/\/www.safinel.fr\/it\/prodotto\/tisana-con-latte\/\" \/>\n<meta property=\"og:locale\" content=\"it_IT\" \/>\n<meta property=\"og:type\" content=\"article\" \/>\n<meta property=\"og:title\" content=\"Tisane allaitement I La tisane sp\u00e9ciale mont\u00e9e de lait I 100g\" \/>\n<meta property=\"og:description\" content=\"La tisane allaitement\u00a0facilite ainsi les\u00a0mont\u00e9es de lait, et permet \u00e0 la m\u00e8re de s\u2019hydrater r\u00e9guli\u00e8rement au cours de la journ\u00e9e.\u00a0\" \/>\n<meta property=\"og:url\" content=\"https:\/\/www.safinel.fr\/it\/prodotto\/tisana-con-latte\/\" \/>\n<meta property=\"og:site_name\" content=\"Safinel\" \/>\n<meta property=\"article:modified_time\" content=\"2023-12-30T13:29:27+00:00\" \/>\n<meta property=\"og:image\" content=\"https:\/\/www.safinel.fr\/wp-content\/uploads\/2022\/02\/tisane-montee-de-lait.jpg\" \/>\n\t<meta property=\"og:image:width\" content=\"600\" \/>\n\t<meta property=\"og:image:height\" content=\"600\" \/>\n\t<meta property=\"og:image:type\" content=\"image\/jpeg\" \/>\n<meta name=\"twitter:card\" content=\"summary_large_image\" \/>\n<meta name=\"twitter:label1\" content=\"Tempo di lettura stimato\" \/>\n\t<meta name=\"twitter:data1\" content=\"3 minuti\" \/>\n<script type=\"application\/ld+json\" class=\"yoast-schema-graph\">{\"@context\":\"https:\/\/schema.org\",\"@graph\":[{\"@type\":\"WebPage\",\"@id\":\"https:\/\/www.safinel.fr\/produit\/tisane-montee-de-lait\/\",\"url\":\"https:\/\/www.safinel.fr\/produit\/tisane-montee-de-lait\/\",\"name\":\"Tisane allaitement I La tisane sp\u00e9ciale mont\u00e9e de lait I 100g\",\"isPartOf\":{\"@id\":\"https:\/\/www.safinel.fr\/#website\"},\"primaryImageOfPage\":{\"@id\":\"https:\/\/www.safinel.fr\/produit\/tisane-montee-de-lait\/#primaryimage\"},\"image\":{\"@id\":\"https:\/\/www.safinel.fr\/produit\/tisane-montee-de-lait\/#primaryimage\"},\"thumbnailUrl\":\"https:\/\/www.safinel.fr\/wp-content\/uploads\/2022\/02\/tisane-montee-de-lait.jpg\",\"datePublished\":\"2022-02-23T19:33:53+00:00\",\"dateModified\":\"2023-12-30T13:29:27+00:00\",\"description\":\"La tisane allaitement\u00a0facilite ainsi les\u00a0mont\u00e9es de lait, et permet \u00e0 la m\u00e8re de s\u2019hydrater r\u00e9guli\u00e8rement au cours de la journ\u00e9e.\u00a0\",\"breadcrumb\":{\"@id\":\"https:\/\/www.safinel.fr\/produit\/tisane-montee-de-lait\/#breadcrumb\"},\"inLanguage\":\"it-IT\",\"potentialAction\":[{\"@type\":\"ReadAction\",\"target\":[\"https:\/\/www.safinel.fr\/produit\/tisane-montee-de-lait\/\"]}]},{\"@type\":\"ImageObject\",\"inLanguage\":\"it-IT\",\"@id\":\"https:\/\/www.safinel.fr\/produit\/tisane-montee-de-lait\/#primaryimage\",\"url\":\"https:\/\/www.safinel.fr\/wp-content\/uploads\/2022\/02\/tisane-montee-de-lait.jpg\",\"contentUrl\":\"https:\/\/www.safinel.fr\/wp-content\/uploads\/2022\/02\/tisane-montee-de-lait.jpg\",\"width\":600,\"height\":600,\"caption\":\"Tisane sp\u00e9ciale mont\u00e9e de lait 100g\"},{\"@type\":\"BreadcrumbList\",\"@id\":\"https:\/\/www.safinel.fr\/produit\/tisane-montee-de-lait\/#breadcrumb\",\"itemListElement\":[{\"@type\":\"ListItem\",\"position\":1,\"name\":\"Accueil\",\"item\":\"https:\/\/www.safinel.fr\/\"},{\"@type\":\"ListItem\",\"position\":2,\"name\":\"Boutique\",\"item\":\"https:\/\/www.safinel.fr\/boutique\/\"},{\"@type\":\"ListItem\",\"position\":3,\"name\":\"Tisane sp\u00e9ciale mont\u00e9e de lait 100g\"}]},{\"@type\":\"WebSite\",\"@id\":\"https:\/\/www.safinel.fr\/#website\",\"url\":\"https:\/\/www.safinel.fr\/\",\"name\":\"Safinel\",\"description\":\"\",\"publisher\":{\"@id\":\"https:\/\/www.safinel.fr\/#organization\"},\"potentialAction\":[{\"@type\":\"SearchAction\",\"target\":{\"@type\":\"EntryPoint\",\"urlTemplate\":\"https:\/\/www.safinel.fr\/?s={search_term_string}\"},\"query-input\":{\"@type\":\"PropertyValueSpecification\",\"valueRequired\":true,\"valueName\":\"search_term_string\"}}],\"inLanguage\":\"it-IT\"},{\"@type\":\"Organization\",\"@id\":\"https:\/\/www.safinel.fr\/#organization\",\"name\":\"Safinel\",\"url\":\"https:\/\/www.safinel.fr\/\",\"logo\":{\"@type\":\"ImageObject\",\"inLanguage\":\"it-IT\",\"@id\":\"https:\/\/www.safinel.fr\/#\/schema\/logo\/image\/\",\"url\":\"https:\/\/www.safinel.fr\/wp-content\/uploads\/2021\/05\/boutique-cosmetique.png\",\"contentUrl\":\"https:\/\/www.safinel.fr\/wp-content\/uploads\/2021\/05\/boutique-cosmetique.png\",\"width\":800,\"height\":200,\"caption\":\"Safinel\"},\"image\":{\"@id\":\"https:\/\/www.safinel.fr\/#\/schema\/logo\/image\/\"}}]}<\/script>\n<!-- \/ Yoast SEO plugin. -->","yoast_head_json":{"title":"Tisana per l'allattamento I Tisana speciale per l'allattamento I 100g","description":"La tisana per l'allattamento aiuta il latte a fluire pi\u00f9 facilmente e consente alle madri di idratarsi regolarmente durante la giornata.\u00a0","robots":{"index":"index","follow":"follow","max-snippet":"max-snippet:-1","max-image-preview":"max-image-preview:large","max-video-preview":"max-video-preview:-1"},"canonical":"https:\/\/www.safinel.fr\/it\/prodotto\/tisana-con-latte\/","og_locale":"it_IT","og_type":"article","og_title":"Tisane allaitement I La tisane sp\u00e9ciale mont\u00e9e de lait I 100g","og_description":"La tisane allaitement\u00a0facilite ainsi les\u00a0mont\u00e9es de lait, et permet \u00e0 la m\u00e8re de s\u2019hydrater r\u00e9guli\u00e8rement au cours de la journ\u00e9e.\u00a0","og_url":"https:\/\/www.safinel.fr\/it\/prodotto\/tisana-con-latte\/","og_site_name":"Safinel","article_modified_time":"2023-12-30T13:29:27+00:00","og_image":[{"width":600,"height":600,"url":"https:\/\/www.safinel.fr\/wp-content\/uploads\/2022\/02\/tisane-montee-de-lait.jpg","type":"image\/jpeg"}],"twitter_card":"summary_large_image","twitter_misc":{"Tempo di lettura stimato":"3 minuti"},"schema":{"@context":"https:\/\/schema.org","@graph":[{"@type":"WebPage","@id":"https:\/\/www.safinel.fr\/produit\/tisane-montee-de-lait\/","url":"https:\/\/www.safinel.fr\/produit\/tisane-montee-de-lait\/","name":"Tisana per l'allattamento I Tisana speciale per l'allattamento I 100g","isPartOf":{"@id":"https:\/\/www.safinel.fr\/#website"},"primaryImageOfPage":{"@id":"https:\/\/www.safinel.fr\/produit\/tisane-montee-de-lait\/#primaryimage"},"image":{"@id":"https:\/\/www.safinel.fr\/produit\/tisane-montee-de-lait\/#primaryimage"},"thumbnailUrl":"https:\/\/www.safinel.fr\/wp-content\/uploads\/2022\/02\/tisane-montee-de-lait.jpg","datePublished":"2022-02-23T19:33:53+00:00","dateModified":"2023-12-30T13:29:27+00:00","description":"La tisana per l'allattamento aiuta il latte a fluire pi\u00f9 facilmente e consente alle madri di idratarsi regolarmente durante la giornata.\u00a0","breadcrumb":{"@id":"https:\/\/www.safinel.fr\/produit\/tisane-montee-de-lait\/#breadcrumb"},"inLanguage":"it-IT","potentialAction":[{"@type":"ReadAction","target":["https:\/\/www.safinel.fr\/produit\/tisane-montee-de-lait\/"]}]},{"@type":"ImageObject","inLanguage":"it-IT","@id":"https:\/\/www.safinel.fr\/produit\/tisane-montee-de-lait\/#primaryimage","url":"https:\/\/www.safinel.fr\/wp-content\/uploads\/2022\/02\/tisane-montee-de-lait.jpg","contentUrl":"https:\/\/www.safinel.fr\/wp-content\/uploads\/2022\/02\/tisane-montee-de-lait.jpg","width":600,"height":600,"caption":"Tisane sp\u00e9ciale mont\u00e9e de lait 100g"},{"@type":"BreadcrumbList","@id":"https:\/\/www.safinel.fr\/produit\/tisane-montee-de-lait\/#breadcrumb","itemListElement":[{"@type":"ListItem","position":1,"name":"Accueil","item":"https:\/\/www.safinel.fr\/"},{"@type":"ListItem","position":2,"name":"Boutique","item":"https:\/\/www.safinel.fr\/boutique\/"},{"@type":"ListItem","position":3,"name":"Tisane sp\u00e9ciale mont\u00e9e de lait 100g"}]},{"@type":"WebSite","@id":"https:\/\/www.safinel.fr\/#website","url":"https:\/\/www.safinel.fr\/","name":"Safinel","description":"","publisher":{"@id":"https:\/\/www.safinel.fr\/#organization"},"potentialAction":[{"@type":"SearchAction","target":{"@type":"EntryPoint","urlTemplate":"https:\/\/www.safinel.fr\/?s={search_term_string}"},"query-input":{"@type":"PropertyValueSpecification","valueRequired":true,"valueName":"search_term_string"}}],"inLanguage":"it-IT"},{"@type":"Organization","@id":"https:\/\/www.safinel.fr\/#organization","name":"Safinel","url":"https:\/\/www.safinel.fr\/","logo":{"@type":"ImageObject","inLanguage":"it-IT","@id":"https:\/\/www.safinel.fr\/#\/schema\/logo\/image\/","url":"https:\/\/www.safinel.fr\/wp-content\/uploads\/2021\/05\/boutique-cosmetique.png","contentUrl":"https:\/\/www.safinel.fr\/wp-content\/uploads\/2021\/05\/boutique-cosmetique.png","width":800,"height":200,"caption":"Safinel"},"image":{"@id":"https:\/\/www.safinel.fr\/#\/schema\/logo\/image\/"}}]}},"_links":{"self":[{"href":"https:\/\/www.safinel.fr\/it\/wp-json\/wp\/v2\/product\/858","targetHints":{"allow":["GET"]}}],"collection":[{"href":"https:\/\/www.safinel.fr\/it\/wp-json\/wp\/v2\/product"}],"about":[{"href":"https:\/\/www.safinel.fr\/it\/wp-json\/wp\/v2\/types\/product"}],"wp:featuredmedia":[{"embeddable":true,"href":"https:\/\/www.safinel.fr\/it\/wp-json\/wp\/v2\/media\/859"}],"wp:attachment":[{"href":"https:\/\/www.safinel.fr\/it\/wp-json\/wp\/v2\/media?parent=858"}],"wp:term":[{"taxonomy":"product_brand","embeddable":true,"href":"https:\/\/www.safinel.fr\/it\/wp-json\/wp\/v2\/product_brand?post=858"},{"taxonomy":"product_cat","embeddable":true,"href":"https:\/\/www.safinel.fr\/it\/wp-json\/wp\/v2\/product_cat?post=858"},{"taxonomy":"product_tag","embeddable":true,"href":"https:\/\/www.safinel.fr\/it\/wp-json\/wp\/v2\/product_tag?post=858"}],"curies":[{"name":"wp","href":"https:\/\/api.w.org\/{rel}","templated":true}]}}