{"id":8243,"date":"2023-09-02T18:28:11","date_gmt":"2023-09-02T18:28:11","guid":{"rendered":"https:\/\/www.safinel.fr\/?post_type=product&#038;p=8243"},"modified":"2024-02-07T12:45:16","modified_gmt":"2024-02-07T12:45:16","slug":"polline-di-palma","status":"publish","type":"product","link":"https:\/\/www.safinel.fr\/it\/prodotto\/polline-di-palma\/","title":{"rendered":"Polline di palma 25g"},"content":{"rendered":"<p>Conosci il\u00a0<strong>polline di palma<\/strong>\u00a0? Questo prodotto naturale, a lungo poco conosciuto, ha tuttavia molte virt\u00f9. Direttamente dalle regioni tropicali e subtropicali in cui crescono le palme, questo prezioso polline si sta affermando tra gli appassionati di prodotti naturali grazie ai suoi effetti positivi sulla salute.<\/p>\n<h2><strong>L'origine e la raccolta del polline di palma<\/strong><\/h2>\n<p>Come suggerisce il nome, il polline di palma proviene dalla palma. Una famiglia di piante chiamata Arecaceae, che comprende pi\u00f9 di 200 specie in diverse parti del mondo. Per raccogliere questo prezioso polline, bisogna aspettare che i fiori maschili - noti anche come infiorescenze - della palma scoppino, rilasciando enormi quantit\u00e0 di grani di polline giallo paglierino.<\/p>\n<p>Questi piccoli chicchi altamente nutrienti vengono raccolti a mano o con strumenti speciali, quindi essiccati al sole e conservati. Una volta preparata con cura, questa polvere che favorisce la fertilit\u00e0 pu\u00f2 essere offerta in diverse forme (capsule, polvere, ecc.) per soddisfare al meglio le esigenze e le aspettative individuali.<\/p>\n<h2><strong>I benefici del polline di palma per la fertilit\u00e0 maschile<\/strong><\/h2>\n<p>Negli ultimi anni, i ricercatori hanno mostrato un crescente interesse per questa polvere naturale e per le sue propriet\u00e0 medicinali. In particolare per quanto riguarda\u00a0<a href=\"https:\/\/www.safinel.fr\/it\/categoria-prodotto\/intimita-maschile\/\"><strong>fertilit\u00e0 maschile<\/strong><\/a>. Numerosi studi hanno dimostrato che il polline di palma potrebbe avere un effetto positivo sul numero di spermatozoi, sulla mobilit\u00e0 e sulla vitalit\u00e0.<\/p>\n<ul>\n<li><strong>Migliore qualit\u00e0 dello sperma<\/strong><\/li>\n<\/ul>\n<p>Il polline di palma \u00e8 ricco di proteine, vitamine e minerali essenziali per il corretto funzionamento dell'organismo. Tra questi, calcio, ferro, rame, zinco, magnesio, magnesio, calcio, magnesio, magnesio, magnesio, magnesio, magnesio, magnesio, magnesio, magnesio, magnesio, magnesio, magnesio, magnesio, magnesio, magnesio, magnesio, magnesio, magnesio, magnesio, magnesio, magnesio, magnesio, magnesio, magnesio. <a href=\"https:\/\/www.safinel.fr\/it\/prodotto\/bisglicinato-di-zinco\/\"><strong>zinco<\/strong><\/a> e selenio. Elementi essenziali per una buona produzione di sperma. Oltre a una dieta equilibrata. Il consumo regolare di polline di palma potrebbe quindi contribuire a migliorare la qualit\u00e0 dello sperma negli uomini che soffrono di infertilit\u00e0.<\/p>\n<ul>\n<li><strong>Un impatto sulla libido<\/strong><\/li>\n<\/ul>\n<p>Gli effetti benefici del polline di palma non si limitano alla fertilit\u00e0 maschile. Sembra che abbia anche un ruolo nello stimolare la libido dell'uomo. Aiutando, ad esempio, a combattere la stanchezza o a favorire il rilassamento. Come integratore naturale dalle propriet\u00e0 afrodisiache, \u00e8 un'alternativa interessante per chi vuole aumentare il proprio desiderio sessuale.<\/p>\n<h2><strong>Altri benefici per la salute<\/strong><\/h2>\n<p>Sebbene il polline di palma sia noto soprattutto per il suo effetto sulla fertilit\u00e0 maschile, ha anche molti altri benefici:<\/p>\n<ul>\n<li><strong>Un ruolo nella regolazione del sistema ormonale<\/strong>\u00a0Grazie al suo elevato contenuto di vitamine e minerali. Si ritiene che contribuisca a equilibrare i livelli ormonali sia negli uomini che nelle donne. Questo aiuta a combattere alcuni problemi legati allo squilibrio ormonale (sindrome premestruale, problemi di menopausa, ecc.).<\/li>\n<li><strong>Azione sul sistema immunitario<\/strong>\u00a0Il polline di palma \u00e8 riconosciuto anche per i suoi effetti positivi sul sistema immunitario. In particolare, contribuisce a rafforzare le difese naturali dell'organismo.<\/li>\n<li><strong>Propriet\u00e0 antiossidanti<\/strong>\u00a0Polline: proprio come il polline \u00abclassico\u00bb raccolto dalle api. Questa polvere che favorisce la fertilit\u00e0 contiene antiossidanti che aiutano a combattere i radicali liberi responsabili dell'invecchiamento prematuro delle cellule.<\/li>\n<\/ul>\n<h2><strong>Dove posso trovare il polline di palma?<\/strong><\/h2>\n<p>La domanda di questo prodotto \u00e8 in continuo aumento, quindi \u00e8 pi\u00f9 facile da trovare che mai. In particolare, \u00e8 possibile acquistare questo prodotto da\u00a0<strong>negozi specializzati<\/strong>, Si tratta sia di negozi fisici che di negozi online dedicati ai prodotti naturali e a base vegetale.<\/p>\n<p>Sempre nell'ottica di soddisfare i consumatori. Il polline di palma \u00e8 disponibile in molte forme: <a href=\"https:\/\/www.safinel.fr\/it\/prodotto\/capsule-di-polline-di-palma\/\"><strong>capsule<\/strong><\/a>, Il polline di palma \u00e8 disponibile in diversi gusti, in polvere o in miscela. Esistono anche ricette a base di polline di palma per i buongustai che vogliono scoprirlo in modo diverso e sfruttarne i benefici.<\/p>\n<h3><strong>Un alleato naturale della salute<\/strong><\/h3>\n<p>In breve, il polline di palma \u00e8 una vera e propria miniera d'oro per chi cerca soluzioni naturali per migliorare la propria salute e il proprio benessere. Grazie alle scoperte scientifiche e alle numerose testimonianze di consumatori conquistati dai suoi effetti positivi sulla fertilit\u00e0 maschile. Sul sistema ormonale e sul sistema immunitario. Sta gradualmente guadagnando popolarit\u00e0 e sta diventando un must per gli appassionati di prodotti naturali.<\/p>","protected":false},"excerpt":{"rendered":"<p><strong>NB<\/strong> Il polline di palma non \u00e8 adatto alle donne che soffrono di sindrome dell'ovaio policistico, fibromi, miomi, polipi, endometriosi, cisti o che assumono farmaci da prescrizione. <a href=\"https:\/\/www.safinel.fr\/it\/prodotto\/albero-casto\/\"><strong>t\u00e8 di gatillier<\/strong><\/a>.<\/p>\n<p>Bustina da 25 g<\/p>\n<p><img decoding=\"async\" class=\"size-full wp-image-5091 aligncenter\" src=\"https:\/\/www.safinel.fr\/wp-content\/uploads\/2021\/06\/BANNIERE-ICONE-SAFINEL.webp\" alt=\"riassicurazione satine\" width=\"800\" height=\"200\" srcset=\"https:\/\/www.safinel.fr\/wp-content\/uploads\/2021\/06\/BANNIERE-ICONE-SAFINEL.webp 800w, https:\/\/www.safinel.fr\/wp-content\/uploads\/2021\/06\/BANNIERE-ICONE-SAFINEL-600x150.webp 600w, https:\/\/www.safinel.fr\/wp-content\/uploads\/2021\/06\/BANNIERE-ICONE-SAFINEL-768x192.webp 768w\" sizes=\"(max-width: 800px) 100vw, 800px\" \/><\/p>","protected":false},"featured_media":8244,"template":"","meta":[],"product_brand":[],"product_cat":[15],"product_tag":[],"class_list":{"0":"post-8243","1":"product","2":"type-product","3":"status-publish","4":"has-post-thumbnail","6":"product_cat-fertilite","8":"first","9":"instock","10":"shipping-taxable","11":"purchasable","12":"product-type-simple"},"yoast_head":"<!-- This site is optimized with the Yoast SEO plugin v26.6 - https:\/\/yoast.com\/wordpress\/plugins\/seo\/ -->\n<title>Pollen de palmier | Poudre naturelle qui favorise la fertilit\u00e9<\/title>\n<meta name=\"description\" content=\"Connaissez-vous le\u00a0pollen de palmier\u00a0? Ce produit naturel, longtemps m\u00e9connu, a pourtant de nombreuses vertus. Adoptez-le sans plus attendre !\" \/>\n<meta name=\"robots\" content=\"index, follow, max-snippet:-1, max-image-preview:large, max-video-preview:-1\" \/>\n<link rel=\"canonical\" href=\"https:\/\/www.safinel.fr\/it\/prodotto\/polline-di-palma\/\" \/>\n<meta property=\"og:locale\" content=\"it_IT\" \/>\n<meta property=\"og:type\" content=\"article\" \/>\n<meta property=\"og:title\" content=\"Pollen de palmier | Poudre naturelle qui favorise la fertilit\u00e9\" \/>\n<meta property=\"og:description\" content=\"Connaissez-vous le\u00a0pollen de palmier\u00a0? Ce produit naturel, longtemps m\u00e9connu, a pourtant de nombreuses vertus. Adoptez-le sans plus attendre !\" \/>\n<meta property=\"og:url\" content=\"https:\/\/www.safinel.fr\/it\/prodotto\/polline-di-palma\/\" \/>\n<meta property=\"og:site_name\" content=\"Safinel\" \/>\n<meta property=\"article:modified_time\" content=\"2024-02-07T12:45:16+00:00\" \/>\n<meta property=\"og:image\" content=\"https:\/\/www.safinel.fr\/wp-content\/uploads\/2023\/09\/pollen-de-palmier.jpg\" \/>\n\t<meta property=\"og:image:width\" content=\"600\" \/>\n\t<meta property=\"og:image:height\" content=\"600\" \/>\n\t<meta property=\"og:image:type\" content=\"image\/jpeg\" \/>\n<meta name=\"twitter:card\" content=\"summary_large_image\" \/>\n<meta name=\"twitter:label1\" content=\"Tempo di lettura stimato\" \/>\n\t<meta name=\"twitter:data1\" content=\"4 minuti\" \/>\n<script type=\"application\/ld+json\" class=\"yoast-schema-graph\">{\"@context\":\"https:\/\/schema.org\",\"@graph\":[{\"@type\":\"WebPage\",\"@id\":\"https:\/\/www.safinel.fr\/produit\/pollen-de-palmier\/\",\"url\":\"https:\/\/www.safinel.fr\/produit\/pollen-de-palmier\/\",\"name\":\"Pollen de palmier | Poudre naturelle qui favorise la fertilit\u00e9\",\"isPartOf\":{\"@id\":\"https:\/\/www.safinel.fr\/#website\"},\"primaryImageOfPage\":{\"@id\":\"https:\/\/www.safinel.fr\/produit\/pollen-de-palmier\/#primaryimage\"},\"image\":{\"@id\":\"https:\/\/www.safinel.fr\/produit\/pollen-de-palmier\/#primaryimage\"},\"thumbnailUrl\":\"https:\/\/www.safinel.fr\/wp-content\/uploads\/2023\/09\/pollen-de-palmier.jpg\",\"datePublished\":\"2023-09-02T18:28:11+00:00\",\"dateModified\":\"2024-02-07T12:45:16+00:00\",\"description\":\"Connaissez-vous le\u00a0pollen de palmier\u00a0? Ce produit naturel, longtemps m\u00e9connu, a pourtant de nombreuses vertus. Adoptez-le sans plus attendre !\",\"breadcrumb\":{\"@id\":\"https:\/\/www.safinel.fr\/produit\/pollen-de-palmier\/#breadcrumb\"},\"inLanguage\":\"it-IT\",\"potentialAction\":[{\"@type\":\"ReadAction\",\"target\":[\"https:\/\/www.safinel.fr\/produit\/pollen-de-palmier\/\"]}]},{\"@type\":\"ImageObject\",\"inLanguage\":\"it-IT\",\"@id\":\"https:\/\/www.safinel.fr\/produit\/pollen-de-palmier\/#primaryimage\",\"url\":\"https:\/\/www.safinel.fr\/wp-content\/uploads\/2023\/09\/pollen-de-palmier.jpg\",\"contentUrl\":\"https:\/\/www.safinel.fr\/wp-content\/uploads\/2023\/09\/pollen-de-palmier.jpg\",\"width\":600,\"height\":600,\"caption\":\"Pollen de palmier\"},{\"@type\":\"BreadcrumbList\",\"@id\":\"https:\/\/www.safinel.fr\/produit\/pollen-de-palmier\/#breadcrumb\",\"itemListElement\":[{\"@type\":\"ListItem\",\"position\":1,\"name\":\"Accueil\",\"item\":\"https:\/\/www.safinel.fr\/\"},{\"@type\":\"ListItem\",\"position\":2,\"name\":\"Boutique\",\"item\":\"https:\/\/www.safinel.fr\/boutique\/\"},{\"@type\":\"ListItem\",\"position\":3,\"name\":\"Pollen de palmier 25g\"}]},{\"@type\":\"WebSite\",\"@id\":\"https:\/\/www.safinel.fr\/#website\",\"url\":\"https:\/\/www.safinel.fr\/\",\"name\":\"Safinel\",\"description\":\"\",\"publisher\":{\"@id\":\"https:\/\/www.safinel.fr\/#organization\"},\"potentialAction\":[{\"@type\":\"SearchAction\",\"target\":{\"@type\":\"EntryPoint\",\"urlTemplate\":\"https:\/\/www.safinel.fr\/?s={search_term_string}\"},\"query-input\":{\"@type\":\"PropertyValueSpecification\",\"valueRequired\":true,\"valueName\":\"search_term_string\"}}],\"inLanguage\":\"it-IT\"},{\"@type\":\"Organization\",\"@id\":\"https:\/\/www.safinel.fr\/#organization\",\"name\":\"Safinel\",\"url\":\"https:\/\/www.safinel.fr\/\",\"logo\":{\"@type\":\"ImageObject\",\"inLanguage\":\"it-IT\",\"@id\":\"https:\/\/www.safinel.fr\/#\/schema\/logo\/image\/\",\"url\":\"https:\/\/www.safinel.fr\/wp-content\/uploads\/2021\/05\/boutique-cosmetique.png\",\"contentUrl\":\"https:\/\/www.safinel.fr\/wp-content\/uploads\/2021\/05\/boutique-cosmetique.png\",\"width\":800,\"height\":200,\"caption\":\"Safinel\"},\"image\":{\"@id\":\"https:\/\/www.safinel.fr\/#\/schema\/logo\/image\/\"}}]}<\/script>\n<!-- \/ Yoast SEO plugin. -->","yoast_head_json":{"title":"Polline di palma | Polvere naturale che favorisce la fertilit\u00e0","description":"Avete mai sentito parlare del polline di palma? \u00c8 un prodotto naturale che \u00e8 stato poco conosciuto per molto tempo, ma ha una serie di benefici. Adottatelo subito!","robots":{"index":"index","follow":"follow","max-snippet":"max-snippet:-1","max-image-preview":"max-image-preview:large","max-video-preview":"max-video-preview:-1"},"canonical":"https:\/\/www.safinel.fr\/it\/prodotto\/polline-di-palma\/","og_locale":"it_IT","og_type":"article","og_title":"Pollen de palmier | Poudre naturelle qui favorise la fertilit\u00e9","og_description":"Connaissez-vous le\u00a0pollen de palmier\u00a0? Ce produit naturel, longtemps m\u00e9connu, a pourtant de nombreuses vertus. Adoptez-le sans plus attendre !","og_url":"https:\/\/www.safinel.fr\/it\/prodotto\/polline-di-palma\/","og_site_name":"Safinel","article_modified_time":"2024-02-07T12:45:16+00:00","og_image":[{"width":600,"height":600,"url":"https:\/\/www.safinel.fr\/wp-content\/uploads\/2023\/09\/pollen-de-palmier.jpg","type":"image\/jpeg"}],"twitter_card":"summary_large_image","twitter_misc":{"Tempo di lettura stimato":"4 minuti"},"schema":{"@context":"https:\/\/schema.org","@graph":[{"@type":"WebPage","@id":"https:\/\/www.safinel.fr\/produit\/pollen-de-palmier\/","url":"https:\/\/www.safinel.fr\/produit\/pollen-de-palmier\/","name":"Polline di palma | Polvere naturale che favorisce la fertilit\u00e0","isPartOf":{"@id":"https:\/\/www.safinel.fr\/#website"},"primaryImageOfPage":{"@id":"https:\/\/www.safinel.fr\/produit\/pollen-de-palmier\/#primaryimage"},"image":{"@id":"https:\/\/www.safinel.fr\/produit\/pollen-de-palmier\/#primaryimage"},"thumbnailUrl":"https:\/\/www.safinel.fr\/wp-content\/uploads\/2023\/09\/pollen-de-palmier.jpg","datePublished":"2023-09-02T18:28:11+00:00","dateModified":"2024-02-07T12:45:16+00:00","description":"Avete mai sentito parlare del polline di palma? \u00c8 un prodotto naturale che \u00e8 stato poco conosciuto per molto tempo, ma ha una serie di benefici. Adottatelo subito!","breadcrumb":{"@id":"https:\/\/www.safinel.fr\/produit\/pollen-de-palmier\/#breadcrumb"},"inLanguage":"it-IT","potentialAction":[{"@type":"ReadAction","target":["https:\/\/www.safinel.fr\/produit\/pollen-de-palmier\/"]}]},{"@type":"ImageObject","inLanguage":"it-IT","@id":"https:\/\/www.safinel.fr\/produit\/pollen-de-palmier\/#primaryimage","url":"https:\/\/www.safinel.fr\/wp-content\/uploads\/2023\/09\/pollen-de-palmier.jpg","contentUrl":"https:\/\/www.safinel.fr\/wp-content\/uploads\/2023\/09\/pollen-de-palmier.jpg","width":600,"height":600,"caption":"Pollen de palmier"},{"@type":"BreadcrumbList","@id":"https:\/\/www.safinel.fr\/produit\/pollen-de-palmier\/#breadcrumb","itemListElement":[{"@type":"ListItem","position":1,"name":"Accueil","item":"https:\/\/www.safinel.fr\/"},{"@type":"ListItem","position":2,"name":"Boutique","item":"https:\/\/www.safinel.fr\/boutique\/"},{"@type":"ListItem","position":3,"name":"Pollen de palmier 25g"}]},{"@type":"WebSite","@id":"https:\/\/www.safinel.fr\/#website","url":"https:\/\/www.safinel.fr\/","name":"Safinel","description":"","publisher":{"@id":"https:\/\/www.safinel.fr\/#organization"},"potentialAction":[{"@type":"SearchAction","target":{"@type":"EntryPoint","urlTemplate":"https:\/\/www.safinel.fr\/?s={search_term_string}"},"query-input":{"@type":"PropertyValueSpecification","valueRequired":true,"valueName":"search_term_string"}}],"inLanguage":"it-IT"},{"@type":"Organization","@id":"https:\/\/www.safinel.fr\/#organization","name":"Safinel","url":"https:\/\/www.safinel.fr\/","logo":{"@type":"ImageObject","inLanguage":"it-IT","@id":"https:\/\/www.safinel.fr\/#\/schema\/logo\/image\/","url":"https:\/\/www.safinel.fr\/wp-content\/uploads\/2021\/05\/boutique-cosmetique.png","contentUrl":"https:\/\/www.safinel.fr\/wp-content\/uploads\/2021\/05\/boutique-cosmetique.png","width":800,"height":200,"caption":"Safinel"},"image":{"@id":"https:\/\/www.safinel.fr\/#\/schema\/logo\/image\/"}}]}},"_links":{"self":[{"href":"https:\/\/www.safinel.fr\/it\/wp-json\/wp\/v2\/product\/8243","targetHints":{"allow":["GET"]}}],"collection":[{"href":"https:\/\/www.safinel.fr\/it\/wp-json\/wp\/v2\/product"}],"about":[{"href":"https:\/\/www.safinel.fr\/it\/wp-json\/wp\/v2\/types\/product"}],"wp:featuredmedia":[{"embeddable":true,"href":"https:\/\/www.safinel.fr\/it\/wp-json\/wp\/v2\/media\/8244"}],"wp:attachment":[{"href":"https:\/\/www.safinel.fr\/it\/wp-json\/wp\/v2\/media?parent=8243"}],"wp:term":[{"taxonomy":"product_brand","embeddable":true,"href":"https:\/\/www.safinel.fr\/it\/wp-json\/wp\/v2\/product_brand?post=8243"},{"taxonomy":"product_cat","embeddable":true,"href":"https:\/\/www.safinel.fr\/it\/wp-json\/wp\/v2\/product_cat?post=8243"},{"taxonomy":"product_tag","embeddable":true,"href":"https:\/\/www.safinel.fr\/it\/wp-json\/wp\/v2\/product_tag?post=8243"}],"curies":[{"name":"wp","href":"https:\/\/api.w.org\/{rel}","templated":true}]}}