{"id":7813,"date":"2023-08-12T15:43:42","date_gmt":"2023-08-12T15:43:42","guid":{"rendered":"https:\/\/www.safinel.fr\/?post_type=product&#038;p=7813"},"modified":"2024-05-16T19:07:09","modified_gmt":"2024-05-16T19:07:09","slug":"olio-di-arancio","status":"publish","type":"product","link":"https:\/\/www.safinel.fr\/it\/prodotto\/olio-di-arancio\/","title":{"rendered":"Olio di arancia 30ml"},"content":{"rendered":"<p>L\u2019<strong>olio essenziale di arancio<\/strong>, noto per il suo profumo piacevole e stimolante, \u00e8 anche rinomato per i suoi numerosi benefici per la salute e la bellezza. Scoprite qui le incredibili propriet\u00e0 di questo olio naturale e come godere dei suoi benefici scegliendo il prodotto giusto da safinel.it.<\/p>\n<h2><strong>Benefici poco conosciuti per la pelle<\/strong><\/h2>\n<p>La <a href=\"https:\/\/www.safinel.fr\/it\/prodotto\/polvere-dorata\/\"><strong>polvere d'arancia<\/strong><\/a> si ottiene dalla buccia essiccata del frutto.<\/p>\n<p>Ha\u00a0<strong>propriet\u00e0 detergenti e astringenti<\/strong>\u00a0che rendono quest'olio un prezioso alleato per la nostra pelle.<\/p>\n<ul>\n<li><strong>Pulizia profonda :<\/strong>\u00a0Grazie ai suoi principi attivi, l'olio di arancia libera la pelle dalle impurit\u00e0 e dalle cellule morte. Il risultato \u00e8 un incarnato fresco e luminoso.<\/li>\n<li><strong>Azione astringente:<\/strong>\u00a0i componenti dell'olio di arancia aiutano a restringere i pori dilatati, conferendo alla pelle un aspetto pi\u00f9 liscio.<\/li>\n<li><strong>Idratazione :<\/strong>\u00a0Ricco di vitamina C, questo olio naturale aiuta a mantenere l'equilibrio di idratazione della pelle e ne previene la secchezza.<\/li>\n<li><strong>Rigenerazione cellulare :<\/strong>\u00a0Gli antiossidanti presenti in questo olio naturale favoriscono la produzione di collagene, aiutando a prevenire l'invecchiamento precoce della pelle.<\/li>\n<li><strong>Lenisce le irritazioni:<\/strong>\u00a0Grazie alle sue propriet\u00e0 antinfiammatorie e antibatteriche, questo olio pu\u00f2 anche alleviare problemi della pelle come l'acne o gli arrossamenti.<\/li>\n<\/ul>\n<h2><strong>Un olio dai molteplici benefici per la salute e il benessere<\/strong><\/h2>\n<p>Oltre ai benefici per la pelle, l'olio essenziale di arancio possiede molte altre qualit\u00e0 che contribuiscono alla salute e al benessere generale:<\/p>\n<ul>\n<li><strong>Vitalit\u00e0 :<\/strong>\u00a0stimola la circolazione sanguigna e fornisce una rinnovata energia e vitalit\u00e0.<\/li>\n<li><strong>Sistema immunitario :<\/strong>\u00a0Rafforzando le difese naturali dell'organismo, questo olio naturale aiuta a combattere infezioni e malattie.<\/li>\n<li><strong>Rilassamento:<\/strong>\u00a0Con la sua fragranza piacevole e rilassante, questo olio benefico \u00e8 ideale per favorire il rilassamento e ridurre lo stress.<\/li>\n<li><strong>Digestione :<\/strong>\u00a0Aiuta inoltre a migliorare la digestione e ad alleviare gonfiore, flatulenza e costipazione.<\/li>\n<li><strong>Antidepressivo naturale :<\/strong>\u00a0L'olio di arancia ha effetti positivi sull'umore, aiutando a combattere la depressione e l'ansia.<\/li>\n<\/ul>\n<h2><strong>Uso dell'olio di arancio nei cosmetici<\/strong><\/h2>\n<p>L'olio essenziale di arancio \u00e8 particolarmente apprezzato in cosmetica per i suoi numerosi benefici. Viene spesso utilizzato come ingrediente principale o come complemento in vari prodotti di bellezza:<\/p>\n<ul>\n<li><strong>Camici :<\/strong>\u00a0mescolato con altri ingredienti naturali come zucchero, sale marino o noccioli di albicocca. Pu\u00f2 essere utilizzato per realizzare efficaci scrub che esfoliano e purificano la pelle.<\/li>\n<li><strong>Sieri :<\/strong>\u00a0incorporato in un siero, agisce in modo specifico sui problemi della pelle e fornisce un trattamento intensivo per le pelli spente e stanche.<\/li>\n<li><strong>Maschere :<\/strong>\u00a0in combinazione con argilla o <a href=\"https:\/\/www.safinel.fr\/it\/categoria-prodotto\/apicoltura\/\"><strong>miele<\/strong><\/a>. L'olio di arancia \u00e8 una maschera nutriente e rivitalizzante per il viso e il corpo.<\/li>\n<li><strong>Oli da massaggio :<\/strong>\u00a0Pu\u00f2 anche essere aggiunto a un olio vegetale neutro per massaggi rilassanti e stimolanti.<\/li>\n<\/ul>\n<h3><strong>Acquistare l'olio d'arancia su safinel.co.uk<\/strong><\/h3>\n<p>Per trarre tutti i benefici dell'olio di arancio, \u00e8 essenziale scegliere un prodotto di qualit\u00e0. Su safinel.it troverete una rigorosa selezione di oli essenziali di arancio, provenienti dalle migliori fonti e garantiti privi di sostanze nocive.<\/p>\n<p>A seconda delle vostre esigenze e preferenze, scegliete un olio puro o un olio miscelato con altri oli essenziali dalle propriet\u00e0 complementari. Tenete anche conto dei diversi metodi di estrazione (spremitura a freddo, distillazione a vapore). Questo per preservare il pi\u00f9 possibile le propriet\u00e0 naturali dell'olio di arancio.<\/p>\n<p>In breve, l'olio essenziale di arancio \u00e8 un tesoro di benefici per la nostra pelle, la nostra salute e il nostro benessere. Scoprite quindi l'intera gamma di oli di arancio disponibili su safinel.it!<\/p>","protected":false},"excerpt":{"rendered":"<p>L\u2019<strong>olio essenziale di arancio<\/strong>, nota per il suo profumo piacevole e stimolante, \u00e8 anche rinomata per i suoi numerosi benefici per la salute e la bellezza.<\/p>\n<p><img decoding=\"async\" class=\"size-full wp-image-5091 aligncenter\" src=\"https:\/\/www.safinel.fr\/wp-content\/uploads\/2021\/06\/BANNIERE-ICONE-SAFINEL.webp\" alt=\"riassicurazione satine\" width=\"800\" height=\"200\" srcset=\"https:\/\/www.safinel.fr\/wp-content\/uploads\/2021\/06\/BANNIERE-ICONE-SAFINEL.webp 800w, https:\/\/www.safinel.fr\/wp-content\/uploads\/2021\/06\/BANNIERE-ICONE-SAFINEL-600x150.webp 600w, https:\/\/www.safinel.fr\/wp-content\/uploads\/2021\/06\/BANNIERE-ICONE-SAFINEL-768x192.webp 768w\" sizes=\"(max-width: 800px) 100vw, 800px\" \/><\/p>","protected":false},"featured_media":7814,"template":"","meta":[],"product_brand":[],"product_cat":[122],"product_tag":[],"class_list":{"0":"post-7813","1":"product","2":"type-product","3":"status-publish","4":"has-post-thumbnail","6":"product_cat-huile-vegetale","8":"first","9":"outofstock","10":"shipping-taxable","11":"purchasable","12":"product-type-simple"},"yoast_head":"<!-- This site is optimized with the Yoast SEO plugin v26.6 - https:\/\/yoast.com\/wordpress\/plugins\/seo\/ -->\n<title>Huile d&#039;orange | Huile naturelle | Bienfaits nombreux<\/title>\n<meta name=\"description\" content=\"L&#039;huile essentielle d&#039;orange, connue pour son parfum agr\u00e9able et stimulant, est \u00e9galement r\u00e9put\u00e9e pour ses nombreux bienfaits sur la sant\u00e9 et la beaut\u00e9.\" \/>\n<meta name=\"robots\" content=\"index, follow, max-snippet:-1, max-image-preview:large, max-video-preview:-1\" \/>\n<link rel=\"canonical\" href=\"https:\/\/www.safinel.fr\/it\/prodotto\/olio-di-arancio\/\" \/>\n<meta property=\"og:locale\" content=\"it_IT\" \/>\n<meta property=\"og:type\" content=\"article\" \/>\n<meta property=\"og:title\" content=\"Huile d&#039;orange | Huile naturelle | Bienfaits nombreux\" \/>\n<meta property=\"og:description\" content=\"L&#039;huile essentielle d&#039;orange, connue pour son parfum agr\u00e9able et stimulant, est \u00e9galement r\u00e9put\u00e9e pour ses nombreux bienfaits sur la sant\u00e9 et la beaut\u00e9.\" \/>\n<meta property=\"og:url\" content=\"https:\/\/www.safinel.fr\/it\/prodotto\/olio-di-arancio\/\" \/>\n<meta property=\"og:site_name\" content=\"Safinel\" \/>\n<meta property=\"article:modified_time\" content=\"2024-05-16T19:07:09+00:00\" \/>\n<meta property=\"og:image\" content=\"https:\/\/www.safinel.fr\/wp-content\/uploads\/2023\/08\/huile-dorange.jpg\" \/>\n\t<meta property=\"og:image:width\" content=\"600\" \/>\n\t<meta property=\"og:image:height\" content=\"600\" \/>\n\t<meta property=\"og:image:type\" content=\"image\/jpeg\" \/>\n<meta name=\"twitter:card\" content=\"summary_large_image\" \/>\n<meta name=\"twitter:label1\" content=\"Tempo di lettura stimato\" \/>\n\t<meta name=\"twitter:data1\" content=\"3 minuti\" \/>\n<script type=\"application\/ld+json\" class=\"yoast-schema-graph\">{\"@context\":\"https:\/\/schema.org\",\"@graph\":[{\"@type\":\"WebPage\",\"@id\":\"https:\/\/www.safinel.fr\/produit\/huile-dorange\/\",\"url\":\"https:\/\/www.safinel.fr\/produit\/huile-dorange\/\",\"name\":\"Huile d'orange | Huile naturelle | Bienfaits nombreux\",\"isPartOf\":{\"@id\":\"https:\/\/www.safinel.fr\/#website\"},\"primaryImageOfPage\":{\"@id\":\"https:\/\/www.safinel.fr\/produit\/huile-dorange\/#primaryimage\"},\"image\":{\"@id\":\"https:\/\/www.safinel.fr\/produit\/huile-dorange\/#primaryimage\"},\"thumbnailUrl\":\"https:\/\/www.safinel.fr\/wp-content\/uploads\/2023\/08\/huile-dorange.jpg\",\"datePublished\":\"2023-08-12T15:43:42+00:00\",\"dateModified\":\"2024-05-16T19:07:09+00:00\",\"description\":\"L'huile essentielle d'orange, connue pour son parfum agr\u00e9able et stimulant, est \u00e9galement r\u00e9put\u00e9e pour ses nombreux bienfaits sur la sant\u00e9 et la beaut\u00e9.\",\"breadcrumb\":{\"@id\":\"https:\/\/www.safinel.fr\/produit\/huile-dorange\/#breadcrumb\"},\"inLanguage\":\"it-IT\",\"potentialAction\":[{\"@type\":\"ReadAction\",\"target\":[\"https:\/\/www.safinel.fr\/produit\/huile-dorange\/\"]}]},{\"@type\":\"ImageObject\",\"inLanguage\":\"it-IT\",\"@id\":\"https:\/\/www.safinel.fr\/produit\/huile-dorange\/#primaryimage\",\"url\":\"https:\/\/www.safinel.fr\/wp-content\/uploads\/2023\/08\/huile-dorange.jpg\",\"contentUrl\":\"https:\/\/www.safinel.fr\/wp-content\/uploads\/2023\/08\/huile-dorange.jpg\",\"width\":600,\"height\":600,\"caption\":\"Huile d'orange 30ml\"},{\"@type\":\"BreadcrumbList\",\"@id\":\"https:\/\/www.safinel.fr\/produit\/huile-dorange\/#breadcrumb\",\"itemListElement\":[{\"@type\":\"ListItem\",\"position\":1,\"name\":\"Accueil\",\"item\":\"https:\/\/www.safinel.fr\/\"},{\"@type\":\"ListItem\",\"position\":2,\"name\":\"Boutique\",\"item\":\"https:\/\/www.safinel.fr\/boutique\/\"},{\"@type\":\"ListItem\",\"position\":3,\"name\":\"Huile d&#8217;orange 30ml\"}]},{\"@type\":\"WebSite\",\"@id\":\"https:\/\/www.safinel.fr\/#website\",\"url\":\"https:\/\/www.safinel.fr\/\",\"name\":\"Safinel\",\"description\":\"\",\"publisher\":{\"@id\":\"https:\/\/www.safinel.fr\/#organization\"},\"potentialAction\":[{\"@type\":\"SearchAction\",\"target\":{\"@type\":\"EntryPoint\",\"urlTemplate\":\"https:\/\/www.safinel.fr\/?s={search_term_string}\"},\"query-input\":{\"@type\":\"PropertyValueSpecification\",\"valueRequired\":true,\"valueName\":\"search_term_string\"}}],\"inLanguage\":\"it-IT\"},{\"@type\":\"Organization\",\"@id\":\"https:\/\/www.safinel.fr\/#organization\",\"name\":\"Safinel\",\"url\":\"https:\/\/www.safinel.fr\/\",\"logo\":{\"@type\":\"ImageObject\",\"inLanguage\":\"it-IT\",\"@id\":\"https:\/\/www.safinel.fr\/#\/schema\/logo\/image\/\",\"url\":\"https:\/\/www.safinel.fr\/wp-content\/uploads\/2021\/05\/boutique-cosmetique.png\",\"contentUrl\":\"https:\/\/www.safinel.fr\/wp-content\/uploads\/2021\/05\/boutique-cosmetique.png\",\"width\":800,\"height\":200,\"caption\":\"Safinel\"},\"image\":{\"@id\":\"https:\/\/www.safinel.fr\/#\/schema\/logo\/image\/\"}}]}<\/script>\n<!-- \/ Yoast SEO plugin. -->","yoast_head_json":{"title":"Olio d'arancia | Olio naturale | Numerosi benefici","description":"Noto per il suo profumo piacevole e stimolante, l'olio essenziale di arancio \u00e8 anche rinomato per i suoi numerosi benefici per la salute e la bellezza.","robots":{"index":"index","follow":"follow","max-snippet":"max-snippet:-1","max-image-preview":"max-image-preview:large","max-video-preview":"max-video-preview:-1"},"canonical":"https:\/\/www.safinel.fr\/it\/prodotto\/olio-di-arancio\/","og_locale":"it_IT","og_type":"article","og_title":"Huile d'orange | Huile naturelle | Bienfaits nombreux","og_description":"L'huile essentielle d'orange, connue pour son parfum agr\u00e9able et stimulant, est \u00e9galement r\u00e9put\u00e9e pour ses nombreux bienfaits sur la sant\u00e9 et la beaut\u00e9.","og_url":"https:\/\/www.safinel.fr\/it\/prodotto\/olio-di-arancio\/","og_site_name":"Safinel","article_modified_time":"2024-05-16T19:07:09+00:00","og_image":[{"width":600,"height":600,"url":"https:\/\/www.safinel.fr\/wp-content\/uploads\/2023\/08\/huile-dorange.jpg","type":"image\/jpeg"}],"twitter_card":"summary_large_image","twitter_misc":{"Tempo di lettura stimato":"3 minuti"},"schema":{"@context":"https:\/\/schema.org","@graph":[{"@type":"WebPage","@id":"https:\/\/www.safinel.fr\/produit\/huile-dorange\/","url":"https:\/\/www.safinel.fr\/produit\/huile-dorange\/","name":"Olio d'arancia | Olio naturale | Numerosi benefici","isPartOf":{"@id":"https:\/\/www.safinel.fr\/#website"},"primaryImageOfPage":{"@id":"https:\/\/www.safinel.fr\/produit\/huile-dorange\/#primaryimage"},"image":{"@id":"https:\/\/www.safinel.fr\/produit\/huile-dorange\/#primaryimage"},"thumbnailUrl":"https:\/\/www.safinel.fr\/wp-content\/uploads\/2023\/08\/huile-dorange.jpg","datePublished":"2023-08-12T15:43:42+00:00","dateModified":"2024-05-16T19:07:09+00:00","description":"Noto per il suo profumo piacevole e stimolante, l'olio essenziale di arancio \u00e8 anche rinomato per i suoi numerosi benefici per la salute e la bellezza.","breadcrumb":{"@id":"https:\/\/www.safinel.fr\/produit\/huile-dorange\/#breadcrumb"},"inLanguage":"it-IT","potentialAction":[{"@type":"ReadAction","target":["https:\/\/www.safinel.fr\/produit\/huile-dorange\/"]}]},{"@type":"ImageObject","inLanguage":"it-IT","@id":"https:\/\/www.safinel.fr\/produit\/huile-dorange\/#primaryimage","url":"https:\/\/www.safinel.fr\/wp-content\/uploads\/2023\/08\/huile-dorange.jpg","contentUrl":"https:\/\/www.safinel.fr\/wp-content\/uploads\/2023\/08\/huile-dorange.jpg","width":600,"height":600,"caption":"Huile d'orange 30ml"},{"@type":"BreadcrumbList","@id":"https:\/\/www.safinel.fr\/produit\/huile-dorange\/#breadcrumb","itemListElement":[{"@type":"ListItem","position":1,"name":"Accueil","item":"https:\/\/www.safinel.fr\/"},{"@type":"ListItem","position":2,"name":"Boutique","item":"https:\/\/www.safinel.fr\/boutique\/"},{"@type":"ListItem","position":3,"name":"Huile d&#8217;orange 30ml"}]},{"@type":"WebSite","@id":"https:\/\/www.safinel.fr\/#website","url":"https:\/\/www.safinel.fr\/","name":"Safinel","description":"","publisher":{"@id":"https:\/\/www.safinel.fr\/#organization"},"potentialAction":[{"@type":"SearchAction","target":{"@type":"EntryPoint","urlTemplate":"https:\/\/www.safinel.fr\/?s={search_term_string}"},"query-input":{"@type":"PropertyValueSpecification","valueRequired":true,"valueName":"search_term_string"}}],"inLanguage":"it-IT"},{"@type":"Organization","@id":"https:\/\/www.safinel.fr\/#organization","name":"Safinel","url":"https:\/\/www.safinel.fr\/","logo":{"@type":"ImageObject","inLanguage":"it-IT","@id":"https:\/\/www.safinel.fr\/#\/schema\/logo\/image\/","url":"https:\/\/www.safinel.fr\/wp-content\/uploads\/2021\/05\/boutique-cosmetique.png","contentUrl":"https:\/\/www.safinel.fr\/wp-content\/uploads\/2021\/05\/boutique-cosmetique.png","width":800,"height":200,"caption":"Safinel"},"image":{"@id":"https:\/\/www.safinel.fr\/#\/schema\/logo\/image\/"}}]}},"_links":{"self":[{"href":"https:\/\/www.safinel.fr\/it\/wp-json\/wp\/v2\/product\/7813","targetHints":{"allow":["GET"]}}],"collection":[{"href":"https:\/\/www.safinel.fr\/it\/wp-json\/wp\/v2\/product"}],"about":[{"href":"https:\/\/www.safinel.fr\/it\/wp-json\/wp\/v2\/types\/product"}],"wp:featuredmedia":[{"embeddable":true,"href":"https:\/\/www.safinel.fr\/it\/wp-json\/wp\/v2\/media\/7814"}],"wp:attachment":[{"href":"https:\/\/www.safinel.fr\/it\/wp-json\/wp\/v2\/media?parent=7813"}],"wp:term":[{"taxonomy":"product_brand","embeddable":true,"href":"https:\/\/www.safinel.fr\/it\/wp-json\/wp\/v2\/product_brand?post=7813"},{"taxonomy":"product_cat","embeddable":true,"href":"https:\/\/www.safinel.fr\/it\/wp-json\/wp\/v2\/product_cat?post=7813"},{"taxonomy":"product_tag","embeddable":true,"href":"https:\/\/www.safinel.fr\/it\/wp-json\/wp\/v2\/product_tag?post=7813"}],"curies":[{"name":"wp","href":"https:\/\/api.w.org\/{rel}","templated":true}]}}