{"id":7707,"date":"2022-08-07T20:44:30","date_gmt":"2022-08-07T20:44:30","guid":{"rendered":"https:\/\/www.safinel.fr\/?post_type=product&#038;p=7707"},"modified":"2024-09-26T15:11:45","modified_gmt":"2024-09-26T15:11:45","slug":"miele-di-king-kong-afrodisiaco","status":"publish","type":"product","link":"https:\/\/www.safinel.fr\/it\/prodotto\/miele-di-king-kong-afrodisiaco\/","title":{"rendered":"King Kong afrodisiaco al miele"},"content":{"rendered":"<p><strong>Miele King Kong<\/strong>\u00a0\u00e8 un prodotto ricco di sostanze nutritive con molteplici benefici per la salute. \u00c8 prodotto con 100% ingredienti naturali ed \u00e8 noto per il suo sapore dolce e le sue propriet\u00e0 curative. Ma non \u00e8 tutto! Perch\u00e9 \u00e8 anche considerato un\u00a0<strong>booster naturale<\/strong>\u00a0e un potente\u00a0<strong>afrodisiaco<\/strong>.<\/p>\n<h2><strong>Focus sul miele di King Kong\u00a0<\/strong><\/h2>\n<p>Il miele King Kong \u00e8 composto da glucosio e fruttosio, i due principali zuccheri presenti nelle miscele di miele. Contiene anche vitamine e minerali come calcio, fosforo, zinco e ferro. Oltre a antiossidanti ed enzimi.<\/p>\n<p>A base di pappa reale biologica e\u00a0<strong>ginseng<\/strong>, propoli biologica, chiodi di garofano e\u00a0<strong>zenzero<\/strong>. \u00c8 naturalmente potente!<\/p>\n<p>Scoprite anche il nostro\u00a0<a href=\"https:\/\/www.safinel.fr\/it\/prodotto\/afrodimiele\/\"><strong>afrodimiele<\/strong><\/a>\u00a0e il nostro\u00a0<a href=\"https:\/\/www.safinel.fr\/it\/prodotto\/libidomiel\/\"><strong>libidomiel<\/strong><\/a>, due prodotti naturali all'altezza del loro nome!<\/p>\n<h2><strong>I benefici del miele King Kong<\/strong><\/h2>\n<p>Questo\u00a0<strong>prodotti dell'alveare\u00a0<\/strong>\u00e8 ricco di\u00a0<strong>antiossidanti e antisettici\u00a0<\/strong>benefiche per l'organismo, in particolare per il sistema immunitario. \u00c8 nota per le sue propriet\u00e0 lenitive e calmanti e pu\u00f2 essere utilizzata per alleviare la tosse e favorire la digestione.<\/p>\n<p>Amiamo il miele King Kong per la sua\u00a0<strong>propriet\u00e0 afrodisiache<\/strong>. Stimola la libido, combatte l'impotenza e, di conseguenza, contribuisce a<strong>\u00a0incoraggiare l'attivit\u00e0 sessuale.\u00a0<\/strong><\/p>\n<p>Pu\u00f2 essere utilizzato anche per lenire il mal di testa, i dolori muscolari e articolari. Pu\u00f2 anche essere usato per ridurre l'infiammazione e alleviare la congestione nasale.<\/p>\n<h3><strong>Come utilizzare questo miele afrodisiaco?\u00a0<\/strong><\/h3>\n<p>Il miele King Kong pu\u00f2 essere utilizzato in diversi modi.<\/p>\n<p>Pu\u00f2 essere aggiunto a bevande calde o fredde per conferire un sapore dolce e contribuire ad addolcire le bevande amare. Pu\u00f2 essere utilizzato anche nelle ricette di cucina. Tuttavia, non \u00e8 adatto a tutta la famiglia, soprattutto ai bambini sotto i 12 anni.<\/p>\n<p>Per trarne il massimo beneficio, prendetene un cucchiaio al mattino a stomaco vuoto. Oppure 1 ora prima del rapporto sessuale per fare il pieno di energia!<\/p>\n<p>Si consiglia inoltre di mescolare sempre questo nettare prima di consumarlo.<\/p>","protected":false},"excerpt":{"rendered":"<p><strong>Composizione:\u00a0<\/strong><\/p>\n<ul>\n<li>Miele naturale<\/li>\n<li>Pappa reale biologica<\/li>\n<li>Propoli biologica<\/li>\n<li>Ginseng<\/li>\n<li>Chiodi di garofano<\/li>\n<li>Zenzero<\/li>\n<\/ul>\n<p><img decoding=\"async\" class=\"size-full wp-image-5091 aligncenter\" src=\"https:\/\/www.safinel.fr\/wp-content\/uploads\/2021\/06\/BANNIERE-ICONE-SAFINEL.webp\" alt=\"riassicurazione satine\" width=\"800\" height=\"200\" srcset=\"https:\/\/www.safinel.fr\/wp-content\/uploads\/2021\/06\/BANNIERE-ICONE-SAFINEL.webp 800w, https:\/\/www.safinel.fr\/wp-content\/uploads\/2021\/06\/BANNIERE-ICONE-SAFINEL-600x150.webp 600w, https:\/\/www.safinel.fr\/wp-content\/uploads\/2021\/06\/BANNIERE-ICONE-SAFINEL-768x192.webp 768w\" sizes=\"(max-width: 800px) 100vw, 800px\" \/><\/p>","protected":false},"featured_media":7985,"template":"","meta":[],"product_brand":[],"product_cat":[24,72],"product_tag":[],"class_list":{"0":"post-7707","1":"product","2":"type-product","3":"status-publish","4":"has-post-thumbnail","6":"product_cat-apiculture","7":"product_cat-miel-aphrodisiaque","9":"first","10":"outofstock","11":"shipping-taxable","12":"purchasable","13":"product-type-variable","14":"has-default-attributes"},"yoast_head":"<!-- This site is optimized with the Yoast SEO plugin v26.6 - https:\/\/yoast.com\/wordpress\/plugins\/seo\/ -->\n<title>Miel King Kong honey aphrodisiaque | Sachets de 10g<\/title>\n<meta name=\"description\" content=\"Le miel King Kong\u00a0est un produit riche en nutriments et aux multiples vertus pour la sant\u00e9. Il est produit \u00e0 partir d\u2019ingr\u00e9dients 100% naturels.\" \/>\n<meta name=\"robots\" content=\"index, follow, max-snippet:-1, max-image-preview:large, max-video-preview:-1\" \/>\n<link rel=\"canonical\" href=\"https:\/\/www.safinel.fr\/it\/prodotto\/miele-di-king-kong-afrodisiaco\/\" \/>\n<meta property=\"og:locale\" content=\"it_IT\" \/>\n<meta property=\"og:type\" content=\"article\" \/>\n<meta property=\"og:title\" content=\"Miel King Kong honey aphrodisiaque | Sachets de 10g\" \/>\n<meta property=\"og:description\" content=\"Le miel King Kong\u00a0est un produit riche en nutriments et aux multiples vertus pour la sant\u00e9. Il est produit \u00e0 partir d\u2019ingr\u00e9dients 100% naturels.\" \/>\n<meta property=\"og:url\" content=\"https:\/\/www.safinel.fr\/it\/prodotto\/miele-di-king-kong-afrodisiaco\/\" \/>\n<meta property=\"og:site_name\" content=\"Safinel\" \/>\n<meta property=\"article:modified_time\" content=\"2024-09-26T15:11:45+00:00\" \/>\n<meta property=\"og:image\" content=\"https:\/\/www.safinel.fr\/wp-content\/uploads\/2023\/08\/miel-king-kong-honey-1.jpg\" \/>\n\t<meta property=\"og:image:width\" content=\"600\" \/>\n\t<meta property=\"og:image:height\" content=\"600\" \/>\n\t<meta property=\"og:image:type\" content=\"image\/jpeg\" \/>\n<meta name=\"twitter:card\" content=\"summary_large_image\" \/>\n<meta name=\"twitter:label1\" content=\"Tempo di lettura stimato\" \/>\n\t<meta name=\"twitter:data1\" content=\"2 minuti\" \/>\n<script type=\"application\/ld+json\" class=\"yoast-schema-graph\">{\"@context\":\"https:\/\/schema.org\",\"@graph\":[{\"@type\":\"WebPage\",\"@id\":\"https:\/\/www.safinel.fr\/produit\/miel-king-kong-honey-aphrodisiaque\/\",\"url\":\"https:\/\/www.safinel.fr\/produit\/miel-king-kong-honey-aphrodisiaque\/\",\"name\":\"Miel King Kong honey aphrodisiaque | Sachets de 10g\",\"isPartOf\":{\"@id\":\"https:\/\/www.safinel.fr\/#website\"},\"primaryImageOfPage\":{\"@id\":\"https:\/\/www.safinel.fr\/produit\/miel-king-kong-honey-aphrodisiaque\/#primaryimage\"},\"image\":{\"@id\":\"https:\/\/www.safinel.fr\/produit\/miel-king-kong-honey-aphrodisiaque\/#primaryimage\"},\"thumbnailUrl\":\"https:\/\/www.safinel.fr\/wp-content\/uploads\/2023\/08\/miel-king-kong-honey-1.jpg\",\"datePublished\":\"2022-08-07T20:44:30+00:00\",\"dateModified\":\"2024-09-26T15:11:45+00:00\",\"description\":\"Le miel King Kong\u00a0est un produit riche en nutriments et aux multiples vertus pour la sant\u00e9. Il est produit \u00e0 partir d\u2019ingr\u00e9dients 100% naturels.\",\"breadcrumb\":{\"@id\":\"https:\/\/www.safinel.fr\/produit\/miel-king-kong-honey-aphrodisiaque\/#breadcrumb\"},\"inLanguage\":\"it-IT\",\"potentialAction\":[{\"@type\":\"ReadAction\",\"target\":[\"https:\/\/www.safinel.fr\/produit\/miel-king-kong-honey-aphrodisiaque\/\"]}]},{\"@type\":\"ImageObject\",\"inLanguage\":\"it-IT\",\"@id\":\"https:\/\/www.safinel.fr\/produit\/miel-king-kong-honey-aphrodisiaque\/#primaryimage\",\"url\":\"https:\/\/www.safinel.fr\/wp-content\/uploads\/2023\/08\/miel-king-kong-honey-1.jpg\",\"contentUrl\":\"https:\/\/www.safinel.fr\/wp-content\/uploads\/2023\/08\/miel-king-kong-honey-1.jpg\",\"width\":600,\"height\":600,\"caption\":\"miel king kong honey\"},{\"@type\":\"BreadcrumbList\",\"@id\":\"https:\/\/www.safinel.fr\/produit\/miel-king-kong-honey-aphrodisiaque\/#breadcrumb\",\"itemListElement\":[{\"@type\":\"ListItem\",\"position\":1,\"name\":\"Accueil\",\"item\":\"https:\/\/www.safinel.fr\/\"},{\"@type\":\"ListItem\",\"position\":2,\"name\":\"Boutique\",\"item\":\"https:\/\/www.safinel.fr\/boutique\/\"},{\"@type\":\"ListItem\",\"position\":3,\"name\":\"Miel King Kong honey aphrodisiaque\"}]},{\"@type\":\"WebSite\",\"@id\":\"https:\/\/www.safinel.fr\/#website\",\"url\":\"https:\/\/www.safinel.fr\/\",\"name\":\"Safinel\",\"description\":\"\",\"publisher\":{\"@id\":\"https:\/\/www.safinel.fr\/#organization\"},\"potentialAction\":[{\"@type\":\"SearchAction\",\"target\":{\"@type\":\"EntryPoint\",\"urlTemplate\":\"https:\/\/www.safinel.fr\/?s={search_term_string}\"},\"query-input\":{\"@type\":\"PropertyValueSpecification\",\"valueRequired\":true,\"valueName\":\"search_term_string\"}}],\"inLanguage\":\"it-IT\"},{\"@type\":\"Organization\",\"@id\":\"https:\/\/www.safinel.fr\/#organization\",\"name\":\"Safinel\",\"url\":\"https:\/\/www.safinel.fr\/\",\"logo\":{\"@type\":\"ImageObject\",\"inLanguage\":\"it-IT\",\"@id\":\"https:\/\/www.safinel.fr\/#\/schema\/logo\/image\/\",\"url\":\"https:\/\/www.safinel.fr\/wp-content\/uploads\/2021\/05\/boutique-cosmetique.png\",\"contentUrl\":\"https:\/\/www.safinel.fr\/wp-content\/uploads\/2021\/05\/boutique-cosmetique.png\",\"width\":800,\"height\":200,\"caption\":\"Safinel\"},\"image\":{\"@id\":\"https:\/\/www.safinel.fr\/#\/schema\/logo\/image\/\"}}]}<\/script>\n<!-- \/ Yoast SEO plugin. -->","yoast_head_json":{"title":"King Kong miele afrodisiaco | bustine da 10 g","description":"Il miele King Kong \u00e8 un prodotto ricco di sostanze nutritive con molteplici benefici per la salute. \u00c8 prodotto con 100% ingredienti naturali.","robots":{"index":"index","follow":"follow","max-snippet":"max-snippet:-1","max-image-preview":"max-image-preview:large","max-video-preview":"max-video-preview:-1"},"canonical":"https:\/\/www.safinel.fr\/it\/prodotto\/miele-di-king-kong-afrodisiaco\/","og_locale":"it_IT","og_type":"article","og_title":"Miel King Kong honey aphrodisiaque | Sachets de 10g","og_description":"Le miel King Kong\u00a0est un produit riche en nutriments et aux multiples vertus pour la sant\u00e9. Il est produit \u00e0 partir d\u2019ingr\u00e9dients 100% naturels.","og_url":"https:\/\/www.safinel.fr\/it\/prodotto\/miele-di-king-kong-afrodisiaco\/","og_site_name":"Safinel","article_modified_time":"2024-09-26T15:11:45+00:00","og_image":[{"width":600,"height":600,"url":"https:\/\/www.safinel.fr\/wp-content\/uploads\/2023\/08\/miel-king-kong-honey-1.jpg","type":"image\/jpeg"}],"twitter_card":"summary_large_image","twitter_misc":{"Tempo di lettura stimato":"2 minuti"},"schema":{"@context":"https:\/\/schema.org","@graph":[{"@type":"WebPage","@id":"https:\/\/www.safinel.fr\/produit\/miel-king-kong-honey-aphrodisiaque\/","url":"https:\/\/www.safinel.fr\/produit\/miel-king-kong-honey-aphrodisiaque\/","name":"King Kong miele afrodisiaco | bustine da 10 g","isPartOf":{"@id":"https:\/\/www.safinel.fr\/#website"},"primaryImageOfPage":{"@id":"https:\/\/www.safinel.fr\/produit\/miel-king-kong-honey-aphrodisiaque\/#primaryimage"},"image":{"@id":"https:\/\/www.safinel.fr\/produit\/miel-king-kong-honey-aphrodisiaque\/#primaryimage"},"thumbnailUrl":"https:\/\/www.safinel.fr\/wp-content\/uploads\/2023\/08\/miel-king-kong-honey-1.jpg","datePublished":"2022-08-07T20:44:30+00:00","dateModified":"2024-09-26T15:11:45+00:00","description":"Il miele King Kong \u00e8 un prodotto ricco di sostanze nutritive con molteplici benefici per la salute. \u00c8 prodotto con 100% ingredienti naturali.","breadcrumb":{"@id":"https:\/\/www.safinel.fr\/produit\/miel-king-kong-honey-aphrodisiaque\/#breadcrumb"},"inLanguage":"it-IT","potentialAction":[{"@type":"ReadAction","target":["https:\/\/www.safinel.fr\/produit\/miel-king-kong-honey-aphrodisiaque\/"]}]},{"@type":"ImageObject","inLanguage":"it-IT","@id":"https:\/\/www.safinel.fr\/produit\/miel-king-kong-honey-aphrodisiaque\/#primaryimage","url":"https:\/\/www.safinel.fr\/wp-content\/uploads\/2023\/08\/miel-king-kong-honey-1.jpg","contentUrl":"https:\/\/www.safinel.fr\/wp-content\/uploads\/2023\/08\/miel-king-kong-honey-1.jpg","width":600,"height":600,"caption":"miel king kong honey"},{"@type":"BreadcrumbList","@id":"https:\/\/www.safinel.fr\/produit\/miel-king-kong-honey-aphrodisiaque\/#breadcrumb","itemListElement":[{"@type":"ListItem","position":1,"name":"Accueil","item":"https:\/\/www.safinel.fr\/"},{"@type":"ListItem","position":2,"name":"Boutique","item":"https:\/\/www.safinel.fr\/boutique\/"},{"@type":"ListItem","position":3,"name":"Miel King Kong honey aphrodisiaque"}]},{"@type":"WebSite","@id":"https:\/\/www.safinel.fr\/#website","url":"https:\/\/www.safinel.fr\/","name":"Safinel","description":"","publisher":{"@id":"https:\/\/www.safinel.fr\/#organization"},"potentialAction":[{"@type":"SearchAction","target":{"@type":"EntryPoint","urlTemplate":"https:\/\/www.safinel.fr\/?s={search_term_string}"},"query-input":{"@type":"PropertyValueSpecification","valueRequired":true,"valueName":"search_term_string"}}],"inLanguage":"it-IT"},{"@type":"Organization","@id":"https:\/\/www.safinel.fr\/#organization","name":"Safinel","url":"https:\/\/www.safinel.fr\/","logo":{"@type":"ImageObject","inLanguage":"it-IT","@id":"https:\/\/www.safinel.fr\/#\/schema\/logo\/image\/","url":"https:\/\/www.safinel.fr\/wp-content\/uploads\/2021\/05\/boutique-cosmetique.png","contentUrl":"https:\/\/www.safinel.fr\/wp-content\/uploads\/2021\/05\/boutique-cosmetique.png","width":800,"height":200,"caption":"Safinel"},"image":{"@id":"https:\/\/www.safinel.fr\/#\/schema\/logo\/image\/"}}]}},"_links":{"self":[{"href":"https:\/\/www.safinel.fr\/it\/wp-json\/wp\/v2\/product\/7707","targetHints":{"allow":["GET"]}}],"collection":[{"href":"https:\/\/www.safinel.fr\/it\/wp-json\/wp\/v2\/product"}],"about":[{"href":"https:\/\/www.safinel.fr\/it\/wp-json\/wp\/v2\/types\/product"}],"wp:featuredmedia":[{"embeddable":true,"href":"https:\/\/www.safinel.fr\/it\/wp-json\/wp\/v2\/media\/7985"}],"wp:attachment":[{"href":"https:\/\/www.safinel.fr\/it\/wp-json\/wp\/v2\/media?parent=7707"}],"wp:term":[{"taxonomy":"product_brand","embeddable":true,"href":"https:\/\/www.safinel.fr\/it\/wp-json\/wp\/v2\/product_brand?post=7707"},{"taxonomy":"product_cat","embeddable":true,"href":"https:\/\/www.safinel.fr\/it\/wp-json\/wp\/v2\/product_cat?post=7707"},{"taxonomy":"product_tag","embeddable":true,"href":"https:\/\/www.safinel.fr\/it\/wp-json\/wp\/v2\/product_tag?post=7707"}],"curies":[{"name":"wp","href":"https:\/\/api.w.org\/{rel}","templated":true}]}}