{"id":7654,"date":"2023-08-05T19:17:11","date_gmt":"2023-08-05T19:17:11","guid":{"rendered":"https:\/\/www.safinel.fr\/?post_type=product&#038;p=7654"},"modified":"2023-12-30T11:50:11","modified_gmt":"2023-12-30T11:50:11","slug":"olio-di-melissa","status":"publish","type":"product","link":"https:\/\/www.safinel.fr\/it\/prodotto\/olio-di-melissa\/","title":{"rendered":"Olio di melissa 30ml"},"content":{"rendered":"<p>L'olio di melissa \u00e8 un olio essenziale molto apprezzato per i suoi numerosi benefici, in particolare per il rilassamento e la digestione. Proviene dalla pianta della melissa, appartenente alla famiglia delle Lamiaceae. Viene utilizzato anche in cosmetica per le sue propriet\u00e0 tonificanti e lenitive della pelle.<\/p>\n<p>Qui presentiamo i vari benefici di questo prezioso olio e il modo migliore per ottenerlo.<\/p>\n<h2><strong>Gli effetti calmanti e rilassanti dell'olio di melissa<\/strong><\/h2>\n<p><strong>L'olio di melissa \u00e8 particolarmente apprezzato per i suoi effetti calmanti e rilassanti. <\/strong>Questo lo rende un eccellente rimedio naturale per lo stress, l'agitazione e l'ansia. Grazie alla sua concentrazione di terpeni, questo olio essenziale ha anche propriet\u00e0 sedative, favorendo un sonno migliore.<\/p>\n<p>Pu\u00f2 essere diffuso in camera da letto prima di andare a dormire o aggiunto al bagno caldo per favorire il rilassamento.<\/p>\n<h3><strong>Aromaterapia con olio di melissa<\/strong><\/h3>\n<p>In aromaterapia, viene spesso miscelato con altri oli essenziali dalle propriet\u00e0 complementari. Come lavanda, camomilla o maggiorana, per rafforzarne l'azione sul sistema nervoso. Pu\u00f2 essere utilizzato anche per i massaggi, mescolandone alcune gocce con un olio vegetale neutro come ad esempio <a href=\"https:\/\/www.safinel.fr\/it\/prodotto\/olio-di-mandorle-dolci\/\"><strong>olio di mandorle dolci<\/strong><\/a> o olio di jojoba.<\/p>\n<h2><strong>Olio di melissa per favorire la digestione<\/strong><\/h2>\n<p>Oltre agli effetti calmanti sul sistema nervoso, ha anche propriet\u00e0 digestive e carminative. Favorisce una migliore digestione e aiuta ad alleviare il gonfiore e la flatulenza. Pu\u00f2 essere utilizzato come infuso dopo i pasti. Aggiungete una o due gocce di olio essenziale a una tisana calda, oppure massaggiate l'addome per alleviare i dolori e gli spasmi intestinali.<\/p>\n<h3><strong>Virt\u00f9 antispasmodiche<\/strong><\/h3>\n<p>Grazie alla sua ricchezza di principi attivi come flavonoidi, acidi fenolici e triterpeni. Questo olio naturale ha\u00a0<strong>effetti antispastici<\/strong>\u00a0che pu\u00f2 essere utile per alleviare vari tipi di dolore. In particolare, crampi e spasmi muscolari associati a mestruazioni dolorose. In queste situazioni sono particolarmente indicati i massaggi con olio di melissa diluito in un olio vegetale.<\/p>\n<h2><strong>L'olio di melissa nei cosmetici: un alleato per la pelle<\/strong><\/h2>\n<p>Oltre ai suoi benefici per il sistema nervoso e digestivo. Viene anche utilizzata in cosmetica per le sue propriet\u00e0 tonificanti e lenitive. \u00c8 quindi ideale per prendersi cura della pelle e restituirle luminosit\u00e0.<\/p>\n<ul>\n<li><strong>Lozione tonificante con olio di melissa<\/strong><\/li>\n<\/ul>\n<p>\u00c8 possibile preparare un tonico fatto in casa mescolando alcune gocce di olio essenziale di melissa con acqua floreale di rosa o camomilla. Questa lozione \u00e8 perfetta per detergere delicatamente la pelle e prepararla per i prodotti di trattamento abituali. Inoltre, la fragranza fresca e mentolata della melissa aggiunger\u00e0 una nota piacevolmente rinvigorente alla vostra routine di bellezza.<\/p>\n<ul>\n<li><strong>Una maschera lenitiva per la pelle irritata<\/strong><\/li>\n<\/ul>\n<p>Per le pelli sensibili o irritate, l'olio di melissa pu\u00f2 essere mescolato con argilla bianca o verde per creare una maschera lenitiva e riparatrice. Applicata una volta alla settimana, questa maschera aiuter\u00e0 a calmare arrossamenti e infiammazioni, nutrendo e rigenerando l'epidermide.<\/p>\n<h2><strong>Acquista da Safinel.it<\/strong><\/h2>\n<p>Per trarre tutti i benefici dell'olio di melissa, \u00e8 importante scegliere un olio essenziale di qualit\u00e0. Da piante coltivate senza pesticidi o fertilizzanti chimici. Il negozio online Safinel.fr offre una rigorosa selezione di oli essenziali, tra cui l'olio di melissa 5%, ottenuto dalla distillazione a vapore delle foglie e delle sommit\u00e0 fiorite della pianta.<\/p>\n<h3><strong>Le garanzie offerte da Safinel.fr<\/strong><\/h3>\n<p>Acquistando l'olio di melissa su Safinel.it, non solo potrete beneficiare di un prodotto di alta qualit\u00e0. Riceverete anche consigli su come utilizzarlo e sulle precauzioni da prendere per sfruttare al meglio le sue virt\u00f9. Inoltre, i prodotti offerti sono sottoposti a rigorosi controlli per garantirne la tracciabilit\u00e0 e la conformit\u00e0 alle norme europee vigenti.<\/p>\n<h3><strong>Godetevi i benefici dell'olio di melissa oggi stesso!<\/strong><\/h3>\n<p>Non aspettate oltre per scoprire le insospettabili virt\u00f9 dell'olio di melissa e acquistate questo prezioso olio essenziale sul sito Safinel.fr. Potrete approfittare dei suoi effetti calmanti, digestivi e tonificanti, oltre a prendervi cura della vostra pelle in modo del tutto naturale.<\/p>","protected":false},"excerpt":{"rendered":"<p>L'olio di melissa \u00e8 un olio essenziale molto apprezzato per i suoi numerosi benefici, soprattutto in termini di rilassamento e digestione.<img decoding=\"async\" class=\"size-full wp-image-5091 aligncenter\" src=\"https:\/\/www.safinel.fr\/wp-content\/uploads\/2021\/06\/BANNIERE-ICONE-SAFINEL.webp\" alt=\"riassicurazione satine\" width=\"800\" height=\"200\" srcset=\"https:\/\/www.safinel.fr\/wp-content\/uploads\/2021\/06\/BANNIERE-ICONE-SAFINEL.webp 800w, https:\/\/www.safinel.fr\/wp-content\/uploads\/2021\/06\/BANNIERE-ICONE-SAFINEL-600x150.webp 600w, https:\/\/www.safinel.fr\/wp-content\/uploads\/2021\/06\/BANNIERE-ICONE-SAFINEL-768x192.webp 768w\" sizes=\"(max-width: 800px) 100vw, 800px\" \/><\/p>","protected":false},"featured_media":7655,"template":"","meta":[],"product_brand":[],"product_cat":[122],"product_tag":[],"class_list":{"0":"post-7654","1":"product","2":"type-product","3":"status-publish","4":"has-post-thumbnail","6":"product_cat-huile-vegetale","8":"first","9":"instock","10":"shipping-taxable","11":"purchasable","12":"product-type-simple"},"yoast_head":"<!-- This site is optimized with the Yoast SEO plugin v26.6 - https:\/\/yoast.com\/wordpress\/plugins\/seo\/ -->\n<title>Huile de m\u00e9lisse | Huile naturelle | Bienfaits nombreux<\/title>\n<meta name=\"description\" content=\"L&#039;huile de m\u00e9lisse est une huile essentielle tr\u00e8s appr\u00e9ci\u00e9e pour ses nombreuses vertus, notamment en mati\u00e8re de relaxation et de digestion.\" \/>\n<meta name=\"robots\" content=\"index, follow, max-snippet:-1, max-image-preview:large, max-video-preview:-1\" \/>\n<link rel=\"canonical\" href=\"https:\/\/www.safinel.fr\/it\/prodotto\/olio-di-melissa\/\" \/>\n<meta property=\"og:locale\" content=\"it_IT\" \/>\n<meta property=\"og:type\" content=\"article\" \/>\n<meta property=\"og:title\" content=\"Huile de m\u00e9lisse | Huile naturelle | Bienfaits nombreux\" \/>\n<meta property=\"og:description\" content=\"L&#039;huile de m\u00e9lisse est une huile essentielle tr\u00e8s appr\u00e9ci\u00e9e pour ses nombreuses vertus, notamment en mati\u00e8re de relaxation et de digestion.\" \/>\n<meta property=\"og:url\" content=\"https:\/\/www.safinel.fr\/it\/prodotto\/olio-di-melissa\/\" \/>\n<meta property=\"og:site_name\" content=\"Safinel\" \/>\n<meta property=\"article:modified_time\" content=\"2023-12-30T11:50:11+00:00\" \/>\n<meta property=\"og:image\" content=\"https:\/\/www.safinel.fr\/wp-content\/uploads\/2023\/08\/huile-de-melisse.jpg\" \/>\n\t<meta property=\"og:image:width\" content=\"600\" \/>\n\t<meta property=\"og:image:height\" content=\"600\" \/>\n\t<meta property=\"og:image:type\" content=\"image\/jpeg\" \/>\n<meta name=\"twitter:card\" content=\"summary_large_image\" \/>\n<meta name=\"twitter:label1\" content=\"Tempo di lettura stimato\" \/>\n\t<meta name=\"twitter:data1\" content=\"4 minuti\" \/>\n<script type=\"application\/ld+json\" class=\"yoast-schema-graph\">{\"@context\":\"https:\/\/schema.org\",\"@graph\":[{\"@type\":\"WebPage\",\"@id\":\"https:\/\/www.safinel.fr\/produit\/huile-de-melisse\/\",\"url\":\"https:\/\/www.safinel.fr\/produit\/huile-de-melisse\/\",\"name\":\"Huile de m\u00e9lisse | Huile naturelle | Bienfaits nombreux\",\"isPartOf\":{\"@id\":\"https:\/\/www.safinel.fr\/#website\"},\"primaryImageOfPage\":{\"@id\":\"https:\/\/www.safinel.fr\/produit\/huile-de-melisse\/#primaryimage\"},\"image\":{\"@id\":\"https:\/\/www.safinel.fr\/produit\/huile-de-melisse\/#primaryimage\"},\"thumbnailUrl\":\"https:\/\/www.safinel.fr\/wp-content\/uploads\/2023\/08\/huile-de-melisse.jpg\",\"datePublished\":\"2023-08-05T19:17:11+00:00\",\"dateModified\":\"2023-12-30T11:50:11+00:00\",\"description\":\"L'huile de m\u00e9lisse est une huile essentielle tr\u00e8s appr\u00e9ci\u00e9e pour ses nombreuses vertus, notamment en mati\u00e8re de relaxation et de digestion.\",\"breadcrumb\":{\"@id\":\"https:\/\/www.safinel.fr\/produit\/huile-de-melisse\/#breadcrumb\"},\"inLanguage\":\"it-IT\",\"potentialAction\":[{\"@type\":\"ReadAction\",\"target\":[\"https:\/\/www.safinel.fr\/produit\/huile-de-melisse\/\"]}]},{\"@type\":\"ImageObject\",\"inLanguage\":\"it-IT\",\"@id\":\"https:\/\/www.safinel.fr\/produit\/huile-de-melisse\/#primaryimage\",\"url\":\"https:\/\/www.safinel.fr\/wp-content\/uploads\/2023\/08\/huile-de-melisse.jpg\",\"contentUrl\":\"https:\/\/www.safinel.fr\/wp-content\/uploads\/2023\/08\/huile-de-melisse.jpg\",\"width\":600,\"height\":600,\"caption\":\"Huile de m\u00e9lisse\"},{\"@type\":\"BreadcrumbList\",\"@id\":\"https:\/\/www.safinel.fr\/produit\/huile-de-melisse\/#breadcrumb\",\"itemListElement\":[{\"@type\":\"ListItem\",\"position\":1,\"name\":\"Accueil\",\"item\":\"https:\/\/www.safinel.fr\/\"},{\"@type\":\"ListItem\",\"position\":2,\"name\":\"Boutique\",\"item\":\"https:\/\/www.safinel.fr\/boutique\/\"},{\"@type\":\"ListItem\",\"position\":3,\"name\":\"Huile de m\u00e9lisse 30ml\"}]},{\"@type\":\"WebSite\",\"@id\":\"https:\/\/www.safinel.fr\/#website\",\"url\":\"https:\/\/www.safinel.fr\/\",\"name\":\"Safinel\",\"description\":\"\",\"publisher\":{\"@id\":\"https:\/\/www.safinel.fr\/#organization\"},\"potentialAction\":[{\"@type\":\"SearchAction\",\"target\":{\"@type\":\"EntryPoint\",\"urlTemplate\":\"https:\/\/www.safinel.fr\/?s={search_term_string}\"},\"query-input\":{\"@type\":\"PropertyValueSpecification\",\"valueRequired\":true,\"valueName\":\"search_term_string\"}}],\"inLanguage\":\"it-IT\"},{\"@type\":\"Organization\",\"@id\":\"https:\/\/www.safinel.fr\/#organization\",\"name\":\"Safinel\",\"url\":\"https:\/\/www.safinel.fr\/\",\"logo\":{\"@type\":\"ImageObject\",\"inLanguage\":\"it-IT\",\"@id\":\"https:\/\/www.safinel.fr\/#\/schema\/logo\/image\/\",\"url\":\"https:\/\/www.safinel.fr\/wp-content\/uploads\/2021\/05\/boutique-cosmetique.png\",\"contentUrl\":\"https:\/\/www.safinel.fr\/wp-content\/uploads\/2021\/05\/boutique-cosmetique.png\",\"width\":800,\"height\":200,\"caption\":\"Safinel\"},\"image\":{\"@id\":\"https:\/\/www.safinel.fr\/#\/schema\/logo\/image\/\"}}]}<\/script>\n<!-- \/ Yoast SEO plugin. -->","yoast_head_json":{"title":"Olio di melissa | Olio naturale | Numerosi benefici","description":"L'olio di melissa \u00e8 un olio essenziale molto apprezzato per i suoi numerosi benefici, soprattutto in termini di rilassamento e digestione.","robots":{"index":"index","follow":"follow","max-snippet":"max-snippet:-1","max-image-preview":"max-image-preview:large","max-video-preview":"max-video-preview:-1"},"canonical":"https:\/\/www.safinel.fr\/it\/prodotto\/olio-di-melissa\/","og_locale":"it_IT","og_type":"article","og_title":"Huile de m\u00e9lisse | Huile naturelle | Bienfaits nombreux","og_description":"L'huile de m\u00e9lisse est une huile essentielle tr\u00e8s appr\u00e9ci\u00e9e pour ses nombreuses vertus, notamment en mati\u00e8re de relaxation et de digestion.","og_url":"https:\/\/www.safinel.fr\/it\/prodotto\/olio-di-melissa\/","og_site_name":"Safinel","article_modified_time":"2023-12-30T11:50:11+00:00","og_image":[{"width":600,"height":600,"url":"https:\/\/www.safinel.fr\/wp-content\/uploads\/2023\/08\/huile-de-melisse.jpg","type":"image\/jpeg"}],"twitter_card":"summary_large_image","twitter_misc":{"Tempo di lettura stimato":"4 minuti"},"schema":{"@context":"https:\/\/schema.org","@graph":[{"@type":"WebPage","@id":"https:\/\/www.safinel.fr\/produit\/huile-de-melisse\/","url":"https:\/\/www.safinel.fr\/produit\/huile-de-melisse\/","name":"Olio di melissa | Olio naturale | Numerosi benefici","isPartOf":{"@id":"https:\/\/www.safinel.fr\/#website"},"primaryImageOfPage":{"@id":"https:\/\/www.safinel.fr\/produit\/huile-de-melisse\/#primaryimage"},"image":{"@id":"https:\/\/www.safinel.fr\/produit\/huile-de-melisse\/#primaryimage"},"thumbnailUrl":"https:\/\/www.safinel.fr\/wp-content\/uploads\/2023\/08\/huile-de-melisse.jpg","datePublished":"2023-08-05T19:17:11+00:00","dateModified":"2023-12-30T11:50:11+00:00","description":"L'olio di melissa \u00e8 un olio essenziale molto apprezzato per i suoi numerosi benefici, soprattutto in termini di rilassamento e digestione.","breadcrumb":{"@id":"https:\/\/www.safinel.fr\/produit\/huile-de-melisse\/#breadcrumb"},"inLanguage":"it-IT","potentialAction":[{"@type":"ReadAction","target":["https:\/\/www.safinel.fr\/produit\/huile-de-melisse\/"]}]},{"@type":"ImageObject","inLanguage":"it-IT","@id":"https:\/\/www.safinel.fr\/produit\/huile-de-melisse\/#primaryimage","url":"https:\/\/www.safinel.fr\/wp-content\/uploads\/2023\/08\/huile-de-melisse.jpg","contentUrl":"https:\/\/www.safinel.fr\/wp-content\/uploads\/2023\/08\/huile-de-melisse.jpg","width":600,"height":600,"caption":"Huile de m\u00e9lisse"},{"@type":"BreadcrumbList","@id":"https:\/\/www.safinel.fr\/produit\/huile-de-melisse\/#breadcrumb","itemListElement":[{"@type":"ListItem","position":1,"name":"Accueil","item":"https:\/\/www.safinel.fr\/"},{"@type":"ListItem","position":2,"name":"Boutique","item":"https:\/\/www.safinel.fr\/boutique\/"},{"@type":"ListItem","position":3,"name":"Huile de m\u00e9lisse 30ml"}]},{"@type":"WebSite","@id":"https:\/\/www.safinel.fr\/#website","url":"https:\/\/www.safinel.fr\/","name":"Safinel","description":"","publisher":{"@id":"https:\/\/www.safinel.fr\/#organization"},"potentialAction":[{"@type":"SearchAction","target":{"@type":"EntryPoint","urlTemplate":"https:\/\/www.safinel.fr\/?s={search_term_string}"},"query-input":{"@type":"PropertyValueSpecification","valueRequired":true,"valueName":"search_term_string"}}],"inLanguage":"it-IT"},{"@type":"Organization","@id":"https:\/\/www.safinel.fr\/#organization","name":"Safinel","url":"https:\/\/www.safinel.fr\/","logo":{"@type":"ImageObject","inLanguage":"it-IT","@id":"https:\/\/www.safinel.fr\/#\/schema\/logo\/image\/","url":"https:\/\/www.safinel.fr\/wp-content\/uploads\/2021\/05\/boutique-cosmetique.png","contentUrl":"https:\/\/www.safinel.fr\/wp-content\/uploads\/2021\/05\/boutique-cosmetique.png","width":800,"height":200,"caption":"Safinel"},"image":{"@id":"https:\/\/www.safinel.fr\/#\/schema\/logo\/image\/"}}]}},"_links":{"self":[{"href":"https:\/\/www.safinel.fr\/it\/wp-json\/wp\/v2\/product\/7654","targetHints":{"allow":["GET"]}}],"collection":[{"href":"https:\/\/www.safinel.fr\/it\/wp-json\/wp\/v2\/product"}],"about":[{"href":"https:\/\/www.safinel.fr\/it\/wp-json\/wp\/v2\/types\/product"}],"wp:featuredmedia":[{"embeddable":true,"href":"https:\/\/www.safinel.fr\/it\/wp-json\/wp\/v2\/media\/7655"}],"wp:attachment":[{"href":"https:\/\/www.safinel.fr\/it\/wp-json\/wp\/v2\/media?parent=7654"}],"wp:term":[{"taxonomy":"product_brand","embeddable":true,"href":"https:\/\/www.safinel.fr\/it\/wp-json\/wp\/v2\/product_brand?post=7654"},{"taxonomy":"product_cat","embeddable":true,"href":"https:\/\/www.safinel.fr\/it\/wp-json\/wp\/v2\/product_cat?post=7654"},{"taxonomy":"product_tag","embeddable":true,"href":"https:\/\/www.safinel.fr\/it\/wp-json\/wp\/v2\/product_tag?post=7654"}],"curies":[{"name":"wp","href":"https:\/\/api.w.org\/{rel}","templated":true}]}}