{"id":7613,"date":"2023-08-04T19:27:47","date_gmt":"2023-08-04T19:27:47","guid":{"rendered":"https:\/\/www.safinel.fr\/?post_type=product&#038;p=7613"},"modified":"2023-12-28T17:16:10","modified_gmt":"2023-12-28T17:16:10","slug":"olio-dorigano","status":"publish","type":"product","link":"https:\/\/www.safinel.fr\/it\/prodotto\/olio-dorigano\/","title":{"rendered":"Olio di origano 30ml"},"content":{"rendered":"<p>L'olio di origano \u00e8 un olio essenziale dalle molteplici virt\u00f9. \u00c8 diventato un must nel campo della salute e del benessere naturale.<\/p>\n<p>In questo articolo vi spiegheremo i benefici di questo prezioso olio e i modi migliori per utilizzarlo quotidianamente. Per acquistare un olio naturale di qualit\u00e0, affidatevi a Safinel.fr, il vostro negozio online specializzato in oli essenziali.<\/p>\n<h2><strong>Che cos'\u00e8 l'olio di origano?<\/strong><\/h2>\n<p>Viene estratto dalle foglie della pianta Origanum vulgare, nota anche come origano comune o maggiorana selvatica. Questa pianta aromatica \u00e8 originaria della regione mediterranea e le sue propriet\u00e0 medicinali sono riconosciute fin dall'antichit\u00e0.<\/p>\n<p>Ricco di\u00a0<strong>composti attivi come il carvacrolo, il timolo e l'acido rosmarinico.<\/strong>\u00a0L'olio di origano ha propriet\u00e0 antiossidanti, antibatteriche, antivirali e antinfiammatorie che lo rendono un vero e proprio alleato per preservare la nostra salute e migliorare il nostro benessere quotidiano.<\/p>\n<h2><strong>I benefici dell'olio di origano per la salute<\/strong><\/h2>\n<ul>\n<li><strong>Rafforzare il sistema immunitario<\/strong><\/li>\n<\/ul>\n<p>Grazie alle sue propriet\u00e0 antivirali e antibatteriche. Quest'olio naturale \u00e8 un ottimo rimedio naturale per\u00a0<strong>combattere le infezioni e rafforzare il nostro sistema immunitario<\/strong>. Pu\u00f2 essere utilizzato come misura preventiva per evitare di ammalarsi o come trattamento per aiutare l'organismo a combattere virus e batteri.<\/p>\n<ul>\n<li><strong>Alleviare i problemi digestivi<\/strong><\/li>\n<\/ul>\n<p>L'olio di origano \u00e8 noto anche per i suoi effetti benefici sull'apparato digerente. In particolare, aiuta a\u00a0<strong>Regola la digestione, allevia il gonfiore e riduce gli spasmi intestinali.<\/strong>. Inoltre, grazie alla sua azione antimicrobica, aiuta a eliminare i batteri cattivi presenti nel nostro intestino, favorendo cos\u00ec una flora intestinale sana.<\/p>\n<ul>\n<li><strong>Lenisce i dolori muscolari e articolari<\/strong><\/li>\n<\/ul>\n<p>Le propriet\u00e0 antinfiammatorie dell'olio di origano lo rendono ideale per\u00a0<strong>alleviare i dolori muscolari e articolari.<\/strong>\u00a0Sia che si tratti di infiammazioni, dolori o artrite. Applicato localmente come massaggio, fornisce una sensazione di calore e rilassamento, aiutando a distendere i muscoli e ad alleviare i dolori.<\/p>\n<ul>\n<li><strong>Migliorare la salute della pelle<\/strong><\/li>\n<\/ul>\n<p>Usato per via topica. L'olio di origano pu\u00f2 anche aiutare a\u00a0<strong>trattare vari problemi della pelle<\/strong>\u00a0come acne, micosi, verruche ed eczemi. Le sue propriet\u00e0 antimicotiche e antibatteriche contribuiscono a eliminare i batteri responsabili di queste patologie cutanee e a favorirne la guarigione.<\/p>\n<h2><strong>Come si usa l'olio di origano?<\/strong><\/h2>\n<p>L'olio di origano \u00e8 un prodotto altamente concentrato che deve essere usato con cura. Ecco alcuni consigli che vi aiuteranno a sfruttare al meglio i suoi benefici:<\/p>\n<ul>\n<li><strong>Diluire sempre l'olio di origano<\/strong>\u00a0in un olio vegetale (ad esempio <a href=\"https:\/\/www.safinel.fr\/it\/prodotto\/olio-di-mandorle-dolci\/\"><strong>olio di mandorle dolci<\/strong><\/a>, Pu\u00f2 essere applicato sulla pelle o massaggiato. In genere si consiglia una diluizione da 3 a 5 %.<\/li>\n<li><strong>Uso orale<\/strong>\u00a0Si possono aggiungere alcune gocce di questo olio naturale diluite in un cucchiaino di miele o di olio d'oliva. Questo rafforzer\u00e0 il sistema immunitario e favorir\u00e0 la digestione. Ma fate attenzione a non superare la dose consigliata. Si tratta di circa 4 gocce al giorno per un adulto, e consultate un professionista della salute prima di qualsiasi uso interno.<\/li>\n<li><strong>Diffondere questo olio<\/strong>\u00a0Olio di origano: per purificare l'aria di casa e beneficiare delle sue propriet\u00e0 antivirali. \u00c8 possibile utilizzare un diffusore di oli essenziali e aggiungere alcune gocce di olio di origano. Fate attenzione a non diffondere l'olio in modo continuo e seguite le raccomandazioni del produttore del diffusore.<\/li>\n<\/ul>\n<h3><strong>Acquista da Safinel.it<\/strong><\/h3>\n<p>Per godere dei numerosi benefici dell'olio di origano, \u00e8 essenziale scegliere un olio di qualit\u00e0. Noi di Safinel.it vi offriamo una gamma di oli di qualit\u00e0.\u00a0<strong>gamma di oli essenziali puri e naturali 100 %<\/strong>, compreso l'olio di origano. Selezionati con cura per le loro propriet\u00e0 terapeutiche e la loro efficacia.<\/p>\n<p>Scoprite la nostra gamma di oli essenziali per migliorare il vostro benessere e quello di tutta la famiglia. Affidatevi a Safinel.it per acquistare questo olio benefico e vivere un'esperienza aromatica unica.<\/p>","protected":false},"excerpt":{"rendered":"<p>L'olio di origano, un olio essenziale dalle molteplici virt\u00f9, \u00e8 diventato un must nel campo della salute e del benessere naturale.<\/p>\n<p><img decoding=\"async\" class=\"size-full wp-image-5091 aligncenter\" src=\"https:\/\/www.safinel.fr\/wp-content\/uploads\/2021\/06\/BANNIERE-ICONE-SAFINEL.webp\" alt=\"riassicurazione satine\" width=\"800\" height=\"200\" srcset=\"https:\/\/www.safinel.fr\/wp-content\/uploads\/2021\/06\/BANNIERE-ICONE-SAFINEL.webp 800w, https:\/\/www.safinel.fr\/wp-content\/uploads\/2021\/06\/BANNIERE-ICONE-SAFINEL-600x150.webp 600w, https:\/\/www.safinel.fr\/wp-content\/uploads\/2021\/06\/BANNIERE-ICONE-SAFINEL-768x192.webp 768w\" sizes=\"(max-width: 800px) 100vw, 800px\" \/><\/p>","protected":false},"featured_media":7614,"template":"","meta":[],"product_brand":[],"product_cat":[122],"product_tag":[],"class_list":{"0":"post-7613","1":"product","2":"type-product","3":"status-publish","4":"has-post-thumbnail","6":"product_cat-huile-vegetale","8":"first","9":"instock","10":"shipping-taxable","11":"purchasable","12":"product-type-simple"},"yoast_head":"<!-- This site is optimized with the Yoast SEO plugin v26.6 - https:\/\/yoast.com\/wordpress\/plugins\/seo\/ -->\n<title>Huile d&#039;origan | Bienfaits nombreux | 100% naturelle<\/title>\n<meta name=\"description\" content=\"L&#039;huile d&#039;origan, une huile essentielle aux multiples vertus, est devenue un incontournable dans le domaine du bien-\u00eatre et de la sant\u00e9 au naturel.\" \/>\n<meta name=\"robots\" content=\"index, follow, max-snippet:-1, max-image-preview:large, max-video-preview:-1\" \/>\n<link rel=\"canonical\" href=\"https:\/\/www.safinel.fr\/it\/prodotto\/olio-dorigano\/\" \/>\n<meta property=\"og:locale\" content=\"it_IT\" \/>\n<meta property=\"og:type\" content=\"article\" \/>\n<meta property=\"og:title\" content=\"Huile d&#039;origan | Bienfaits nombreux | 100% naturelle\" \/>\n<meta property=\"og:description\" content=\"L&#039;huile d&#039;origan, une huile essentielle aux multiples vertus, est devenue un incontournable dans le domaine du bien-\u00eatre et de la sant\u00e9 au naturel.\" \/>\n<meta property=\"og:url\" content=\"https:\/\/www.safinel.fr\/it\/prodotto\/olio-dorigano\/\" \/>\n<meta property=\"og:site_name\" content=\"Safinel\" \/>\n<meta property=\"article:modified_time\" content=\"2023-12-28T17:16:10+00:00\" \/>\n<meta property=\"og:image\" content=\"https:\/\/www.safinel.fr\/wp-content\/uploads\/2023\/08\/Huile-dorigan.jpg\" \/>\n\t<meta property=\"og:image:width\" content=\"600\" \/>\n\t<meta property=\"og:image:height\" content=\"600\" \/>\n\t<meta property=\"og:image:type\" content=\"image\/jpeg\" \/>\n<meta name=\"twitter:card\" content=\"summary_large_image\" \/>\n<meta name=\"twitter:label1\" content=\"Tempo di lettura stimato\" \/>\n\t<meta name=\"twitter:data1\" content=\"3 minuti\" \/>\n<script type=\"application\/ld+json\" class=\"yoast-schema-graph\">{\"@context\":\"https:\/\/schema.org\",\"@graph\":[{\"@type\":\"WebPage\",\"@id\":\"https:\/\/www.safinel.fr\/produit\/huile-dorigan\/\",\"url\":\"https:\/\/www.safinel.fr\/produit\/huile-dorigan\/\",\"name\":\"Huile d'origan | Bienfaits nombreux | 100% naturelle\",\"isPartOf\":{\"@id\":\"https:\/\/www.safinel.fr\/#website\"},\"primaryImageOfPage\":{\"@id\":\"https:\/\/www.safinel.fr\/produit\/huile-dorigan\/#primaryimage\"},\"image\":{\"@id\":\"https:\/\/www.safinel.fr\/produit\/huile-dorigan\/#primaryimage\"},\"thumbnailUrl\":\"https:\/\/www.safinel.fr\/wp-content\/uploads\/2023\/08\/Huile-dorigan.jpg\",\"datePublished\":\"2023-08-04T19:27:47+00:00\",\"dateModified\":\"2023-12-28T17:16:10+00:00\",\"description\":\"L'huile d'origan, une huile essentielle aux multiples vertus, est devenue un incontournable dans le domaine du bien-\u00eatre et de la sant\u00e9 au naturel.\",\"breadcrumb\":{\"@id\":\"https:\/\/www.safinel.fr\/produit\/huile-dorigan\/#breadcrumb\"},\"inLanguage\":\"it-IT\",\"potentialAction\":[{\"@type\":\"ReadAction\",\"target\":[\"https:\/\/www.safinel.fr\/produit\/huile-dorigan\/\"]}]},{\"@type\":\"ImageObject\",\"inLanguage\":\"it-IT\",\"@id\":\"https:\/\/www.safinel.fr\/produit\/huile-dorigan\/#primaryimage\",\"url\":\"https:\/\/www.safinel.fr\/wp-content\/uploads\/2023\/08\/Huile-dorigan.jpg\",\"contentUrl\":\"https:\/\/www.safinel.fr\/wp-content\/uploads\/2023\/08\/Huile-dorigan.jpg\",\"width\":600,\"height\":600,\"caption\":\"Huile d'origan\"},{\"@type\":\"BreadcrumbList\",\"@id\":\"https:\/\/www.safinel.fr\/produit\/huile-dorigan\/#breadcrumb\",\"itemListElement\":[{\"@type\":\"ListItem\",\"position\":1,\"name\":\"Accueil\",\"item\":\"https:\/\/www.safinel.fr\/\"},{\"@type\":\"ListItem\",\"position\":2,\"name\":\"Boutique\",\"item\":\"https:\/\/www.safinel.fr\/boutique\/\"},{\"@type\":\"ListItem\",\"position\":3,\"name\":\"Huile d&#8217;origan 30ml\"}]},{\"@type\":\"WebSite\",\"@id\":\"https:\/\/www.safinel.fr\/#website\",\"url\":\"https:\/\/www.safinel.fr\/\",\"name\":\"Safinel\",\"description\":\"\",\"publisher\":{\"@id\":\"https:\/\/www.safinel.fr\/#organization\"},\"potentialAction\":[{\"@type\":\"SearchAction\",\"target\":{\"@type\":\"EntryPoint\",\"urlTemplate\":\"https:\/\/www.safinel.fr\/?s={search_term_string}\"},\"query-input\":{\"@type\":\"PropertyValueSpecification\",\"valueRequired\":true,\"valueName\":\"search_term_string\"}}],\"inLanguage\":\"it-IT\"},{\"@type\":\"Organization\",\"@id\":\"https:\/\/www.safinel.fr\/#organization\",\"name\":\"Safinel\",\"url\":\"https:\/\/www.safinel.fr\/\",\"logo\":{\"@type\":\"ImageObject\",\"inLanguage\":\"it-IT\",\"@id\":\"https:\/\/www.safinel.fr\/#\/schema\/logo\/image\/\",\"url\":\"https:\/\/www.safinel.fr\/wp-content\/uploads\/2021\/05\/boutique-cosmetique.png\",\"contentUrl\":\"https:\/\/www.safinel.fr\/wp-content\/uploads\/2021\/05\/boutique-cosmetique.png\",\"width\":800,\"height\":200,\"caption\":\"Safinel\"},\"image\":{\"@id\":\"https:\/\/www.safinel.fr\/#\/schema\/logo\/image\/\"}}]}<\/script>\n<!-- \/ Yoast SEO plugin. -->","yoast_head_json":{"title":"Olio di origano | Numerosi benefici | 100% naturale","description":"L'olio di origano, un olio essenziale dalle molteplici virt\u00f9, \u00e8 diventato un must nel campo della salute e del benessere naturale.","robots":{"index":"index","follow":"follow","max-snippet":"max-snippet:-1","max-image-preview":"max-image-preview:large","max-video-preview":"max-video-preview:-1"},"canonical":"https:\/\/www.safinel.fr\/it\/prodotto\/olio-dorigano\/","og_locale":"it_IT","og_type":"article","og_title":"Huile d'origan | Bienfaits nombreux | 100% naturelle","og_description":"L'huile d'origan, une huile essentielle aux multiples vertus, est devenue un incontournable dans le domaine du bien-\u00eatre et de la sant\u00e9 au naturel.","og_url":"https:\/\/www.safinel.fr\/it\/prodotto\/olio-dorigano\/","og_site_name":"Safinel","article_modified_time":"2023-12-28T17:16:10+00:00","og_image":[{"width":600,"height":600,"url":"https:\/\/www.safinel.fr\/wp-content\/uploads\/2023\/08\/Huile-dorigan.jpg","type":"image\/jpeg"}],"twitter_card":"summary_large_image","twitter_misc":{"Tempo di lettura stimato":"3 minuti"},"schema":{"@context":"https:\/\/schema.org","@graph":[{"@type":"WebPage","@id":"https:\/\/www.safinel.fr\/produit\/huile-dorigan\/","url":"https:\/\/www.safinel.fr\/produit\/huile-dorigan\/","name":"Olio di origano | Numerosi benefici | 100% naturale","isPartOf":{"@id":"https:\/\/www.safinel.fr\/#website"},"primaryImageOfPage":{"@id":"https:\/\/www.safinel.fr\/produit\/huile-dorigan\/#primaryimage"},"image":{"@id":"https:\/\/www.safinel.fr\/produit\/huile-dorigan\/#primaryimage"},"thumbnailUrl":"https:\/\/www.safinel.fr\/wp-content\/uploads\/2023\/08\/Huile-dorigan.jpg","datePublished":"2023-08-04T19:27:47+00:00","dateModified":"2023-12-28T17:16:10+00:00","description":"L'olio di origano, un olio essenziale dalle molteplici virt\u00f9, \u00e8 diventato un must nel campo della salute e del benessere naturale.","breadcrumb":{"@id":"https:\/\/www.safinel.fr\/produit\/huile-dorigan\/#breadcrumb"},"inLanguage":"it-IT","potentialAction":[{"@type":"ReadAction","target":["https:\/\/www.safinel.fr\/produit\/huile-dorigan\/"]}]},{"@type":"ImageObject","inLanguage":"it-IT","@id":"https:\/\/www.safinel.fr\/produit\/huile-dorigan\/#primaryimage","url":"https:\/\/www.safinel.fr\/wp-content\/uploads\/2023\/08\/Huile-dorigan.jpg","contentUrl":"https:\/\/www.safinel.fr\/wp-content\/uploads\/2023\/08\/Huile-dorigan.jpg","width":600,"height":600,"caption":"Huile d'origan"},{"@type":"BreadcrumbList","@id":"https:\/\/www.safinel.fr\/produit\/huile-dorigan\/#breadcrumb","itemListElement":[{"@type":"ListItem","position":1,"name":"Accueil","item":"https:\/\/www.safinel.fr\/"},{"@type":"ListItem","position":2,"name":"Boutique","item":"https:\/\/www.safinel.fr\/boutique\/"},{"@type":"ListItem","position":3,"name":"Huile d&#8217;origan 30ml"}]},{"@type":"WebSite","@id":"https:\/\/www.safinel.fr\/#website","url":"https:\/\/www.safinel.fr\/","name":"Safinel","description":"","publisher":{"@id":"https:\/\/www.safinel.fr\/#organization"},"potentialAction":[{"@type":"SearchAction","target":{"@type":"EntryPoint","urlTemplate":"https:\/\/www.safinel.fr\/?s={search_term_string}"},"query-input":{"@type":"PropertyValueSpecification","valueRequired":true,"valueName":"search_term_string"}}],"inLanguage":"it-IT"},{"@type":"Organization","@id":"https:\/\/www.safinel.fr\/#organization","name":"Safinel","url":"https:\/\/www.safinel.fr\/","logo":{"@type":"ImageObject","inLanguage":"it-IT","@id":"https:\/\/www.safinel.fr\/#\/schema\/logo\/image\/","url":"https:\/\/www.safinel.fr\/wp-content\/uploads\/2021\/05\/boutique-cosmetique.png","contentUrl":"https:\/\/www.safinel.fr\/wp-content\/uploads\/2021\/05\/boutique-cosmetique.png","width":800,"height":200,"caption":"Safinel"},"image":{"@id":"https:\/\/www.safinel.fr\/#\/schema\/logo\/image\/"}}]}},"_links":{"self":[{"href":"https:\/\/www.safinel.fr\/it\/wp-json\/wp\/v2\/product\/7613","targetHints":{"allow":["GET"]}}],"collection":[{"href":"https:\/\/www.safinel.fr\/it\/wp-json\/wp\/v2\/product"}],"about":[{"href":"https:\/\/www.safinel.fr\/it\/wp-json\/wp\/v2\/types\/product"}],"wp:featuredmedia":[{"embeddable":true,"href":"https:\/\/www.safinel.fr\/it\/wp-json\/wp\/v2\/media\/7614"}],"wp:attachment":[{"href":"https:\/\/www.safinel.fr\/it\/wp-json\/wp\/v2\/media?parent=7613"}],"wp:term":[{"taxonomy":"product_brand","embeddable":true,"href":"https:\/\/www.safinel.fr\/it\/wp-json\/wp\/v2\/product_brand?post=7613"},{"taxonomy":"product_cat","embeddable":true,"href":"https:\/\/www.safinel.fr\/it\/wp-json\/wp\/v2\/product_cat?post=7613"},{"taxonomy":"product_tag","embeddable":true,"href":"https:\/\/www.safinel.fr\/it\/wp-json\/wp\/v2\/product_tag?post=7613"}],"curies":[{"name":"wp","href":"https:\/\/api.w.org\/{rel}","templated":true}]}}