{"id":7470,"date":"2023-07-30T18:16:54","date_gmt":"2023-07-30T18:16:54","guid":{"rendered":"https:\/\/www.safinel.fr\/?post_type=product&#038;p=7470"},"modified":"2025-08-04T14:52:30","modified_gmt":"2025-08-04T14:52:30","slug":"attieke-disidratato","status":"publish","type":"product","link":"https:\/\/www.safinel.fr\/it\/prodotto\/attieke-disidratato\/","title":{"rendered":"Attieke disidratato 500g"},"content":{"rendered":"<p>L'atti\u00e9k\u00e9 essiccato \u00e8 una preparazione culinaria originaria dell'Africa occidentale, pi\u00f9 precisamente della Costa d'Avorio. Questo piatto, a base di manioca fermentata ed essiccata, \u00e8 molto apprezzato per il suo valore nutrizionale e il suo sapore delicato. In questo articolo, diamo uno sguardo alle caratteristiche di questo prodotto e ai motivi per cui dovreste acquistare atti\u00e9k\u00e9 disidratato da Safinel.it.<\/p>\n<h2><strong>Che cos'\u00e8 l'atti\u00e9k\u00e9 disidratato?<\/strong><\/h2>\n<p>L'Atti\u00e9k\u00e9 \u00e8 stato introdotto in Francia negli anni '90, ma \u00e8 ancora poco conosciuto dal grande pubblico. Deriva da <a href=\"https:\/\/www.safinel.fr\/it\/manioca\/\"><strong>manioca<\/strong><\/a>, Si ottiene facendo fermentare, poi essiccare e macinare le radici di questa pianta tropicale. Il risultato \u00e8 una semola fine. Di colore bianco o leggermente giallastro, \u00e8 facile e veloce da cucinare. Grazie al suo elevato contenuto di fibre, proteine e vitamine, l'atti\u00e9k\u00e9 \u00e8 considerato un alimento completo e benefico per la salute.<\/p>\n<h3><strong>I benefici nutrizionali dell'atti\u00e9k\u00e9 disidratato<\/strong><\/h3>\n<p><strong>Uno dei principali vantaggi dell'atti\u00e9k\u00e9 disidratato \u00e8 che \u00e8 ricco di sostanze nutritive essenziali per il corretto funzionamento dell'organismo.<\/strong>. Rispetto al riso, alla pasta o alla semola di grano, ha il vantaggio di essere privo di glutine e di avere un indice glicemico pi\u00f9 basso. Questo lo rende una scelta ideale per i celiaci o per chi segue una dieta speciale.<\/p>\n<p>L'Attike \u00e8 anche un'ottima fonte di fibre alimentari. Favorisce la digestione e aiuta a prevenire i disturbi digestivi. Le proteine vegetali contenute in questo preparato sono interessanti anche per gli sportivi e i vegetariani. Chi vuole diversificare il proprio apporto nutrizionale.<\/p>\n<h2><strong>Acquistare atti\u00e9k\u00e9 disidratato da Safinel.fr: un'offerta di qualit\u00e0<\/strong><\/h2>\n<p>Safinel.fr \u00e8 un negozio online specializzato nella vendita di prodotti provenienti dall'Africa occidentale, che coniugano autenticit\u00e0, gusto e benessere. Scegliendo di acquistare il vostro atti\u00e9k\u00e9 disidratato su questo sito, avrete la certezza di ottenere un prodotto di alta qualit\u00e0, accuratamente selezionato tra i migliori sul mercato.<\/p>\n<h3><strong>Una vasta gamma di prodotti<\/strong><\/h3>\n<p>Su Safinel.fr, l'atti\u00e9k\u00e9 disidratato \u00e8 disponibile in diverse forme e confezioni per soddisfare tutti i gusti e le esigenze. \u00c8 possibile scegliere tra :<\/p>\n<ul>\n<li><strong>Atti\u00e9k\u00e9 disidratato semplice<\/strong>\u00a0Questa \u00e8 la versione tradizionale, senza l'aggiunta di spezie o altri ingredienti. \u00c8 disponibile in bustine di diverse dimensioni, per uso occasionale o regolare.<\/li>\n<li><strong>Atti\u00e9k\u00e9 disidratato aromatizzato<\/strong>\u00a0Per chi vuole un po' di variet\u00e0. Safinel.fr propone anche atti\u00e9k\u00e9 aromatizzati con spezie ed erbe aromatiche, come zenzero, curry o coriandolo. Queste preparazioni aggiungono un tocco di esotismo e originalit\u00e0 ai vostri piatti.<\/li>\n<li><strong>Atti\u00e9k\u00e9 disidratato biologico<\/strong>\u00a0Se prestate attenzione alla qualit\u00e0 dei prodotti che mangiate. Optate per l'atti\u00e9k\u00e9 biologico certificato. Questo garantisce una coltivazione rispettosa dell'ambiente e l'assenza di pesticidi nella semola finale.<\/li>\n<\/ul>\n<h3><strong>Servizio clienti al vostro servizio<\/strong><\/h3>\n<p>Per aiutarvi a fare la scelta giusta e rispondere alle vostre domande. Safinel.fr mette a vostra disposizione un team di consulenti competenti ed entusiasti, oltre a un servizio post-vendita reattivo e disponibile. Non esitate a contattarli per avere maggiori informazioni sui prodotti offerti.<\/p>\n<h3><strong>Idee di ricette con l'atti\u00e9k\u00e9 disidratato<\/strong><\/h3>\n<p>Siete convinti dei benefici dell'atti\u00e9k\u00e9 disidratato e volete integrarlo nella vostra dieta? Ecco alcune idee di ricette per ispirarvi e deliziare il vostro palato:<\/p>\n<ol>\n<li><strong>Atti\u00e9k\u00e9 fritto con verdure<\/strong>\u00a0Preparate un delizioso piatto vegetariano saltando le verdure di stagione (peperoni, zucchine, melanzane) con olio d'oliva, sale, olio di menta e olio d'oliva. <a href=\"https:\/\/www.safinel.fr\/it\/prodotto\/pepe-africano\/\"><strong>pepe<\/strong><\/a> e le erbe di Provenza. Aggiungere quindi l'atti\u00e9k\u00e9 reidratato e mescolare bene per ricoprire i grani di semola.<\/li>\n<li><strong>Insalata di atike e tonno<\/strong>\u00a0Per un antipasto fresco, combinare l'atti\u00e9k\u00e9 cotto e raffreddato con tonno sbriciolato, pomodorini tagliati a met\u00e0, olive nere snocciolate e cubetti di cetriolo. Condire con una vinaigrette leggera.<\/li>\n<li><strong>Polpette di Attieke con gamberi<\/strong>\u00a0Preparare gli gnocchi con l'atti\u00e9k\u00e9 cotto. Gamberi sgusciati e tagliati a pezzetti, cipolle tritate finemente, uovo sbattuto e pangrattato. Friggere fino a quando non saranno dorati e croccanti.<\/li>\n<\/ol>\n<p>In breve, l'atti\u00e9k\u00e9 disidratato \u00e8 un prodotto sano e gustoso che merita di essere scoperto e apprezzato. Safinel.it vi offre un'ampia gamma di questa prelibatezza africana, per deliziare il vostro palato e migliorare il vostro benessere.<\/p>","protected":false},"excerpt":{"rendered":"<p>L'atti\u00e9k\u00e9 disidratato \u00e8 una preparazione culinaria originaria dell'Africa occidentale, pi\u00f9 precisamente della Costa d'Avorio.<\/p>\n<p><img decoding=\"async\" class=\"size-full wp-image-5091 aligncenter\" src=\"https:\/\/www.safinel.fr\/wp-content\/uploads\/2021\/06\/BANNIERE-ICONE-SAFINEL.webp\" alt=\"riassicurazione satine\" width=\"800\" height=\"200\" srcset=\"https:\/\/www.safinel.fr\/wp-content\/uploads\/2021\/06\/BANNIERE-ICONE-SAFINEL.webp 800w, https:\/\/www.safinel.fr\/wp-content\/uploads\/2021\/06\/BANNIERE-ICONE-SAFINEL-600x150.webp 600w, https:\/\/www.safinel.fr\/wp-content\/uploads\/2021\/06\/BANNIERE-ICONE-SAFINEL-768x192.webp 768w\" sizes=\"(max-width: 800px) 100vw, 800px\" \/><\/p>","protected":false},"featured_media":7471,"template":"","meta":[],"product_brand":[],"product_cat":[150],"product_tag":[],"class_list":{"0":"post-7470","1":"product","2":"type-product","3":"status-publish","4":"has-post-thumbnail","6":"product_cat-legume-africain","8":"first","9":"outofstock","10":"shipping-taxable","11":"purchasable","12":"product-type-simple"},"yoast_head":"<!-- This site is optimized with the Yoast SEO plugin v26.6 - https:\/\/yoast.com\/wordpress\/plugins\/seo\/ -->\n<title>Atti\u00e9k\u00e9 d\u00e9shydrat\u00e9 | 100% naturel | Achat en France avec Safinel.fr<\/title>\n<meta name=\"robots\" content=\"index, follow, max-snippet:-1, max-image-preview:large, max-video-preview:-1\" \/>\n<link rel=\"canonical\" href=\"https:\/\/www.safinel.fr\/it\/prodotto\/attieke-disidratato\/\" \/>\n<meta property=\"og:locale\" content=\"it_IT\" \/>\n<meta property=\"og:type\" content=\"article\" \/>\n<meta property=\"og:title\" content=\"Atti\u00e9k\u00e9 d\u00e9shydrat\u00e9 | 100% naturel | Achat en France avec Safinel.fr\" \/>\n<meta property=\"og:description\" content=\"L&#039;atti\u00e9k\u00e9 d\u00e9shydrat\u00e9 est une pr\u00e9paration culinaire originaire d&#039;Afrique de l&#039;Ouest, plus pr\u00e9cis\u00e9ment de la C\u00f4te d&#039;Ivoire.\" \/>\n<meta property=\"og:url\" content=\"https:\/\/www.safinel.fr\/it\/prodotto\/attieke-disidratato\/\" \/>\n<meta property=\"og:site_name\" content=\"Safinel\" \/>\n<meta property=\"article:modified_time\" content=\"2025-08-04T14:52:30+00:00\" \/>\n<meta property=\"og:image\" content=\"https:\/\/www.safinel.fr\/wp-content\/uploads\/2023\/07\/attieke-deshydrate-MA.jpg\" \/>\n\t<meta property=\"og:image:width\" content=\"600\" \/>\n\t<meta property=\"og:image:height\" content=\"600\" \/>\n\t<meta property=\"og:image:type\" content=\"image\/jpeg\" \/>\n<meta name=\"twitter:card\" content=\"summary_large_image\" \/>\n<meta name=\"twitter:label1\" content=\"Tempo di lettura stimato\" \/>\n\t<meta name=\"twitter:data1\" content=\"4 minuti\" \/>\n<script type=\"application\/ld+json\" class=\"yoast-schema-graph\">{\"@context\":\"https:\/\/schema.org\",\"@graph\":[{\"@type\":\"WebPage\",\"@id\":\"https:\/\/www.safinel.fr\/produit\/attieke-deshydrate\/\",\"url\":\"https:\/\/www.safinel.fr\/produit\/attieke-deshydrate\/\",\"name\":\"Atti\u00e9k\u00e9 d\u00e9shydrat\u00e9 | 100% naturel | Achat en France avec Safinel.fr\",\"isPartOf\":{\"@id\":\"https:\/\/www.safinel.fr\/#website\"},\"primaryImageOfPage\":{\"@id\":\"https:\/\/www.safinel.fr\/produit\/attieke-deshydrate\/#primaryimage\"},\"image\":{\"@id\":\"https:\/\/www.safinel.fr\/produit\/attieke-deshydrate\/#primaryimage\"},\"thumbnailUrl\":\"https:\/\/www.safinel.fr\/wp-content\/uploads\/2023\/07\/attieke-deshydrate-MA.jpg\",\"datePublished\":\"2023-07-30T18:16:54+00:00\",\"dateModified\":\"2025-08-04T14:52:30+00:00\",\"breadcrumb\":{\"@id\":\"https:\/\/www.safinel.fr\/produit\/attieke-deshydrate\/#breadcrumb\"},\"inLanguage\":\"it-IT\",\"potentialAction\":[{\"@type\":\"ReadAction\",\"target\":[\"https:\/\/www.safinel.fr\/produit\/attieke-deshydrate\/\"]}]},{\"@type\":\"ImageObject\",\"inLanguage\":\"it-IT\",\"@id\":\"https:\/\/www.safinel.fr\/produit\/attieke-deshydrate\/#primaryimage\",\"url\":\"https:\/\/www.safinel.fr\/wp-content\/uploads\/2023\/07\/attieke-deshydrate-MA.jpg\",\"contentUrl\":\"https:\/\/www.safinel.fr\/wp-content\/uploads\/2023\/07\/attieke-deshydrate-MA.jpg\",\"width\":600,\"height\":600,\"caption\":\"Atti\u00e9k\u00e9 d\u00e9shydrat\u00e9 500g\"},{\"@type\":\"BreadcrumbList\",\"@id\":\"https:\/\/www.safinel.fr\/produit\/attieke-deshydrate\/#breadcrumb\",\"itemListElement\":[{\"@type\":\"ListItem\",\"position\":1,\"name\":\"Accueil\",\"item\":\"https:\/\/www.safinel.fr\/\"},{\"@type\":\"ListItem\",\"position\":2,\"name\":\"Boutique\",\"item\":\"https:\/\/www.safinel.fr\/boutique\/\"},{\"@type\":\"ListItem\",\"position\":3,\"name\":\"Attieke d\u00e9shydrat\u00e9 500g\"}]},{\"@type\":\"WebSite\",\"@id\":\"https:\/\/www.safinel.fr\/#website\",\"url\":\"https:\/\/www.safinel.fr\/\",\"name\":\"Safinel\",\"description\":\"\",\"publisher\":{\"@id\":\"https:\/\/www.safinel.fr\/#organization\"},\"potentialAction\":[{\"@type\":\"SearchAction\",\"target\":{\"@type\":\"EntryPoint\",\"urlTemplate\":\"https:\/\/www.safinel.fr\/?s={search_term_string}\"},\"query-input\":{\"@type\":\"PropertyValueSpecification\",\"valueRequired\":true,\"valueName\":\"search_term_string\"}}],\"inLanguage\":\"it-IT\"},{\"@type\":\"Organization\",\"@id\":\"https:\/\/www.safinel.fr\/#organization\",\"name\":\"Safinel\",\"url\":\"https:\/\/www.safinel.fr\/\",\"logo\":{\"@type\":\"ImageObject\",\"inLanguage\":\"it-IT\",\"@id\":\"https:\/\/www.safinel.fr\/#\/schema\/logo\/image\/\",\"url\":\"https:\/\/www.safinel.fr\/wp-content\/uploads\/2021\/05\/boutique-cosmetique.png\",\"contentUrl\":\"https:\/\/www.safinel.fr\/wp-content\/uploads\/2021\/05\/boutique-cosmetique.png\",\"width\":800,\"height\":200,\"caption\":\"Safinel\"},\"image\":{\"@id\":\"https:\/\/www.safinel.fr\/#\/schema\/logo\/image\/\"}}]}<\/script>\n<!-- \/ Yoast SEO plugin. -->","yoast_head_json":{"title":"Atti\u00e9k\u00e9 disidratato | 100% naturel | Acquistare in Francia con Safinel.it","robots":{"index":"index","follow":"follow","max-snippet":"max-snippet:-1","max-image-preview":"max-image-preview:large","max-video-preview":"max-video-preview:-1"},"canonical":"https:\/\/www.safinel.fr\/it\/prodotto\/attieke-disidratato\/","og_locale":"it_IT","og_type":"article","og_title":"Atti\u00e9k\u00e9 d\u00e9shydrat\u00e9 | 100% naturel | Achat en France avec Safinel.fr","og_description":"L'atti\u00e9k\u00e9 d\u00e9shydrat\u00e9 est une pr\u00e9paration culinaire originaire d'Afrique de l'Ouest, plus pr\u00e9cis\u00e9ment de la C\u00f4te d'Ivoire.","og_url":"https:\/\/www.safinel.fr\/it\/prodotto\/attieke-disidratato\/","og_site_name":"Safinel","article_modified_time":"2025-08-04T14:52:30+00:00","og_image":[{"width":600,"height":600,"url":"https:\/\/www.safinel.fr\/wp-content\/uploads\/2023\/07\/attieke-deshydrate-MA.jpg","type":"image\/jpeg"}],"twitter_card":"summary_large_image","twitter_misc":{"Tempo di lettura stimato":"4 minuti"},"schema":{"@context":"https:\/\/schema.org","@graph":[{"@type":"WebPage","@id":"https:\/\/www.safinel.fr\/produit\/attieke-deshydrate\/","url":"https:\/\/www.safinel.fr\/produit\/attieke-deshydrate\/","name":"Atti\u00e9k\u00e9 disidratato | 100% naturel | Acquistare in Francia con Safinel.it","isPartOf":{"@id":"https:\/\/www.safinel.fr\/#website"},"primaryImageOfPage":{"@id":"https:\/\/www.safinel.fr\/produit\/attieke-deshydrate\/#primaryimage"},"image":{"@id":"https:\/\/www.safinel.fr\/produit\/attieke-deshydrate\/#primaryimage"},"thumbnailUrl":"https:\/\/www.safinel.fr\/wp-content\/uploads\/2023\/07\/attieke-deshydrate-MA.jpg","datePublished":"2023-07-30T18:16:54+00:00","dateModified":"2025-08-04T14:52:30+00:00","breadcrumb":{"@id":"https:\/\/www.safinel.fr\/produit\/attieke-deshydrate\/#breadcrumb"},"inLanguage":"it-IT","potentialAction":[{"@type":"ReadAction","target":["https:\/\/www.safinel.fr\/produit\/attieke-deshydrate\/"]}]},{"@type":"ImageObject","inLanguage":"it-IT","@id":"https:\/\/www.safinel.fr\/produit\/attieke-deshydrate\/#primaryimage","url":"https:\/\/www.safinel.fr\/wp-content\/uploads\/2023\/07\/attieke-deshydrate-MA.jpg","contentUrl":"https:\/\/www.safinel.fr\/wp-content\/uploads\/2023\/07\/attieke-deshydrate-MA.jpg","width":600,"height":600,"caption":"Atti\u00e9k\u00e9 d\u00e9shydrat\u00e9 500g"},{"@type":"BreadcrumbList","@id":"https:\/\/www.safinel.fr\/produit\/attieke-deshydrate\/#breadcrumb","itemListElement":[{"@type":"ListItem","position":1,"name":"Accueil","item":"https:\/\/www.safinel.fr\/"},{"@type":"ListItem","position":2,"name":"Boutique","item":"https:\/\/www.safinel.fr\/boutique\/"},{"@type":"ListItem","position":3,"name":"Attieke d\u00e9shydrat\u00e9 500g"}]},{"@type":"WebSite","@id":"https:\/\/www.safinel.fr\/#website","url":"https:\/\/www.safinel.fr\/","name":"Safinel","description":"","publisher":{"@id":"https:\/\/www.safinel.fr\/#organization"},"potentialAction":[{"@type":"SearchAction","target":{"@type":"EntryPoint","urlTemplate":"https:\/\/www.safinel.fr\/?s={search_term_string}"},"query-input":{"@type":"PropertyValueSpecification","valueRequired":true,"valueName":"search_term_string"}}],"inLanguage":"it-IT"},{"@type":"Organization","@id":"https:\/\/www.safinel.fr\/#organization","name":"Safinel","url":"https:\/\/www.safinel.fr\/","logo":{"@type":"ImageObject","inLanguage":"it-IT","@id":"https:\/\/www.safinel.fr\/#\/schema\/logo\/image\/","url":"https:\/\/www.safinel.fr\/wp-content\/uploads\/2021\/05\/boutique-cosmetique.png","contentUrl":"https:\/\/www.safinel.fr\/wp-content\/uploads\/2021\/05\/boutique-cosmetique.png","width":800,"height":200,"caption":"Safinel"},"image":{"@id":"https:\/\/www.safinel.fr\/#\/schema\/logo\/image\/"}}]}},"_links":{"self":[{"href":"https:\/\/www.safinel.fr\/it\/wp-json\/wp\/v2\/product\/7470","targetHints":{"allow":["GET"]}}],"collection":[{"href":"https:\/\/www.safinel.fr\/it\/wp-json\/wp\/v2\/product"}],"about":[{"href":"https:\/\/www.safinel.fr\/it\/wp-json\/wp\/v2\/types\/product"}],"wp:featuredmedia":[{"embeddable":true,"href":"https:\/\/www.safinel.fr\/it\/wp-json\/wp\/v2\/media\/7471"}],"wp:attachment":[{"href":"https:\/\/www.safinel.fr\/it\/wp-json\/wp\/v2\/media?parent=7470"}],"wp:term":[{"taxonomy":"product_brand","embeddable":true,"href":"https:\/\/www.safinel.fr\/it\/wp-json\/wp\/v2\/product_brand?post=7470"},{"taxonomy":"product_cat","embeddable":true,"href":"https:\/\/www.safinel.fr\/it\/wp-json\/wp\/v2\/product_cat?post=7470"},{"taxonomy":"product_tag","embeddable":true,"href":"https:\/\/www.safinel.fr\/it\/wp-json\/wp\/v2\/product_tag?post=7470"}],"curies":[{"name":"wp","href":"https:\/\/api.w.org\/{rel}","templated":true}]}}