{"id":7438,"date":"2023-07-29T19:39:59","date_gmt":"2023-07-29T19:39:59","guid":{"rendered":"https:\/\/www.safinel.fr\/?post_type=product&#038;p=7438"},"modified":"2025-11-02T22:58:45","modified_gmt":"2025-11-02T22:58:45","slug":"pueraria-mirifica","status":"publish","type":"product","link":"https:\/\/www.safinel.fr\/it\/prodotto\/pueraria-mirifica\/","title":{"rendered":"Pueraria mirifica (polveri e capsule)"},"content":{"rendered":"<p>La\u00a0<strong>Pueraria Mirifica<\/strong>\u00a0\u00e8 una pianta originaria della Thailandia e della Birmania che ha molti benefici per la salute. Qui vi presenteremo questa affascinante pianta e i diversi modi per ottenerla in Francia, in particolare da safinel.fr. Condivideremo inoltre con voi le testimonianze di utenti che hanno visto risultati prima e dopo l'uso di questa pianta.<\/p>\n<h2><strong>Pueraria Mirifica: una fonte naturale di benefici per l'organismo<\/strong><\/h2>\n<p>La\u00a0<strong>Pueraria Mirifica<\/strong>\u00a0\u00e8 una pianta rampicante che cresce nelle foreste tropicali del Sud-Est asiatico. Viene spesso chiamata \u00abKwao Krua\u00bb dalle popolazioni locali. Questa pianta si distingue per le sue radici tuberose che contengono una grande quantit\u00e0 di\u00a0<strong>flavonoidi<\/strong>\u00a0e altri\u00a0<strong>composti attivi<\/strong>, come il miroestrolo, noto per i suoi effetti benefici sulla salute.<\/p>\n<h3><strong>Gli effetti positivi del Kwao Krua sulla salute<\/strong><\/h3>\n<ul>\n<li><strong>Miglioramento della qualit\u00e0 della pelle:<\/strong>\u00a0I composti presenti nella Pueraria Mirifica agiscono come potenti antiossidanti. Aiutano a prevenire l'invecchiamento della pelle e a migliorarne l'elasticit\u00e0. Possono inoltre contribuire a ridurre la comparsa di linee sottili e rughe.<\/li>\n<li><strong>Aiuta a mantenere una buona salute cardiovascolare:<\/strong>\u00a0I flavonoidi presenti nel Kwao Krua possono aiutare a prevenire la formazione di coaguli di sangue. Proteggono il cuore dalle malattie cardiovascolari.<\/li>\n<li><strong>Favorisce la salute delle ossa:<\/strong>\u00a0La pianta pu\u00f2 contribuire ad aumentare la densit\u00e0 ossea nelle persone che soffrono di osteoporosi o di bassa densit\u00e0 ossea, stimolando la crescita e il rinnovamento delle cellule ossee.<\/li>\n<li><strong>Effetti benefici sulla libido :<\/strong>\u00a0La Pueraria Mirifica \u00e8 tradizionalmente utilizzata come afrodisiaco naturale nel sud-est asiatico, aiutando a <a href=\"https:\/\/www.safinel.fr\/it\/cibi-afrodisiaci\/\"><strong>stimolare la libido<\/strong><\/a> e migliorare le prestazioni sessuali sia negli uomini che nelle donne.<\/li>\n<\/ul>\n<h2><strong>Dove posso acquistare la Pueraria Mirifica in Francia?<\/strong><\/h2>\n<p>Per godere di tutti i benefici della Pueraria Mirifica, \u00e8 possibile acquistare questa pianta in varie forme (integratori alimentari, capsule, creme, ecc.) in diversi negozi specializzati o su Internet. Uno dei siti in cui \u00e8 possibile trovare prodotti di qualit\u00e0 contenenti Pueraria Mirifica in Francia \u00e8 safinel.fr.<\/p>\n<p>Su questo sito troverete una gamma completa di prodotti a base di Pueraria Mirifica, selezionati per la loro qualit\u00e0 ed efficacia. Inoltre, safinel.fr garantisce una consegna rapida e sicura in tutta la Francia.<\/p>\n<h3><strong>Come scegliere il prodotto giusto di Pueraria Mirifica?<\/strong><\/h3>\n<p>Per trarre i benefici della Pueraria Mirifica, \u00e8 importante scegliere un prodotto di qualit\u00e0 che contenga una concentrazione sufficiente di\u00a0<strong>composti attivi<\/strong>. Ecco alcuni suggerimenti per aiutarvi a fare la scelta giusta:<\/p>\n<ol>\n<li><strong>Controllare il contenuto di miroestrolo e flavonoidi<\/strong> Questi due composti sono i principali responsabili degli effetti benefici della pianta. Un prodotto di qualit\u00e0 deve contenere una quantit\u00e0 significativa di entrambi.<\/li>\n<li>Scegliete prodotti a base di radici di Pueraria Mirifica coltivate in modo biologico e senza pesticidi. In questo modo si evita il rischio di contaminazione da parte di sostanze nocive.<\/li>\n<li>Optate per integratori alimentari o creme con il marchio \u00abMade in France\u00bb o \u00abMade in Europe\u00bb. Sono conformi a rigorosi standard di qualit\u00e0 e offrono una migliore tracciabilit\u00e0.<\/li>\n<\/ol>\n<h2><strong>Testimonianze degli utenti: prima e dopo l'utilizzo di prodotti a base di Kwao Krua<\/strong><\/h2>\n<ul>\n<li><strong>Sandra, 35 anni: pelle visibilmente pi\u00f9 giovane e radiosa<\/strong><\/li>\n<\/ul>\n<p>\u00abHo iniziato a usare una crema a base di Pueraria Mirifica circa sei mesi fa e sono davvero entusiasta dei risultati. La mia pelle \u00e8 molto pi\u00f9 elastica e idratata e le rughe intorno agli occhi sono scomparse. Non avrei mai pensato che una pianta potesse avere un tale effetto!\u00bb<\/p>\n<ul>\n<li><strong>Thomas, 42 anni: miglioramento della libido e delle prestazioni sessuali<\/strong><\/li>\n<\/ul>\n<p>\u00abAvevo sentito parlare degli effetti afrodisiaci della Pueraria Mirifica e ho deciso di provare un integratore alimentare contenente questa pianta. Dopo qualche settimana di utilizzo, devo dire che i risultati mi hanno piacevolmente sorpreso. La mia libido \u00e8 effettivamente aumentata e mi sento pi\u00f9 efficace a letto.\u00bb<\/p>\n<ul>\n<li><strong>Christine, 60 anni: un aiuto prezioso nella lotta contro l'osteoporosi<\/strong><\/li>\n<\/ul>\n<p>\u00abIn seguito a una densitometria ossea, mi \u00e8 stata diagnosticata l'osteoporosi. Il mio medico mi ha consigliato di assumere Kwao Krua come integrazione al mio trattamento. Da allora assumo capsule contenenti questa pianta. Ho notato un netto miglioramento della mia densit\u00e0 ossea e sento meno dolori articolari.\u00bb<\/p>\n<p>Come si pu\u00f2 notare, il\u00a0<strong>Pueraria Mirifica<\/strong>\u00a0pu\u00f2 apportare molti benefici a chi ne fa un uso regolare. Se siete interessati a questa pianta dalle molteplici virt\u00f9, non esitate a visitare il sito safinel.fr per scoprire i suoi prodotti e fare i vostri acquisti in tutta tranquillit\u00e0.<\/p>","protected":false},"excerpt":{"rendered":"<p>La\u00a0<strong>Pueraria Mirifica<\/strong>\u00a0\u00e8 una pianta rampicante che cresce nelle foreste tropicali del Sud-Est asiatico. Viene spesso chiamata \u00abKwao Krua\u00bb dalle popolazioni locali.<\/p>\n<p><img decoding=\"async\" class=\"size-full wp-image-5091 aligncenter\" src=\"https:\/\/www.safinel.fr\/wp-content\/uploads\/2021\/06\/BANNIERE-ICONE-SAFINEL.webp\" alt=\"riassicurazione satine\" width=\"800\" height=\"200\" srcset=\"https:\/\/www.safinel.fr\/wp-content\/uploads\/2021\/06\/BANNIERE-ICONE-SAFINEL.webp 800w, https:\/\/www.safinel.fr\/wp-content\/uploads\/2021\/06\/BANNIERE-ICONE-SAFINEL-600x150.webp 600w, https:\/\/www.safinel.fr\/wp-content\/uploads\/2021\/06\/BANNIERE-ICONE-SAFINEL-768x192.webp 768w\" sizes=\"(max-width: 800px) 100vw, 800px\" \/><\/p>","protected":false},"featured_media":7440,"template":"","meta":[],"product_brand":[],"product_cat":[20,108],"product_tag":[],"class_list":{"0":"post-7438","1":"product","2":"type-product","3":"status-publish","4":"has-post-thumbnail","6":"product_cat-gelules","7":"product_cat-plantes-asiatiques","9":"first","10":"instock","11":"shipping-taxable","12":"purchasable","13":"product-type-variable"},"yoast_head":"<!-- This site is optimized with the Yoast SEO plugin v26.6 - https:\/\/yoast.com\/wordpress\/plugins\/seo\/ -->\n<title>Pueraria Mirifica | Poudres &amp; g\u00e9lules | Achat en france chez Safinel<\/title>\n<meta name=\"description\" content=\"La\u00a0Pueraria Mirifica\u00a0est une plante grimpante qui pousse dans les for\u00eats tropicales d&#039;Asie du Sud-Est. D\u00e9couvrez ses bienfaits !\" \/>\n<meta name=\"robots\" content=\"index, follow, max-snippet:-1, max-image-preview:large, max-video-preview:-1\" \/>\n<link rel=\"canonical\" href=\"https:\/\/www.safinel.fr\/it\/prodotto\/pueraria-mirifica\/\" \/>\n<meta property=\"og:locale\" content=\"it_IT\" \/>\n<meta property=\"og:type\" content=\"article\" \/>\n<meta property=\"og:title\" content=\"Pueraria Mirifica | Poudres &amp; g\u00e9lules | Achat en france chez Safinel\" \/>\n<meta property=\"og:description\" content=\"La\u00a0Pueraria Mirifica\u00a0est une plante grimpante qui pousse dans les for\u00eats tropicales d&#039;Asie du Sud-Est. D\u00e9couvrez ses bienfaits !\" \/>\n<meta property=\"og:url\" content=\"https:\/\/www.safinel.fr\/it\/prodotto\/pueraria-mirifica\/\" \/>\n<meta property=\"og:site_name\" content=\"Safinel\" \/>\n<meta property=\"article:modified_time\" content=\"2025-11-02T22:58:45+00:00\" \/>\n<meta property=\"og:image\" content=\"https:\/\/www.safinel.fr\/wp-content\/uploads\/2023\/07\/Pueraria-Mirifica-poudre.jpg\" \/>\n\t<meta property=\"og:image:width\" content=\"600\" \/>\n\t<meta property=\"og:image:height\" content=\"600\" \/>\n\t<meta property=\"og:image:type\" content=\"image\/jpeg\" \/>\n<meta name=\"twitter:card\" content=\"summary_large_image\" \/>\n<meta name=\"twitter:label1\" content=\"Tempo di lettura stimato\" \/>\n\t<meta name=\"twitter:data1\" content=\"4 minuti\" \/>\n<script type=\"application\/ld+json\" class=\"yoast-schema-graph\">{\"@context\":\"https:\/\/schema.org\",\"@graph\":[{\"@type\":\"WebPage\",\"@id\":\"https:\/\/www.safinel.fr\/produit\/pueraria-mirifica\/\",\"url\":\"https:\/\/www.safinel.fr\/produit\/pueraria-mirifica\/\",\"name\":\"Pueraria Mirifica | Poudres & g\u00e9lules | Achat en france chez Safinel\",\"isPartOf\":{\"@id\":\"https:\/\/www.safinel.fr\/#website\"},\"primaryImageOfPage\":{\"@id\":\"https:\/\/www.safinel.fr\/produit\/pueraria-mirifica\/#primaryimage\"},\"image\":{\"@id\":\"https:\/\/www.safinel.fr\/produit\/pueraria-mirifica\/#primaryimage\"},\"thumbnailUrl\":\"https:\/\/www.safinel.fr\/wp-content\/uploads\/2023\/07\/Pueraria-Mirifica-poudre.jpg\",\"datePublished\":\"2023-07-29T19:39:59+00:00\",\"dateModified\":\"2025-11-02T22:58:45+00:00\",\"description\":\"La\u00a0Pueraria Mirifica\u00a0est une plante grimpante qui pousse dans les for\u00eats tropicales d'Asie du Sud-Est. D\u00e9couvrez ses bienfaits !\",\"breadcrumb\":{\"@id\":\"https:\/\/www.safinel.fr\/produit\/pueraria-mirifica\/#breadcrumb\"},\"inLanguage\":\"it-IT\",\"potentialAction\":[{\"@type\":\"ReadAction\",\"target\":[\"https:\/\/www.safinel.fr\/produit\/pueraria-mirifica\/\"]}]},{\"@type\":\"ImageObject\",\"inLanguage\":\"it-IT\",\"@id\":\"https:\/\/www.safinel.fr\/produit\/pueraria-mirifica\/#primaryimage\",\"url\":\"https:\/\/www.safinel.fr\/wp-content\/uploads\/2023\/07\/Pueraria-Mirifica-poudre.jpg\",\"contentUrl\":\"https:\/\/www.safinel.fr\/wp-content\/uploads\/2023\/07\/Pueraria-Mirifica-poudre.jpg\",\"width\":600,\"height\":600,\"caption\":\"Pueraria Mirifica poudre\"},{\"@type\":\"BreadcrumbList\",\"@id\":\"https:\/\/www.safinel.fr\/produit\/pueraria-mirifica\/#breadcrumb\",\"itemListElement\":[{\"@type\":\"ListItem\",\"position\":1,\"name\":\"Accueil\",\"item\":\"https:\/\/www.safinel.fr\/\"},{\"@type\":\"ListItem\",\"position\":2,\"name\":\"Boutique\",\"item\":\"https:\/\/www.safinel.fr\/boutique\/\"},{\"@type\":\"ListItem\",\"position\":3,\"name\":\"Pueraria mirifica (poudres &#038; g\u00e9lules)\"}]},{\"@type\":\"WebSite\",\"@id\":\"https:\/\/www.safinel.fr\/#website\",\"url\":\"https:\/\/www.safinel.fr\/\",\"name\":\"Safinel\",\"description\":\"\",\"publisher\":{\"@id\":\"https:\/\/www.safinel.fr\/#organization\"},\"potentialAction\":[{\"@type\":\"SearchAction\",\"target\":{\"@type\":\"EntryPoint\",\"urlTemplate\":\"https:\/\/www.safinel.fr\/?s={search_term_string}\"},\"query-input\":{\"@type\":\"PropertyValueSpecification\",\"valueRequired\":true,\"valueName\":\"search_term_string\"}}],\"inLanguage\":\"it-IT\"},{\"@type\":\"Organization\",\"@id\":\"https:\/\/www.safinel.fr\/#organization\",\"name\":\"Safinel\",\"url\":\"https:\/\/www.safinel.fr\/\",\"logo\":{\"@type\":\"ImageObject\",\"inLanguage\":\"it-IT\",\"@id\":\"https:\/\/www.safinel.fr\/#\/schema\/logo\/image\/\",\"url\":\"https:\/\/www.safinel.fr\/wp-content\/uploads\/2021\/05\/boutique-cosmetique.png\",\"contentUrl\":\"https:\/\/www.safinel.fr\/wp-content\/uploads\/2021\/05\/boutique-cosmetique.png\",\"width\":800,\"height\":200,\"caption\":\"Safinel\"},\"image\":{\"@id\":\"https:\/\/www.safinel.fr\/#\/schema\/logo\/image\/\"}}]}<\/script>\n<!-- \/ Yoast SEO plugin. -->","yoast_head_json":{"title":"Pueraria Mirifica | Polveri e capsule | Acquistabile online da Safinel","description":"La Pueraria Mirifica \u00e8 una pianta rampicante che cresce nelle foreste tropicali del Sud-Est asiatico. Scoprite i suoi benefici!","robots":{"index":"index","follow":"follow","max-snippet":"max-snippet:-1","max-image-preview":"max-image-preview:large","max-video-preview":"max-video-preview:-1"},"canonical":"https:\/\/www.safinel.fr\/it\/prodotto\/pueraria-mirifica\/","og_locale":"it_IT","og_type":"article","og_title":"Pueraria Mirifica | Poudres & g\u00e9lules | Achat en france chez Safinel","og_description":"La\u00a0Pueraria Mirifica\u00a0est une plante grimpante qui pousse dans les for\u00eats tropicales d'Asie du Sud-Est. D\u00e9couvrez ses bienfaits !","og_url":"https:\/\/www.safinel.fr\/it\/prodotto\/pueraria-mirifica\/","og_site_name":"Safinel","article_modified_time":"2025-11-02T22:58:45+00:00","og_image":[{"width":600,"height":600,"url":"https:\/\/www.safinel.fr\/wp-content\/uploads\/2023\/07\/Pueraria-Mirifica-poudre.jpg","type":"image\/jpeg"}],"twitter_card":"summary_large_image","twitter_misc":{"Tempo di lettura stimato":"4 minuti"},"schema":{"@context":"https:\/\/schema.org","@graph":[{"@type":"WebPage","@id":"https:\/\/www.safinel.fr\/produit\/pueraria-mirifica\/","url":"https:\/\/www.safinel.fr\/produit\/pueraria-mirifica\/","name":"Pueraria Mirifica | Polveri e capsule | Acquistabile online da Safinel","isPartOf":{"@id":"https:\/\/www.safinel.fr\/#website"},"primaryImageOfPage":{"@id":"https:\/\/www.safinel.fr\/produit\/pueraria-mirifica\/#primaryimage"},"image":{"@id":"https:\/\/www.safinel.fr\/produit\/pueraria-mirifica\/#primaryimage"},"thumbnailUrl":"https:\/\/www.safinel.fr\/wp-content\/uploads\/2023\/07\/Pueraria-Mirifica-poudre.jpg","datePublished":"2023-07-29T19:39:59+00:00","dateModified":"2025-11-02T22:58:45+00:00","description":"La Pueraria Mirifica \u00e8 una pianta rampicante che cresce nelle foreste tropicali del Sud-Est asiatico. Scoprite i suoi benefici!","breadcrumb":{"@id":"https:\/\/www.safinel.fr\/produit\/pueraria-mirifica\/#breadcrumb"},"inLanguage":"it-IT","potentialAction":[{"@type":"ReadAction","target":["https:\/\/www.safinel.fr\/produit\/pueraria-mirifica\/"]}]},{"@type":"ImageObject","inLanguage":"it-IT","@id":"https:\/\/www.safinel.fr\/produit\/pueraria-mirifica\/#primaryimage","url":"https:\/\/www.safinel.fr\/wp-content\/uploads\/2023\/07\/Pueraria-Mirifica-poudre.jpg","contentUrl":"https:\/\/www.safinel.fr\/wp-content\/uploads\/2023\/07\/Pueraria-Mirifica-poudre.jpg","width":600,"height":600,"caption":"Pueraria Mirifica poudre"},{"@type":"BreadcrumbList","@id":"https:\/\/www.safinel.fr\/produit\/pueraria-mirifica\/#breadcrumb","itemListElement":[{"@type":"ListItem","position":1,"name":"Accueil","item":"https:\/\/www.safinel.fr\/"},{"@type":"ListItem","position":2,"name":"Boutique","item":"https:\/\/www.safinel.fr\/boutique\/"},{"@type":"ListItem","position":3,"name":"Pueraria mirifica (poudres &#038; g\u00e9lules)"}]},{"@type":"WebSite","@id":"https:\/\/www.safinel.fr\/#website","url":"https:\/\/www.safinel.fr\/","name":"Safinel","description":"","publisher":{"@id":"https:\/\/www.safinel.fr\/#organization"},"potentialAction":[{"@type":"SearchAction","target":{"@type":"EntryPoint","urlTemplate":"https:\/\/www.safinel.fr\/?s={search_term_string}"},"query-input":{"@type":"PropertyValueSpecification","valueRequired":true,"valueName":"search_term_string"}}],"inLanguage":"it-IT"},{"@type":"Organization","@id":"https:\/\/www.safinel.fr\/#organization","name":"Safinel","url":"https:\/\/www.safinel.fr\/","logo":{"@type":"ImageObject","inLanguage":"it-IT","@id":"https:\/\/www.safinel.fr\/#\/schema\/logo\/image\/","url":"https:\/\/www.safinel.fr\/wp-content\/uploads\/2021\/05\/boutique-cosmetique.png","contentUrl":"https:\/\/www.safinel.fr\/wp-content\/uploads\/2021\/05\/boutique-cosmetique.png","width":800,"height":200,"caption":"Safinel"},"image":{"@id":"https:\/\/www.safinel.fr\/#\/schema\/logo\/image\/"}}]}},"_links":{"self":[{"href":"https:\/\/www.safinel.fr\/it\/wp-json\/wp\/v2\/product\/7438","targetHints":{"allow":["GET"]}}],"collection":[{"href":"https:\/\/www.safinel.fr\/it\/wp-json\/wp\/v2\/product"}],"about":[{"href":"https:\/\/www.safinel.fr\/it\/wp-json\/wp\/v2\/types\/product"}],"wp:featuredmedia":[{"embeddable":true,"href":"https:\/\/www.safinel.fr\/it\/wp-json\/wp\/v2\/media\/7440"}],"wp:attachment":[{"href":"https:\/\/www.safinel.fr\/it\/wp-json\/wp\/v2\/media?parent=7438"}],"wp:term":[{"taxonomy":"product_brand","embeddable":true,"href":"https:\/\/www.safinel.fr\/it\/wp-json\/wp\/v2\/product_brand?post=7438"},{"taxonomy":"product_cat","embeddable":true,"href":"https:\/\/www.safinel.fr\/it\/wp-json\/wp\/v2\/product_cat?post=7438"},{"taxonomy":"product_tag","embeddable":true,"href":"https:\/\/www.safinel.fr\/it\/wp-json\/wp\/v2\/product_tag?post=7438"}],"curies":[{"name":"wp","href":"https:\/\/api.w.org\/{rel}","templated":true}]}}