{"id":7417,"date":"2023-07-28T18:40:01","date_gmt":"2023-07-28T18:40:01","guid":{"rendered":"https:\/\/www.safinel.fr\/?post_type=product&#038;p=7417"},"modified":"2023-12-28T17:16:10","modified_gmt":"2023-12-28T17:16:10","slug":"olio-di-palmisti","status":"publish","type":"product","link":"https:\/\/www.safinel.fr\/it\/prodotto\/olio-di-palmisti\/","title":{"rendered":"Olio di palmisti"},"content":{"rendered":"<p>L'olio di palmisto occupa un posto importante nel mondo degli oli vegetali. Viene estratto dal frutto della palma da olio, i cui semi sono utilizzati anche per produrre altri tipi di olio, come l'olio di dend\u00e9, l'olio di nocciolo, l'olio di nocciolo di palma coprah, l'olio di nocciolo di palma nera e l'olio di tchotcho. Questi oli hanno numerosi benefici per la salute, la bellezza e la dieta. In questo articolo esploreremo le propriet\u00e0 uniche di questi oli e i loro svariati usi.<\/p>\n<h2><strong>L'olio di palmisti: un tesoro nutrizionale<\/strong><\/h2>\n<p>Estratto dai semi della palma da olio. L<strong>\u2018l'olio di palmisti \u00e8 ricco di grassi saturi<\/strong>, In particolare, contiene acido laurico e acido miristico.<\/p>\n<p>Questi due acidi grassi svolgono un ruolo importante nella struttura e nella funzione delle membrane cellulari, oltre che nella sintesi degli ormoni.<\/p>\n<p>Inoltre, l'olio di palmisti contiene vitamine A ed E, potenti antiossidanti. Proteggono le cellule dai danni causati dai radicali liberi e aiutano a prevenire l'invecchiamento precoce.<\/p>\n<h3><strong>Uso culinario dell'olio di palmisti<\/strong><\/h3>\n<p>Grazie all'elevato contenuto di grassi saturi, l'olio di palmisti ha un elevato punto di fumo, che lo rende ideale per la cottura ad alte temperature. \u00c8 comunemente usato in <a href=\"https:\/\/www.safinel.fr\/it\/piatto-africano\/\"><strong>Piatti africani<\/strong><\/a> e della cucina asiatica per il suo sapore leggero e l'aroma delicato. Ad esempio, pu\u00f2 essere utilizzato per friggere frittelle, pesce o verdure, oltre che per preparare stufati e zuppe.<\/p>\n<h2><strong>Altri oli di palma: una diversit\u00e0 di virt\u00f9<\/strong><\/h2>\n<p>Oltre all'olio di palmisti, vengono utilizzati anche altri oli derivati dal frutto della palma da olio per le loro propriet\u00e0 distintive:<\/p>\n<ol>\n<li><strong>Olio Dend\u00e9 :<\/strong>\u00a0Estratto dalla polpa del frutto della palma, questo olio rossastro \u00e8 ricco di beta-carotene, un precursore della vitamina A. \u00c8 ampiamente utilizzato nella cucina africana e brasiliana per dare un colore e un sapore caratteristici ai piatti.<\/li>\n<li><strong>Olio di nocciolo :<\/strong>\u00a0noto anche come olio di palmisti. Quest'olio si ottiene dal nocciolo del frutto della palma. Ha propriet\u00e0 simili a quelle dell'olio qui presentato, ma con un contenuto maggiore di acido laurico.<\/li>\n<li><strong>Palma copra :<\/strong>\u00a0\u00c8 il residuo solido ottenuto dopo l'estrazione di questo olio naturale. \u00c8 ricco di proteine e fibre e viene spesso utilizzato come integratore alimentare per gli animali.<\/li>\n<li><strong>Olio di palmisto nero :<\/strong>\u00a0Quest'olio si ottiene dalla spremitura a freddo dei semi della palma da olio. \u00c8 di colore scuro e ha un sapore pi\u00f9 forte rispetto all'olio di palmisto tradizionale. \u00c8 particolarmente apprezzato per le sue propriet\u00e0 medicinali, soprattutto per il trattamento di disturbi della pelle e problemi respiratori.<\/li>\n<li><strong>Virt\u00f9 dell'olio di Tchotcho :<\/strong>\u00a0Originario del Benin, questo olio tradizionale si ottiene facendo cuocere i semi della palma da olio in acqua calda per estrarre l'olio. Ha propriet\u00e0 antinfiammatorie, antimicotiche e antibatteriche, che lo rendono un rimedio popolare per una variet\u00e0 di condizioni della pelle.<\/li>\n<\/ol>\n<h3><strong>Benefici cosmetici e dermatologici<\/strong><\/h3>\n<p>Per le loro propriet\u00e0 nutritive e protettive,\u00a0<strong>L'olio di palmisto e i suoi derivati sono ampiamente utilizzati nei prodotti per la cura della pelle e dei capelli.<\/strong>.<\/p>\n<p><strong>Ecco alcune delle applicazioni cosmetiche pi\u00f9 comuni di questi oli:<\/strong><\/p>\n<ul>\n<li><strong>Idratazione della pelle :<\/strong>\u00a0grazie al loro contenuto di acidi grassi e vitamina E. Questi oli aiutano a trattenere l'umidit\u00e0 della pelle, prevenendo secchezza e desquamazione. Sono particolarmente indicati per le pelli secche e sensibili.<\/li>\n<li><strong>Anti-et\u00e0 :<\/strong>\u00a0Gli antiossidanti presenti nell'olio di palmisto e nei suoi derivati aiutano a combattere i segni dell'invecchiamento causati dai radicali liberi. Come rughe, linee sottili e macchie di pigmentazione. Inoltre, contribuiscono a migliorare l'elasticit\u00e0 della pelle e a stimolare la produzione di collagene.<\/li>\n<li><strong>Cura dei capelli :<\/strong>\u00a0Questi oli possono essere utilizzati per nutrire e rivitalizzare i capelli secchi e danneggiati. La loro azione idratante aiuta a prevenire le doppie punte e la rottura, mentre il loro ricco contenuto di vitamine e minerali rafforza i follicoli piliferi e favorisce una crescita sana dei capelli.<\/li>\n<li><strong>Trattamento dei problemi della pelle :<\/strong>\u00a0grazie alle loro propriet\u00e0 antinfiammatorie e antimicrobiche. Questi oli sono efficaci per alleviare irritazioni cutanee, prurito e infezioni fungine. Inoltre, aiutano a guarire le ferite e le ustioni minori.<\/li>\n<\/ul>\n<p>In breve, l'olio di palmisto e i suoi derivati offrono una moltitudine di benefici per la salute, la nutrizione e la bellezza. Le loro propriet\u00e0 uniche li rendono ingredienti versatili e preziosi per la cucina, la cura della pelle e dei capelli e il trattamento delle patologie cutanee.<\/p>","protected":false},"excerpt":{"rendered":"<p>L'olio di palmisti occupa un posto importante nel mondo degli oli vegetali. Scopritelo subito!<\/p>\n<p><img decoding=\"async\" class=\"size-full wp-image-5091 aligncenter\" src=\"https:\/\/www.safinel.fr\/wp-content\/uploads\/2021\/06\/BANNIERE-ICONE-SAFINEL.webp\" alt=\"riassicurazione satine\" width=\"800\" height=\"200\" srcset=\"https:\/\/www.safinel.fr\/wp-content\/uploads\/2021\/06\/BANNIERE-ICONE-SAFINEL.webp 800w, https:\/\/www.safinel.fr\/wp-content\/uploads\/2021\/06\/BANNIERE-ICONE-SAFINEL-600x150.webp 600w, https:\/\/www.safinel.fr\/wp-content\/uploads\/2021\/06\/BANNIERE-ICONE-SAFINEL-768x192.webp 768w\" sizes=\"(max-width: 800px) 100vw, 800px\" \/><\/p>","protected":false},"featured_media":7418,"template":"","meta":[],"product_brand":[],"product_cat":[146,122,154],"product_tag":[],"class_list":{"0":"post-7417","1":"product","2":"type-product","3":"status-publish","4":"has-post-thumbnail","6":"product_cat-produit-cheveux","7":"product_cat-huile-vegetale","8":"product_cat-produits-cheveux-boucles","10":"first","11":"instock","12":"shipping-taxable","13":"purchasable","14":"product-type-variable"},"yoast_head":"<!-- This site is optimized with the Yoast SEO plugin v26.6 - https:\/\/yoast.com\/wordpress\/plugins\/seo\/ -->\n<title>Huile de palmiste | Huile naturelle | Bienfaits nombreux<\/title>\n<meta name=\"description\" content=\"Dans le monde des huiles v\u00e9g\u00e9tales, l&#039;huile de palmiste occupe une place importante. Adoptez-l\u00e0 sans plus attendre avec Safinel.fr !\" \/>\n<meta name=\"robots\" content=\"index, follow, max-snippet:-1, max-image-preview:large, max-video-preview:-1\" \/>\n<link rel=\"canonical\" href=\"https:\/\/www.safinel.fr\/it\/prodotto\/olio-di-palmisti\/\" \/>\n<meta property=\"og:locale\" content=\"it_IT\" \/>\n<meta property=\"og:type\" content=\"article\" \/>\n<meta property=\"og:title\" content=\"Huile de palmiste | Huile naturelle | Bienfaits nombreux\" \/>\n<meta property=\"og:description\" content=\"Dans le monde des huiles v\u00e9g\u00e9tales, l&#039;huile de palmiste occupe une place importante. Adoptez-l\u00e0 sans plus attendre avec Safinel.fr !\" \/>\n<meta property=\"og:url\" content=\"https:\/\/www.safinel.fr\/it\/prodotto\/olio-di-palmisti\/\" \/>\n<meta property=\"og:site_name\" content=\"Safinel\" \/>\n<meta property=\"article:modified_time\" content=\"2023-12-28T17:16:10+00:00\" \/>\n<meta property=\"og:image\" content=\"https:\/\/www.safinel.fr\/wp-content\/uploads\/2023\/07\/huile-de-palmiste-60ml.jpg\" \/>\n\t<meta property=\"og:image:width\" content=\"600\" \/>\n\t<meta property=\"og:image:height\" content=\"600\" \/>\n\t<meta property=\"og:image:type\" content=\"image\/jpeg\" \/>\n<meta name=\"twitter:card\" content=\"summary_large_image\" \/>\n<meta name=\"twitter:label1\" content=\"Tempo di lettura stimato\" \/>\n\t<meta name=\"twitter:data1\" content=\"4 minuti\" \/>\n<script type=\"application\/ld+json\" class=\"yoast-schema-graph\">{\"@context\":\"https:\/\/schema.org\",\"@graph\":[{\"@type\":\"WebPage\",\"@id\":\"https:\/\/www.safinel.fr\/produit\/huile-de-palmiste\/\",\"url\":\"https:\/\/www.safinel.fr\/produit\/huile-de-palmiste\/\",\"name\":\"Huile de palmiste | Huile naturelle | Bienfaits nombreux\",\"isPartOf\":{\"@id\":\"https:\/\/www.safinel.fr\/#website\"},\"primaryImageOfPage\":{\"@id\":\"https:\/\/www.safinel.fr\/produit\/huile-de-palmiste\/#primaryimage\"},\"image\":{\"@id\":\"https:\/\/www.safinel.fr\/produit\/huile-de-palmiste\/#primaryimage\"},\"thumbnailUrl\":\"https:\/\/www.safinel.fr\/wp-content\/uploads\/2023\/07\/huile-de-palmiste-60ml.jpg\",\"datePublished\":\"2023-07-28T18:40:01+00:00\",\"dateModified\":\"2023-12-28T17:16:10+00:00\",\"description\":\"Dans le monde des huiles v\u00e9g\u00e9tales, l'huile de palmiste occupe une place importante. Adoptez-l\u00e0 sans plus attendre avec Safinel.fr !\",\"breadcrumb\":{\"@id\":\"https:\/\/www.safinel.fr\/produit\/huile-de-palmiste\/#breadcrumb\"},\"inLanguage\":\"it-IT\",\"potentialAction\":[{\"@type\":\"ReadAction\",\"target\":[\"https:\/\/www.safinel.fr\/produit\/huile-de-palmiste\/\"]}]},{\"@type\":\"ImageObject\",\"inLanguage\":\"it-IT\",\"@id\":\"https:\/\/www.safinel.fr\/produit\/huile-de-palmiste\/#primaryimage\",\"url\":\"https:\/\/www.safinel.fr\/wp-content\/uploads\/2023\/07\/huile-de-palmiste-60ml.jpg\",\"contentUrl\":\"https:\/\/www.safinel.fr\/wp-content\/uploads\/2023\/07\/huile-de-palmiste-60ml.jpg\",\"width\":600,\"height\":600,\"caption\":\"huile de palmiste 60ml\"},{\"@type\":\"BreadcrumbList\",\"@id\":\"https:\/\/www.safinel.fr\/produit\/huile-de-palmiste\/#breadcrumb\",\"itemListElement\":[{\"@type\":\"ListItem\",\"position\":1,\"name\":\"Accueil\",\"item\":\"https:\/\/www.safinel.fr\/\"},{\"@type\":\"ListItem\",\"position\":2,\"name\":\"Boutique\",\"item\":\"https:\/\/www.safinel.fr\/boutique\/\"},{\"@type\":\"ListItem\",\"position\":3,\"name\":\"Huile de palmiste\"}]},{\"@type\":\"WebSite\",\"@id\":\"https:\/\/www.safinel.fr\/#website\",\"url\":\"https:\/\/www.safinel.fr\/\",\"name\":\"Safinel\",\"description\":\"\",\"publisher\":{\"@id\":\"https:\/\/www.safinel.fr\/#organization\"},\"potentialAction\":[{\"@type\":\"SearchAction\",\"target\":{\"@type\":\"EntryPoint\",\"urlTemplate\":\"https:\/\/www.safinel.fr\/?s={search_term_string}\"},\"query-input\":{\"@type\":\"PropertyValueSpecification\",\"valueRequired\":true,\"valueName\":\"search_term_string\"}}],\"inLanguage\":\"it-IT\"},{\"@type\":\"Organization\",\"@id\":\"https:\/\/www.safinel.fr\/#organization\",\"name\":\"Safinel\",\"url\":\"https:\/\/www.safinel.fr\/\",\"logo\":{\"@type\":\"ImageObject\",\"inLanguage\":\"it-IT\",\"@id\":\"https:\/\/www.safinel.fr\/#\/schema\/logo\/image\/\",\"url\":\"https:\/\/www.safinel.fr\/wp-content\/uploads\/2021\/05\/boutique-cosmetique.png\",\"contentUrl\":\"https:\/\/www.safinel.fr\/wp-content\/uploads\/2021\/05\/boutique-cosmetique.png\",\"width\":800,\"height\":200,\"caption\":\"Safinel\"},\"image\":{\"@id\":\"https:\/\/www.safinel.fr\/#\/schema\/logo\/image\/\"}}]}<\/script>\n<!-- \/ Yoast SEO plugin. -->","yoast_head_json":{"title":"Olio di semi di palma | Olio naturale | Numerosi benefici","description":"L'olio di palmisti occupa un posto importante nel mondo degli oli vegetali. Safinel.it \u00e8 il posto giusto per iniziare!","robots":{"index":"index","follow":"follow","max-snippet":"max-snippet:-1","max-image-preview":"max-image-preview:large","max-video-preview":"max-video-preview:-1"},"canonical":"https:\/\/www.safinel.fr\/it\/prodotto\/olio-di-palmisti\/","og_locale":"it_IT","og_type":"article","og_title":"Huile de palmiste | Huile naturelle | Bienfaits nombreux","og_description":"Dans le monde des huiles v\u00e9g\u00e9tales, l'huile de palmiste occupe une place importante. Adoptez-l\u00e0 sans plus attendre avec Safinel.fr !","og_url":"https:\/\/www.safinel.fr\/it\/prodotto\/olio-di-palmisti\/","og_site_name":"Safinel","article_modified_time":"2023-12-28T17:16:10+00:00","og_image":[{"width":600,"height":600,"url":"https:\/\/www.safinel.fr\/wp-content\/uploads\/2023\/07\/huile-de-palmiste-60ml.jpg","type":"image\/jpeg"}],"twitter_card":"summary_large_image","twitter_misc":{"Tempo di lettura stimato":"4 minuti"},"schema":{"@context":"https:\/\/schema.org","@graph":[{"@type":"WebPage","@id":"https:\/\/www.safinel.fr\/produit\/huile-de-palmiste\/","url":"https:\/\/www.safinel.fr\/produit\/huile-de-palmiste\/","name":"Olio di semi di palma | Olio naturale | Numerosi benefici","isPartOf":{"@id":"https:\/\/www.safinel.fr\/#website"},"primaryImageOfPage":{"@id":"https:\/\/www.safinel.fr\/produit\/huile-de-palmiste\/#primaryimage"},"image":{"@id":"https:\/\/www.safinel.fr\/produit\/huile-de-palmiste\/#primaryimage"},"thumbnailUrl":"https:\/\/www.safinel.fr\/wp-content\/uploads\/2023\/07\/huile-de-palmiste-60ml.jpg","datePublished":"2023-07-28T18:40:01+00:00","dateModified":"2023-12-28T17:16:10+00:00","description":"L'olio di palmisti occupa un posto importante nel mondo degli oli vegetali. Safinel.it \u00e8 il posto giusto per iniziare!","breadcrumb":{"@id":"https:\/\/www.safinel.fr\/produit\/huile-de-palmiste\/#breadcrumb"},"inLanguage":"it-IT","potentialAction":[{"@type":"ReadAction","target":["https:\/\/www.safinel.fr\/produit\/huile-de-palmiste\/"]}]},{"@type":"ImageObject","inLanguage":"it-IT","@id":"https:\/\/www.safinel.fr\/produit\/huile-de-palmiste\/#primaryimage","url":"https:\/\/www.safinel.fr\/wp-content\/uploads\/2023\/07\/huile-de-palmiste-60ml.jpg","contentUrl":"https:\/\/www.safinel.fr\/wp-content\/uploads\/2023\/07\/huile-de-palmiste-60ml.jpg","width":600,"height":600,"caption":"huile de palmiste 60ml"},{"@type":"BreadcrumbList","@id":"https:\/\/www.safinel.fr\/produit\/huile-de-palmiste\/#breadcrumb","itemListElement":[{"@type":"ListItem","position":1,"name":"Accueil","item":"https:\/\/www.safinel.fr\/"},{"@type":"ListItem","position":2,"name":"Boutique","item":"https:\/\/www.safinel.fr\/boutique\/"},{"@type":"ListItem","position":3,"name":"Huile de palmiste"}]},{"@type":"WebSite","@id":"https:\/\/www.safinel.fr\/#website","url":"https:\/\/www.safinel.fr\/","name":"Safinel","description":"","publisher":{"@id":"https:\/\/www.safinel.fr\/#organization"},"potentialAction":[{"@type":"SearchAction","target":{"@type":"EntryPoint","urlTemplate":"https:\/\/www.safinel.fr\/?s={search_term_string}"},"query-input":{"@type":"PropertyValueSpecification","valueRequired":true,"valueName":"search_term_string"}}],"inLanguage":"it-IT"},{"@type":"Organization","@id":"https:\/\/www.safinel.fr\/#organization","name":"Safinel","url":"https:\/\/www.safinel.fr\/","logo":{"@type":"ImageObject","inLanguage":"it-IT","@id":"https:\/\/www.safinel.fr\/#\/schema\/logo\/image\/","url":"https:\/\/www.safinel.fr\/wp-content\/uploads\/2021\/05\/boutique-cosmetique.png","contentUrl":"https:\/\/www.safinel.fr\/wp-content\/uploads\/2021\/05\/boutique-cosmetique.png","width":800,"height":200,"caption":"Safinel"},"image":{"@id":"https:\/\/www.safinel.fr\/#\/schema\/logo\/image\/"}}]}},"_links":{"self":[{"href":"https:\/\/www.safinel.fr\/it\/wp-json\/wp\/v2\/product\/7417","targetHints":{"allow":["GET"]}}],"collection":[{"href":"https:\/\/www.safinel.fr\/it\/wp-json\/wp\/v2\/product"}],"about":[{"href":"https:\/\/www.safinel.fr\/it\/wp-json\/wp\/v2\/types\/product"}],"wp:featuredmedia":[{"embeddable":true,"href":"https:\/\/www.safinel.fr\/it\/wp-json\/wp\/v2\/media\/7418"}],"wp:attachment":[{"href":"https:\/\/www.safinel.fr\/it\/wp-json\/wp\/v2\/media?parent=7417"}],"wp:term":[{"taxonomy":"product_brand","embeddable":true,"href":"https:\/\/www.safinel.fr\/it\/wp-json\/wp\/v2\/product_brand?post=7417"},{"taxonomy":"product_cat","embeddable":true,"href":"https:\/\/www.safinel.fr\/it\/wp-json\/wp\/v2\/product_cat?post=7417"},{"taxonomy":"product_tag","embeddable":true,"href":"https:\/\/www.safinel.fr\/it\/wp-json\/wp\/v2\/product_tag?post=7417"}],"curies":[{"name":"wp","href":"https:\/\/api.w.org\/{rel}","templated":true}]}}