{"id":7390,"date":"2023-07-27T18:20:58","date_gmt":"2023-07-27T18:20:58","guid":{"rendered":"https:\/\/www.safinel.fr\/?post_type=product&#038;p=7390"},"modified":"2024-05-26T12:29:49","modified_gmt":"2024-05-26T12:29:49","slug":"olio-di-sandalo","status":"publish","type":"product","link":"https:\/\/www.safinel.fr\/it\/prodotto\/olio-di-sandalo\/","title":{"rendered":"Olio di sandalo 30ml"},"content":{"rendered":"<p>L\u2019<strong>olio di sandalo<\/strong>\u00a0viene estratto dal legno di questo prezioso albero dalle molteplici virt\u00f9. Conosciuto da secoli per le sue propriet\u00e0 medicinali, l'olio di sandalo \u00e8 anche molto apprezzato in profumeria e aromaterapia. Scoprite le numerose\u00a0<strong>benefici<\/strong>\u00a0di questo olio raro e come acquistarlo su safinel.fr.<\/p>\n<h2><strong>Un estratto prezioso dai molteplici usi<\/strong><\/h2>\n<p>Le\u00a0<strong>sandalo<\/strong>\u00a0proviene da un piccolo albero originario dell'Asia e dell'Oceania, il Santalum album. Il suo legno nobile e profumato \u00e8 stato utilizzato per migliaia di anni nelle tradizioni asiatiche, in particolare per la realizzazione di incensi e oggetti sacri. L\u2019<strong>estratto di sandalo<\/strong>\u00a0si ottiene per distillazione a vapore del legno frantumato, ha un colore giallo pallido e un caratteristico odore dolce e legnoso. Da\u00a0<strong>qualit\u00e0<\/strong>\u00a0A seconda della sua origine, l'olio essenziale di sandalo pi\u00f9 popolare proviene generalmente dall'India, dove gli alberi vengono raccolti con metodi tradizionali che rispettano l'ambiente.<\/p>\n<h2><strong>Benefici per la salute<\/strong><\/h2>\n<ul>\n<li><strong>Propriet\u00e0 antivirali e antibatteriche<\/strong><\/li>\n<\/ul>\n<p>Ricco di composti attivi come il santalolo, l'olio di sandalo ha le seguenti propriet\u00e0\u00a0<strong>propriet\u00e0 antivirali e antibatteriche<\/strong>. \u00c8 particolarmente efficace per combattere i virus responsabili di raffreddore, influenza e alcune infezioni cutanee. In caso di ferite o abrasioni, inoltre, favorisce la cicatrizzazione, riducendo il rischio di infezioni.<\/p>\n<ul>\n<li><strong>Effetto calmante sul sistema nervoso<\/strong><\/li>\n<\/ul>\n<p>Utilizzato in aromaterapia per le sue propriet\u00e0 rilassanti, l'olio di sandalo ha un effetto calmante sul sistema nervoso. Il suo profumo delicato e incantevole aiuta a ridurre l'ansia e lo stress, favorendo la concentrazione e la meditazione. Una vera risorsa per ritrovare serenit\u00e0 e benessere nel quotidiano!<\/p>\n<ul>\n<li><strong>Antinfiammatorio naturale<\/strong><\/li>\n<\/ul>\n<p>Quest'olio \u00e8 noto anche per le sue propriet\u00e0 antinfiammatorie. Pu\u00f2 essere massaggiato sulla pelle per alleviare i dolori articolari e muscolari, oltre a lenire le infiammazioni cutanee come l'eczema o la psoriasi.<\/p>\n<h2><strong>I benefici dell'olio di sandalo per la pelle e i capelli<\/strong><\/h2>\n<ul>\n<li><strong>Preziosi trattamenti per una pelle sana e luminosa<\/strong><\/li>\n<\/ul>\n<p>Grazie alle sue propriet\u00e0 idratanti, rigeneranti e cicatrizzanti, \u00e8 un vero tesoro per la pelle. Nutre intensamente la pelle secca o danneggiata, favorisce la rigenerazione cellulare e riduce segni e cicatrici. La sua azione lenitiva calma anche arrossamenti e irritazioni, lasciando la pelle morbida, elastica e radiosamente sana.<\/p>\n<ul>\n<li><strong>Un alleato naturale per capelli forti e brillanti<\/strong><\/li>\n<\/ul>\n<p>L'olio di sandalo pu\u00f2 essere utilizzato anche per la cura dei capelli. Applicato come maschera prima dello shampoo, nutre e rinforza i capelli. <a href=\"https:\/\/www.safinel.fr\/it\/prodotto\/polvere-di-maca-per-capelli\/\"><strong>fibra dei capelli<\/strong><\/a>, stimolando la crescita dei capelli. Il suo\u00a0<strong>note legnose<\/strong>\u00a0e delicate profumazioni profumano sottilmente i capelli, per un risultato fresco e piacevole.<\/p>\n<h3><strong>Acquistare l'olio di sandalo su safinel.it<\/strong><\/h3>\n<p>Per godere dei numerosi benefici di questo olio, visitate il sito safinel.co.uk. Troverete una rigorosa selezione di oli essenziali da\u00a0<strong>legno di sandalo di qualit\u00e0<\/strong>, da fonti sostenibili e responsabili.<\/p>\n<p><strong>Scegliere safinel.fr significa optare per :<\/strong><\/p>\n<ul>\n<li>Oli di sandalo\u00a0<strong>100 % puro e naturale<\/strong><\/li>\n<li>A\u00a0<strong>tracciabilit\u00e0<\/strong>\u00a0e un\u00a0<strong>qualit\u00e0<\/strong>\u00a0garanzie<\/li>\n<li>Consigli su come utilizzarlo e ricette per sfruttarne al meglio i benefici<\/li>\n<\/ul>\n<p>Se volete scoprire i benefici dell'olio di sandalo per la salute, la bellezza o il benessere, non esitate a provarlo e a farlo entrare nella vostra routine quotidiana. Sarete sedotti dalla sua morbidezza e dal suo profumo ammaliante, oltre che dai numerosi benefici che apporta al corpo e alla mente.<\/p>","protected":false},"excerpt":{"rendered":"<p>L\u2019<strong>olio di sandalo<\/strong>\u00a0viene estratto dal legno di questo prezioso albero dalle molteplici virt\u00f9. Conosciuto da secoli per le sue propriet\u00e0 medicinali, l'olio di sandalo \u00e8 anche molto apprezzato in profumeria e aromaterapia.<\/p>\n<p><img decoding=\"async\" class=\"size-full wp-image-5091 aligncenter\" src=\"https:\/\/www.safinel.fr\/wp-content\/uploads\/2021\/06\/BANNIERE-ICONE-SAFINEL.webp\" alt=\"riassicurazione satine\" width=\"800\" height=\"200\" srcset=\"https:\/\/www.safinel.fr\/wp-content\/uploads\/2021\/06\/BANNIERE-ICONE-SAFINEL.webp 800w, https:\/\/www.safinel.fr\/wp-content\/uploads\/2021\/06\/BANNIERE-ICONE-SAFINEL-600x150.webp 600w, https:\/\/www.safinel.fr\/wp-content\/uploads\/2021\/06\/BANNIERE-ICONE-SAFINEL-768x192.webp 768w\" sizes=\"(max-width: 800px) 100vw, 800px\" \/><\/p>","protected":false},"featured_media":7391,"template":"","meta":[],"product_brand":[],"product_cat":[122],"product_tag":[],"class_list":{"0":"post-7390","1":"product","2":"type-product","3":"status-publish","4":"has-post-thumbnail","6":"product_cat-huile-vegetale","8":"first","9":"outofstock","10":"shipping-taxable","11":"purchasable","12":"product-type-simple"},"yoast_head":"<!-- This site is optimized with the Yoast SEO plugin v26.6 - https:\/\/yoast.com\/wordpress\/plugins\/seo\/ -->\n<title>Huile de bois de santal | Huile naturelle | Bienfaits nombreux<\/title>\n<meta name=\"description\" content=\"L&#039;huile de bois de santal\u00a0est extraite du bois de cet arbre pr\u00e9cieux aux multiples vertus. Connue depuis des si\u00e8cles pour ses propri\u00e9t\u00e9s m\u00e9dicinales.\" \/>\n<meta name=\"robots\" content=\"index, follow, max-snippet:-1, max-image-preview:large, max-video-preview:-1\" \/>\n<link rel=\"canonical\" href=\"https:\/\/www.safinel.fr\/it\/prodotto\/olio-di-sandalo\/\" \/>\n<meta property=\"og:locale\" content=\"it_IT\" \/>\n<meta property=\"og:type\" content=\"article\" \/>\n<meta property=\"og:title\" content=\"Huile de bois de santal | Huile naturelle | Bienfaits nombreux\" \/>\n<meta property=\"og:description\" content=\"L&#039;huile de bois de santal\u00a0est extraite du bois de cet arbre pr\u00e9cieux aux multiples vertus. Connue depuis des si\u00e8cles pour ses propri\u00e9t\u00e9s m\u00e9dicinales.\" \/>\n<meta property=\"og:url\" content=\"https:\/\/www.safinel.fr\/it\/prodotto\/olio-di-sandalo\/\" \/>\n<meta property=\"og:site_name\" content=\"Safinel\" \/>\n<meta property=\"article:modified_time\" content=\"2024-05-26T12:29:49+00:00\" \/>\n<meta property=\"og:image\" content=\"https:\/\/www.safinel.fr\/wp-content\/uploads\/2023\/07\/huile-de-bois-de-santal.jpg\" \/>\n\t<meta property=\"og:image:width\" content=\"600\" \/>\n\t<meta property=\"og:image:height\" content=\"600\" \/>\n\t<meta property=\"og:image:type\" content=\"image\/jpeg\" \/>\n<meta name=\"twitter:card\" content=\"summary_large_image\" \/>\n<meta name=\"twitter:label1\" content=\"Tempo di lettura stimato\" \/>\n\t<meta name=\"twitter:data1\" content=\"3 minuti\" \/>\n<script type=\"application\/ld+json\" class=\"yoast-schema-graph\">{\"@context\":\"https:\/\/schema.org\",\"@graph\":[{\"@type\":\"WebPage\",\"@id\":\"https:\/\/www.safinel.fr\/produit\/huile-de-bois-de-santal\/\",\"url\":\"https:\/\/www.safinel.fr\/produit\/huile-de-bois-de-santal\/\",\"name\":\"Huile de bois de santal | Huile naturelle | Bienfaits nombreux\",\"isPartOf\":{\"@id\":\"https:\/\/www.safinel.fr\/#website\"},\"primaryImageOfPage\":{\"@id\":\"https:\/\/www.safinel.fr\/produit\/huile-de-bois-de-santal\/#primaryimage\"},\"image\":{\"@id\":\"https:\/\/www.safinel.fr\/produit\/huile-de-bois-de-santal\/#primaryimage\"},\"thumbnailUrl\":\"https:\/\/www.safinel.fr\/wp-content\/uploads\/2023\/07\/huile-de-bois-de-santal.jpg\",\"datePublished\":\"2023-07-27T18:20:58+00:00\",\"dateModified\":\"2024-05-26T12:29:49+00:00\",\"description\":\"L'huile de bois de santal\u00a0est extraite du bois de cet arbre pr\u00e9cieux aux multiples vertus. Connue depuis des si\u00e8cles pour ses propri\u00e9t\u00e9s m\u00e9dicinales.\",\"breadcrumb\":{\"@id\":\"https:\/\/www.safinel.fr\/produit\/huile-de-bois-de-santal\/#breadcrumb\"},\"inLanguage\":\"it-IT\",\"potentialAction\":[{\"@type\":\"ReadAction\",\"target\":[\"https:\/\/www.safinel.fr\/produit\/huile-de-bois-de-santal\/\"]}]},{\"@type\":\"ImageObject\",\"inLanguage\":\"it-IT\",\"@id\":\"https:\/\/www.safinel.fr\/produit\/huile-de-bois-de-santal\/#primaryimage\",\"url\":\"https:\/\/www.safinel.fr\/wp-content\/uploads\/2023\/07\/huile-de-bois-de-santal.jpg\",\"contentUrl\":\"https:\/\/www.safinel.fr\/wp-content\/uploads\/2023\/07\/huile-de-bois-de-santal.jpg\",\"width\":600,\"height\":600,\"caption\":\"huile de bois de santal\"},{\"@type\":\"BreadcrumbList\",\"@id\":\"https:\/\/www.safinel.fr\/produit\/huile-de-bois-de-santal\/#breadcrumb\",\"itemListElement\":[{\"@type\":\"ListItem\",\"position\":1,\"name\":\"Accueil\",\"item\":\"https:\/\/www.safinel.fr\/\"},{\"@type\":\"ListItem\",\"position\":2,\"name\":\"Boutique\",\"item\":\"https:\/\/www.safinel.fr\/boutique\/\"},{\"@type\":\"ListItem\",\"position\":3,\"name\":\"Huile de bois de santal 30ml\"}]},{\"@type\":\"WebSite\",\"@id\":\"https:\/\/www.safinel.fr\/#website\",\"url\":\"https:\/\/www.safinel.fr\/\",\"name\":\"Safinel\",\"description\":\"\",\"publisher\":{\"@id\":\"https:\/\/www.safinel.fr\/#organization\"},\"potentialAction\":[{\"@type\":\"SearchAction\",\"target\":{\"@type\":\"EntryPoint\",\"urlTemplate\":\"https:\/\/www.safinel.fr\/?s={search_term_string}\"},\"query-input\":{\"@type\":\"PropertyValueSpecification\",\"valueRequired\":true,\"valueName\":\"search_term_string\"}}],\"inLanguage\":\"it-IT\"},{\"@type\":\"Organization\",\"@id\":\"https:\/\/www.safinel.fr\/#organization\",\"name\":\"Safinel\",\"url\":\"https:\/\/www.safinel.fr\/\",\"logo\":{\"@type\":\"ImageObject\",\"inLanguage\":\"it-IT\",\"@id\":\"https:\/\/www.safinel.fr\/#\/schema\/logo\/image\/\",\"url\":\"https:\/\/www.safinel.fr\/wp-content\/uploads\/2021\/05\/boutique-cosmetique.png\",\"contentUrl\":\"https:\/\/www.safinel.fr\/wp-content\/uploads\/2021\/05\/boutique-cosmetique.png\",\"width\":800,\"height\":200,\"caption\":\"Safinel\"},\"image\":{\"@id\":\"https:\/\/www.safinel.fr\/#\/schema\/logo\/image\/\"}}]}<\/script>\n<!-- \/ Yoast SEO plugin. -->","yoast_head_json":{"title":"Olio di sandalo | Olio naturale | Numerosi benefici","description":"L'olio di sandalo viene estratto dal legno di questo prezioso albero dalle molteplici virt\u00f9. Conosciuto da secoli per le sue propriet\u00e0 medicinali.","robots":{"index":"index","follow":"follow","max-snippet":"max-snippet:-1","max-image-preview":"max-image-preview:large","max-video-preview":"max-video-preview:-1"},"canonical":"https:\/\/www.safinel.fr\/it\/prodotto\/olio-di-sandalo\/","og_locale":"it_IT","og_type":"article","og_title":"Huile de bois de santal | Huile naturelle | Bienfaits nombreux","og_description":"L'huile de bois de santal\u00a0est extraite du bois de cet arbre pr\u00e9cieux aux multiples vertus. Connue depuis des si\u00e8cles pour ses propri\u00e9t\u00e9s m\u00e9dicinales.","og_url":"https:\/\/www.safinel.fr\/it\/prodotto\/olio-di-sandalo\/","og_site_name":"Safinel","article_modified_time":"2024-05-26T12:29:49+00:00","og_image":[{"width":600,"height":600,"url":"https:\/\/www.safinel.fr\/wp-content\/uploads\/2023\/07\/huile-de-bois-de-santal.jpg","type":"image\/jpeg"}],"twitter_card":"summary_large_image","twitter_misc":{"Tempo di lettura stimato":"3 minuti"},"schema":{"@context":"https:\/\/schema.org","@graph":[{"@type":"WebPage","@id":"https:\/\/www.safinel.fr\/produit\/huile-de-bois-de-santal\/","url":"https:\/\/www.safinel.fr\/produit\/huile-de-bois-de-santal\/","name":"Olio di sandalo | Olio naturale | Numerosi benefici","isPartOf":{"@id":"https:\/\/www.safinel.fr\/#website"},"primaryImageOfPage":{"@id":"https:\/\/www.safinel.fr\/produit\/huile-de-bois-de-santal\/#primaryimage"},"image":{"@id":"https:\/\/www.safinel.fr\/produit\/huile-de-bois-de-santal\/#primaryimage"},"thumbnailUrl":"https:\/\/www.safinel.fr\/wp-content\/uploads\/2023\/07\/huile-de-bois-de-santal.jpg","datePublished":"2023-07-27T18:20:58+00:00","dateModified":"2024-05-26T12:29:49+00:00","description":"L'olio di sandalo viene estratto dal legno di questo prezioso albero dalle molteplici virt\u00f9. Conosciuto da secoli per le sue propriet\u00e0 medicinali.","breadcrumb":{"@id":"https:\/\/www.safinel.fr\/produit\/huile-de-bois-de-santal\/#breadcrumb"},"inLanguage":"it-IT","potentialAction":[{"@type":"ReadAction","target":["https:\/\/www.safinel.fr\/produit\/huile-de-bois-de-santal\/"]}]},{"@type":"ImageObject","inLanguage":"it-IT","@id":"https:\/\/www.safinel.fr\/produit\/huile-de-bois-de-santal\/#primaryimage","url":"https:\/\/www.safinel.fr\/wp-content\/uploads\/2023\/07\/huile-de-bois-de-santal.jpg","contentUrl":"https:\/\/www.safinel.fr\/wp-content\/uploads\/2023\/07\/huile-de-bois-de-santal.jpg","width":600,"height":600,"caption":"huile de bois de santal"},{"@type":"BreadcrumbList","@id":"https:\/\/www.safinel.fr\/produit\/huile-de-bois-de-santal\/#breadcrumb","itemListElement":[{"@type":"ListItem","position":1,"name":"Accueil","item":"https:\/\/www.safinel.fr\/"},{"@type":"ListItem","position":2,"name":"Boutique","item":"https:\/\/www.safinel.fr\/boutique\/"},{"@type":"ListItem","position":3,"name":"Huile de bois de santal 30ml"}]},{"@type":"WebSite","@id":"https:\/\/www.safinel.fr\/#website","url":"https:\/\/www.safinel.fr\/","name":"Safinel","description":"","publisher":{"@id":"https:\/\/www.safinel.fr\/#organization"},"potentialAction":[{"@type":"SearchAction","target":{"@type":"EntryPoint","urlTemplate":"https:\/\/www.safinel.fr\/?s={search_term_string}"},"query-input":{"@type":"PropertyValueSpecification","valueRequired":true,"valueName":"search_term_string"}}],"inLanguage":"it-IT"},{"@type":"Organization","@id":"https:\/\/www.safinel.fr\/#organization","name":"Safinel","url":"https:\/\/www.safinel.fr\/","logo":{"@type":"ImageObject","inLanguage":"it-IT","@id":"https:\/\/www.safinel.fr\/#\/schema\/logo\/image\/","url":"https:\/\/www.safinel.fr\/wp-content\/uploads\/2021\/05\/boutique-cosmetique.png","contentUrl":"https:\/\/www.safinel.fr\/wp-content\/uploads\/2021\/05\/boutique-cosmetique.png","width":800,"height":200,"caption":"Safinel"},"image":{"@id":"https:\/\/www.safinel.fr\/#\/schema\/logo\/image\/"}}]}},"_links":{"self":[{"href":"https:\/\/www.safinel.fr\/it\/wp-json\/wp\/v2\/product\/7390","targetHints":{"allow":["GET"]}}],"collection":[{"href":"https:\/\/www.safinel.fr\/it\/wp-json\/wp\/v2\/product"}],"about":[{"href":"https:\/\/www.safinel.fr\/it\/wp-json\/wp\/v2\/types\/product"}],"wp:featuredmedia":[{"embeddable":true,"href":"https:\/\/www.safinel.fr\/it\/wp-json\/wp\/v2\/media\/7391"}],"wp:attachment":[{"href":"https:\/\/www.safinel.fr\/it\/wp-json\/wp\/v2\/media?parent=7390"}],"wp:term":[{"taxonomy":"product_brand","embeddable":true,"href":"https:\/\/www.safinel.fr\/it\/wp-json\/wp\/v2\/product_brand?post=7390"},{"taxonomy":"product_cat","embeddable":true,"href":"https:\/\/www.safinel.fr\/it\/wp-json\/wp\/v2\/product_cat?post=7390"},{"taxonomy":"product_tag","embeddable":true,"href":"https:\/\/www.safinel.fr\/it\/wp-json\/wp\/v2\/product_tag?post=7390"}],"curies":[{"name":"wp","href":"https:\/\/api.w.org\/{rel}","templated":true}]}}