{"id":7197,"date":"2023-07-20T10:03:32","date_gmt":"2023-07-20T10:03:32","guid":{"rendered":"https:\/\/www.safinel.fr\/?post_type=product&#038;p=7197"},"modified":"2023-12-28T17:16:07","modified_gmt":"2023-12-28T17:16:07","slug":"sapone-allo-zolfo","status":"publish","type":"product","link":"https:\/\/www.safinel.fr\/it\/prodotto\/sapone-allo-zolfo\/","title":{"rendered":"Sapone allo zolfo 100g"},"content":{"rendered":"<p>Le\u00a0<strong>sapone allo zolfo<\/strong>\u00a0\u00e8 un prodotto di\u00a0<strong>routine di cura della pelle<\/strong>\u00a0che sta guadagnando popolarit\u00e0 grazie ai suoi numerosi benefici per la pelle.<\/p>\n<p>Questo tipo di sapone, spesso poco conosciuto, \u00e8 molto apprezzato da chi soffre di problemi cutanei come acne, eczema o psoriasi. Qui presentiamo le principali virt\u00f9 del sapone allo zolfo. Come acquistare il sapone allo zolfo su safinel.it.<\/p>\n<h2><strong>Sapone allo zolfo: cos'\u00e8?<\/strong><\/h2>\n<p>Il sapone allo zolfo \u00e8 un prodotto per l'igiene contenente zolfo.\u00a0<strong>zolfo<\/strong>, Lo zolfo \u00e8 un elemento naturale con propriet\u00e0 antibatteriche, antimicotiche e antinfiammatorie. Lo zolfo \u00e8 stato usato per secoli in varie culture per trattare i problemi della pelle. Spesso associato a un odore sgradevole, il sapone allo zolfo disponibile sul mercato \u00e8 in genere formulato con ingredienti di origine vegetale e con <a href=\"https:\/\/www.safinel.fr\/it\/categoria-prodotto\/olio-vegetale\/\"><strong>oli essenziali<\/strong><\/a> per mascherare questo odore preservando le sue qualit\u00e0 terapeutiche.<\/p>\n<h2><strong>I principali benefici del sapone allo zolfo per la pelle<\/strong><\/h2>\n<ul>\n<li><strong>Combatte l'acne e regola l'eccesso di sebo<\/strong><\/li>\n<\/ul>\n<p>\u00c8 particolarmente efficace per\u00a0<strong>controllare l'eccesso di sebo<\/strong>\u00a0e prevenire la comparsa dei brufoli dell'acne. Grazie alle sue propriet\u00e0 antibatteriche, aiuta a eliminare i batteri responsabili dell'infiammazione e della formazione dei punti neri. Lo zolfo \u00e8 anche un eccellente regolatore del sebo, che aiuta a ridurre la produzione di questa sostanza oleosa da parte delle ghiandole sebacee.<\/p>\n<ul>\n<li><strong>Alleviare i sintomi di eczema e psoriasi<\/strong><\/li>\n<\/ul>\n<p>Questo tipo di sapone pu\u00f2 anche portare sollievo a chi soffre di\u2019<strong>eczema<\/strong>\u00a0o\u00a0<strong>psoriasi<\/strong>. Lo zolfo ha propriet\u00e0 lenitive e antinfiammatorie che aiutano a calmare il prurito. Aiuta a ridurre il rossore causato da queste condizioni croniche della pelle.<\/p>\n<p>Aiuta inoltre a rigenerare le cellule della pelle e a favorire la guarigione di eczemi e psoriasi.<\/p>\n<ul>\n<li><strong>Prevenzione delle micosi e delle infezioni cutanee<\/strong><\/li>\n<\/ul>\n<p>Il sapone allo zolfo \u00e8 consigliato anche per la prevenzione e il trattamento di infezioni fungine come le micosi. Le sue propriet\u00e0 antimicotiche lo rendono un alleato prezioso per\u00a0<strong>eliminare i funghi<\/strong>\u00a0responsabili di questo tipo di infezione e impedire che si diffondano alla pelle.<\/p>\n<h2><strong>Consigli per l'uso del sapone antiacne<\/strong><\/h2>\n<ul>\n<li><strong>Utilizzare quotidianamente un sapone allo zolfo<\/strong>\u00a0per detergere il viso e il corpo. Lavorare il sapone fino a formare una schiuma tra le mani e massaggiare delicatamente la pelle, quindi risciacquare con acqua tiepida.<\/li>\n<li>Per trattare le aree pi\u00f9 problematiche, come i brufoli dell'acne o le chiazze di eczema.<strong> Applicare il sapone direttamente sulla zona interessata<\/strong>\u00a0e lasciare agire per qualche minuto prima di risciacquare.<\/li>\n<li>Per massimizzare i benefici di questo sapone naturale. Si consiglia di\u00a0<strong>completate la vostra routine di cura della pelle con i prodotti giusti<\/strong>\u00a0al proprio tipo di pelle. Ad esempio, creme idratanti, sieri o lozioni tonificanti.<\/li>\n<\/ul>\n<h3><strong>Acquistare il sapone allo zolfo su safinel.fr<\/strong><\/h3>\n<p>Per godere dei numerosi benefici del sapone allo zolfo, potete acquistarlo su safinel.fr. Questo negozio online offre una selezione di\u00a0<strong>saponi allo zolfo di qualit\u00e0.<\/strong>\u00a0Formulato con ingredienti naturali e rispettosi della pelle.<\/p>\n<p><strong>Scegliendo un sapone anti-acne da safinel.it, si beneficia di :<\/strong><\/p>\n<ul>\n<li>Un'ampia gamma di saponi allo zolfo adatti alle diverse esigenze e ai diversi tipi di pelle<\/li>\n<li>Garantito che non contiene sostanze chimiche dannose, come parabeni, solfati o siliconi.<\/li>\n<li>Imballaggio ecologico e responsabile<\/li>\n<li>Un team di assistenza clienti a disposizione per consigliarvi e rispondere alle vostre domande<\/li>\n<\/ul>\n<p>In breve, il sapone allo zolfo \u00e8 un prezioso alleato nella lotta contro vari problemi della pelle come acne, eczema e psoriasi.<\/p>\n<p>Inoltre, aiuta a regolare l'eccesso di sebo e a prevenire le infezioni fungine. Per godere di tutti questi benefici, non esitate ad acquistare un sapone allo zolfo su safinel.co.uk. Fate in modo che questo prodotto faccia parte della vostra routine quotidiana di cura della pelle.<\/p>","protected":false},"excerpt":{"rendered":"<p>Le\u00a0<strong>sapone allo zolfo<\/strong>\u00a0\u00e8 un prodotto di\u00a0<strong>routine di cura della pelle<\/strong>\u00a0che sta guadagnando popolarit\u00e0 grazie ai suoi numerosi benefici per la pelle.<\/p>\n<p><img decoding=\"async\" class=\"size-full wp-image-5091 aligncenter\" src=\"https:\/\/www.safinel.fr\/wp-content\/uploads\/2021\/06\/BANNIERE-ICONE-SAFINEL.webp\" alt=\"riassicurazione satine\" width=\"800\" height=\"200\" srcset=\"https:\/\/www.safinel.fr\/wp-content\/uploads\/2021\/06\/BANNIERE-ICONE-SAFINEL.webp 800w, https:\/\/www.safinel.fr\/wp-content\/uploads\/2021\/06\/BANNIERE-ICONE-SAFINEL-600x150.webp 600w, https:\/\/www.safinel.fr\/wp-content\/uploads\/2021\/06\/BANNIERE-ICONE-SAFINEL-768x192.webp 768w\" sizes=\"(max-width: 800px) 100vw, 800px\" \/><\/p>","protected":false},"featured_media":7198,"template":"","meta":[],"product_brand":[],"product_cat":[123],"product_tag":[],"class_list":{"0":"post-7197","1":"product","2":"type-product","3":"status-publish","4":"has-post-thumbnail","6":"product_cat-savon","8":"first","9":"instock","10":"shipping-taxable","11":"purchasable","12":"product-type-simple"},"yoast_head":"<!-- This site is optimized with the Yoast SEO plugin v26.6 - https:\/\/yoast.com\/wordpress\/plugins\/seo\/ -->\n<title>Savon au soufre | Bienfaits nombreux pour la peau | 100% naturel<\/title>\n<meta name=\"description\" content=\"Le\u00a0savon au soufre\u00a0est un produit de\u00a0routine skincare\u00a0qui gagne en popularit\u00e9 gr\u00e2ce \u00e0 ses multiples bienfaits pour la peau. Adoptez-le !\" \/>\n<meta name=\"robots\" content=\"index, follow, max-snippet:-1, max-image-preview:large, max-video-preview:-1\" \/>\n<link rel=\"canonical\" href=\"https:\/\/www.safinel.fr\/it\/prodotto\/sapone-allo-zolfo\/\" \/>\n<meta property=\"og:locale\" content=\"it_IT\" \/>\n<meta property=\"og:type\" content=\"article\" \/>\n<meta property=\"og:title\" content=\"Savon au soufre | Bienfaits nombreux pour la peau | 100% naturel\" \/>\n<meta property=\"og:description\" content=\"Le\u00a0savon au soufre\u00a0est un produit de\u00a0routine skincare\u00a0qui gagne en popularit\u00e9 gr\u00e2ce \u00e0 ses multiples bienfaits pour la peau. Adoptez-le !\" \/>\n<meta property=\"og:url\" content=\"https:\/\/www.safinel.fr\/it\/prodotto\/sapone-allo-zolfo\/\" \/>\n<meta property=\"og:site_name\" content=\"Safinel\" \/>\n<meta property=\"article:modified_time\" content=\"2023-12-28T17:16:07+00:00\" \/>\n<meta property=\"og:image\" content=\"https:\/\/www.safinel.fr\/wp-content\/uploads\/2023\/07\/savon-au-soufre.jpg\" \/>\n\t<meta property=\"og:image:width\" content=\"600\" \/>\n\t<meta property=\"og:image:height\" content=\"600\" \/>\n\t<meta property=\"og:image:type\" content=\"image\/jpeg\" \/>\n<meta name=\"twitter:card\" content=\"summary_large_image\" \/>\n<meta name=\"twitter:label1\" content=\"Tempo di lettura stimato\" \/>\n\t<meta name=\"twitter:data1\" content=\"3 minuti\" \/>\n<script type=\"application\/ld+json\" class=\"yoast-schema-graph\">{\"@context\":\"https:\/\/schema.org\",\"@graph\":[{\"@type\":\"WebPage\",\"@id\":\"https:\/\/www.safinel.fr\/produit\/savon-au-soufre\/\",\"url\":\"https:\/\/www.safinel.fr\/produit\/savon-au-soufre\/\",\"name\":\"Savon au soufre | Bienfaits nombreux pour la peau | 100% naturel\",\"isPartOf\":{\"@id\":\"https:\/\/www.safinel.fr\/#website\"},\"primaryImageOfPage\":{\"@id\":\"https:\/\/www.safinel.fr\/produit\/savon-au-soufre\/#primaryimage\"},\"image\":{\"@id\":\"https:\/\/www.safinel.fr\/produit\/savon-au-soufre\/#primaryimage\"},\"thumbnailUrl\":\"https:\/\/www.safinel.fr\/wp-content\/uploads\/2023\/07\/savon-au-soufre.jpg\",\"datePublished\":\"2023-07-20T10:03:32+00:00\",\"dateModified\":\"2023-12-28T17:16:07+00:00\",\"description\":\"Le\u00a0savon au soufre\u00a0est un produit de\u00a0routine skincare\u00a0qui gagne en popularit\u00e9 gr\u00e2ce \u00e0 ses multiples bienfaits pour la peau. Adoptez-le !\",\"breadcrumb\":{\"@id\":\"https:\/\/www.safinel.fr\/produit\/savon-au-soufre\/#breadcrumb\"},\"inLanguage\":\"it-IT\",\"potentialAction\":[{\"@type\":\"ReadAction\",\"target\":[\"https:\/\/www.safinel.fr\/produit\/savon-au-soufre\/\"]}]},{\"@type\":\"ImageObject\",\"inLanguage\":\"it-IT\",\"@id\":\"https:\/\/www.safinel.fr\/produit\/savon-au-soufre\/#primaryimage\",\"url\":\"https:\/\/www.safinel.fr\/wp-content\/uploads\/2023\/07\/savon-au-soufre.jpg\",\"contentUrl\":\"https:\/\/www.safinel.fr\/wp-content\/uploads\/2023\/07\/savon-au-soufre.jpg\",\"width\":600,\"height\":600,\"caption\":\"Savon au soufre 100g\"},{\"@type\":\"BreadcrumbList\",\"@id\":\"https:\/\/www.safinel.fr\/produit\/savon-au-soufre\/#breadcrumb\",\"itemListElement\":[{\"@type\":\"ListItem\",\"position\":1,\"name\":\"Accueil\",\"item\":\"https:\/\/www.safinel.fr\/\"},{\"@type\":\"ListItem\",\"position\":2,\"name\":\"Boutique\",\"item\":\"https:\/\/www.safinel.fr\/boutique\/\"},{\"@type\":\"ListItem\",\"position\":3,\"name\":\"Savon au soufre 100g\"}]},{\"@type\":\"WebSite\",\"@id\":\"https:\/\/www.safinel.fr\/#website\",\"url\":\"https:\/\/www.safinel.fr\/\",\"name\":\"Safinel\",\"description\":\"\",\"publisher\":{\"@id\":\"https:\/\/www.safinel.fr\/#organization\"},\"potentialAction\":[{\"@type\":\"SearchAction\",\"target\":{\"@type\":\"EntryPoint\",\"urlTemplate\":\"https:\/\/www.safinel.fr\/?s={search_term_string}\"},\"query-input\":{\"@type\":\"PropertyValueSpecification\",\"valueRequired\":true,\"valueName\":\"search_term_string\"}}],\"inLanguage\":\"it-IT\"},{\"@type\":\"Organization\",\"@id\":\"https:\/\/www.safinel.fr\/#organization\",\"name\":\"Safinel\",\"url\":\"https:\/\/www.safinel.fr\/\",\"logo\":{\"@type\":\"ImageObject\",\"inLanguage\":\"it-IT\",\"@id\":\"https:\/\/www.safinel.fr\/#\/schema\/logo\/image\/\",\"url\":\"https:\/\/www.safinel.fr\/wp-content\/uploads\/2021\/05\/boutique-cosmetique.png\",\"contentUrl\":\"https:\/\/www.safinel.fr\/wp-content\/uploads\/2021\/05\/boutique-cosmetique.png\",\"width\":800,\"height\":200,\"caption\":\"Safinel\"},\"image\":{\"@id\":\"https:\/\/www.safinel.fr\/#\/schema\/logo\/image\/\"}}]}<\/script>\n<!-- \/ Yoast SEO plugin. -->","yoast_head_json":{"title":"Sapone allo zolfo | Numerosi benefici per la pelle | 100% naturale","description":"Il sapone allo zolfo \u00e8 una routine di cura della pelle che sta guadagnando popolarit\u00e0 grazie ai suoi numerosi benefici per la pelle. Fatelo vostro!","robots":{"index":"index","follow":"follow","max-snippet":"max-snippet:-1","max-image-preview":"max-image-preview:large","max-video-preview":"max-video-preview:-1"},"canonical":"https:\/\/www.safinel.fr\/it\/prodotto\/sapone-allo-zolfo\/","og_locale":"it_IT","og_type":"article","og_title":"Savon au soufre | Bienfaits nombreux pour la peau | 100% naturel","og_description":"Le\u00a0savon au soufre\u00a0est un produit de\u00a0routine skincare\u00a0qui gagne en popularit\u00e9 gr\u00e2ce \u00e0 ses multiples bienfaits pour la peau. Adoptez-le !","og_url":"https:\/\/www.safinel.fr\/it\/prodotto\/sapone-allo-zolfo\/","og_site_name":"Safinel","article_modified_time":"2023-12-28T17:16:07+00:00","og_image":[{"width":600,"height":600,"url":"https:\/\/www.safinel.fr\/wp-content\/uploads\/2023\/07\/savon-au-soufre.jpg","type":"image\/jpeg"}],"twitter_card":"summary_large_image","twitter_misc":{"Tempo di lettura stimato":"3 minuti"},"schema":{"@context":"https:\/\/schema.org","@graph":[{"@type":"WebPage","@id":"https:\/\/www.safinel.fr\/produit\/savon-au-soufre\/","url":"https:\/\/www.safinel.fr\/produit\/savon-au-soufre\/","name":"Sapone allo zolfo | Numerosi benefici per la pelle | 100% naturale","isPartOf":{"@id":"https:\/\/www.safinel.fr\/#website"},"primaryImageOfPage":{"@id":"https:\/\/www.safinel.fr\/produit\/savon-au-soufre\/#primaryimage"},"image":{"@id":"https:\/\/www.safinel.fr\/produit\/savon-au-soufre\/#primaryimage"},"thumbnailUrl":"https:\/\/www.safinel.fr\/wp-content\/uploads\/2023\/07\/savon-au-soufre.jpg","datePublished":"2023-07-20T10:03:32+00:00","dateModified":"2023-12-28T17:16:07+00:00","description":"Il sapone allo zolfo \u00e8 una routine di cura della pelle che sta guadagnando popolarit\u00e0 grazie ai suoi numerosi benefici per la pelle. Fatelo vostro!","breadcrumb":{"@id":"https:\/\/www.safinel.fr\/produit\/savon-au-soufre\/#breadcrumb"},"inLanguage":"it-IT","potentialAction":[{"@type":"ReadAction","target":["https:\/\/www.safinel.fr\/produit\/savon-au-soufre\/"]}]},{"@type":"ImageObject","inLanguage":"it-IT","@id":"https:\/\/www.safinel.fr\/produit\/savon-au-soufre\/#primaryimage","url":"https:\/\/www.safinel.fr\/wp-content\/uploads\/2023\/07\/savon-au-soufre.jpg","contentUrl":"https:\/\/www.safinel.fr\/wp-content\/uploads\/2023\/07\/savon-au-soufre.jpg","width":600,"height":600,"caption":"Savon au soufre 100g"},{"@type":"BreadcrumbList","@id":"https:\/\/www.safinel.fr\/produit\/savon-au-soufre\/#breadcrumb","itemListElement":[{"@type":"ListItem","position":1,"name":"Accueil","item":"https:\/\/www.safinel.fr\/"},{"@type":"ListItem","position":2,"name":"Boutique","item":"https:\/\/www.safinel.fr\/boutique\/"},{"@type":"ListItem","position":3,"name":"Savon au soufre 100g"}]},{"@type":"WebSite","@id":"https:\/\/www.safinel.fr\/#website","url":"https:\/\/www.safinel.fr\/","name":"Safinel","description":"","publisher":{"@id":"https:\/\/www.safinel.fr\/#organization"},"potentialAction":[{"@type":"SearchAction","target":{"@type":"EntryPoint","urlTemplate":"https:\/\/www.safinel.fr\/?s={search_term_string}"},"query-input":{"@type":"PropertyValueSpecification","valueRequired":true,"valueName":"search_term_string"}}],"inLanguage":"it-IT"},{"@type":"Organization","@id":"https:\/\/www.safinel.fr\/#organization","name":"Safinel","url":"https:\/\/www.safinel.fr\/","logo":{"@type":"ImageObject","inLanguage":"it-IT","@id":"https:\/\/www.safinel.fr\/#\/schema\/logo\/image\/","url":"https:\/\/www.safinel.fr\/wp-content\/uploads\/2021\/05\/boutique-cosmetique.png","contentUrl":"https:\/\/www.safinel.fr\/wp-content\/uploads\/2021\/05\/boutique-cosmetique.png","width":800,"height":200,"caption":"Safinel"},"image":{"@id":"https:\/\/www.safinel.fr\/#\/schema\/logo\/image\/"}}]}},"_links":{"self":[{"href":"https:\/\/www.safinel.fr\/it\/wp-json\/wp\/v2\/product\/7197","targetHints":{"allow":["GET"]}}],"collection":[{"href":"https:\/\/www.safinel.fr\/it\/wp-json\/wp\/v2\/product"}],"about":[{"href":"https:\/\/www.safinel.fr\/it\/wp-json\/wp\/v2\/types\/product"}],"wp:featuredmedia":[{"embeddable":true,"href":"https:\/\/www.safinel.fr\/it\/wp-json\/wp\/v2\/media\/7198"}],"wp:attachment":[{"href":"https:\/\/www.safinel.fr\/it\/wp-json\/wp\/v2\/media?parent=7197"}],"wp:term":[{"taxonomy":"product_brand","embeddable":true,"href":"https:\/\/www.safinel.fr\/it\/wp-json\/wp\/v2\/product_brand?post=7197"},{"taxonomy":"product_cat","embeddable":true,"href":"https:\/\/www.safinel.fr\/it\/wp-json\/wp\/v2\/product_cat?post=7197"},{"taxonomy":"product_tag","embeddable":true,"href":"https:\/\/www.safinel.fr\/it\/wp-json\/wp\/v2\/product_tag?post=7197"}],"curies":[{"name":"wp","href":"https:\/\/api.w.org\/{rel}","templated":true}]}}