{"id":6941,"date":"2023-07-06T19:05:47","date_gmt":"2023-07-06T19:05:47","guid":{"rendered":"https:\/\/www.safinel.fr\/?post_type=product&#038;p=6941"},"modified":"2024-07-08T13:34:58","modified_gmt":"2024-07-08T13:34:58","slug":"olio-di-lentischio","status":"publish","type":"product","link":"https:\/\/www.safinel.fr\/it\/prodotto\/olio-di-lentischio\/","title":{"rendered":"Olio di mastice 50ml"},"content":{"rendered":"<p>\u00c8 nota soprattutto per le sue propriet\u00e0 decongestionanti. Questo perch\u00e9,\u00a0<strong>Olio di pistacchio<\/strong>\u00a0\u00e8 un vero e proprio alleato per il benessere circolatorio. Miscelato con altri oli, \u00e8 una soluzione efficace per migliorare la salute!<\/p>\n<h2><strong>Che cos'\u00e8 l'olio di lentischio?\u00a0<\/strong><\/h2>\n<p>Questo\u00a0<strong>prodotto naturale<\/strong>\u00a0si ottiene dai semi del lentisco, una pianta mediterranea. In origine, quest'albero era noto soprattutto per il mastice, una resina utilizzata, tra l'altro, per la produzione di gomme da masticare.<\/p>\n<p>Ma questo olio vegetale ha una serie di<strong>\u00a0benefici per la salute<\/strong>\u00a0! Tanto che la vostra boutique Safinel si \u00e8 affrettata a portarvelo.<\/p>\n<p>Disponibile in un flacone da 30 ml, \u00e8 naturale e biologico, quindi non perdetevi nulla!<\/p>\n<p>Per ottenere il massimo da questo prodotto, \u00e8 sufficiente mescolarlo con altri oli, come ad esempio<strong>\u00a0<a href=\"https:\/\/www.safinel.fr\/it\/prodotto\/olio-dakpi\/\">olio akpi<\/a>\u00a0<\/strong>o\u00a0<a href=\"https:\/\/www.safinel.fr\/it\/prodotto\/olio-di-baobab\/\"><strong>baobab<\/strong><\/a>. Infine, massaggiare le zone da trattare, come le gambe. Massaggiare o strofinare la zona fino all'assorbimento dell'olio.<\/p>\n<h2><strong>I benefici dell'olio di lentisco\u00a0<\/strong><\/h2>\n<p>Ricco di vitamine e di antiossidanti, questo\u00a0<strong>macerato oleoso<\/strong>\u00a0\u00e8 un rimedio efficace per i problemi della pelle come eczema, psoriasi e acne.<\/p>\n<p>Ha anche propriet\u00e0 antinfiammatorie e cicatrizzanti che possono aiutare a trattare problemi come :<\/p>\n<ul>\n<li>dolore muscolare,<\/li>\n<li>dolore articolare<\/li>\n<li>e problemi di circolazione sanguigna.<\/li>\n<\/ul>\n<p><strong>Olio di Lentisque<\/strong>\u00a0\u00e8 anche molto lenitivo per la pelle e pu\u00f2 aiutare a combattere l'invecchiamento cutaneo. Infine, \u00e8 noto per le sue propriet\u00e0 antisettiche e viene spesso utilizzato per trattare infezioni fungine e ulcere cutanee.<\/p>\n<h3><strong>Alcune precauzioni\u00a0<\/strong><\/h3>\n<p>Questo olio vegetale lentisco \u00e8 sconsigliato in gravidanza, durante l'allattamento e per i bambini piccoli.<\/p>\n<p>Inoltre, se deve essere utilizzato per via interna, \u00e8 necessario chiedere prima il parere di uno specialista della salute.<\/p>","protected":false},"excerpt":{"rendered":"<p>\u00c8 nota soprattutto per le sue propriet\u00e0 decongestionanti. Questo perch\u00e9,\u00a0<strong>Olio di pistacchio<\/strong>\u00a0\u00e8 un vero e proprio alleato per il benessere circolatorio.<\/p>\n<p><img decoding=\"async\" class=\"size-full wp-image-5091 aligncenter\" src=\"https:\/\/www.safinel.fr\/wp-content\/uploads\/2021\/06\/BANNIERE-ICONE-SAFINEL.webp\" alt=\"riassicurazione satine\" width=\"800\" height=\"200\" srcset=\"https:\/\/www.safinel.fr\/wp-content\/uploads\/2021\/06\/BANNIERE-ICONE-SAFINEL.webp 800w, https:\/\/www.safinel.fr\/wp-content\/uploads\/2021\/06\/BANNIERE-ICONE-SAFINEL-600x150.webp 600w, https:\/\/www.safinel.fr\/wp-content\/uploads\/2021\/06\/BANNIERE-ICONE-SAFINEL-768x192.webp 768w\" sizes=\"(max-width: 800px) 100vw, 800px\" \/><\/p>","protected":false},"featured_media":6942,"template":"","meta":[],"product_brand":[],"product_cat":[122],"product_tag":[],"class_list":{"0":"post-6941","1":"product","2":"type-product","3":"status-publish","4":"has-post-thumbnail","6":"product_cat-huile-vegetale","8":"first","9":"outofstock","10":"shipping-taxable","11":"purchasable","12":"product-type-simple"},"yoast_head":"<!-- This site is optimized with the Yoast SEO plugin v26.6 - https:\/\/yoast.com\/wordpress\/plugins\/seo\/ -->\n<title>Huile de lentisque | Huile naturelle | Bienfaits nombreux<\/title>\n<meta name=\"description\" content=\"On la conna\u00eet essentiellement pour ses vertus d\u00e9congestionnantes. L\u2019huile de lentisque pistachier\u00a0est une vraie alli\u00e9e pour le confort circulatoire.\" \/>\n<meta name=\"robots\" content=\"index, follow, max-snippet:-1, max-image-preview:large, max-video-preview:-1\" \/>\n<link rel=\"canonical\" href=\"https:\/\/www.safinel.fr\/it\/prodotto\/olio-di-lentischio\/\" \/>\n<meta property=\"og:locale\" content=\"it_IT\" \/>\n<meta property=\"og:type\" content=\"article\" \/>\n<meta property=\"og:title\" content=\"Huile de lentisque | Huile naturelle | Bienfaits nombreux\" \/>\n<meta property=\"og:description\" content=\"On la conna\u00eet essentiellement pour ses vertus d\u00e9congestionnantes. L\u2019huile de lentisque pistachier\u00a0est une vraie alli\u00e9e pour le confort circulatoire.\" \/>\n<meta property=\"og:url\" content=\"https:\/\/www.safinel.fr\/it\/prodotto\/olio-di-lentischio\/\" \/>\n<meta property=\"og:site_name\" content=\"Safinel\" \/>\n<meta property=\"article:modified_time\" content=\"2024-07-08T13:34:58+00:00\" \/>\n<meta property=\"og:image\" content=\"https:\/\/www.safinel.fr\/wp-content\/uploads\/2023\/07\/huile-de-lentisque.jpg.webp\" \/>\n\t<meta property=\"og:image:width\" content=\"600\" \/>\n\t<meta property=\"og:image:height\" content=\"600\" \/>\n\t<meta property=\"og:image:type\" content=\"image\/webp\" \/>\n<meta name=\"twitter:card\" content=\"summary_large_image\" \/>\n<meta name=\"twitter:label1\" content=\"Tempo di lettura stimato\" \/>\n\t<meta name=\"twitter:data1\" content=\"2 minuti\" \/>\n<script type=\"application\/ld+json\" class=\"yoast-schema-graph\">{\"@context\":\"https:\/\/schema.org\",\"@graph\":[{\"@type\":\"WebPage\",\"@id\":\"https:\/\/www.safinel.fr\/produit\/huile-de-lentisque\/\",\"url\":\"https:\/\/www.safinel.fr\/produit\/huile-de-lentisque\/\",\"name\":\"Huile de lentisque | Huile naturelle | Bienfaits nombreux\",\"isPartOf\":{\"@id\":\"https:\/\/www.safinel.fr\/#website\"},\"primaryImageOfPage\":{\"@id\":\"https:\/\/www.safinel.fr\/produit\/huile-de-lentisque\/#primaryimage\"},\"image\":{\"@id\":\"https:\/\/www.safinel.fr\/produit\/huile-de-lentisque\/#primaryimage\"},\"thumbnailUrl\":\"https:\/\/www.safinel.fr\/wp-content\/uploads\/2023\/07\/huile-de-lentisque.jpg.webp\",\"datePublished\":\"2023-07-06T19:05:47+00:00\",\"dateModified\":\"2024-07-08T13:34:58+00:00\",\"description\":\"On la conna\u00eet essentiellement pour ses vertus d\u00e9congestionnantes. L\u2019huile de lentisque pistachier\u00a0est une vraie alli\u00e9e pour le confort circulatoire.\",\"breadcrumb\":{\"@id\":\"https:\/\/www.safinel.fr\/produit\/huile-de-lentisque\/#breadcrumb\"},\"inLanguage\":\"it-IT\",\"potentialAction\":[{\"@type\":\"ReadAction\",\"target\":[\"https:\/\/www.safinel.fr\/produit\/huile-de-lentisque\/\"]}]},{\"@type\":\"ImageObject\",\"inLanguage\":\"it-IT\",\"@id\":\"https:\/\/www.safinel.fr\/produit\/huile-de-lentisque\/#primaryimage\",\"url\":\"https:\/\/www.safinel.fr\/wp-content\/uploads\/2023\/07\/huile-de-lentisque.jpg.webp\",\"contentUrl\":\"https:\/\/www.safinel.fr\/wp-content\/uploads\/2023\/07\/huile-de-lentisque.jpg.webp\",\"width\":600,\"height\":600,\"caption\":\"Huile de lentisque\"},{\"@type\":\"BreadcrumbList\",\"@id\":\"https:\/\/www.safinel.fr\/produit\/huile-de-lentisque\/#breadcrumb\",\"itemListElement\":[{\"@type\":\"ListItem\",\"position\":1,\"name\":\"Accueil\",\"item\":\"https:\/\/www.safinel.fr\/\"},{\"@type\":\"ListItem\",\"position\":2,\"name\":\"Boutique\",\"item\":\"https:\/\/www.safinel.fr\/boutique\/\"},{\"@type\":\"ListItem\",\"position\":3,\"name\":\"Huile de lentisque 50ml\"}]},{\"@type\":\"WebSite\",\"@id\":\"https:\/\/www.safinel.fr\/#website\",\"url\":\"https:\/\/www.safinel.fr\/\",\"name\":\"Safinel\",\"description\":\"\",\"publisher\":{\"@id\":\"https:\/\/www.safinel.fr\/#organization\"},\"potentialAction\":[{\"@type\":\"SearchAction\",\"target\":{\"@type\":\"EntryPoint\",\"urlTemplate\":\"https:\/\/www.safinel.fr\/?s={search_term_string}\"},\"query-input\":{\"@type\":\"PropertyValueSpecification\",\"valueRequired\":true,\"valueName\":\"search_term_string\"}}],\"inLanguage\":\"it-IT\"},{\"@type\":\"Organization\",\"@id\":\"https:\/\/www.safinel.fr\/#organization\",\"name\":\"Safinel\",\"url\":\"https:\/\/www.safinel.fr\/\",\"logo\":{\"@type\":\"ImageObject\",\"inLanguage\":\"it-IT\",\"@id\":\"https:\/\/www.safinel.fr\/#\/schema\/logo\/image\/\",\"url\":\"https:\/\/www.safinel.fr\/wp-content\/uploads\/2021\/05\/boutique-cosmetique.png\",\"contentUrl\":\"https:\/\/www.safinel.fr\/wp-content\/uploads\/2021\/05\/boutique-cosmetique.png\",\"width\":800,\"height\":200,\"caption\":\"Safinel\"},\"image\":{\"@id\":\"https:\/\/www.safinel.fr\/#\/schema\/logo\/image\/\"}}]}<\/script>\n<!-- \/ Yoast SEO plugin. -->","yoast_head_json":{"title":"Olio di lentischio | Olio naturale | Numerosi benefici","description":"\u00c8 noto soprattutto per le sue propriet\u00e0 decongestionanti. L'olio di lentisco di pistacchio \u00e8 un vero alleato per il benessere circolatorio.","robots":{"index":"index","follow":"follow","max-snippet":"max-snippet:-1","max-image-preview":"max-image-preview:large","max-video-preview":"max-video-preview:-1"},"canonical":"https:\/\/www.safinel.fr\/it\/prodotto\/olio-di-lentischio\/","og_locale":"it_IT","og_type":"article","og_title":"Huile de lentisque | Huile naturelle | Bienfaits nombreux","og_description":"On la conna\u00eet essentiellement pour ses vertus d\u00e9congestionnantes. L\u2019huile de lentisque pistachier\u00a0est une vraie alli\u00e9e pour le confort circulatoire.","og_url":"https:\/\/www.safinel.fr\/it\/prodotto\/olio-di-lentischio\/","og_site_name":"Safinel","article_modified_time":"2024-07-08T13:34:58+00:00","og_image":[{"width":600,"height":600,"url":"https:\/\/www.safinel.fr\/wp-content\/uploads\/2023\/07\/huile-de-lentisque.jpg.webp","type":"image\/webp"}],"twitter_card":"summary_large_image","twitter_misc":{"Tempo di lettura stimato":"2 minuti"},"schema":{"@context":"https:\/\/schema.org","@graph":[{"@type":"WebPage","@id":"https:\/\/www.safinel.fr\/produit\/huile-de-lentisque\/","url":"https:\/\/www.safinel.fr\/produit\/huile-de-lentisque\/","name":"Olio di lentischio | Olio naturale | Numerosi benefici","isPartOf":{"@id":"https:\/\/www.safinel.fr\/#website"},"primaryImageOfPage":{"@id":"https:\/\/www.safinel.fr\/produit\/huile-de-lentisque\/#primaryimage"},"image":{"@id":"https:\/\/www.safinel.fr\/produit\/huile-de-lentisque\/#primaryimage"},"thumbnailUrl":"https:\/\/www.safinel.fr\/wp-content\/uploads\/2023\/07\/huile-de-lentisque.jpg.webp","datePublished":"2023-07-06T19:05:47+00:00","dateModified":"2024-07-08T13:34:58+00:00","description":"\u00c8 noto soprattutto per le sue propriet\u00e0 decongestionanti. L'olio di lentisco di pistacchio \u00e8 un vero alleato per il benessere circolatorio.","breadcrumb":{"@id":"https:\/\/www.safinel.fr\/produit\/huile-de-lentisque\/#breadcrumb"},"inLanguage":"it-IT","potentialAction":[{"@type":"ReadAction","target":["https:\/\/www.safinel.fr\/produit\/huile-de-lentisque\/"]}]},{"@type":"ImageObject","inLanguage":"it-IT","@id":"https:\/\/www.safinel.fr\/produit\/huile-de-lentisque\/#primaryimage","url":"https:\/\/www.safinel.fr\/wp-content\/uploads\/2023\/07\/huile-de-lentisque.jpg.webp","contentUrl":"https:\/\/www.safinel.fr\/wp-content\/uploads\/2023\/07\/huile-de-lentisque.jpg.webp","width":600,"height":600,"caption":"Huile de lentisque"},{"@type":"BreadcrumbList","@id":"https:\/\/www.safinel.fr\/produit\/huile-de-lentisque\/#breadcrumb","itemListElement":[{"@type":"ListItem","position":1,"name":"Accueil","item":"https:\/\/www.safinel.fr\/"},{"@type":"ListItem","position":2,"name":"Boutique","item":"https:\/\/www.safinel.fr\/boutique\/"},{"@type":"ListItem","position":3,"name":"Huile de lentisque 50ml"}]},{"@type":"WebSite","@id":"https:\/\/www.safinel.fr\/#website","url":"https:\/\/www.safinel.fr\/","name":"Safinel","description":"","publisher":{"@id":"https:\/\/www.safinel.fr\/#organization"},"potentialAction":[{"@type":"SearchAction","target":{"@type":"EntryPoint","urlTemplate":"https:\/\/www.safinel.fr\/?s={search_term_string}"},"query-input":{"@type":"PropertyValueSpecification","valueRequired":true,"valueName":"search_term_string"}}],"inLanguage":"it-IT"},{"@type":"Organization","@id":"https:\/\/www.safinel.fr\/#organization","name":"Safinel","url":"https:\/\/www.safinel.fr\/","logo":{"@type":"ImageObject","inLanguage":"it-IT","@id":"https:\/\/www.safinel.fr\/#\/schema\/logo\/image\/","url":"https:\/\/www.safinel.fr\/wp-content\/uploads\/2021\/05\/boutique-cosmetique.png","contentUrl":"https:\/\/www.safinel.fr\/wp-content\/uploads\/2021\/05\/boutique-cosmetique.png","width":800,"height":200,"caption":"Safinel"},"image":{"@id":"https:\/\/www.safinel.fr\/#\/schema\/logo\/image\/"}}]}},"_links":{"self":[{"href":"https:\/\/www.safinel.fr\/it\/wp-json\/wp\/v2\/product\/6941","targetHints":{"allow":["GET"]}}],"collection":[{"href":"https:\/\/www.safinel.fr\/it\/wp-json\/wp\/v2\/product"}],"about":[{"href":"https:\/\/www.safinel.fr\/it\/wp-json\/wp\/v2\/types\/product"}],"wp:featuredmedia":[{"embeddable":true,"href":"https:\/\/www.safinel.fr\/it\/wp-json\/wp\/v2\/media\/6942"}],"wp:attachment":[{"href":"https:\/\/www.safinel.fr\/it\/wp-json\/wp\/v2\/media?parent=6941"}],"wp:term":[{"taxonomy":"product_brand","embeddable":true,"href":"https:\/\/www.safinel.fr\/it\/wp-json\/wp\/v2\/product_brand?post=6941"},{"taxonomy":"product_cat","embeddable":true,"href":"https:\/\/www.safinel.fr\/it\/wp-json\/wp\/v2\/product_cat?post=6941"},{"taxonomy":"product_tag","embeddable":true,"href":"https:\/\/www.safinel.fr\/it\/wp-json\/wp\/v2\/product_tag?post=6941"}],"curies":[{"name":"wp","href":"https:\/\/api.w.org\/{rel}","templated":true}]}}