{"id":6884,"date":"2023-07-04T17:28:14","date_gmt":"2023-07-04T17:28:14","guid":{"rendered":"https:\/\/www.safinel.fr\/?post_type=product&#038;p=6884"},"modified":"2023-12-30T11:53:50","modified_gmt":"2023-12-30T11:53:50","slug":"olio-dabricot","status":"publish","type":"product","link":"https:\/\/www.safinel.fr\/it\/prodotto\/olio-dabricot\/","title":{"rendered":"Olio di albicocca 30ml"},"content":{"rendered":"<p>L\u2019<strong>olio di albicocca<\/strong>\u00a0\u00e8 un olio naturale dai molteplici benefici per la pelle. Estratto da\u00a0<strong>nocciolo di albicocca<\/strong>, Questo olio nutriente e ammorbidente \u00e8 ideale per prendersi cura della pelle quotidianamente.<\/p>\n<p>Vi invitiamo a scoprire i benefici dell'olio di albicocca 30ml e i consigli su come acquistarlo su safinel.it.<\/p>\n<h2><strong>Le propriet\u00e0 dell'olio di albicocca<\/strong><\/h2>\n<p>Ottenuto da\u00a0<strong>pressa a freddo<\/strong>\u00a0ricavato dai noccioli di albicocca, questo prodotto presenta una serie di qualit\u00e0 che lo rendono un prodotto ideale per la cura della pelle:<\/p>\n<ul>\n<li><strong>Ricco di vitamina E<\/strong>\u00a0Vitamina E: nota anche come tocoferolo, la vitamina E \u00e8 un potente antiossidante che protegge la pelle dalle aggressioni esterne e dall'invecchiamento precoce.<\/li>\n<li><strong>Contenuto di vitamina A<\/strong>\u00a0Vitamina A: la vitamina A contribuisce a migliorare il rinnovamento cellulare e a mantenere la pelle sana.<\/li>\n<li><strong>Omega 6<\/strong>\u00a0Questi acidi grassi essenziali contribuiscono a nutrire e idratare profondamente la pelle.<\/li>\n<\/ul>\n<p>Grazie alla sua ricca e variegata composizione, questo cosmetico naturale \u00e8 un vero e proprio concentrato di benefici per la pelle.<\/p>\n<h2><strong>Usi dell'olio di albicocca<\/strong><\/h2>\n<p>Questo olio naturale pu\u00f2 essere utilizzato in molti modi per prendersi cura della pelle:<\/p>\n<ul>\n<li><strong>Cura diurna del viso<\/strong><\/li>\n<\/ul>\n<p>Applicato sul viso al mattino, nutre e protegge la pelle per tutto il giorno. Pu\u00f2 essere utilizzato da solo o mescolato alla crema idratante abituale.<\/p>\n<ul>\n<li><strong>Olio per il corpo<\/strong><\/li>\n<\/ul>\n<p>Quando viene massaggiato sulla pelle, penetra facilmente, lasciando una sensazione morbida e vellutata. \u00c8 ideale per prevenire\u00a0<a href=\"https:\/\/www.safinel.fr\/it\/prodotto\/impacco-per-ragadi-anali\/\"><strong>crepe<\/strong><\/a>\u00a0e altri sintomi di\u00a0<strong>pelle secca<\/strong>.<\/p>\n<ul>\n<li><strong>Attivatore dell'abbronzatura<\/strong><\/li>\n<\/ul>\n<p>Grazie all'elevato contenuto di vitamina A, questo prodotto naturale per la cura della pelle favorisce e prolunga l'abbronzatura. Si pu\u00f2 usare come olio solare naturale, ma attenzione, non sostituisce la protezione solare adatta al proprio tipo di pelle.<\/p>\n<h2><strong>Acquista su safinel.fr<\/strong><\/h2>\n<p>Per godere dei benefici di questo olio naturale. \u00c8 essenziale scegliere un\u00a0<strong>olio di qualit\u00e0<\/strong>\u00a0e ottenuto per spremitura a freddo. Su safinel.it troverete una selezione di oli di albicocca di alta qualit\u00e0, ottenuti da\u00a0<strong>prima spremitura a freddo<\/strong>\u00a0per preservare tutte le loro propriet\u00e0.<\/p>\n<h3><strong>Criteri di selezione<\/strong><\/h3>\n<p>Quando scegliete l'olio di albicocca, ecco alcuni elementi da tenere presenti:<\/p>\n<ul>\n<li><strong>Da dove vengono le albicocche<\/strong>\u00a0Scegliete oli prodotti da albicocche coltivate senza pesticidi. Raccolte a piena maturazione per sfruttare appieno i benefici del frutto.<\/li>\n<li><strong>Il metodo di estrazione<\/strong>\u00a0Scegliete l'olio di albicocca ottenuto con una prima spremitura a freddo. Questo garantisce una migliore conservazione dei nutrienti e degli acidi grassi essenziali.<\/li>\n<li><strong>La composizione<\/strong>\u00a0Verificate che l'olio scelto contenga vitamine E, A e omega 6, per beneficiare delle sue propriet\u00e0 nutritive e protettive.<\/li>\n<\/ul>\n<h3><strong>Consigli per massimizzare i benefici dell'olio di albicocca<\/strong><\/h3>\n<p>Per ottenere il massimo dall'olio di albicocca, potete mescolarlo con altri prodotti naturali. <a href=\"https:\/\/www.safinel.fr\/it\/categoria-prodotto\/olio-vegetale\/\"><strong>oli vegetali<\/strong><\/a> con propriet\u00e0 complementari, come\u2019<strong>olio di girasole<\/strong>. Ricca di vitamina E, la vitamina E potenzia l'azione antiossidante dell'olio di albicocca e aiuta a prevenire l'invecchiamento della pelle.<\/p>\n<p>In breve, l'olio di albicocca \u00e8 un prezioso prodotto naturale per la cura della pelle da usare tutti i giorni. Nutriente, ammorbidente e protettivo, \u00e8 una parte essenziale della vostra routine di bellezza.<\/p>\n<p>Visitate safinel.fr per acquistare questo cosmetico di qualit\u00e0 e godere dei suoi numerosi benefici.<\/p>","protected":false},"excerpt":{"rendered":"<p>L\u2019<strong>olio di albicocca<\/strong>\u00a0\u00e8 un olio naturale dai molteplici benefici per la pelle. Estratto da\u00a0<strong>nocciolo di albicocca<\/strong>, Questo olio nutriente e ammorbidente \u00e8 ideale per prendersi cura della pelle quotidianamente.<\/p>\n<p><img decoding=\"async\" class=\"size-full wp-image-5091 aligncenter\" src=\"https:\/\/www.safinel.fr\/wp-content\/uploads\/2021\/06\/BANNIERE-ICONE-SAFINEL.webp\" alt=\"riassicurazione satine\" width=\"800\" height=\"200\" srcset=\"https:\/\/www.safinel.fr\/wp-content\/uploads\/2021\/06\/BANNIERE-ICONE-SAFINEL.webp 800w, https:\/\/www.safinel.fr\/wp-content\/uploads\/2021\/06\/BANNIERE-ICONE-SAFINEL-600x150.webp 600w, https:\/\/www.safinel.fr\/wp-content\/uploads\/2021\/06\/BANNIERE-ICONE-SAFINEL-768x192.webp 768w\" sizes=\"(max-width: 800px) 100vw, 800px\" \/><\/p>","protected":false},"featured_media":6885,"template":"","meta":[],"product_brand":[],"product_cat":[122],"product_tag":[],"class_list":{"0":"post-6884","1":"product","2":"type-product","3":"status-publish","4":"has-post-thumbnail","6":"product_cat-huile-vegetale","8":"first","9":"instock","10":"shipping-taxable","11":"purchasable","12":"product-type-simple"},"yoast_head":"<!-- This site is optimized with the Yoast SEO plugin v26.6 - https:\/\/yoast.com\/wordpress\/plugins\/seo\/ -->\n<title>Huile d&#039;abricot 30ml | Huile naturelle aux multiples vertus<\/title>\n<meta name=\"description\" content=\"L&#039;huile d&#039;abricot\u00a0est une huile naturelle aux multiples vertus pour la peau. Huile nourrissante et adoucissante id\u00e9ale pour prendre soin de votre peau.\" \/>\n<meta name=\"robots\" content=\"index, follow, max-snippet:-1, max-image-preview:large, max-video-preview:-1\" \/>\n<link rel=\"canonical\" href=\"https:\/\/www.safinel.fr\/it\/prodotto\/olio-dabricot\/\" \/>\n<meta property=\"og:locale\" content=\"it_IT\" \/>\n<meta property=\"og:type\" content=\"article\" \/>\n<meta property=\"og:title\" content=\"Huile d&#039;abricot 30ml | Huile naturelle aux multiples vertus\" \/>\n<meta property=\"og:description\" content=\"L&#039;huile d&#039;abricot\u00a0est une huile naturelle aux multiples vertus pour la peau. Huile nourrissante et adoucissante id\u00e9ale pour prendre soin de votre peau.\" \/>\n<meta property=\"og:url\" content=\"https:\/\/www.safinel.fr\/it\/prodotto\/olio-dabricot\/\" \/>\n<meta property=\"og:site_name\" content=\"Safinel\" \/>\n<meta property=\"article:modified_time\" content=\"2023-12-30T11:53:50+00:00\" \/>\n<meta property=\"og:image\" content=\"https:\/\/www.safinel.fr\/wp-content\/uploads\/2023\/07\/huile-dabricot-30ml.jpg\" \/>\n\t<meta property=\"og:image:width\" content=\"600\" \/>\n\t<meta property=\"og:image:height\" content=\"600\" \/>\n\t<meta property=\"og:image:type\" content=\"image\/jpeg\" \/>\n<meta name=\"twitter:card\" content=\"summary_large_image\" \/>\n<meta name=\"twitter:label1\" content=\"Tempo di lettura stimato\" \/>\n\t<meta name=\"twitter:data1\" content=\"3 minuti\" \/>\n<script type=\"application\/ld+json\" class=\"yoast-schema-graph\">{\"@context\":\"https:\/\/schema.org\",\"@graph\":[{\"@type\":\"WebPage\",\"@id\":\"https:\/\/www.safinel.fr\/produit\/huile-dabricot\/\",\"url\":\"https:\/\/www.safinel.fr\/produit\/huile-dabricot\/\",\"name\":\"Huile d'abricot 30ml | Huile naturelle aux multiples vertus\",\"isPartOf\":{\"@id\":\"https:\/\/www.safinel.fr\/#website\"},\"primaryImageOfPage\":{\"@id\":\"https:\/\/www.safinel.fr\/produit\/huile-dabricot\/#primaryimage\"},\"image\":{\"@id\":\"https:\/\/www.safinel.fr\/produit\/huile-dabricot\/#primaryimage\"},\"thumbnailUrl\":\"https:\/\/www.safinel.fr\/wp-content\/uploads\/2023\/07\/huile-dabricot-30ml.jpg\",\"datePublished\":\"2023-07-04T17:28:14+00:00\",\"dateModified\":\"2023-12-30T11:53:50+00:00\",\"description\":\"L'huile d'abricot\u00a0est une huile naturelle aux multiples vertus pour la peau. Huile nourrissante et adoucissante id\u00e9ale pour prendre soin de votre peau.\",\"breadcrumb\":{\"@id\":\"https:\/\/www.safinel.fr\/produit\/huile-dabricot\/#breadcrumb\"},\"inLanguage\":\"it-IT\",\"potentialAction\":[{\"@type\":\"ReadAction\",\"target\":[\"https:\/\/www.safinel.fr\/produit\/huile-dabricot\/\"]}]},{\"@type\":\"ImageObject\",\"inLanguage\":\"it-IT\",\"@id\":\"https:\/\/www.safinel.fr\/produit\/huile-dabricot\/#primaryimage\",\"url\":\"https:\/\/www.safinel.fr\/wp-content\/uploads\/2023\/07\/huile-dabricot-30ml.jpg\",\"contentUrl\":\"https:\/\/www.safinel.fr\/wp-content\/uploads\/2023\/07\/huile-dabricot-30ml.jpg\",\"width\":600,\"height\":600,\"caption\":\"Huile d'abricot\u00a030ml\"},{\"@type\":\"BreadcrumbList\",\"@id\":\"https:\/\/www.safinel.fr\/produit\/huile-dabricot\/#breadcrumb\",\"itemListElement\":[{\"@type\":\"ListItem\",\"position\":1,\"name\":\"Accueil\",\"item\":\"https:\/\/www.safinel.fr\/\"},{\"@type\":\"ListItem\",\"position\":2,\"name\":\"Boutique\",\"item\":\"https:\/\/www.safinel.fr\/boutique\/\"},{\"@type\":\"ListItem\",\"position\":3,\"name\":\"Huile d&#8217;abricot 30ml\"}]},{\"@type\":\"WebSite\",\"@id\":\"https:\/\/www.safinel.fr\/#website\",\"url\":\"https:\/\/www.safinel.fr\/\",\"name\":\"Safinel\",\"description\":\"\",\"publisher\":{\"@id\":\"https:\/\/www.safinel.fr\/#organization\"},\"potentialAction\":[{\"@type\":\"SearchAction\",\"target\":{\"@type\":\"EntryPoint\",\"urlTemplate\":\"https:\/\/www.safinel.fr\/?s={search_term_string}\"},\"query-input\":{\"@type\":\"PropertyValueSpecification\",\"valueRequired\":true,\"valueName\":\"search_term_string\"}}],\"inLanguage\":\"it-IT\"},{\"@type\":\"Organization\",\"@id\":\"https:\/\/www.safinel.fr\/#organization\",\"name\":\"Safinel\",\"url\":\"https:\/\/www.safinel.fr\/\",\"logo\":{\"@type\":\"ImageObject\",\"inLanguage\":\"it-IT\",\"@id\":\"https:\/\/www.safinel.fr\/#\/schema\/logo\/image\/\",\"url\":\"https:\/\/www.safinel.fr\/wp-content\/uploads\/2021\/05\/boutique-cosmetique.png\",\"contentUrl\":\"https:\/\/www.safinel.fr\/wp-content\/uploads\/2021\/05\/boutique-cosmetique.png\",\"width\":800,\"height\":200,\"caption\":\"Safinel\"},\"image\":{\"@id\":\"https:\/\/www.safinel.fr\/#\/schema\/logo\/image\/\"}}]}<\/script>\n<!-- \/ Yoast SEO plugin. -->","yoast_head_json":{"title":"Olio di albicocca 30ml | Olio naturale dalle molteplici virt\u00f9","description":"L'olio di albicocca \u00e8 un olio naturale dai molteplici benefici per la pelle. \u00c8 un olio nutriente e ammorbidente, ideale per la cura della pelle.","robots":{"index":"index","follow":"follow","max-snippet":"max-snippet:-1","max-image-preview":"max-image-preview:large","max-video-preview":"max-video-preview:-1"},"canonical":"https:\/\/www.safinel.fr\/it\/prodotto\/olio-dabricot\/","og_locale":"it_IT","og_type":"article","og_title":"Huile d'abricot 30ml | Huile naturelle aux multiples vertus","og_description":"L'huile d'abricot\u00a0est une huile naturelle aux multiples vertus pour la peau. Huile nourrissante et adoucissante id\u00e9ale pour prendre soin de votre peau.","og_url":"https:\/\/www.safinel.fr\/it\/prodotto\/olio-dabricot\/","og_site_name":"Safinel","article_modified_time":"2023-12-30T11:53:50+00:00","og_image":[{"width":600,"height":600,"url":"https:\/\/www.safinel.fr\/wp-content\/uploads\/2023\/07\/huile-dabricot-30ml.jpg","type":"image\/jpeg"}],"twitter_card":"summary_large_image","twitter_misc":{"Tempo di lettura stimato":"3 minuti"},"schema":{"@context":"https:\/\/schema.org","@graph":[{"@type":"WebPage","@id":"https:\/\/www.safinel.fr\/produit\/huile-dabricot\/","url":"https:\/\/www.safinel.fr\/produit\/huile-dabricot\/","name":"Olio di albicocca 30ml | Olio naturale dalle molteplici virt\u00f9","isPartOf":{"@id":"https:\/\/www.safinel.fr\/#website"},"primaryImageOfPage":{"@id":"https:\/\/www.safinel.fr\/produit\/huile-dabricot\/#primaryimage"},"image":{"@id":"https:\/\/www.safinel.fr\/produit\/huile-dabricot\/#primaryimage"},"thumbnailUrl":"https:\/\/www.safinel.fr\/wp-content\/uploads\/2023\/07\/huile-dabricot-30ml.jpg","datePublished":"2023-07-04T17:28:14+00:00","dateModified":"2023-12-30T11:53:50+00:00","description":"L'olio di albicocca \u00e8 un olio naturale dai molteplici benefici per la pelle. \u00c8 un olio nutriente e ammorbidente, ideale per la cura della pelle.","breadcrumb":{"@id":"https:\/\/www.safinel.fr\/produit\/huile-dabricot\/#breadcrumb"},"inLanguage":"it-IT","potentialAction":[{"@type":"ReadAction","target":["https:\/\/www.safinel.fr\/produit\/huile-dabricot\/"]}]},{"@type":"ImageObject","inLanguage":"it-IT","@id":"https:\/\/www.safinel.fr\/produit\/huile-dabricot\/#primaryimage","url":"https:\/\/www.safinel.fr\/wp-content\/uploads\/2023\/07\/huile-dabricot-30ml.jpg","contentUrl":"https:\/\/www.safinel.fr\/wp-content\/uploads\/2023\/07\/huile-dabricot-30ml.jpg","width":600,"height":600,"caption":"Huile d'abricot\u00a030ml"},{"@type":"BreadcrumbList","@id":"https:\/\/www.safinel.fr\/produit\/huile-dabricot\/#breadcrumb","itemListElement":[{"@type":"ListItem","position":1,"name":"Accueil","item":"https:\/\/www.safinel.fr\/"},{"@type":"ListItem","position":2,"name":"Boutique","item":"https:\/\/www.safinel.fr\/boutique\/"},{"@type":"ListItem","position":3,"name":"Huile d&#8217;abricot 30ml"}]},{"@type":"WebSite","@id":"https:\/\/www.safinel.fr\/#website","url":"https:\/\/www.safinel.fr\/","name":"Safinel","description":"","publisher":{"@id":"https:\/\/www.safinel.fr\/#organization"},"potentialAction":[{"@type":"SearchAction","target":{"@type":"EntryPoint","urlTemplate":"https:\/\/www.safinel.fr\/?s={search_term_string}"},"query-input":{"@type":"PropertyValueSpecification","valueRequired":true,"valueName":"search_term_string"}}],"inLanguage":"it-IT"},{"@type":"Organization","@id":"https:\/\/www.safinel.fr\/#organization","name":"Safinel","url":"https:\/\/www.safinel.fr\/","logo":{"@type":"ImageObject","inLanguage":"it-IT","@id":"https:\/\/www.safinel.fr\/#\/schema\/logo\/image\/","url":"https:\/\/www.safinel.fr\/wp-content\/uploads\/2021\/05\/boutique-cosmetique.png","contentUrl":"https:\/\/www.safinel.fr\/wp-content\/uploads\/2021\/05\/boutique-cosmetique.png","width":800,"height":200,"caption":"Safinel"},"image":{"@id":"https:\/\/www.safinel.fr\/#\/schema\/logo\/image\/"}}]}},"_links":{"self":[{"href":"https:\/\/www.safinel.fr\/it\/wp-json\/wp\/v2\/product\/6884","targetHints":{"allow":["GET"]}}],"collection":[{"href":"https:\/\/www.safinel.fr\/it\/wp-json\/wp\/v2\/product"}],"about":[{"href":"https:\/\/www.safinel.fr\/it\/wp-json\/wp\/v2\/types\/product"}],"wp:featuredmedia":[{"embeddable":true,"href":"https:\/\/www.safinel.fr\/it\/wp-json\/wp\/v2\/media\/6885"}],"wp:attachment":[{"href":"https:\/\/www.safinel.fr\/it\/wp-json\/wp\/v2\/media?parent=6884"}],"wp:term":[{"taxonomy":"product_brand","embeddable":true,"href":"https:\/\/www.safinel.fr\/it\/wp-json\/wp\/v2\/product_brand?post=6884"},{"taxonomy":"product_cat","embeddable":true,"href":"https:\/\/www.safinel.fr\/it\/wp-json\/wp\/v2\/product_cat?post=6884"},{"taxonomy":"product_tag","embeddable":true,"href":"https:\/\/www.safinel.fr\/it\/wp-json\/wp\/v2\/product_tag?post=6884"}],"curies":[{"name":"wp","href":"https:\/\/api.w.org\/{rel}","templated":true}]}}