{"id":6833,"date":"2023-07-01T19:42:17","date_gmt":"2023-07-01T19:42:17","guid":{"rendered":"https:\/\/www.safinel.fr\/?post_type=product&#038;p=6833"},"modified":"2023-12-28T17:16:06","modified_gmt":"2023-12-28T17:16:06","slug":"mandorla-amlou","status":"publish","type":"product","link":"https:\/\/www.safinel.fr\/it\/prodotto\/mandorla-amlou\/","title":{"rendered":"Mandorla amlou 200g"},"content":{"rendered":"<p>Il Marocco \u00e8 rinomato per la sua cucina ricca di sapori e colori. Tra i tesori culinari del Paese c'\u00e8 una pietanza poco conosciuta il cui gusto vi porter\u00e0 in viaggio: l'amlou. Conosciuta anche come amlou marocchino, questa preparazione tradizionale \u00e8 una delizia deliziosa e nutriente.<\/p>\n<h2><strong>Che cos'\u00e8 l'amlou?<\/strong><\/h2>\n<p>Amlou \u00e8 un\u00a0<strong>diffusione di origine marocchina<\/strong>\u00a0a base di mandorle, miele e olio di argan. \u00c8 un prodotto naturale 100% dalla consistenza morbida e dagli aromi squisiti.<\/p>\n<p>Viene spesso servito a colazione o come spuntino nelle famiglie marocchine, dove viene solitamente spalmato su pane o frittelle.<\/p>\n<h2><strong>Gli ingredienti di questa crema spalmabile naturale\u00a0<\/strong><b>Donna marocchina<\/b><\/h2>\n<p>L'Amlou \u00e8 composto da tre ingredienti principali:<\/p>\n<ol>\n<li><strong>Mandorle :<\/strong>\u00a0Ricche di proteine, fibre e vitamina E, le mandorle sono un ottimo alimento per la salute. Aggiungono croccantezza e consistenza all'amlou.<\/li>\n<li><strong><a href=\"https:\/\/www.safinel.fr\/it\/categoria-prodotto\/apicoltura\/\">Il miele<\/a> :<\/strong>\u00a0Naturalmente dolce, il miele aggiunge dolcezza alla preparazione, fornendo al contempo minerali e antiossidanti benefici per l'organismo.<\/li>\n<li><strong>Olio di argan:<\/strong>\u00a0Originario del Marocco, l'olio di argan \u00e8 rinomato per i suoi numerosi benefici per la pelle e i capelli. In cucina, aggiunge un tocco di sapore unico e inimitabile all'amlou.<\/li>\n<\/ol>\n<p>Questi tre ingredienti vengono mescolati insieme per formare una pasta liscia e cremosa.<\/p>\n<h2><strong>I benefici dell'amlou<\/strong><\/h2>\n<p>Oltre a essere deliziosa, questa crema ha numerosi benefici per la salute:<\/p>\n<ul>\n<li><strong>Fonte di energia :<\/strong>\u00a0Grazie alle mandorle, che contengono proteine e lipidi di alta qualit\u00e0. Questa crema spalmabile marocchina \u00e8 un ottimo energetico per iniziare bene la giornata.<\/li>\n<li><strong>Antiossidante :<\/strong>\u00a0Il miele \u00e8 ricco di antiossidanti, che aiutano a combattere i radicali liberi responsabili dell'invecchiamento cellulare e di alcune malattie.<\/li>\n<li><strong>Grassi buoni :<\/strong>\u00a0L'olio di argan contiene acidi grassi insaturi. \u00c8 salutare per il cuore e utile per mantenere buoni livelli di colesterolo.<\/li>\n<li><strong>Saziet\u00e0:<\/strong>\u00a0La combinazione delle fibre contenute nelle mandorle e degli zuccheri naturali del miele offre un effetto di saziet\u00e0 rapido e duraturo, impedendo di cedere alle voglie e agli spuntini.<\/li>\n<\/ul>\n<h2><strong>Come si prepara l'amlou a casa?<\/strong><\/h2>\n<p>Per preparare l'amlou fatto in casa, seguite questa semplice ricetta:<\/p>\n<ol>\n<li>Tostate 250 g di mandorle sgusciate in forno per una decina di minuti a 180\u00b0C. Lasciare raffreddare, quindi frullare finemente per ottenere una polvere.<\/li>\n<li>In una ciotola, mescolare la polvere di mandorle con 100 g di miele e 10 cl di olio di argan. Regolare le quantit\u00e0 in base alle proprie preferenze (pi\u00f9 dolce o pi\u00f9 delicato, pi\u00f9 o meno cremoso).<\/li>\n<li>Frullare fino a ottenere un composto liscio e cremoso. Trasferire in un barattolo ermetico e conservare in un luogo fresco.<\/li>\n<\/ol>\n<p>Si pu\u00f2 gustare l'amlou fatto in casa su pane, pancake o waffle, oppure utilizzarlo in piatti dolci o salati (tajine, torte, ecc.).<\/p>\n<h2><strong>Dove posso acquistare l'amlou marocchino?<\/strong><\/h2>\n<p>Se non avete il tempo di preparare il vostro amlou, o se volete assaggiare l'autentico amlou marocchino prima di fare il grande passo, ci sono negozi specializzati in prodotti marocchini che vendono amlou gi\u00e0 pronto.<\/p>\n<p>Scoprite questa crema naturale e gustosa prima di iniziare a prepararla da soli.<\/p>\n<h3><strong>Criteri di qualit\u00e0 da tenere in considerazione<\/strong><\/h3>\n<p>Per scegliere un buon amlou marocchino, assicuratevi che gli ingredienti utilizzati siano di alta qualit\u00e0:<\/p>\n<ul>\n<li><strong>Mandorle fresche :<\/strong>\u00a0Scegliete un amlou fatto con mandorle appena raccolte e conservate correttamente per garantirne il sapore e la croccantezza.<\/li>\n<li><strong>Miele puro :<\/strong>\u00a0Scegliete un miele non pastorizzato e senza zuccheri aggiunti per sfruttare appieno i suoi benefici e la sua dolcezza naturale.<\/li>\n<li><strong>Olio di argan per uso alimentare:<\/strong>\u00a0Assicuratevi che la vostra crema contenga olio di argan commestibile e non cosmetico. Quest'ultimo \u00e8 meno profumato e pu\u00f2 contenere additivi incompatibili con il consumo alimentare.<\/li>\n<\/ul>\n<p>Seguendo questi consigli, potrete trovare un amlou marocchino di qualit\u00e0 per deliziare il vostro palato e quello dei vostri cari.<\/p>","protected":false},"excerpt":{"rendered":"<p><strong>Ingredienti:\u00a0<\/strong><\/p>\n<ol>\n<li><strong>Mandorle :<\/strong>\u00a0Ricche di proteine, fibre e vitamina E, le mandorle sono un ottimo alimento per la salute. Aggiungono croccantezza e consistenza all'amlou.<\/li>\n<li><strong>Miele:<\/strong>\u00a0Naturalmente dolce, il miele aggiunge dolcezza alla preparazione, fornendo al contempo minerali e antiossidanti benefici per l'organismo.<\/li>\n<li><strong>Olio di argan:<\/strong>\u00a0Originario del Marocco, l'olio di argan \u00e8 rinomato per i suoi numerosi benefici per la pelle e i capelli. In cucina, aggiunge un tocco di sapore unico e inimitabile all'amlou.<\/li>\n<\/ol>\n<p><img decoding=\"async\" class=\"size-full wp-image-5091 aligncenter\" src=\"https:\/\/www.safinel.fr\/wp-content\/uploads\/2021\/06\/BANNIERE-ICONE-SAFINEL.webp\" alt=\"riassicurazione satine\" width=\"800\" height=\"200\" srcset=\"https:\/\/www.safinel.fr\/wp-content\/uploads\/2021\/06\/BANNIERE-ICONE-SAFINEL.webp 800w, https:\/\/www.safinel.fr\/wp-content\/uploads\/2021\/06\/BANNIERE-ICONE-SAFINEL-600x150.webp 600w, https:\/\/www.safinel.fr\/wp-content\/uploads\/2021\/06\/BANNIERE-ICONE-SAFINEL-768x192.webp 768w\" sizes=\"(max-width: 800px) 100vw, 800px\" \/><\/p>","protected":false},"featured_media":6834,"template":"","meta":[],"product_brand":[],"product_cat":[53],"product_tag":[],"class_list":{"0":"post-6833","1":"product","2":"type-product","3":"status-publish","4":"has-post-thumbnail","6":"product_cat-epices-marocaines","8":"first","9":"instock","10":"shipping-taxable","11":"purchasable","12":"product-type-simple"},"yoast_head":"<!-- This site is optimized with the Yoast SEO plugin v26.6 - https:\/\/yoast.com\/wordpress\/plugins\/seo\/ -->\n<title>Amlou aux amandes | P\u00e2te \u00e0 tartiner naturelle marocaine<\/title>\n<meta name=\"description\" content=\"L&#039;amlou est une\u00a0p\u00e2te \u00e0 tartiner d&#039;origine marocaine\u00a0r\u00e9alis\u00e9e principalement \u00e0 base d&#039;amandes, de miel et d&#039;huile d&#039;argan. Adoptez-l\u00e0 !\" \/>\n<meta name=\"robots\" content=\"index, follow, max-snippet:-1, max-image-preview:large, max-video-preview:-1\" \/>\n<link rel=\"canonical\" href=\"https:\/\/www.safinel.fr\/it\/prodotto\/mandorla-amlou\/\" \/>\n<meta property=\"og:locale\" content=\"it_IT\" \/>\n<meta property=\"og:type\" content=\"article\" \/>\n<meta property=\"og:title\" content=\"Amlou aux amandes | P\u00e2te \u00e0 tartiner naturelle marocaine\" \/>\n<meta property=\"og:description\" content=\"L&#039;amlou est une\u00a0p\u00e2te \u00e0 tartiner d&#039;origine marocaine\u00a0r\u00e9alis\u00e9e principalement \u00e0 base d&#039;amandes, de miel et d&#039;huile d&#039;argan. Adoptez-l\u00e0 !\" \/>\n<meta property=\"og:url\" content=\"https:\/\/www.safinel.fr\/it\/prodotto\/mandorla-amlou\/\" \/>\n<meta property=\"og:site_name\" content=\"Safinel\" \/>\n<meta property=\"article:modified_time\" content=\"2023-12-28T17:16:06+00:00\" \/>\n<meta property=\"og:image\" content=\"https:\/\/www.safinel.fr\/wp-content\/uploads\/2023\/07\/amlou-aux-amandes.jpg\" \/>\n\t<meta property=\"og:image:width\" content=\"600\" \/>\n\t<meta property=\"og:image:height\" content=\"600\" \/>\n\t<meta property=\"og:image:type\" content=\"image\/jpeg\" \/>\n<meta name=\"twitter:card\" content=\"summary_large_image\" \/>\n<meta name=\"twitter:label1\" content=\"Tempo di lettura stimato\" \/>\n\t<meta name=\"twitter:data1\" content=\"4 minuti\" \/>\n<script type=\"application\/ld+json\" class=\"yoast-schema-graph\">{\"@context\":\"https:\/\/schema.org\",\"@graph\":[{\"@type\":\"WebPage\",\"@id\":\"https:\/\/www.safinel.fr\/produit\/amlou-aux-amandes\/\",\"url\":\"https:\/\/www.safinel.fr\/produit\/amlou-aux-amandes\/\",\"name\":\"Amlou aux amandes | P\u00e2te \u00e0 tartiner naturelle marocaine\",\"isPartOf\":{\"@id\":\"https:\/\/www.safinel.fr\/#website\"},\"primaryImageOfPage\":{\"@id\":\"https:\/\/www.safinel.fr\/produit\/amlou-aux-amandes\/#primaryimage\"},\"image\":{\"@id\":\"https:\/\/www.safinel.fr\/produit\/amlou-aux-amandes\/#primaryimage\"},\"thumbnailUrl\":\"https:\/\/www.safinel.fr\/wp-content\/uploads\/2023\/07\/amlou-aux-amandes.jpg\",\"datePublished\":\"2023-07-01T19:42:17+00:00\",\"dateModified\":\"2023-12-28T17:16:06+00:00\",\"description\":\"L'amlou est une\u00a0p\u00e2te \u00e0 tartiner d'origine marocaine\u00a0r\u00e9alis\u00e9e principalement \u00e0 base d'amandes, de miel et d'huile d'argan. Adoptez-l\u00e0 !\",\"breadcrumb\":{\"@id\":\"https:\/\/www.safinel.fr\/produit\/amlou-aux-amandes\/#breadcrumb\"},\"inLanguage\":\"it-IT\",\"potentialAction\":[{\"@type\":\"ReadAction\",\"target\":[\"https:\/\/www.safinel.fr\/produit\/amlou-aux-amandes\/\"]}]},{\"@type\":\"ImageObject\",\"inLanguage\":\"it-IT\",\"@id\":\"https:\/\/www.safinel.fr\/produit\/amlou-aux-amandes\/#primaryimage\",\"url\":\"https:\/\/www.safinel.fr\/wp-content\/uploads\/2023\/07\/amlou-aux-amandes.jpg\",\"contentUrl\":\"https:\/\/www.safinel.fr\/wp-content\/uploads\/2023\/07\/amlou-aux-amandes.jpg\",\"width\":600,\"height\":600,\"caption\":\"Amlou aux amandes 200g\"},{\"@type\":\"BreadcrumbList\",\"@id\":\"https:\/\/www.safinel.fr\/produit\/amlou-aux-amandes\/#breadcrumb\",\"itemListElement\":[{\"@type\":\"ListItem\",\"position\":1,\"name\":\"Accueil\",\"item\":\"https:\/\/www.safinel.fr\/\"},{\"@type\":\"ListItem\",\"position\":2,\"name\":\"Boutique\",\"item\":\"https:\/\/www.safinel.fr\/boutique\/\"},{\"@type\":\"ListItem\",\"position\":3,\"name\":\"Amlou aux amandes 200g\"}]},{\"@type\":\"WebSite\",\"@id\":\"https:\/\/www.safinel.fr\/#website\",\"url\":\"https:\/\/www.safinel.fr\/\",\"name\":\"Safinel\",\"description\":\"\",\"publisher\":{\"@id\":\"https:\/\/www.safinel.fr\/#organization\"},\"potentialAction\":[{\"@type\":\"SearchAction\",\"target\":{\"@type\":\"EntryPoint\",\"urlTemplate\":\"https:\/\/www.safinel.fr\/?s={search_term_string}\"},\"query-input\":{\"@type\":\"PropertyValueSpecification\",\"valueRequired\":true,\"valueName\":\"search_term_string\"}}],\"inLanguage\":\"it-IT\"},{\"@type\":\"Organization\",\"@id\":\"https:\/\/www.safinel.fr\/#organization\",\"name\":\"Safinel\",\"url\":\"https:\/\/www.safinel.fr\/\",\"logo\":{\"@type\":\"ImageObject\",\"inLanguage\":\"it-IT\",\"@id\":\"https:\/\/www.safinel.fr\/#\/schema\/logo\/image\/\",\"url\":\"https:\/\/www.safinel.fr\/wp-content\/uploads\/2021\/05\/boutique-cosmetique.png\",\"contentUrl\":\"https:\/\/www.safinel.fr\/wp-content\/uploads\/2021\/05\/boutique-cosmetique.png\",\"width\":800,\"height\":200,\"caption\":\"Safinel\"},\"image\":{\"@id\":\"https:\/\/www.safinel.fr\/#\/schema\/logo\/image\/\"}}]}<\/script>\n<!-- \/ Yoast SEO plugin. -->","yoast_head_json":{"title":"Amlou alle mandorle | Crema spalmabile naturale marocchina","description":"L'amlou \u00e8 una crema marocchina composta principalmente da mandorle, miele e olio di argan. Fatela vostra!","robots":{"index":"index","follow":"follow","max-snippet":"max-snippet:-1","max-image-preview":"max-image-preview:large","max-video-preview":"max-video-preview:-1"},"canonical":"https:\/\/www.safinel.fr\/it\/prodotto\/mandorla-amlou\/","og_locale":"it_IT","og_type":"article","og_title":"Amlou aux amandes | P\u00e2te \u00e0 tartiner naturelle marocaine","og_description":"L'amlou est une\u00a0p\u00e2te \u00e0 tartiner d'origine marocaine\u00a0r\u00e9alis\u00e9e principalement \u00e0 base d'amandes, de miel et d'huile d'argan. Adoptez-l\u00e0 !","og_url":"https:\/\/www.safinel.fr\/it\/prodotto\/mandorla-amlou\/","og_site_name":"Safinel","article_modified_time":"2023-12-28T17:16:06+00:00","og_image":[{"width":600,"height":600,"url":"https:\/\/www.safinel.fr\/wp-content\/uploads\/2023\/07\/amlou-aux-amandes.jpg","type":"image\/jpeg"}],"twitter_card":"summary_large_image","twitter_misc":{"Tempo di lettura stimato":"4 minuti"},"schema":{"@context":"https:\/\/schema.org","@graph":[{"@type":"WebPage","@id":"https:\/\/www.safinel.fr\/produit\/amlou-aux-amandes\/","url":"https:\/\/www.safinel.fr\/produit\/amlou-aux-amandes\/","name":"Amlou alle mandorle | Crema spalmabile naturale marocchina","isPartOf":{"@id":"https:\/\/www.safinel.fr\/#website"},"primaryImageOfPage":{"@id":"https:\/\/www.safinel.fr\/produit\/amlou-aux-amandes\/#primaryimage"},"image":{"@id":"https:\/\/www.safinel.fr\/produit\/amlou-aux-amandes\/#primaryimage"},"thumbnailUrl":"https:\/\/www.safinel.fr\/wp-content\/uploads\/2023\/07\/amlou-aux-amandes.jpg","datePublished":"2023-07-01T19:42:17+00:00","dateModified":"2023-12-28T17:16:06+00:00","description":"L'amlou \u00e8 una crema marocchina composta principalmente da mandorle, miele e olio di argan. Fatela vostra!","breadcrumb":{"@id":"https:\/\/www.safinel.fr\/produit\/amlou-aux-amandes\/#breadcrumb"},"inLanguage":"it-IT","potentialAction":[{"@type":"ReadAction","target":["https:\/\/www.safinel.fr\/produit\/amlou-aux-amandes\/"]}]},{"@type":"ImageObject","inLanguage":"it-IT","@id":"https:\/\/www.safinel.fr\/produit\/amlou-aux-amandes\/#primaryimage","url":"https:\/\/www.safinel.fr\/wp-content\/uploads\/2023\/07\/amlou-aux-amandes.jpg","contentUrl":"https:\/\/www.safinel.fr\/wp-content\/uploads\/2023\/07\/amlou-aux-amandes.jpg","width":600,"height":600,"caption":"Amlou aux amandes 200g"},{"@type":"BreadcrumbList","@id":"https:\/\/www.safinel.fr\/produit\/amlou-aux-amandes\/#breadcrumb","itemListElement":[{"@type":"ListItem","position":1,"name":"Accueil","item":"https:\/\/www.safinel.fr\/"},{"@type":"ListItem","position":2,"name":"Boutique","item":"https:\/\/www.safinel.fr\/boutique\/"},{"@type":"ListItem","position":3,"name":"Amlou aux amandes 200g"}]},{"@type":"WebSite","@id":"https:\/\/www.safinel.fr\/#website","url":"https:\/\/www.safinel.fr\/","name":"Safinel","description":"","publisher":{"@id":"https:\/\/www.safinel.fr\/#organization"},"potentialAction":[{"@type":"SearchAction","target":{"@type":"EntryPoint","urlTemplate":"https:\/\/www.safinel.fr\/?s={search_term_string}"},"query-input":{"@type":"PropertyValueSpecification","valueRequired":true,"valueName":"search_term_string"}}],"inLanguage":"it-IT"},{"@type":"Organization","@id":"https:\/\/www.safinel.fr\/#organization","name":"Safinel","url":"https:\/\/www.safinel.fr\/","logo":{"@type":"ImageObject","inLanguage":"it-IT","@id":"https:\/\/www.safinel.fr\/#\/schema\/logo\/image\/","url":"https:\/\/www.safinel.fr\/wp-content\/uploads\/2021\/05\/boutique-cosmetique.png","contentUrl":"https:\/\/www.safinel.fr\/wp-content\/uploads\/2021\/05\/boutique-cosmetique.png","width":800,"height":200,"caption":"Safinel"},"image":{"@id":"https:\/\/www.safinel.fr\/#\/schema\/logo\/image\/"}}]}},"_links":{"self":[{"href":"https:\/\/www.safinel.fr\/it\/wp-json\/wp\/v2\/product\/6833","targetHints":{"allow":["GET"]}}],"collection":[{"href":"https:\/\/www.safinel.fr\/it\/wp-json\/wp\/v2\/product"}],"about":[{"href":"https:\/\/www.safinel.fr\/it\/wp-json\/wp\/v2\/types\/product"}],"wp:featuredmedia":[{"embeddable":true,"href":"https:\/\/www.safinel.fr\/it\/wp-json\/wp\/v2\/media\/6834"}],"wp:attachment":[{"href":"https:\/\/www.safinel.fr\/it\/wp-json\/wp\/v2\/media?parent=6833"}],"wp:term":[{"taxonomy":"product_brand","embeddable":true,"href":"https:\/\/www.safinel.fr\/it\/wp-json\/wp\/v2\/product_brand?post=6833"},{"taxonomy":"product_cat","embeddable":true,"href":"https:\/\/www.safinel.fr\/it\/wp-json\/wp\/v2\/product_cat?post=6833"},{"taxonomy":"product_tag","embeddable":true,"href":"https:\/\/www.safinel.fr\/it\/wp-json\/wp\/v2\/product_tag?post=6833"}],"curies":[{"name":"wp","href":"https:\/\/api.w.org\/{rel}","templated":true}]}}