{"id":6796,"date":"2023-06-30T09:26:27","date_gmt":"2023-06-30T09:26:27","guid":{"rendered":"https:\/\/www.safinel.fr\/?post_type=product&#038;p=6796"},"modified":"2023-12-28T17:16:06","modified_gmt":"2023-12-28T17:16:06","slug":"polvere-di-maca-per-capelli","status":"publish","type":"product","link":"https:\/\/www.safinel.fr\/it\/prodotto\/polvere-di-maca-per-capelli\/","title":{"rendered":"Maca in polvere per capelli 100g"},"content":{"rendered":"<p>Con un'enorme variet\u00e0 di prodotti per la cura dei capelli disponibili sul mercato, pu\u00f2 essere difficile scegliere quello che \u00e8 meglio per i nostri capelli. Queste opzioni includono,\u00a0<strong>maca in polvere<\/strong>\u00a0\u00e8 un ingrediente naturale che merita tutta la nostra attenzione. Vi sveliamo tutti i segreti di questa incredibile pianta.<\/p>\n<h2><strong>Conoscere l'origine della polvere di maca<\/strong><\/h2>\n<p>Prima di approfondire i suoi benefici per i capelli, sarebbe opportuno capire esattamente di cosa si tratta. La maca \u00e8 una pianta originaria del Per\u00f9, nota per le sue eccezionali propriet\u00e0 nutrizionali. Le sue radici vengono trasformate in polvere per facilitarne il consumo.<\/p>\n<h3><strong>Perch\u00e9 scegliere la polvere?<\/strong><\/h3>\n<p>La forma in polvere della maca consente un assorbimento pi\u00f9 rapido ed efficace da parte dell'organismo, ottimizzandone gli effetti. Pu\u00f2 essere facilmente incorporata in diversi tipi di ricette o utilizzata come integratore alimentare.<\/p>\n<h2><strong>In che modo la polvere di maca favorisce la salute dei capelli?<\/strong><\/h2>\n<p>Ora che sappiamo cos'\u00e8 la polvere di maca, diamo un'occhiata pi\u00f9 da vicino al suo impatto sulla salute dei nostri capelli. La crescita dei capelli non \u00e8 influenzata solo da fattori esterni, ma anche dal nostro stato di salute interno.<\/p>\n<p>Poich\u00e9 la polvere di maca contiene nutrienti essenziali che migliorano la nostra salute generale, promuove inevitabilmente una crescita dei capelli pi\u00f9 forte e sana.<\/p>\n<ul>\n<li><strong>Stimolazione del follicolo pilifero<\/strong><\/li>\n<\/ul>\n<p>Uno dei principali benefici della polvere di maca per i capelli \u00e8 la sua capacit\u00e0 di stimolare i follicoli piliferi. Aiuta a nutrire e rafforzare i follicoli piliferi, contribuendo alla crescita di capelli sani e folti.<\/p>\n<ul>\n<li><strong>Prevenzione della caduta dei capelli<\/strong><\/li>\n<\/ul>\n<p>La polvere di maca pu\u00f2 anche aiutare a prevenire la caduta dei capelli. Grazie ai suoi ingredienti ricchi di vitamine e minerali, aumenta la resistenza del cuoio capelluto e riduce i danni causati dagli agenti ambientali nocivi.<\/p>\n<h2><strong>Utilizzare la polvere di maca per i capelli<\/strong><\/h2>\n<p>Ci sono molti modi diversi per incorporare questa polvere per capelli nella vostra routine di cura dei capelli. Ecco alcuni dei modi pi\u00f9 comuni:<\/p>\n<ul>\n<li><strong>Come ingrediente degli shampoo<\/strong>\u00a0Si pu\u00f2 semplicemente aggiungere una piccola quantit\u00e0 di polvere al proprio <a href=\"https:\/\/www.safinel.fr\/it\/prodotto\/shampoo-chebe\/\"><strong>shampoo<\/strong><\/a> per potenziarne le propriet\u00e0 benefiche.<\/li>\n<li><strong>Sotto forma di maschera per capelli<\/strong>\u00a0Mescolare questa polvere naturale con acqua per formare una pasta e applicarla direttamente sul cuoio capelluto. Lasciare agire per 20 minuti prima di risciacquare.<\/li>\n<\/ul>\n<h3><strong>Tenere conto delle raccomandazioni<\/strong><\/h3>\n<p>Va notato che nonostante tutti i benefici della polvere di maca per i capelli. Ognuno reagisce in modo diverso agli ingredienti naturali.<\/p>\n<p>Pertanto, \u00e8 sempre consigliabile effettuare un test cutaneo prima di applicare un nuovo prodotto sul cuoio capelluto. Inoltre, se si stanno assumendo farmaci o si hanno problemi di salute di base, \u00e8 meglio consultare un professionista della salute prima di incorporare la polvere per capelli nella dieta o nella routine di cura dei capelli.<\/p>\n<h3><strong>Riassunto dei benefici della polvere di maca per i capelli<\/strong><\/h3>\n<p>In breve, \u00e8 un ingrediente naturale che offre numerosi benefici per la salute dei capelli. Non solo stimola i follicoli piliferi, ma previene anche la caduta dei capelli, conferendo loro una lucentezza naturale e una morbidezza incomparabile.<\/p>\n<p>Allora perch\u00e9 non provare la polvere di maca per dare ai capelli la spinta di cui hanno bisogno?<\/p>","protected":false},"excerpt":{"rendered":"<p><img decoding=\"async\" class=\"size-full wp-image-5091 aligncenter\" src=\"https:\/\/www.safinel.fr\/wp-content\/uploads\/2021\/06\/BANNIERE-ICONE-SAFINEL.webp\" alt=\"riassicurazione satine\" width=\"800\" height=\"200\" srcset=\"https:\/\/www.safinel.fr\/wp-content\/uploads\/2021\/06\/BANNIERE-ICONE-SAFINEL.webp 800w, https:\/\/www.safinel.fr\/wp-content\/uploads\/2021\/06\/BANNIERE-ICONE-SAFINEL-600x150.webp 600w, https:\/\/www.safinel.fr\/wp-content\/uploads\/2021\/06\/BANNIERE-ICONE-SAFINEL-768x192.webp 768w\" sizes=\"(max-width: 800px) 100vw, 800px\" \/><\/p>","protected":false},"featured_media":6797,"template":"","meta":[],"product_brand":[],"product_cat":[146,110],"product_tag":[],"class_list":{"0":"post-6796","1":"product","2":"type-product","3":"status-publish","4":"has-post-thumbnail","6":"product_cat-produit-cheveux","7":"product_cat-poudre-cheveux-ayurvedique","9":"first","10":"outofstock","11":"shipping-taxable","12":"purchasable","13":"product-type-simple"},"yoast_head":"<!-- This site is optimized with the Yoast SEO plugin v26.6 - https:\/\/yoast.com\/wordpress\/plugins\/seo\/ -->\n<title>Poudre de maca cheveux | Bienfaits nombreux | 100% naturelle<\/title>\n<meta name=\"description\" content=\"La poudre de maca cheveux\u00a0est un ingr\u00e9dient naturel qui m\u00e9rite toute notre attention. Adoptez-l\u00e0 sans plus attendre chez Safinel.fr !\" \/>\n<meta name=\"robots\" content=\"index, follow, max-snippet:-1, max-image-preview:large, max-video-preview:-1\" \/>\n<link rel=\"canonical\" href=\"https:\/\/www.safinel.fr\/it\/prodotto\/polvere-di-maca-per-capelli\/\" \/>\n<meta property=\"og:locale\" content=\"it_IT\" \/>\n<meta property=\"og:type\" content=\"article\" \/>\n<meta property=\"og:title\" content=\"Poudre de maca cheveux | Bienfaits nombreux | 100% naturelle\" \/>\n<meta property=\"og:description\" content=\"La poudre de maca cheveux\u00a0est un ingr\u00e9dient naturel qui m\u00e9rite toute notre attention. Adoptez-l\u00e0 sans plus attendre chez Safinel.fr !\" \/>\n<meta property=\"og:url\" content=\"https:\/\/www.safinel.fr\/it\/prodotto\/polvere-di-maca-per-capelli\/\" \/>\n<meta property=\"og:site_name\" content=\"Safinel\" \/>\n<meta property=\"article:modified_time\" content=\"2023-12-28T17:16:06+00:00\" \/>\n<meta property=\"og:image\" content=\"https:\/\/www.safinel.fr\/wp-content\/uploads\/2023\/06\/poudre-de-maca-cheveux.jpg\" \/>\n\t<meta property=\"og:image:width\" content=\"600\" \/>\n\t<meta property=\"og:image:height\" content=\"600\" \/>\n\t<meta property=\"og:image:type\" content=\"image\/jpeg\" \/>\n<meta name=\"twitter:card\" content=\"summary_large_image\" \/>\n<meta name=\"twitter:label1\" content=\"Tempo di lettura stimato\" \/>\n\t<meta name=\"twitter:data1\" content=\"3 minuti\" \/>\n<script type=\"application\/ld+json\" class=\"yoast-schema-graph\">{\"@context\":\"https:\/\/schema.org\",\"@graph\":[{\"@type\":\"WebPage\",\"@id\":\"https:\/\/www.safinel.fr\/produit\/poudre-de-maca-cheveux\/\",\"url\":\"https:\/\/www.safinel.fr\/produit\/poudre-de-maca-cheveux\/\",\"name\":\"Poudre de maca cheveux | Bienfaits nombreux | 100% naturelle\",\"isPartOf\":{\"@id\":\"https:\/\/www.safinel.fr\/#website\"},\"primaryImageOfPage\":{\"@id\":\"https:\/\/www.safinel.fr\/produit\/poudre-de-maca-cheveux\/#primaryimage\"},\"image\":{\"@id\":\"https:\/\/www.safinel.fr\/produit\/poudre-de-maca-cheveux\/#primaryimage\"},\"thumbnailUrl\":\"https:\/\/www.safinel.fr\/wp-content\/uploads\/2023\/06\/poudre-de-maca-cheveux.jpg\",\"datePublished\":\"2023-06-30T09:26:27+00:00\",\"dateModified\":\"2023-12-28T17:16:06+00:00\",\"description\":\"La poudre de maca cheveux\u00a0est un ingr\u00e9dient naturel qui m\u00e9rite toute notre attention. Adoptez-l\u00e0 sans plus attendre chez Safinel.fr !\",\"breadcrumb\":{\"@id\":\"https:\/\/www.safinel.fr\/produit\/poudre-de-maca-cheveux\/#breadcrumb\"},\"inLanguage\":\"it-IT\",\"potentialAction\":[{\"@type\":\"ReadAction\",\"target\":[\"https:\/\/www.safinel.fr\/produit\/poudre-de-maca-cheveux\/\"]}]},{\"@type\":\"ImageObject\",\"inLanguage\":\"it-IT\",\"@id\":\"https:\/\/www.safinel.fr\/produit\/poudre-de-maca-cheveux\/#primaryimage\",\"url\":\"https:\/\/www.safinel.fr\/wp-content\/uploads\/2023\/06\/poudre-de-maca-cheveux.jpg\",\"contentUrl\":\"https:\/\/www.safinel.fr\/wp-content\/uploads\/2023\/06\/poudre-de-maca-cheveux.jpg\",\"width\":600,\"height\":600,\"caption\":\"poudre de maca cheveux\"},{\"@type\":\"BreadcrumbList\",\"@id\":\"https:\/\/www.safinel.fr\/produit\/poudre-de-maca-cheveux\/#breadcrumb\",\"itemListElement\":[{\"@type\":\"ListItem\",\"position\":1,\"name\":\"Accueil\",\"item\":\"https:\/\/www.safinel.fr\/\"},{\"@type\":\"ListItem\",\"position\":2,\"name\":\"Boutique\",\"item\":\"https:\/\/www.safinel.fr\/boutique\/\"},{\"@type\":\"ListItem\",\"position\":3,\"name\":\"Poudre de maca cheveux 100g\"}]},{\"@type\":\"WebSite\",\"@id\":\"https:\/\/www.safinel.fr\/#website\",\"url\":\"https:\/\/www.safinel.fr\/\",\"name\":\"Safinel\",\"description\":\"\",\"publisher\":{\"@id\":\"https:\/\/www.safinel.fr\/#organization\"},\"potentialAction\":[{\"@type\":\"SearchAction\",\"target\":{\"@type\":\"EntryPoint\",\"urlTemplate\":\"https:\/\/www.safinel.fr\/?s={search_term_string}\"},\"query-input\":{\"@type\":\"PropertyValueSpecification\",\"valueRequired\":true,\"valueName\":\"search_term_string\"}}],\"inLanguage\":\"it-IT\"},{\"@type\":\"Organization\",\"@id\":\"https:\/\/www.safinel.fr\/#organization\",\"name\":\"Safinel\",\"url\":\"https:\/\/www.safinel.fr\/\",\"logo\":{\"@type\":\"ImageObject\",\"inLanguage\":\"it-IT\",\"@id\":\"https:\/\/www.safinel.fr\/#\/schema\/logo\/image\/\",\"url\":\"https:\/\/www.safinel.fr\/wp-content\/uploads\/2021\/05\/boutique-cosmetique.png\",\"contentUrl\":\"https:\/\/www.safinel.fr\/wp-content\/uploads\/2021\/05\/boutique-cosmetique.png\",\"width\":800,\"height\":200,\"caption\":\"Safinel\"},\"image\":{\"@id\":\"https:\/\/www.safinel.fr\/#\/schema\/logo\/image\/\"}}]}<\/script>\n<!-- \/ Yoast SEO plugin. -->","yoast_head_json":{"title":"Polvere di Maca per capelli | Numerosi benefici | 100% naturelle","description":"La polvere di maca per capelli \u00e8 un ingrediente naturale che merita tutta la nostra attenzione. Non aspettate oltre per provarla su Safinel.it!","robots":{"index":"index","follow":"follow","max-snippet":"max-snippet:-1","max-image-preview":"max-image-preview:large","max-video-preview":"max-video-preview:-1"},"canonical":"https:\/\/www.safinel.fr\/it\/prodotto\/polvere-di-maca-per-capelli\/","og_locale":"it_IT","og_type":"article","og_title":"Poudre de maca cheveux | Bienfaits nombreux | 100% naturelle","og_description":"La poudre de maca cheveux\u00a0est un ingr\u00e9dient naturel qui m\u00e9rite toute notre attention. Adoptez-l\u00e0 sans plus attendre chez Safinel.fr !","og_url":"https:\/\/www.safinel.fr\/it\/prodotto\/polvere-di-maca-per-capelli\/","og_site_name":"Safinel","article_modified_time":"2023-12-28T17:16:06+00:00","og_image":[{"width":600,"height":600,"url":"https:\/\/www.safinel.fr\/wp-content\/uploads\/2023\/06\/poudre-de-maca-cheveux.jpg","type":"image\/jpeg"}],"twitter_card":"summary_large_image","twitter_misc":{"Tempo di lettura stimato":"3 minuti"},"schema":{"@context":"https:\/\/schema.org","@graph":[{"@type":"WebPage","@id":"https:\/\/www.safinel.fr\/produit\/poudre-de-maca-cheveux\/","url":"https:\/\/www.safinel.fr\/produit\/poudre-de-maca-cheveux\/","name":"Polvere di Maca per capelli | Numerosi benefici | 100% naturelle","isPartOf":{"@id":"https:\/\/www.safinel.fr\/#website"},"primaryImageOfPage":{"@id":"https:\/\/www.safinel.fr\/produit\/poudre-de-maca-cheveux\/#primaryimage"},"image":{"@id":"https:\/\/www.safinel.fr\/produit\/poudre-de-maca-cheveux\/#primaryimage"},"thumbnailUrl":"https:\/\/www.safinel.fr\/wp-content\/uploads\/2023\/06\/poudre-de-maca-cheveux.jpg","datePublished":"2023-06-30T09:26:27+00:00","dateModified":"2023-12-28T17:16:06+00:00","description":"La polvere di maca per capelli \u00e8 un ingrediente naturale che merita tutta la nostra attenzione. Non aspettate oltre per provarla su Safinel.it!","breadcrumb":{"@id":"https:\/\/www.safinel.fr\/produit\/poudre-de-maca-cheveux\/#breadcrumb"},"inLanguage":"it-IT","potentialAction":[{"@type":"ReadAction","target":["https:\/\/www.safinel.fr\/produit\/poudre-de-maca-cheveux\/"]}]},{"@type":"ImageObject","inLanguage":"it-IT","@id":"https:\/\/www.safinel.fr\/produit\/poudre-de-maca-cheveux\/#primaryimage","url":"https:\/\/www.safinel.fr\/wp-content\/uploads\/2023\/06\/poudre-de-maca-cheveux.jpg","contentUrl":"https:\/\/www.safinel.fr\/wp-content\/uploads\/2023\/06\/poudre-de-maca-cheveux.jpg","width":600,"height":600,"caption":"poudre de maca cheveux"},{"@type":"BreadcrumbList","@id":"https:\/\/www.safinel.fr\/produit\/poudre-de-maca-cheveux\/#breadcrumb","itemListElement":[{"@type":"ListItem","position":1,"name":"Accueil","item":"https:\/\/www.safinel.fr\/"},{"@type":"ListItem","position":2,"name":"Boutique","item":"https:\/\/www.safinel.fr\/boutique\/"},{"@type":"ListItem","position":3,"name":"Poudre de maca cheveux 100g"}]},{"@type":"WebSite","@id":"https:\/\/www.safinel.fr\/#website","url":"https:\/\/www.safinel.fr\/","name":"Safinel","description":"","publisher":{"@id":"https:\/\/www.safinel.fr\/#organization"},"potentialAction":[{"@type":"SearchAction","target":{"@type":"EntryPoint","urlTemplate":"https:\/\/www.safinel.fr\/?s={search_term_string}"},"query-input":{"@type":"PropertyValueSpecification","valueRequired":true,"valueName":"search_term_string"}}],"inLanguage":"it-IT"},{"@type":"Organization","@id":"https:\/\/www.safinel.fr\/#organization","name":"Safinel","url":"https:\/\/www.safinel.fr\/","logo":{"@type":"ImageObject","inLanguage":"it-IT","@id":"https:\/\/www.safinel.fr\/#\/schema\/logo\/image\/","url":"https:\/\/www.safinel.fr\/wp-content\/uploads\/2021\/05\/boutique-cosmetique.png","contentUrl":"https:\/\/www.safinel.fr\/wp-content\/uploads\/2021\/05\/boutique-cosmetique.png","width":800,"height":200,"caption":"Safinel"},"image":{"@id":"https:\/\/www.safinel.fr\/#\/schema\/logo\/image\/"}}]}},"_links":{"self":[{"href":"https:\/\/www.safinel.fr\/it\/wp-json\/wp\/v2\/product\/6796","targetHints":{"allow":["GET"]}}],"collection":[{"href":"https:\/\/www.safinel.fr\/it\/wp-json\/wp\/v2\/product"}],"about":[{"href":"https:\/\/www.safinel.fr\/it\/wp-json\/wp\/v2\/types\/product"}],"wp:featuredmedia":[{"embeddable":true,"href":"https:\/\/www.safinel.fr\/it\/wp-json\/wp\/v2\/media\/6797"}],"wp:attachment":[{"href":"https:\/\/www.safinel.fr\/it\/wp-json\/wp\/v2\/media?parent=6796"}],"wp:term":[{"taxonomy":"product_brand","embeddable":true,"href":"https:\/\/www.safinel.fr\/it\/wp-json\/wp\/v2\/product_brand?post=6796"},{"taxonomy":"product_cat","embeddable":true,"href":"https:\/\/www.safinel.fr\/it\/wp-json\/wp\/v2\/product_cat?post=6796"},{"taxonomy":"product_tag","embeddable":true,"href":"https:\/\/www.safinel.fr\/it\/wp-json\/wp\/v2\/product_tag?post=6796"}],"curies":[{"name":"wp","href":"https:\/\/api.w.org\/{rel}","templated":true}]}}