{"id":6701,"date":"2023-06-25T17:53:29","date_gmt":"2023-06-25T17:53:29","guid":{"rendered":"https:\/\/www.safinel.fr\/?post_type=product&#038;p=6701"},"modified":"2023-12-30T11:55:02","modified_gmt":"2023-12-30T11:55:02","slug":"tisana-per-mestruazioni-dolorose","status":"publish","type":"product","link":"https:\/\/www.safinel.fr\/it\/prodotto\/tisana-per-mestruazioni-dolorose\/","title":{"rendered":"Tisana per le mestruazioni dolorose 100g"},"content":{"rendered":"<p>Le mestruazioni dolorose, note anche come dismenorrea, sono un problema ricorrente per molte donne. Se siete tra le donne che soffrono durante questo periodo, c'\u00e8 una soluzione naturale: le tisane per il ciclo doloroso. Qui vi spieghiamo i benefici di queste tisane e come acquistarle nel negozio online Safinel.it.<\/p>\n<h2><strong>Che cos'\u00e8 la dismenorrea e quali sono i suoi sintomi?<\/strong><\/h2>\n<p>Dismenorrea \u00e8 il termine medico utilizzato per descrivere il dolore provato durante le mestruazioni. Questo dolore pu\u00f2 essere cos\u00ec intenso che alcune donne sono temporaneamente incapaci di svolgere le loro attivit\u00e0 quotidiane.<\/p>\n<p><strong>I sintomi pi\u00f9 comuni includono<\/strong><\/p>\n<ul>\n<li>Crampi al basso ventre e\/o alla schiena,<\/li>\n<li>Nausea,<\/li>\n<li>Stanchezza,<\/li>\n<li>Mal di testa,<\/li>\n<li>Aumento della sensibilit\u00e0 del seno,<\/li>\n<li>Irritabilit\u00e0 o sbalzi d'umore.<\/li>\n<\/ul>\n<h2><strong>Tisane per il ciclo mestruale: un'alternativa naturale<\/strong><\/h2>\n<p>Di fronte ai dolori mestruali, si pu\u00f2 essere tentati di ricorrere agli antidolorifici disponibili in farmacia. Tuttavia, queste soluzioni possono talvolta avere effetti collaterali indesiderati. Ecco perch\u00e9 vale la pena di cercare alternative naturali, come le tisane per il ciclo mestruale.<\/p>\n<h3><strong>Le piante utilizzate in queste tisane<\/strong><\/h3>\n<p>Diverse piante sono note per le loro propriet\u00e0 lenitive e antinfiammatorie, ideali per alleviare i dolori mestruali:<\/p>\n<ul>\n<li><strong>Camomilla<\/strong>\u00a0Questa pianta ha propriet\u00e0 antispasmodiche e calmanti che aiutano a ridurre i crampi,<\/li>\n<li><a href=\"https:\/\/www.safinel.fr\/it\/prodotto\/achillea\/\"><strong>Achillea<\/strong><\/a>\u00a0Ha propriet\u00e0 antinfiammatorie e analgesiche che riducono il dolore,<\/li>\n<li><strong>Zenzero<\/strong>\u00a0Grazie alle sue propriet\u00e0 antinfiammatorie, aiuta a lenire il dolore e a ridurre la nausea,<\/li>\n<li><strong>Verbena<\/strong>\u00a0\u00c8 noto che rilassa i muscoli e allevia gli spasmi.<\/li>\n<\/ul>\n<p>Se si bevono regolarmente queste tisane, si noter\u00e0 un netto miglioramento dei dolori mestruali. Inoltre, queste piante hanno altri benefici generali per la salute, che ne rendono ancora pi\u00f9 interessante il consumo.<\/p>\n<h2><strong>Acquista la tisana per il ciclo mestruale su Safinel.it<\/strong><\/h2>\n<p>Per sfruttare appieno i benefici delle tisane per il ciclo mestruale, \u00e8 importante scegliere prodotti naturali e di alta qualit\u00e0. Il negozio online Safinel.fr risponde a questi criteri, per cui potete acquistare la vostra tisana per il ciclo doloroso in tutta tranquillit\u00e0.<\/p>\n<ul>\n<li><strong>Un'ampia scelta di tisane<\/strong><\/li>\n<\/ul>\n<p>Safinel.it offre un'ampia gamma di tisane per il ciclo doloroso, in modo che ognuno possa trovare quella pi\u00f9 adatta a s\u00e9. Potrete scoprire diverse composizioni, tra cui zenzero, camomilla e achillea. Tutte queste tisane sono realizzate con ingredienti naturali, accuratamente selezionati per le loro propriet\u00e0 lenitive.<\/p>\n<ul>\n<li><strong>Qualit\u00e0 garantita<\/strong><\/li>\n<\/ul>\n<p>Acquistando la vostra tisana per i periodi dolorosi su Safinel.fr, avrete la garanzia di un prodotto di qualit\u00e0. Le piante utilizzate nelle composizioni sono coltivate biologicamente e rispettano le norme vigenti. Inoltre, Safinel.it si impegna a non utilizzare sostanze chimiche, conservanti o coloranti artificiali nelle sue tisane, per preservare il pi\u00f9 possibile i benefici delle piante.<\/p>\n<ul>\n<li><strong>Consegna rapida e sicura<\/strong><\/li>\n<\/ul>\n<p>Ordinare la tisana per i periodi dolorosi su Safinel.it significa anche avere una consegna rapida e sicura. Il sito offre diverse modalit\u00e0 di consegna, a seconda delle esigenze e della posizione geografica. Cos\u00ec potrete farvi consegnare la tisana direttamente a casa vostra, in tutta tranquillit\u00e0.<\/p>\n<h2><strong>Come preparare e consumare una tisana per il ciclo mestruale?<\/strong><\/h2>\n<p>Per sfruttare appieno i benefici della tisana per il ciclo doloroso, \u00e8 essenziale prepararla correttamente.<\/p>\n<p><strong>Ecco alcuni suggerimenti:<\/strong><\/p>\n<ol>\n<li>Fate bollire una quantit\u00e0 d'acqua adatta alle dimensioni della vostra tazza o teiera,<\/li>\n<li>Aggiungere quindi le erbe essiccate della tisana (circa 1 cucchiaio per tazza),<\/li>\n<li>Lasciare in infusione per 5-10 minuti, a seconda dell'intensit\u00e0 desiderata,<\/li>\n<li>Filtrate le piante e gustate la vostra tisana senza aggiungere zucchero, per non alterare i benefici delle piante.<\/li>\n<\/ol>\n<p>Si consiglia di bere da 2 a 3 tazze al giorno dall'inizio dei sintomi fino alla fine delle mestruazioni. \u00c8 possibile bere queste tisane anche come misura preventiva, qualche giorno prima dell'inizio delle mestruazioni.<\/p>\n<h3><strong>In conclusione<\/strong><\/h3>\n<p>Le tisane per il ciclo doloroso sono una soluzione naturale ed efficace per alleviare i dolori mestruali. Grazie a Safinel.it, \u00e8 possibile acquistare tisane di qualit\u00e0 in tutta sicurezza e beneficiare di una consegna rapida e sicura. Non aspettate oltre per scoprire i benefici di queste tisane e migliorare il vostro comfort durante questo periodo spesso difficile.<\/p>","protected":false},"excerpt":{"rendered":"<p><strong>Usi :<\/strong><\/p>\n<ol>\n<li>Fate bollire una quantit\u00e0 d'acqua adatta alle dimensioni della vostra tazza o teiera,<\/li>\n<li>Aggiungere quindi le erbe essiccate della tisana (circa 1 cucchiaio per tazza),<\/li>\n<li>Lasciare in infusione per 5-10 minuti, a seconda dell'intensit\u00e0 desiderata,<\/li>\n<li>Filtrate le piante e gustate la vostra tisana senza aggiungere zucchero, per non alterare i benefici delle piante.<\/li>\n<\/ol>\n<p><img decoding=\"async\" class=\"size-full wp-image-5091 aligncenter\" src=\"https:\/\/www.safinel.fr\/wp-content\/uploads\/2021\/06\/BANNIERE-ICONE-SAFINEL.webp\" alt=\"riassicurazione satine\" width=\"800\" height=\"200\" srcset=\"https:\/\/www.safinel.fr\/wp-content\/uploads\/2021\/06\/BANNIERE-ICONE-SAFINEL.webp 800w, https:\/\/www.safinel.fr\/wp-content\/uploads\/2021\/06\/BANNIERE-ICONE-SAFINEL-600x150.webp 600w, https:\/\/www.safinel.fr\/wp-content\/uploads\/2021\/06\/BANNIERE-ICONE-SAFINEL-768x192.webp 768w\" sizes=\"(max-width: 800px) 100vw, 800px\" \/><\/p>","protected":false},"featured_media":6702,"template":"","meta":[],"product_brand":[],"product_cat":[23,19],"product_tag":[],"class_list":{"0":"post-6701","1":"product","2":"type-product","3":"status-publish","4":"has-post-thumbnail","6":"product_cat-hygiene-feminine","7":"product_cat-thes-tisanes","9":"first","10":"instock","11":"shipping-taxable","12":"purchasable","13":"product-type-simple"},"yoast_head":"<!-- This site is optimized with the Yoast SEO plugin v26.6 - https:\/\/yoast.com\/wordpress\/plugins\/seo\/ -->\n<title>Tisane r\u00e8gles douloureuses | Infusion contre les douleurs de r\u00e8gles<\/title>\n<meta name=\"description\" content=\"Les r\u00e8gles douloureuses, \u00e9galement appel\u00e9es dysm\u00e9norrh\u00e9e, sont un probl\u00e8me r\u00e9current chez de nombreuses femmes. D\u00e9couvrez notre tisane r\u00e8gles douloureuses.\" \/>\n<meta name=\"robots\" content=\"index, follow, max-snippet:-1, max-image-preview:large, max-video-preview:-1\" \/>\n<link rel=\"canonical\" href=\"https:\/\/www.safinel.fr\/it\/prodotto\/tisana-per-mestruazioni-dolorose\/\" \/>\n<meta property=\"og:locale\" content=\"it_IT\" \/>\n<meta property=\"og:type\" content=\"article\" \/>\n<meta property=\"og:title\" content=\"Tisane r\u00e8gles douloureuses | Infusion contre les douleurs de r\u00e8gles\" \/>\n<meta property=\"og:description\" content=\"Les r\u00e8gles douloureuses, \u00e9galement appel\u00e9es dysm\u00e9norrh\u00e9e, sont un probl\u00e8me r\u00e9current chez de nombreuses femmes. D\u00e9couvrez notre tisane r\u00e8gles douloureuses.\" \/>\n<meta property=\"og:url\" content=\"https:\/\/www.safinel.fr\/it\/prodotto\/tisana-per-mestruazioni-dolorose\/\" \/>\n<meta property=\"og:site_name\" content=\"Safinel\" \/>\n<meta property=\"article:modified_time\" content=\"2023-12-30T11:55:02+00:00\" \/>\n<meta property=\"og:image\" content=\"https:\/\/www.safinel.fr\/wp-content\/uploads\/2023\/06\/tisane-regles-douloureuses.jpg\" \/>\n\t<meta property=\"og:image:width\" content=\"600\" \/>\n\t<meta property=\"og:image:height\" content=\"600\" \/>\n\t<meta property=\"og:image:type\" content=\"image\/jpeg\" \/>\n<meta name=\"twitter:card\" content=\"summary_large_image\" \/>\n<meta name=\"twitter:label1\" content=\"Tempo di lettura stimato\" \/>\n\t<meta name=\"twitter:data1\" content=\"4 minuti\" \/>\n<script type=\"application\/ld+json\" class=\"yoast-schema-graph\">{\"@context\":\"https:\/\/schema.org\",\"@graph\":[{\"@type\":\"WebPage\",\"@id\":\"https:\/\/www.safinel.fr\/produit\/tisane-regles-douloureuses\/\",\"url\":\"https:\/\/www.safinel.fr\/produit\/tisane-regles-douloureuses\/\",\"name\":\"Tisane r\u00e8gles douloureuses | Infusion contre les douleurs de r\u00e8gles\",\"isPartOf\":{\"@id\":\"https:\/\/www.safinel.fr\/#website\"},\"primaryImageOfPage\":{\"@id\":\"https:\/\/www.safinel.fr\/produit\/tisane-regles-douloureuses\/#primaryimage\"},\"image\":{\"@id\":\"https:\/\/www.safinel.fr\/produit\/tisane-regles-douloureuses\/#primaryimage\"},\"thumbnailUrl\":\"https:\/\/www.safinel.fr\/wp-content\/uploads\/2023\/06\/tisane-regles-douloureuses.jpg\",\"datePublished\":\"2023-06-25T17:53:29+00:00\",\"dateModified\":\"2023-12-30T11:55:02+00:00\",\"description\":\"Les r\u00e8gles douloureuses, \u00e9galement appel\u00e9es dysm\u00e9norrh\u00e9e, sont un probl\u00e8me r\u00e9current chez de nombreuses femmes. D\u00e9couvrez notre tisane r\u00e8gles douloureuses.\",\"breadcrumb\":{\"@id\":\"https:\/\/www.safinel.fr\/produit\/tisane-regles-douloureuses\/#breadcrumb\"},\"inLanguage\":\"it-IT\",\"potentialAction\":[{\"@type\":\"ReadAction\",\"target\":[\"https:\/\/www.safinel.fr\/produit\/tisane-regles-douloureuses\/\"]}]},{\"@type\":\"ImageObject\",\"inLanguage\":\"it-IT\",\"@id\":\"https:\/\/www.safinel.fr\/produit\/tisane-regles-douloureuses\/#primaryimage\",\"url\":\"https:\/\/www.safinel.fr\/wp-content\/uploads\/2023\/06\/tisane-regles-douloureuses.jpg\",\"contentUrl\":\"https:\/\/www.safinel.fr\/wp-content\/uploads\/2023\/06\/tisane-regles-douloureuses.jpg\",\"width\":600,\"height\":600,\"caption\":\"Tisane r\u00e8gles douloureuses 100g\"},{\"@type\":\"BreadcrumbList\",\"@id\":\"https:\/\/www.safinel.fr\/produit\/tisane-regles-douloureuses\/#breadcrumb\",\"itemListElement\":[{\"@type\":\"ListItem\",\"position\":1,\"name\":\"Accueil\",\"item\":\"https:\/\/www.safinel.fr\/\"},{\"@type\":\"ListItem\",\"position\":2,\"name\":\"Boutique\",\"item\":\"https:\/\/www.safinel.fr\/boutique\/\"},{\"@type\":\"ListItem\",\"position\":3,\"name\":\"Tisane r\u00e8gles douloureuses 100g\"}]},{\"@type\":\"WebSite\",\"@id\":\"https:\/\/www.safinel.fr\/#website\",\"url\":\"https:\/\/www.safinel.fr\/\",\"name\":\"Safinel\",\"description\":\"\",\"publisher\":{\"@id\":\"https:\/\/www.safinel.fr\/#organization\"},\"potentialAction\":[{\"@type\":\"SearchAction\",\"target\":{\"@type\":\"EntryPoint\",\"urlTemplate\":\"https:\/\/www.safinel.fr\/?s={search_term_string}\"},\"query-input\":{\"@type\":\"PropertyValueSpecification\",\"valueRequired\":true,\"valueName\":\"search_term_string\"}}],\"inLanguage\":\"it-IT\"},{\"@type\":\"Organization\",\"@id\":\"https:\/\/www.safinel.fr\/#organization\",\"name\":\"Safinel\",\"url\":\"https:\/\/www.safinel.fr\/\",\"logo\":{\"@type\":\"ImageObject\",\"inLanguage\":\"it-IT\",\"@id\":\"https:\/\/www.safinel.fr\/#\/schema\/logo\/image\/\",\"url\":\"https:\/\/www.safinel.fr\/wp-content\/uploads\/2021\/05\/boutique-cosmetique.png\",\"contentUrl\":\"https:\/\/www.safinel.fr\/wp-content\/uploads\/2021\/05\/boutique-cosmetique.png\",\"width\":800,\"height\":200,\"caption\":\"Safinel\"},\"image\":{\"@id\":\"https:\/\/www.safinel.fr\/#\/schema\/logo\/image\/\"}}]}<\/script>\n<!-- \/ Yoast SEO plugin. -->","yoast_head_json":{"title":"Tisana mestruazioni dolorose | Infuso contro i dolori mestruali","description":"Le mestruazioni dolorose, note anche come dismenorrea, sono un problema ricorrente per molte donne. Scoprite la nostra tisana per le mestruazioni dolorose.","robots":{"index":"index","follow":"follow","max-snippet":"max-snippet:-1","max-image-preview":"max-image-preview:large","max-video-preview":"max-video-preview:-1"},"canonical":"https:\/\/www.safinel.fr\/it\/prodotto\/tisana-per-mestruazioni-dolorose\/","og_locale":"it_IT","og_type":"article","og_title":"Tisane r\u00e8gles douloureuses | Infusion contre les douleurs de r\u00e8gles","og_description":"Les r\u00e8gles douloureuses, \u00e9galement appel\u00e9es dysm\u00e9norrh\u00e9e, sont un probl\u00e8me r\u00e9current chez de nombreuses femmes. D\u00e9couvrez notre tisane r\u00e8gles douloureuses.","og_url":"https:\/\/www.safinel.fr\/it\/prodotto\/tisana-per-mestruazioni-dolorose\/","og_site_name":"Safinel","article_modified_time":"2023-12-30T11:55:02+00:00","og_image":[{"width":600,"height":600,"url":"https:\/\/www.safinel.fr\/wp-content\/uploads\/2023\/06\/tisane-regles-douloureuses.jpg","type":"image\/jpeg"}],"twitter_card":"summary_large_image","twitter_misc":{"Tempo di lettura stimato":"4 minuti"},"schema":{"@context":"https:\/\/schema.org","@graph":[{"@type":"WebPage","@id":"https:\/\/www.safinel.fr\/produit\/tisane-regles-douloureuses\/","url":"https:\/\/www.safinel.fr\/produit\/tisane-regles-douloureuses\/","name":"Tisana mestruazioni dolorose | Infuso contro i dolori mestruali","isPartOf":{"@id":"https:\/\/www.safinel.fr\/#website"},"primaryImageOfPage":{"@id":"https:\/\/www.safinel.fr\/produit\/tisane-regles-douloureuses\/#primaryimage"},"image":{"@id":"https:\/\/www.safinel.fr\/produit\/tisane-regles-douloureuses\/#primaryimage"},"thumbnailUrl":"https:\/\/www.safinel.fr\/wp-content\/uploads\/2023\/06\/tisane-regles-douloureuses.jpg","datePublished":"2023-06-25T17:53:29+00:00","dateModified":"2023-12-30T11:55:02+00:00","description":"Le mestruazioni dolorose, note anche come dismenorrea, sono un problema ricorrente per molte donne. Scoprite la nostra tisana per le mestruazioni dolorose.","breadcrumb":{"@id":"https:\/\/www.safinel.fr\/produit\/tisane-regles-douloureuses\/#breadcrumb"},"inLanguage":"it-IT","potentialAction":[{"@type":"ReadAction","target":["https:\/\/www.safinel.fr\/produit\/tisane-regles-douloureuses\/"]}]},{"@type":"ImageObject","inLanguage":"it-IT","@id":"https:\/\/www.safinel.fr\/produit\/tisane-regles-douloureuses\/#primaryimage","url":"https:\/\/www.safinel.fr\/wp-content\/uploads\/2023\/06\/tisane-regles-douloureuses.jpg","contentUrl":"https:\/\/www.safinel.fr\/wp-content\/uploads\/2023\/06\/tisane-regles-douloureuses.jpg","width":600,"height":600,"caption":"Tisane r\u00e8gles douloureuses 100g"},{"@type":"BreadcrumbList","@id":"https:\/\/www.safinel.fr\/produit\/tisane-regles-douloureuses\/#breadcrumb","itemListElement":[{"@type":"ListItem","position":1,"name":"Accueil","item":"https:\/\/www.safinel.fr\/"},{"@type":"ListItem","position":2,"name":"Boutique","item":"https:\/\/www.safinel.fr\/boutique\/"},{"@type":"ListItem","position":3,"name":"Tisane r\u00e8gles douloureuses 100g"}]},{"@type":"WebSite","@id":"https:\/\/www.safinel.fr\/#website","url":"https:\/\/www.safinel.fr\/","name":"Safinel","description":"","publisher":{"@id":"https:\/\/www.safinel.fr\/#organization"},"potentialAction":[{"@type":"SearchAction","target":{"@type":"EntryPoint","urlTemplate":"https:\/\/www.safinel.fr\/?s={search_term_string}"},"query-input":{"@type":"PropertyValueSpecification","valueRequired":true,"valueName":"search_term_string"}}],"inLanguage":"it-IT"},{"@type":"Organization","@id":"https:\/\/www.safinel.fr\/#organization","name":"Safinel","url":"https:\/\/www.safinel.fr\/","logo":{"@type":"ImageObject","inLanguage":"it-IT","@id":"https:\/\/www.safinel.fr\/#\/schema\/logo\/image\/","url":"https:\/\/www.safinel.fr\/wp-content\/uploads\/2021\/05\/boutique-cosmetique.png","contentUrl":"https:\/\/www.safinel.fr\/wp-content\/uploads\/2021\/05\/boutique-cosmetique.png","width":800,"height":200,"caption":"Safinel"},"image":{"@id":"https:\/\/www.safinel.fr\/#\/schema\/logo\/image\/"}}]}},"_links":{"self":[{"href":"https:\/\/www.safinel.fr\/it\/wp-json\/wp\/v2\/product\/6701","targetHints":{"allow":["GET"]}}],"collection":[{"href":"https:\/\/www.safinel.fr\/it\/wp-json\/wp\/v2\/product"}],"about":[{"href":"https:\/\/www.safinel.fr\/it\/wp-json\/wp\/v2\/types\/product"}],"wp:featuredmedia":[{"embeddable":true,"href":"https:\/\/www.safinel.fr\/it\/wp-json\/wp\/v2\/media\/6702"}],"wp:attachment":[{"href":"https:\/\/www.safinel.fr\/it\/wp-json\/wp\/v2\/media?parent=6701"}],"wp:term":[{"taxonomy":"product_brand","embeddable":true,"href":"https:\/\/www.safinel.fr\/it\/wp-json\/wp\/v2\/product_brand?post=6701"},{"taxonomy":"product_cat","embeddable":true,"href":"https:\/\/www.safinel.fr\/it\/wp-json\/wp\/v2\/product_cat?post=6701"},{"taxonomy":"product_tag","embeddable":true,"href":"https:\/\/www.safinel.fr\/it\/wp-json\/wp\/v2\/product_tag?post=6701"}],"curies":[{"name":"wp","href":"https:\/\/api.w.org\/{rel}","templated":true}]}}