{"id":665,"date":"2022-01-08T20:13:23","date_gmt":"2022-01-08T20:13:23","guid":{"rendered":"https:\/\/www.safinel.fr\/?post_type=product&#038;p=665"},"modified":"2025-11-18T10:44:13","modified_gmt":"2025-11-18T10:44:13","slug":"polvere-di-aicha","status":"publish","type":"product","link":"https:\/\/www.safinel.fr\/it\/prodotto\/polvere-di-aicha\/","title":{"rendered":"Aicha in polvere 75g"},"content":{"rendered":"<p>Ogni donna ha un giardino segreto e l'igiene intima \u00e8 uno di questi. Tuttavia, prendersi cura delle proprie parti intime non \u00e8 una cosa scontata, o addirittura un'abitudine. La cura della vagina \u00e8 essenziale per mantenere la salute, ma anche per aumentare la fiducia in se stesse e la femminilit\u00e0. Da qui l'importanza di conoscere<strong>\u00a0Polvere di Aicha.<\/strong><\/p>\n<p>Sconosciuto per alcuni, un vero e proprio fascino per altri, scopriamo questo prodotto di<strong>\u00a0Cura intima per le donne\u00a0<\/strong>con incredibili benefici!<\/p>\n<h2><strong>La polvere di Aicha: vogliamo saperne di pi\u00f9!<\/strong><\/h2>\n<p>Questa misteriosa polvere \u00e8 particolarmente nota nella comunit\u00e0 africana e viene spesso utilizzata per le cure post-parto!<\/p>\n<p>Confezionato in una scatola richiudibile da 75 grammi, questo<strong>\u00a0polvere senza alcool<\/strong>\u00a0\u00e8 fatto di\u00a0<strong>polvere di muschio e rosa<\/strong>. Un'aggiunta intelligente per dare un piacevole profumo alla flora vaginale, rispettandone il pH.<\/p>\n<p>Avete capito bene, questa meraviglia \u00e8 un vantaggio per la pulizia e la profumazione, ma \u00e8 anche nota per aiutare a mantenere l'apparato femminile.<\/p>\n<p>Per le donne \u00e8 spesso difficile trovare prodotti intimi di qualit\u00e0 di cui fidarsi. Inoltre, essendo la zona genitale femminile un'area molto sensibile, non va presa alla leggera e la sua igiene e cura devono essere regolari e ineccepibili!<\/p>\n<h2><strong>Quali sono i benefici della polvere di Aicha?\u00a0<\/strong><\/h2>\n<p>Le donne possono avere una serie di problemi legati alle parti intime ed \u00e8 importante parlarne e fornire informazioni sull'argomento. A volte si tratta di un argomento tab\u00f9 nelle famiglie,\u00a0<strong>intimit\u00e0 femminile<\/strong>\u00a0\u00e8 un fatto reale della societ\u00e0.<\/p>\n<p>Questo \u00e8 uno dei motivi per cui il vostro negozio online Safinel vuole condividere con voi la polvere di Aicha e i suoi benefici!<\/p>\n<h2><strong>Stringere le parti intime:<\/strong><\/h2>\n<p>\u00c8 vero che alcune donne possono provare un vero e proprio fastidio alla vagina, soprattutto dopo il parto. A volte questa sensazione pu\u00f2 anche trasformarsi in un vero e proprio disagio e avere un impatto sui rapporti sessuali.<\/p>\n<p>\u00c8 importante sapere che le parti intime di una donna possono stringersi naturalmente o con esercizi per rafforzare il perineo. Esistono anche prodotti che possono aiutare, come la polvere di Aicha.<\/p>\n<h2><strong>Un profumo gradevole\u00a0<\/strong><\/h2>\n<p>Sapete quanto \u00e8 importante prendersi cura del<strong>\u00a0flora vaginale<\/strong>\u00a0?<\/p>\n<p>Prendersi cura delle parti intime non significa solo pulirsi rapidamente dopo essere andati in bagno. \u00c8 importante coccolare le parti intime, sia per il proprio benessere che per quello del partner.<\/p>\n<p>Prendersi cura di s\u00e9 \u00e8 un modo piacevole e soddisfacente per aumentare la fiducia in se stessi.<\/p>\n<p>Ecco perch\u00e9 vi consigliamo questa polvere intima, per aiutarvi a profumare e a mantenere la vostra igiene femminile.<\/p>\n<h2><strong>Utilizzo della polvere di Aicha\u00a0<\/strong><\/h2>\n<p>Per utilizzare correttamente questo cosmetico intimo, si consiglia di utilizzare una polvere e acqua. In questo modo si diluisce il prodotto e si facilita l'applicazione.<\/p>\n<ol>\n<li>Per prima cosa, mescolare 2 cucchiaini da t\u00e8 in un contenitore d'acqua da 1,5 litri.<\/li>\n<li>Agitare quindi per ottenere un colore uniforme e una miscela omogenea.<\/li>\n<li>Infine, si pu\u00f2 usare questo preparato per pulire le parti intime.<\/li>\n<\/ol>\n<p>Si consiglia di completare questa routine bevendo acqua infusa con\u00a0<a href=\"https:\/\/www.safinel.fr\/it\/prodotto\/radici-di-vetiver\/\"><strong>khamar\u00e9<\/strong><\/a>. Conosciuta anche come radice di vetiver.<\/p>\n<p>Inoltre, disponiamo di un'ampia gamma di piante naturali utili per l'igiene intima femminile. Per esempio\u00a0<strong>il nep nep, il Kacip Fatimah<\/strong>\u00a0o anche<strong>\u00a0<a href=\"https:\/\/www.safinel.fr\/it\/prodotto\/frutta-4-lati-3-pezzi\/\">il frutto a 4 facce<\/a>.\u00a0<\/strong><\/p>\n<h3><strong>Precauzioni\u00a0<\/strong><\/h3>\n<ul>\n<li>Questo prodotto non sostituisce l'igiene intima quotidiana.<\/li>\n<li>Si consiglia inoltre di controllare l'elenco degli ingredienti prima dell'applicazione, per evitare qualsiasi rischio di allergia.<\/li>\n<li>Infine, questa polvere intima \u00e8 adatta solo per uso esterno.<\/li>\n<\/ul>","protected":false},"excerpt":{"rendered":"<p><img decoding=\"async\" class=\"size-full wp-image-5091 aligncenter\" src=\"https:\/\/www.safinel.fr\/wp-content\/uploads\/2021\/06\/BANNIERE-ICONE-SAFINEL.webp\" alt=\"riassicurazione satine\" width=\"800\" height=\"200\" srcset=\"https:\/\/www.safinel.fr\/wp-content\/uploads\/2021\/06\/BANNIERE-ICONE-SAFINEL.webp 800w, https:\/\/www.safinel.fr\/wp-content\/uploads\/2021\/06\/BANNIERE-ICONE-SAFINEL-600x150.webp 600w, https:\/\/www.safinel.fr\/wp-content\/uploads\/2021\/06\/BANNIERE-ICONE-SAFINEL-768x192.webp 768w\" sizes=\"(max-width: 800px) 100vw, 800px\" \/><\/p>","protected":false},"featured_media":666,"template":"","meta":[],"product_brand":[],"product_cat":[23],"product_tag":[],"class_list":{"0":"post-665","1":"product","2":"type-product","3":"status-publish","4":"has-post-thumbnail","6":"product_cat-hygiene-feminine","8":"first","9":"outofstock","10":"sale","11":"shipping-taxable","12":"purchasable","13":"product-type-simple"},"yoast_head":"<!-- This site is optimized with the Yoast SEO plugin v26.6 - https:\/\/yoast.com\/wordpress\/plugins\/seo\/ -->\n<title>Poudre d&#039;Aicha bo\u00eete de 75g | L&#039;alli\u00e9e intime de la femme<\/title>\n<meta name=\"description\" content=\"Votre boutique en ligne Safinel souhaite vous partager la poudre d&#039;Aicha et ses bienfaits ! D\u00e9couvrez-l\u00e0 sans plus attendre !\" \/>\n<meta name=\"robots\" content=\"index, follow, max-snippet:-1, max-image-preview:large, max-video-preview:-1\" \/>\n<link rel=\"canonical\" href=\"https:\/\/www.safinel.fr\/it\/prodotto\/polvere-di-aicha\/\" \/>\n<meta property=\"og:locale\" content=\"it_IT\" \/>\n<meta property=\"og:type\" content=\"article\" \/>\n<meta property=\"og:title\" content=\"Poudre d&#039;Aicha bo\u00eete de 75g | L&#039;alli\u00e9e intime de la femme\" \/>\n<meta property=\"og:description\" content=\"Votre boutique en ligne Safinel souhaite vous partager la poudre d&#039;Aicha et ses bienfaits ! D\u00e9couvrez-l\u00e0 sans plus attendre !\" \/>\n<meta property=\"og:url\" content=\"https:\/\/www.safinel.fr\/it\/prodotto\/polvere-di-aicha\/\" \/>\n<meta property=\"og:site_name\" content=\"Safinel\" \/>\n<meta property=\"article:modified_time\" content=\"2025-11-18T10:44:13+00:00\" \/>\n<meta property=\"og:image\" content=\"https:\/\/www.safinel.fr\/wp-content\/uploads\/2022\/01\/poudre-aicha.jpg\" \/>\n\t<meta property=\"og:image:width\" content=\"600\" \/>\n\t<meta property=\"og:image:height\" content=\"600\" \/>\n\t<meta property=\"og:image:type\" content=\"image\/jpeg\" \/>\n<meta name=\"twitter:card\" content=\"summary_large_image\" \/>\n<meta name=\"twitter:label1\" content=\"Tempo di lettura stimato\" \/>\n\t<meta name=\"twitter:data1\" content=\"4 minuti\" \/>\n<script type=\"application\/ld+json\" class=\"yoast-schema-graph\">{\"@context\":\"https:\/\/schema.org\",\"@graph\":[{\"@type\":\"WebPage\",\"@id\":\"https:\/\/www.safinel.fr\/produit\/poudre-d-aicha\/\",\"url\":\"https:\/\/www.safinel.fr\/produit\/poudre-d-aicha\/\",\"name\":\"Poudre d'Aicha bo\u00eete de 75g | L'alli\u00e9e intime de la femme\",\"isPartOf\":{\"@id\":\"https:\/\/www.safinel.fr\/#website\"},\"primaryImageOfPage\":{\"@id\":\"https:\/\/www.safinel.fr\/produit\/poudre-d-aicha\/#primaryimage\"},\"image\":{\"@id\":\"https:\/\/www.safinel.fr\/produit\/poudre-d-aicha\/#primaryimage\"},\"thumbnailUrl\":\"https:\/\/www.safinel.fr\/wp-content\/uploads\/2022\/01\/poudre-aicha.jpg\",\"datePublished\":\"2022-01-08T20:13:23+00:00\",\"dateModified\":\"2025-11-18T10:44:13+00:00\",\"description\":\"Votre boutique en ligne Safinel souhaite vous partager la poudre d'Aicha et ses bienfaits ! D\u00e9couvrez-l\u00e0 sans plus attendre !\",\"breadcrumb\":{\"@id\":\"https:\/\/www.safinel.fr\/produit\/poudre-d-aicha\/#breadcrumb\"},\"inLanguage\":\"it-IT\",\"potentialAction\":[{\"@type\":\"ReadAction\",\"target\":[\"https:\/\/www.safinel.fr\/produit\/poudre-d-aicha\/\"]}]},{\"@type\":\"ImageObject\",\"inLanguage\":\"it-IT\",\"@id\":\"https:\/\/www.safinel.fr\/produit\/poudre-d-aicha\/#primaryimage\",\"url\":\"https:\/\/www.safinel.fr\/wp-content\/uploads\/2022\/01\/poudre-aicha.jpg\",\"contentUrl\":\"https:\/\/www.safinel.fr\/wp-content\/uploads\/2022\/01\/poudre-aicha.jpg\",\"width\":600,\"height\":600,\"caption\":\"Poudre d'Aicha 75g\"},{\"@type\":\"BreadcrumbList\",\"@id\":\"https:\/\/www.safinel.fr\/produit\/poudre-d-aicha\/#breadcrumb\",\"itemListElement\":[{\"@type\":\"ListItem\",\"position\":1,\"name\":\"Accueil\",\"item\":\"https:\/\/www.safinel.fr\/\"},{\"@type\":\"ListItem\",\"position\":2,\"name\":\"Boutique\",\"item\":\"https:\/\/www.safinel.fr\/boutique\/\"},{\"@type\":\"ListItem\",\"position\":3,\"name\":\"Poudre d&rsquo;Aicha 75g\"}]},{\"@type\":\"WebSite\",\"@id\":\"https:\/\/www.safinel.fr\/#website\",\"url\":\"https:\/\/www.safinel.fr\/\",\"name\":\"Safinel\",\"description\":\"\",\"publisher\":{\"@id\":\"https:\/\/www.safinel.fr\/#organization\"},\"potentialAction\":[{\"@type\":\"SearchAction\",\"target\":{\"@type\":\"EntryPoint\",\"urlTemplate\":\"https:\/\/www.safinel.fr\/?s={search_term_string}\"},\"query-input\":{\"@type\":\"PropertyValueSpecification\",\"valueRequired\":true,\"valueName\":\"search_term_string\"}}],\"inLanguage\":\"it-IT\"},{\"@type\":\"Organization\",\"@id\":\"https:\/\/www.safinel.fr\/#organization\",\"name\":\"Safinel\",\"url\":\"https:\/\/www.safinel.fr\/\",\"logo\":{\"@type\":\"ImageObject\",\"inLanguage\":\"it-IT\",\"@id\":\"https:\/\/www.safinel.fr\/#\/schema\/logo\/image\/\",\"url\":\"https:\/\/www.safinel.fr\/wp-content\/uploads\/2021\/05\/boutique-cosmetique.png\",\"contentUrl\":\"https:\/\/www.safinel.fr\/wp-content\/uploads\/2021\/05\/boutique-cosmetique.png\",\"width\":800,\"height\":200,\"caption\":\"Safinel\"},\"image\":{\"@id\":\"https:\/\/www.safinel.fr\/#\/schema\/logo\/image\/\"}}]}<\/script>\n<!-- \/ Yoast SEO plugin. -->","yoast_head_json":{"title":"Polvere di Aicha 75g box | Partner intimo delle donne","description":"Il vostro negozio online Safinel desidera condividere con voi la polvere di Aicha e i suoi benefici! Scopritela subito!","robots":{"index":"index","follow":"follow","max-snippet":"max-snippet:-1","max-image-preview":"max-image-preview:large","max-video-preview":"max-video-preview:-1"},"canonical":"https:\/\/www.safinel.fr\/it\/prodotto\/polvere-di-aicha\/","og_locale":"it_IT","og_type":"article","og_title":"Poudre d'Aicha bo\u00eete de 75g | L'alli\u00e9e intime de la femme","og_description":"Votre boutique en ligne Safinel souhaite vous partager la poudre d'Aicha et ses bienfaits ! D\u00e9couvrez-l\u00e0 sans plus attendre !","og_url":"https:\/\/www.safinel.fr\/it\/prodotto\/polvere-di-aicha\/","og_site_name":"Safinel","article_modified_time":"2025-11-18T10:44:13+00:00","og_image":[{"width":600,"height":600,"url":"https:\/\/www.safinel.fr\/wp-content\/uploads\/2022\/01\/poudre-aicha.jpg","type":"image\/jpeg"}],"twitter_card":"summary_large_image","twitter_misc":{"Tempo di lettura stimato":"4 minuti"},"schema":{"@context":"https:\/\/schema.org","@graph":[{"@type":"WebPage","@id":"https:\/\/www.safinel.fr\/produit\/poudre-d-aicha\/","url":"https:\/\/www.safinel.fr\/produit\/poudre-d-aicha\/","name":"Polvere di Aicha 75g box | Partner intimo delle donne","isPartOf":{"@id":"https:\/\/www.safinel.fr\/#website"},"primaryImageOfPage":{"@id":"https:\/\/www.safinel.fr\/produit\/poudre-d-aicha\/#primaryimage"},"image":{"@id":"https:\/\/www.safinel.fr\/produit\/poudre-d-aicha\/#primaryimage"},"thumbnailUrl":"https:\/\/www.safinel.fr\/wp-content\/uploads\/2022\/01\/poudre-aicha.jpg","datePublished":"2022-01-08T20:13:23+00:00","dateModified":"2025-11-18T10:44:13+00:00","description":"Il vostro negozio online Safinel desidera condividere con voi la polvere di Aicha e i suoi benefici! Scopritela subito!","breadcrumb":{"@id":"https:\/\/www.safinel.fr\/produit\/poudre-d-aicha\/#breadcrumb"},"inLanguage":"it-IT","potentialAction":[{"@type":"ReadAction","target":["https:\/\/www.safinel.fr\/produit\/poudre-d-aicha\/"]}]},{"@type":"ImageObject","inLanguage":"it-IT","@id":"https:\/\/www.safinel.fr\/produit\/poudre-d-aicha\/#primaryimage","url":"https:\/\/www.safinel.fr\/wp-content\/uploads\/2022\/01\/poudre-aicha.jpg","contentUrl":"https:\/\/www.safinel.fr\/wp-content\/uploads\/2022\/01\/poudre-aicha.jpg","width":600,"height":600,"caption":"Poudre d'Aicha 75g"},{"@type":"BreadcrumbList","@id":"https:\/\/www.safinel.fr\/produit\/poudre-d-aicha\/#breadcrumb","itemListElement":[{"@type":"ListItem","position":1,"name":"Accueil","item":"https:\/\/www.safinel.fr\/"},{"@type":"ListItem","position":2,"name":"Boutique","item":"https:\/\/www.safinel.fr\/boutique\/"},{"@type":"ListItem","position":3,"name":"Poudre d&rsquo;Aicha 75g"}]},{"@type":"WebSite","@id":"https:\/\/www.safinel.fr\/#website","url":"https:\/\/www.safinel.fr\/","name":"Safinel","description":"","publisher":{"@id":"https:\/\/www.safinel.fr\/#organization"},"potentialAction":[{"@type":"SearchAction","target":{"@type":"EntryPoint","urlTemplate":"https:\/\/www.safinel.fr\/?s={search_term_string}"},"query-input":{"@type":"PropertyValueSpecification","valueRequired":true,"valueName":"search_term_string"}}],"inLanguage":"it-IT"},{"@type":"Organization","@id":"https:\/\/www.safinel.fr\/#organization","name":"Safinel","url":"https:\/\/www.safinel.fr\/","logo":{"@type":"ImageObject","inLanguage":"it-IT","@id":"https:\/\/www.safinel.fr\/#\/schema\/logo\/image\/","url":"https:\/\/www.safinel.fr\/wp-content\/uploads\/2021\/05\/boutique-cosmetique.png","contentUrl":"https:\/\/www.safinel.fr\/wp-content\/uploads\/2021\/05\/boutique-cosmetique.png","width":800,"height":200,"caption":"Safinel"},"image":{"@id":"https:\/\/www.safinel.fr\/#\/schema\/logo\/image\/"}}]}},"_links":{"self":[{"href":"https:\/\/www.safinel.fr\/it\/wp-json\/wp\/v2\/product\/665","targetHints":{"allow":["GET"]}}],"collection":[{"href":"https:\/\/www.safinel.fr\/it\/wp-json\/wp\/v2\/product"}],"about":[{"href":"https:\/\/www.safinel.fr\/it\/wp-json\/wp\/v2\/types\/product"}],"wp:featuredmedia":[{"embeddable":true,"href":"https:\/\/www.safinel.fr\/it\/wp-json\/wp\/v2\/media\/666"}],"wp:attachment":[{"href":"https:\/\/www.safinel.fr\/it\/wp-json\/wp\/v2\/media?parent=665"}],"wp:term":[{"taxonomy":"product_brand","embeddable":true,"href":"https:\/\/www.safinel.fr\/it\/wp-json\/wp\/v2\/product_brand?post=665"},{"taxonomy":"product_cat","embeddable":true,"href":"https:\/\/www.safinel.fr\/it\/wp-json\/wp\/v2\/product_cat?post=665"},{"taxonomy":"product_tag","embeddable":true,"href":"https:\/\/www.safinel.fr\/it\/wp-json\/wp\/v2\/product_tag?post=665"}],"curies":[{"name":"wp","href":"https:\/\/api.w.org\/{rel}","templated":true}]}}