{"id":661,"date":"2022-01-08T17:06:19","date_gmt":"2022-01-08T17:06:19","guid":{"rendered":"https:\/\/www.safinel.fr\/?post_type=product&#038;p=661"},"modified":"2023-12-28T17:15:12","modified_gmt":"2023-12-28T17:15:12","slug":"pepe-africano","status":"publish","type":"product","link":"https:\/\/www.safinel.fr\/it\/prodotto\/pepe-africano\/","title":{"rendered":"Pepe africano 50g"},"content":{"rendered":"<p>Oggi \u00e8 il famoso <strong>Pepe africano<\/strong> che sta conquistando il centro della scena. E per una buona ragione!<\/p>\n<p>Grazie a queste molteplici sfaccettature, che possono essere utilizzate sia in <strong>cucina <\/strong>che <strong>naturopatia<\/strong>, questo <strong>pianta medicinale <\/strong>si sta facendo sentire.<\/p>\n<p>Vi racconteremo quindi la storia di come tutto \u00e8 iniziato, nel profondo del calore dell'Africa.<\/p>\n<h2><strong>Pepe africano: un frutto dal carattere piccante!<\/strong><\/h2>\n<p>Scoperto per la prima volta in Etiopia, il pepe africano divenne noto con il nome di \u201cpeperone\".\u201c<strong>Xylopia Aethiopica<\/strong>\u201d. Oppure \u201c<strong>Pepe di Guinea<\/strong>\u201de\u201c<strong>Pepe Kili<\/strong>\u201d.<\/p>\n<p>All'epoca, era tradizione recarsi nelle zone pi\u00f9 aride dell'Africa tropicale per raccoglierla. Si seguivano i corsi d'acqua fino a quando non si incontravano enormi alberi su cui erano appesi lunghi baccelli. I baccelli assomigliavano<strong> fagioli nerastri<\/strong>.<\/p>\n<p>Secoli dopo, \u00e8 cos\u00ec interessante <strong>frutta secca<\/strong> che si trovano sulle tavole europee.<\/p>\n<p>Qui vi offriamo questo <strong>spezia deliziosa <\/strong>a<strong> gusto autentico<\/strong> nella sua <strong>100% naturale<\/strong>. Il meglio di <strong>proventi lordi<\/strong> per un <strong>qualit\u00e0 eccezionale<\/strong> e a un prezzo molto conveniente.<\/p>\n<p>Pochi grammi di questi <strong>semi potenti <\/strong>sono sufficienti per <strong>prendersi cura del proprio corpo e della propria mente<\/strong>.<\/p>\n<h2><strong>Le molte virt\u00f9 della Xylopia Aethiopica<\/strong><\/h2>\n<p>Il cuore di questo pepe africano sono<strong> benefici insospettabili<\/strong>. Oltre alla sua<strong> magnifiche propriet\u00e0 gustative<\/strong>, Questo tipo di pepe ha il potere di :<\/p>\n<ul>\n<li>Aumenta in modo significativo l'ovulazione nelle donne per una<strong> migliore fertilit\u00e0<\/strong> ;<\/li>\n<\/ul>\n<ul>\n<li><strong>Trattamento di varie infezioni<\/strong>, in particolare del fegato; ;<\/li>\n<\/ul>\n<ul>\n<li>Questo peperone Kili \u00e8 anche un <strong>antimicotico <\/strong>e un <strong>antibatterico <\/strong>molto efficiente; ;<\/li>\n<\/ul>\n<ul>\n<li>Allo stesso modo, spesso paragonato a un <strong>antibiotico<\/strong>, aiuta a <strong>lenire alcuni dolori<\/strong>. Come le mestruazioni e<strong> mal di denti<\/strong>. Ed \u00e8 estremamente utile come <strong>preventivo <\/strong>;<\/li>\n<\/ul>\n<ul>\n<li>Il pepe di Guinea \u00e8 ideale per combattere<strong> per bronchite, influenza e punture d'insetto<\/strong> ;<\/li>\n<\/ul>\n<ul>\n<li>Utilizziamo anche questi \u201c<strong>semi del paradiso<\/strong>\u201dper il loro<strong> effetto afrodisiaco<\/strong> abbastanza popolare; ;<\/li>\n<\/ul>\n<ul>\n<li><strong>Eccellente per<\/strong> <strong>La digestione e il corpo<\/strong> in generale, questo <strong>frutta medicinale<\/strong> permette anche di seguire una dieta sana; ;<\/li>\n<\/ul>\n<p>Infatti, questo tipo di Xylopia Aethiopica \u00e8 rinomato per<strong> dare forza e salute<\/strong>. Come il suo cugino, il <a href=\"https:\/\/www.safinel.fr\/it\/prodotto\/grani-di-pepe-di-szechuan\/\"><strong>Grani di pepe di Sichuan<\/strong><\/a>.<\/p>\n<h3><strong>Il pepe africano, una vera star per le nostre papille gustative...<\/strong><\/h3>\n<p>La Xylopia Aethiopica non deve essere sottovalutata per le sue piccole dimensioni. Infatti, \u00e8 molto <strong>ricco di sapore <\/strong>ed \u00e8 per questo che \u00e8 cos\u00ec popolare.<\/p>\n<p>In effetti, \u00e8 il suo<strong> gusto piuttosto intenso e pronunciato <\/strong>che l'ha resa una vera star in cucina.<\/p>\n<p>Infatti, \u00e8 leggermente piccante e avvolge sottilmente le papille gustative.<\/p>\n<p>Alcuni dicono addirittura che ha un sapore di limone e menta.... Ma solo chi lo assaggia lo sa.<\/p>\n<p>La maggior parte dei Paesi africani lo utilizza da sempre nei piatti per i pi\u00f9 piccoli. Lo usano anche per aromatizzare il caff\u00e8.<\/p>\n<p>Il modo migliore \u00e8 mettere in infusione 5 spicchi di questo pepe africano in 1 litro di acqua bollente.<\/p>\n<p>Ma si pu\u00f2 anche schiacciare o grigliare per esaltare tutto il suo sapore. \u00c8 quindi facile da abbinare a piatti salati.<\/p>","protected":false},"excerpt":{"rendered":"<p>Oggi \u00e8 il famoso pepe africano a essere sotto i riflettori. E a ragione! Grazie alle sue molteplici propriet\u00e0, sfruttabili sia in cucina che nella naturopatia, questa pianta medicinale sta riscuotendo un enorme successo. Vi racconteremo quindi la sua storia, che ha inizio nelle calde regioni africane. Il pepe africano: un [\u2026]","protected":false},"featured_media":662,"template":"","meta":[],"product_brand":[],"product_cat":[44],"product_tag":[],"class_list":{"0":"post-661","1":"product","2":"type-product","3":"status-publish","4":"has-post-thumbnail","6":"product_cat-epices","8":"first","9":"instock","10":"shipping-taxable","11":"purchasable","12":"product-type-simple"},"yoast_head":"<!-- This site is optimized with the Yoast SEO plugin v26.6 - https:\/\/yoast.com\/wordpress\/plugins\/seo\/ -->\n<title>Poivre africain (Xylopia Aethiopica) | Poivre de Guin\u00e9e 50g<\/title>\n<meta name=\"description\" content=\"Aujourd\u2019hui, c\u2019est le fameux poivre africain qui est au-devant de la sc\u00e8ne. Et ce, pour cause ! Gr\u00e2ce \u00e0 ces multiples facettes exploitables.\" \/>\n<meta name=\"robots\" content=\"index, follow, max-snippet:-1, max-image-preview:large, max-video-preview:-1\" \/>\n<link rel=\"canonical\" href=\"https:\/\/www.safinel.fr\/it\/prodotto\/pepe-africano\/\" \/>\n<meta property=\"og:locale\" content=\"it_IT\" \/>\n<meta property=\"og:type\" content=\"article\" \/>\n<meta property=\"og:title\" content=\"Poivre africain (Xylopia Aethiopica) | Poivre de Guin\u00e9e 50g\" \/>\n<meta property=\"og:description\" content=\"Aujourd\u2019hui, c\u2019est le fameux poivre africain qui est au-devant de la sc\u00e8ne. Et ce, pour cause ! Gr\u00e2ce \u00e0 ces multiples facettes exploitables.\" \/>\n<meta property=\"og:url\" content=\"https:\/\/www.safinel.fr\/it\/prodotto\/pepe-africano\/\" \/>\n<meta property=\"og:site_name\" content=\"Safinel\" \/>\n<meta property=\"article:modified_time\" content=\"2023-12-28T17:15:12+00:00\" \/>\n<meta property=\"og:image\" content=\"https:\/\/www.safinel.fr\/wp-content\/uploads\/2022\/01\/poivre-africain.jpg\" \/>\n\t<meta property=\"og:image:width\" content=\"600\" \/>\n\t<meta property=\"og:image:height\" content=\"600\" \/>\n\t<meta property=\"og:image:type\" content=\"image\/jpeg\" \/>\n<meta name=\"twitter:card\" content=\"summary_large_image\" \/>\n<meta name=\"twitter:label1\" content=\"Tempo di lettura stimato\" \/>\n\t<meta name=\"twitter:data1\" content=\"3 minuti\" \/>\n<script type=\"application\/ld+json\" class=\"yoast-schema-graph\">{\"@context\":\"https:\/\/schema.org\",\"@graph\":[{\"@type\":\"WebPage\",\"@id\":\"https:\/\/www.safinel.fr\/produit\/poivre-africain\/\",\"url\":\"https:\/\/www.safinel.fr\/produit\/poivre-africain\/\",\"name\":\"Poivre africain (Xylopia Aethiopica) | Poivre de Guin\u00e9e 50g\",\"isPartOf\":{\"@id\":\"https:\/\/www.safinel.fr\/#website\"},\"primaryImageOfPage\":{\"@id\":\"https:\/\/www.safinel.fr\/produit\/poivre-africain\/#primaryimage\"},\"image\":{\"@id\":\"https:\/\/www.safinel.fr\/produit\/poivre-africain\/#primaryimage\"},\"thumbnailUrl\":\"https:\/\/www.safinel.fr\/wp-content\/uploads\/2022\/01\/poivre-africain.jpg\",\"datePublished\":\"2022-01-08T17:06:19+00:00\",\"dateModified\":\"2023-12-28T17:15:12+00:00\",\"description\":\"Aujourd\u2019hui, c\u2019est le fameux poivre africain qui est au-devant de la sc\u00e8ne. Et ce, pour cause ! Gr\u00e2ce \u00e0 ces multiples facettes exploitables.\",\"breadcrumb\":{\"@id\":\"https:\/\/www.safinel.fr\/produit\/poivre-africain\/#breadcrumb\"},\"inLanguage\":\"it-IT\",\"potentialAction\":[{\"@type\":\"ReadAction\",\"target\":[\"https:\/\/www.safinel.fr\/produit\/poivre-africain\/\"]}]},{\"@type\":\"ImageObject\",\"inLanguage\":\"it-IT\",\"@id\":\"https:\/\/www.safinel.fr\/produit\/poivre-africain\/#primaryimage\",\"url\":\"https:\/\/www.safinel.fr\/wp-content\/uploads\/2022\/01\/poivre-africain.jpg\",\"contentUrl\":\"https:\/\/www.safinel.fr\/wp-content\/uploads\/2022\/01\/poivre-africain.jpg\",\"width\":600,\"height\":600,\"caption\":\"Poivre africain 50g\"},{\"@type\":\"BreadcrumbList\",\"@id\":\"https:\/\/www.safinel.fr\/produit\/poivre-africain\/#breadcrumb\",\"itemListElement\":[{\"@type\":\"ListItem\",\"position\":1,\"name\":\"Accueil\",\"item\":\"https:\/\/www.safinel.fr\/\"},{\"@type\":\"ListItem\",\"position\":2,\"name\":\"Boutique\",\"item\":\"https:\/\/www.safinel.fr\/boutique\/\"},{\"@type\":\"ListItem\",\"position\":3,\"name\":\"Poivre africain 50g\"}]},{\"@type\":\"WebSite\",\"@id\":\"https:\/\/www.safinel.fr\/#website\",\"url\":\"https:\/\/www.safinel.fr\/\",\"name\":\"Safinel\",\"description\":\"\",\"publisher\":{\"@id\":\"https:\/\/www.safinel.fr\/#organization\"},\"potentialAction\":[{\"@type\":\"SearchAction\",\"target\":{\"@type\":\"EntryPoint\",\"urlTemplate\":\"https:\/\/www.safinel.fr\/?s={search_term_string}\"},\"query-input\":{\"@type\":\"PropertyValueSpecification\",\"valueRequired\":true,\"valueName\":\"search_term_string\"}}],\"inLanguage\":\"it-IT\"},{\"@type\":\"Organization\",\"@id\":\"https:\/\/www.safinel.fr\/#organization\",\"name\":\"Safinel\",\"url\":\"https:\/\/www.safinel.fr\/\",\"logo\":{\"@type\":\"ImageObject\",\"inLanguage\":\"it-IT\",\"@id\":\"https:\/\/www.safinel.fr\/#\/schema\/logo\/image\/\",\"url\":\"https:\/\/www.safinel.fr\/wp-content\/uploads\/2021\/05\/boutique-cosmetique.png\",\"contentUrl\":\"https:\/\/www.safinel.fr\/wp-content\/uploads\/2021\/05\/boutique-cosmetique.png\",\"width\":800,\"height\":200,\"caption\":\"Safinel\"},\"image\":{\"@id\":\"https:\/\/www.safinel.fr\/#\/schema\/logo\/image\/\"}}]}<\/script>\n<!-- \/ Yoast SEO plugin. -->","yoast_head_json":{"title":"Pepe africano (Xylopia Aethiopica) | Pepe di Guinea 50g","description":"Oggi \u00e8 il famoso pepe africano ad essere al centro della scena. E a ragione! Grazie ai suoi molteplici usi.","robots":{"index":"index","follow":"follow","max-snippet":"max-snippet:-1","max-image-preview":"max-image-preview:large","max-video-preview":"max-video-preview:-1"},"canonical":"https:\/\/www.safinel.fr\/it\/prodotto\/pepe-africano\/","og_locale":"it_IT","og_type":"article","og_title":"Poivre africain (Xylopia Aethiopica) | Poivre de Guin\u00e9e 50g","og_description":"Aujourd\u2019hui, c\u2019est le fameux poivre africain qui est au-devant de la sc\u00e8ne. Et ce, pour cause ! Gr\u00e2ce \u00e0 ces multiples facettes exploitables.","og_url":"https:\/\/www.safinel.fr\/it\/prodotto\/pepe-africano\/","og_site_name":"Safinel","article_modified_time":"2023-12-28T17:15:12+00:00","og_image":[{"width":600,"height":600,"url":"https:\/\/www.safinel.fr\/wp-content\/uploads\/2022\/01\/poivre-africain.jpg","type":"image\/jpeg"}],"twitter_card":"summary_large_image","twitter_misc":{"Tempo di lettura stimato":"3 minuti"},"schema":{"@context":"https:\/\/schema.org","@graph":[{"@type":"WebPage","@id":"https:\/\/www.safinel.fr\/produit\/poivre-africain\/","url":"https:\/\/www.safinel.fr\/produit\/poivre-africain\/","name":"Pepe africano (Xylopia Aethiopica) | Pepe di Guinea 50g","isPartOf":{"@id":"https:\/\/www.safinel.fr\/#website"},"primaryImageOfPage":{"@id":"https:\/\/www.safinel.fr\/produit\/poivre-africain\/#primaryimage"},"image":{"@id":"https:\/\/www.safinel.fr\/produit\/poivre-africain\/#primaryimage"},"thumbnailUrl":"https:\/\/www.safinel.fr\/wp-content\/uploads\/2022\/01\/poivre-africain.jpg","datePublished":"2022-01-08T17:06:19+00:00","dateModified":"2023-12-28T17:15:12+00:00","description":"Oggi \u00e8 il famoso pepe africano ad essere al centro della scena. E a ragione! Grazie ai suoi molteplici usi.","breadcrumb":{"@id":"https:\/\/www.safinel.fr\/produit\/poivre-africain\/#breadcrumb"},"inLanguage":"it-IT","potentialAction":[{"@type":"ReadAction","target":["https:\/\/www.safinel.fr\/produit\/poivre-africain\/"]}]},{"@type":"ImageObject","inLanguage":"it-IT","@id":"https:\/\/www.safinel.fr\/produit\/poivre-africain\/#primaryimage","url":"https:\/\/www.safinel.fr\/wp-content\/uploads\/2022\/01\/poivre-africain.jpg","contentUrl":"https:\/\/www.safinel.fr\/wp-content\/uploads\/2022\/01\/poivre-africain.jpg","width":600,"height":600,"caption":"Poivre africain 50g"},{"@type":"BreadcrumbList","@id":"https:\/\/www.safinel.fr\/produit\/poivre-africain\/#breadcrumb","itemListElement":[{"@type":"ListItem","position":1,"name":"Accueil","item":"https:\/\/www.safinel.fr\/"},{"@type":"ListItem","position":2,"name":"Boutique","item":"https:\/\/www.safinel.fr\/boutique\/"},{"@type":"ListItem","position":3,"name":"Poivre africain 50g"}]},{"@type":"WebSite","@id":"https:\/\/www.safinel.fr\/#website","url":"https:\/\/www.safinel.fr\/","name":"Safinel","description":"","publisher":{"@id":"https:\/\/www.safinel.fr\/#organization"},"potentialAction":[{"@type":"SearchAction","target":{"@type":"EntryPoint","urlTemplate":"https:\/\/www.safinel.fr\/?s={search_term_string}"},"query-input":{"@type":"PropertyValueSpecification","valueRequired":true,"valueName":"search_term_string"}}],"inLanguage":"it-IT"},{"@type":"Organization","@id":"https:\/\/www.safinel.fr\/#organization","name":"Safinel","url":"https:\/\/www.safinel.fr\/","logo":{"@type":"ImageObject","inLanguage":"it-IT","@id":"https:\/\/www.safinel.fr\/#\/schema\/logo\/image\/","url":"https:\/\/www.safinel.fr\/wp-content\/uploads\/2021\/05\/boutique-cosmetique.png","contentUrl":"https:\/\/www.safinel.fr\/wp-content\/uploads\/2021\/05\/boutique-cosmetique.png","width":800,"height":200,"caption":"Safinel"},"image":{"@id":"https:\/\/www.safinel.fr\/#\/schema\/logo\/image\/"}}]}},"_links":{"self":[{"href":"https:\/\/www.safinel.fr\/it\/wp-json\/wp\/v2\/product\/661","targetHints":{"allow":["GET"]}}],"collection":[{"href":"https:\/\/www.safinel.fr\/it\/wp-json\/wp\/v2\/product"}],"about":[{"href":"https:\/\/www.safinel.fr\/it\/wp-json\/wp\/v2\/types\/product"}],"wp:featuredmedia":[{"embeddable":true,"href":"https:\/\/www.safinel.fr\/it\/wp-json\/wp\/v2\/media\/662"}],"wp:attachment":[{"href":"https:\/\/www.safinel.fr\/it\/wp-json\/wp\/v2\/media?parent=661"}],"wp:term":[{"taxonomy":"product_brand","embeddable":true,"href":"https:\/\/www.safinel.fr\/it\/wp-json\/wp\/v2\/product_brand?post=661"},{"taxonomy":"product_cat","embeddable":true,"href":"https:\/\/www.safinel.fr\/it\/wp-json\/wp\/v2\/product_cat?post=661"},{"taxonomy":"product_tag","embeddable":true,"href":"https:\/\/www.safinel.fr\/it\/wp-json\/wp\/v2\/product_tag?post=661"}],"curies":[{"name":"wp","href":"https:\/\/api.w.org\/{rel}","templated":true}]}}