{"id":659,"date":"2022-01-07T08:35:10","date_gmt":"2022-01-07T08:35:10","guid":{"rendered":"https:\/\/www.safinel.fr\/?post_type=product&#038;p=659"},"modified":"2026-03-09T10:49:10","modified_gmt":"2026-03-09T10:49:10","slug":"il-re-delle-erbe","status":"publish","type":"product","link":"https:\/\/www.safinel.fr\/it\/prodotto\/il-re-delle-erbe\/","title":{"rendered":"Il re delle erbe 50g"},"content":{"rendered":"<p><strong>Il re delle erbe<\/strong> potrebbe diventare il fulcro del vostro regno di <strong>erbe medicinali.<\/strong> Non ne avete ancora sentito parlare? Ancora una volta, la vostra boutique Safinel vi offre l'opportunit\u00e0 di conoscere una pianta che ha tutto per sedurre.<\/p>\n<h2><strong>Il re delle erbe domina il mercato!\u00a0<\/strong><\/h2>\n<p>Pianta africana per eccellenza, il Re delle erbe \u00e8 conosciuto come una pianta \u00abcomune\u00bb. Si tratta infatti di una pianta erbacea che si trova frequentemente in molti Paesi. Tra questi, Senegal, Kenya, Tanzania e Angola. Paesi che conoscono bene la sua utilit\u00e0 e i suoi benefici terapeutici.<\/p>\n<p>A causa delle sue molteplici origini, viene chiamato con diversi nomi oltre a quello scientifico. <strong>Ageratum Conyzoides<\/strong>. \u00c8 anche conosciuto come <strong>d'awovi takin<\/strong> o <strong>kuvito takin.\u00a0<\/strong><\/p>\n<p>Questo <strong>Pianta africana<\/strong> affascina e incuriosisce, ed \u00e8 particolarmente apprezzata dalle donne per i suoi benefici terapeutici. \u00c8 infatti soprannominata \u00abla pianta che cura oltre 200 malattie\u00bb. Ovviamente, questo <strong>integratore alimentare<\/strong> rimane solo uno<strong> prodotto benessere<\/strong>, e non un farmaco.<\/p>\n<h2><strong>Alcune virt\u00f9 conosciute del Re delle Erbe\u00a0<\/strong><\/h2>\n<p>Vero e proprio toccasana per le donne, il Re delle Erbe viene presentato come una <strong>integratore alimentare<\/strong> per i disturbi quotidiani. Pu\u00f2 essere utile per :<\/p>\n<ul>\n<li>Calma i dolori di stomaco; ;<\/li>\n<li>\u00c8 anche noto come antiveleno naturale; ;<\/li>\n<li>Viene utilizzato per aiutare a sbloccare le tube di Falloppio; ;<\/li>\n<li>Utile per la bellezza delle unghie; ;<\/li>\n<li>Proprio come <a href=\"https:\/\/www.safinel.fr\/it\/prodotto\/frutta-4-lati-3-pezzi\/\"><strong>il frutto a 4 facce<\/strong><\/a>, Aiuta a combattere il prurito e le infezioni vaginali; ;<\/li>\n<li>Benefico per la regolazione della pressione arteriosa; ;<\/li>\n<li>Aiuta ad alleviare i dolori mestruali nelle donne; ;<\/li>\n<li>Combatte i vermi intestinali; ;<\/li>\n<li>\u00c8 un equilibratore di nervi; ;<\/li>\n<li>Si ritiene inoltre che abbia virt\u00f9 contro alcuni problemi di infertilit\u00e0, come cisti e fibromi.<\/li>\n<\/ul>\n<p>Vale a dire: disconosciamo totalmente la sua pseudo-utilit\u00e0 come \u00abpianta magica\u00bb nella spiritualit\u00e0. Cos\u00ec come le false credenze che circolano su di essa.<\/p>\n<h2><strong>Quali sono i possibili usi del Re delle erbe?\u00a0<\/strong><\/h2>\n<p>In generale, questa pianta africana viene utilizzata in <strong>tisana naturale<\/strong>. Seguire le istruzioni riportate sulla confezione del prodotto.<\/p>\n<p>D'altra parte, il Re delle Erbe pu\u00f2 essere utilizzato sotto forma di foglie fresche, lavandole e strofinandole sulle zone da trattare. Sar\u00e0 quindi utile contro le micosi e le varie infezioni.<\/p>\n<h3><strong>Dopo il re delle erbe: le piante africane sono protagoniste!\u00a0<\/strong><\/h3>\n<p>Per saperne di pi\u00f9, visitate il nostro sito <strong>boutique di prodotti naturali<\/strong> molte piante che sono benefiche per <strong>privacy<\/strong> delle donne. In particolare il <strong>Shatavari<\/strong>, il <strong>Nep Nep <\/strong>o il <strong><a href=\"https:\/\/www.safinel.fr\/it\/prodotto\/djeka-lascia\/\">Djeka se ne va<\/a>.\u00a0<\/strong><\/p>\n<p>Inoltre, sarete felici di trovare degli alleati che vi aiuteranno a raggiungere l'appagamento sessuale. Come il famoso <a href=\"https:\/\/www.safinel.fr\/it\/prodotto\/colla-stringere\/\"><strong>Colla Stringere<\/strong><\/a>, o il <strong>Radice di vetiver.\u00a0<\/strong><\/p>\n<h3><strong>Alcune precauzioni d'uso\u00a0<\/strong><\/h3>\n<p>Si consiglia di non assumere prodotti farmaceutici contemporaneamente a Herbal King. Pertanto, se si sta assumendo <a href=\"https:\/\/www.doctissimo.fr\/sante\/dictionnaire-medical\/traitement-medicamenteux\" target=\"_blank\" rel=\"noopener\"><strong>terapia farmacologica<\/strong><\/a>, Si prega di discuterne preventivamente con il proprio medico di famiglia.<\/p>\n<p>Inoltre, \u00e8 sempre consigliabile consultare un professionista della salute prima di assumere qualsiasi nuovo integratore alimentare.<\/p>\n<p>Assicurarsi di seguire attentamente le istruzioni di dosaggio e di somministrazione riportate sulla confezione.<\/p>\n<p><strong>Questa pianta non \u00e8 un farmaco e non sostituisce in alcun modo una visita medica.\u00a0<\/strong><\/p>","protected":false},"excerpt":{"rendered":"<p><img decoding=\"async\" class=\"size-full wp-image-5091 aligncenter\" src=\"https:\/\/www.safinel.fr\/wp-content\/uploads\/2021\/06\/BANNIERE-ICONE-SAFINEL.webp\" alt=\"riassicurazione satine\" width=\"800\" height=\"200\" srcset=\"https:\/\/www.safinel.fr\/wp-content\/uploads\/2021\/06\/BANNIERE-ICONE-SAFINEL.webp 800w, https:\/\/www.safinel.fr\/wp-content\/uploads\/2021\/06\/BANNIERE-ICONE-SAFINEL-600x150.webp 600w, https:\/\/www.safinel.fr\/wp-content\/uploads\/2021\/06\/BANNIERE-ICONE-SAFINEL-768x192.webp 768w\" sizes=\"(max-width: 800px) 100vw, 800px\" \/><\/p>","protected":false},"featured_media":660,"template":"","meta":[],"product_brand":[],"product_cat":[27],"product_tag":[],"class_list":{"0":"post-659","1":"product","2":"type-product","3":"status-publish","4":"has-post-thumbnail","6":"product_cat-plantes-medicinales","8":"first","9":"instock","10":"shipping-taxable","11":"purchasable","12":"product-type-simple"},"yoast_head":"<!-- This site is optimized with the Yoast SEO plugin v26.6 - https:\/\/yoast.com\/wordpress\/plugins\/seo\/ -->\n<title>Le Roi des herbes (kuvito takin) | La plante africaine par excellence<\/title>\n<meta name=\"description\" content=\"Le Roi des herbes pourrait bien devenir la pi\u00e8ce ma\u00eetresse dans votre royaume des herbes m\u00e9dicinales. Vous ne le connaissez pas encore ?\" \/>\n<meta name=\"robots\" content=\"index, follow, max-snippet:-1, max-image-preview:large, max-video-preview:-1\" \/>\n<link rel=\"canonical\" href=\"https:\/\/www.safinel.fr\/it\/prodotto\/il-re-delle-erbe\/\" \/>\n<meta property=\"og:locale\" content=\"it_IT\" \/>\n<meta property=\"og:type\" content=\"article\" \/>\n<meta property=\"og:title\" content=\"Le Roi des herbes (kuvito takin) | La plante africaine par excellence\" \/>\n<meta property=\"og:description\" content=\"Le Roi des herbes pourrait bien devenir la pi\u00e8ce ma\u00eetresse dans votre royaume des herbes m\u00e9dicinales. Vous ne le connaissez pas encore ?\" \/>\n<meta property=\"og:url\" content=\"https:\/\/www.safinel.fr\/it\/prodotto\/il-re-delle-erbe\/\" \/>\n<meta property=\"og:site_name\" content=\"Safinel\" \/>\n<meta property=\"article:modified_time\" content=\"2026-03-09T10:49:10+00:00\" \/>\n<meta property=\"og:image\" content=\"https:\/\/www.safinel.fr\/wp-content\/uploads\/2022\/01\/le-roi-des-herbes.jpg\" \/>\n\t<meta property=\"og:image:width\" content=\"600\" \/>\n\t<meta property=\"og:image:height\" content=\"600\" \/>\n\t<meta property=\"og:image:type\" content=\"image\/jpeg\" \/>\n<meta name=\"twitter:card\" content=\"summary_large_image\" \/>\n<meta name=\"twitter:label1\" content=\"Tempo di lettura stimato\" \/>\n\t<meta name=\"twitter:data1\" content=\"3 minuti\" \/>\n<script type=\"application\/ld+json\" class=\"yoast-schema-graph\">{\"@context\":\"https:\/\/schema.org\",\"@graph\":[{\"@type\":\"WebPage\",\"@id\":\"https:\/\/www.safinel.fr\/produit\/le-roi-des-herbes\/\",\"url\":\"https:\/\/www.safinel.fr\/produit\/le-roi-des-herbes\/\",\"name\":\"Le Roi des herbes (kuvito takin) | La plante africaine par excellence\",\"isPartOf\":{\"@id\":\"https:\/\/www.safinel.fr\/#website\"},\"primaryImageOfPage\":{\"@id\":\"https:\/\/www.safinel.fr\/produit\/le-roi-des-herbes\/#primaryimage\"},\"image\":{\"@id\":\"https:\/\/www.safinel.fr\/produit\/le-roi-des-herbes\/#primaryimage\"},\"thumbnailUrl\":\"https:\/\/www.safinel.fr\/wp-content\/uploads\/2022\/01\/le-roi-des-herbes.jpg\",\"datePublished\":\"2022-01-07T08:35:10+00:00\",\"dateModified\":\"2026-03-09T10:49:10+00:00\",\"description\":\"Le Roi des herbes pourrait bien devenir la pi\u00e8ce ma\u00eetresse dans votre royaume des herbes m\u00e9dicinales. Vous ne le connaissez pas encore ?\",\"breadcrumb\":{\"@id\":\"https:\/\/www.safinel.fr\/produit\/le-roi-des-herbes\/#breadcrumb\"},\"inLanguage\":\"it-IT\",\"potentialAction\":[{\"@type\":\"ReadAction\",\"target\":[\"https:\/\/www.safinel.fr\/produit\/le-roi-des-herbes\/\"]}]},{\"@type\":\"ImageObject\",\"inLanguage\":\"it-IT\",\"@id\":\"https:\/\/www.safinel.fr\/produit\/le-roi-des-herbes\/#primaryimage\",\"url\":\"https:\/\/www.safinel.fr\/wp-content\/uploads\/2022\/01\/le-roi-des-herbes.jpg\",\"contentUrl\":\"https:\/\/www.safinel.fr\/wp-content\/uploads\/2022\/01\/le-roi-des-herbes.jpg\",\"width\":600,\"height\":600,\"caption\":\"Le Roi des herbes 100g\"},{\"@type\":\"BreadcrumbList\",\"@id\":\"https:\/\/www.safinel.fr\/produit\/le-roi-des-herbes\/#breadcrumb\",\"itemListElement\":[{\"@type\":\"ListItem\",\"position\":1,\"name\":\"Accueil\",\"item\":\"https:\/\/www.safinel.fr\/\"},{\"@type\":\"ListItem\",\"position\":2,\"name\":\"Boutique\",\"item\":\"https:\/\/www.safinel.fr\/boutique\/\"},{\"@type\":\"ListItem\",\"position\":3,\"name\":\"Le Roi des herbes 50g\"}]},{\"@type\":\"WebSite\",\"@id\":\"https:\/\/www.safinel.fr\/#website\",\"url\":\"https:\/\/www.safinel.fr\/\",\"name\":\"Safinel\",\"description\":\"\",\"publisher\":{\"@id\":\"https:\/\/www.safinel.fr\/#organization\"},\"potentialAction\":[{\"@type\":\"SearchAction\",\"target\":{\"@type\":\"EntryPoint\",\"urlTemplate\":\"https:\/\/www.safinel.fr\/?s={search_term_string}\"},\"query-input\":{\"@type\":\"PropertyValueSpecification\",\"valueRequired\":true,\"valueName\":\"search_term_string\"}}],\"inLanguage\":\"it-IT\"},{\"@type\":\"Organization\",\"@id\":\"https:\/\/www.safinel.fr\/#organization\",\"name\":\"Safinel\",\"url\":\"https:\/\/www.safinel.fr\/\",\"logo\":{\"@type\":\"ImageObject\",\"inLanguage\":\"it-IT\",\"@id\":\"https:\/\/www.safinel.fr\/#\/schema\/logo\/image\/\",\"url\":\"https:\/\/www.safinel.fr\/wp-content\/uploads\/2021\/05\/boutique-cosmetique.png\",\"contentUrl\":\"https:\/\/www.safinel.fr\/wp-content\/uploads\/2021\/05\/boutique-cosmetique.png\",\"width\":800,\"height\":200,\"caption\":\"Safinel\"},\"image\":{\"@id\":\"https:\/\/www.safinel.fr\/#\/schema\/logo\/image\/\"}}]}<\/script>\n<!-- \/ Yoast SEO plugin. -->","yoast_head_json":{"title":"Il re delle erbe (kuvito takin) | La pianta africana per eccellenza","description":"Il Re delle Erbe potrebbe diventare il fulcro del vostro regno delle erbe medicinali. Non ne avete ancora sentito parlare?","robots":{"index":"index","follow":"follow","max-snippet":"max-snippet:-1","max-image-preview":"max-image-preview:large","max-video-preview":"max-video-preview:-1"},"canonical":"https:\/\/www.safinel.fr\/it\/prodotto\/il-re-delle-erbe\/","og_locale":"it_IT","og_type":"article","og_title":"Le Roi des herbes (kuvito takin) | La plante africaine par excellence","og_description":"Le Roi des herbes pourrait bien devenir la pi\u00e8ce ma\u00eetresse dans votre royaume des herbes m\u00e9dicinales. Vous ne le connaissez pas encore ?","og_url":"https:\/\/www.safinel.fr\/it\/prodotto\/il-re-delle-erbe\/","og_site_name":"Safinel","article_modified_time":"2026-03-09T10:49:10+00:00","og_image":[{"width":600,"height":600,"url":"https:\/\/www.safinel.fr\/wp-content\/uploads\/2022\/01\/le-roi-des-herbes.jpg","type":"image\/jpeg"}],"twitter_card":"summary_large_image","twitter_misc":{"Tempo di lettura stimato":"3 minuti"},"schema":{"@context":"https:\/\/schema.org","@graph":[{"@type":"WebPage","@id":"https:\/\/www.safinel.fr\/produit\/le-roi-des-herbes\/","url":"https:\/\/www.safinel.fr\/produit\/le-roi-des-herbes\/","name":"Il re delle erbe (kuvito takin) | La pianta africana per eccellenza","isPartOf":{"@id":"https:\/\/www.safinel.fr\/#website"},"primaryImageOfPage":{"@id":"https:\/\/www.safinel.fr\/produit\/le-roi-des-herbes\/#primaryimage"},"image":{"@id":"https:\/\/www.safinel.fr\/produit\/le-roi-des-herbes\/#primaryimage"},"thumbnailUrl":"https:\/\/www.safinel.fr\/wp-content\/uploads\/2022\/01\/le-roi-des-herbes.jpg","datePublished":"2022-01-07T08:35:10+00:00","dateModified":"2026-03-09T10:49:10+00:00","description":"Il Re delle Erbe potrebbe diventare il fulcro del vostro regno delle erbe medicinali. Non ne avete ancora sentito parlare?","breadcrumb":{"@id":"https:\/\/www.safinel.fr\/produit\/le-roi-des-herbes\/#breadcrumb"},"inLanguage":"it-IT","potentialAction":[{"@type":"ReadAction","target":["https:\/\/www.safinel.fr\/produit\/le-roi-des-herbes\/"]}]},{"@type":"ImageObject","inLanguage":"it-IT","@id":"https:\/\/www.safinel.fr\/produit\/le-roi-des-herbes\/#primaryimage","url":"https:\/\/www.safinel.fr\/wp-content\/uploads\/2022\/01\/le-roi-des-herbes.jpg","contentUrl":"https:\/\/www.safinel.fr\/wp-content\/uploads\/2022\/01\/le-roi-des-herbes.jpg","width":600,"height":600,"caption":"Le Roi des herbes 100g"},{"@type":"BreadcrumbList","@id":"https:\/\/www.safinel.fr\/produit\/le-roi-des-herbes\/#breadcrumb","itemListElement":[{"@type":"ListItem","position":1,"name":"Accueil","item":"https:\/\/www.safinel.fr\/"},{"@type":"ListItem","position":2,"name":"Boutique","item":"https:\/\/www.safinel.fr\/boutique\/"},{"@type":"ListItem","position":3,"name":"Le Roi des herbes 50g"}]},{"@type":"WebSite","@id":"https:\/\/www.safinel.fr\/#website","url":"https:\/\/www.safinel.fr\/","name":"Safinel","description":"","publisher":{"@id":"https:\/\/www.safinel.fr\/#organization"},"potentialAction":[{"@type":"SearchAction","target":{"@type":"EntryPoint","urlTemplate":"https:\/\/www.safinel.fr\/?s={search_term_string}"},"query-input":{"@type":"PropertyValueSpecification","valueRequired":true,"valueName":"search_term_string"}}],"inLanguage":"it-IT"},{"@type":"Organization","@id":"https:\/\/www.safinel.fr\/#organization","name":"Safinel","url":"https:\/\/www.safinel.fr\/","logo":{"@type":"ImageObject","inLanguage":"it-IT","@id":"https:\/\/www.safinel.fr\/#\/schema\/logo\/image\/","url":"https:\/\/www.safinel.fr\/wp-content\/uploads\/2021\/05\/boutique-cosmetique.png","contentUrl":"https:\/\/www.safinel.fr\/wp-content\/uploads\/2021\/05\/boutique-cosmetique.png","width":800,"height":200,"caption":"Safinel"},"image":{"@id":"https:\/\/www.safinel.fr\/#\/schema\/logo\/image\/"}}]}},"_links":{"self":[{"href":"https:\/\/www.safinel.fr\/it\/wp-json\/wp\/v2\/product\/659","targetHints":{"allow":["GET"]}}],"collection":[{"href":"https:\/\/www.safinel.fr\/it\/wp-json\/wp\/v2\/product"}],"about":[{"href":"https:\/\/www.safinel.fr\/it\/wp-json\/wp\/v2\/types\/product"}],"wp:featuredmedia":[{"embeddable":true,"href":"https:\/\/www.safinel.fr\/it\/wp-json\/wp\/v2\/media\/660"}],"wp:attachment":[{"href":"https:\/\/www.safinel.fr\/it\/wp-json\/wp\/v2\/media?parent=659"}],"wp:term":[{"taxonomy":"product_brand","embeddable":true,"href":"https:\/\/www.safinel.fr\/it\/wp-json\/wp\/v2\/product_brand?post=659"},{"taxonomy":"product_cat","embeddable":true,"href":"https:\/\/www.safinel.fr\/it\/wp-json\/wp\/v2\/product_cat?post=659"},{"taxonomy":"product_tag","embeddable":true,"href":"https:\/\/www.safinel.fr\/it\/wp-json\/wp\/v2\/product_tag?post=659"}],"curies":[{"name":"wp","href":"https:\/\/api.w.org\/{rel}","templated":true}]}}