{"id":645,"date":"2021-12-31T12:24:57","date_gmt":"2021-12-31T12:24:57","guid":{"rendered":"https:\/\/www.safinel.fr\/?post_type=product&#038;p=645"},"modified":"2023-12-30T13:29:34","modified_gmt":"2023-12-30T13:29:34","slug":"il-riso-si-rompe-2-volte","status":"publish","type":"product","link":"https:\/\/www.safinel.fr\/it\/prodotto\/il-riso-si-rompe-2-volte\/","title":{"rendered":"Riso spezzato 2 volte 1 kg"},"content":{"rendered":"<p>Oggi parliamo di un\u00a0<strong>cereali<\/strong>\u00a0che ha attraversato campi ed epoche per diffondere il suo gusto e i suoi benefici nutrizionali. Presente in 5 dei 6 continenti, \u00e8 sulla bocca di tutti non solo per la sua storia, ma anche per il suo alto valore nutrizionale. Se non l'avete ancora capito, andiamo avanti... Considerato oggi uno dei raccolti pi\u00f9 diffusi dopo il mais, diamo un'occhiata pi\u00f9 da vicino al\u00a0<strong>riso rotto due volte!\u00a0<\/strong><\/p>\n<h2><strong>Il riso spezzato due volte e la sua origine\u00a0<\/strong><\/h2>\n<p><strong>Il riso<\/strong>, come tutti i cereali, ha un'origine ambigua che i ricercatori fanno fatica a definire. In particolare, l'aspetto cronologico \u00e8 complicato da definire. Detto questo, \u00e8 unanimemente accettato che sia stato utilizzato per la prima volta oltre 5.000 anni fa.<\/p>\n<p>Ma perch\u00e9 questo nome?<\/p>\n<p><strong>Riso rotto due volte<\/strong>, conosciuto anche come\u00a0<strong>riso spezzato 2 volte<\/strong>, \u00e8 un\u00a0<strong>grano rotto<\/strong>\u00a0durante la raccolta e il lavaggio. Conosciuto in particolare tra le popolazioni asiatiche, ma anche in Africa, questo\u00a0<strong>rottura dei nutrienti<\/strong>\u00a0\u00e8 una risorsa quotidiana per le comunit\u00e0. Il suo prezzo interessante e il suo valore nutrizionale sono un vero e proprio scambio di buone pratiche che pu\u00f2 sfamare interi villaggi.<\/p>\n<h2><strong>Come si fa a cuocere due volte il riso spezzato?<\/strong><\/h2>\n<ol>\n<li>Per un buon pasto e<strong>\u00a0il successo del vostro riso<\/strong>, Per cominciare, prendete le porzioni in base alle necessit\u00e0 e al numero di persone.<\/li>\n<li>Mettere il riso in una ciotola e sciacquarlo bene con acqua pulita.<\/li>\n<li>Poi trasferitelo in una casseruola piena di acqua fredda, mettete sul fuoco e non dimenticate di mettere il coperchio!<\/li>\n<li>Dopo una cottura di circa 10-14 minuti, condire a piacere e lasciare riposare per circa 5 minuti.<\/li>\n<\/ol>\n<p>Ora che il vostro riso \u00e8 pronto, potete servirlo con una salsa di<strong>\u00a0<a href=\"https:\/\/www.safinel.fr\/it\/prodotto\/giuggiole-secche-100-g\/\">giuggiole secche<\/a>,<\/strong>\u00a0per dare quel sapore dolce e salato. I vostri ospiti ne chiederanno ancora!<\/p>\n<p>Seguite questo pasto con una bevanda fatta in casa o una tisana naturale. Ad esempio, potete scegliere tra\u00a0<a href=\"https:\/\/www.safinel.fr\/it\/prodotto\/kacip-fatimah\/\"><strong>Kacip fatimah<\/strong><\/a>\u00a0che favorisce la digestione e aiuta a combattere lo stress.<\/p>\n<h2><strong>I benefici del riso spezzato 2 volte\u00a0<\/strong><\/h2>\n<p>Questo cereale \u00e8 considerato\u00a0<strong>un tesoro naturale dalle molteplici virt\u00f9<\/strong>. Ricco di carboidrati, viene talvolta utilizzato per regolare il transito digestivo.<\/p>\n<p>\u00c8 noto anche che aiuta a combattere le malattie cardiovascolari e a ridurre i livelli di colesterolo. Ricco anche di vitamine e minerali, il riso spezzato 2 volte <a href=\"https:\/\/www.miel-imperial.com\/huiles-naturelles-et-bio\/30-huile-de-haba-saouda-habachia-.html\" target=\"_blank\" rel=\"noopener\"><strong>pu\u00f2 aiutare a rafforzare il sistema immunitario<\/strong><\/a>.<\/p>\n<p>Come potete vedere, le dimensioni sono ridotte, ma i nutrienti non mancano!<\/p>\n<p>Lasciatevi sedurre da questo frutto spezzato e godetevi il suo delizioso sapore al palato. Cosa chiedere di pi\u00f9 di un buon sapore che porta piacere e bont\u00e0?<\/p>\n<h3><strong>Scoprite i nostri prodotti naturali<\/strong><\/h3>\n<p>Inoltre, la vostra boutique di cosmetici naturali africani 100% vuole, come sempre, offrirvi prodotti che uniscono qualit\u00e0 e benessere. In particolare, vorremmo farvi scoprire le nostre piante, cos\u00ec come le nostre<strong>\u00a0<a href=\"https:\/\/www.safinel.fr\/it\/prodotto\/burro-di-cacao-grezzo-biologico-certificato-100ml\/\">burri vegetali di cacao crudi<\/a><\/strong>, i nostri carboni e\u00a0<strong>dentifrici naturali<\/strong>\u00a0!<\/p>\n<p>Una moltitudine di scelte per soddisfare le esigenze dei nostri clienti che vogliono affidarsi ai benefici della natura!<\/p>","protected":false},"excerpt":{"rendered":"<p>Aujourd\u2019hui, nous parlerons d\u2019une\u00a0c\u00e9r\u00e9ale\u00a0qui a parcouru les champs et les \u00e9poques afin de propager son go\u00fbt et ses bienfaits nutritionnels. Trouv\u00e9e dans 5 continents sur 6, elle fait parler d\u2019elle pour son histoire, mais aussi pour sa forte capacit\u00e9 nutritive. Si vous n\u2019avez pas encore devin\u00e9, poursuivons\u2026 Consid\u00e9r\u00e9e aujourd\u2019hui comme l\u2019une des plus r\u00e9colt\u00e9es apr\u00e8s [&#8230;]","protected":false},"featured_media":646,"template":"","meta":[],"product_brand":[],"product_cat":[28],"product_tag":[],"class_list":{"0":"post-645","1":"product","2":"type-product","3":"status-publish","4":"has-post-thumbnail","6":"product_cat-divers","8":"first","9":"outofstock","10":"shipping-taxable","11":"purchasable","12":"product-type-simple"},"yoast_head":"<!-- This site is optimized with the Yoast SEO plugin v26.6 - https:\/\/yoast.com\/wordpress\/plugins\/seo\/ -->\n<title>Riz cass\u00e9 2 fois | Ses bienfaits | Achat en ligne s\u00e9curis\u00e9<\/title>\n<meta name=\"description\" content=\"Consid\u00e9r\u00e9e aujourd\u2019hui comme l\u2019une des plus r\u00e9colt\u00e9es apr\u00e8s le ma\u00efs, faisons alors un zoom sur le\u00a0riz cass\u00e9 2 fois !\u00a0\" \/>\n<meta name=\"robots\" content=\"index, follow, max-snippet:-1, max-image-preview:large, max-video-preview:-1\" \/>\n<link rel=\"canonical\" href=\"https:\/\/www.safinel.fr\/it\/prodotto\/il-riso-si-rompe-2-volte\/\" \/>\n<meta property=\"og:locale\" content=\"it_IT\" \/>\n<meta property=\"og:type\" content=\"article\" \/>\n<meta property=\"og:title\" content=\"Riz cass\u00e9 2 fois | Ses bienfaits | Achat en ligne s\u00e9curis\u00e9\" \/>\n<meta property=\"og:description\" content=\"Consid\u00e9r\u00e9e aujourd\u2019hui comme l\u2019une des plus r\u00e9colt\u00e9es apr\u00e8s le ma\u00efs, faisons alors un zoom sur le\u00a0riz cass\u00e9 2 fois !\u00a0\" \/>\n<meta property=\"og:url\" content=\"https:\/\/www.safinel.fr\/it\/prodotto\/il-riso-si-rompe-2-volte\/\" \/>\n<meta property=\"og:site_name\" content=\"Safinel\" \/>\n<meta property=\"article:modified_time\" content=\"2023-12-30T13:29:34+00:00\" \/>\n<meta property=\"og:image\" content=\"https:\/\/www.safinel.fr\/wp-content\/uploads\/2021\/12\/Riz-casse-2-fois.jpg\" \/>\n\t<meta property=\"og:image:width\" content=\"600\" \/>\n\t<meta property=\"og:image:height\" content=\"600\" \/>\n\t<meta property=\"og:image:type\" content=\"image\/jpeg\" \/>\n<meta name=\"twitter:card\" content=\"summary_large_image\" \/>\n<meta name=\"twitter:label1\" content=\"Tempo di lettura stimato\" \/>\n\t<meta name=\"twitter:data1\" content=\"3 minuti\" \/>\n<script type=\"application\/ld+json\" class=\"yoast-schema-graph\">{\"@context\":\"https:\/\/schema.org\",\"@graph\":[{\"@type\":\"WebPage\",\"@id\":\"https:\/\/www.safinel.fr\/produit\/riz-casse-2-fois\/\",\"url\":\"https:\/\/www.safinel.fr\/produit\/riz-casse-2-fois\/\",\"name\":\"Riz cass\u00e9 2 fois | Ses bienfaits | Achat en ligne s\u00e9curis\u00e9\",\"isPartOf\":{\"@id\":\"https:\/\/www.safinel.fr\/#website\"},\"primaryImageOfPage\":{\"@id\":\"https:\/\/www.safinel.fr\/produit\/riz-casse-2-fois\/#primaryimage\"},\"image\":{\"@id\":\"https:\/\/www.safinel.fr\/produit\/riz-casse-2-fois\/#primaryimage\"},\"thumbnailUrl\":\"https:\/\/www.safinel.fr\/wp-content\/uploads\/2021\/12\/Riz-casse-2-fois.jpg\",\"datePublished\":\"2021-12-31T12:24:57+00:00\",\"dateModified\":\"2023-12-30T13:29:34+00:00\",\"description\":\"Consid\u00e9r\u00e9e aujourd\u2019hui comme l\u2019une des plus r\u00e9colt\u00e9es apr\u00e8s le ma\u00efs, faisons alors un zoom sur le\u00a0riz cass\u00e9 2 fois !\u00a0\",\"breadcrumb\":{\"@id\":\"https:\/\/www.safinel.fr\/produit\/riz-casse-2-fois\/#breadcrumb\"},\"inLanguage\":\"it-IT\",\"potentialAction\":[{\"@type\":\"ReadAction\",\"target\":[\"https:\/\/www.safinel.fr\/produit\/riz-casse-2-fois\/\"]}]},{\"@type\":\"ImageObject\",\"inLanguage\":\"it-IT\",\"@id\":\"https:\/\/www.safinel.fr\/produit\/riz-casse-2-fois\/#primaryimage\",\"url\":\"https:\/\/www.safinel.fr\/wp-content\/uploads\/2021\/12\/Riz-casse-2-fois.jpg\",\"contentUrl\":\"https:\/\/www.safinel.fr\/wp-content\/uploads\/2021\/12\/Riz-casse-2-fois.jpg\",\"width\":600,\"height\":600,\"caption\":\"Riz cass\u00e9 2 fois 1kg\"},{\"@type\":\"BreadcrumbList\",\"@id\":\"https:\/\/www.safinel.fr\/produit\/riz-casse-2-fois\/#breadcrumb\",\"itemListElement\":[{\"@type\":\"ListItem\",\"position\":1,\"name\":\"Accueil\",\"item\":\"https:\/\/www.safinel.fr\/\"},{\"@type\":\"ListItem\",\"position\":2,\"name\":\"Boutique\",\"item\":\"https:\/\/www.safinel.fr\/boutique\/\"},{\"@type\":\"ListItem\",\"position\":3,\"name\":\"Riz cass\u00e9 2 fois 1kg\"}]},{\"@type\":\"WebSite\",\"@id\":\"https:\/\/www.safinel.fr\/#website\",\"url\":\"https:\/\/www.safinel.fr\/\",\"name\":\"Safinel\",\"description\":\"\",\"publisher\":{\"@id\":\"https:\/\/www.safinel.fr\/#organization\"},\"potentialAction\":[{\"@type\":\"SearchAction\",\"target\":{\"@type\":\"EntryPoint\",\"urlTemplate\":\"https:\/\/www.safinel.fr\/?s={search_term_string}\"},\"query-input\":{\"@type\":\"PropertyValueSpecification\",\"valueRequired\":true,\"valueName\":\"search_term_string\"}}],\"inLanguage\":\"it-IT\"},{\"@type\":\"Organization\",\"@id\":\"https:\/\/www.safinel.fr\/#organization\",\"name\":\"Safinel\",\"url\":\"https:\/\/www.safinel.fr\/\",\"logo\":{\"@type\":\"ImageObject\",\"inLanguage\":\"it-IT\",\"@id\":\"https:\/\/www.safinel.fr\/#\/schema\/logo\/image\/\",\"url\":\"https:\/\/www.safinel.fr\/wp-content\/uploads\/2021\/05\/boutique-cosmetique.png\",\"contentUrl\":\"https:\/\/www.safinel.fr\/wp-content\/uploads\/2021\/05\/boutique-cosmetique.png\",\"width\":800,\"height\":200,\"caption\":\"Safinel\"},\"image\":{\"@id\":\"https:\/\/www.safinel.fr\/#\/schema\/logo\/image\/\"}}]}<\/script>\n<!-- \/ Yoast SEO plugin. -->","yoast_head_json":{"title":"Riso spezzato 2 volte | I suoi benefici | Acquisto online sicuro","description":"Considerato uno dei raccolti pi\u00f9 diffusi dopo il mais, diamo un'occhiata pi\u00f9 da vicino al riso doppio!\u00a0","robots":{"index":"index","follow":"follow","max-snippet":"max-snippet:-1","max-image-preview":"max-image-preview:large","max-video-preview":"max-video-preview:-1"},"canonical":"https:\/\/www.safinel.fr\/it\/prodotto\/il-riso-si-rompe-2-volte\/","og_locale":"it_IT","og_type":"article","og_title":"Riz cass\u00e9 2 fois | Ses bienfaits | Achat en ligne s\u00e9curis\u00e9","og_description":"Consid\u00e9r\u00e9e aujourd\u2019hui comme l\u2019une des plus r\u00e9colt\u00e9es apr\u00e8s le ma\u00efs, faisons alors un zoom sur le\u00a0riz cass\u00e9 2 fois !\u00a0","og_url":"https:\/\/www.safinel.fr\/it\/prodotto\/il-riso-si-rompe-2-volte\/","og_site_name":"Safinel","article_modified_time":"2023-12-30T13:29:34+00:00","og_image":[{"width":600,"height":600,"url":"https:\/\/www.safinel.fr\/wp-content\/uploads\/2021\/12\/Riz-casse-2-fois.jpg","type":"image\/jpeg"}],"twitter_card":"summary_large_image","twitter_misc":{"Tempo di lettura stimato":"3 minuti"},"schema":{"@context":"https:\/\/schema.org","@graph":[{"@type":"WebPage","@id":"https:\/\/www.safinel.fr\/produit\/riz-casse-2-fois\/","url":"https:\/\/www.safinel.fr\/produit\/riz-casse-2-fois\/","name":"Riso spezzato 2 volte | I suoi benefici | Acquisto online sicuro","isPartOf":{"@id":"https:\/\/www.safinel.fr\/#website"},"primaryImageOfPage":{"@id":"https:\/\/www.safinel.fr\/produit\/riz-casse-2-fois\/#primaryimage"},"image":{"@id":"https:\/\/www.safinel.fr\/produit\/riz-casse-2-fois\/#primaryimage"},"thumbnailUrl":"https:\/\/www.safinel.fr\/wp-content\/uploads\/2021\/12\/Riz-casse-2-fois.jpg","datePublished":"2021-12-31T12:24:57+00:00","dateModified":"2023-12-30T13:29:34+00:00","description":"Considerato uno dei raccolti pi\u00f9 diffusi dopo il mais, diamo un'occhiata pi\u00f9 da vicino al riso doppio!\u00a0","breadcrumb":{"@id":"https:\/\/www.safinel.fr\/produit\/riz-casse-2-fois\/#breadcrumb"},"inLanguage":"it-IT","potentialAction":[{"@type":"ReadAction","target":["https:\/\/www.safinel.fr\/produit\/riz-casse-2-fois\/"]}]},{"@type":"ImageObject","inLanguage":"it-IT","@id":"https:\/\/www.safinel.fr\/produit\/riz-casse-2-fois\/#primaryimage","url":"https:\/\/www.safinel.fr\/wp-content\/uploads\/2021\/12\/Riz-casse-2-fois.jpg","contentUrl":"https:\/\/www.safinel.fr\/wp-content\/uploads\/2021\/12\/Riz-casse-2-fois.jpg","width":600,"height":600,"caption":"Riz cass\u00e9 2 fois 1kg"},{"@type":"BreadcrumbList","@id":"https:\/\/www.safinel.fr\/produit\/riz-casse-2-fois\/#breadcrumb","itemListElement":[{"@type":"ListItem","position":1,"name":"Accueil","item":"https:\/\/www.safinel.fr\/"},{"@type":"ListItem","position":2,"name":"Boutique","item":"https:\/\/www.safinel.fr\/boutique\/"},{"@type":"ListItem","position":3,"name":"Riz cass\u00e9 2 fois 1kg"}]},{"@type":"WebSite","@id":"https:\/\/www.safinel.fr\/#website","url":"https:\/\/www.safinel.fr\/","name":"Safinel","description":"","publisher":{"@id":"https:\/\/www.safinel.fr\/#organization"},"potentialAction":[{"@type":"SearchAction","target":{"@type":"EntryPoint","urlTemplate":"https:\/\/www.safinel.fr\/?s={search_term_string}"},"query-input":{"@type":"PropertyValueSpecification","valueRequired":true,"valueName":"search_term_string"}}],"inLanguage":"it-IT"},{"@type":"Organization","@id":"https:\/\/www.safinel.fr\/#organization","name":"Safinel","url":"https:\/\/www.safinel.fr\/","logo":{"@type":"ImageObject","inLanguage":"it-IT","@id":"https:\/\/www.safinel.fr\/#\/schema\/logo\/image\/","url":"https:\/\/www.safinel.fr\/wp-content\/uploads\/2021\/05\/boutique-cosmetique.png","contentUrl":"https:\/\/www.safinel.fr\/wp-content\/uploads\/2021\/05\/boutique-cosmetique.png","width":800,"height":200,"caption":"Safinel"},"image":{"@id":"https:\/\/www.safinel.fr\/#\/schema\/logo\/image\/"}}]}},"_links":{"self":[{"href":"https:\/\/www.safinel.fr\/it\/wp-json\/wp\/v2\/product\/645","targetHints":{"allow":["GET"]}}],"collection":[{"href":"https:\/\/www.safinel.fr\/it\/wp-json\/wp\/v2\/product"}],"about":[{"href":"https:\/\/www.safinel.fr\/it\/wp-json\/wp\/v2\/types\/product"}],"wp:featuredmedia":[{"embeddable":true,"href":"https:\/\/www.safinel.fr\/it\/wp-json\/wp\/v2\/media\/646"}],"wp:attachment":[{"href":"https:\/\/www.safinel.fr\/it\/wp-json\/wp\/v2\/media?parent=645"}],"wp:term":[{"taxonomy":"product_brand","embeddable":true,"href":"https:\/\/www.safinel.fr\/it\/wp-json\/wp\/v2\/product_brand?post=645"},{"taxonomy":"product_cat","embeddable":true,"href":"https:\/\/www.safinel.fr\/it\/wp-json\/wp\/v2\/product_cat?post=645"},{"taxonomy":"product_tag","embeddable":true,"href":"https:\/\/www.safinel.fr\/it\/wp-json\/wp\/v2\/product_tag?post=645"}],"curies":[{"name":"wp","href":"https:\/\/api.w.org\/{rel}","templated":true}]}}