{"id":637,"date":"2021-07-26T14:17:26","date_gmt":"2021-07-26T14:17:26","guid":{"rendered":"https:\/\/www.safinel.fr\/?post_type=product&#038;p=637"},"modified":"2023-12-30T13:30:46","modified_gmt":"2023-12-30T13:30:46","slug":"peperoncino-vegetariano","status":"publish","type":"product","link":"https:\/\/www.safinel.fr\/it\/prodotto\/peperoncino-vegetariano\/","title":{"rendered":"Peperoncino vegetariano 100g"},"content":{"rendered":"<p>Avete voglia di un viaggio nelle Antille? Venite con noi a scoprire un pepe senza eguali!\u00a0<strong>Peperoncino vegetariano<\/strong>, l'oro colorato dell'arcipelago delle Antille, delizia il palato di grandi e piccini. Vera e propria star nel suo paese, \u00e8 diventata un punto fermo della cucina creola.<br \/>\nSpieghiamo questa storia di\u00a0<strong>gusto<\/strong>\u00a0e profumo. Tenetevi forte!<\/p>\n<h2><strong>Peperoncino vegetariano: cos'\u00e8?<\/strong><\/h2>\n<p>Peperoncino vegetariano - noto anche come \u00ab\u00a0<strong>impianto<\/strong>\u00a0\u00bb\u00e8 una variet\u00e0 di peperoncino delle Indie Occidentali. Ma attenzione! Non un peperoncino qualsiasi, perch\u00e9 \u00e8 il peperoncino pi\u00f9\u00a0<strong>morbido<\/strong>\u00a0e il pi\u00f9\u00a0<strong>profumato<\/strong>\u00a0di tutti. Ha un sapore unico. \u00c8 noto per il suo\u00a0<strong>gusto<\/strong>\u00a0verdure ed \u00e8 molto pi\u00f9 facile da digerire rispetto al peperoncino. Come si pu\u00f2 notare, questo condimento molto particolare\u00a0<strong>non brucia affatto<\/strong>, anche se \u00e8 molto aromatico. Quindi potete addentarlo senza temere il forno!<\/p>\n<p>Viene spesso paragonato al pepe bonda man jak, caratterizzato da una piccantezza molto (molto) forte. Addirittura vulcanico. In effetti, i due sono spesso utilizzati insieme in cucina.<br \/>\nProbabilmente vi starete chiedendo perch\u00e9 questo peperoncino si chiama \u00abvegetariano\u00bb. Le risposte variano. Alcuni pensano che il nome derivi dalla mitezza del suo sapore. Altri sostengono che le ragioni sono storiche. Per continuare...<\/p>\n<h2><strong>I benefici del peperoncino vegetariano<\/strong><\/h2>\n<p>Oltre a essere gustoso, ha propriet\u00e0 benefiche per la salute. Oltre a saziare il nostro stomaco, questo alimento \u00e8\u00a0<strong>ricco di vitamine e\u00a0<\/strong><strong>oligo<\/strong><strong>\u00a0elementi<\/strong>.<br \/>\nQuesto condimento facilmente digeribile \u00e8 una fonte di ferro, rame e manganese. Contiene vitamine C, B6 e K. \u00c8 inoltre povero di sodio, il che lo rende un'alternativa al sale.<\/p>\n<h2><strong>Che aspetto ha?<\/strong><\/h2>\n<p>Chiunque lo veda pu\u00f2 dubitare che non sia piccante, perch\u00e9 assomiglia molto a... un peperoncino. Da\u00a0<strong>verde, giallo o rosso<\/strong>, Questo spettacolo colorato \u00e8 una festa per gli occhi.<\/p>\n<p>Da\u00a0<strong>piccolo<\/strong>\u00a0<strong>dimensione<\/strong>, Si presenta in due forme:<\/p>\n<p>- La forma allungata (la pi\u00f9 comune) misura tra i 4 e i 7 centimetri. \u00c8 la forma pi\u00f9 conosciuta; ;<br \/>\n- Pi\u00f9 raramente, pu\u00f2 essere rotonda e misurare circa 3 centimetri di diametro. Questa \u00e8 anche la gamma pi\u00f9 dolce.<\/p>\n<h3><strong>Come si mangia?<\/strong><\/h3>\n<p>\u00c8 l'ingrediente perfetto per i palati sensibili e per i bambini. Si pu\u00f2 letteralmente mangiare \u00abcon tutte le salse\u00bb. Pu\u00f2 essere utilizzato per\u00a0<strong>aumento<\/strong>, ma anche a\u00a0<a href=\"https:\/\/www.safinel.fr\/it\/prodotto\/pepe-di-timut-50g\/\"><strong>piatti gustosi<\/strong><\/a>. Alcune ricette suggeriscono di cuocerlo in\u00a0<strong>purea<\/strong>\u00a0o in\u00a0<strong>pasta<\/strong>\u00a0per guarnire i piatti. Pu\u00f2 essere\u00a0<strong>confit<\/strong>\u00a0o\u00a0<strong>Imbalsamato<\/strong>.<\/p>\n<p>Pu\u00f2 anche essere depositata in strisce sottili nel\u00a0<strong>piatti con salsa<\/strong>.<br \/>\nSi possono conservare in frigorifero per qualche giorno. Altri preferiscono congelarli per averli sempre a portata di mano. Ricordate per\u00f2 di lavarli e asciugarli bene prima.<\/p>\n<p>Voglia di peperoncino vegetariano? Non aspettate oltre! Scopritelo nel nostro negozio!<\/p>","protected":false},"excerpt":{"rendered":"<p>Vi piacerebbe fare un viaggio ai Caraibi? Venite con noi alla scoperta di un peperoncino diverso da tutti gli altri! Il peperoncino vegetariano, questo oro colorato dell'arcipelago caraibico, delizia il palato di grandi e piccini. Vera star nel suo paese, \u00e8 diventato un ingrediente imprescindibile della cucina creola. Vi spieghiamo questa [\u2026]","protected":false},"featured_media":0,"template":"","meta":[],"product_brand":[],"product_cat":[44],"product_tag":[],"class_list":{"0":"post-637","1":"product","2":"type-product","3":"status-publish","5":"product_cat-epices","7":"first","8":"outofstock","9":"shipping-taxable","10":"purchasable","11":"product-type-simple"},"yoast_head":"<!-- This site is optimized with the Yoast SEO plugin v26.6 - https:\/\/yoast.com\/wordpress\/plugins\/seo\/ -->\n<title>Piment v\u00e9g\u00e9tarien | Achat en ligne s\u00e9curis\u00e9 en quelques clics<\/title>\n<meta name=\"description\" content=\"Le piment v\u00e9g\u00e9tarien, cet or color\u00e9 de l\u2019archipel antillais, ravit les papilles des grands et des petits.\u00a0Adoptez-le !\" \/>\n<meta name=\"robots\" content=\"index, follow, max-snippet:-1, max-image-preview:large, max-video-preview:-1\" \/>\n<link rel=\"canonical\" href=\"https:\/\/www.safinel.fr\/it\/prodotto\/peperoncino-vegetariano\/\" \/>\n<meta property=\"og:locale\" content=\"it_IT\" \/>\n<meta property=\"og:type\" content=\"article\" \/>\n<meta property=\"og:title\" content=\"Piment v\u00e9g\u00e9tarien | Achat en ligne s\u00e9curis\u00e9 en quelques clics\" \/>\n<meta property=\"og:description\" content=\"Le piment v\u00e9g\u00e9tarien, cet or color\u00e9 de l\u2019archipel antillais, ravit les papilles des grands et des petits.\u00a0Adoptez-le !\" \/>\n<meta property=\"og:url\" content=\"https:\/\/www.safinel.fr\/it\/prodotto\/peperoncino-vegetariano\/\" \/>\n<meta property=\"og:site_name\" content=\"Safinel\" \/>\n<meta property=\"article:modified_time\" content=\"2023-12-30T13:30:46+00:00\" \/>\n<meta name=\"twitter:card\" content=\"summary_large_image\" \/>\n<meta name=\"twitter:label1\" content=\"Tempo di lettura stimato\" \/>\n\t<meta name=\"twitter:data1\" content=\"3 minuti\" \/>\n<script type=\"application\/ld+json\" class=\"yoast-schema-graph\">{\"@context\":\"https:\/\/schema.org\",\"@graph\":[{\"@type\":\"WebPage\",\"@id\":\"https:\/\/www.safinel.fr\/produit\/piment-vegetarien\/\",\"url\":\"https:\/\/www.safinel.fr\/produit\/piment-vegetarien\/\",\"name\":\"Piment v\u00e9g\u00e9tarien | Achat en ligne s\u00e9curis\u00e9 en quelques clics\",\"isPartOf\":{\"@id\":\"https:\/\/www.safinel.fr\/#website\"},\"datePublished\":\"2021-07-26T14:17:26+00:00\",\"dateModified\":\"2023-12-30T13:30:46+00:00\",\"description\":\"Le piment v\u00e9g\u00e9tarien, cet or color\u00e9 de l\u2019archipel antillais, ravit les papilles des grands et des petits.\u00a0Adoptez-le !\",\"breadcrumb\":{\"@id\":\"https:\/\/www.safinel.fr\/produit\/piment-vegetarien\/#breadcrumb\"},\"inLanguage\":\"it-IT\",\"potentialAction\":[{\"@type\":\"ReadAction\",\"target\":[\"https:\/\/www.safinel.fr\/produit\/piment-vegetarien\/\"]}]},{\"@type\":\"BreadcrumbList\",\"@id\":\"https:\/\/www.safinel.fr\/produit\/piment-vegetarien\/#breadcrumb\",\"itemListElement\":[{\"@type\":\"ListItem\",\"position\":1,\"name\":\"Accueil\",\"item\":\"https:\/\/www.safinel.fr\/\"},{\"@type\":\"ListItem\",\"position\":2,\"name\":\"Boutique\",\"item\":\"https:\/\/www.safinel.fr\/boutique\/\"},{\"@type\":\"ListItem\",\"position\":3,\"name\":\"Piment v\u00e9g\u00e9tarien 100g\"}]},{\"@type\":\"WebSite\",\"@id\":\"https:\/\/www.safinel.fr\/#website\",\"url\":\"https:\/\/www.safinel.fr\/\",\"name\":\"Safinel\",\"description\":\"\",\"publisher\":{\"@id\":\"https:\/\/www.safinel.fr\/#organization\"},\"potentialAction\":[{\"@type\":\"SearchAction\",\"target\":{\"@type\":\"EntryPoint\",\"urlTemplate\":\"https:\/\/www.safinel.fr\/?s={search_term_string}\"},\"query-input\":{\"@type\":\"PropertyValueSpecification\",\"valueRequired\":true,\"valueName\":\"search_term_string\"}}],\"inLanguage\":\"it-IT\"},{\"@type\":\"Organization\",\"@id\":\"https:\/\/www.safinel.fr\/#organization\",\"name\":\"Safinel\",\"url\":\"https:\/\/www.safinel.fr\/\",\"logo\":{\"@type\":\"ImageObject\",\"inLanguage\":\"it-IT\",\"@id\":\"https:\/\/www.safinel.fr\/#\/schema\/logo\/image\/\",\"url\":\"https:\/\/www.safinel.fr\/wp-content\/uploads\/2021\/05\/boutique-cosmetique.png\",\"contentUrl\":\"https:\/\/www.safinel.fr\/wp-content\/uploads\/2021\/05\/boutique-cosmetique.png\",\"width\":800,\"height\":200,\"caption\":\"Safinel\"},\"image\":{\"@id\":\"https:\/\/www.safinel.fr\/#\/schema\/logo\/image\/\"}}]}<\/script>\n<!-- \/ Yoast SEO plugin. -->","yoast_head_json":{"title":"Peperoncino vegetariano | Acquisti online sicuri in pochi clic","description":"Il peperoncino vegetariano, l'oro colorato delle Antille, delizia il palato di grandi e piccini. Adottatelo!","robots":{"index":"index","follow":"follow","max-snippet":"max-snippet:-1","max-image-preview":"max-image-preview:large","max-video-preview":"max-video-preview:-1"},"canonical":"https:\/\/www.safinel.fr\/it\/prodotto\/peperoncino-vegetariano\/","og_locale":"it_IT","og_type":"article","og_title":"Piment v\u00e9g\u00e9tarien | Achat en ligne s\u00e9curis\u00e9 en quelques clics","og_description":"Le piment v\u00e9g\u00e9tarien, cet or color\u00e9 de l\u2019archipel antillais, ravit les papilles des grands et des petits.\u00a0Adoptez-le !","og_url":"https:\/\/www.safinel.fr\/it\/prodotto\/peperoncino-vegetariano\/","og_site_name":"Safinel","article_modified_time":"2023-12-30T13:30:46+00:00","twitter_card":"summary_large_image","twitter_misc":{"Tempo di lettura stimato":"3 minuti"},"schema":{"@context":"https:\/\/schema.org","@graph":[{"@type":"WebPage","@id":"https:\/\/www.safinel.fr\/produit\/piment-vegetarien\/","url":"https:\/\/www.safinel.fr\/produit\/piment-vegetarien\/","name":"Peperoncino vegetariano | Acquisti online sicuri in pochi clic","isPartOf":{"@id":"https:\/\/www.safinel.fr\/#website"},"datePublished":"2021-07-26T14:17:26+00:00","dateModified":"2023-12-30T13:30:46+00:00","description":"Il peperoncino vegetariano, l'oro colorato delle Antille, delizia il palato di grandi e piccini. Adottatelo!","breadcrumb":{"@id":"https:\/\/www.safinel.fr\/produit\/piment-vegetarien\/#breadcrumb"},"inLanguage":"it-IT","potentialAction":[{"@type":"ReadAction","target":["https:\/\/www.safinel.fr\/produit\/piment-vegetarien\/"]}]},{"@type":"BreadcrumbList","@id":"https:\/\/www.safinel.fr\/produit\/piment-vegetarien\/#breadcrumb","itemListElement":[{"@type":"ListItem","position":1,"name":"Accueil","item":"https:\/\/www.safinel.fr\/"},{"@type":"ListItem","position":2,"name":"Boutique","item":"https:\/\/www.safinel.fr\/boutique\/"},{"@type":"ListItem","position":3,"name":"Piment v\u00e9g\u00e9tarien 100g"}]},{"@type":"WebSite","@id":"https:\/\/www.safinel.fr\/#website","url":"https:\/\/www.safinel.fr\/","name":"Safinel","description":"","publisher":{"@id":"https:\/\/www.safinel.fr\/#organization"},"potentialAction":[{"@type":"SearchAction","target":{"@type":"EntryPoint","urlTemplate":"https:\/\/www.safinel.fr\/?s={search_term_string}"},"query-input":{"@type":"PropertyValueSpecification","valueRequired":true,"valueName":"search_term_string"}}],"inLanguage":"it-IT"},{"@type":"Organization","@id":"https:\/\/www.safinel.fr\/#organization","name":"Safinel","url":"https:\/\/www.safinel.fr\/","logo":{"@type":"ImageObject","inLanguage":"it-IT","@id":"https:\/\/www.safinel.fr\/#\/schema\/logo\/image\/","url":"https:\/\/www.safinel.fr\/wp-content\/uploads\/2021\/05\/boutique-cosmetique.png","contentUrl":"https:\/\/www.safinel.fr\/wp-content\/uploads\/2021\/05\/boutique-cosmetique.png","width":800,"height":200,"caption":"Safinel"},"image":{"@id":"https:\/\/www.safinel.fr\/#\/schema\/logo\/image\/"}}]}},"_links":{"self":[{"href":"https:\/\/www.safinel.fr\/it\/wp-json\/wp\/v2\/product\/637","targetHints":{"allow":["GET"]}}],"collection":[{"href":"https:\/\/www.safinel.fr\/it\/wp-json\/wp\/v2\/product"}],"about":[{"href":"https:\/\/www.safinel.fr\/it\/wp-json\/wp\/v2\/types\/product"}],"wp:attachment":[{"href":"https:\/\/www.safinel.fr\/it\/wp-json\/wp\/v2\/media?parent=637"}],"wp:term":[{"taxonomy":"product_brand","embeddable":true,"href":"https:\/\/www.safinel.fr\/it\/wp-json\/wp\/v2\/product_brand?post=637"},{"taxonomy":"product_cat","embeddable":true,"href":"https:\/\/www.safinel.fr\/it\/wp-json\/wp\/v2\/product_cat?post=637"},{"taxonomy":"product_tag","embeddable":true,"href":"https:\/\/www.safinel.fr\/it\/wp-json\/wp\/v2\/product_tag?post=637"}],"curies":[{"name":"wp","href":"https:\/\/api.w.org\/{rel}","templated":true}]}}