{"id":6313,"date":"2023-06-01T10:56:28","date_gmt":"2023-06-01T10:56:28","guid":{"rendered":"https:\/\/www.safinel.fr\/?post_type=product&#038;p=6313"},"modified":"2023-12-28T17:16:03","modified_gmt":"2023-12-28T17:16:03","slug":"incenso-di-boswellia-serrata","status":"publish","type":"product","link":"https:\/\/www.safinel.fr\/it\/prodotto\/incenso-di-boswellia-serrata\/","title":{"rendered":"Boswellia Serrata (incenso)"},"content":{"rendered":"<p>Le\u00a0<strong>Boswellia serrata<\/strong>, L'Incenso Serrata \u00e8 una pianta originaria dell'India e del Nord Africa. Utilizzata da migliaia di anni per le sue propriet\u00e0 medicinali, oggi sta guadagnando popolarit\u00e0 in tutto il mondo. In questo articolo scoprirete le virt\u00f9 della polvere di boswelia serrata e l'origine di questa pianta eccezionale.<\/p>\n<h2><strong>Carta d'identit\u00e0 della Boswellia serrata<\/strong><\/h2>\n<p>Le\u00a0<strong>Boswellia serrata<\/strong>\u00a0appartiene alla famiglia delle Burseraceae e cresce soprattutto nelle regioni aride e montuose dell'India, oltre che in Nord Africa. Viene spesso paragonata a <a href=\"https:\/\/www.safinel.fr\/it\/prodotto\/oliban-louban-dakar\/\"><strong>Olibano<\/strong><\/a> o incenso, che proviene dall'albero Boswellia sacra. Hanno molte somiglianze, ma si differenziano per la composizione chimica e gli usi tradizionali.<\/p>\n<p>La parte pi\u00f9 interessante della Boswellia serrata \u00e8 la sua resina. Raccolta fin dall'antichit\u00e0, possiede virt\u00f9 eccezionali riconosciute da diverse medicine tradizionali. Oggi questa preziosa sostanza si pu\u00f2 trovare sotto forma di integratori alimentari, estratti o polvere.<\/p>\n<h2><strong>La ricerca sui benefici della Boswellia serrata<\/strong><\/h2>\n<ul>\n<li><strong>Antinfiammatorio naturale<\/strong><\/li>\n<\/ul>\n<p>Numerosi studi scientifici hanno dimostrato gli effetti antinfiammatori di\u00a0<strong>Boswellia serrata<\/strong>. Contiene acidi boswellici, tra cui l'acido 3-O-acetil-11-cheto-beta-boswellico (AKBA), che inibiscono la produzione di alcune molecole pro-infiammatorie.<\/p>\n<p>Ci\u00f2 rende la resina di Boswellia serrata un alleato prezioso per alleviare i dolori articolari e muscolari, nonch\u00e9 alcuni disturbi infiammatori cronici.<\/p>\n<ul>\n<li><strong>Supporto per il sistema respiratorio<\/strong><\/li>\n<\/ul>\n<p>La medicina ayurvedica indiana ha una lunga storia di utilizzo di\u00a0<strong>Boswellia serrata<\/strong>\u00a0per trattare problemi respiratori come asma, bronchite e tosse.<\/p>\n<p>Studi recenti supportano questo uso tradizionale dimostrando che gli estratti di Boswellia serrata possono avere un effetto rilassante sulle vie respiratorie e ridurre la frequenza degli attacchi d'asma.<\/p>\n<ul>\n<li><strong>Migliorare la salute dell'apparato digerente<\/strong><\/li>\n<\/ul>\n<p>Le propriet\u00e0 antinfiammatorie della resina di Boswellia serrata si estendono anche all'apparato digerente.<\/p>\n<p>Alcuni studi hanno infatti dimostrato un miglioramento della funzione intestinale e una riduzione dei sintomi nelle persone affette da malattie infiammatorie croniche dell'intestino, come il morbo di Crohn o la colite ulcerosa.<\/p>\n<h2><strong>Uso della Boswellia serrata in polvere<\/strong><\/h2>\n<p>La\u00a0<strong>boswelia serrata polvere<\/strong>\u00a0si ottiene dalla resina dura ed essiccata. Questa forma \u00e8 pratica perch\u00e9 consente di regolare facilmente la quantit\u00e0 consumata in base alle esigenze individuali.<\/p>\n<p><strong>Ecco alcuni consigli per l'uso quotidiano della polvere di boswelia serrata:<\/strong><\/p>\n<ul>\n<li>Mescolare mezzo cucchiaino di polvere in un bicchiere d'acqua, due volte al giorno prima dei pasti. Il dosaggio pu\u00f2 essere modificato in base alle raccomandazioni di un operatore sanitario.<\/li>\n<li>Incorporare la polvere in preparazioni culinarie come frullati, succhi di frutta, zuppe o salse.<\/li>\n<li>La polvere di Boswellia serrata pu\u00f2 essere utilizzata anche per preparare infusi, mettendo in infusione un cucchiaino di polvere in una tazza di acqua calda per 10 minuti.<\/li>\n<\/ul>\n<p><strong>Si prega di notare:<\/strong>\u00a0Gli integratori alimentari a base di Boswellia serrata devono sempre essere assunti sotto la supervisione di un professionista della salute. Possono esistere alcune controindicazioni.<\/p>\n<h3><strong>Conservazione e acquisto della polvere di boswelia serrata<\/strong><\/h3>\n<p>Per godere di tutti i vantaggi di\u00a0<strong>boswelia serrata polvere<\/strong>, \u00c8 importante conservarla in un luogo fresco e asciutto, al riparo dalla luce. Inoltre, assicuratevi di scegliere una polvere prodotta in modo responsabile, nel rispetto dell'ambiente e delle popolazioni locali.<\/p>\n<p>Quando si acquista la polvere di boswelia serrata, bisogna prestare particolare attenzione alla qualit\u00e0 del prodotto. Assicuratevi che la polvere sia 100% pura, senza eccipienti o conservanti aggiunti, e che sia stata estratta con processi delicati che preservano i principi attivi della resina. Se possibile, optate per un prodotto biologico certificato.<\/p>\n<p>La Boswellia serrata, con la sua preziosa resina e le sue numerose virt\u00f9, merita di essere riconosciuta come un vero e proprio tesoro vegetale. L'uso di\u00a0<strong>boswelia serrata polvere<\/strong>\u00a0pu\u00f2 fornire un efficace supporto naturale nella gestione di vari problemi di salute come infiammazioni, disturbi respiratori e digestivi. Non esitate a consultare un professionista della salute per aiutarvi a rendere questa pianta millenaria parte della vostra routine di benessere.<\/p>","protected":false},"excerpt":{"rendered":"<p><strong>Come si usa :\u00a0<\/strong><\/p>\n<ul>\n<li>Mescolare mezzo cucchiaino di polvere in un bicchiere d'acqua, due volte al giorno prima dei pasti. Il dosaggio pu\u00f2 essere modificato in base alle raccomandazioni di un operatore sanitario.<\/li>\n<li>Incorporare la polvere in preparazioni culinarie come frullati, succhi di frutta, zuppe o salse.<\/li>\n<li>La polvere di Boswellia serrata pu\u00f2 essere utilizzata anche per preparare infusi, mettendo in infusione un cucchiaino di polvere in una tazza di acqua calda per 10 minuti.<\/li>\n<\/ul>\n<p><strong>Si prega di notare:<\/strong>\u00a0Gli integratori alimentari a base di Boswellia serrata devono sempre essere assunti sotto la supervisione di un professionista della salute, in quanto possono esserci alcune controindicazioni.<\/p>\n<p><img decoding=\"async\" class=\"size-full wp-image-5091 aligncenter\" src=\"https:\/\/www.safinel.fr\/wp-content\/uploads\/2021\/06\/BANNIERE-ICONE-SAFINEL.webp\" alt=\"riassicurazione satine\" width=\"800\" height=\"200\" srcset=\"https:\/\/www.safinel.fr\/wp-content\/uploads\/2021\/06\/BANNIERE-ICONE-SAFINEL.webp 800w, https:\/\/www.safinel.fr\/wp-content\/uploads\/2021\/06\/BANNIERE-ICONE-SAFINEL-600x150.webp 600w, https:\/\/www.safinel.fr\/wp-content\/uploads\/2021\/06\/BANNIERE-ICONE-SAFINEL-768x192.webp 768w\" sizes=\"(max-width: 800px) 100vw, 800px\" \/><\/p>\n<p>&nbsp;<\/p>","protected":false},"featured_media":6314,"template":"","meta":[],"product_brand":[],"product_cat":[20],"product_tag":[],"class_list":{"0":"post-6313","1":"product","2":"type-product","3":"status-publish","4":"has-post-thumbnail","6":"product_cat-gelules","8":"first","9":"outofstock","10":"shipping-taxable","11":"purchasable","12":"product-type-variable"},"yoast_head":"<!-- This site is optimized with the Yoast SEO plugin v26.6 - https:\/\/yoast.com\/wordpress\/plugins\/seo\/ -->\n<title>Boswellia Serrata I Poudres &amp; g\u00e9lules I Bienfaits et utilisations<\/title>\n<meta name=\"description\" content=\"Le Boswellia Serrata, connu aussi comme l&#039;encens indien, offre de nombreux bienfaits pour la sant\u00e9. Achetez le rapidement sur Safinel.fr !\" \/>\n<meta name=\"robots\" content=\"index, follow, max-snippet:-1, max-image-preview:large, max-video-preview:-1\" \/>\n<link rel=\"canonical\" href=\"https:\/\/www.safinel.fr\/it\/prodotto\/incenso-di-boswellia-serrata\/\" \/>\n<meta property=\"og:locale\" content=\"it_IT\" \/>\n<meta property=\"og:type\" content=\"article\" \/>\n<meta property=\"og:title\" content=\"Boswellia Serrata I Poudres &amp; g\u00e9lules I Bienfaits et utilisations\" \/>\n<meta property=\"og:description\" content=\"Le Boswellia Serrata, connu aussi comme l&#039;encens indien, offre de nombreux bienfaits pour la sant\u00e9. Achetez le rapidement sur Safinel.fr !\" \/>\n<meta property=\"og:url\" content=\"https:\/\/www.safinel.fr\/it\/prodotto\/incenso-di-boswellia-serrata\/\" \/>\n<meta property=\"og:site_name\" content=\"Safinel\" \/>\n<meta property=\"article:modified_time\" content=\"2023-12-28T17:16:03+00:00\" \/>\n<meta property=\"og:image\" content=\"https:\/\/www.safinel.fr\/wp-content\/uploads\/2023\/06\/gelules-de-boswelia-serrata.jpg\" \/>\n\t<meta property=\"og:image:width\" content=\"600\" \/>\n\t<meta property=\"og:image:height\" content=\"600\" \/>\n\t<meta property=\"og:image:type\" content=\"image\/jpeg\" \/>\n<meta name=\"twitter:card\" content=\"summary_large_image\" \/>\n<meta name=\"twitter:label1\" content=\"Tempo di lettura stimato\" \/>\n\t<meta name=\"twitter:data1\" content=\"4 minuti\" \/>\n<script type=\"application\/ld+json\" class=\"yoast-schema-graph\">{\"@context\":\"https:\/\/schema.org\",\"@graph\":[{\"@type\":\"WebPage\",\"@id\":\"https:\/\/www.safinel.fr\/produit\/boswellia-serrata-encens\/\",\"url\":\"https:\/\/www.safinel.fr\/produit\/boswellia-serrata-encens\/\",\"name\":\"Boswellia Serrata I Poudres & g\u00e9lules I Bienfaits et utilisations\",\"isPartOf\":{\"@id\":\"https:\/\/www.safinel.fr\/#website\"},\"primaryImageOfPage\":{\"@id\":\"https:\/\/www.safinel.fr\/produit\/boswellia-serrata-encens\/#primaryimage\"},\"image\":{\"@id\":\"https:\/\/www.safinel.fr\/produit\/boswellia-serrata-encens\/#primaryimage\"},\"thumbnailUrl\":\"https:\/\/www.safinel.fr\/wp-content\/uploads\/2023\/06\/gelules-de-boswelia-serrata.jpg\",\"datePublished\":\"2023-06-01T10:56:28+00:00\",\"dateModified\":\"2023-12-28T17:16:03+00:00\",\"description\":\"Le Boswellia Serrata, connu aussi comme l'encens indien, offre de nombreux bienfaits pour la sant\u00e9. Achetez le rapidement sur Safinel.fr !\",\"breadcrumb\":{\"@id\":\"https:\/\/www.safinel.fr\/produit\/boswellia-serrata-encens\/#breadcrumb\"},\"inLanguage\":\"it-IT\",\"potentialAction\":[{\"@type\":\"ReadAction\",\"target\":[\"https:\/\/www.safinel.fr\/produit\/boswellia-serrata-encens\/\"]}]},{\"@type\":\"ImageObject\",\"inLanguage\":\"it-IT\",\"@id\":\"https:\/\/www.safinel.fr\/produit\/boswellia-serrata-encens\/#primaryimage\",\"url\":\"https:\/\/www.safinel.fr\/wp-content\/uploads\/2023\/06\/gelules-de-boswelia-serrata.jpg\",\"contentUrl\":\"https:\/\/www.safinel.fr\/wp-content\/uploads\/2023\/06\/gelules-de-boswelia-serrata.jpg\",\"width\":600,\"height\":600,\"caption\":\"g\u00e9lules de boswelia serrata\"},{\"@type\":\"BreadcrumbList\",\"@id\":\"https:\/\/www.safinel.fr\/produit\/boswellia-serrata-encens\/#breadcrumb\",\"itemListElement\":[{\"@type\":\"ListItem\",\"position\":1,\"name\":\"Accueil\",\"item\":\"https:\/\/www.safinel.fr\/\"},{\"@type\":\"ListItem\",\"position\":2,\"name\":\"Boutique\",\"item\":\"https:\/\/www.safinel.fr\/boutique\/\"},{\"@type\":\"ListItem\",\"position\":3,\"name\":\"Boswellia Serrata (Encens)\"}]},{\"@type\":\"WebSite\",\"@id\":\"https:\/\/www.safinel.fr\/#website\",\"url\":\"https:\/\/www.safinel.fr\/\",\"name\":\"Safinel\",\"description\":\"\",\"publisher\":{\"@id\":\"https:\/\/www.safinel.fr\/#organization\"},\"potentialAction\":[{\"@type\":\"SearchAction\",\"target\":{\"@type\":\"EntryPoint\",\"urlTemplate\":\"https:\/\/www.safinel.fr\/?s={search_term_string}\"},\"query-input\":{\"@type\":\"PropertyValueSpecification\",\"valueRequired\":true,\"valueName\":\"search_term_string\"}}],\"inLanguage\":\"it-IT\"},{\"@type\":\"Organization\",\"@id\":\"https:\/\/www.safinel.fr\/#organization\",\"name\":\"Safinel\",\"url\":\"https:\/\/www.safinel.fr\/\",\"logo\":{\"@type\":\"ImageObject\",\"inLanguage\":\"it-IT\",\"@id\":\"https:\/\/www.safinel.fr\/#\/schema\/logo\/image\/\",\"url\":\"https:\/\/www.safinel.fr\/wp-content\/uploads\/2021\/05\/boutique-cosmetique.png\",\"contentUrl\":\"https:\/\/www.safinel.fr\/wp-content\/uploads\/2021\/05\/boutique-cosmetique.png\",\"width\":800,\"height\":200,\"caption\":\"Safinel\"},\"image\":{\"@id\":\"https:\/\/www.safinel.fr\/#\/schema\/logo\/image\/\"}}]}<\/script>\n<!-- \/ Yoast SEO plugin. -->","yoast_head_json":{"title":"Boswellia Serrata I Polveri e capsule I Benefici e utilizzi","description":"La Boswellia Serrata, nota anche come incenso indiano, ha molti benefici per la salute. Acquistatelo subito su Safinel.it!","robots":{"index":"index","follow":"follow","max-snippet":"max-snippet:-1","max-image-preview":"max-image-preview:large","max-video-preview":"max-video-preview:-1"},"canonical":"https:\/\/www.safinel.fr\/it\/prodotto\/incenso-di-boswellia-serrata\/","og_locale":"it_IT","og_type":"article","og_title":"Boswellia Serrata I Poudres & g\u00e9lules I Bienfaits et utilisations","og_description":"Le Boswellia Serrata, connu aussi comme l'encens indien, offre de nombreux bienfaits pour la sant\u00e9. Achetez le rapidement sur Safinel.fr !","og_url":"https:\/\/www.safinel.fr\/it\/prodotto\/incenso-di-boswellia-serrata\/","og_site_name":"Safinel","article_modified_time":"2023-12-28T17:16:03+00:00","og_image":[{"width":600,"height":600,"url":"https:\/\/www.safinel.fr\/wp-content\/uploads\/2023\/06\/gelules-de-boswelia-serrata.jpg","type":"image\/jpeg"}],"twitter_card":"summary_large_image","twitter_misc":{"Tempo di lettura stimato":"4 minuti"},"schema":{"@context":"https:\/\/schema.org","@graph":[{"@type":"WebPage","@id":"https:\/\/www.safinel.fr\/produit\/boswellia-serrata-encens\/","url":"https:\/\/www.safinel.fr\/produit\/boswellia-serrata-encens\/","name":"Boswellia Serrata I Polveri e capsule I Benefici e utilizzi","isPartOf":{"@id":"https:\/\/www.safinel.fr\/#website"},"primaryImageOfPage":{"@id":"https:\/\/www.safinel.fr\/produit\/boswellia-serrata-encens\/#primaryimage"},"image":{"@id":"https:\/\/www.safinel.fr\/produit\/boswellia-serrata-encens\/#primaryimage"},"thumbnailUrl":"https:\/\/www.safinel.fr\/wp-content\/uploads\/2023\/06\/gelules-de-boswelia-serrata.jpg","datePublished":"2023-06-01T10:56:28+00:00","dateModified":"2023-12-28T17:16:03+00:00","description":"La Boswellia Serrata, nota anche come incenso indiano, ha molti benefici per la salute. Acquistatelo subito su Safinel.it!","breadcrumb":{"@id":"https:\/\/www.safinel.fr\/produit\/boswellia-serrata-encens\/#breadcrumb"},"inLanguage":"it-IT","potentialAction":[{"@type":"ReadAction","target":["https:\/\/www.safinel.fr\/produit\/boswellia-serrata-encens\/"]}]},{"@type":"ImageObject","inLanguage":"it-IT","@id":"https:\/\/www.safinel.fr\/produit\/boswellia-serrata-encens\/#primaryimage","url":"https:\/\/www.safinel.fr\/wp-content\/uploads\/2023\/06\/gelules-de-boswelia-serrata.jpg","contentUrl":"https:\/\/www.safinel.fr\/wp-content\/uploads\/2023\/06\/gelules-de-boswelia-serrata.jpg","width":600,"height":600,"caption":"g\u00e9lules de boswelia serrata"},{"@type":"BreadcrumbList","@id":"https:\/\/www.safinel.fr\/produit\/boswellia-serrata-encens\/#breadcrumb","itemListElement":[{"@type":"ListItem","position":1,"name":"Accueil","item":"https:\/\/www.safinel.fr\/"},{"@type":"ListItem","position":2,"name":"Boutique","item":"https:\/\/www.safinel.fr\/boutique\/"},{"@type":"ListItem","position":3,"name":"Boswellia Serrata (Encens)"}]},{"@type":"WebSite","@id":"https:\/\/www.safinel.fr\/#website","url":"https:\/\/www.safinel.fr\/","name":"Safinel","description":"","publisher":{"@id":"https:\/\/www.safinel.fr\/#organization"},"potentialAction":[{"@type":"SearchAction","target":{"@type":"EntryPoint","urlTemplate":"https:\/\/www.safinel.fr\/?s={search_term_string}"},"query-input":{"@type":"PropertyValueSpecification","valueRequired":true,"valueName":"search_term_string"}}],"inLanguage":"it-IT"},{"@type":"Organization","@id":"https:\/\/www.safinel.fr\/#organization","name":"Safinel","url":"https:\/\/www.safinel.fr\/","logo":{"@type":"ImageObject","inLanguage":"it-IT","@id":"https:\/\/www.safinel.fr\/#\/schema\/logo\/image\/","url":"https:\/\/www.safinel.fr\/wp-content\/uploads\/2021\/05\/boutique-cosmetique.png","contentUrl":"https:\/\/www.safinel.fr\/wp-content\/uploads\/2021\/05\/boutique-cosmetique.png","width":800,"height":200,"caption":"Safinel"},"image":{"@id":"https:\/\/www.safinel.fr\/#\/schema\/logo\/image\/"}}]}},"_links":{"self":[{"href":"https:\/\/www.safinel.fr\/it\/wp-json\/wp\/v2\/product\/6313","targetHints":{"allow":["GET"]}}],"collection":[{"href":"https:\/\/www.safinel.fr\/it\/wp-json\/wp\/v2\/product"}],"about":[{"href":"https:\/\/www.safinel.fr\/it\/wp-json\/wp\/v2\/types\/product"}],"wp:featuredmedia":[{"embeddable":true,"href":"https:\/\/www.safinel.fr\/it\/wp-json\/wp\/v2\/media\/6314"}],"wp:attachment":[{"href":"https:\/\/www.safinel.fr\/it\/wp-json\/wp\/v2\/media?parent=6313"}],"wp:term":[{"taxonomy":"product_brand","embeddable":true,"href":"https:\/\/www.safinel.fr\/it\/wp-json\/wp\/v2\/product_brand?post=6313"},{"taxonomy":"product_cat","embeddable":true,"href":"https:\/\/www.safinel.fr\/it\/wp-json\/wp\/v2\/product_cat?post=6313"},{"taxonomy":"product_tag","embeddable":true,"href":"https:\/\/www.safinel.fr\/it\/wp-json\/wp\/v2\/product_tag?post=6313"}],"curies":[{"name":"wp","href":"https:\/\/api.w.org\/{rel}","templated":true}]}}