{"id":631,"date":"2021-12-21T16:51:55","date_gmt":"2021-12-21T16:51:55","guid":{"rendered":"https:\/\/www.safinel.fr\/?post_type=product&#038;p=631"},"modified":"2026-01-16T15:01:20","modified_gmt":"2026-01-16T15:01:20","slug":"colla-stringere","status":"publish","type":"product","link":"https:\/\/www.safinel.fr\/it\/prodotto\/colla-stringere\/","title":{"rendered":"Colla Stringere"},"content":{"rendered":"<p><strong>Flora vaginale<\/strong>\u00a0\u00e8 un tesoro personale in cui l'igiene \u00e8 essenziale. Ecco perch\u00e9 il vostro negozio online Safinel desidera condividere con voi un prodotto naturale:\u00a0<strong>La pianta appiccicosa!<\/strong><\/p>\n<p>Poco conosciuto dagli occidentali, il suo nome piuttosto stravagante potrebbe farvi sorridere. Ma credeteci, una volta conosciute le sue virt\u00f9, non potrete pi\u00f9 farne a meno!<\/p>\n<h2><strong>I segreti della pianta del bastone e della spremitura\u00a0<\/strong><\/h2>\n<p>La pianta della colla e della spremitura \u00e8 nota anche come\u00a0<strong>Nonronnamba.<\/strong>\u00a0Un termine che letteralmente significa \u00abun bambino incollato alla madre\u00bb. Tuttavia, questo\u00a0<strong>Erba africana<\/strong>\u00a0non \u00e8 un gioco da ragazzi... Particolarmente popolare in Mali, questo\u00a0<strong>erba\u00a0<\/strong>con effetti benefici \u00e8 essenzialmente noto<strong>\u00a0per la cura intima<\/strong>\u00a0per le donne. Ma soprattutto \u00e8 apprezzato dalle coppie alla ricerca di qualcosa di piccante per rendere pi\u00f9 vivace la loro vita sessuale!<\/p>\n<p>\u00c8 ovvio che la pulizia delle parti intime \u00e8 essenziale. Per l'igiene e la salute. E per la fiducia in se stessi. Tuttavia, non sempre i prodotti per l'igiene sono adatti o salutari per questa fragile parte del corpo.<\/p>\n<p>Inoltre, la vita sessuale di una coppia pu\u00f2 diventare rapidamente monotona con il passare degli anni...<\/p>\n<p>Ecco perch\u00e9 Safinel, il vostro negozio online naturale, vi mette a disposizione questo prodotto.\u00a0<strong>Pianta africana\u00a0<\/strong>che agisce su entrambi i punti! Ma troverete anche molti altri prodotti per il\u2019<strong>intimit\u00e0 femminile<\/strong>. E per\u00a0<strong>vivacizzate le vostre relazioni sessuali!\u00a0<\/strong><\/p>\n<h2><strong>La pianta della colla e della spremitura e le sue numerose virt\u00f9!<\/strong><\/h2>\n<p>Questo trattamento naturale \u00e8 noto per aiutare\u00a0<strong>stringere la vagina,\u00a0<\/strong>mentre si ripristina<strong>\u00a0giovinezza e vigore.<\/strong>\u00a0Si dice che il vostro compagno, entusiasta del cambiamento, non vorr\u00e0 pi\u00f9 lasciarvi andare! Questo \u00e8 uno dei motivi per cui si chiama \u00abcolla e spremuta\u00bb!<\/p>\n<p>Questa pianta pu\u00f2 essere utilizzata anche per i suoi benefici\u00a0<strong>disinfettanti<\/strong>. Inoltre, le sue propriet\u00e0\u00a0<strong>antisettici<\/strong>\u00a0sono un vantaggio per l'igiene e il benessere della flora vaginale.<\/p>\n<p>Tuttavia, si consiglia di chiedere sempre il parere del medico prima di utilizzare qualsiasi nuovo prodotto, anche se naturale.<\/p>\n<h3><strong>I diversi usi \u00a0<\/strong><\/h3>\n<p>Si pu\u00f2 utilizzare in diversi modi:<\/p>\n<p><strong>In un bagno sitz\u00a0<\/strong><\/p>\n<ul>\n<li>Per prima cosa, pulite la pianta; ;<\/li>\n<li>Poi far bollire 1\/2 litro d'acqua e lasciare in infusione.\u00a0<strong>Incollato saldamente\u00a0<\/strong>;<\/li>\n<li>Quando l'acqua \u00e8 tiepida, procedere alla pulizia intima.<\/li>\n<\/ul>\n<p><strong>Fumigazione\u00a0<\/strong><\/p>\n<ul>\n<li>Per prima cosa, posizionate la pianta su una superficie piana. <a href=\"https:\/\/www.encens-store.fr\/categorie-produit\/charbons-pour-encens\/\" target=\"_blank\" rel=\"noopener\"><strong>carbone<\/strong><\/a> precedentemente illuminato ;<\/li>\n<li>Lasciare quindi che i fumi si diffondano e posizionarsi al di sopra di essi, a distanza di sicurezza per non bruciarsi; ;<\/li>\n<li>Lasciare agire per circa dieci minuti.<\/li>\n<\/ul>\n<h2><strong>Scoprite la nostra gamma di prodotti per l'intimit\u00e0 femminile!\u00a0<\/strong><\/h2>\n<p>Il vostro negozio online Safinel ha una sezione \u201cintimit\u00e0\u201d. Qui troverete un'ampia gamma di prodotti di qualit\u00e0 per l'igiene femminile e l'intimit\u00e0.<\/p>\n<p>Scoprite ad esempio :<\/p>\n<ul>\n<li><strong><a href=\"https:\/\/www.safinel.fr\/it\/prodotto\/djeka-lascia\/\">Foglie di Djeka<\/a> :<\/strong>\u00a0Questa pianta \u00e8 ideale per i dolori intestinali. Si pu\u00f2 mescolare con la pianta di Coller serrer per ottenere un infuso. Oppure usarla come incenso.<\/li>\n<\/ul>\n<ul>\n<li><strong><a href=\"https:\/\/www.safinel.fr\/it\/prodotto\/polvere-nep\/\">Le Nep nep<\/a> :\u00a0<\/strong>Conosciuto come afrodisiaco, ma non solo, viene talvolta utilizzato dopo il parto per alleviare il dolore e rafforzare il perineo. Aiuta anche a contrastare le perdite bianche e l'odore vaginale.<\/li>\n<\/ul>\n<ul>\n<li><strong>\u00a0 <a href=\"https:\/\/www.safinel.fr\/it\/prodotto\/fiorellino-rosso-fiori-interi\/\">Trifoglio rosso a fiore intero<\/a> :\u00a0<\/strong>Generalmente utilizzato per regolare gli estrogeni nelle donne in menopausa. Ma anche contro l'eczema e la psoriasi.<\/li>\n<\/ul>","protected":false},"excerpt":{"rendered":"<p><strong>Caratteristiche<\/strong> Da 4 a 5 utilizzi<\/p>","protected":false},"featured_media":632,"template":"","meta":[],"product_brand":[],"product_cat":[23],"product_tag":[],"class_list":{"0":"post-631","1":"product","2":"type-product","3":"status-publish","4":"has-post-thumbnail","6":"product_cat-hygiene-feminine","8":"first","9":"instock","10":"shipping-taxable","11":"purchasable","12":"product-type-simple"},"yoast_head":"<!-- This site is optimized with the Yoast SEO plugin v26.6 - https:\/\/yoast.com\/wordpress\/plugins\/seo\/ -->\n<title>Coller Serrer | Plante naturelle Nonronnamba | 4 \u00e0 5 utilisations<\/title>\n<meta name=\"description\" content=\"Votre boutique en ligne Safinel souhaite vous partager un produit naturel :\u00a0La plante coller serrer !\u00a0Bonne d\u00e9couverte \u00e0 vous.\" \/>\n<meta name=\"robots\" content=\"index, follow, max-snippet:-1, max-image-preview:large, max-video-preview:-1\" \/>\n<link rel=\"canonical\" href=\"https:\/\/www.safinel.fr\/it\/prodotto\/colla-stringere\/\" \/>\n<meta property=\"og:locale\" content=\"it_IT\" \/>\n<meta property=\"og:type\" content=\"article\" \/>\n<meta property=\"og:title\" content=\"Coller Serrer | Plante naturelle Nonronnamba | 4 \u00e0 5 utilisations\" \/>\n<meta property=\"og:description\" content=\"Votre boutique en ligne Safinel souhaite vous partager un produit naturel :\u00a0La plante coller serrer !\u00a0Bonne d\u00e9couverte \u00e0 vous.\" \/>\n<meta property=\"og:url\" content=\"https:\/\/www.safinel.fr\/it\/prodotto\/colla-stringere\/\" \/>\n<meta property=\"og:site_name\" content=\"Safinel\" \/>\n<meta property=\"article:modified_time\" content=\"2026-01-16T15:01:20+00:00\" \/>\n<meta property=\"og:image\" content=\"https:\/\/www.safinel.fr\/wp-content\/uploads\/2021\/12\/coller-serrer.jpg\" \/>\n\t<meta property=\"og:image:width\" content=\"600\" \/>\n\t<meta property=\"og:image:height\" content=\"600\" \/>\n\t<meta property=\"og:image:type\" content=\"image\/jpeg\" \/>\n<meta name=\"twitter:card\" content=\"summary_large_image\" \/>\n<meta name=\"twitter:label1\" content=\"Tempo di lettura stimato\" \/>\n\t<meta name=\"twitter:data1\" content=\"3 minuti\" \/>\n<script type=\"application\/ld+json\" class=\"yoast-schema-graph\">{\"@context\":\"https:\/\/schema.org\",\"@graph\":[{\"@type\":\"WebPage\",\"@id\":\"https:\/\/www.safinel.fr\/produit\/coller-serrer\/\",\"url\":\"https:\/\/www.safinel.fr\/produit\/coller-serrer\/\",\"name\":\"Coller Serrer | Plante naturelle Nonronnamba | 4 \u00e0 5 utilisations\",\"isPartOf\":{\"@id\":\"https:\/\/www.safinel.fr\/#website\"},\"primaryImageOfPage\":{\"@id\":\"https:\/\/www.safinel.fr\/produit\/coller-serrer\/#primaryimage\"},\"image\":{\"@id\":\"https:\/\/www.safinel.fr\/produit\/coller-serrer\/#primaryimage\"},\"thumbnailUrl\":\"https:\/\/www.safinel.fr\/wp-content\/uploads\/2021\/12\/coller-serrer.jpg\",\"datePublished\":\"2021-12-21T16:51:55+00:00\",\"dateModified\":\"2026-01-16T15:01:20+00:00\",\"description\":\"Votre boutique en ligne Safinel souhaite vous partager un produit naturel :\u00a0La plante coller serrer !\u00a0Bonne d\u00e9couverte \u00e0 vous.\",\"breadcrumb\":{\"@id\":\"https:\/\/www.safinel.fr\/produit\/coller-serrer\/#breadcrumb\"},\"inLanguage\":\"it-IT\",\"potentialAction\":[{\"@type\":\"ReadAction\",\"target\":[\"https:\/\/www.safinel.fr\/produit\/coller-serrer\/\"]}]},{\"@type\":\"ImageObject\",\"inLanguage\":\"it-IT\",\"@id\":\"https:\/\/www.safinel.fr\/produit\/coller-serrer\/#primaryimage\",\"url\":\"https:\/\/www.safinel.fr\/wp-content\/uploads\/2021\/12\/coller-serrer.jpg\",\"contentUrl\":\"https:\/\/www.safinel.fr\/wp-content\/uploads\/2021\/12\/coller-serrer.jpg\",\"width\":600,\"height\":600,\"caption\":\"Coller Serrer\"},{\"@type\":\"BreadcrumbList\",\"@id\":\"https:\/\/www.safinel.fr\/produit\/coller-serrer\/#breadcrumb\",\"itemListElement\":[{\"@type\":\"ListItem\",\"position\":1,\"name\":\"Accueil\",\"item\":\"https:\/\/www.safinel.fr\/\"},{\"@type\":\"ListItem\",\"position\":2,\"name\":\"Boutique\",\"item\":\"https:\/\/www.safinel.fr\/boutique\/\"},{\"@type\":\"ListItem\",\"position\":3,\"name\":\"Coller Serrer\"}]},{\"@type\":\"WebSite\",\"@id\":\"https:\/\/www.safinel.fr\/#website\",\"url\":\"https:\/\/www.safinel.fr\/\",\"name\":\"Safinel\",\"description\":\"\",\"publisher\":{\"@id\":\"https:\/\/www.safinel.fr\/#organization\"},\"potentialAction\":[{\"@type\":\"SearchAction\",\"target\":{\"@type\":\"EntryPoint\",\"urlTemplate\":\"https:\/\/www.safinel.fr\/?s={search_term_string}\"},\"query-input\":{\"@type\":\"PropertyValueSpecification\",\"valueRequired\":true,\"valueName\":\"search_term_string\"}}],\"inLanguage\":\"it-IT\"},{\"@type\":\"Organization\",\"@id\":\"https:\/\/www.safinel.fr\/#organization\",\"name\":\"Safinel\",\"url\":\"https:\/\/www.safinel.fr\/\",\"logo\":{\"@type\":\"ImageObject\",\"inLanguage\":\"it-IT\",\"@id\":\"https:\/\/www.safinel.fr\/#\/schema\/logo\/image\/\",\"url\":\"https:\/\/www.safinel.fr\/wp-content\/uploads\/2021\/05\/boutique-cosmetique.png\",\"contentUrl\":\"https:\/\/www.safinel.fr\/wp-content\/uploads\/2021\/05\/boutique-cosmetique.png\",\"width\":800,\"height\":200,\"caption\":\"Safinel\"},\"image\":{\"@id\":\"https:\/\/www.safinel.fr\/#\/schema\/logo\/image\/\"}}]}<\/script>\n<!-- \/ Yoast SEO plugin. -->","yoast_head_json":{"title":"Coller Serrer | Pianta naturale Nonronnamba | Da 4 a 5 utilizzi","description":"Il vostro negozio online Safinel desidera condividere con voi un prodotto naturale: la pianta appiccicosa! Buona scoperta.","robots":{"index":"index","follow":"follow","max-snippet":"max-snippet:-1","max-image-preview":"max-image-preview:large","max-video-preview":"max-video-preview:-1"},"canonical":"https:\/\/www.safinel.fr\/it\/prodotto\/colla-stringere\/","og_locale":"it_IT","og_type":"article","og_title":"Coller Serrer | Plante naturelle Nonronnamba | 4 \u00e0 5 utilisations","og_description":"Votre boutique en ligne Safinel souhaite vous partager un produit naturel :\u00a0La plante coller serrer !\u00a0Bonne d\u00e9couverte \u00e0 vous.","og_url":"https:\/\/www.safinel.fr\/it\/prodotto\/colla-stringere\/","og_site_name":"Safinel","article_modified_time":"2026-01-16T15:01:20+00:00","og_image":[{"width":600,"height":600,"url":"https:\/\/www.safinel.fr\/wp-content\/uploads\/2021\/12\/coller-serrer.jpg","type":"image\/jpeg"}],"twitter_card":"summary_large_image","twitter_misc":{"Tempo di lettura stimato":"3 minuti"},"schema":{"@context":"https:\/\/schema.org","@graph":[{"@type":"WebPage","@id":"https:\/\/www.safinel.fr\/produit\/coller-serrer\/","url":"https:\/\/www.safinel.fr\/produit\/coller-serrer\/","name":"Coller Serrer | Pianta naturale Nonronnamba | Da 4 a 5 utilizzi","isPartOf":{"@id":"https:\/\/www.safinel.fr\/#website"},"primaryImageOfPage":{"@id":"https:\/\/www.safinel.fr\/produit\/coller-serrer\/#primaryimage"},"image":{"@id":"https:\/\/www.safinel.fr\/produit\/coller-serrer\/#primaryimage"},"thumbnailUrl":"https:\/\/www.safinel.fr\/wp-content\/uploads\/2021\/12\/coller-serrer.jpg","datePublished":"2021-12-21T16:51:55+00:00","dateModified":"2026-01-16T15:01:20+00:00","description":"Il vostro negozio online Safinel desidera condividere con voi un prodotto naturale: la pianta appiccicosa! Buona scoperta.","breadcrumb":{"@id":"https:\/\/www.safinel.fr\/produit\/coller-serrer\/#breadcrumb"},"inLanguage":"it-IT","potentialAction":[{"@type":"ReadAction","target":["https:\/\/www.safinel.fr\/produit\/coller-serrer\/"]}]},{"@type":"ImageObject","inLanguage":"it-IT","@id":"https:\/\/www.safinel.fr\/produit\/coller-serrer\/#primaryimage","url":"https:\/\/www.safinel.fr\/wp-content\/uploads\/2021\/12\/coller-serrer.jpg","contentUrl":"https:\/\/www.safinel.fr\/wp-content\/uploads\/2021\/12\/coller-serrer.jpg","width":600,"height":600,"caption":"Coller Serrer"},{"@type":"BreadcrumbList","@id":"https:\/\/www.safinel.fr\/produit\/coller-serrer\/#breadcrumb","itemListElement":[{"@type":"ListItem","position":1,"name":"Accueil","item":"https:\/\/www.safinel.fr\/"},{"@type":"ListItem","position":2,"name":"Boutique","item":"https:\/\/www.safinel.fr\/boutique\/"},{"@type":"ListItem","position":3,"name":"Coller Serrer"}]},{"@type":"WebSite","@id":"https:\/\/www.safinel.fr\/#website","url":"https:\/\/www.safinel.fr\/","name":"Safinel","description":"","publisher":{"@id":"https:\/\/www.safinel.fr\/#organization"},"potentialAction":[{"@type":"SearchAction","target":{"@type":"EntryPoint","urlTemplate":"https:\/\/www.safinel.fr\/?s={search_term_string}"},"query-input":{"@type":"PropertyValueSpecification","valueRequired":true,"valueName":"search_term_string"}}],"inLanguage":"it-IT"},{"@type":"Organization","@id":"https:\/\/www.safinel.fr\/#organization","name":"Safinel","url":"https:\/\/www.safinel.fr\/","logo":{"@type":"ImageObject","inLanguage":"it-IT","@id":"https:\/\/www.safinel.fr\/#\/schema\/logo\/image\/","url":"https:\/\/www.safinel.fr\/wp-content\/uploads\/2021\/05\/boutique-cosmetique.png","contentUrl":"https:\/\/www.safinel.fr\/wp-content\/uploads\/2021\/05\/boutique-cosmetique.png","width":800,"height":200,"caption":"Safinel"},"image":{"@id":"https:\/\/www.safinel.fr\/#\/schema\/logo\/image\/"}}]}},"_links":{"self":[{"href":"https:\/\/www.safinel.fr\/it\/wp-json\/wp\/v2\/product\/631","targetHints":{"allow":["GET"]}}],"collection":[{"href":"https:\/\/www.safinel.fr\/it\/wp-json\/wp\/v2\/product"}],"about":[{"href":"https:\/\/www.safinel.fr\/it\/wp-json\/wp\/v2\/types\/product"}],"wp:featuredmedia":[{"embeddable":true,"href":"https:\/\/www.safinel.fr\/it\/wp-json\/wp\/v2\/media\/632"}],"wp:attachment":[{"href":"https:\/\/www.safinel.fr\/it\/wp-json\/wp\/v2\/media?parent=631"}],"wp:term":[{"taxonomy":"product_brand","embeddable":true,"href":"https:\/\/www.safinel.fr\/it\/wp-json\/wp\/v2\/product_brand?post=631"},{"taxonomy":"product_cat","embeddable":true,"href":"https:\/\/www.safinel.fr\/it\/wp-json\/wp\/v2\/product_cat?post=631"},{"taxonomy":"product_tag","embeddable":true,"href":"https:\/\/www.safinel.fr\/it\/wp-json\/wp\/v2\/product_tag?post=631"}],"curies":[{"name":"wp","href":"https:\/\/api.w.org\/{rel}","templated":true}]}}