{"id":6251,"date":"2023-05-28T21:02:33","date_gmt":"2023-05-28T21:02:33","guid":{"rendered":"https:\/\/www.safinel.fr\/?post_type=product&#038;p=6251"},"modified":"2025-10-14T13:56:38","modified_gmt":"2025-10-14T13:56:38","slug":"foglie-di-patata-dolce","status":"publish","type":"product","link":"https:\/\/www.safinel.fr\/it\/prodotto\/foglie-di-patata-dolce\/","title":{"rendered":"Foglie di patata dolce"},"content":{"rendered":"<p>Conosciamo tutti la patata dolce in cucina, ma sapevate che anche le sue foglie sono commestibili e ricche di virt\u00f9? Restate sintonizzati! Ve ne parliamo subito.\u00a0<strong>foglie di patata dolce,<\/strong>\u00a0i loro benefici e i loro usi!<\/p>\n<h2><strong>Ecco le foglie di patata dolce!<\/strong><\/h2>\n<p>Innanzitutto, \u00e8 bene sapere che, a differenza delle tradizionali foglie di patata, che sono tossiche per l'organismo, le foglie delle piante di patata dolce e i loro steli sono completamente commestibili!<\/p>\n<p>Infatti, le foglie di patata dolce sono considerate\u00a0<strong>verdure a foglia<\/strong>\u00a0e sono ampiamente consumati ai tropici.<\/p>\n<p>Si trovano in cucina in\u00a0<strong>regione subsahariana<\/strong>\u00a0(Guinea, Congo, Mali, Madagascar...). Ma anche nel\u00a0<strong>Cucina asiatica<\/strong>\u00a0(Cina, Corea, Filippine...) in una variet\u00e0 di piatti.<\/p>\n<p>In Congo, ad esempio, vengono preparati sotto forma di una salsa di foglie chiamata \u00ab\u00a0<strong>matembel\u00e9<\/strong>\u00a0\u00bbin Lingala.<\/p>\n<p>Infine, per quanto riguarda la consistenza di queste foglie, esse sono\u00a0<strong>leggermente gelatinoso tutto<\/strong>\u00a0rimanendo\u00a0<strong>fusione<\/strong>\u00a0e\u00a0<strong>leggermente croccante<\/strong>. Gustose, sono molto facili da cucinare, proprio come le foglie di spinaci.<\/p>\n<p>Il loro colore varia dal verde scuro al viola e al violetto.<\/p>\n<h2><strong>Benefici per la salute<\/strong><\/h2>\n<p>Le foglie di patata dolce sono ricche di risorse per l'organismo.<\/p>\n<p>Sono pi\u00f9 ricchi di\u00a0<strong>beta-carotene<\/strong>,\u00a0<strong>proteine<\/strong>,\u00a0<strong>fosforo<\/strong>,\u00a0<strong>ferro\u00a0<\/strong>e\u00a0<strong>vitamina C<\/strong>\u00a0delle foglie di spinaci e sono\u00a0<strong>molto povero di calorie<\/strong>.<\/p>\n<p>Sono anche\u00a0<strong>ad alto contenuto di fibre<\/strong>\u00a0e in\u00a0<strong>composti fenolici<\/strong>\u00a0e contengono anche\u00a0<strong>antociani<\/strong>.<\/p>\n<p>Inoltre, questo ortaggio a foglia \u00e8 un ottimo\u00a0<strong>un'enorme fonte di vitamina A.\u00a0<\/strong>Pi\u00f9 il colore delle foglie \u00e8 scuro, pi\u00f9 sono ricche di vitamina A. La sua composizione la rende una delle verdure pi\u00f9 nutrienti.\u00a0<strong>ricco di antiossidanti<\/strong>\u00a0presenti in Asia (secondo la FAO).<\/p>\n<p>Infine, questa pianta \u00e8 un'ottima fonte di\u00a0<strong>vitamina B2<\/strong>,\u00a0<strong>vitamina C\u00a0<\/strong>e\u00a0<strong>sali minerali<\/strong>.<\/p>\n<h2><strong>Tra le propriet\u00e0 delle foglie di patata dolce:<\/strong><\/h2>\n<ul>\n<li>Aiutano a\u00a0<strong>prevenire le malattie cardiovascolari<\/strong>.<\/li>\n<\/ul>\n<ul>\n<li>Ma anche per\u00a0<strong>prevenire le mutazioni cellulari<\/strong>\u00a0e il\u00a0<strong>crescita delle cellule tumorali<\/strong>\u00a0prevenendoli.<\/li>\n<\/ul>\n<ul>\n<li>Le foglie di patata dolce sono utilizzate anche in\u00a0<strong>medicina tradizionale<\/strong>. In Ghana, ad esempio, le trib\u00f9 Akan usavano questa pianta per combattere le malattie del corpo.\u00a0<strong>diabete di tipo 2<\/strong>. In Brasile sono state utilizzate per trattare\u00a0<strong>condizioni infettive o infiammatorie della bocca e della gola<\/strong>.<\/li>\n<\/ul>\n<ul>\n<li>Il\u00a0<strong>Ingredienti attivi<\/strong>\u00a0Le foglie sono ottenute in modo concentrato da\u00a0<strong>decotto<\/strong>. Questo processo, che estrae i principi attivi della pianta, produce una miscela attiva. Questa miscela \u00e8\u00a0<strong><a href=\"https:\/\/www.safinel.fr\/it\/prodotto\/crema-bazooka\/\">afrodisiaco<\/a>, energizzante, lassativo, astringente, ammorbidente, battericida e fungicida.<\/strong><\/li>\n<\/ul>\n<h3><strong>Come si possono utilizzare le foglie di patata dolce in cucina?<\/strong><\/h3>\n<p>Queste foglie possono essere consumate sia crude che cotte, quindi ci sono molti modi per prepararle.<\/p>\n<p>Prima di tutto, \u00e8 possibile\u00a0<strong>cucinarli come gli spinaci<\/strong>\u00a0come accompagnamento a riso e carne o pesce, oppure in una frittata o una quiche, o ancora in stufati e zuppe. Si possono anche cucinare seguendo una ricetta di\u00a0<strong>matembel\u00e9<\/strong>\u00a0o in padella, aggiungerli a un ripieno, ecc.<\/p>\n<p>Infine, \u00e8 possibile aggiungere i fogli alla cartella\u00a0<strong>insalate\u00a0<\/strong>o di integrarli nella vostra\u00a0<strong>succhi e frullati<\/strong>. Le foglie di patata dolce sono un\u00a0<strong>un ottimo alimento per le donne in gravidanza e in allattamento e per i neonati<\/strong>\u00a0!<\/p>\n<p>Infine, ricche di componenti benefici e antiossidanti, le foglie sono molto interessanti anche per il\u00a0<strong>bellezza e salute per pelle e capelli<\/strong>\u00a0!<\/p>","protected":false},"excerpt":{"rendered":"<p><strong>Alcuni vantaggi:\u00a0<\/strong><\/p>\n<ul>\n<li>Aiutano a\u00a0<strong>prevenire le malattie cardiovascolari<\/strong>.<\/li>\n<li>Ma anche per\u00a0<strong>prevenire le mutazioni cellulari<\/strong>\u00a0e il\u00a0<strong>crescita delle cellule tumorali<\/strong>\u00a0prevenendoli.<\/li>\n<li>Le foglie di patata dolce sono utilizzate anche in\u00a0<strong>medicina tradizionale<\/strong>. In Ghana, ad esempio, le trib\u00f9 Akan usavano questa pianta per combattere le malattie del corpo.\u00a0<strong>diabete di tipo 2<\/strong>. In Brasile sono state utilizzate per trattare\u00a0<strong>condizioni infettive o infiammatorie della bocca e della gola<\/strong>.<\/li>\n<\/ul>\n<p><img decoding=\"async\" class=\"size-full wp-image-5091 aligncenter\" src=\"https:\/\/www.safinel.fr\/wp-content\/uploads\/2021\/06\/BANNIERE-ICONE-SAFINEL.webp\" alt=\"riassicurazione satine\" width=\"800\" height=\"200\" srcset=\"https:\/\/www.safinel.fr\/wp-content\/uploads\/2021\/06\/BANNIERE-ICONE-SAFINEL.webp 800w, https:\/\/www.safinel.fr\/wp-content\/uploads\/2021\/06\/BANNIERE-ICONE-SAFINEL-600x150.webp 600w, https:\/\/www.safinel.fr\/wp-content\/uploads\/2021\/06\/BANNIERE-ICONE-SAFINEL-768x192.webp 768w\" sizes=\"(max-width: 800px) 100vw, 800px\" \/><\/p>","protected":false},"featured_media":6252,"template":"","meta":[],"product_brand":[],"product_cat":[150],"product_tag":[],"class_list":{"0":"post-6251","1":"product","2":"type-product","3":"status-publish","4":"has-post-thumbnail","6":"product_cat-legume-africain","8":"first","9":"instock","10":"shipping-taxable","11":"purchasable","12":"product-type-variable"},"yoast_head":"<!-- This site is optimized with the Yoast SEO plugin v26.6 - https:\/\/yoast.com\/wordpress\/plugins\/seo\/ -->\n<title>Feuilles de patate douce I Achat, Utilisation et bienfaits<\/title>\n<meta name=\"description\" content=\"Ici, notre \u00e9quipe vous en dit tout de suite plus sur les\u00a0feuilles de patate douce,\u00a0leurs bienfaits et leurs utilisations !\" \/>\n<meta name=\"robots\" content=\"index, follow, max-snippet:-1, max-image-preview:large, max-video-preview:-1\" \/>\n<link rel=\"canonical\" href=\"https:\/\/www.safinel.fr\/it\/prodotto\/foglie-di-patata-dolce\/\" \/>\n<meta property=\"og:locale\" content=\"it_IT\" \/>\n<meta property=\"og:type\" content=\"article\" \/>\n<meta property=\"og:title\" content=\"Feuilles de patate douce I Achat, Utilisation et bienfaits\" \/>\n<meta property=\"og:description\" content=\"Ici, notre \u00e9quipe vous en dit tout de suite plus sur les\u00a0feuilles de patate douce,\u00a0leurs bienfaits et leurs utilisations !\" \/>\n<meta property=\"og:url\" content=\"https:\/\/www.safinel.fr\/it\/prodotto\/foglie-di-patata-dolce\/\" \/>\n<meta property=\"og:site_name\" content=\"Safinel\" \/>\n<meta property=\"article:modified_time\" content=\"2025-10-14T13:56:38+00:00\" \/>\n<meta property=\"og:image\" content=\"https:\/\/www.safinel.fr\/wp-content\/uploads\/2023\/05\/patate-douce-site.jpg\" \/>\n\t<meta property=\"og:image:width\" content=\"600\" \/>\n\t<meta property=\"og:image:height\" content=\"600\" \/>\n\t<meta property=\"og:image:type\" content=\"image\/jpeg\" \/>\n<meta name=\"twitter:card\" content=\"summary_large_image\" \/>\n<meta name=\"twitter:label1\" content=\"Tempo di lettura stimato\" \/>\n\t<meta name=\"twitter:data1\" content=\"3 minuti\" \/>\n<script type=\"application\/ld+json\" class=\"yoast-schema-graph\">{\"@context\":\"https:\/\/schema.org\",\"@graph\":[{\"@type\":\"WebPage\",\"@id\":\"https:\/\/www.safinel.fr\/produit\/feuilles-de-patate-douce\/\",\"url\":\"https:\/\/www.safinel.fr\/produit\/feuilles-de-patate-douce\/\",\"name\":\"Feuilles de patate douce I Achat, Utilisation et bienfaits\",\"isPartOf\":{\"@id\":\"https:\/\/www.safinel.fr\/#website\"},\"primaryImageOfPage\":{\"@id\":\"https:\/\/www.safinel.fr\/produit\/feuilles-de-patate-douce\/#primaryimage\"},\"image\":{\"@id\":\"https:\/\/www.safinel.fr\/produit\/feuilles-de-patate-douce\/#primaryimage\"},\"thumbnailUrl\":\"https:\/\/www.safinel.fr\/wp-content\/uploads\/2023\/05\/patate-douce-site.jpg\",\"datePublished\":\"2023-05-28T21:02:33+00:00\",\"dateModified\":\"2025-10-14T13:56:38+00:00\",\"description\":\"Ici, notre \u00e9quipe vous en dit tout de suite plus sur les\u00a0feuilles de patate douce,\u00a0leurs bienfaits et leurs utilisations !\",\"breadcrumb\":{\"@id\":\"https:\/\/www.safinel.fr\/produit\/feuilles-de-patate-douce\/#breadcrumb\"},\"inLanguage\":\"it-IT\",\"potentialAction\":[{\"@type\":\"ReadAction\",\"target\":[\"https:\/\/www.safinel.fr\/produit\/feuilles-de-patate-douce\/\"]}]},{\"@type\":\"ImageObject\",\"inLanguage\":\"it-IT\",\"@id\":\"https:\/\/www.safinel.fr\/produit\/feuilles-de-patate-douce\/#primaryimage\",\"url\":\"https:\/\/www.safinel.fr\/wp-content\/uploads\/2023\/05\/patate-douce-site.jpg\",\"contentUrl\":\"https:\/\/www.safinel.fr\/wp-content\/uploads\/2023\/05\/patate-douce-site.jpg\",\"width\":600,\"height\":600,\"caption\":\"Feuilles de patate douce\"},{\"@type\":\"BreadcrumbList\",\"@id\":\"https:\/\/www.safinel.fr\/produit\/feuilles-de-patate-douce\/#breadcrumb\",\"itemListElement\":[{\"@type\":\"ListItem\",\"position\":1,\"name\":\"Accueil\",\"item\":\"https:\/\/www.safinel.fr\/\"},{\"@type\":\"ListItem\",\"position\":2,\"name\":\"Boutique\",\"item\":\"https:\/\/www.safinel.fr\/boutique\/\"},{\"@type\":\"ListItem\",\"position\":3,\"name\":\"Feuilles de patate douce\"}]},{\"@type\":\"WebSite\",\"@id\":\"https:\/\/www.safinel.fr\/#website\",\"url\":\"https:\/\/www.safinel.fr\/\",\"name\":\"Safinel\",\"description\":\"\",\"publisher\":{\"@id\":\"https:\/\/www.safinel.fr\/#organization\"},\"potentialAction\":[{\"@type\":\"SearchAction\",\"target\":{\"@type\":\"EntryPoint\",\"urlTemplate\":\"https:\/\/www.safinel.fr\/?s={search_term_string}\"},\"query-input\":{\"@type\":\"PropertyValueSpecification\",\"valueRequired\":true,\"valueName\":\"search_term_string\"}}],\"inLanguage\":\"it-IT\"},{\"@type\":\"Organization\",\"@id\":\"https:\/\/www.safinel.fr\/#organization\",\"name\":\"Safinel\",\"url\":\"https:\/\/www.safinel.fr\/\",\"logo\":{\"@type\":\"ImageObject\",\"inLanguage\":\"it-IT\",\"@id\":\"https:\/\/www.safinel.fr\/#\/schema\/logo\/image\/\",\"url\":\"https:\/\/www.safinel.fr\/wp-content\/uploads\/2021\/05\/boutique-cosmetique.png\",\"contentUrl\":\"https:\/\/www.safinel.fr\/wp-content\/uploads\/2021\/05\/boutique-cosmetique.png\",\"width\":800,\"height\":200,\"caption\":\"Safinel\"},\"image\":{\"@id\":\"https:\/\/www.safinel.fr\/#\/schema\/logo\/image\/\"}}]}<\/script>\n<!-- \/ Yoast SEO plugin. -->","yoast_head_json":{"title":"Foglie di patata dolce I Come acquistarle, usarle e benefici","description":"Qui il nostro team vi parla delle foglie di patata dolce, dei loro benefici e dei loro usi!","robots":{"index":"index","follow":"follow","max-snippet":"max-snippet:-1","max-image-preview":"max-image-preview:large","max-video-preview":"max-video-preview:-1"},"canonical":"https:\/\/www.safinel.fr\/it\/prodotto\/foglie-di-patata-dolce\/","og_locale":"it_IT","og_type":"article","og_title":"Feuilles de patate douce I Achat, Utilisation et bienfaits","og_description":"Ici, notre \u00e9quipe vous en dit tout de suite plus sur les\u00a0feuilles de patate douce,\u00a0leurs bienfaits et leurs utilisations !","og_url":"https:\/\/www.safinel.fr\/it\/prodotto\/foglie-di-patata-dolce\/","og_site_name":"Safinel","article_modified_time":"2025-10-14T13:56:38+00:00","og_image":[{"width":600,"height":600,"url":"https:\/\/www.safinel.fr\/wp-content\/uploads\/2023\/05\/patate-douce-site.jpg","type":"image\/jpeg"}],"twitter_card":"summary_large_image","twitter_misc":{"Tempo di lettura stimato":"3 minuti"},"schema":{"@context":"https:\/\/schema.org","@graph":[{"@type":"WebPage","@id":"https:\/\/www.safinel.fr\/produit\/feuilles-de-patate-douce\/","url":"https:\/\/www.safinel.fr\/produit\/feuilles-de-patate-douce\/","name":"Foglie di patata dolce I Come acquistarle, usarle e benefici","isPartOf":{"@id":"https:\/\/www.safinel.fr\/#website"},"primaryImageOfPage":{"@id":"https:\/\/www.safinel.fr\/produit\/feuilles-de-patate-douce\/#primaryimage"},"image":{"@id":"https:\/\/www.safinel.fr\/produit\/feuilles-de-patate-douce\/#primaryimage"},"thumbnailUrl":"https:\/\/www.safinel.fr\/wp-content\/uploads\/2023\/05\/patate-douce-site.jpg","datePublished":"2023-05-28T21:02:33+00:00","dateModified":"2025-10-14T13:56:38+00:00","description":"Qui il nostro team vi parla delle foglie di patata dolce, dei loro benefici e dei loro usi!","breadcrumb":{"@id":"https:\/\/www.safinel.fr\/produit\/feuilles-de-patate-douce\/#breadcrumb"},"inLanguage":"it-IT","potentialAction":[{"@type":"ReadAction","target":["https:\/\/www.safinel.fr\/produit\/feuilles-de-patate-douce\/"]}]},{"@type":"ImageObject","inLanguage":"it-IT","@id":"https:\/\/www.safinel.fr\/produit\/feuilles-de-patate-douce\/#primaryimage","url":"https:\/\/www.safinel.fr\/wp-content\/uploads\/2023\/05\/patate-douce-site.jpg","contentUrl":"https:\/\/www.safinel.fr\/wp-content\/uploads\/2023\/05\/patate-douce-site.jpg","width":600,"height":600,"caption":"Feuilles de patate douce"},{"@type":"BreadcrumbList","@id":"https:\/\/www.safinel.fr\/produit\/feuilles-de-patate-douce\/#breadcrumb","itemListElement":[{"@type":"ListItem","position":1,"name":"Accueil","item":"https:\/\/www.safinel.fr\/"},{"@type":"ListItem","position":2,"name":"Boutique","item":"https:\/\/www.safinel.fr\/boutique\/"},{"@type":"ListItem","position":3,"name":"Feuilles de patate douce"}]},{"@type":"WebSite","@id":"https:\/\/www.safinel.fr\/#website","url":"https:\/\/www.safinel.fr\/","name":"Safinel","description":"","publisher":{"@id":"https:\/\/www.safinel.fr\/#organization"},"potentialAction":[{"@type":"SearchAction","target":{"@type":"EntryPoint","urlTemplate":"https:\/\/www.safinel.fr\/?s={search_term_string}"},"query-input":{"@type":"PropertyValueSpecification","valueRequired":true,"valueName":"search_term_string"}}],"inLanguage":"it-IT"},{"@type":"Organization","@id":"https:\/\/www.safinel.fr\/#organization","name":"Safinel","url":"https:\/\/www.safinel.fr\/","logo":{"@type":"ImageObject","inLanguage":"it-IT","@id":"https:\/\/www.safinel.fr\/#\/schema\/logo\/image\/","url":"https:\/\/www.safinel.fr\/wp-content\/uploads\/2021\/05\/boutique-cosmetique.png","contentUrl":"https:\/\/www.safinel.fr\/wp-content\/uploads\/2021\/05\/boutique-cosmetique.png","width":800,"height":200,"caption":"Safinel"},"image":{"@id":"https:\/\/www.safinel.fr\/#\/schema\/logo\/image\/"}}]}},"_links":{"self":[{"href":"https:\/\/www.safinel.fr\/it\/wp-json\/wp\/v2\/product\/6251","targetHints":{"allow":["GET"]}}],"collection":[{"href":"https:\/\/www.safinel.fr\/it\/wp-json\/wp\/v2\/product"}],"about":[{"href":"https:\/\/www.safinel.fr\/it\/wp-json\/wp\/v2\/types\/product"}],"wp:featuredmedia":[{"embeddable":true,"href":"https:\/\/www.safinel.fr\/it\/wp-json\/wp\/v2\/media\/6252"}],"wp:attachment":[{"href":"https:\/\/www.safinel.fr\/it\/wp-json\/wp\/v2\/media?parent=6251"}],"wp:term":[{"taxonomy":"product_brand","embeddable":true,"href":"https:\/\/www.safinel.fr\/it\/wp-json\/wp\/v2\/product_brand?post=6251"},{"taxonomy":"product_cat","embeddable":true,"href":"https:\/\/www.safinel.fr\/it\/wp-json\/wp\/v2\/product_cat?post=6251"},{"taxonomy":"product_tag","embeddable":true,"href":"https:\/\/www.safinel.fr\/it\/wp-json\/wp\/v2\/product_tag?post=6251"}],"curies":[{"name":"wp","href":"https:\/\/api.w.org\/{rel}","templated":true}]}}