{"id":624,"date":"2021-12-19T14:18:54","date_gmt":"2021-12-19T14:18:54","guid":{"rendered":"https:\/\/www.safinel.fr\/?post_type=product&#038;p=624"},"modified":"2024-03-04T17:13:31","modified_gmt":"2024-03-04T17:13:31","slug":"shampoo-solido-allargilla-verde","status":"publish","type":"product","link":"https:\/\/www.safinel.fr\/it\/prodotto\/shampoo-solido-allargilla-verde\/","title":{"rendered":"Shampoo solido equilibrante con argilla verde 60g"},"content":{"rendered":"<p>Le\u00a0<strong>shampoo solido riequilibrante all'argilla verde<\/strong>\u00a0pu\u00f2 essere utilizzato per trattare\u00a0<strong>Capelli da misti a grassi<\/strong>. Realizzato con prodotti naturali, questo shampoo multiuso vi aiuter\u00e0 a dare ai vostri capelli la cura di cui hanno bisogno.\u00a0<strong>senza danneggiarli o renderli fragili<\/strong>. Per saperne di pi\u00f9, consultate il nostro\u00a0<strong>negozio online<\/strong>\u00a0una serie di articoli\u00a0<strong>100% naturale<\/strong>\u00a0per aiutarvi nell'igiene quotidiana. Alcuni di essi possono anche essere utilizzati per trattare diverse patologie. Sfogliate il nostro sito e trovate una delle nostre soluzioni per aiutare la fertilit\u00e0, il sistema immunitario e altri problemi di salute.<a href=\"https:\/\/www.safinel.fr\/it\/prodotto\/geluli-di-unicorno-finti\/\">\u00a0Capsule di unicorno finte<\/a>.<\/p>\n<h2><strong>Lo shampoo solido all'argilla verde e le sue propriet\u00e0 essenziali<\/strong><\/h2>\n<p>In primo luogo, vorremmo ricordare ai nostri stimati clienti che noi vendiamo\u00a0<strong>privo di sostanze chimiche<\/strong>. Cos\u00ec potete applicare i nostri diversi prodotti ai vostri\u00a0<strong>corpo<\/strong>\u00a0senza preoccuparsi della loro nocivit\u00e0 o degli effetti negativi sulla salute. I minerali contenuti nell'argilla verde aiutano a\u2019<strong>assorbire le impurit\u00e0 dal cuoio capelluto<\/strong>\u00a0ma anche\u00a0<strong>regolare l'eccesso di sebo<\/strong>. Questo shampoo solido lava i capelli delicatamente e aiuta a districarli.<\/p>\n<h3><strong>Il ritorno alle soluzioni naturali, una scelta<\/strong><\/h3>\n<p>Gli shampoo che si trovano nei supermercati aggrediscono e indeboliscono i capelli a causa delle sostanze chimiche che li compongono. Il\u00a0<strong>natura<\/strong>\u00a0ci offre alternative vaste e molto pi\u00f9 efficaci. Acquistare uno shampoo solido significa anche fare\u00a0<strong>risparmio<\/strong>. In effetti, \u00e8 l'equivalente di circa tre flaconi di shampoo classico. Inoltre, \u00e8 stato progettato per essere delicato con la pelle.\u00a0<strong>salute<\/strong>\u00a0e il\u2019<strong>ambiente<\/strong>. Non trascurate questi due parametri, cos\u00ec essenziali per la nostra vita quotidiana.<\/p>\n<h2><strong>Safinel, un marchio che si distingue naturalmente<\/strong><\/h2>\n<p>Acquista da\u00a0<strong>Safinel.com<\/strong>, Acquistando da noi, potete essere certi di ottenere prodotti di qualit\u00e0 a prezzi incredibilmente competitivi. Mettiamo tutta la nostra professionalit\u00e0 al servizio dei nostri clienti con l'obiettivo di contribuire alla loro\u00a0<strong>benessere<\/strong>. Quindi non aspettate oltre e ordinate nel nostro negozio online specializzato in\u00a0<strong>cosmetici naturali 100%<\/strong>.<\/p>","protected":false},"excerpt":{"rendered":"<p>Lo shampoo solido riequilibrante all'argilla verde \u00e8 indicato per il trattamento dei capelli misti e grassi. Realizzato con ingredienti naturali, questo shampoo dalle molteplici azioni vi consentir\u00e0 di prendervi cura dei vostri capelli senza aggredirli o renderli fragili. Scoprite nel nostro negozio online una vasta gamma di articoli naturali 100% che vi accompagneranno nella vostra igiene quotidiana. Alcuni di essi [\u2026]","protected":false},"featured_media":625,"template":"","meta":[],"product_brand":[],"product_cat":[34],"product_tag":[],"class_list":{"0":"post-624","1":"product","2":"type-product","3":"status-publish","4":"has-post-thumbnail","6":"product_cat-hygiene","8":"first","9":"outofstock","10":"shipping-taxable","11":"purchasable","12":"product-type-simple"},"yoast_head":"<!-- This site is optimized with the Yoast SEO plugin v26.6 - https:\/\/yoast.com\/wordpress\/plugins\/seo\/ -->\n<title>Shampoing solide \u00e0 l&#039;argile verte<\/title>\n<meta name=\"description\" content=\"Le\u00a0shampoing solide \u00e0 l&#039;argile verte\u00a0permet de traiter les\u00a0cheveux mixtes \u00e0 gras. D\u00e9couvrez le sans plus attendre !\" \/>\n<meta name=\"robots\" content=\"index, follow, max-snippet:-1, max-image-preview:large, max-video-preview:-1\" \/>\n<link rel=\"canonical\" href=\"https:\/\/www.safinel.fr\/it\/prodotto\/shampoo-solido-allargilla-verde\/\" \/>\n<meta property=\"og:locale\" content=\"it_IT\" \/>\n<meta property=\"og:type\" content=\"article\" \/>\n<meta property=\"og:title\" content=\"Shampoing solide \u00e0 l&#039;argile verte\" \/>\n<meta property=\"og:description\" content=\"Le\u00a0shampoing solide \u00e0 l&#039;argile verte\u00a0permet de traiter les\u00a0cheveux mixtes \u00e0 gras. D\u00e9couvrez le sans plus attendre !\" \/>\n<meta property=\"og:url\" content=\"https:\/\/www.safinel.fr\/it\/prodotto\/shampoo-solido-allargilla-verde\/\" \/>\n<meta property=\"og:site_name\" content=\"Safinel\" \/>\n<meta property=\"article:modified_time\" content=\"2024-03-04T17:13:31+00:00\" \/>\n<meta property=\"og:image\" content=\"https:\/\/www.safinel.fr\/wp-content\/uploads\/2021\/12\/shampoing-solide-argile-verte.jpg\" \/>\n\t<meta property=\"og:image:width\" content=\"600\" \/>\n\t<meta property=\"og:image:height\" content=\"600\" \/>\n\t<meta property=\"og:image:type\" content=\"image\/jpeg\" \/>\n<meta name=\"twitter:card\" content=\"summary_large_image\" \/>\n<meta name=\"twitter:label1\" content=\"Tempo di lettura stimato\" \/>\n\t<meta name=\"twitter:data1\" content=\"2 minuti\" \/>\n<script type=\"application\/ld+json\" class=\"yoast-schema-graph\">{\"@context\":\"https:\/\/schema.org\",\"@graph\":[{\"@type\":\"WebPage\",\"@id\":\"https:\/\/www.safinel.fr\/produit\/shampoing-solide-a-largile-verte\/\",\"url\":\"https:\/\/www.safinel.fr\/produit\/shampoing-solide-a-largile-verte\/\",\"name\":\"Shampoing solide \u00e0 l'argile verte\",\"isPartOf\":{\"@id\":\"https:\/\/www.safinel.fr\/#website\"},\"primaryImageOfPage\":{\"@id\":\"https:\/\/www.safinel.fr\/produit\/shampoing-solide-a-largile-verte\/#primaryimage\"},\"image\":{\"@id\":\"https:\/\/www.safinel.fr\/produit\/shampoing-solide-a-largile-verte\/#primaryimage\"},\"thumbnailUrl\":\"https:\/\/www.safinel.fr\/wp-content\/uploads\/2021\/12\/shampoing-solide-argile-verte.jpg\",\"datePublished\":\"2021-12-19T14:18:54+00:00\",\"dateModified\":\"2024-03-04T17:13:31+00:00\",\"description\":\"Le\u00a0shampoing solide \u00e0 l'argile verte\u00a0permet de traiter les\u00a0cheveux mixtes \u00e0 gras. D\u00e9couvrez le sans plus attendre !\",\"breadcrumb\":{\"@id\":\"https:\/\/www.safinel.fr\/produit\/shampoing-solide-a-largile-verte\/#breadcrumb\"},\"inLanguage\":\"it-IT\",\"potentialAction\":[{\"@type\":\"ReadAction\",\"target\":[\"https:\/\/www.safinel.fr\/produit\/shampoing-solide-a-largile-verte\/\"]}]},{\"@type\":\"ImageObject\",\"inLanguage\":\"it-IT\",\"@id\":\"https:\/\/www.safinel.fr\/produit\/shampoing-solide-a-largile-verte\/#primaryimage\",\"url\":\"https:\/\/www.safinel.fr\/wp-content\/uploads\/2021\/12\/shampoing-solide-argile-verte.jpg\",\"contentUrl\":\"https:\/\/www.safinel.fr\/wp-content\/uploads\/2021\/12\/shampoing-solide-argile-verte.jpg\",\"width\":600,\"height\":600,\"caption\":\"Shampoing solide r\u00e9\u00e9quilibrant \u00e0 l'argile verte 60g\"},{\"@type\":\"BreadcrumbList\",\"@id\":\"https:\/\/www.safinel.fr\/produit\/shampoing-solide-a-largile-verte\/#breadcrumb\",\"itemListElement\":[{\"@type\":\"ListItem\",\"position\":1,\"name\":\"Accueil\",\"item\":\"https:\/\/www.safinel.fr\/\"},{\"@type\":\"ListItem\",\"position\":2,\"name\":\"Boutique\",\"item\":\"https:\/\/www.safinel.fr\/boutique\/\"},{\"@type\":\"ListItem\",\"position\":3,\"name\":\"Shampoing solide r\u00e9\u00e9quilibrant \u00e0 l&#8217;argile verte 60g\"}]},{\"@type\":\"WebSite\",\"@id\":\"https:\/\/www.safinel.fr\/#website\",\"url\":\"https:\/\/www.safinel.fr\/\",\"name\":\"Safinel\",\"description\":\"\",\"publisher\":{\"@id\":\"https:\/\/www.safinel.fr\/#organization\"},\"potentialAction\":[{\"@type\":\"SearchAction\",\"target\":{\"@type\":\"EntryPoint\",\"urlTemplate\":\"https:\/\/www.safinel.fr\/?s={search_term_string}\"},\"query-input\":{\"@type\":\"PropertyValueSpecification\",\"valueRequired\":true,\"valueName\":\"search_term_string\"}}],\"inLanguage\":\"it-IT\"},{\"@type\":\"Organization\",\"@id\":\"https:\/\/www.safinel.fr\/#organization\",\"name\":\"Safinel\",\"url\":\"https:\/\/www.safinel.fr\/\",\"logo\":{\"@type\":\"ImageObject\",\"inLanguage\":\"it-IT\",\"@id\":\"https:\/\/www.safinel.fr\/#\/schema\/logo\/image\/\",\"url\":\"https:\/\/www.safinel.fr\/wp-content\/uploads\/2021\/05\/boutique-cosmetique.png\",\"contentUrl\":\"https:\/\/www.safinel.fr\/wp-content\/uploads\/2021\/05\/boutique-cosmetique.png\",\"width\":800,\"height\":200,\"caption\":\"Safinel\"},\"image\":{\"@id\":\"https:\/\/www.safinel.fr\/#\/schema\/logo\/image\/\"}}]}<\/script>\n<!-- \/ Yoast SEO plugin. -->","yoast_head_json":{"title":"Shampoo solido all'argilla verde","description":"Lo shampoo solido all'argilla verde pu\u00f2 essere utilizzato per trattare i capelli da misti a grassi. Scopritelo subito!","robots":{"index":"index","follow":"follow","max-snippet":"max-snippet:-1","max-image-preview":"max-image-preview:large","max-video-preview":"max-video-preview:-1"},"canonical":"https:\/\/www.safinel.fr\/it\/prodotto\/shampoo-solido-allargilla-verde\/","og_locale":"it_IT","og_type":"article","og_title":"Shampoing solide \u00e0 l'argile verte","og_description":"Le\u00a0shampoing solide \u00e0 l'argile verte\u00a0permet de traiter les\u00a0cheveux mixtes \u00e0 gras. D\u00e9couvrez le sans plus attendre !","og_url":"https:\/\/www.safinel.fr\/it\/prodotto\/shampoo-solido-allargilla-verde\/","og_site_name":"Safinel","article_modified_time":"2024-03-04T17:13:31+00:00","og_image":[{"width":600,"height":600,"url":"https:\/\/www.safinel.fr\/wp-content\/uploads\/2021\/12\/shampoing-solide-argile-verte.jpg","type":"image\/jpeg"}],"twitter_card":"summary_large_image","twitter_misc":{"Tempo di lettura stimato":"2 minuti"},"schema":{"@context":"https:\/\/schema.org","@graph":[{"@type":"WebPage","@id":"https:\/\/www.safinel.fr\/produit\/shampoing-solide-a-largile-verte\/","url":"https:\/\/www.safinel.fr\/produit\/shampoing-solide-a-largile-verte\/","name":"Shampoo solido all'argilla verde","isPartOf":{"@id":"https:\/\/www.safinel.fr\/#website"},"primaryImageOfPage":{"@id":"https:\/\/www.safinel.fr\/produit\/shampoing-solide-a-largile-verte\/#primaryimage"},"image":{"@id":"https:\/\/www.safinel.fr\/produit\/shampoing-solide-a-largile-verte\/#primaryimage"},"thumbnailUrl":"https:\/\/www.safinel.fr\/wp-content\/uploads\/2021\/12\/shampoing-solide-argile-verte.jpg","datePublished":"2021-12-19T14:18:54+00:00","dateModified":"2024-03-04T17:13:31+00:00","description":"Lo shampoo solido all'argilla verde pu\u00f2 essere utilizzato per trattare i capelli da misti a grassi. Scopritelo subito!","breadcrumb":{"@id":"https:\/\/www.safinel.fr\/produit\/shampoing-solide-a-largile-verte\/#breadcrumb"},"inLanguage":"it-IT","potentialAction":[{"@type":"ReadAction","target":["https:\/\/www.safinel.fr\/produit\/shampoing-solide-a-largile-verte\/"]}]},{"@type":"ImageObject","inLanguage":"it-IT","@id":"https:\/\/www.safinel.fr\/produit\/shampoing-solide-a-largile-verte\/#primaryimage","url":"https:\/\/www.safinel.fr\/wp-content\/uploads\/2021\/12\/shampoing-solide-argile-verte.jpg","contentUrl":"https:\/\/www.safinel.fr\/wp-content\/uploads\/2021\/12\/shampoing-solide-argile-verte.jpg","width":600,"height":600,"caption":"Shampoing solide r\u00e9\u00e9quilibrant \u00e0 l'argile verte 60g"},{"@type":"BreadcrumbList","@id":"https:\/\/www.safinel.fr\/produit\/shampoing-solide-a-largile-verte\/#breadcrumb","itemListElement":[{"@type":"ListItem","position":1,"name":"Accueil","item":"https:\/\/www.safinel.fr\/"},{"@type":"ListItem","position":2,"name":"Boutique","item":"https:\/\/www.safinel.fr\/boutique\/"},{"@type":"ListItem","position":3,"name":"Shampoing solide r\u00e9\u00e9quilibrant \u00e0 l&#8217;argile verte 60g"}]},{"@type":"WebSite","@id":"https:\/\/www.safinel.fr\/#website","url":"https:\/\/www.safinel.fr\/","name":"Safinel","description":"","publisher":{"@id":"https:\/\/www.safinel.fr\/#organization"},"potentialAction":[{"@type":"SearchAction","target":{"@type":"EntryPoint","urlTemplate":"https:\/\/www.safinel.fr\/?s={search_term_string}"},"query-input":{"@type":"PropertyValueSpecification","valueRequired":true,"valueName":"search_term_string"}}],"inLanguage":"it-IT"},{"@type":"Organization","@id":"https:\/\/www.safinel.fr\/#organization","name":"Safinel","url":"https:\/\/www.safinel.fr\/","logo":{"@type":"ImageObject","inLanguage":"it-IT","@id":"https:\/\/www.safinel.fr\/#\/schema\/logo\/image\/","url":"https:\/\/www.safinel.fr\/wp-content\/uploads\/2021\/05\/boutique-cosmetique.png","contentUrl":"https:\/\/www.safinel.fr\/wp-content\/uploads\/2021\/05\/boutique-cosmetique.png","width":800,"height":200,"caption":"Safinel"},"image":{"@id":"https:\/\/www.safinel.fr\/#\/schema\/logo\/image\/"}}]}},"_links":{"self":[{"href":"https:\/\/www.safinel.fr\/it\/wp-json\/wp\/v2\/product\/624","targetHints":{"allow":["GET"]}}],"collection":[{"href":"https:\/\/www.safinel.fr\/it\/wp-json\/wp\/v2\/product"}],"about":[{"href":"https:\/\/www.safinel.fr\/it\/wp-json\/wp\/v2\/types\/product"}],"wp:featuredmedia":[{"embeddable":true,"href":"https:\/\/www.safinel.fr\/it\/wp-json\/wp\/v2\/media\/625"}],"wp:attachment":[{"href":"https:\/\/www.safinel.fr\/it\/wp-json\/wp\/v2\/media?parent=624"}],"wp:term":[{"taxonomy":"product_brand","embeddable":true,"href":"https:\/\/www.safinel.fr\/it\/wp-json\/wp\/v2\/product_brand?post=624"},{"taxonomy":"product_cat","embeddable":true,"href":"https:\/\/www.safinel.fr\/it\/wp-json\/wp\/v2\/product_cat?post=624"},{"taxonomy":"product_tag","embeddable":true,"href":"https:\/\/www.safinel.fr\/it\/wp-json\/wp\/v2\/product_tag?post=624"}],"curies":[{"name":"wp","href":"https:\/\/api.w.org\/{rel}","templated":true}]}}