{"id":6205,"date":"2023-05-26T14:51:58","date_gmt":"2023-05-26T14:51:58","guid":{"rendered":"https:\/\/www.safinel.fr\/?post_type=product&#038;p=6205"},"modified":"2023-12-28T17:15:59","modified_gmt":"2023-12-28T17:15:59","slug":"zafferano-taliouine","status":"publish","type":"product","link":"https:\/\/www.safinel.fr\/it\/prodotto\/zafferano-taliouine\/","title":{"rendered":"Zafferano Taliouine (DOP) 1g"},"content":{"rendered":"<p>Lo zafferano, questa spezia preziosa e misteriosa, \u00e8 rinomato per i suoi numerosi benefici per la salute e il benessere. <strong>In Marocco, lo zafferano Taliouine \u00e8 particolarmente apprezzato per la sua eccezionale qualit\u00e0.<\/strong>.<\/p>\n<p>Scoprite i numerosi benefici di questo oro rosso naturale e come pu\u00f2 aiutarvi a migliorare la vostra vita quotidiana.<\/p>\n<h2><strong>Lo zafferano: una spezia dalle mille virt\u00f9<\/strong><\/h2>\n<p>Coltivata da migliaia di anni, la pianta dello zafferano \u00e8 sempre stata utilizzata per le sue propriet\u00e0 medicinali e culinarie. <strong>Dal miglioramento della circolazione all'alleviamento del dolore <a href=\"https:\/\/www.safinel.fr\/it\/prodotto\/polvere-di-perle\/\">dolore dentale<\/a><\/strong>, Questa spezia \u00e8 un vero alleato per la nostra salute generale, per non parlare dei suoi effetti afrodisiaci.<\/p>\n<ul>\n<li><strong>Miglioramento della circolazione sanguigna<\/strong><\/li>\n<\/ul>\n<p>Lo zafferano ha propriet\u00e0 vasodilatatrici che favoriscono una buona circolazione sanguigna in tutto l'organismo. Infatti, agisce sui vasi sanguigni dilatandoli, consentendo una migliore ossigenazione delle cellule e prevenendo l'insorgenza di varie malattie cardiovascolari come l'ipertensione e l'ictus.<\/p>\n<ul>\n<li><strong>Alleviare il dolore dentale<\/strong><\/li>\n<\/ul>\n<p>Grazie alle sue propriet\u00e0 analgesiche e antinfiammatorie, lo zafferano \u00e8 efficace anche per alleviare il mal di denti. Basta applicare una pasta di zafferano e acqua sulla zona dolorante per ottenere un rapido sollievo.<\/p>\n<ul>\n<li><strong>Un afrodisiaco naturale<\/strong><\/li>\n<\/ul>\n<p>Lo zafferano ha propriet\u00e0 stimolanti e afrodisiache che aiutano a migliorare la libido e le prestazioni sessuali. Utilizzato fin dall'antichit\u00e0 per aumentare la vitalit\u00e0 e l'energia, rimane una soluzione naturale alla disfunzione erettile e ai problemi di desiderio sia negli uomini che nelle donne.<\/p>\n<h2><strong>Lo zafferano marocchino di Taliouine: una garanzia di qualit\u00e0<\/strong><\/h2>\n<p>In Marocco, la regione di Taliouine \u00e8 particolarmente rinomata per l'eccezionale qualit\u00e0 dello zafferano. Il clima e le condizioni di coltivazione ideali consentono di ottenere un prodotto dagli aromi intensi e dai numerosi benefici per la salute. I produttori locali utilizzano metodi tradizionali ed ecologici per coltivare questa spezia rara e preziosa.<\/p>\n<h3><strong>Una raccolta meticolosa e tradizionale<\/strong><\/h3>\n<p>Lo zafferano marocchino viene ancora raccolto a mano in modo tradizionale. I produttori si alzano molto presto al mattino. Raccolgono i fiori di zafferano a mano, prima che sorga il sole. Questo metodo preserva le qualit\u00e0 organolettiche e medicinali di questa delicata spezia.<\/p>\n<h3><strong>Produzione rispettosa dell'ambiente<\/strong><\/h3>\n<p>I produttori marocchini di zafferano attribuiscono grande importanza al rispetto dell'ambiente e alla conservazione delle risorse naturali.<strong> Utilizzano metodi di coltivazione ecologici e sostenibili,<\/strong> come l'irrigazione a goccia e l'uso di fertilizzanti naturali per arricchire il terreno.<\/p>\n<h2><strong>Come si pu\u00f2 godere dei benefici dell'oro rosso?<\/strong><\/h2>\n<p>Il consumo regolare di zafferano marocchino pu\u00f2 aiutare a beneficiare dei suoi numerosi vantaggi per la salute e il benessere.<\/p>\n<h3><strong>Ecco alcune idee per integrare questa preziosa spezia nella vostra routine quotidiana:<\/strong><\/h3>\n<ul>\n<li><strong>In infusione<\/strong> Mettete in infusione un pizzico di zafferano in una tazza di acqua calda per qualche minuto e poi aggiungete un po' di <a href=\"https:\/\/www.safinel.fr\/it\/categoria-prodotto\/apicoltura\/\"><strong>miele per addolcire il gusto<\/strong><\/a>. Si pu\u00f2 anche mescolare lo zafferano con altre piante dalle propriet\u00e0 rilassanti, come la camomilla o la verbena.<\/li>\n<li><strong>Nei piatti<\/strong> Oro rosso: aggiungetelo alle vostre ricette salate o dolci per dare un tocco di esotismo e un sapore intenso. Si sposa particolarmente bene con il pesce, le verdure o i dessert a base di latte come la cr\u00e8me br\u00fbl\u00e9e o le mousse.<\/li>\n<li><strong>Come integratore alimentare<\/strong> Spezia marocchina: sono disponibili sul mercato capsule contenenti questa spezia marocchina. Potete facilmente approfittare dei suoi benefici per la salute. Ma assicuratevi di scegliere un prodotto di qualit\u00e0, prodotto in modo etico e rispettoso dell'ambiente.<\/li>\n<\/ul>\n<p>Con il suo sapore unico e le sue numerose propriet\u00e0 benefiche, lo zafferano marocchino \u00e8 davvero una spezia eccezionale da integrare nella vostra routine quotidiana. Non esitate pi\u00f9 e lasciatevi sedurre da questo oro rosso dalle mille virt\u00f9!<\/p>","protected":false},"excerpt":{"rendered":"<p><strong>Alcuni vantaggi:<\/strong><\/p>\n<ul>\n<li><strong>Miglioramento della circolazione:\u00a0<\/strong><span style=\"color: #555555;\">Lo zafferano ha propriet\u00e0 vasodilatatrici che favoriscono una buona circolazione sanguigna in tutto l'organismo. Infatti, agisce sui vasi sanguigni dilatandoli, consentendo una migliore ossigenazione delle cellule e prevenendo l'insorgenza di varie malattie cardiovascolari come l'ipertensione e l'ictus.<\/span><\/li>\n<\/ul>\n<ul>\n<li><strong>Alleviare il dolore dentale:\u00a0<\/strong><span style=\"color: #555555;\">Grazie alle sue propriet\u00e0 analgesiche e antinfiammatorie, lo zafferano \u00e8 efficace anche per alleviare il mal di denti. Basta applicare una pasta di zafferano e acqua sulla zona dolorante per ottenere un rapido sollievo.<\/span><\/li>\n<\/ul>\n<p><img decoding=\"async\" class=\"size-full wp-image-5091 aligncenter\" src=\"https:\/\/www.safinel.fr\/wp-content\/uploads\/2021\/06\/BANNIERE-ICONE-SAFINEL.webp\" alt=\"riassicurazione satine\" width=\"800\" height=\"200\" srcset=\"https:\/\/www.safinel.fr\/wp-content\/uploads\/2021\/06\/BANNIERE-ICONE-SAFINEL.webp 800w, https:\/\/www.safinel.fr\/wp-content\/uploads\/2021\/06\/BANNIERE-ICONE-SAFINEL-600x150.webp 600w, https:\/\/www.safinel.fr\/wp-content\/uploads\/2021\/06\/BANNIERE-ICONE-SAFINEL-768x192.webp 768w\" sizes=\"(max-width: 800px) 100vw, 800px\" \/><\/p>","protected":false},"featured_media":6217,"template":"","meta":[],"product_brand":[],"product_cat":[169,53],"product_tag":[],"class_list":{"0":"post-6205","1":"product","2":"type-product","3":"status-publish","4":"has-post-thumbnail","6":"product_cat-epices-du-monde","7":"product_cat-epices-marocaines","9":"first","10":"instock","11":"shipping-taxable","12":"purchasable","13":"product-type-simple"},"yoast_head":"<!-- This site is optimized with the Yoast SEO plugin v26.6 - https:\/\/yoast.com\/wordpress\/plugins\/seo\/ -->\n<title>Safran de Taliouine I Safran marocain I Bienfaits nombreux<\/title>\n<meta name=\"description\" content=\"Le Safran de Taliouine, cette \u00e9pice pr\u00e9cieuse et myst\u00e9rieuse, est r\u00e9put\u00e9 pour ses nombreuses vertus sant\u00e9 et bien-\u00eatre. Adoptez-l\u00e0 !\" \/>\n<meta name=\"robots\" content=\"index, follow, max-snippet:-1, max-image-preview:large, max-video-preview:-1\" \/>\n<link rel=\"canonical\" href=\"https:\/\/www.safinel.fr\/it\/prodotto\/zafferano-taliouine\/\" \/>\n<meta property=\"og:locale\" content=\"it_IT\" \/>\n<meta property=\"og:type\" content=\"article\" \/>\n<meta property=\"og:title\" content=\"Safran de Taliouine I Safran marocain I Bienfaits nombreux\" \/>\n<meta property=\"og:description\" content=\"Le Safran de Taliouine, cette \u00e9pice pr\u00e9cieuse et myst\u00e9rieuse, est r\u00e9put\u00e9 pour ses nombreuses vertus sant\u00e9 et bien-\u00eatre. Adoptez-l\u00e0 !\" \/>\n<meta property=\"og:url\" content=\"https:\/\/www.safinel.fr\/it\/prodotto\/zafferano-taliouine\/\" \/>\n<meta property=\"og:site_name\" content=\"Safinel\" \/>\n<meta property=\"article:modified_time\" content=\"2023-12-28T17:15:59+00:00\" \/>\n<meta property=\"og:image\" content=\"https:\/\/www.safinel.fr\/wp-content\/uploads\/2023\/05\/safran-pur-du-maroc.jpg\" \/>\n\t<meta property=\"og:image:width\" content=\"600\" \/>\n\t<meta property=\"og:image:height\" content=\"600\" \/>\n\t<meta property=\"og:image:type\" content=\"image\/jpeg\" \/>\n<meta name=\"twitter:card\" content=\"summary_large_image\" \/>\n<meta name=\"twitter:label1\" content=\"Tempo di lettura stimato\" \/>\n\t<meta name=\"twitter:data1\" content=\"4 minuti\" \/>\n<script type=\"application\/ld+json\" class=\"yoast-schema-graph\">{\"@context\":\"https:\/\/schema.org\",\"@graph\":[{\"@type\":\"WebPage\",\"@id\":\"https:\/\/www.safinel.fr\/produit\/safran-de-taliouine\/\",\"url\":\"https:\/\/www.safinel.fr\/produit\/safran-de-taliouine\/\",\"name\":\"Safran de Taliouine I Safran marocain I Bienfaits nombreux\",\"isPartOf\":{\"@id\":\"https:\/\/www.safinel.fr\/#website\"},\"primaryImageOfPage\":{\"@id\":\"https:\/\/www.safinel.fr\/produit\/safran-de-taliouine\/#primaryimage\"},\"image\":{\"@id\":\"https:\/\/www.safinel.fr\/produit\/safran-de-taliouine\/#primaryimage\"},\"thumbnailUrl\":\"https:\/\/www.safinel.fr\/wp-content\/uploads\/2023\/05\/safran-pur-du-maroc.jpg\",\"datePublished\":\"2023-05-26T14:51:58+00:00\",\"dateModified\":\"2023-12-28T17:15:59+00:00\",\"description\":\"Le Safran de Taliouine, cette \u00e9pice pr\u00e9cieuse et myst\u00e9rieuse, est r\u00e9put\u00e9 pour ses nombreuses vertus sant\u00e9 et bien-\u00eatre. Adoptez-l\u00e0 !\",\"breadcrumb\":{\"@id\":\"https:\/\/www.safinel.fr\/produit\/safran-de-taliouine\/#breadcrumb\"},\"inLanguage\":\"it-IT\",\"potentialAction\":[{\"@type\":\"ReadAction\",\"target\":[\"https:\/\/www.safinel.fr\/produit\/safran-de-taliouine\/\"]}]},{\"@type\":\"ImageObject\",\"inLanguage\":\"it-IT\",\"@id\":\"https:\/\/www.safinel.fr\/produit\/safran-de-taliouine\/#primaryimage\",\"url\":\"https:\/\/www.safinel.fr\/wp-content\/uploads\/2023\/05\/safran-pur-du-maroc.jpg\",\"contentUrl\":\"https:\/\/www.safinel.fr\/wp-content\/uploads\/2023\/05\/safran-pur-du-maroc.jpg\",\"width\":600,\"height\":600,\"caption\":\"Safran de Taliouine (AOP) 1g\"},{\"@type\":\"BreadcrumbList\",\"@id\":\"https:\/\/www.safinel.fr\/produit\/safran-de-taliouine\/#breadcrumb\",\"itemListElement\":[{\"@type\":\"ListItem\",\"position\":1,\"name\":\"Accueil\",\"item\":\"https:\/\/www.safinel.fr\/\"},{\"@type\":\"ListItem\",\"position\":2,\"name\":\"Boutique\",\"item\":\"https:\/\/www.safinel.fr\/boutique\/\"},{\"@type\":\"ListItem\",\"position\":3,\"name\":\"Safran de Taliouine (AOP) 1g\"}]},{\"@type\":\"WebSite\",\"@id\":\"https:\/\/www.safinel.fr\/#website\",\"url\":\"https:\/\/www.safinel.fr\/\",\"name\":\"Safinel\",\"description\":\"\",\"publisher\":{\"@id\":\"https:\/\/www.safinel.fr\/#organization\"},\"potentialAction\":[{\"@type\":\"SearchAction\",\"target\":{\"@type\":\"EntryPoint\",\"urlTemplate\":\"https:\/\/www.safinel.fr\/?s={search_term_string}\"},\"query-input\":{\"@type\":\"PropertyValueSpecification\",\"valueRequired\":true,\"valueName\":\"search_term_string\"}}],\"inLanguage\":\"it-IT\"},{\"@type\":\"Organization\",\"@id\":\"https:\/\/www.safinel.fr\/#organization\",\"name\":\"Safinel\",\"url\":\"https:\/\/www.safinel.fr\/\",\"logo\":{\"@type\":\"ImageObject\",\"inLanguage\":\"it-IT\",\"@id\":\"https:\/\/www.safinel.fr\/#\/schema\/logo\/image\/\",\"url\":\"https:\/\/www.safinel.fr\/wp-content\/uploads\/2021\/05\/boutique-cosmetique.png\",\"contentUrl\":\"https:\/\/www.safinel.fr\/wp-content\/uploads\/2021\/05\/boutique-cosmetique.png\",\"width\":800,\"height\":200,\"caption\":\"Safinel\"},\"image\":{\"@id\":\"https:\/\/www.safinel.fr\/#\/schema\/logo\/image\/\"}}]}<\/script>\n<!-- \/ Yoast SEO plugin. -->","yoast_head_json":{"title":"Zafferano Taliouine I Zafferano marocchino I Numerosi benefici","description":"Lo zafferano Taliouine, questa spezia preziosa e misteriosa, \u00e8 rinomato per i suoi numerosi benefici per la salute e il benessere. Adottatelo!","robots":{"index":"index","follow":"follow","max-snippet":"max-snippet:-1","max-image-preview":"max-image-preview:large","max-video-preview":"max-video-preview:-1"},"canonical":"https:\/\/www.safinel.fr\/it\/prodotto\/zafferano-taliouine\/","og_locale":"it_IT","og_type":"article","og_title":"Safran de Taliouine I Safran marocain I Bienfaits nombreux","og_description":"Le Safran de Taliouine, cette \u00e9pice pr\u00e9cieuse et myst\u00e9rieuse, est r\u00e9put\u00e9 pour ses nombreuses vertus sant\u00e9 et bien-\u00eatre. Adoptez-l\u00e0 !","og_url":"https:\/\/www.safinel.fr\/it\/prodotto\/zafferano-taliouine\/","og_site_name":"Safinel","article_modified_time":"2023-12-28T17:15:59+00:00","og_image":[{"width":600,"height":600,"url":"https:\/\/www.safinel.fr\/wp-content\/uploads\/2023\/05\/safran-pur-du-maroc.jpg","type":"image\/jpeg"}],"twitter_card":"summary_large_image","twitter_misc":{"Tempo di lettura stimato":"4 minuti"},"schema":{"@context":"https:\/\/schema.org","@graph":[{"@type":"WebPage","@id":"https:\/\/www.safinel.fr\/produit\/safran-de-taliouine\/","url":"https:\/\/www.safinel.fr\/produit\/safran-de-taliouine\/","name":"Zafferano Taliouine I Zafferano marocchino I Numerosi benefici","isPartOf":{"@id":"https:\/\/www.safinel.fr\/#website"},"primaryImageOfPage":{"@id":"https:\/\/www.safinel.fr\/produit\/safran-de-taliouine\/#primaryimage"},"image":{"@id":"https:\/\/www.safinel.fr\/produit\/safran-de-taliouine\/#primaryimage"},"thumbnailUrl":"https:\/\/www.safinel.fr\/wp-content\/uploads\/2023\/05\/safran-pur-du-maroc.jpg","datePublished":"2023-05-26T14:51:58+00:00","dateModified":"2023-12-28T17:15:59+00:00","description":"Lo zafferano Taliouine, questa spezia preziosa e misteriosa, \u00e8 rinomato per i suoi numerosi benefici per la salute e il benessere. Adottatelo!","breadcrumb":{"@id":"https:\/\/www.safinel.fr\/produit\/safran-de-taliouine\/#breadcrumb"},"inLanguage":"it-IT","potentialAction":[{"@type":"ReadAction","target":["https:\/\/www.safinel.fr\/produit\/safran-de-taliouine\/"]}]},{"@type":"ImageObject","inLanguage":"it-IT","@id":"https:\/\/www.safinel.fr\/produit\/safran-de-taliouine\/#primaryimage","url":"https:\/\/www.safinel.fr\/wp-content\/uploads\/2023\/05\/safran-pur-du-maroc.jpg","contentUrl":"https:\/\/www.safinel.fr\/wp-content\/uploads\/2023\/05\/safran-pur-du-maroc.jpg","width":600,"height":600,"caption":"Safran de Taliouine (AOP) 1g"},{"@type":"BreadcrumbList","@id":"https:\/\/www.safinel.fr\/produit\/safran-de-taliouine\/#breadcrumb","itemListElement":[{"@type":"ListItem","position":1,"name":"Accueil","item":"https:\/\/www.safinel.fr\/"},{"@type":"ListItem","position":2,"name":"Boutique","item":"https:\/\/www.safinel.fr\/boutique\/"},{"@type":"ListItem","position":3,"name":"Safran de Taliouine (AOP) 1g"}]},{"@type":"WebSite","@id":"https:\/\/www.safinel.fr\/#website","url":"https:\/\/www.safinel.fr\/","name":"Safinel","description":"","publisher":{"@id":"https:\/\/www.safinel.fr\/#organization"},"potentialAction":[{"@type":"SearchAction","target":{"@type":"EntryPoint","urlTemplate":"https:\/\/www.safinel.fr\/?s={search_term_string}"},"query-input":{"@type":"PropertyValueSpecification","valueRequired":true,"valueName":"search_term_string"}}],"inLanguage":"it-IT"},{"@type":"Organization","@id":"https:\/\/www.safinel.fr\/#organization","name":"Safinel","url":"https:\/\/www.safinel.fr\/","logo":{"@type":"ImageObject","inLanguage":"it-IT","@id":"https:\/\/www.safinel.fr\/#\/schema\/logo\/image\/","url":"https:\/\/www.safinel.fr\/wp-content\/uploads\/2021\/05\/boutique-cosmetique.png","contentUrl":"https:\/\/www.safinel.fr\/wp-content\/uploads\/2021\/05\/boutique-cosmetique.png","width":800,"height":200,"caption":"Safinel"},"image":{"@id":"https:\/\/www.safinel.fr\/#\/schema\/logo\/image\/"}}]}},"_links":{"self":[{"href":"https:\/\/www.safinel.fr\/it\/wp-json\/wp\/v2\/product\/6205","targetHints":{"allow":["GET"]}}],"collection":[{"href":"https:\/\/www.safinel.fr\/it\/wp-json\/wp\/v2\/product"}],"about":[{"href":"https:\/\/www.safinel.fr\/it\/wp-json\/wp\/v2\/types\/product"}],"wp:featuredmedia":[{"embeddable":true,"href":"https:\/\/www.safinel.fr\/it\/wp-json\/wp\/v2\/media\/6217"}],"wp:attachment":[{"href":"https:\/\/www.safinel.fr\/it\/wp-json\/wp\/v2\/media?parent=6205"}],"wp:term":[{"taxonomy":"product_brand","embeddable":true,"href":"https:\/\/www.safinel.fr\/it\/wp-json\/wp\/v2\/product_brand?post=6205"},{"taxonomy":"product_cat","embeddable":true,"href":"https:\/\/www.safinel.fr\/it\/wp-json\/wp\/v2\/product_cat?post=6205"},{"taxonomy":"product_tag","embeddable":true,"href":"https:\/\/www.safinel.fr\/it\/wp-json\/wp\/v2\/product_tag?post=6205"}],"curies":[{"name":"wp","href":"https:\/\/api.w.org\/{rel}","templated":true}]}}