{"id":619,"date":"2021-12-19T13:55:08","date_gmt":"2021-12-19T13:55:08","guid":{"rendered":"https:\/\/www.safinel.fr\/?post_type=product&#038;p=619"},"modified":"2023-12-28T17:15:09","modified_gmt":"2023-12-28T17:15:09","slug":"dentifricio-solido-alla-menta-siwak","status":"publish","type":"product","link":"https:\/\/www.safinel.fr\/it\/prodotto\/dentifricio-solido-alla-menta-siwak\/","title":{"rendered":"Dentifricio solido alla menta Siwak 35g"},"content":{"rendered":"<p>Scoprire il\u00a0<strong>dentifricio solido siwak \/ menta<\/strong>. Questa alternativa\u00a0<strong>naturale<\/strong>\u00a0all'uso di dentifrici industriali e chimici \u00e8 una rivoluzione. In particolare, vi permetter\u00e0 di perfezionare la vostra\u00a0<strong>igiene orale<\/strong>\u00a0senza compromettere il vostro\u00a0<strong>salute<\/strong>. Fate acquisti intelligenti e acquistate prodotti di qualit\u00e0 senza spendere troppo.<\/p>\n<h2><strong>Il Siwak, un piccolo bastone dalle molte virt\u00f9<\/strong><\/h2>\n<p>Questo dentifricio a base di siwak e menta vi conquister\u00e0 sicuramente. La combinazione di siwak e la freschezza della menta rendono questo dentifricio un vero e proprio successo.\u00a0<strong>dentifricio<\/strong>\u00a0mozzafiato. Il siwak, noto anche come\u00a0<strong>Legno di Araq<\/strong>, Si tratta di un pezzo di bastone naturale utilizzato come<strong>\u00a0spazzolino da denti<\/strong>. I benefici sono molteplici. In particolare, pulisce i denti e li protegge. Previene la comparsa di\u00a0<strong>cavit\u00e0<\/strong>. La sua azione contribuisce anche a rafforzare le gengive e le radici e\u00a0<strong>rinfresca l'alito<\/strong>.<\/p>\n<h3><strong>Dentifricio solido alla menta Siwak per una maggiore freschezza<\/strong><\/h3>\n<p>Oltre al siwak, questo dentifricio contiene\u00a0<strong>menta<\/strong>. Ci\u00f2 decuplica l'azione rinfrescante di questo dentifricio. Dopotutto, sappiamo tutti che la menta aggiunge freschezza e un gusto piacevole e fresco al dentifricio.\u00a0<strong>profumo gradevole<\/strong>. Come gi\u00e0 detto, il siwak ha anche un'azione rinfrescante. Quindi, lavando i denti con questo dentifricio, potrete godere della sua freschezza. Abbiamo una vasta gamma di\u00a0<strong>cosmetici naturali.<\/strong>\u00a0Scoprire il<a href=\"https:\/\/www.safinel.fr\/it\/prodotto\/carbone-attivo-30g\/\">\u00a0<strong>carbone vegetale attivato<\/strong><\/a>\u00a0rinomata per le sue propriet\u00e0 purificanti e assorbenti.<\/p>\n<h3><strong>Safinel, negozio specializzato in cosmetici naturali<\/strong><\/h3>\n<p>I prodotti che vendiamo sono selezionati con attenzione e giudizio. Il nostro approccio permette a tutti di avere accesso a\u00a0<strong>prodotti naturali<\/strong>, Anche per chi ha un budget piuttosto modesto. La nostra forza sta nella capacit\u00e0 di promuovere prodotti sani e di qualit\u00e0 a prezzi imbattibili. Quindi non aspettate oltre e offrite il vostro\u00a0<strong>corpo<\/strong>\u00a0ci\u00f2 di cui ha bisogno.<\/p>","protected":false},"excerpt":{"rendered":"<p>Scoprite il dentifricio solido al siwak \/ menta. Questa alternativa naturale all'uso del dentifricio industriale e chimico rappresenta una vera rivoluzione. Vi consentir\u00e0 in particolare di perfezionare la vostra igiene orale senza compromettere la vostra salute. Consumate in modo pi\u00f9 intelligente e acquistate prodotti di qualit\u00e0 senza spendere una fortuna. Il Siwak, un piccolo bastoncino dalle numerose virt\u00f9 Questo dentifricio a base di siwak [\u2026]","protected":false},"featured_media":620,"template":"","meta":[],"product_brand":[],"product_cat":[34],"product_tag":[],"class_list":{"0":"post-619","1":"product","2":"type-product","3":"status-publish","4":"has-post-thumbnail","6":"product_cat-hygiene","8":"first","9":"instock","10":"shipping-taxable","11":"purchasable","12":"product-type-simple"},"yoast_head":"<!-- This site is optimized with the Yoast SEO plugin v26.6 - https:\/\/yoast.com\/wordpress\/plugins\/seo\/ -->\n<title>Dentifrice solide siwak menthe | Une hygi\u00e8ne bucco-dentaire saine<\/title>\n<meta name=\"description\" content=\"D\u00e9couvrez le\u00a0dentifrice solide siwak menthe. Cette alternative\u00a0naturelle\u00a0\u00e0 l&#039;utilisation du dentifrice industriel constitue une r\u00e9volution.\" \/>\n<meta name=\"robots\" content=\"index, follow, max-snippet:-1, max-image-preview:large, max-video-preview:-1\" \/>\n<link rel=\"canonical\" href=\"https:\/\/www.safinel.fr\/it\/prodotto\/dentifricio-solido-alla-menta-siwak\/\" \/>\n<meta property=\"og:locale\" content=\"it_IT\" \/>\n<meta property=\"og:type\" content=\"article\" \/>\n<meta property=\"og:title\" content=\"Dentifrice solide siwak menthe | Une hygi\u00e8ne bucco-dentaire saine\" \/>\n<meta property=\"og:description\" content=\"D\u00e9couvrez le\u00a0dentifrice solide siwak menthe. Cette alternative\u00a0naturelle\u00a0\u00e0 l&#039;utilisation du dentifrice industriel constitue une r\u00e9volution.\" \/>\n<meta property=\"og:url\" content=\"https:\/\/www.safinel.fr\/it\/prodotto\/dentifricio-solido-alla-menta-siwak\/\" \/>\n<meta property=\"og:site_name\" content=\"Safinel\" \/>\n<meta property=\"article:modified_time\" content=\"2023-12-28T17:15:09+00:00\" \/>\n<meta property=\"og:image\" content=\"https:\/\/www.safinel.fr\/wp-content\/uploads\/2021\/12\/dentifrice-solide-siwak.jpg\" \/>\n\t<meta property=\"og:image:width\" content=\"600\" \/>\n\t<meta property=\"og:image:height\" content=\"600\" \/>\n\t<meta property=\"og:image:type\" content=\"image\/jpeg\" \/>\n<meta name=\"twitter:card\" content=\"summary_large_image\" \/>\n<meta name=\"twitter:label1\" content=\"Tempo di lettura stimato\" \/>\n\t<meta name=\"twitter:data1\" content=\"2 minuti\" \/>\n<script type=\"application\/ld+json\" class=\"yoast-schema-graph\">{\"@context\":\"https:\/\/schema.org\",\"@graph\":[{\"@type\":\"WebPage\",\"@id\":\"https:\/\/www.safinel.fr\/produit\/dentifrice-solide-siwak-menthe\/\",\"url\":\"https:\/\/www.safinel.fr\/produit\/dentifrice-solide-siwak-menthe\/\",\"name\":\"Dentifrice solide siwak menthe | Une hygi\u00e8ne bucco-dentaire saine\",\"isPartOf\":{\"@id\":\"https:\/\/www.safinel.fr\/#website\"},\"primaryImageOfPage\":{\"@id\":\"https:\/\/www.safinel.fr\/produit\/dentifrice-solide-siwak-menthe\/#primaryimage\"},\"image\":{\"@id\":\"https:\/\/www.safinel.fr\/produit\/dentifrice-solide-siwak-menthe\/#primaryimage\"},\"thumbnailUrl\":\"https:\/\/www.safinel.fr\/wp-content\/uploads\/2021\/12\/dentifrice-solide-siwak.jpg\",\"datePublished\":\"2021-12-19T13:55:08+00:00\",\"dateModified\":\"2023-12-28T17:15:09+00:00\",\"description\":\"D\u00e9couvrez le\u00a0dentifrice solide siwak menthe. Cette alternative\u00a0naturelle\u00a0\u00e0 l'utilisation du dentifrice industriel constitue une r\u00e9volution.\",\"breadcrumb\":{\"@id\":\"https:\/\/www.safinel.fr\/produit\/dentifrice-solide-siwak-menthe\/#breadcrumb\"},\"inLanguage\":\"it-IT\",\"potentialAction\":[{\"@type\":\"ReadAction\",\"target\":[\"https:\/\/www.safinel.fr\/produit\/dentifrice-solide-siwak-menthe\/\"]}]},{\"@type\":\"ImageObject\",\"inLanguage\":\"it-IT\",\"@id\":\"https:\/\/www.safinel.fr\/produit\/dentifrice-solide-siwak-menthe\/#primaryimage\",\"url\":\"https:\/\/www.safinel.fr\/wp-content\/uploads\/2021\/12\/dentifrice-solide-siwak.jpg\",\"contentUrl\":\"https:\/\/www.safinel.fr\/wp-content\/uploads\/2021\/12\/dentifrice-solide-siwak.jpg\",\"width\":600,\"height\":600,\"caption\":\"Dentifrice solide siwak menthe 35g\"},{\"@type\":\"BreadcrumbList\",\"@id\":\"https:\/\/www.safinel.fr\/produit\/dentifrice-solide-siwak-menthe\/#breadcrumb\",\"itemListElement\":[{\"@type\":\"ListItem\",\"position\":1,\"name\":\"Accueil\",\"item\":\"https:\/\/www.safinel.fr\/\"},{\"@type\":\"ListItem\",\"position\":2,\"name\":\"Boutique\",\"item\":\"https:\/\/www.safinel.fr\/boutique\/\"},{\"@type\":\"ListItem\",\"position\":3,\"name\":\"Dentifrice solide siwak menthe 35g\"}]},{\"@type\":\"WebSite\",\"@id\":\"https:\/\/www.safinel.fr\/#website\",\"url\":\"https:\/\/www.safinel.fr\/\",\"name\":\"Safinel\",\"description\":\"\",\"publisher\":{\"@id\":\"https:\/\/www.safinel.fr\/#organization\"},\"potentialAction\":[{\"@type\":\"SearchAction\",\"target\":{\"@type\":\"EntryPoint\",\"urlTemplate\":\"https:\/\/www.safinel.fr\/?s={search_term_string}\"},\"query-input\":{\"@type\":\"PropertyValueSpecification\",\"valueRequired\":true,\"valueName\":\"search_term_string\"}}],\"inLanguage\":\"it-IT\"},{\"@type\":\"Organization\",\"@id\":\"https:\/\/www.safinel.fr\/#organization\",\"name\":\"Safinel\",\"url\":\"https:\/\/www.safinel.fr\/\",\"logo\":{\"@type\":\"ImageObject\",\"inLanguage\":\"it-IT\",\"@id\":\"https:\/\/www.safinel.fr\/#\/schema\/logo\/image\/\",\"url\":\"https:\/\/www.safinel.fr\/wp-content\/uploads\/2021\/05\/boutique-cosmetique.png\",\"contentUrl\":\"https:\/\/www.safinel.fr\/wp-content\/uploads\/2021\/05\/boutique-cosmetique.png\",\"width\":800,\"height\":200,\"caption\":\"Safinel\"},\"image\":{\"@id\":\"https:\/\/www.safinel.fr\/#\/schema\/logo\/image\/\"}}]}<\/script>\n<!-- \/ Yoast SEO plugin. -->","yoast_head_json":{"title":"Dentifricio solido alla menta Siwak | Sana igiene orale","description":"Scoprite il dentifricio solido alla menta siwak. Questa alternativa naturale ai dentifrici industriali \u00e8 una vera e propria rivoluzione.","robots":{"index":"index","follow":"follow","max-snippet":"max-snippet:-1","max-image-preview":"max-image-preview:large","max-video-preview":"max-video-preview:-1"},"canonical":"https:\/\/www.safinel.fr\/it\/prodotto\/dentifricio-solido-alla-menta-siwak\/","og_locale":"it_IT","og_type":"article","og_title":"Dentifrice solide siwak menthe | Une hygi\u00e8ne bucco-dentaire saine","og_description":"D\u00e9couvrez le\u00a0dentifrice solide siwak menthe. Cette alternative\u00a0naturelle\u00a0\u00e0 l'utilisation du dentifrice industriel constitue une r\u00e9volution.","og_url":"https:\/\/www.safinel.fr\/it\/prodotto\/dentifricio-solido-alla-menta-siwak\/","og_site_name":"Safinel","article_modified_time":"2023-12-28T17:15:09+00:00","og_image":[{"width":600,"height":600,"url":"https:\/\/www.safinel.fr\/wp-content\/uploads\/2021\/12\/dentifrice-solide-siwak.jpg","type":"image\/jpeg"}],"twitter_card":"summary_large_image","twitter_misc":{"Tempo di lettura stimato":"2 minuti"},"schema":{"@context":"https:\/\/schema.org","@graph":[{"@type":"WebPage","@id":"https:\/\/www.safinel.fr\/produit\/dentifrice-solide-siwak-menthe\/","url":"https:\/\/www.safinel.fr\/produit\/dentifrice-solide-siwak-menthe\/","name":"Dentifricio solido alla menta Siwak | Sana igiene orale","isPartOf":{"@id":"https:\/\/www.safinel.fr\/#website"},"primaryImageOfPage":{"@id":"https:\/\/www.safinel.fr\/produit\/dentifrice-solide-siwak-menthe\/#primaryimage"},"image":{"@id":"https:\/\/www.safinel.fr\/produit\/dentifrice-solide-siwak-menthe\/#primaryimage"},"thumbnailUrl":"https:\/\/www.safinel.fr\/wp-content\/uploads\/2021\/12\/dentifrice-solide-siwak.jpg","datePublished":"2021-12-19T13:55:08+00:00","dateModified":"2023-12-28T17:15:09+00:00","description":"Scoprite il dentifricio solido alla menta siwak. Questa alternativa naturale ai dentifrici industriali \u00e8 una vera e propria rivoluzione.","breadcrumb":{"@id":"https:\/\/www.safinel.fr\/produit\/dentifrice-solide-siwak-menthe\/#breadcrumb"},"inLanguage":"it-IT","potentialAction":[{"@type":"ReadAction","target":["https:\/\/www.safinel.fr\/produit\/dentifrice-solide-siwak-menthe\/"]}]},{"@type":"ImageObject","inLanguage":"it-IT","@id":"https:\/\/www.safinel.fr\/produit\/dentifrice-solide-siwak-menthe\/#primaryimage","url":"https:\/\/www.safinel.fr\/wp-content\/uploads\/2021\/12\/dentifrice-solide-siwak.jpg","contentUrl":"https:\/\/www.safinel.fr\/wp-content\/uploads\/2021\/12\/dentifrice-solide-siwak.jpg","width":600,"height":600,"caption":"Dentifrice solide siwak menthe 35g"},{"@type":"BreadcrumbList","@id":"https:\/\/www.safinel.fr\/produit\/dentifrice-solide-siwak-menthe\/#breadcrumb","itemListElement":[{"@type":"ListItem","position":1,"name":"Accueil","item":"https:\/\/www.safinel.fr\/"},{"@type":"ListItem","position":2,"name":"Boutique","item":"https:\/\/www.safinel.fr\/boutique\/"},{"@type":"ListItem","position":3,"name":"Dentifrice solide siwak menthe 35g"}]},{"@type":"WebSite","@id":"https:\/\/www.safinel.fr\/#website","url":"https:\/\/www.safinel.fr\/","name":"Safinel","description":"","publisher":{"@id":"https:\/\/www.safinel.fr\/#organization"},"potentialAction":[{"@type":"SearchAction","target":{"@type":"EntryPoint","urlTemplate":"https:\/\/www.safinel.fr\/?s={search_term_string}"},"query-input":{"@type":"PropertyValueSpecification","valueRequired":true,"valueName":"search_term_string"}}],"inLanguage":"it-IT"},{"@type":"Organization","@id":"https:\/\/www.safinel.fr\/#organization","name":"Safinel","url":"https:\/\/www.safinel.fr\/","logo":{"@type":"ImageObject","inLanguage":"it-IT","@id":"https:\/\/www.safinel.fr\/#\/schema\/logo\/image\/","url":"https:\/\/www.safinel.fr\/wp-content\/uploads\/2021\/05\/boutique-cosmetique.png","contentUrl":"https:\/\/www.safinel.fr\/wp-content\/uploads\/2021\/05\/boutique-cosmetique.png","width":800,"height":200,"caption":"Safinel"},"image":{"@id":"https:\/\/www.safinel.fr\/#\/schema\/logo\/image\/"}}]}},"_links":{"self":[{"href":"https:\/\/www.safinel.fr\/it\/wp-json\/wp\/v2\/product\/619","targetHints":{"allow":["GET"]}}],"collection":[{"href":"https:\/\/www.safinel.fr\/it\/wp-json\/wp\/v2\/product"}],"about":[{"href":"https:\/\/www.safinel.fr\/it\/wp-json\/wp\/v2\/types\/product"}],"wp:featuredmedia":[{"embeddable":true,"href":"https:\/\/www.safinel.fr\/it\/wp-json\/wp\/v2\/media\/620"}],"wp:attachment":[{"href":"https:\/\/www.safinel.fr\/it\/wp-json\/wp\/v2\/media?parent=619"}],"wp:term":[{"taxonomy":"product_brand","embeddable":true,"href":"https:\/\/www.safinel.fr\/it\/wp-json\/wp\/v2\/product_brand?post=619"},{"taxonomy":"product_cat","embeddable":true,"href":"https:\/\/www.safinel.fr\/it\/wp-json\/wp\/v2\/product_cat?post=619"},{"taxonomy":"product_tag","embeddable":true,"href":"https:\/\/www.safinel.fr\/it\/wp-json\/wp\/v2\/product_tag?post=619"}],"curies":[{"name":"wp","href":"https:\/\/api.w.org\/{rel}","templated":true}]}}