{"id":6186,"date":"2023-05-25T15:09:19","date_gmt":"2023-05-25T15:09:19","guid":{"rendered":"https:\/\/www.safinel.fr\/?post_type=product&#038;p=6186"},"modified":"2026-01-14T09:48:51","modified_gmt":"2026-01-14T09:48:51","slug":"polvere-di-perle","status":"publish","type":"product","link":"https:\/\/www.safinel.fr\/it\/prodotto\/polvere-di-perle\/","title":{"rendered":"Polvere di perle"},"content":{"rendered":"<p>La\u00a0<strong>polvere di perle<\/strong>\u00a0\u00e8 un prodotto naturale che sta guadagnando popolarit\u00e0 per i suoi numerosi benefici per la salute e la bellezza. \u00c8 stato usato per secoli dalle imperatrici cinesi e da altre donne famose per preservare la loro giovinezza e bellezza.<\/p>\n<p>Questa benefica polvere naturale \u00e8 ricca di\u2019<strong>elementi minerali<\/strong>\u00a0essenziale per il nostro corpo. Ecco un approfondimento su tutto ci\u00f2 che c'\u00e8 da sapere su questa meravigliosa polvere.<\/p>\n<h2><strong>Che cos'\u00e8 la polvere di perle?<\/strong><\/h2>\n<p>La polvere di perle si ottiene macinando finemente le perle di acqua dolce o di mare, generalmente coltivate in allevamenti perliferi. Ricca di proteine, aminoacidi, oligoelementi e altri preziosi nutrienti, \u00e8 un vero concentrato di benefici per il nostro organismo. Le perle sono composte principalmente da carbonato di calcio (aragonite). Contengono inoltre quantit\u00e0 significative di magnesio, silicio, ferro, rame, selenio e zinco.<\/p>\n<h2><strong>I benefici nutrizionali della polvere di perle<\/strong><\/h2>\n<p>Grazie alla sua composizione ricca e variegata, la polvere di perle offre un'ampia gamma di benefici nutrizionali per l'organismo.<\/p>\n<p><strong>Questi includono:<\/strong><\/p>\n<ul>\n<li><strong>Calcio<\/strong>\u00a0Essenziale per la salute di ossa e denti. Contribuisce inoltre alla coagulazione del sangue, alla contrazione muscolare e al funzionamento del sistema nervoso.<\/li>\n<li><strong>Aminoacidi<\/strong>\u00a0essenziali per la sintesi proteica. Svolgono un ruolo attivo nella costruzione e nella riparazione dei tessuti del corpo, oltre che in numerose funzioni metaboliche.<\/li>\n<li><strong>Elementi in traccia<\/strong>\u00a0Svolgono un ruolo cruciale nell'attivazione o nella regolazione di vari enzimi e sono essenziali per il buon funzionamento dei nostri processi fisiologici.<\/li>\n<li><strong>Antiossidanti<\/strong>\u00a0Contribuendo a neutralizzare i radicali liberi responsabili dell'invecchiamento cellulare, prevengono i danni ossidativi e contribuiscono a mantenere il nostro organismo in buona salute.<\/li>\n<\/ul>\n<h2><strong>I benefici della polvere di perle per la pelle<\/strong><\/h2>\n<p>Uno dei principali benefici della polvere di perle \u00e8 rappresentato dalle sue incredibili propriet\u00e0 per la bellezza e la salute della pelle.<\/p>\n<p><strong>\u00c8 rinomata per :<\/strong><\/p>\n<ul>\n<li><strong>Idratare e nutrire<\/strong>\u00a0Grazie all'elevato contenuto di aminoacidi e minerali. Questa polvere benefica favorisce la ritenzione idrica nell'epidermide e aiuta a rafforzare la barriera cutanea.<\/li>\n<li><strong>Rigenerare<\/strong>\u00a0I suoi principi attivi stimolano la produzione di collagene ed elastina. Queste due proteine sono essenziali per mantenere l'elasticit\u00e0 e la compattezza della pelle.<\/li>\n<li><strong>Lenitivo e curativo<\/strong>\u00a0Polvere di perle: gli oligoelementi presenti nella polvere di perle hanno propriet\u00e0 antinfiammatorie e antibatteriche che svolgono un ruolo attivo nella riparazione dei tessuti cutanei danneggiati.<\/li>\n<li><strong>Tono della pelle uniforme<\/strong>\u00a0inibendo l'eccessiva produzione di melanina e promuovendo il rinnovamento cellulare. Questa polvere naturale aiuta a ridurre <a href=\"https:\/\/www.safinel.fr\/it\/iperpigmentazione-della-pelle-scura\/\"><strong>macchie di pigmento<\/strong><\/a> e prevenire la formazione di nuove macchie.<\/li>\n<\/ul>\n<h3><strong>Come si usa questa polvere naturale?<\/strong><\/h3>\n<p>Per godere dei benefici della polvere di perle sulla pelle, potete :<\/p>\n<ol>\n<li>Mescolare una piccola quantit\u00e0 di polvere di perle con la crema idratante o la lozione. <a href=\"https:\/\/www.safinel.fr\/it\/prodotto\/siero-antiacne-al-cumino-nero\/\"><strong>siero<\/strong><\/a> e applicare questa miscela su viso e collo.<\/li>\n<li>Utilizzare una maschera per il viso a base di polvere di perle una o due volte alla settimana per un trattamento pi\u00f9 intensivo e mirato.<\/li>\n<li>Incorporate la polvere di perle nelle vostre ricette di cosmetici fatti in casa (scrub, maschere, lozioni, ecc.).<\/li>\n<\/ol>\n<h2><strong>I benefici della polvere di perle per la salute<\/strong><\/h2>\n<p>Oltre ai benefici per la bellezza della pelle, la polvere di perle ha anche propriet\u00e0 benefiche per la nostra salute generale. Queste includono:<\/p>\n<ul>\n<li><strong>Sostegno al sistema immunitario<\/strong>\u00a0Polvere di perle: i minerali e gli aminoacidi contenuti nella polvere di perle aiutano a rafforzare le nostre difese naturali e a prevenire alcune infezioni.<\/li>\n<li><strong>Un effetto calmante sul sistema nervoso<\/strong>\u00a0Grazie agli effetti rilassanti del magnesio e degli aminoacidi, questa polvere naturale aiuta a calmare l'ansia e a migliorare la qualit\u00e0 del sonno.<\/li>\n<li><strong>Protezione dalle malattie cardiovascolari<\/strong>\u00a0modulando l'equilibrio del calcio. Aiuta a regolare la pressione sanguigna, preservando cos\u00ec la salute del nostro cuore.<\/li>\n<\/ul>\n<h3><strong>Come si mangia?<\/strong><\/h3>\n<p>Per trarre i benefici per la salute, potete :<\/p>\n<ol>\n<li>Diluire un cucchiaino in un bicchiere d'acqua o di succo di frutta e bere la miscela una volta al giorno.<\/li>\n<li>Incorporatelo nei frullati, negli yogurt o in altre preparazioni culinarie.<\/li>\n<li>Optate per gli integratori alimentari a base di questa polvere, disponibili in capsule o compresse.<\/li>\n<\/ol>\n<p>In breve, la polvere di perle \u00e8 un prodotto naturale con molteplici benefici per la nostra salute e bellezza. \u00c8 ricca di minerali e aminoacidi essenziali. \u00c8 un vero concentrato di vitalit\u00e0 e giovinezza per il nostro corpo. Non esitate quindi a farla entrare nella vostra routine quotidiana.<\/p>\n<p>Sia sotto forma di cosmetici che di integratori alimentari!<\/p>","protected":false},"excerpt":{"rendered":"<p><strong>Come si usa :<\/strong><\/p>\n<ol>\n<li>Mescolare una piccola quantit\u00e0 di polvere di perle con la crema idratante o il siero quotidiano e applicare questa miscela su viso e collo.<\/li>\n<li>Utilizzare una maschera per il viso a base di polvere di perle una o due volte alla settimana per un trattamento pi\u00f9 intensivo e mirato.<\/li>\n<li>Incorporate la polvere di perle nelle vostre ricette di cosmetici fatti in casa (scrub, maschere, lozioni, ecc.).<\/li>\n<\/ol>\n<p><img decoding=\"async\" class=\"size-full wp-image-5091 aligncenter\" src=\"https:\/\/www.safinel.fr\/wp-content\/uploads\/2021\/06\/BANNIERE-ICONE-SAFINEL.webp\" alt=\"riassicurazione satine\" width=\"800\" height=\"200\" srcset=\"https:\/\/www.safinel.fr\/wp-content\/uploads\/2021\/06\/BANNIERE-ICONE-SAFINEL.webp 800w, https:\/\/www.safinel.fr\/wp-content\/uploads\/2021\/06\/BANNIERE-ICONE-SAFINEL-600x150.webp 600w, https:\/\/www.safinel.fr\/wp-content\/uploads\/2021\/06\/BANNIERE-ICONE-SAFINEL-768x192.webp 768w\" sizes=\"(max-width: 800px) 100vw, 800px\" \/><\/p>","protected":false},"featured_media":6187,"template":"","meta":[],"product_brand":[],"product_cat":[41],"product_tag":[],"class_list":{"0":"post-6186","1":"product","2":"type-product","3":"status-publish","4":"has-post-thumbnail","6":"product_cat-produits-naturels-divers","8":"first","9":"instock","10":"shipping-taxable","11":"purchasable","12":"product-type-variable"},"yoast_head":"<!-- This site is optimized with the Yoast SEO plugin v26.6 - https:\/\/yoast.com\/wordpress\/plugins\/seo\/ -->\n<title>Poudre de perle I Un tr\u00e9sor de beaut\u00e9 aux bienfaits multiples<\/title>\n<meta name=\"description\" content=\"D\u00e9couvrez la poudre de perle, un ingr\u00e9dient naturel pr\u00e9cieux utilis\u00e9 dans les soins de beaut\u00e9 pour ses propri\u00e9t\u00e9s r\u00e9g\u00e9n\u00e9rantes et illuminatrices.\" \/>\n<meta name=\"robots\" content=\"index, follow, max-snippet:-1, max-image-preview:large, max-video-preview:-1\" \/>\n<link rel=\"canonical\" href=\"https:\/\/www.safinel.fr\/it\/prodotto\/polvere-di-perle\/\" \/>\n<meta property=\"og:locale\" content=\"it_IT\" \/>\n<meta property=\"og:type\" content=\"article\" \/>\n<meta property=\"og:title\" content=\"Poudre de perle I Un tr\u00e9sor de beaut\u00e9 aux bienfaits multiples\" \/>\n<meta property=\"og:description\" content=\"D\u00e9couvrez la poudre de perle, un ingr\u00e9dient naturel pr\u00e9cieux utilis\u00e9 dans les soins de beaut\u00e9 pour ses propri\u00e9t\u00e9s r\u00e9g\u00e9n\u00e9rantes et illuminatrices.\" \/>\n<meta property=\"og:url\" content=\"https:\/\/www.safinel.fr\/it\/prodotto\/polvere-di-perle\/\" \/>\n<meta property=\"og:site_name\" content=\"Safinel\" \/>\n<meta property=\"article:modified_time\" content=\"2026-01-14T09:48:51+00:00\" \/>\n<meta property=\"og:image\" content=\"https:\/\/www.safinel.fr\/wp-content\/uploads\/2023\/05\/poudre-de-perle.jpg\" \/>\n\t<meta property=\"og:image:width\" content=\"600\" \/>\n\t<meta property=\"og:image:height\" content=\"600\" \/>\n\t<meta property=\"og:image:type\" content=\"image\/jpeg\" \/>\n<meta name=\"twitter:card\" content=\"summary_large_image\" \/>\n<meta name=\"twitter:label1\" content=\"Tempo di lettura stimato\" \/>\n\t<meta name=\"twitter:data1\" content=\"4 minuti\" \/>\n<script type=\"application\/ld+json\" class=\"yoast-schema-graph\">{\"@context\":\"https:\/\/schema.org\",\"@graph\":[{\"@type\":\"WebPage\",\"@id\":\"https:\/\/www.safinel.fr\/produit\/poudre-de-perle\/\",\"url\":\"https:\/\/www.safinel.fr\/produit\/poudre-de-perle\/\",\"name\":\"Poudre de perle I Un tr\u00e9sor de beaut\u00e9 aux bienfaits multiples\",\"isPartOf\":{\"@id\":\"https:\/\/www.safinel.fr\/#website\"},\"primaryImageOfPage\":{\"@id\":\"https:\/\/www.safinel.fr\/produit\/poudre-de-perle\/#primaryimage\"},\"image\":{\"@id\":\"https:\/\/www.safinel.fr\/produit\/poudre-de-perle\/#primaryimage\"},\"thumbnailUrl\":\"https:\/\/www.safinel.fr\/wp-content\/uploads\/2023\/05\/poudre-de-perle.jpg\",\"datePublished\":\"2023-05-25T15:09:19+00:00\",\"dateModified\":\"2026-01-14T09:48:51+00:00\",\"description\":\"D\u00e9couvrez la poudre de perle, un ingr\u00e9dient naturel pr\u00e9cieux utilis\u00e9 dans les soins de beaut\u00e9 pour ses propri\u00e9t\u00e9s r\u00e9g\u00e9n\u00e9rantes et illuminatrices.\",\"breadcrumb\":{\"@id\":\"https:\/\/www.safinel.fr\/produit\/poudre-de-perle\/#breadcrumb\"},\"inLanguage\":\"it-IT\",\"potentialAction\":[{\"@type\":\"ReadAction\",\"target\":[\"https:\/\/www.safinel.fr\/produit\/poudre-de-perle\/\"]}]},{\"@type\":\"ImageObject\",\"inLanguage\":\"it-IT\",\"@id\":\"https:\/\/www.safinel.fr\/produit\/poudre-de-perle\/#primaryimage\",\"url\":\"https:\/\/www.safinel.fr\/wp-content\/uploads\/2023\/05\/poudre-de-perle.jpg\",\"contentUrl\":\"https:\/\/www.safinel.fr\/wp-content\/uploads\/2023\/05\/poudre-de-perle.jpg\",\"width\":600,\"height\":600},{\"@type\":\"BreadcrumbList\",\"@id\":\"https:\/\/www.safinel.fr\/produit\/poudre-de-perle\/#breadcrumb\",\"itemListElement\":[{\"@type\":\"ListItem\",\"position\":1,\"name\":\"Accueil\",\"item\":\"https:\/\/www.safinel.fr\/\"},{\"@type\":\"ListItem\",\"position\":2,\"name\":\"Boutique\",\"item\":\"https:\/\/www.safinel.fr\/boutique\/\"},{\"@type\":\"ListItem\",\"position\":3,\"name\":\"Poudre de perle\"}]},{\"@type\":\"WebSite\",\"@id\":\"https:\/\/www.safinel.fr\/#website\",\"url\":\"https:\/\/www.safinel.fr\/\",\"name\":\"Safinel\",\"description\":\"\",\"publisher\":{\"@id\":\"https:\/\/www.safinel.fr\/#organization\"},\"potentialAction\":[{\"@type\":\"SearchAction\",\"target\":{\"@type\":\"EntryPoint\",\"urlTemplate\":\"https:\/\/www.safinel.fr\/?s={search_term_string}\"},\"query-input\":{\"@type\":\"PropertyValueSpecification\",\"valueRequired\":true,\"valueName\":\"search_term_string\"}}],\"inLanguage\":\"it-IT\"},{\"@type\":\"Organization\",\"@id\":\"https:\/\/www.safinel.fr\/#organization\",\"name\":\"Safinel\",\"url\":\"https:\/\/www.safinel.fr\/\",\"logo\":{\"@type\":\"ImageObject\",\"inLanguage\":\"it-IT\",\"@id\":\"https:\/\/www.safinel.fr\/#\/schema\/logo\/image\/\",\"url\":\"https:\/\/www.safinel.fr\/wp-content\/uploads\/2021\/05\/boutique-cosmetique.png\",\"contentUrl\":\"https:\/\/www.safinel.fr\/wp-content\/uploads\/2021\/05\/boutique-cosmetique.png\",\"width\":800,\"height\":200,\"caption\":\"Safinel\"},\"image\":{\"@id\":\"https:\/\/www.safinel.fr\/#\/schema\/logo\/image\/\"}}]}<\/script>\n<!-- \/ Yoast SEO plugin. -->","yoast_head_json":{"title":"Polvere di perle I Un tesoro di bellezza dai molteplici benefici","description":"Scoprite la polvere di perle, un prezioso ingrediente naturale utilizzato nei trattamenti di bellezza per le sue propriet\u00e0 rigeneranti e illuminanti.","robots":{"index":"index","follow":"follow","max-snippet":"max-snippet:-1","max-image-preview":"max-image-preview:large","max-video-preview":"max-video-preview:-1"},"canonical":"https:\/\/www.safinel.fr\/it\/prodotto\/polvere-di-perle\/","og_locale":"it_IT","og_type":"article","og_title":"Poudre de perle I Un tr\u00e9sor de beaut\u00e9 aux bienfaits multiples","og_description":"D\u00e9couvrez la poudre de perle, un ingr\u00e9dient naturel pr\u00e9cieux utilis\u00e9 dans les soins de beaut\u00e9 pour ses propri\u00e9t\u00e9s r\u00e9g\u00e9n\u00e9rantes et illuminatrices.","og_url":"https:\/\/www.safinel.fr\/it\/prodotto\/polvere-di-perle\/","og_site_name":"Safinel","article_modified_time":"2026-01-14T09:48:51+00:00","og_image":[{"width":600,"height":600,"url":"https:\/\/www.safinel.fr\/wp-content\/uploads\/2023\/05\/poudre-de-perle.jpg","type":"image\/jpeg"}],"twitter_card":"summary_large_image","twitter_misc":{"Tempo di lettura stimato":"4 minuti"},"schema":{"@context":"https:\/\/schema.org","@graph":[{"@type":"WebPage","@id":"https:\/\/www.safinel.fr\/produit\/poudre-de-perle\/","url":"https:\/\/www.safinel.fr\/produit\/poudre-de-perle\/","name":"Polvere di perle I Un tesoro di bellezza dai molteplici benefici","isPartOf":{"@id":"https:\/\/www.safinel.fr\/#website"},"primaryImageOfPage":{"@id":"https:\/\/www.safinel.fr\/produit\/poudre-de-perle\/#primaryimage"},"image":{"@id":"https:\/\/www.safinel.fr\/produit\/poudre-de-perle\/#primaryimage"},"thumbnailUrl":"https:\/\/www.safinel.fr\/wp-content\/uploads\/2023\/05\/poudre-de-perle.jpg","datePublished":"2023-05-25T15:09:19+00:00","dateModified":"2026-01-14T09:48:51+00:00","description":"Scoprite la polvere di perle, un prezioso ingrediente naturale utilizzato nei trattamenti di bellezza per le sue propriet\u00e0 rigeneranti e illuminanti.","breadcrumb":{"@id":"https:\/\/www.safinel.fr\/produit\/poudre-de-perle\/#breadcrumb"},"inLanguage":"it-IT","potentialAction":[{"@type":"ReadAction","target":["https:\/\/www.safinel.fr\/produit\/poudre-de-perle\/"]}]},{"@type":"ImageObject","inLanguage":"it-IT","@id":"https:\/\/www.safinel.fr\/produit\/poudre-de-perle\/#primaryimage","url":"https:\/\/www.safinel.fr\/wp-content\/uploads\/2023\/05\/poudre-de-perle.jpg","contentUrl":"https:\/\/www.safinel.fr\/wp-content\/uploads\/2023\/05\/poudre-de-perle.jpg","width":600,"height":600},{"@type":"BreadcrumbList","@id":"https:\/\/www.safinel.fr\/produit\/poudre-de-perle\/#breadcrumb","itemListElement":[{"@type":"ListItem","position":1,"name":"Accueil","item":"https:\/\/www.safinel.fr\/"},{"@type":"ListItem","position":2,"name":"Boutique","item":"https:\/\/www.safinel.fr\/boutique\/"},{"@type":"ListItem","position":3,"name":"Poudre de perle"}]},{"@type":"WebSite","@id":"https:\/\/www.safinel.fr\/#website","url":"https:\/\/www.safinel.fr\/","name":"Safinel","description":"","publisher":{"@id":"https:\/\/www.safinel.fr\/#organization"},"potentialAction":[{"@type":"SearchAction","target":{"@type":"EntryPoint","urlTemplate":"https:\/\/www.safinel.fr\/?s={search_term_string}"},"query-input":{"@type":"PropertyValueSpecification","valueRequired":true,"valueName":"search_term_string"}}],"inLanguage":"it-IT"},{"@type":"Organization","@id":"https:\/\/www.safinel.fr\/#organization","name":"Safinel","url":"https:\/\/www.safinel.fr\/","logo":{"@type":"ImageObject","inLanguage":"it-IT","@id":"https:\/\/www.safinel.fr\/#\/schema\/logo\/image\/","url":"https:\/\/www.safinel.fr\/wp-content\/uploads\/2021\/05\/boutique-cosmetique.png","contentUrl":"https:\/\/www.safinel.fr\/wp-content\/uploads\/2021\/05\/boutique-cosmetique.png","width":800,"height":200,"caption":"Safinel"},"image":{"@id":"https:\/\/www.safinel.fr\/#\/schema\/logo\/image\/"}}]}},"_links":{"self":[{"href":"https:\/\/www.safinel.fr\/it\/wp-json\/wp\/v2\/product\/6186","targetHints":{"allow":["GET"]}}],"collection":[{"href":"https:\/\/www.safinel.fr\/it\/wp-json\/wp\/v2\/product"}],"about":[{"href":"https:\/\/www.safinel.fr\/it\/wp-json\/wp\/v2\/types\/product"}],"wp:featuredmedia":[{"embeddable":true,"href":"https:\/\/www.safinel.fr\/it\/wp-json\/wp\/v2\/media\/6187"}],"wp:attachment":[{"href":"https:\/\/www.safinel.fr\/it\/wp-json\/wp\/v2\/media?parent=6186"}],"wp:term":[{"taxonomy":"product_brand","embeddable":true,"href":"https:\/\/www.safinel.fr\/it\/wp-json\/wp\/v2\/product_brand?post=6186"},{"taxonomy":"product_cat","embeddable":true,"href":"https:\/\/www.safinel.fr\/it\/wp-json\/wp\/v2\/product_cat?post=6186"},{"taxonomy":"product_tag","embeddable":true,"href":"https:\/\/www.safinel.fr\/it\/wp-json\/wp\/v2\/product_tag?post=6186"}],"curies":[{"name":"wp","href":"https:\/\/api.w.org\/{rel}","templated":true}]}}