{"id":6170,"date":"2023-05-24T18:14:00","date_gmt":"2023-05-24T18:14:00","guid":{"rendered":"https:\/\/www.safinel.fr\/?post_type=product&#038;p=6170"},"modified":"2025-11-19T11:17:40","modified_gmt":"2025-11-19T11:17:40","slug":"zoomax-toccami","status":"publish","type":"product","link":"https:\/\/www.safinel.fr\/it\/prodotto\/zoomax-toccami\/","title":{"rendered":"Zoomax Touch Me (3 x 10 compresse)"},"content":{"rendered":"<p>Nella societ\u00e0 odierna, l'aspetto \u00e8 diventato una parte essenziale della vita quotidiana. Per soddisfare questa esigenza, sono stati sviluppati diversi prodotti che aiutano le donne a ottenere curve pi\u00f9 generose. Tra questi prodotti vi sono le capsule Zoomax Touch Me, appositamente studiate per\u00a0<strong>ingrandire fianchi, glutei e torace<\/strong>\u00a0naturalmente e senza rischi per la salute.<\/p>\n<h2><strong>Che cos'\u00e8 Zoomax Touch Me?<\/strong><\/h2>\n<p>Zoomax Touch Me \u00e8 una gamma di <strong>compresse naturali<\/strong>\u00a0che consente alle donne di ottenere risultati visibili sulla propria figura in poche settimane. Queste capsule sono composte da ingredienti naturali accuratamente selezionati per aiutare ad aumentare le dimensioni di fianchi, glutei e seno, rispettando l'equilibrio naturale del corpo. A differenza dei metodi chirurgici o delle iniezioni ormonali, Zoomax Touch Me offre una soluzione delicata e priva di rischi per la salute.<\/p>\n<h2><strong>I vantaggi delle capsule Zoomax Touch Me<\/strong><\/h2>\n<ul>\n<li><strong>Una composizione naturale 100%<\/strong><\/li>\n<\/ul>\n<p>Il vantaggio principale di queste compresse \u00e8 la loro composizione completamente naturale. Sono formulate con piante ed estratti vegetali. Noti per le loro propriet\u00e0 benefiche sulla pelle e sui tessuti. Utilizzando queste capsule, si evitano i rischi associati ai prodotti chimici e alle procedure chirurgiche.<\/p>\n<ul>\n<li><strong>Risultati rapidamente visibili<\/strong><\/li>\n<\/ul>\n<p>Promette risultati rapidi e visibili sulla figura. In effetti, i primi miglioramenti si notano gi\u00e0 dopo poche settimane di uso regolare delle capsule. Le donne che hanno utilizzato questo prodotto riportano generalmente un\u00a0<strong>aumento delle dimensioni dei fianchi, dei glutei e del seno<\/strong>\u00a0dopo un solo mese di trattamento.<\/p>\n<ul>\n<li><strong>Una soluzione senza rischi per la salute<\/strong><\/li>\n<\/ul>\n<p>A differenza delle soluzioni chirurgiche o ormonali, le capsule Zoomax Touch Me non comportano alcun rischio per la salute. La loro composizione naturale garantisce che possano essere utilizzate senza effetti collaterali o complicazioni a lungo termine. Inoltre, il trattamento non \u00e8 invasivo e pu\u00f2 essere interrotto in qualsiasi momento senza conseguenze dannose per l'organismo.<\/p>\n<h2><strong>Come funzionano le capsule Zoomax Touch Me?<\/strong><\/h2>\n<p>Le capsule Zoomax Touch Me agiscono stimolando la crescita cellulare in aree mirate (<a href=\"https:\/\/www.safinel.fr\/it\/prodotto\/olio-di-fieno-greco\/\"><strong>fianchi, glutei e seni<\/strong><\/a>). I loro ingredienti naturali favoriscono\u00a0<strong>la produzione di collagene ed elastina<\/strong>, Queste due proteine sono essenziali per mantenere la compattezza e l'elasticit\u00e0 della pelle. Di conseguenza, con il passare del tempo, i tessuti diventano pi\u00f9 densi e voluminosi, dando vita a curve pi\u00f9 generose.<\/p>\n<ul>\n<li><strong>Il ruolo del collagene<\/strong><\/li>\n<\/ul>\n<p>Il collagene \u00e8 una proteina fibrosa che rappresenta circa il 30% delle proteine dell'organismo. \u00c8 essenziale per la coesione, l'elasticit\u00e0 e la rigenerazione del tessuto cutaneo. Le capsule Zoomax Touch Me contengono ingredienti naturali che favoriscono la produzione di collagene. Ci\u00f2 contribuisce a migliorare la compattezza e il volume di fianchi, glutei e seno.<\/p>\n<ul>\n<li><strong>L'azione dell'elastina<\/strong><\/li>\n<\/ul>\n<p>L'elastina \u00e8 un'altra proteina fibrosa presente nel tessuto connettivo della pelle. Conferisce alla pelle la capacit\u00e0 di deformarsi e di tornare alla sua forma originale, contribuendo alla sua elasticit\u00e0. Le capsule Zoomax Touch Me stimolano anche la sintesi di elastina, garantendo una pelle pi\u00f9 elastica e curve pi\u00f9 armoniose.<\/p>\n<h3><strong>Consigli per ottimizzare i risultati di questo prodotto<\/strong><\/h3>\n<p>Per ottenere risultati ancora migliori con le capsule Zoomax Touch Me, ecco alcuni consigli da seguire:<\/p>\n<ul>\n<li><strong>Adottare una dieta equilibrata<\/strong>\u00a0Scegliete frutta, verdura, proteine e grassi sani per fornire all'organismo i nutrienti necessari alla crescita dei tessuti.<\/li>\n<li><strong>Esercizio fisico regolare<\/strong>\u00a0Attivit\u00e0 fisiche: praticare attivit\u00e0 fisiche che facciano lavorare i muscoli dei fianchi, dei glutei e del torace. Come il nuoto, per rafforzare queste aree e favorirne lo sviluppo.<\/li>\n<li><strong>Massaggiare le aree interessate<\/strong>\u00a0Massaggiate regolarmente i fianchi, i glutei e il seno. Questo stimoler\u00e0 la circolazione sanguigna e faciliter\u00e0 l'azione delle capsule Zoomax Touch Me.<\/li>\n<\/ul>\n<p>Grazie a questi consigli e all'uso regolare delle capsule Zoomax Touch Me. Sarete presto in grado di ottenere risultati visibili e naturali per la vostra figura. Quindi non esitate pi\u00f9, affidatevi a Zoomax Touch Me per\u00a0<strong>Migliorate le vostre curve in tutta sicurezza<\/strong>.<\/p>","protected":false},"excerpt":{"rendered":"<p><strong>Immagine non contrattuale per non offendere la sensibilit\u00e0 dei bambini pi\u00f9 piccoli.<\/strong><\/p>\n<p><img decoding=\"async\" class=\"size-full wp-image-5091 aligncenter\" src=\"https:\/\/www.safinel.fr\/wp-content\/uploads\/2021\/06\/BANNIERE-ICONE-SAFINEL.webp\" alt=\"riassicurazione satine\" width=\"800\" height=\"200\" srcset=\"https:\/\/www.safinel.fr\/wp-content\/uploads\/2021\/06\/BANNIERE-ICONE-SAFINEL.webp 800w, https:\/\/www.safinel.fr\/wp-content\/uploads\/2021\/06\/BANNIERE-ICONE-SAFINEL-600x150.webp 600w, https:\/\/www.safinel.fr\/wp-content\/uploads\/2021\/06\/BANNIERE-ICONE-SAFINEL-768x192.webp 768w\" sizes=\"(max-width: 800px) 100vw, 800px\" \/><\/p>","protected":false},"featured_media":6171,"template":"","meta":[],"product_brand":[],"product_cat":[23],"product_tag":[],"class_list":{"0":"post-6170","1":"product","2":"type-product","3":"status-publish","4":"has-post-thumbnail","6":"product_cat-hygiene-feminine","8":"first","9":"outofstock","10":"shipping-taxable","11":"purchasable","12":"product-type-simple"},"yoast_head":"<!-- This site is optimized with the Yoast SEO plugin v26.6 - https:\/\/yoast.com\/wordpress\/plugins\/seo\/ -->\n<title>Zoomax Touch Me I Augmenter les hanches, fesses et la poitrine<\/title>\n<meta name=\"description\" content=\"Zoomax Touch Me est une gamme de tablettes\u00a0naturelles\u00a0qui permet aux femmes d&#039;obtenir des r\u00e9sultats visibles sur leur silhouette en quelques semaines.\" \/>\n<meta name=\"robots\" content=\"index, follow, max-snippet:-1, max-image-preview:large, max-video-preview:-1\" \/>\n<link rel=\"canonical\" href=\"https:\/\/www.safinel.fr\/it\/prodotto\/zoomax-toccami\/\" \/>\n<meta property=\"og:locale\" content=\"it_IT\" \/>\n<meta property=\"og:type\" content=\"article\" \/>\n<meta property=\"og:title\" content=\"Zoomax Touch Me I Augmenter les hanches, fesses et la poitrine\" \/>\n<meta property=\"og:description\" content=\"Zoomax Touch Me est une gamme de tablettes\u00a0naturelles\u00a0qui permet aux femmes d&#039;obtenir des r\u00e9sultats visibles sur leur silhouette en quelques semaines.\" \/>\n<meta property=\"og:url\" content=\"https:\/\/www.safinel.fr\/it\/prodotto\/zoomax-toccami\/\" \/>\n<meta property=\"og:site_name\" content=\"Safinel\" \/>\n<meta property=\"article:modified_time\" content=\"2025-11-19T11:17:40+00:00\" \/>\n<meta property=\"og:image\" content=\"https:\/\/www.safinel.fr\/wp-content\/uploads\/2023\/05\/zoomax-site.jpg\" \/>\n\t<meta property=\"og:image:width\" content=\"600\" \/>\n\t<meta property=\"og:image:height\" content=\"600\" \/>\n\t<meta property=\"og:image:type\" content=\"image\/jpeg\" \/>\n<meta name=\"twitter:card\" content=\"summary_large_image\" \/>\n<meta name=\"twitter:label1\" content=\"Tempo di lettura stimato\" \/>\n\t<meta name=\"twitter:data1\" content=\"4 minuti\" \/>\n<script type=\"application\/ld+json\" class=\"yoast-schema-graph\">{\"@context\":\"https:\/\/schema.org\",\"@graph\":[{\"@type\":\"WebPage\",\"@id\":\"https:\/\/www.safinel.fr\/produit\/zoomax-touch-me\/\",\"url\":\"https:\/\/www.safinel.fr\/produit\/zoomax-touch-me\/\",\"name\":\"Zoomax Touch Me I Augmenter les hanches, fesses et la poitrine\",\"isPartOf\":{\"@id\":\"https:\/\/www.safinel.fr\/#website\"},\"primaryImageOfPage\":{\"@id\":\"https:\/\/www.safinel.fr\/produit\/zoomax-touch-me\/#primaryimage\"},\"image\":{\"@id\":\"https:\/\/www.safinel.fr\/produit\/zoomax-touch-me\/#primaryimage\"},\"thumbnailUrl\":\"https:\/\/www.safinel.fr\/wp-content\/uploads\/2023\/05\/zoomax-site.jpg\",\"datePublished\":\"2023-05-24T18:14:00+00:00\",\"dateModified\":\"2025-11-19T11:17:40+00:00\",\"description\":\"Zoomax Touch Me est une gamme de tablettes\u00a0naturelles\u00a0qui permet aux femmes d'obtenir des r\u00e9sultats visibles sur leur silhouette en quelques semaines.\",\"breadcrumb\":{\"@id\":\"https:\/\/www.safinel.fr\/produit\/zoomax-touch-me\/#breadcrumb\"},\"inLanguage\":\"it-IT\",\"potentialAction\":[{\"@type\":\"ReadAction\",\"target\":[\"https:\/\/www.safinel.fr\/produit\/zoomax-touch-me\/\"]}]},{\"@type\":\"ImageObject\",\"inLanguage\":\"it-IT\",\"@id\":\"https:\/\/www.safinel.fr\/produit\/zoomax-touch-me\/#primaryimage\",\"url\":\"https:\/\/www.safinel.fr\/wp-content\/uploads\/2023\/05\/zoomax-site.jpg\",\"contentUrl\":\"https:\/\/www.safinel.fr\/wp-content\/uploads\/2023\/05\/zoomax-site.jpg\",\"width\":600,\"height\":600,\"caption\":\"Zoomax Touch Me\"},{\"@type\":\"BreadcrumbList\",\"@id\":\"https:\/\/www.safinel.fr\/produit\/zoomax-touch-me\/#breadcrumb\",\"itemListElement\":[{\"@type\":\"ListItem\",\"position\":1,\"name\":\"Accueil\",\"item\":\"https:\/\/www.safinel.fr\/\"},{\"@type\":\"ListItem\",\"position\":2,\"name\":\"Boutique\",\"item\":\"https:\/\/www.safinel.fr\/boutique\/\"},{\"@type\":\"ListItem\",\"position\":3,\"name\":\"Zoomax Touch Me (3 x 10 tablettes)\"}]},{\"@type\":\"WebSite\",\"@id\":\"https:\/\/www.safinel.fr\/#website\",\"url\":\"https:\/\/www.safinel.fr\/\",\"name\":\"Safinel\",\"description\":\"\",\"publisher\":{\"@id\":\"https:\/\/www.safinel.fr\/#organization\"},\"potentialAction\":[{\"@type\":\"SearchAction\",\"target\":{\"@type\":\"EntryPoint\",\"urlTemplate\":\"https:\/\/www.safinel.fr\/?s={search_term_string}\"},\"query-input\":{\"@type\":\"PropertyValueSpecification\",\"valueRequired\":true,\"valueName\":\"search_term_string\"}}],\"inLanguage\":\"it-IT\"},{\"@type\":\"Organization\",\"@id\":\"https:\/\/www.safinel.fr\/#organization\",\"name\":\"Safinel\",\"url\":\"https:\/\/www.safinel.fr\/\",\"logo\":{\"@type\":\"ImageObject\",\"inLanguage\":\"it-IT\",\"@id\":\"https:\/\/www.safinel.fr\/#\/schema\/logo\/image\/\",\"url\":\"https:\/\/www.safinel.fr\/wp-content\/uploads\/2021\/05\/boutique-cosmetique.png\",\"contentUrl\":\"https:\/\/www.safinel.fr\/wp-content\/uploads\/2021\/05\/boutique-cosmetique.png\",\"width\":800,\"height\":200,\"caption\":\"Safinel\"},\"image\":{\"@id\":\"https:\/\/www.safinel.fr\/#\/schema\/logo\/image\/\"}}]}<\/script>\n<!-- \/ Yoast SEO plugin. -->","yoast_head_json":{"title":"Zoomax Touch Me I Migliora fianchi, glutei e seni","description":"Zoomax Touch Me \u00e8 una gamma di compresse naturali che consente alle donne di ottenere risultati visibili sulla propria figura in poche settimane.","robots":{"index":"index","follow":"follow","max-snippet":"max-snippet:-1","max-image-preview":"max-image-preview:large","max-video-preview":"max-video-preview:-1"},"canonical":"https:\/\/www.safinel.fr\/it\/prodotto\/zoomax-toccami\/","og_locale":"it_IT","og_type":"article","og_title":"Zoomax Touch Me I Augmenter les hanches, fesses et la poitrine","og_description":"Zoomax Touch Me est une gamme de tablettes\u00a0naturelles\u00a0qui permet aux femmes d'obtenir des r\u00e9sultats visibles sur leur silhouette en quelques semaines.","og_url":"https:\/\/www.safinel.fr\/it\/prodotto\/zoomax-toccami\/","og_site_name":"Safinel","article_modified_time":"2025-11-19T11:17:40+00:00","og_image":[{"width":600,"height":600,"url":"https:\/\/www.safinel.fr\/wp-content\/uploads\/2023\/05\/zoomax-site.jpg","type":"image\/jpeg"}],"twitter_card":"summary_large_image","twitter_misc":{"Tempo di lettura stimato":"4 minuti"},"schema":{"@context":"https:\/\/schema.org","@graph":[{"@type":"WebPage","@id":"https:\/\/www.safinel.fr\/produit\/zoomax-touch-me\/","url":"https:\/\/www.safinel.fr\/produit\/zoomax-touch-me\/","name":"Zoomax Touch Me I Migliora fianchi, glutei e seni","isPartOf":{"@id":"https:\/\/www.safinel.fr\/#website"},"primaryImageOfPage":{"@id":"https:\/\/www.safinel.fr\/produit\/zoomax-touch-me\/#primaryimage"},"image":{"@id":"https:\/\/www.safinel.fr\/produit\/zoomax-touch-me\/#primaryimage"},"thumbnailUrl":"https:\/\/www.safinel.fr\/wp-content\/uploads\/2023\/05\/zoomax-site.jpg","datePublished":"2023-05-24T18:14:00+00:00","dateModified":"2025-11-19T11:17:40+00:00","description":"Zoomax Touch Me \u00e8 una gamma di compresse naturali che consente alle donne di ottenere risultati visibili sulla propria figura in poche settimane.","breadcrumb":{"@id":"https:\/\/www.safinel.fr\/produit\/zoomax-touch-me\/#breadcrumb"},"inLanguage":"it-IT","potentialAction":[{"@type":"ReadAction","target":["https:\/\/www.safinel.fr\/produit\/zoomax-touch-me\/"]}]},{"@type":"ImageObject","inLanguage":"it-IT","@id":"https:\/\/www.safinel.fr\/produit\/zoomax-touch-me\/#primaryimage","url":"https:\/\/www.safinel.fr\/wp-content\/uploads\/2023\/05\/zoomax-site.jpg","contentUrl":"https:\/\/www.safinel.fr\/wp-content\/uploads\/2023\/05\/zoomax-site.jpg","width":600,"height":600,"caption":"Zoomax Touch Me"},{"@type":"BreadcrumbList","@id":"https:\/\/www.safinel.fr\/produit\/zoomax-touch-me\/#breadcrumb","itemListElement":[{"@type":"ListItem","position":1,"name":"Accueil","item":"https:\/\/www.safinel.fr\/"},{"@type":"ListItem","position":2,"name":"Boutique","item":"https:\/\/www.safinel.fr\/boutique\/"},{"@type":"ListItem","position":3,"name":"Zoomax Touch Me (3 x 10 tablettes)"}]},{"@type":"WebSite","@id":"https:\/\/www.safinel.fr\/#website","url":"https:\/\/www.safinel.fr\/","name":"Safinel","description":"","publisher":{"@id":"https:\/\/www.safinel.fr\/#organization"},"potentialAction":[{"@type":"SearchAction","target":{"@type":"EntryPoint","urlTemplate":"https:\/\/www.safinel.fr\/?s={search_term_string}"},"query-input":{"@type":"PropertyValueSpecification","valueRequired":true,"valueName":"search_term_string"}}],"inLanguage":"it-IT"},{"@type":"Organization","@id":"https:\/\/www.safinel.fr\/#organization","name":"Safinel","url":"https:\/\/www.safinel.fr\/","logo":{"@type":"ImageObject","inLanguage":"it-IT","@id":"https:\/\/www.safinel.fr\/#\/schema\/logo\/image\/","url":"https:\/\/www.safinel.fr\/wp-content\/uploads\/2021\/05\/boutique-cosmetique.png","contentUrl":"https:\/\/www.safinel.fr\/wp-content\/uploads\/2021\/05\/boutique-cosmetique.png","width":800,"height":200,"caption":"Safinel"},"image":{"@id":"https:\/\/www.safinel.fr\/#\/schema\/logo\/image\/"}}]}},"_links":{"self":[{"href":"https:\/\/www.safinel.fr\/it\/wp-json\/wp\/v2\/product\/6170","targetHints":{"allow":["GET"]}}],"collection":[{"href":"https:\/\/www.safinel.fr\/it\/wp-json\/wp\/v2\/product"}],"about":[{"href":"https:\/\/www.safinel.fr\/it\/wp-json\/wp\/v2\/types\/product"}],"wp:featuredmedia":[{"embeddable":true,"href":"https:\/\/www.safinel.fr\/it\/wp-json\/wp\/v2\/media\/6171"}],"wp:attachment":[{"href":"https:\/\/www.safinel.fr\/it\/wp-json\/wp\/v2\/media?parent=6170"}],"wp:term":[{"taxonomy":"product_brand","embeddable":true,"href":"https:\/\/www.safinel.fr\/it\/wp-json\/wp\/v2\/product_brand?post=6170"},{"taxonomy":"product_cat","embeddable":true,"href":"https:\/\/www.safinel.fr\/it\/wp-json\/wp\/v2\/product_cat?post=6170"},{"taxonomy":"product_tag","embeddable":true,"href":"https:\/\/www.safinel.fr\/it\/wp-json\/wp\/v2\/product_tag?post=6170"}],"curies":[{"name":"wp","href":"https:\/\/api.w.org\/{rel}","templated":true}]}}